{"id":15578,"date":"2025-01-19T14:42:24","date_gmt":"2025-01-19T14:42:24","guid":{"rendered":"https:\/\/www.hydraulic-cylinders.net\/product\/bucket-cylinder-for-liugong-middle-excavator-clg925d-925e\/"},"modified":"2025-01-19T14:42:26","modified_gmt":"2025-01-19T14:42:26","slug":"bucket-cylinder-for-liugong-middle-excavator-clg925d-925e","status":"publish","type":"product","link":"https:\/\/www.hydraulic-cylinders.net\/pl\/produkt\/bucket-cylinder-for-liugong-middle-excavator-clg925d-925e\/","title":{"rendered":"Si\u0142ownik \u0142y\u017cki do koparki \u015bredniej Liugong CLG925D\/925E"},"content":{"rendered":"<h1>Si\u0142ownik \u0142y\u017cki do koparki \u015bredniej Liugong CLG925D\/925E<\/h1>\n<h2>Wst\u0119p<\/h2>\n<p>Si\u0142ownik \u0142y\u017cki to specjalnie zaprojektowany si\u0142ownik hydrauliczny, u\u017cywany g\u0142\u00f3wnie do sterowania ruchem \u0142y\u017cki w ci\u0119\u017ckich maszynach, takich jak koparki, koparko-\u0142adowarki i \u0142adowarki czo\u0142owe. Jego g\u0142\u00f3wn\u0105 funkcj\u0105 jest podnoszenie, opuszczanie i przechylanie \u0142y\u017cki, u\u0142atwiaj\u0105c wykonywanie r\u00f3\u017cnych zada\u0144 zwi\u0105zanych z prze\u0142adunkiem materia\u0142\u00f3w. W uk\u0142adzie hydraulicznym si\u0142ownik \u0142y\u017cki zapewnia precyzyjn\u0105 kontrol\u0119 nad \u0142y\u017ck\u0105 poprzez zmiany ci\u015bnienia oleju hydraulicznego, umo\u017cliwiaj\u0105c operatorom wydajne przenoszenie ci\u0119\u017ckich \u0142adunk\u00f3w, dostosowywanie si\u0119 do z\u0142o\u017conych warunk\u00f3w pracy i zr\u00f3\u017cnicowanych wymaga\u0144.<\/p>\n<p><img decoding=\"async\" src=\"https:\/\/www.hydraulic-cylinders.net\/wp-content\/uploads\/2025\/01\/songte-company-2.webp\" alt=\"Cylinder kube\u0142kowy\"><\/p>\n<h2>Cechy<\/h2>\n<ul>\n<li>\n<h3>Wysoka wytrzyma\u0142o\u015b\u0107 i trwa\u0142o\u015b\u0107:<\/h3>\n<p> Zazwyczaj wykonany z wysokowytrzyma\u0142ej stali lub aluminium, wytrzymuje wysokie ci\u015bnienie i du\u017ce obci\u0105\u017cenia, dostosowuj\u0105c si\u0119 do trudnych warunk\u00f3w pracy. Zosta\u0142 zaprojektowany z my\u015bl\u0105 o odporno\u015bci na zu\u017cycie i korozj\u0119, co wyd\u0142u\u017ca jego \u017cywotno\u015b\u0107.<\/li>\n<li>\n<h3>Wydajna praca uk\u0142adu hydraulicznego:<\/h3>\n<p> P\u0142ynne dzia\u0142anie teleskopowe uzyskano dzi\u0119ki zastosowaniu ci\u015bnienia oleju hydraulicznego, kt\u00f3re umo\u017cliwia szybk\u0105 reakcj\u0119 na polecenia steruj\u0105ce, zapewniaj\u0105c du\u017c\u0105 si\u0142\u0119 pchania i ci\u0105gni\u0119cia, odpowiedni\u0105 do przenoszenia ci\u0119\u017ckich \u0142adunk\u00f3w i skomplikowanych zada\u0144.<\/li>\n<li>\n<h3>R\u00f3\u017cne typy:<\/h3>\n<p> W zale\u017cno\u015bci od wymaga\u0144 eksploatacyjnych mo\u017cna dobra\u0107 si\u0142owniki jednostronnego dzia\u0142ania (hydraulika dzia\u0142a tylko w jednym kierunku) lub dwustronnego dzia\u0142ania (hydraulika dzia\u0142a w obu kierunkach). Niekt\u00f3re modele s\u0105 teleskopowe, co pozwala na wi\u0119ksze wysuni\u0119cie si\u0142ownika bez zwi\u0119kszania wymiar\u00f3w zewn\u0119trznych i jest odpowiednie do zastosowa\u0144 w ograniczonej przestrzeni.<\/li>\n<li>\n<h3>Nasza zdolno\u015b\u0107 do wytworzenia tego produktu:<\/h3>\n<p> Nasz produkt mo\u017ce doskonale zast\u0105pi\u0107 tego typu si\u0142owniki hydrauliczne.<\/li>\n<\/ul>\n<p><img decoding=\"async\" src=\"https:\/\/www.hydraulic-cylinders.net\/wp-content\/uploads\/2025\/01\/songte-cylinder-head-with-all-kinds-excavator-models.webp\" alt=\"Produkt\"><\/p>\n<h2>Aplikacje<\/h2>\n<p>Si\u0142ownik \u0142y\u017cki jest niezb\u0119dny do kopania, za\u0142adunku i przemieszczania gleby lub gruzu w sprz\u0119cie budowlanym, takim jak koparki i koparko-\u0142adowarki. Ponadto jest u\u017cywany w \u0142adowarkach czo\u0142owych do efektywnego podnoszenia i wysypywania materia\u0142\u00f3w. Poni\u017cej przedstawiono niekt\u00f3re z konkretnych zastosowa\u0144:<\/p>\n<ul>\n<li>\n<h3>Sprz\u0119t budowlany:<\/h3>\n<p> Si\u0142owniki \u0142y\u017cki s\u0105 niezb\u0119dne do kopania, za\u0142adunku i przemieszczania gleby lub gruzu w koparkach i koparko-\u0142adowarkach. Si\u0142ownik \u0142y\u017cki u\u0142atwia zar\u00f3wno kopanie, jak i podnoszenie w koparko-\u0142adowarkach.<\/li>\n<li>\n<h3>Maszyny rolnicze:<\/h3>\n<p> Stosowany w \u0142adowarkach czo\u0142owych do podnoszenia i transportu ziemi, siana i innych materia\u0142\u00f3w.<\/li>\n<li>\n<h3>Koparki:<\/h3>\n<p> Si\u0142ownik \u0142y\u017cki umo\u017cliwia kopanie poprzez umo\u017cliwienie \u0142y\u017cce zag\u0142\u0119biania si\u0119 w gleb\u0119.<\/li>\n<li>\n<h3>\u0141adowarki czo\u0142owe:<\/h3>\n<p> Pomagaj\u0105 skutecznie podnosi\u0107 i przechyla\u0107 \u0142adunki.<\/li>\n<\/ul>\n<h2>Zagadnienia projektowe i kryteria wyboru<\/h2>\n<h3>Zagadnienia projektowe:<\/h3>\n<ul>\n<li>\n<h4>No\u015bno\u015b\u0107:<\/h4>\n<p> Si\u0142ownik czerpaka powinien by\u0107 w stanie wytrzyma\u0107 wymagany ud\u017awig bez awarii.<\/li>\n<li>\n<h4>Opiecz\u0119towanie:<\/h4>\n<p> Cylinder powinien by\u0107 odpowiednio uszczelniony, aby zapobiec wyciekowi p\u0142ynu hydraulicznego.<\/li>\n<li>\n<h4>Trwa\u0142o\u015b\u0107:<\/h4>\n<p> Cylinder powinien by\u0107 zaprojektowany tak, aby wytrzyma\u0142 trudne warunki pracy i by\u0142 odporny na zu\u017cycie i korozj\u0119.<\/li>\n<li>\n<h4>Bezpiecze\u0144stwo:<\/h4>\n<p> Cylinder powinien by\u0107 zaprojektowany w spos\u00f3b zapewniaj\u0105cy bezpiecze\u0144stwo operatora i otoczenia.<\/li>\n<li>\n<h4>Konserwacja:<\/h4>\n<p> Cylinder powinien by\u0107 zaprojektowany w spos\u00f3b umo\u017cliwiaj\u0105cy \u0142atw\u0105 konserwacj\u0119 i napraw\u0119.<\/li>\n<\/ul>\n<p><img decoding=\"async\" src=\"https:\/\/www.hydraulic-cylinders.net\/wp-content\/uploads\/2025\/01\/songte-oil-pipes-and-spare-parts.webp\" alt=\"Produkty\"><\/p>\n<h3>Uszczelnianie i smarowanie:<\/h3>\n<p>R\u00f3\u017cne elementy uszczelniaj\u0105ce, takie jak uszczelnienia t\u0142oczysk i t\u0142oczysk, zapobiegaj\u0105 wyciekom p\u0142ynu hydraulicznego. Uszczelnienia wykonane s\u0105 z materia\u0142\u00f3w odpornych na zu\u017cycie, takich jak poliuretan i kauczuk nitrylowy. Korpus cylindra i gwintowana powierzchnia ko\u0144cowa s\u0105 precyzyjnie obrobione, aby zwi\u0119kszy\u0107 odporno\u015b\u0107 na zu\u017cycie. Aby zapewni\u0107 prawid\u0142owe dzia\u0142anie, wymagane jest regularne smarowanie odpowiednim olejem hydraulicznym.<\/p>\n<h3>Konserwacja i naprawa:<\/h3>\n<p>Regularne przegl\u0105dy, odpowiednie smarowanie, wymiana uszczelek i kalibracja to tylko niekt\u00f3re z typowych czynno\u015bci konserwacyjnych. Prawid\u0142owy monta\u017c, smarowanie i regulacja maj\u0105 kluczowe znaczenie dla wyd\u0142u\u017cenia \u017cywotno\u015bci si\u0142ownika czerpakowego. Prawid\u0142owe ustawienie si\u0142ownika jest istotne podczas monta\u017cu, a do jego zabezpieczenia nale\u017cy u\u017cy\u0107 odpowiednich wspornik\u00f3w monta\u017cowych. Zalecane procedury kontroli, naprawy i wymiany, wymiana cz\u0119\u015bci oraz us\u0142ugi regeneracji s\u0142u\u017c\u0105 wyd\u0142u\u017ceniu \u017cywotno\u015bci si\u0142ownika.<\/p>\n<p><img decoding=\"async\" src=\"https:\/\/www.hydraulic-cylinders.net\/wp-content\/uploads\/2025\/01\/songte-chushion-collar.webp\" alt=\"Produkty\"><\/p>\n<h2>Zagadnienia bezpiecze\u0144stwa i czynniki \u015brodowiskowe<\/h2>\n<p>Cylindry czerpakowe musz\u0105 by\u0107 obs\u0142ugiwane bezpiecznie, a podczas ich u\u017cytkowania nale\u017cy podj\u0105\u0107 odpowiednie \u015brodki bezpiecze\u0144stwa. Obejmuje to przestrzeganie wytycznych bezpiecze\u0144stwa, takich jak noszenie osobistego sprz\u0119tu ochronnego i zapewnienie dobrego stanu technicznego sprz\u0119tu hydraulicznego. Podczas obs\u0142ugi cylindr\u00f3w czerpakowych nale\u017cy r\u00f3wnie\u017c uwzgl\u0119dni\u0107 czynniki \u015brodowiskowe, takie jak temperatura, wilgotno\u015b\u0107 i korozja.<\/p>\n<h2>Rozwi\u0105zywanie problem\u00f3w i typowe problemy<\/h2>\n<p>Poni\u017cej przedstawiono kilka typowych problem\u00f3w, kt\u00f3re mog\u0105 wyst\u0105pi\u0107 podczas u\u017cytkowania cylindr\u00f3w kube\u0142kowych:<\/p>\n<ul>\n<li>\n<h3>Wyciek p\u0142ynu hydraulicznego:<\/h3>\n<p> Mo\u017ce to by\u0107 spowodowane zu\u017cyciem uszczelek lub innych podzespo\u0142\u00f3w.<\/li>\n<li>\n<h3>Nieprawid\u0142owe dzia\u0142anie cylindra:<\/h3>\n<p> Cylinder mo\u017ce nie dzia\u0142a\u0107 prawid\u0142owo z r\u00f3\u017cnych powod\u00f3w, np. z powodu obni\u017conego ci\u015bnienia hydraulicznego lub uszkodzonego t\u0142oka.<\/li>\n<li>\n<h3>Ha\u0142as i wibracje:<\/h3>\n<p> Mo\u017ce to by\u0107 spowodowane nieprawid\u0142ow\u0105 instalacj\u0105, zu\u017cyciem podzespo\u0142\u00f3w lub zanieczyszczeniem p\u0142ynu hydraulicznego.<\/li>\n<\/ul>\n<p>Prawid\u0142owa inspekcja i konserwacja zapobiegawcza mog\u0105 pom\u00f3c w identyfikacji i zapobieganiu tym problemom. W przypadku wykrycia problemu nale\u017cy podj\u0105\u0107 odpowiednie dzia\u0142ania naprawcze i diagnostyczne w celu jego rozwi\u0105zania.<\/p>\n<p><img decoding=\"async\" src=\"https:\/\/www.hydraulic-cylinders.net\/wp-content\/uploads\/2025\/01\/songte-bushings-with-all-kinds-of-excavator-models.webp\" alt=\"Produkty\"><\/p>\n<h2>O naszej firmie<\/h2>\n<p>Jeste\u015bmy producentem cylindr\u00f3w hydraulicznych, a nasza oferta jest kompleksowa. Jeste\u015bmy jednym z wiod\u0105cych producent\u00f3w i hurtowych dystrybutor\u00f3w cylindr\u00f3w hydraulicznych na rynku krajowym i mi\u0119dzynarodowym. Kierujemy si\u0119 strategi\u0105 doskona\u0142ej jako\u015bci i opieramy si\u0119 na przemys\u0142owym zarz\u0105dzaniu produkcj\u0105 w zaawansowanych warsztatach produkcyjnych. Nasza firma stale udoskonala platform\u0119 produkcyjn\u0105 warsztatu, wykorzystuj\u0105c talenty techniczne, cyfrowy sprz\u0119t produkcyjny wysokiej klasy i profesjonalne systemy testowe, doskonal\u0105c jako\u015b\u0107 linii produkcyjnej i dysponuj\u0105c silnym potencja\u0142em kreatywnym. Zapewniamy naszym klientom wysok\u0105 wydajno\u015b\u0107, precyzj\u0119 i wysok\u0105 jako\u015b\u0107 produkt\u00f3w, aby sprosta\u0107 ich zr\u00f3\u017cnicowanym potrzebom.<\/p>\n<p><img decoding=\"async\" src=\"https:\/\/hzpt.com\/wp-content\/uploads\/2024\/11\/songte-company-1.webp\" alt=\"Firma\"><\/p>\n<h3>Profesjonalizm:<\/h3>\n<p>Nasza firma zatrudnia zesp\u00f3\u0142 do\u015bwiadczonych specjalist\u00f3w, ekspert\u00f3w w swoich dziedzinach. Zapewniamy naszym klientom wysokiej klasy us\u0142ugi techniczne i wsparcie, aby spe\u0142ni\u0107 ich potrzeby.<\/p>\n<h3>Certyfikacja mi\u0119dzynarodowa:<\/h3>\n<p>Nasze produkty posiadaj\u0105 certyfikaty mi\u0119dzynarodowych organizacji kontroli jako\u015bci, takich jak ISO i CE, co gwarantuje wysoki poziom zabezpiecze\u0144 i jako\u015bci.<\/p>\n<h3>Us\u0142ugi dostosowywania:<\/h3>\n<p>Dostarczamy naszym klientom dostosowane do ich potrzeb si\u0142owniki hydrauliczne i wspieramy ich, zapewniaj\u0105c doradztwo techniczne i pomoc na ka\u017cdym etapie procesu.<\/p>\n<h3>Sprz\u0119t produkcyjny:<\/h3>\n<p>Nasza firma dysponuje szerok\u0105 gam\u0105 zaawansowanego sprz\u0119tu produkcyjnego, obejmuj\u0105cego m.in. tokarki CNC, centra obr\u00f3bcze i urz\u0105dzenia testowe.<\/p>\n<h3>Serwis posprzeda\u017cowy:<\/h3>\n<p>Zapewniamy naszym klientom serwis i wsparcie posprzeda\u017cowe, aby zagwarantowa\u0107 im pe\u0142n\u0105 satysfakcj\u0119 z naszych produkt\u00f3w.<\/p>\n<p><img decoding=\"async\" src=\"https:\/\/www.hydraulic-cylinders.net\/wp-content\/uploads\/2025\/01\/songte-company-3.webp\" alt=\"Firma\"><\/p>\n<h2>Autor: lyl<\/h2>","protected":false},"excerpt":{"rendered":"<p>Bucket Cylinder for Liugong Middle Excavator CLG925D\/925E Introduction The bucket cylinder is a specially designed hydraulic cylinder primarily used to control the movement of the bucket in heavy machinery such as excavators, backhoe loaders, and front-end loaders. Its main function is to enable the bucket to lift, lower, and tilt, making it easier to perform [&hellip;]<\/p>","protected":false},"featured_media":14769,"comment_status":"open","ping_status":"closed","template":"","meta":{"_et_pb_use_builder":"","_et_pb_old_content":"","_et_gb_content_width":""},"product_brand":[],"product_cat":[1494],"product_tag":[1495,1496],"class_list":{"0":"post-15578","1":"product","2":"type-product","3":"status-publish","4":"has-post-thumbnail","6":"product_cat-bucket-cylinders","7":"product_tag-bucket-cylinders","8":"product_tag-hydraulic-cylinders","10":"first","11":"instock","12":"shipping-taxable","13":"product-type-simple"},"amp_enabled":true,"_links":{"self":[{"href":"https:\/\/www.hydraulic-cylinders.net\/pl\/wp-json\/wp\/v2\/product\/15578","targetHints":{"allow":["GET"]}}],"collection":[{"href":"https:\/\/www.hydraulic-cylinders.net\/pl\/wp-json\/wp\/v2\/product"}],"about":[{"href":"https:\/\/www.hydraulic-cylinders.net\/pl\/wp-json\/wp\/v2\/types\/product"}],"replies":[{"embeddable":true,"href":"https:\/\/www.hydraulic-cylinders.net\/pl\/wp-json\/wp\/v2\/comments?post=15578"}],"wp:featuredmedia":[{"embeddable":true,"href":"https:\/\/www.hydraulic-cylinders.net\/pl\/wp-json\/wp\/v2\/media\/14769"}],"wp:attachment":[{"href":"https:\/\/www.hydraulic-cylinders.net\/pl\/wp-json\/wp\/v2\/media?parent=15578"}],"wp:term":[{"taxonomy":"product_brand","embeddable":true,"href":"https:\/\/www.hydraulic-cylinders.net\/pl\/wp-json\/wp\/v2\/product_brand?post=15578"},{"taxonomy":"product_cat","embeddable":true,"href":"https:\/\/www.hydraulic-cylinders.net\/pl\/wp-json\/wp\/v2\/product_cat?post=15578"},{"taxonomy":"product_tag","embeddable":true,"href":"https:\/\/www.hydraulic-cylinders.net\/pl\/wp-json\/wp\/v2\/product_tag?post=15578"}],"curies":[{"name":"wp","href":"https:\/\/api.w.org\/{rel}","templated":true}]}}