{"id":15581,"date":"2025-01-19T14:42:36","date_gmt":"2025-01-19T14:42:36","guid":{"rendered":"https:\/\/www.hydraulic-cylinders.net\/product\/bucket-cylinder-for-liugong-middle-excavator-clg230\/"},"modified":"2025-01-19T14:42:38","modified_gmt":"2025-01-19T14:42:38","slug":"bucket-cylinder-for-liugong-middle-excavator-clg230","status":"publish","type":"product","link":"https:\/\/www.hydraulic-cylinders.net\/pl\/produkt\/bucket-cylinder-for-liugong-middle-excavator-clg230\/","title":{"rendered":"Si\u0142ownik \u0142y\u017cki do koparki \u015bredniej Liugong CLG230"},"content":{"rendered":"<h1>Si\u0142ownik \u0142y\u017cki do koparki \u015bredniej Liugong CLG230<\/h1>\n<h2>Wst\u0119p<\/h2>\n<h3>Definicja<\/h3>\n<p>Si\u0142ownik \u0142y\u017cki to specjalnie zaprojektowany si\u0142ownik hydrauliczny s\u0142u\u017c\u0105cy do sterowania ruchem \u0142y\u017cki w ci\u0119\u017ckich maszynach, takich jak koparki, koparko-\u0142adowarki i \u0142adowarki czo\u0142owe. Jego g\u0142\u00f3wn\u0105 funkcj\u0105 jest umo\u017cliwienie podnoszenia, opuszczania i przechylania \u0142y\u017cki, u\u0142atwiaj\u0105c wykonywanie r\u00f3\u017cnych zada\u0144 zwi\u0105zanych z prze\u0142adunkiem materia\u0142\u00f3w. W uk\u0142adzie hydraulicznym si\u0142ownik \u0142y\u017cki wykorzystuje zmiany ci\u015bnienia oleju hydraulicznego, aby zapewni\u0107 precyzyjn\u0105 kontrol\u0119 nad \u0142y\u017ck\u0105, umo\u017cliwiaj\u0105c operatorom wydajne przenoszenie ci\u0119\u017ckich \u0142adunk\u00f3w i dostosowanie si\u0119 do z\u0142o\u017conych warunk\u00f3w pracy oraz zr\u00f3\u017cnicowanych potrzeb operacyjnych.<\/p>\n<p><img decoding=\"async\" src=\"https:\/\/www.hydraulic-cylinders.net\/wp-content\/uploads\/2025\/01\/songte-company-2.webp\"><\/p>\n<h3>Cechy<\/h3>\n<ul>\n<li>Wysoka wytrzyma\u0142o\u015b\u0107 i trwa\u0142o\u015b\u0107: zazwyczaj wykonane z wytrzyma\u0142ej stali lub aluminium, wytrzymuj\u0105 du\u017ce ci\u015bnienie i du\u017ce obci\u0105\u017cenia, nadaj\u0105 si\u0119 do pracy w trudnych warunkach, a tak\u017ce zaprojektowane z my\u015bl\u0105 o odporno\u015bci na zu\u017cycie i korozj\u0119, co wyd\u0142u\u017ca ich \u017cywotno\u015b\u0107.<\/li>\n<li>Wydajne dzia\u0142anie uk\u0142adu hydraulicznego: wykorzystuje ci\u015bnienie oleju hydraulicznego w celu uzyskania p\u0142ynnego rozci\u0105gania i wci\u0105gania, umo\u017cliwia szybk\u0105 reakcj\u0119 na polecenia steruj\u0105ce, zapewnia du\u017ce si\u0142y pchania i ci\u0105gni\u0119cia, nadaje si\u0119 do obs\u0142ugi ci\u0119\u017ckich \u0142adunk\u00f3w i skomplikowanych zada\u0144 operacyjnych.<\/li>\n<li>R\u00f3\u017cne typy: cylindry jednostronnego dzia\u0142ania (hydrauliczne dzia\u0142aj\u0105ce tylko w jednym kierunku) lub dwustronnego dzia\u0142ania (hydrauliczne dzia\u0142aj\u0105ce w dw\u00f3ch kierunkach) mo\u017cna dobra\u0107 w zale\u017cno\u015bci od potrzeb, aby spe\u0142ni\u0107 r\u00f3\u017cne wymagania operacyjne. Niekt\u00f3re modele s\u0105 teleskopowe, co pozwala na wi\u0119ksze wysuni\u0119cie bez zwi\u0119kszania wymiar\u00f3w zewn\u0119trznych, i nadaje si\u0119 do zastosowa\u0144 w ograniczonej przestrzeni.<\/li>\n<li>Wymienno\u015b\u0107: nasze produkty doskonale zast\u0119puj\u0105 te si\u0142owniki hydrauliczne.<\/li>\n<\/ul>\n<p><img decoding=\"async\" src=\"https:\/\/www.hydraulic-cylinders.net\/wp-content\/uploads\/2025\/01\/songte-cylinder-head-with-all-kinds-excavator-models.webp\"><\/p>\n<h2>Aplikacje<\/h2>\n<p>Cylinder czerpakowy jest stosowany g\u0142\u00f3wnie w r\u00f3\u017cnych maszynach budowlanych, g\u00f3rniczych i rolniczych, w tym mi\u0119dzy innymi:<\/p>\n<h3>Sprz\u0119t budowlany<\/h3>\n<ul>\n<li>Koparki: cylinder \u0142y\u017cki umo\u017cliwia kopanie poprzez umo\u017cliwienie \u0142y\u017cce wnikania w gleb\u0119.<\/li>\n<li>Koparki: cylinder \u0142y\u017cki pomaga zar\u00f3wno przy kopaniu, jak i podnoszeniu.<\/li>\n<li>\u0141adowarki czo\u0142owe: pomagaj\u0105 skutecznie podnosi\u0107 i roz\u0142adowywa\u0107 \u0142adunki.<\/li>\n<\/ul>\n<h3>Sprz\u0119t g\u00f3rniczy<\/h3>\n<ul>\n<li>\u0141adowarki: pomagaj\u0105 skutecznie podnosi\u0107 i roz\u0142adowywa\u0107 \u0142adunki, nawet na du\u017ce odleg\u0142o\u015bci.<\/li>\n<li>Koparki: pomagaj\u0105 wydobywa\u0107 materia\u0142y z kopalni i kamienio\u0142om\u00f3w.<\/li>\n<li>Spycharki: pomagaj\u0105 w przesuwaniu materia\u0142\u00f3w na terenie kopalni.<\/li>\n<\/ul>\n<h3>Maszyny rolnicze<\/h3>\n<ul>\n<li>\u0141adowarki czo\u0142owe: s\u0142u\u017c\u0105 do \u0142adowania, podnoszenia i transportu gleby, siana i innych materia\u0142\u00f3w.<\/li>\n<li>Kombajny: s\u0142u\u017c\u0105 do \u015bcinania i m\u0142\u00f3cenia plon\u00f3w oraz zbierania owoc\u00f3w.<\/li>\n<li>Traktory: s\u0142u\u017c\u0105 do orania, sadzenia i uprawy ro\u015blin.<\/li>\n<\/ul>\n<h2>Zagadnienia projektowe i kryteria wyboru<\/h2>\n<p>Projekt si\u0142ownika hydraulicznego musi uwzgl\u0119dnia\u0107 takie czynniki, jak no\u015bno\u015b\u0107, szczelno\u015b\u0107, trwa\u0142o\u015b\u0107, bezpiecze\u0144stwo i \u0142atwo\u015b\u0107 konserwacji. Poni\u017cej przedstawiono niekt\u00f3re z kluczowych kwestii projektowych:<\/p>\n<h3>No\u015bno\u015b\u0107<\/h3>\n<p>Konstrukcja cylindra musi gwarantowa\u0107, \u017ce wytrzyma on obci\u0105\u017cenia wyst\u0119puj\u0105ce podczas eksploatacji bez uszkodzenia. Wymaga to starannego doboru materia\u0142\u00f3w oraz prawid\u0142owego zaprojektowania element\u00f3w i konstrukcji cylindra.<\/p>\n<h3>Opiecz\u0119towanie<\/h3>\n<p>Si\u0142owniki hydrauliczne wykorzystuj\u0105 system uszczelnie\u0144, aby zapobiega\u0107 wyciekom oleju i utrzymywa\u0107 ci\u015bnienie hydrauliczne. Uszczelnienia musz\u0105 by\u0107 wykonane z trwa\u0142ych, odpornych na zu\u017cycie materia\u0142\u00f3w, odpornych na dzia\u0142anie oleju hydraulicznego i innych zanieczyszcze\u0144. Do materia\u0142\u00f3w powszechnie stosowanych do uszczelnie\u0144 nale\u017c\u0105 poliuretan i kauczuk nitrylowy.<\/p>\n<h3>Trwa\u0142o\u015b\u0107<\/h3>\n<p>Butla powinna by\u0107 zaprojektowana tak, aby wytrzyma\u0107 trudne warunki i czynniki \u015brodowiskowe, w tym wilgo\u0107, kurz i inne zanieczyszczenia. Zastosowanie wysokiej jako\u015bci materia\u0142\u00f3w, odpowiednia obr\u00f3bka powierzchni i inne \u015brodki mog\u0105 poprawi\u0107 trwa\u0142o\u015b\u0107 butli.<\/p>\n<h3>Bezpiecze\u0144stwo<\/h3>\n<p>Konstrukcja cylindra powinna uwzgl\u0119dnia\u0107 zabezpieczenia, takie jak zawory bezpiecze\u0144stwa i inne mechanizmy zapobiegaj\u0105ce przeci\u0105\u017ceniu lub niebezpiecznej obs\u0142udze. Prawid\u0142owa instalacja, konserwacja i obs\u0142uga cylindra s\u0105 r\u00f3wnie\u017c kluczowe dla zapewnienia bezpiecze\u0144stwa.<\/p>\n<h3>Utrzymywalno\u015b\u0107<\/h3>\n<p>Konstrukcja cylindra powinna umo\u017cliwia\u0107 \u0142atw\u0105 konserwacj\u0119, w tym wymian\u0119 zu\u017cytych uszczelek i innych element\u00f3w. Prawid\u0142owa konserwacja mo\u017ce pom\u00f3c wyd\u0142u\u017cy\u0107 \u017cywotno\u015b\u0107 cylindra i zapobiec przestojom spowodowanym awariami.<\/p>\n<p><img decoding=\"async\" src=\"https:\/\/www.hydraulic-cylinders.net\/wp-content\/uploads\/2025\/01\/songte-oil-pipes-and-spare-parts.webp\"><\/p>\n<h2>Uszczelnianie i smarowanie<\/h2>\n<p>Si\u0142ownik hydrauliczny wyposa\u017cony jest w system uszczelnie\u0144, kt\u00f3ry zapobiega wyciekom i utrzymuje prawid\u0142owe ci\u015bnienie. Do najcz\u0119\u015bciej stosowanych uszczelnie\u0144 w si\u0142ownikach hydraulicznych nale\u017c\u0105 uszczelnienia t\u0142okowe i t\u0142oczyskowe. Uszczelnienia te musz\u0105 by\u0107 wykonane z materia\u0142\u00f3w odpornych na dzia\u0142anie oleju hydraulicznego i innych zanieczyszcze\u0144 oraz musz\u0105 zachowywa\u0107 swoje w\u0142a\u015bciwo\u015bci uszczelniaj\u0105ce przez d\u0142ugi czas.<\/p>\n<p>Wewn\u0119trzne elementy cylindra, w tym t\u0142ok, t\u0142oczysko i \u015bcianki cylindra, musz\u0105 by\u0107 odpowiednio smarowane, aby zmniejszy\u0107 tarcie i zu\u017cycie. Prawid\u0142owe smarowanie mo\u017ce pom\u00f3c wyd\u0142u\u017cy\u0107 \u017cywotno\u015b\u0107 cylindra i poprawi\u0107 jego wydajno\u015b\u0107.<\/p>\n<h2>Konserwacja i naprawa<\/h2>\n<p>Prawid\u0142owa konserwacja i naprawa s\u0105 kluczowe dla zapewnienia ci\u0105g\u0142ej wydajno\u015bci i trwa\u0142o\u015bci cylindra czerpakowego. Do najcz\u0119stszych czynno\u015bci konserwacyjnych nale\u017c\u0105 sprawdzanie szczelno\u015bci cylindra, wymiana zu\u017cytych uszczelek oraz kontrola cylindra pod k\u0105tem uszkodze\u0144 lub zu\u017cycia. Regularna konserwacja mo\u017ce pom\u00f3c wyd\u0142u\u017cy\u0107 \u017cywotno\u015b\u0107 cylindra i zapobiec przestojom spowodowanym awariami.<\/p>\n<h2>Instrukcja instalacji produktu<\/h2>\n<p>Poni\u017cej przedstawiono og\u00f3lne wytyczne dotycz\u0105ce monta\u017cu cylindra kube\u0142kowego:<\/p>\n<ul>\n<li>Upewnij si\u0119, \u017ce cylinder jest prawid\u0142owo wyr\u00f3wnany z innymi podzespo\u0142ami maszyny.<\/li>\n<li>Upewnij si\u0119, \u017ce uk\u0142ad hydrauliczny maszyny jest prawid\u0142owo pod\u0142\u0105czony do cylindra.<\/li>\n<li>Aby zapewni\u0107 solidne dopasowanie, nale\u017cy u\u017cywa\u0107 odpowiednich narz\u0119dzi i sprz\u0119tu instalacyjnego.<\/li>\n<li>Szczeg\u00f3\u0142owe instrukcje dotycz\u0105ce instalacji mo\u017cna znale\u017a\u0107 w instrukcji obs\u0142ugi urz\u0105dzenia.<\/li>\n<\/ul>\n<h2>Zagadnienia bezpiecze\u0144stwa i czynniki \u015brodowiskowe<\/h2>\n<p>Podczas u\u017cytkowania cylindr\u00f3w hydraulicznych nale\u017cy bezwzgl\u0119dnie przestrzega\u0107 odpowiednich procedur bezpiecze\u0144stwa, aby zapobiec obra\u017ceniom cia\u0142a lub uszkodzeniom sprz\u0119tu. Operatorzy powinni przej\u015b\u0107 odpowiednie szkolenie i stosowa\u0107 odpowiednie \u015brodki ochrony indywidualnej (PPE) podczas pracy z cylindrami hydraulicznymi.<\/p>\n<p>Czynniki \u015brodowiskowe, takie jak temperatura, wilgotno\u015b\u0107 oraz nara\u017cenie na dzia\u0142anie substancji chemicznych lub innych zanieczyszcze\u0144, mog\u0105 wp\u0142ywa\u0107 na wydajno\u015b\u0107 i \u017cywotno\u015b\u0107 butli. Prawid\u0142owe przechowywanie, obs\u0142uga i konserwacja mog\u0105 pom\u00f3c ograniczy\u0107 wp\u0142yw tych czynnik\u00f3w.<\/p>\n<h2>Rozwi\u0105zywanie problem\u00f3w i typowe problemy<\/h2>\n<p>Do typowych problem\u00f3w z si\u0142ownikami kube\u0142kowymi nale\u017c\u0105 nieszczelno\u015bci, zu\u017cyte uszczelki i uszkodzenia wewn\u0119trznych element\u00f3w si\u0142ownika. Prawid\u0142owa konserwacja i naprawa mog\u0105 pom\u00f3c zapobiec wyst\u0105pieniu tych problem\u00f3w, a szybkie dzia\u0142anie pozwoli na ich szybkie rozwi\u0105zanie.<\/p>\n<h2>O naszej firmie<\/h2>\n<p>Jeste\u015bmy wiod\u0105cym producentem i hurtowym dystrybutorem si\u0142ownik\u00f3w hydraulicznych, oferuj\u0105cym szerok\u0105 gam\u0119 produkt\u00f3w, kt\u00f3re spe\u0142niaj\u0105 potrzeby rynku krajowego i mi\u0119dzynarodowego. Nasze zaanga\u017cowanie w d\u0105\u017cenie do doskona\u0142o\u015bci w zakresie jako\u015bci, zarz\u0105dzania produkcj\u0105 i profesjonalnych system\u00f3w testowych pozwoli\u0142o nam stale ulepsza\u0107 nasz\u0105 platform\u0119 produkcyjn\u0105, udoskonala\u0107 nasze procesy produkcyjne i rozwija\u0107 silne mo\u017cliwo\u015bci produkcyjne. Naszym celem jest dostarczanie naszym klientom wydajnych, precyzyjnych i wysokiej jako\u015bci produkt\u00f3w, kt\u00f3re spe\u0142niaj\u0105 ich zr\u00f3\u017cnicowane potrzeby.<\/p>\n<ul>\n<li>Profesjonalizm: Nasz zesp\u00f3\u0142 ekspert\u00f3w dysponuje du\u017cym do\u015bwiadczeniem w projektowaniu, produkcji i konserwacji cylindr\u00f3w hydraulicznych.<\/li>\n<li>Certyfikacja mi\u0119dzynarodowa: Nasze produkty posiadaj\u0105 certyfikaty zgodne z normami mi\u0119dzynarodowymi, takimi jak ISO9001, CE i TUV.<\/li>\n<li>Personalizacja: Mo\u017cemy dostosowa\u0107 nasze produkty do konkretnych potrzeb naszych klient\u00f3w.<\/li>\n<li>Sprz\u0119t produkcyjny: U\u017cywamy najnowocze\u015bniejszego sprz\u0119tu i maszyn, aby zapewni\u0107 jako\u015b\u0107 naszych produkt\u00f3w.<\/li>\n<li>Serwis posprzeda\u017cowy: Oferujemy szerok\u0105 gam\u0119 us\u0142ug, kt\u00f3re pomagaj\u0105 naszym klientom w konserwacji i naprawie cylindr\u00f3w hydraulicznych, w tym cz\u0119\u015bci zamienne i us\u0142ugi regeneracji.<\/li>\n<\/ul>\n<p><img decoding=\"async\" src=\"https:\/\/hzpt.com\/wp-content\/uploads\/2024\/11\/songte-company-1.webp\"><\/p>\n<p>Autor: lyl<\/p>","protected":false},"excerpt":{"rendered":"<p>Bucket Cylinder For Liugong Middle Excavator CLG230 Introduction Definition A bucket cylinder is a specially designed hydraulic cylinder used to control the movement of the bucket in heavy machinery such as excavators, backhoes, and front-end loaders. Its main function is to enable the bucket to lift, lower, and tilt, making it easier to handle various [&hellip;]<\/p>","protected":false},"featured_media":14761,"comment_status":"open","ping_status":"closed","template":"","meta":{"_et_pb_use_builder":"","_et_pb_old_content":"","_et_gb_content_width":""},"product_brand":[],"product_cat":[1494],"product_tag":[1495,1496],"class_list":{"0":"post-15581","1":"product","2":"type-product","3":"status-publish","4":"has-post-thumbnail","6":"product_cat-bucket-cylinders","7":"product_tag-bucket-cylinders","8":"product_tag-hydraulic-cylinders","10":"first","11":"instock","12":"shipping-taxable","13":"product-type-simple"},"amp_enabled":true,"_links":{"self":[{"href":"https:\/\/www.hydraulic-cylinders.net\/pl\/wp-json\/wp\/v2\/product\/15581","targetHints":{"allow":["GET"]}}],"collection":[{"href":"https:\/\/www.hydraulic-cylinders.net\/pl\/wp-json\/wp\/v2\/product"}],"about":[{"href":"https:\/\/www.hydraulic-cylinders.net\/pl\/wp-json\/wp\/v2\/types\/product"}],"replies":[{"embeddable":true,"href":"https:\/\/www.hydraulic-cylinders.net\/pl\/wp-json\/wp\/v2\/comments?post=15581"}],"wp:featuredmedia":[{"embeddable":true,"href":"https:\/\/www.hydraulic-cylinders.net\/pl\/wp-json\/wp\/v2\/media\/14761"}],"wp:attachment":[{"href":"https:\/\/www.hydraulic-cylinders.net\/pl\/wp-json\/wp\/v2\/media?parent=15581"}],"wp:term":[{"taxonomy":"product_brand","embeddable":true,"href":"https:\/\/www.hydraulic-cylinders.net\/pl\/wp-json\/wp\/v2\/product_brand?post=15581"},{"taxonomy":"product_cat","embeddable":true,"href":"https:\/\/www.hydraulic-cylinders.net\/pl\/wp-json\/wp\/v2\/product_cat?post=15581"},{"taxonomy":"product_tag","embeddable":true,"href":"https:\/\/www.hydraulic-cylinders.net\/pl\/wp-json\/wp\/v2\/product_tag?post=15581"}],"curies":[{"name":"wp","href":"https:\/\/api.w.org\/{rel}","templated":true}]}}