{"id":15591,"date":"2025-01-19T14:43:21","date_gmt":"2025-01-19T14:43:21","guid":{"rendered":"https:\/\/www.hydraulic-cylinders.net\/product\/bucket-cylinder-for-xgma-small-excavator-xg808\/"},"modified":"2025-01-19T14:43:23","modified_gmt":"2025-01-19T14:43:23","slug":"bucket-cylinder-for-xgma-small-excavator-xg808","status":"publish","type":"product","link":"https:\/\/www.hydraulic-cylinders.net\/pl\/produkt\/bucket-cylinder-for-xgma-small-excavator-xg808\/","title":{"rendered":"Si\u0142ownik \u0142y\u017cki do ma\u0142ej koparki XGMA XG808"},"content":{"rendered":"<p><!DOCTYPE html><br \/>\n<html><br \/>\n<head><br \/>\n<\/head><br \/>\n<body><\/p>\n<h1>Si\u0142ownik \u0142y\u017cki do ma\u0142ej koparki XGMA XG808<\/h1>\n<h2>Wst\u0119p<\/h2>\n<p>Si\u0142ownik \u0142y\u017cki to specjalnie zaprojektowany si\u0142ownik hydrauliczny s\u0142u\u017c\u0105cy do sterowania ruchem \u0142y\u017cki w ci\u0119\u017ckich maszynach, takich jak koparki, koparko-\u0142adowarki i \u0142adowarki ko\u0142owe. Jego g\u0142\u00f3wn\u0105 funkcj\u0105 jest umo\u017cliwienie podnoszenia, opuszczania i przechylania \u0142y\u017cki, u\u0142atwiaj\u0105c r\u00f3\u017cnorodne zadania zwi\u0105zane z prze\u0142adunkiem materia\u0142\u00f3w. W uk\u0142adzie hydraulicznym si\u0142ownik \u0142y\u017cki zapewnia precyzyjn\u0105 kontrol\u0119 nad \u0142y\u017ck\u0105, wykorzystuj\u0105c zmiany ci\u015bnienia oleju hydraulicznego, umo\u017cliwiaj\u0105c operatorom wydajne przenoszenie ci\u0119\u017ckich \u0142adunk\u00f3w i dostosowywanie si\u0119 do z\u0142o\u017conych warunk\u00f3w pracy oraz zr\u00f3\u017cnicowanych wymaga\u0144 operacyjnych.<\/p>\n<p><img decoding=\"async\" src=\"https:\/\/www.hydraulic-cylinders.net\/wp-content\/uploads\/2025\/01\/songte-company-2.webp\" alt=\"Obraz cylindra wiadra\"><\/p>\n<h2>Cechy<\/h2>\n<ul>\n<li>Wysoka wytrzyma\u0142o\u015b\u0107 i trwa\u0142o\u015b\u0107: Zazwyczaj wykonany z wysokowytrzyma\u0142ej stali lub aluminium, si\u0142ownik \u0142y\u017cki wytrzymuje wysokie ci\u015bnienie i du\u017ce obci\u0105\u017cenia, dostosowuj\u0105c si\u0119 do trudnych warunk\u00f3w pracy. Jego konstrukcja uwzgl\u0119dnia odporno\u015b\u0107 na zu\u017cycie i korozj\u0119, co wyd\u0142u\u017ca jego \u017cywotno\u015b\u0107.<\/li>\n<li>Wydajna praca uk\u0142adu hydraulicznego: Wykorzystuj\u0105c ci\u015bnienie oleju hydraulicznego, si\u0142ownik \u0142y\u017cki zapewnia p\u0142ynne wysuwanie i wsuwanie, szybk\u0105 reakcj\u0119 na polecenia steruj\u0105ce i wytwarzanie du\u017cych si\u0142 pchaj\u0105cych i ci\u0105gn\u0105cych, dzi\u0119ki czemu nadaje si\u0119 do podnoszenia ci\u0119\u017ckich \u0142adunk\u00f3w i wykonywania skomplikowanych zada\u0144.<\/li>\n<li>R\u00f3\u017cne typy: Cylinder czerpakowy mo\u017ce by\u0107 wybrany jako si\u0142ownik jednostronnego dzia\u0142ania (zasilanie hydrauliczne tylko w jednym kierunku) lub dwustronnego dzia\u0142ania (zasilanie hydrauliczne w obu kierunkach), w zale\u017cno\u015bci od wymaga\u0144 operacyjnych. Niekt\u00f3re modele s\u0105 teleskopowe, co pozwala na wi\u0119ksze wysuni\u0119cie bez zwi\u0119kszania wymiar\u00f3w zewn\u0119trznych, dzi\u0119ki czemu nadaj\u0105 si\u0119 do zastosowa\u0144 w ograniczonej przestrzeni.<\/li>\n<li>Idealna wymiana: Nasze produkty mog\u0105 idealnie zast\u0105pi\u0107 te cylindry hydrauliczne.<\/li>\n<\/ul>\n<p><img decoding=\"async\" src=\"https:\/\/www.hydraulic-cylinders.net\/wp-content\/uploads\/2025\/01\/songte-cylinder-head-with-all-kinds-excavator-models.webp\" alt=\"Obraz cylindra zamiennego\"><\/p>\n<h2>Aplikacje<\/h2>\n<p>Cylinder kube\u0142kowy znajduje zastosowanie w r\u00f3\u017cnorodnych urz\u0105dzeniach:<\/p>\n<ul>\n<li>Sprz\u0119t budowlany: Znajduj\u0105 si\u0119 w koparkach i s\u0105 niezb\u0119dne do kopania, za\u0142adunku i przemieszczania gleby lub gruzu. W koparko-\u0142adowarkach si\u0142ownik \u0142y\u017cki wspomaga zar\u00f3wno kopanie, jak i podnoszenie.<\/li>\n<li>Maszyny rolnicze: Stosowane w \u0142adowarkach czo\u0142owych do nabierania, podnoszenia i transportu gleby, siana i innych materia\u0142\u00f3w.<\/li>\n<li>Koparki: Cylinder \u0142y\u017cki umo\u017cliwia kopanie poprzez umo\u017cliwienie \u0142y\u017cce wnikania w gleb\u0119.<\/li>\n<li>\u0141adowarki ko\u0142owe: W \u0142adowarkach ko\u0142owych pomagaj\u0105 w wydajnym podnoszeniu i wysypywaniu towar\u00f3w.<\/li>\n<\/ul>\n<h2>Zagadnienia projektowe i kryteria wyboru<\/h2>\n<ul>\n<li>No\u015bno\u015b\u0107: Cylinder \u0142y\u017cki zaprojektowano tak, aby wytrzymywa\u0142 du\u017ce obci\u0105\u017cenia i zapewnia\u0142 integralno\u015b\u0107 strukturaln\u0105.<\/li>\n<li>Uszczelnienie: Aby zapobiec wyciekom i utrzyma\u0107 wydajno\u015b\u0107 hydrauliczn\u0105, stosuje si\u0119 r\u00f3\u017cne elementy uszczelniaj\u0105ce, takie jak uszczelki t\u0142okowe i uszczelki t\u0142oczyskowe.<\/li>\n<li>Trwa\u0142o\u015b\u0107: Cylinder wykonany jest z materia\u0142\u00f3w najwy\u017cszej jako\u015bci i poddawany precyzyjnej obr\u00f3bce powierzchni w celu zwi\u0119kszenia odporno\u015bci na zu\u017cycie i korozj\u0119.<\/li>\n<li>Bezpiecze\u0144stwo: W projekcie uwzgl\u0119dniono funkcje bezpiecze\u0144stwa maj\u0105ce na celu ochron\u0119 operator\u00f3w i sprz\u0119tu przed potencjalnymi zagro\u017ceniami.<\/li>\n<li>\u0141atwo\u015b\u0107 konserwacji: Konstrukcja cylindra pozwala na \u0142atw\u0105 konserwacj\u0119 i napraw\u0119, co minimalizuje przestoje.<\/li>\n<\/ul>\n<p><img decoding=\"async\" src=\"https:\/\/www.hydraulic-cylinders.net\/wp-content\/uploads\/2025\/01\/songte-oil-pipes-and-spare-parts.webp\" alt=\"Obraz cz\u0119\u015bci cylindra hydraulicznego\"><\/p>\n<h2>Uszczelnianie i smarowanie<\/h2>\n<p>W cylindrze czerpakowym zastosowano r\u00f3\u017cnorodne uszczelnienia, takie jak uszczelnienia t\u0142oka i t\u0142oczyska, wykonane z materia\u0142\u00f3w odpornych na zu\u017cycie, takich jak poliuretan i kauczuk nitrylowy. Korpus cylindra i gwintowane ko\u0144c\u00f3wki poddawane s\u0105 precyzyjnej obr\u00f3bce w celu zwi\u0119kszenia odporno\u015bci na zu\u017cycie. Regularne smarowanie odpowiedni\u0105 ilo\u015bci\u0105 oleju hydraulicznego jest niezb\u0119dne dla zapewnienia p\u0142ynnej pracy.<\/p>\n<h2>Regularne kontrole i konserwacja zapobiegawcza<\/h2>\n<p>Aby zapewni\u0107 optymaln\u0105 wydajno\u015b\u0107 i wyd\u0142u\u017cy\u0107 \u017cywotno\u015b\u0107 cylindra \u0142y\u017cki, nale\u017cy regularnie przeprowadza\u0107 kontrole i konserwacj\u0119 zapobiegawcz\u0105:<\/p>\n<ul>\n<li>Sprawd\u017a, czy nie ma \u015blad\u00f3w zu\u017cycia, uszkodze\u0144 lub przeciek\u00f3w.<\/li>\n<li>Nale\u017cy odpowiednio nasmarowa\u0107 wszystkie ruchome cz\u0119\u015bci.<\/li>\n<li>Aby zachowa\u0107 w\u0142a\u015bciw\u0105 szczelno\u015b\u0107, nale\u017cy regularnie wymienia\u0107 zu\u017cyte uszczelki.<\/li>\n<li>Przeprowad\u017a kontrol\u0119 kalibracji, aby zapewni\u0107 prawid\u0142owe dzia\u0142anie urz\u0105dzenia.<\/li>\n<\/ul>\n<p><img decoding=\"async\" src=\"https:\/\/www.hydraulic-cylinders.net\/wp-content\/uploads\/2025\/01\/songte-chushion-collar.webp\" alt=\"Wskaz\u00f3wki dotycz\u0105ce konserwacji Obraz\"><\/p>\n<h2>Zagadnienia bezpiecze\u0144stwa i czynniki \u015brodowiskowe<\/h2>\n<p>Podczas u\u017cytkowania cylindra \u0142y\u017cki nale\u017cy przestrzega\u0107 \u015brodk\u00f3w bezpiecze\u0144stwa, aby zapobiec wypadkom i zapewni\u0107 bezpiecze\u0144stwo operatora. Przestrzeganie przepis\u00f3w ochrony \u015brodowiska ma kluczowe znaczenie dla minimalizacji wp\u0142ywu na \u015brodowisko.<\/p>\n<h2>Rozwi\u0105zywanie problem\u00f3w i typowe problemy<\/h2>\n<p>Do typowych problem\u00f3w, kt\u00f3re mog\u0105 wyst\u0105pi\u0107 w przypadku cylindra czerpakowego, nale\u017c\u0105:<\/p>\n<ul>\n<li>Wyciek: Sprawd\u017a, czy uszczelki nie s\u0105 uszkodzone lub po\u0142\u0105czenia lu\u017ane i podejmij odpowiednie dzia\u0142ania.<\/li>\n<li>S\u0142aba wydajno\u015b\u0107: Sprawd\u017a przewody hydrauliczne, zawory i inne elementy pod k\u0105tem wszelkich blokad i usterek.<\/li>\n<li>Ha\u0142as lub wibracje: Zbadaj potencjalne problemy z monta\u017cem lub ustawieniem i podejmij odpowiednie \u015brodki zaradcze.<\/li>\n<\/ul>\n<p>W celu rozwi\u0105zania problemu zaleca si\u0119 zapoznanie si\u0119 z wytycznymi producenta i w razie potrzeby skorzystanie z pomocy specjalisty. Wdro\u017cenie \u015brodk\u00f3w zapobiegawczych mo\u017ce pom\u00f3c zminimalizowa\u0107 potencjalne problemy.<\/p>\n<p><img decoding=\"async\" src=\"https:\/\/www.hydraulic-cylinders.net\/wp-content\/uploads\/2025\/01\/songte-bushings-with-all-kinds-of-excavator-models.webp\" alt=\"Porady dotycz\u0105ce rozwi\u0105zywania problem\u00f3w Obraz\"><\/p>\n<h2>Wniosek<\/h2>\n<p>Nasza firma jest wiod\u0105cym producentem i hurtowym dystrybutorem si\u0142ownik\u00f3w hydraulicznych na rynku krajowym i mi\u0119dzynarodowym. Oferujemy szerok\u0105 gam\u0119 produkt\u00f3w i stawiamy na najwy\u017csz\u0105 jako\u015b\u0107. Dzi\u0119ki naszym zaawansowanym zak\u0142adom produkcyjnym i profesjonalnemu do\u015bwiadczeniu, d\u0105\u017cymy do spe\u0142nienia zr\u00f3\u017cnicowanych wymaga\u0144 klient\u00f3w, zapewniaj\u0105c wysok\u0105 wydajno\u015b\u0107, precyzj\u0119 i jako\u015b\u0107. Oferujemy specjalistyczne us\u0142ugi, takie jak mi\u0119dzynarodowe certyfikaty, rozwi\u0105zania dostosowane do indywidualnych potrzeb, sprz\u0119t produkcyjny oraz kompleksowe wsparcie posprzeda\u017cowe.<\/p>\n<p><img decoding=\"async\" src=\"https:\/\/www.hydraulic-cylinders.net\/wp-content\/uploads\/2025\/01\/songte-company-3.webp\" alt=\"Wizerunek firmy\"><\/p>\n<p>Autor: lyl<\/p>\n<p><\/body><br \/>\n<\/html><\/p>","protected":false},"excerpt":{"rendered":"<p>Bucket Cylinder For XGMA Small Excavator XG808 Introduction The bucket cylinder is a specially designed hydraulic cylinder used to control the movement of the bucket in heavy machinery such as excavators, backhoe loaders, and wheel loaders. Its main function is to enable the bucket to lift, lower, and tilt, facilitating various material handling tasks. In [&hellip;]<\/p>","protected":false},"featured_media":14773,"comment_status":"open","ping_status":"closed","template":"","meta":{"_et_pb_use_builder":"","_et_pb_old_content":"","_et_gb_content_width":""},"product_brand":[],"product_cat":[1494],"product_tag":[1495,1496],"class_list":{"0":"post-15591","1":"product","2":"type-product","3":"status-publish","4":"has-post-thumbnail","6":"product_cat-bucket-cylinders","7":"product_tag-bucket-cylinders","8":"product_tag-hydraulic-cylinders","10":"first","11":"instock","12":"shipping-taxable","13":"product-type-simple"},"amp_enabled":true,"_links":{"self":[{"href":"https:\/\/www.hydraulic-cylinders.net\/pl\/wp-json\/wp\/v2\/product\/15591","targetHints":{"allow":["GET"]}}],"collection":[{"href":"https:\/\/www.hydraulic-cylinders.net\/pl\/wp-json\/wp\/v2\/product"}],"about":[{"href":"https:\/\/www.hydraulic-cylinders.net\/pl\/wp-json\/wp\/v2\/types\/product"}],"replies":[{"embeddable":true,"href":"https:\/\/www.hydraulic-cylinders.net\/pl\/wp-json\/wp\/v2\/comments?post=15591"}],"wp:featuredmedia":[{"embeddable":true,"href":"https:\/\/www.hydraulic-cylinders.net\/pl\/wp-json\/wp\/v2\/media\/14773"}],"wp:attachment":[{"href":"https:\/\/www.hydraulic-cylinders.net\/pl\/wp-json\/wp\/v2\/media?parent=15591"}],"wp:term":[{"taxonomy":"product_brand","embeddable":true,"href":"https:\/\/www.hydraulic-cylinders.net\/pl\/wp-json\/wp\/v2\/product_brand?post=15591"},{"taxonomy":"product_cat","embeddable":true,"href":"https:\/\/www.hydraulic-cylinders.net\/pl\/wp-json\/wp\/v2\/product_cat?post=15591"},{"taxonomy":"product_tag","embeddable":true,"href":"https:\/\/www.hydraulic-cylinders.net\/pl\/wp-json\/wp\/v2\/product_tag?post=15591"}],"curies":[{"name":"wp","href":"https:\/\/api.w.org\/{rel}","templated":true}]}}