{"id":15599,"date":"2025-01-19T14:43:59","date_gmt":"2025-01-19T14:43:59","guid":{"rendered":"https:\/\/www.hydraulic-cylinders.net\/product\/bucket-cylinder-for-xgma-middle-excavator-xg825el\/"},"modified":"2025-01-19T14:44:01","modified_gmt":"2025-01-19T14:44:01","slug":"bucket-cylinder-for-xgma-middle-excavator-xg825el","status":"publish","type":"product","link":"https:\/\/www.hydraulic-cylinders.net\/pl\/produkt\/bucket-cylinder-for-xgma-middle-excavator-xg825el\/","title":{"rendered":"Si\u0142ownik \u0142y\u017cki do koparki \u015brodkowej XGMA XG825EL"},"content":{"rendered":"<h2>Wst\u0119p<\/h2>\n<h3>Si\u0142ownik \u0142y\u017cki do koparki \u015brodkowej XGMA XG825EL<\/h3>\n<p>Si\u0142ownik \u0142y\u017cki do koparki XGMA Middle Excavator XG825EL to specjalistyczny si\u0142ownik hydrauliczny przeznaczony do sterowania ruchem \u0142y\u017cek w ci\u0119\u017ckich maszynach, takich jak koparki, koparko-\u0142adowarki i \u0142adowarki czo\u0142owe. Jego g\u0142\u00f3wn\u0105 funkcj\u0105 jest podnoszenie, opuszczanie i przechylanie \u0142y\u017cek, u\u0142atwiaj\u0105c wykonywanie r\u00f3\u017cnych zada\u0144 zwi\u0105zanych z prze\u0142adunkiem materia\u0142\u00f3w. W uk\u0142adzie hydraulicznym si\u0142ownik \u0142y\u017cki wykorzystuje zmiany ci\u015bnienia oleju hydraulicznego, aby zapewni\u0107 precyzyjn\u0105 kontrol\u0119 nad \u0142y\u017ck\u0105, umo\u017cliwiaj\u0105c operatorom wydajne przenoszenie ci\u0119\u017ckich \u0142adunk\u00f3w, dostosowanie si\u0119 do z\u0142o\u017conych warunk\u00f3w pracy i zr\u00f3\u017cnicowanych wymaga\u0144.<\/p>\n<p><img decoding=\"async\" src=\"https:\/\/www.hydraulic-cylinders.net\/wp-content\/uploads\/2025\/01\/songte-company-2.webp\" alt=\"Cylinder kube\u0142kowy\"><\/p>\n<h2>Cechy<\/h2>\n<ul>\n<li><strong>Wysoka wytrzyma\u0142o\u015b\u0107 i trwa\u0142o\u015b\u0107:<\/strong> Zazwyczaj wykonany z wytrzyma\u0142ej stali lub aluminium, wytrzymuje du\u017ce ci\u015bnienie i obci\u0105\u017cenia, jest przystosowany do trudnych warunk\u00f3w pracy, a tak\u017ce jest odporny na zu\u017cycie i korozj\u0119, co wyd\u0142u\u017ca jego \u017cywotno\u015b\u0107.<\/li>\n<li><strong>Wydajna praca uk\u0142adu hydraulicznego:<\/strong> Wykorzystuj\u0105c ci\u015bnienie oleju hydraulicznego do uzyskania p\u0142ynnego rozszerzania i kurczenia, urz\u0105dzenie mo\u017ce szybko reagowa\u0107 na polecenia steruj\u0105ce, zapewnia du\u017c\u0105 si\u0142\u0119 pchania i ci\u0105gni\u0119cia oraz nadaje si\u0119 do przenoszenia ci\u0119\u017ckich \u0142adunk\u00f3w i wykonywania skomplikowanych zada\u0144.<\/li>\n<li><strong>R\u00f3\u017cne typy:<\/strong> Si\u0142owniki jednostronnego dzia\u0142ania (hydrauliczne dzia\u0142aj\u0105ce tylko w jednym kierunku) lub dwustronnego dzia\u0142ania (hydrauliczne dzia\u0142aj\u0105ce w dw\u00f3ch kierunkach) mo\u017cna dobra\u0107 w zale\u017cno\u015bci od potrzeb, aby spe\u0142ni\u0107 zr\u00f3\u017cnicowane potrzeby operacyjne. Niekt\u00f3re modele s\u0105 teleskopowe, co pozwala na wi\u0119ksze wysuni\u0119cie bez zwi\u0119kszania wymiar\u00f3w zewn\u0119trznych, i nadaje si\u0119 do zastosowa\u0144 w ograniczonej przestrzeni.<\/li>\n<li><strong>\u0141atwa wymiana:<\/strong> Nasze produkty mog\u0105 doskonale zast\u0105pi\u0107 te si\u0142owniki hydrauliczne.<\/li>\n<\/ul>\n<p><img decoding=\"async\" src=\"https:\/\/www.hydraulic-cylinders.net\/wp-content\/uploads\/2025\/01\/songte-cylinder-head-with-all-kinds-excavator-models.webp\" alt=\"Cylinder kube\u0142kowy\"><\/p>\n<h2>Aplikacje<\/h2>\n<p>Cylinder kube\u0142kowy ma szeroki zakres zastosowa\u0144, obejmuj\u0105cy mi\u0119dzy innymi:<\/p>\n<ul>\n<li><strong>Sprz\u0119t budowlany:<\/strong> W koparkach s\u0105 one niezb\u0119dne do kopania, za\u0142adunku i przemieszczania gleby lub gruzu. W koparko-\u0142adowarkach cylindry \u0142y\u017cki u\u0142atwiaj\u0105 kopanie i podnoszenie. <\/li>\n<li><strong>Maszyny rolnicze:<\/strong> Stosowany w \u0142adowarkach czo\u0142owych, do nabierania, podnoszenia i transportu ziemi, siana i innych materia\u0142\u00f3w. <\/li>\n<li><strong>Koparki:<\/strong> Cylinder czerpakowy umo\u017cliwia wykopywanie poprzez umo\u017cliwienie czerpakowi zag\u0142\u0119biania si\u0119 w gleb\u0119. <\/li>\n<li><strong>\u0141adowarki:<\/strong> W \u0142adowarkach czo\u0142owych pomagaj\u0105 w efektywnym podnoszeniu i przechylaniu towar\u00f3w.<\/li>\n<\/ul>\n<p>Poni\u017cej opisano ka\u017cde zastosowanie cylindra kube\u0142kowego:<\/p>\n<ul>\n<li><strong>Sprz\u0119t budowlany:<\/strong> W koparkach cylindry \u0142y\u017cki s\u0105 niezb\u0119dne do kopania, za\u0142adunku i przemieszczania gleby lub gruzu. Zapewniaj\u0105 one niezb\u0119dne mechanizmy podnoszenia i przechylania, niezb\u0119dne do kopania. W koparko-\u0142adowarkach cylindry \u0142y\u017cki u\u0142atwiaj\u0105 kopanie i podnoszenie, dzi\u0119ki czemu idealnie sprawdzaj\u0105 si\u0119 na placach budowy o nier\u00f3wnym terenie. <\/li>\n<li><strong>Maszyny rolnicze:<\/strong> Si\u0142owniki czerpakowe s\u0105 stosowane w \u0142adowarkach czo\u0142owych, kt\u00f3re s\u0142u\u017c\u0105 do nabierania, podnoszenia i transportu gleby, siana i innych materia\u0142\u00f3w. Zapewniaj\u0105 one niezb\u0119dne mechanizmy podnoszenia i przechylania, niezb\u0119dne do przemieszczania ci\u0119\u017ckich \u0142adunk\u00f3w w gospodarstwie rolnym. <\/li>\n<li><strong>Koparki:<\/strong> Cylindry czerpakowe umo\u017cliwiaj\u0105 wykopy poprzez wnikanie \u0142y\u017cki w gleb\u0119. S\u0105 niezb\u0119dne do kopania row\u00f3w lub fundament\u00f3w, a tak\u017ce do wyburzania budynk\u00f3w i innych konstrukcji.<\/li>\n<li><strong>\u0141adowarki:<\/strong> W \u0142adowarkach czo\u0142owych si\u0142owniki \u0142y\u017cki pomagaj\u0105 w efektywnym podnoszeniu i przechylaniu towar\u00f3w, dzi\u0119ki czemu idealnie nadaj\u0105 si\u0119 do za\u0142adunku i roz\u0142adunku ci\u0119\u017ckich \u0142adunk\u00f3w. <\/li>\n<\/ul>\n<h2>Zagadnienia projektowe i kryteria wyboru<\/h2>\n<p>Przy projektowaniu cylindra kube\u0142kowego nale\u017cy wzi\u0105\u0107 pod uwag\u0119 szereg kryteri\u00f3w doboru, kt\u00f3re wyja\u015bniono poni\u017cej:<\/p>\n<ul>\n<li><strong>No\u015bno\u015b\u0107:<\/strong> Si\u0142ownik \u0142y\u017cki musi by\u0107 w stanie ud\u017awign\u0105\u0107 ci\u0119\u017car i ci\u015bnienie podnoszonego lub przechylanego \u0142adunku.<\/li>\n<li><strong>Opiecz\u0119towanie:<\/strong> Si\u0142ownik \u0142y\u017cki powinien by\u0107 wyposa\u017cony w wysokiej jako\u015bci uszczelki, aby zapobiec wyciekom p\u0142ynu hydraulicznego i zanieczyszczeniom. <\/li>\n<li><strong>Trwa\u0142o\u015b\u0107:<\/strong> Si\u0142ownik \u0142y\u017cki musi by\u0107 zaprojektowany w taki spos\u00f3b, aby wytrzyma\u0142 trudne warunki panuj\u0105ce na placu budowy, w tym zu\u017cycie i korozj\u0119. <\/li>\n<li><strong>Bezpiecze\u0144stwo:<\/strong> Cylinder \u0142y\u017cki musi by\u0107 zaprojektowany z uwzgl\u0119dnieniem kwestii bezpiecze\u0144stwa, a wi\u0119c wyposa\u017cony w zawory blokuj\u0105ce i systemy zabezpieczaj\u0105ce przed przeci\u0105\u017ceniem. <\/li>\n<li><strong>Konserwacja:<\/strong> Cylinder czerpakowy powinien by\u0107 zaprojektowany w spos\u00f3b umo\u017cliwiaj\u0105cy \u0142atw\u0105 konserwacj\u0119, w tym \u0142atwy dost\u0119p do podzespo\u0142\u00f3w w celu przeprowadzenia kontroli i naprawy. <\/li>\n<\/ul>\n<p><img decoding=\"async\" src=\"https:\/\/www.hydraulic-cylinders.net\/wp-content\/uploads\/2025\/01\/songte-oil-pipes-and-spare-parts.webp\" alt=\"Cylinder kube\u0142kowy\"><\/p>\n<h2>Uszczelnianie i smarowanie<\/h2>\n<p>W si\u0142owniku czerpakowym zastosowano r\u00f3\u017cnorodne uszczelnienia, takie jak uszczelnienia t\u0142oka i t\u0142oczyska, wykonane z materia\u0142\u00f3w odpornych na zu\u017cycie, takich jak poliuretan i kauczuk nitrylowy, aby zapobiec wyciekom oleju hydraulicznego. Korpus si\u0142ownika i gwintowana powierzchnia ko\u0144cowa s\u0105 precyzyjnie obrobione, aby zwi\u0119kszy\u0107 odporno\u015b\u0107 na zu\u017cycie. Regularne smarowanie olejem hydraulicznym jest niezb\u0119dne dla zapewnienia p\u0142ynnej pracy si\u0142ownika czerpakowego.<\/p>\n<p><img decoding=\"async\" src=\"https:\/\/www.hydraulic-cylinders.net\/wp-content\/uploads\/2025\/01\/songte-chushion-collar.webp\" alt=\"Cylinder kube\u0142kowy\"><\/p>\n<h2>Inspekcja i konserwacja zapobiegawcza<\/h2>\n<p>Regularne przegl\u0105dy i konserwacja zapobiegawcza s\u0105 niezb\u0119dne dla prawid\u0142owego dzia\u0142ania si\u0142ownika \u0142y\u017cki. Poni\u017cej przedstawiono typowe czynno\u015bci konserwacyjne:<\/p>\n<ul>\n<li><strong>Regularna kontrola:<\/strong> Sprawd\u017a korpus cylindra, t\u0142ok i uszczelki pod k\u0105tem zu\u017cycia i uszkodze\u0144. <\/li>\n<li><strong>Smarowanie:<\/strong> Aby zapewni\u0107 p\u0142ynn\u0105 prac\u0119, nale\u017cy regularnie smarowa\u0107 cylinder olejem hydraulicznym. <\/li>\n<li><strong>Wymiana uszczelki:<\/strong> Niezw\u0142ocznie wymie\u0144 uszkodzone lub zu\u017cyte uszczelki, aby zapobiec wyciekowi p\u0142ynu hydraulicznego. <\/li>\n<li><strong>Kontrola kalibracji:<\/strong> Regularnie sprawdzaj kalibracj\u0119 cylindra, aby mie\u0107 pewno\u015b\u0107, \u017ce dzia\u0142a on zgodnie ze specyfikacj\u0105. <\/li>\n<\/ul>\n<p>Prawid\u0142owy monta\u017c jest niezb\u0119dny do prawid\u0142owego dzia\u0142ania si\u0142ownika kube\u0142kowego. Wa\u017cne jest prawid\u0142owe ustawienie si\u0142ownika i u\u017cycie odpowiednich wspornik\u00f3w monta\u017cowych w celu jego zamocowania. Aby wyd\u0142u\u017cy\u0107 \u017cywotno\u015b\u0107 si\u0142ownika kube\u0142kowego, nale\u017cy przestrzega\u0107 zalecanych procedur kontroli, naprawy i wymiany.<\/p>\n<p><img decoding=\"async\" src=\"https:\/\/hzpt.com\/wp-content\/uploads\/2024\/11\/songte-company-1.webp\" alt=\"Cylinder kube\u0142kowy\"><\/p>\n<h2>Bezpiecze\u0144stwo i wzgl\u0119dy \u015brodowiskowe<\/h2>\n<p>Podczas u\u017cytkowania si\u0142ownika \u0142y\u017cki nale\u017cy zachowa\u0107 \u015brodki bezpiecze\u0144stwa, aby zapobiec wypadkom. Aby unikn\u0105\u0107 niebezpiecznych sytuacji, nale\u017cy stosowa\u0107 zabezpieczenia, takie jak zawory odcinaj\u0105ce i systemy zabezpieczaj\u0105ce przed przeci\u0105\u017ceniem. Nale\u017cy r\u00f3wnie\u017c wzi\u0105\u0107 pod uwag\u0119 wzgl\u0119dy \u015brodowiskowe, takie jak odpowiednia utylizacja p\u0142ynu hydraulicznego i stosowanie materia\u0142\u00f3w przyjaznych dla \u015brodowiska.<\/p>\n<p><img decoding=\"async\" src=\"https:\/\/www.hydraulic-cylinders.net\/wp-content\/uploads\/2025\/01\/songte-bushings-with-all-kinds-of-excavator-models.webp\" alt=\"Cylinder kube\u0142kowy\"><\/p>\n<h2>Rozwi\u0105zywanie problem\u00f3w i typowe problemy<\/h2>\n<p>Si\u0142ownik \u0142y\u017cki mo\u017ce ulec uszkodzeniu z powodu zu\u017cycia, uszkodzenia lub niew\u0142a\u015bciwego u\u017cytkowania. Typowe problemy to wyciek p\u0142ynu hydraulicznego, powolna praca oraz niewystarczaj\u0105ca si\u0142a podnoszenia lub przechylania. Nale\u017cy poda\u0107 wskaz\u00f3wki i rozwi\u0105zania problem\u00f3w, aby pom\u00f3c czytelnikom w diagnozowaniu i rozwi\u0105zywaniu tych problem\u00f3w. Nale\u017cy r\u00f3wnie\u017c przedstawi\u0107 \u015brodki zapobiegawcze w celu zminimalizowania potencjalnych problem\u00f3w.<\/p>\n<h2>O naszej firmie<\/h2>\n<p>Jeste\u015bmy producentem zamiennych cylindr\u00f3w hydraulicznych oferuj\u0105cym pe\u0142n\u0105 gam\u0119 produkt\u00f3w, co czyni nas jednym z wiod\u0105cych producent\u00f3w i hurtowych dystrybutor\u00f3w cylindr\u00f3w hydraulicznych na rynku krajowym i mi\u0119dzynarodowym. Kierujemy si\u0119 zasad\u0105 doskona\u0142ej jako\u015bci i opieramy si\u0119 na strategii zarz\u0105dzania produkcj\u0105 przemys\u0142owej w zaawansowanych warsztatach produkcyjnych. Nasza firma stale udoskonala platform\u0119 produkcyjn\u0105 warsztatu, podnosi jako\u015b\u0107 linii produkcyjnej i posiada silne zdolno\u015bci kreatywne. D\u0105\u017cymy do zaspokojenia zr\u00f3\u017cnicowanych potrzeb naszych klient\u00f3w, zapewniaj\u0105c im wysok\u0105 wydajno\u015b\u0107, dok\u0142adno\u015b\u0107 i jako\u015b\u0107.<\/p>\n<p><img decoding=\"async\" src=\"https:\/\/www.hydraulic-cylinders.net\/wp-content\/uploads\/2025\/01\/songte-company-3.webp\" alt=\"Cylinder kube\u0142kowy\"><\/p>\n<p>Jeste\u015bmy dumni z naszego profesjonalizmu, mi\u0119dzynarodowych certyfikat\u00f3w, spersonalizowanych us\u0142ug, sprz\u0119tu produkcyjnego i serwisu posprzeda\u017cowego. Nasze produkty charakteryzuj\u0105 si\u0119 wysok\u0105 jako\u015bci\u0105 i niezawodno\u015bci\u0105, a naszym klientom zapewniamy terminowe i profesjonalne wsparcie techniczne. <\/p>\n<h2>Autor<\/h2>\n<p>lyl<\/p>","protected":false},"excerpt":{"rendered":"<p>Introduction Bucket Cylinder For XGMA Middle Excavator XG825EL The Bucket Cylinder for XGMA Middle Excavator XG825EL is a specialized hydraulic cylinder designed to control the movement of buckets in heavy machinery such as excavators, backhoe excavators, and front-end loaders. Its main function is to facilitate the lifting, lowering, and tilting of buckets, making it easier [&hellip;]<\/p>","protected":false},"featured_media":14787,"comment_status":"open","ping_status":"closed","template":"","meta":{"_et_pb_use_builder":"","_et_pb_old_content":"","_et_gb_content_width":""},"product_brand":[],"product_cat":[1494],"product_tag":[1495,1496],"class_list":{"0":"post-15599","1":"product","2":"type-product","3":"status-publish","4":"has-post-thumbnail","6":"product_cat-bucket-cylinders","7":"product_tag-bucket-cylinders","8":"product_tag-hydraulic-cylinders","10":"first","11":"instock","12":"shipping-taxable","13":"product-type-simple"},"amp_enabled":true,"_links":{"self":[{"href":"https:\/\/www.hydraulic-cylinders.net\/pl\/wp-json\/wp\/v2\/product\/15599","targetHints":{"allow":["GET"]}}],"collection":[{"href":"https:\/\/www.hydraulic-cylinders.net\/pl\/wp-json\/wp\/v2\/product"}],"about":[{"href":"https:\/\/www.hydraulic-cylinders.net\/pl\/wp-json\/wp\/v2\/types\/product"}],"replies":[{"embeddable":true,"href":"https:\/\/www.hydraulic-cylinders.net\/pl\/wp-json\/wp\/v2\/comments?post=15599"}],"wp:featuredmedia":[{"embeddable":true,"href":"https:\/\/www.hydraulic-cylinders.net\/pl\/wp-json\/wp\/v2\/media\/14787"}],"wp:attachment":[{"href":"https:\/\/www.hydraulic-cylinders.net\/pl\/wp-json\/wp\/v2\/media?parent=15599"}],"wp:term":[{"taxonomy":"product_brand","embeddable":true,"href":"https:\/\/www.hydraulic-cylinders.net\/pl\/wp-json\/wp\/v2\/product_brand?post=15599"},{"taxonomy":"product_cat","embeddable":true,"href":"https:\/\/www.hydraulic-cylinders.net\/pl\/wp-json\/wp\/v2\/product_cat?post=15599"},{"taxonomy":"product_tag","embeddable":true,"href":"https:\/\/www.hydraulic-cylinders.net\/pl\/wp-json\/wp\/v2\/product_tag?post=15599"}],"curies":[{"name":"wp","href":"https:\/\/api.w.org\/{rel}","templated":true}]}}