{"id":15605,"date":"2025-01-19T14:44:22","date_gmt":"2025-01-19T14:44:22","guid":{"rendered":"https:\/\/www.hydraulic-cylinders.net\/product\/bucket-cylinder-for-xgma-wheel-excavator-xg815w\/"},"modified":"2025-01-19T14:44:24","modified_gmt":"2025-01-19T14:44:24","slug":"bucket-cylinder-for-xgma-wheel-excavator-xg815w","status":"publish","type":"product","link":"https:\/\/www.hydraulic-cylinders.net\/pl\/produkt\/bucket-cylinder-for-xgma-wheel-excavator-xg815w\/","title":{"rendered":"Si\u0142ownik \u0142y\u017cki do koparki ko\u0142owej XGMA XG815W"},"content":{"rendered":"<h1>Si\u0142ownik \u0142y\u017cki do koparki ko\u0142owej XGMA XG815W<\/h1>\n<h2>Wst\u0119p<\/h2>\n<p>Si\u0142ownik \u0142y\u017cki, znany r\u00f3wnie\u017c jako si\u0142ownik hydrauliczny, to specjalnie zaprojektowany element hydrauliczny s\u0142u\u017c\u0105cy do sterowania ruchem \u0142y\u017cki w ci\u0119\u017ckich maszynach, takich jak koparki, koparko-\u0142adowarki i \u0142adowarki czo\u0142owe. Jego g\u0142\u00f3wn\u0105 funkcj\u0105 jest umo\u017cliwienie podnoszenia, opuszczania i przechylania \u0142y\u017cki, dzi\u0119ki czemu nadaje si\u0119 do r\u00f3\u017cnych zada\u0144 zwi\u0105zanych z prze\u0142adunkiem materia\u0142\u00f3w. W uk\u0142adzie hydraulicznym si\u0142ownik \u0142y\u017cki zapewnia precyzyjn\u0105 kontrol\u0119 nad \u0142y\u017ck\u0105 poprzez zmian\u0119 ci\u015bnienia oleju hydraulicznego, umo\u017cliwiaj\u0105c operatorom wydajne przenoszenie du\u017cych \u0142adunk\u00f3w, dostosowuj\u0105c si\u0119 do z\u0142o\u017conych warunk\u00f3w pracy i zr\u00f3\u017cnicowanych wymaga\u0144.<\/p>\n<p><img decoding=\"async\" src=\"https:\/\/www.hydraulic-cylinders.net\/wp-content\/uploads\/2025\/01\/songte-company-2.webp\" alt=\"Obraz cylindra wiadra\"><\/p>\n<h2>Cechy<\/h2>\n<ul>\n<li>\n<h3>Wysoka wytrzyma\u0142o\u015b\u0107 i trwa\u0142o\u015b\u0107<\/h3>\n<p>Cylinder czerpakowy jest zazwyczaj wykonany z wytrzyma\u0142ej stali lub aluminium, co zapewnia mu odporno\u015b\u0107 na wysokie ci\u015bnienie i du\u017ce obci\u0105\u017cenia. Zosta\u0142 zaprojektowany z uwzgl\u0119dnieniem odporno\u015bci na zu\u017cycie i korozj\u0119, aby wyd\u0142u\u017cy\u0107 jego \u017cywotno\u015b\u0107.<\/p>\n<\/li>\n<li>\n<h3>Wydajna praca hydrauliczna<\/h3>\n<p>Si\u0142ownik \u0142y\u017cki wykorzystuje ci\u015bnienie oleju hydraulicznego w celu zapewnienia p\u0142ynnego ruchu teleskopowego, co pozwala mu szybko reagowa\u0107 na polecenia steruj\u0105ce, zapewnia du\u017c\u0105 si\u0142\u0119 pchania i ci\u0105gni\u0119cia oraz nadaje si\u0119 do podnoszenia ci\u0119\u017ckich \u0142adunk\u00f3w i wykonywania skomplikowanych zada\u0144.<\/p>\n<\/li>\n<li>\n<h3>R\u00f3\u017cne typy<\/h3>\n<p>Si\u0142ownik czerpakowy mo\u017ce by\u0107 wybrany jako si\u0142ownik jednostronnego dzia\u0142ania (wykorzystuj\u0105cy hydraulik\u0119 tylko w jednym kierunku) lub dwustronnego dzia\u0142ania (wykorzystuj\u0105cy hydraulik\u0119 w dw\u00f3ch kierunkach), w zale\u017cno\u015bci od potrzeb. Niekt\u00f3re modele s\u0105 teleskopowe, co pozwala na wi\u0119ksze wysuni\u0119cie bez zwi\u0119kszania wymiar\u00f3w zewn\u0119trznych, co jest przydatne w zastosowaniach o ograniczonej przestrzeni.<\/p>\n<\/li>\n<li>\n<h3>Idealny zamiennik<\/h3>\n<p>Nasze produkty mog\u0105 doskonale zast\u0105pi\u0107 te si\u0142owniki hydrauliczne.<\/p>\n<\/li>\n<\/ul>\n<p><img decoding=\"async\" src=\"https:\/\/www.hydraulic-cylinders.net\/wp-content\/uploads\/2025\/01\/songte-cylinder-head-with-all-kinds-excavator-models.webp\" alt=\"Obraz cylindra wiadra\"><\/p>\n<h2>Aplikacje<\/h2>\n<p>Cylinder kube\u0142kowy ma r\u00f3\u017cne zastosowania, w tym:<\/p>\n<ul>\n<li>\n<h3>Sprz\u0119t budowlany<\/h3>\n<p>Si\u0142ownik \u0142y\u017cki jest niezb\u0119dny w koparkach do kopania, za\u0142adunku i przemieszczania gleby lub gruzu. W koparko-\u0142adowarkach si\u0142ownik \u0142y\u017cki wspomaga kopanie i podnoszenie. W \u0142adowarkach wspomaga podnoszenie i przechylanie w celu efektywnego wysypywania.<\/p>\n<\/li>\n<li>\n<h3>Maszyny rolnicze<\/h3>\n<p>Si\u0142ownik \u0142y\u017cki jest stosowany w \u0142adowarkach czo\u0142owych do nabierania, podnoszenia i transportu ziemi, siana i innych materia\u0142\u00f3w. W koparkach si\u0142ownik \u0142y\u017cki umo\u017cliwia kopanie, umo\u017cliwiaj\u0105c \u0142y\u017cce zag\u0142\u0119bianie si\u0119 w gleb\u0119.<\/p>\n<\/li>\n<\/ul>\n<h2>Zagadnienia projektowe i kryteria wyboru<\/h2>\n<p>Konstrukcja si\u0142ownika czerpakowego uwzgl\u0119dnia kluczowe czynniki, takie jak no\u015bno\u015b\u0107, uszczelnienie, trwa\u0142o\u015b\u0107, bezpiecze\u0144stwo i \u0142atwo\u015b\u0107 konserwacji. Wykorzystuje wysokiej jako\u015bci materia\u0142y i precyzyjne procesy produkcyjne, aby zapewni\u0107 maksymaln\u0105 wydajno\u015b\u0107 i trwa\u0142o\u015b\u0107. Poni\u017cej przedstawiono zagadnienia projektowe i kryteria wyboru:<\/p>\n<ul>\n<li>\n<h3>No\u015bno\u015b\u0107<\/h3>\n<p>Cylinder kube\u0142kowy musi by\u0107 zaprojektowany tak, aby wytrzymywa\u0142 maksymalne obci\u0105\u017cenie dzia\u0142aj\u0105ce na niego podczas u\u017cytkowania. Nale\u017cy starannie rozwa\u017cy\u0107 dob\u00f3r materia\u0142\u00f3w i integralno\u015b\u0107 strukturaln\u0105 cylindra.<\/p>\n<\/li>\n<li>\n<h3>Opiecz\u0119towanie<\/h3>\n<p>Cylinder wiadra musi by\u0107 odpowiednio uszczelniony, aby zapobiec wyciekom oleju i przedostawaniu si\u0119 wody. Zastosowanie wysokiej jako\u015bci uszczelnie\u0144, takich jak uszczelki t\u0142okowe i t\u0142oczyskowe, wykonanych z materia\u0142\u00f3w odpornych na zu\u017cycie, takich jak poliuretan i kauczuk nitrylowy, mo\u017ce zwi\u0119kszy\u0107 skuteczno\u015b\u0107 uszczelnienia cylindra.<\/p>\n<\/li>\n<li>\n<h3>Trwa\u0142o\u015b\u0107<\/h3>\n<p>Si\u0142ownik czerpakowy musi by\u0107 zaprojektowany tak, aby wytrzyma\u0107 trudne warunki pracy i du\u017ce obci\u0105\u017cenia. Zastosowanie materia\u0142\u00f3w o wysokiej wytrzyma\u0142o\u015bci, precyzyjne procesy produkcyjne i obr\u00f3bka powierzchni mog\u0105 zwi\u0119kszy\u0107 odporno\u015b\u0107 si\u0142ownika na zu\u017cycie i korozj\u0119.<\/p>\n<\/li>\n<li>\n<h3>Bezpiecze\u0144stwo<\/h3>\n<p>Si\u0142ownik czerpakowy musi by\u0107 zaprojektowany z my\u015bl\u0105 o bezpiecze\u0144stwie, zapewniaj\u0105c bezpieczn\u0105 obs\u0142ug\u0119 i zapobiegaj\u0105c wypadkom. W celu zapewnienia bezpiecznej obs\u0142ugi, w konstrukcji si\u0142ownika mo\u017cna zintegrowa\u0107 takie elementy bezpiecze\u0144stwa, jak zawory bezpiecze\u0144stwa i czujniki po\u0142o\u017cenia.<\/p>\n<\/li>\n<li>\n<h3>Utrzymywalno\u015b\u0107<\/h3>\n<p>Si\u0142ownik kube\u0142kowy musi by\u0107 zaprojektowany tak, aby umo\u017cliwia\u0142 \u0142atw\u0105 konserwacj\u0119 i napraw\u0119. Czynniki takie jak \u0142atwo\u015b\u0107 demonta\u017cu, dost\u0119pno\u015b\u0107 kluczowych podzespo\u0142\u00f3w i dost\u0119pno\u015b\u0107 cz\u0119\u015bci zamiennych mog\u0105 zwi\u0119kszy\u0107 \u0142atwo\u015b\u0107 konserwacji si\u0142ownika.<\/p>\n<\/li>\n<\/ul>\n<p><img decoding=\"async\" src=\"https:\/\/www.hydraulic-cylinders.net\/wp-content\/uploads\/2025\/01\/songte-oil-pipes-and-spare-parts.webp\" alt=\"Obraz cylindra wiadra\"><\/p>\n<h2>Uszczelnianie i smarowanie<\/h2>\n<p>W si\u0142owniku kube\u0142kowym zastosowano r\u00f3\u017cne elementy uszczelniaj\u0105ce, takie jak uszczelnienia t\u0142oka i t\u0142oczyska, aby zapobiec wyciekom oleju i utrzyma\u0107 ci\u015bnienie hydrauliczne. Zastosowanie wysokiej jako\u015bci uszczelnie\u0144 z materia\u0142\u00f3w odpornych na zu\u017cycie, takich jak poliuretan i kauczuk nitrylowy, mo\u017ce zwi\u0119kszy\u0107 skuteczno\u015b\u0107 uszczelnienia si\u0142ownika. Regularne smarowanie odpowiednim olejem hydraulicznym pomaga utrzyma\u0107 wydajno\u015b\u0107 si\u0142ownika i wyd\u0142u\u017cy\u0107 jego \u017cywotno\u015b\u0107.<\/p>\n<h2>Konserwacja i naprawa<\/h2>\n<p>Regularne przegl\u0105dy, smarowanie i wymiana uszczelek to typowe czynno\u015bci konserwacyjne si\u0142ownika kube\u0142kowego. Prawid\u0142owy monta\u017c, smarowanie i regulacja s\u0105 kluczowe dla optymalnej wydajno\u015bci i trwa\u0142o\u015bci. Podczas wymiany cz\u0119\u015bci lub regeneracji si\u0142ownika, przestrzeganie zalecanych procedur i u\u017cywanie odpowiednich narz\u0119dzi mo\u017ce zapewni\u0107 prawid\u0142owy monta\u017c i dopasowanie.<\/p>\n<p><img decoding=\"async\" src=\"https:\/\/www.hydraulic-cylinders.net\/wp-content\/uploads\/2025\/01\/songte-chushion-collar.webp\" alt=\"Obraz cylindra wiadra\"><\/p>\n<h2>Zagadnienia bezpiecze\u0144stwa i czynniki \u015brodowiskowe<\/h2>\n<p>Podczas u\u017cytkowania cylindra wiadrowego, aby zapobiec wypadkom, niezb\u0119dne s\u0105 \u015brodki bezpiecze\u0144stwa, takie jak noszenie osobistego sprz\u0119tu ochronnego i przestrzeganie prawid\u0142owych procedur obs\u0142ugi. Czynniki \u015brodowiskowe, takie jak temperatura, wilgotno\u015b\u0107 i nara\u017cenie na dzia\u0142anie substancji chemicznych, mog\u0105 wp\u0142ywa\u0107 na wydajno\u015b\u0107 i trwa\u0142o\u015b\u0107 cylindra. \u015arodki takie jak regularne czyszczenie i prawid\u0142owe przechowywanie mog\u0105 pom\u00f3c z\u0142agodzi\u0107 te skutki.<\/p>\n<h2>Diagnostyka awarii i rozwi\u0105zywanie problem\u00f3w<\/h2>\n<p>Do typowych awarii cylindr\u00f3w \u0142y\u017cki nale\u017c\u0105 wycieki oleju, niedostateczne ci\u015bnienie i dryft cylindra. Prawid\u0142owa diagnoza i rozwi\u0105zywanie problem\u00f3w mog\u0105 pom\u00f3c w zidentyfikowaniu przyczyny problemu i ustaleniu odpowiedniej naprawy lub wymiany. Dzia\u0142ania takie jak regularne przegl\u0105dy, prawid\u0142owa instalacja i konserwacja mog\u0105 pom\u00f3c zapobiec potencjalnym awariom.<\/p>\n<p><img decoding=\"async\" src=\"https:\/\/www.hydraulic-cylinders.net\/wp-content\/uploads\/2025\/01\/songte-bushings-with-all-kinds-of-excavator-models.webp\" alt=\"Obraz cylindra wiadra\"><\/p>\n<h2>O naszej firmie<\/h2>\n<p>Jeste\u015bmy producentem cylindr\u00f3w hydraulicznych, kt\u00f3re doskonale zast\u0119puj\u0105 tradycyjne cylindry hydrauliczne. Nasza firma oferuje pe\u0142n\u0105 gam\u0119 produkt\u00f3w i sta\u0142a si\u0119 jednym z wiod\u0105cych producent\u00f3w i hurtowych dystrybutor\u00f3w cylindr\u00f3w hydraulicznych na rynku krajowym i mi\u0119dzynarodowym. Przestrzegamy zasad doskona\u0142ej jako\u015bci i opieramy si\u0119 na zindustrializowanych strategiach zarz\u0105dzania produkcj\u0105 w precyzyjnie dopracowanych warsztatach produkcyjnych. Nasza firma stale udoskonala swoj\u0105 platform\u0119 produkcyjn\u0105, wykorzystuj\u0105c talenty technologiczne, cyfrowy sprz\u0119t produkcyjny wysokiej klasy oraz profesjonalne systemy testowe, doskonal\u0105c jako\u015b\u0107 linii produkcyjnej i dysponuj\u0105c silnymi zdolno\u015bciami kreatywnymi. Spe\u0142niamy zr\u00f3\u017cnicowane potrzeby klient\u00f3w, kieruj\u0105c si\u0119 zasadami wysokiej wydajno\u015bci, precyzji i jako\u015bci.<\/p>\n<p><img decoding=\"async\" src=\"https:\/\/hzpt.com\/wp-content\/uploads\/2024\/11\/songte-company-1.webp\" alt=\"Obraz cylindra wiadra\"><\/p>\n<h3>Profesjonalizm<\/h3>\n<p>W naszej firmie pracuje zesp\u00f3\u0142 profesjonalnych in\u017cynier\u00f3w i technik\u00f3w, kt\u00f3rych misj\u0105 jest dostarczanie naszym klientom wysokiej jako\u015bci produkt\u00f3w i us\u0142ug.<\/p>\n<h3>Certyfikaty mi\u0119dzynarodowe<\/h3>\n<p>Nasza firma uzyska\u0142a szereg mi\u0119dzynarodowych certyfikat\u00f3w, takich jak ISO 9001, CE i SGS, kt\u00f3re gwarantuj\u0105, \u017ce nasze produkty spe\u0142niaj\u0105 mi\u0119dzynarodowe standardy jako\u015bci.<\/p>\n<h3>Us\u0142ugi personalizacji<\/h3>\n<p>Nasza firma oferuje us\u0142ugi dostosowywania cylindr\u00f3w hydraulicznych do indywidualnych potrzeb klient\u00f3w.<\/p>\n<h3>Sprz\u0119t produkcyjny<\/h3>\n<p>Nasza firma dysponuje zaawansowanym sprz\u0119tem produkcyjnym, takim jak tokarki CNC, frezarki i spawarki, kt\u00f3re zapewniaj\u0105 precyzj\u0119 i jako\u015b\u0107 naszych produkt\u00f3w.<\/p>\n<h3>Us\u0142ugi posprzeda\u017cowe<\/h3>\n<p>Nasza firma zapewnia doskona\u0142\u0105 obs\u0142ug\u0119 posprzeda\u017cow\u0105, obejmuj\u0105c\u0105 wsparcie techniczne, naprawy i wymiany.<\/p>\n<h4>Autor: lyl<\/h4>","protected":false},"excerpt":{"rendered":"<p>Bucket Cylinder For XGMA Wheel Excavator XG815W Introduction The bucket cylinder, also known as a hydraulic cylinder, is a specifically designed hydraulic component used to control the movement of the bucket in heavy machinery such as excavators, backhoes, and front-end loaders. Its primary function is to enable the bucket to lift, lower, and tilt, making [&hellip;]<\/p>","protected":false},"featured_media":14776,"comment_status":"open","ping_status":"closed","template":"","meta":{"_et_pb_use_builder":"","_et_pb_old_content":"","_et_gb_content_width":""},"product_brand":[],"product_cat":[1494],"product_tag":[1495,1496],"class_list":{"0":"post-15605","1":"product","2":"type-product","3":"status-publish","4":"has-post-thumbnail","6":"product_cat-bucket-cylinders","7":"product_tag-bucket-cylinders","8":"product_tag-hydraulic-cylinders","10":"first","11":"instock","12":"shipping-taxable","13":"product-type-simple"},"amp_enabled":true,"_links":{"self":[{"href":"https:\/\/www.hydraulic-cylinders.net\/pl\/wp-json\/wp\/v2\/product\/15605","targetHints":{"allow":["GET"]}}],"collection":[{"href":"https:\/\/www.hydraulic-cylinders.net\/pl\/wp-json\/wp\/v2\/product"}],"about":[{"href":"https:\/\/www.hydraulic-cylinders.net\/pl\/wp-json\/wp\/v2\/types\/product"}],"replies":[{"embeddable":true,"href":"https:\/\/www.hydraulic-cylinders.net\/pl\/wp-json\/wp\/v2\/comments?post=15605"}],"wp:featuredmedia":[{"embeddable":true,"href":"https:\/\/www.hydraulic-cylinders.net\/pl\/wp-json\/wp\/v2\/media\/14776"}],"wp:attachment":[{"href":"https:\/\/www.hydraulic-cylinders.net\/pl\/wp-json\/wp\/v2\/media?parent=15605"}],"wp:term":[{"taxonomy":"product_brand","embeddable":true,"href":"https:\/\/www.hydraulic-cylinders.net\/pl\/wp-json\/wp\/v2\/product_brand?post=15605"},{"taxonomy":"product_cat","embeddable":true,"href":"https:\/\/www.hydraulic-cylinders.net\/pl\/wp-json\/wp\/v2\/product_cat?post=15605"},{"taxonomy":"product_tag","embeddable":true,"href":"https:\/\/www.hydraulic-cylinders.net\/pl\/wp-json\/wp\/v2\/product_tag?post=15605"}],"curies":[{"name":"wp","href":"https:\/\/api.w.org\/{rel}","templated":true}]}}