{"id":15607,"date":"2025-01-19T14:44:32","date_gmt":"2025-01-19T14:44:32","guid":{"rendered":"https:\/\/www.hydraulic-cylinders.net\/product\/bucket-cylinder-for-lonking-small-excavator-lg6075\/"},"modified":"2025-01-19T14:44:34","modified_gmt":"2025-01-19T14:44:34","slug":"bucket-cylinder-for-lonking-small-excavator-lg6075","status":"publish","type":"product","link":"https:\/\/www.hydraulic-cylinders.net\/pl\/produkt\/bucket-cylinder-for-lonking-small-excavator-lg6075\/","title":{"rendered":"Cylinder \u0142y\u017cki do ma\u0142ej koparki Lonking LG6075"},"content":{"rendered":"<p><!DOCTYPE html><br \/>\n<html><br \/>\n<head><br \/>\n<title>Cylinder \u0142y\u017cki do ma\u0142ej koparki Lonking LG6075<\/title><br \/>\n<\/head><br \/>\n<body><\/p>\n<h1>Cylinder \u0142y\u017cki do ma\u0142ej koparki Lonking LG6075<\/h1>\n<h2>Wst\u0119p<\/h2>\n<p>Si\u0142ownik \u0142y\u017cki to specjalnie zaprojektowany si\u0142ownik hydrauliczny s\u0142u\u017c\u0105cy do sterowania ruchem \u0142y\u017cki w ci\u0119\u017ckich maszynach, takich jak koparki, koparko-\u0142adowarki i \u0142adowarki czo\u0142owe. Jego g\u0142\u00f3wn\u0105 funkcj\u0105 jest podnoszenie, opuszczanie i przechylanie \u0142y\u017cki, u\u0142atwiaj\u0105c r\u00f3\u017cnorodne zadania zwi\u0105zane z prze\u0142adunkiem materia\u0142\u00f3w. W uk\u0142adzie hydraulicznym si\u0142ownik \u0142y\u017cki zapewnia precyzyjn\u0105 kontrol\u0119 nad \u0142y\u017ck\u0105, wykorzystuj\u0105c zmiany ci\u015bnienia w oleju hydraulicznym, umo\u017cliwiaj\u0105c operatorom wydajne przenoszenie du\u017cych \u0142adunk\u00f3w i dostosowywanie si\u0119 do z\u0142o\u017conych warunk\u00f3w pracy oraz zr\u00f3\u017cnicowanych wymaga\u0144.<\/p>\n<p><img decoding=\"async\" src=\"https:\/\/www.hydraulic-cylinders.net\/wp-content\/uploads\/2025\/01\/songte-company-2.webp\"><\/p>\n<h2>Cechy<\/h2>\n<ul>\n<li>Wysoka wytrzyma\u0142o\u015b\u0107 i trwa\u0142o\u015b\u0107: Zazwyczaj wykonane z wysokowytrzyma\u0142ej stali lub aluminium, wytrzymuj\u0105 du\u017ce ci\u015bnienie i du\u017ce obci\u0105\u017cenia, s\u0105 przystosowane do trudnych warunk\u00f3w pracy oraz zaprojektowane z uwzgl\u0119dnieniem odporno\u015bci na zu\u017cycie i korozj\u0119, aby wyd\u0142u\u017cy\u0107 okres eksploatacji.<\/li>\n<li>Wydajne dzia\u0142anie uk\u0142adu hydraulicznego: Wykorzystuje ci\u015bnienie oleju hydraulicznego w celu uzyskania p\u0142ynnych ruch\u00f3w wysuwania i wsuwania, umo\u017cliwia szybk\u0105 reakcj\u0119 na polecenia steruj\u0105ce, zapewnia du\u017ce si\u0142y pchaj\u0105ce i ci\u0105gn\u0105ce, odpowiednie do obs\u0142ugi ci\u0119\u017ckich \u0142adunk\u00f3w i wykonywania skomplikowanych zada\u0144.<\/li>\n<li>R\u00f3\u017cne typy: Dost\u0119pne w wersji jednostronnego dzia\u0142ania (ci\u015bnienie hydrauliczne tylko w jednym kierunku) lub dwustronnego dzia\u0142ania (ci\u015bnienie hydrauliczne w obu kierunkach), co pozwala na spe\u0142nienie r\u00f3\u017cnych wymaga\u0144 operacyjnych. Niekt\u00f3re modele s\u0105 teleskopowe, co pozwala na wi\u0119ksze wyd\u0142u\u017cenie bez zwi\u0119kszania wymiar\u00f3w zewn\u0119trznych, i nadaje si\u0119 do zastosowa\u0144 w ograniczonej przestrzeni.<\/li>\n<li>Idealna wymiana: Nasze produkty mog\u0105 idealnie zast\u0105pi\u0107 te cylindry hydrauliczne.<\/li>\n<\/ul>\n<p><img decoding=\"async\" src=\"https:\/\/www.hydraulic-cylinders.net\/wp-content\/uploads\/2025\/01\/songte-cylinder-head-with-all-kinds-excavator-models.webp\"><\/p>\n<h2>Aplikacje<\/h2>\n<p>Cylinder kube\u0142kowy znajduje zastosowanie w r\u00f3\u017cnorodnych urz\u0105dzeniach:<\/p>\n<ul>\n<li>Maszyny budowlane: Znajduj\u0105 si\u0119 w koparkach i s\u0105 niezb\u0119dne do wykopywania, za\u0142adunku i przemieszczania gleby lub gruzu. W koparko-\u0142adowarkach si\u0142ownik \u0142y\u017cki wspomaga zar\u00f3wno kopanie, jak i podnoszenie.<\/li>\n<li>Maszyny rolnicze: Stosowane w \u0142adowarkach czo\u0142owych do nabierania, podnoszenia i transportu gleby, siana i innych materia\u0142\u00f3w.<\/li>\n<li>Koparki: Cylinder \u0142y\u017cki umo\u017cliwia kopanie poprzez umo\u017cliwienie \u0142y\u017cce wnikania w gleb\u0119.<\/li>\n<li>\u0141adowarki: W \u0142adowarkach czo\u0142owych pomagaj\u0105 w wydajnym podnoszeniu i wysypywaniu towar\u00f3w.<\/li>\n<\/ul>\n<h2>Zagadnienia projektowe i kryteria wyboru<\/h2>\n<p>Przy rozwa\u017caniu kwestii projektowych nale\u017cy wzi\u0105\u0107 pod uwag\u0119 kilka kluczowych czynnik\u00f3w:<\/p>\n<ul>\n<li>No\u015bno\u015b\u0107: Cylinder \u0142y\u017cki powinien by\u0107 zaprojektowany tak, aby wytrzyma\u0107 zamierzone obci\u0105\u017cenie i napr\u0119\u017cenie.<\/li>\n<li>Uszczelnienie: Aby zapewni\u0107 skuteczne uszczelnienie, stosuje si\u0119 r\u00f3\u017cne rodzaje uszczelnie\u0144, takie jak uszczelnienia t\u0142okowe i t\u0142oczyskowe, wykonane z materia\u0142\u00f3w odpornych na zu\u017cycie, takich jak poliuretan i kauczuk nitrylowy. Korpus cylindra i gwintowane powierzchnie ko\u0144cowe s\u0105 precyzyjnie obrabiane w celu zwi\u0119kszenia odporno\u015bci na zu\u017cycie.<\/li>\n<li>Trwa\u0142o\u015b\u0107: Si\u0142ownik czerpaka powinien by\u0107 zaprojektowany w taki spos\u00f3b, aby wytrzymywa\u0142 przewidywane warunki pracy i zapobiega\u0142 przedwczesnemu uszkodzeniu.<\/li>\n<li>Bezpiecze\u0144stwo: Aby zapobiec wypadkom podczas pracy, konstrukcja powinna uwzgl\u0119dnia\u0107 elementy bezpiecze\u0144stwa.<\/li>\n<li>\u0141atwo\u015b\u0107 konserwacji: Nale\u017cy zadba\u0107 o u\u0142atwienie konserwacji i naprawy cylindra \u0142y\u017cki.<\/li>\n<\/ul>\n<p><img decoding=\"async\" src=\"https:\/\/www.hydraulic-cylinders.net\/wp-content\/uploads\/2025\/01\/songte-oil-pipes-and-spare-parts.webp\"><\/p>\n<h2>Uszczelnianie i smarowanie<\/h2>\n<p>W si\u0142owniku czerpakowym zastosowano r\u00f3\u017cne rodzaje uszczelnie\u0144, takie jak uszczelnienia t\u0142okowe i t\u0142oczyskowe, wykonane z materia\u0142\u00f3w odpornych na zu\u017cycie, takich jak poliuretan i kauczuk nitrylowy. Korpus si\u0142ownika i gwintowane powierzchnie ko\u0144cowe s\u0105 precyzyjnie obrabiane w celu zwi\u0119kszenia odporno\u015bci na zu\u017cycie. Regularne smarowanie odpowiedni\u0105 ilo\u015bci\u0105 oleju hydraulicznego jest niezb\u0119dne dla zapewnienia p\u0142ynnej pracy.<\/p>\n<h2>Konserwacja i \u015brodki zapobiegawcze<\/h2>\n<p>Regularne kontrole i konserwacja zapobiegawcza s\u0105 kluczowe dla zapewnienia optymalnej wydajno\u015bci i trwa\u0142o\u015bci si\u0142ownika \u0142y\u017cki. Niekt\u00f3re zalecane \u015brodki obejmuj\u0105:<\/p>\n<ul>\n<li>Regularne kontrole: Sprawd\u017a, czy nie ma \u015blad\u00f3w zu\u017cycia, uszkodze\u0144 lub wyciek\u00f3w.<\/li>\n<li>Prawid\u0142owe smarowanie: Aby zapewni\u0107 p\u0142ynn\u0105 prac\u0119, nale\u017cy przestrzega\u0107 zalecanych procedur smarowania.<\/li>\n<li>Wymiana uszczelek i kontrola kalibracji: Wymie\u0144 zu\u017cyte uszczelki i przeprowad\u017a kontrol\u0119 kalibracji, aby zachowa\u0107 optymaln\u0105 wydajno\u015b\u0107.<\/li>\n<\/ul>\n<p><img decoding=\"async\" src=\"https:\/\/www.hydraulic-cylinders.net\/wp-content\/uploads\/2025\/01\/songte-chushion-collar.webp\"><\/p>\n<h2>Zagadnienia bezpiecze\u0144stwa i czynniki \u015brodowiskowe<\/h2>\n<p>Zapewnienie \u015brodk\u00f3w bezpiecze\u0144stwa podczas u\u017cytkowania cylindr\u00f3w czerpakowych jest niezwykle wa\u017cne. Nale\u017cy podj\u0105\u0107 odpowiednie \u015brodki bezpiecze\u0144stwa, aby zapobiec wypadkom i obra\u017ceniom. Dodatkowo nale\u017cy uwzgl\u0119dni\u0107 czynniki \u015brodowiskowe, takie jak w\u0142a\u015bciwa utylizacja oleju hydraulicznego i przestrzeganie przepis\u00f3w ochrony \u015brodowiska.<\/p>\n<h2>Rozwi\u0105zywanie problem\u00f3w i typowe problemy<\/h2>\n<p>W przypadku problem\u00f3w z si\u0142ownikiem \u0142y\u017cki, wa\u017cne jest dok\u0142adne zdiagnozowanie problemu. Do typowych problem\u00f3w nale\u017c\u0105: wyciek, niewystarczaj\u0105ca si\u0142a lub nieprawid\u0142owe ruchy. Nale\u017cy poda\u0107 wskaz\u00f3wki i rozwi\u0105zania dotycz\u0105ce rozwi\u0105zywania problem\u00f3w, aby pom\u00f3c czytelnikom skutecznie zdiagnozowa\u0107 i rozwi\u0105za\u0107 problemy. Nale\u017cy r\u00f3wnie\u017c zasugerowa\u0107 \u015brodki zapobiegawcze w celu zminimalizowania potencjalnych problem\u00f3w.<\/p>\n<p><img decoding=\"async\" src=\"https:\/\/www.hydraulic-cylinders.net\/wp-content\/uploads\/2025\/01\/songte-bushings-with-all-kinds-of-excavator-models.webp\"><\/p>\n<h2>Wniosek<\/h2>\n<p>Podsumowuj\u0105c, si\u0142ownik \u0142y\u017cki do ma\u0142ej koparki Lonking LG6075 to kluczowy element steruj\u0105cy ruchami \u0142y\u017cki w ci\u0119\u017ckich maszynach. Oferuje on wysok\u0105 wytrzyma\u0142o\u015b\u0107, trwa\u0142o\u015b\u0107, wydajne dzia\u0142anie uk\u0142adu hydraulicznego i szeroki zakres zastosowa\u0144. Prawid\u0142owe rozwi\u0105zania konstrukcyjne, uszczelnienia, smarowanie, konserwacja i \u015brodki bezpiecze\u0144stwa s\u0105 niezb\u0119dne dla optymalnej wydajno\u015bci i trwa\u0142o\u015bci. Nasza firma specjalizuje si\u0119 w produkcji zamiennych si\u0142ownik\u00f3w hydraulicznych i jest wiod\u0105cym producentem i dystrybutorem na rynku krajowym i mi\u0119dzynarodowym. Stawiamy na najwy\u017csz\u0105 jako\u015b\u0107, wykorzystuj\u0105c zaawansowany sprz\u0119t produkcyjny i profesjonalne systemy testowe, aby sprosta\u0107 zr\u00f3\u017cnicowanym potrzebom klient\u00f3w. Koncentruj\u0105c si\u0119 na wydajno\u015bci, precyzji i jako\u015bci, nasze produkty s\u0105 projektowane tak, aby przekracza\u0107 oczekiwania klient\u00f3w.<\/p>\n<p><img decoding=\"async\" src=\"https:\/\/hzpt.com\/wp-content\/uploads\/2024\/11\/songte-company-1.webp\"><\/p>\n<h2>O naszej firmie<\/h2>\n<p>Nasza firma jest producentem zamiennych cylindr\u00f3w hydraulicznych, oferuj\u0105c szerok\u0105 gam\u0119 produkt\u00f3w. Stali\u015bmy si\u0119 jednym z wiod\u0105cych producent\u00f3w i hurtowych dystrybutor\u00f3w cylindr\u00f3w hydraulicznych na rynku krajowym i mi\u0119dzynarodowym. Przestrzegamy zasad doskona\u0142ej jako\u015bci i stosujemy przemys\u0142owe strategie zarz\u0105dzania produkcj\u0105 w naszym nowoczesnym zak\u0142adzie produkcyjnym. Koncentruj\u0105c si\u0119 na kompetencjach technologicznych, zaawansowanym sprz\u0119cie do produkcji cyfrowej i profesjonalnych systemach testowych, stale ulepszamy nasz\u0105 platform\u0119 produkcyjn\u0105 i linie produkcyjne zapewniaj\u0105ce wysok\u0105 jako\u015b\u0107 produkt\u00f3w. Posiadamy silny potencja\u0142 kreatywny, a nasze zasady wysokiej wydajno\u015bci, dok\u0142adno\u015bci i jako\u015bci pozwalaj\u0105 nam sprosta\u0107 zr\u00f3\u017cnicowanym potrzebom klient\u00f3w. Zapewniamy profesjonalizm, mi\u0119dzynarodowe certyfikaty, us\u0142ugi dostosowane do indywidualnych potrzeb, zaawansowany sprz\u0119t produkcyjny oraz doskona\u0142\u0105 obs\u0142ug\u0119 posprzeda\u017cow\u0105.<\/p>\n<p><img decoding=\"async\" src=\"https:\/\/www.hydraulic-cylinders.net\/wp-content\/uploads\/2025\/01\/songte-company-3.webp\"><\/p>\n<p>Autor: lyl<\/p>\n<p><\/body><br \/>\n<\/html><\/p>","protected":false},"excerpt":{"rendered":"<p>Bucket Cylinder For Lonking Small Excavator LG6075 Bucket Cylinder For Lonking Small Excavator LG6075 Introduction The bucket cylinder is a specially designed hydraulic cylinder used to control the movement of the bucket in heavy machinery such as excavators, backhoe loaders, and front loaders. Its main function is to enable the lifting, lowering, and tilting of [&hellip;]<\/p>","protected":false},"featured_media":14771,"comment_status":"open","ping_status":"closed","template":"","meta":{"_et_pb_use_builder":"","_et_pb_old_content":"","_et_gb_content_width":""},"product_brand":[],"product_cat":[1494],"product_tag":[1495,1496],"class_list":{"0":"post-15607","1":"product","2":"type-product","3":"status-publish","4":"has-post-thumbnail","6":"product_cat-bucket-cylinders","7":"product_tag-bucket-cylinders","8":"product_tag-hydraulic-cylinders","10":"first","11":"instock","12":"shipping-taxable","13":"product-type-simple"},"amp_enabled":true,"_links":{"self":[{"href":"https:\/\/www.hydraulic-cylinders.net\/pl\/wp-json\/wp\/v2\/product\/15607","targetHints":{"allow":["GET"]}}],"collection":[{"href":"https:\/\/www.hydraulic-cylinders.net\/pl\/wp-json\/wp\/v2\/product"}],"about":[{"href":"https:\/\/www.hydraulic-cylinders.net\/pl\/wp-json\/wp\/v2\/types\/product"}],"replies":[{"embeddable":true,"href":"https:\/\/www.hydraulic-cylinders.net\/pl\/wp-json\/wp\/v2\/comments?post=15607"}],"wp:featuredmedia":[{"embeddable":true,"href":"https:\/\/www.hydraulic-cylinders.net\/pl\/wp-json\/wp\/v2\/media\/14771"}],"wp:attachment":[{"href":"https:\/\/www.hydraulic-cylinders.net\/pl\/wp-json\/wp\/v2\/media?parent=15607"}],"wp:term":[{"taxonomy":"product_brand","embeddable":true,"href":"https:\/\/www.hydraulic-cylinders.net\/pl\/wp-json\/wp\/v2\/product_brand?post=15607"},{"taxonomy":"product_cat","embeddable":true,"href":"https:\/\/www.hydraulic-cylinders.net\/pl\/wp-json\/wp\/v2\/product_cat?post=15607"},{"taxonomy":"product_tag","embeddable":true,"href":"https:\/\/www.hydraulic-cylinders.net\/pl\/wp-json\/wp\/v2\/product_tag?post=15607"}],"curies":[{"name":"wp","href":"https:\/\/api.w.org\/{rel}","templated":true}]}}