{"id":15618,"date":"2025-01-19T14:45:25","date_gmt":"2025-01-19T14:45:25","guid":{"rendered":"https:\/\/www.hydraulic-cylinders.net\/product\/bucket-cylinder-for-lonking-middle-excavator-lg6245\/"},"modified":"2025-01-19T14:45:27","modified_gmt":"2025-01-19T14:45:27","slug":"bucket-cylinder-for-lonking-middle-excavator-lg6245","status":"publish","type":"product","link":"https:\/\/www.hydraulic-cylinders.net\/pl\/produkt\/bucket-cylinder-for-lonking-middle-excavator-lg6245\/","title":{"rendered":"Si\u0142ownik \u0142y\u017cki do koparki Lonking Middle LG6245"},"content":{"rendered":"<p><!DOCTYPE html><br \/>\n<html><\/p>\n<p><head><br \/>\n    <title>Si\u0142ownik \u0142y\u017cki do koparki Lonking Middle LG6245<\/title><br \/>\n<\/head><\/p>\n<p><body><\/p>\n<h1>Si\u0142ownik \u0142y\u017cki do koparki Lonking Middle LG6245<\/h1>\n<h2>Definicja cylindra kube\u0142kowego<\/h2>\n<p>Si\u0142ownik \u0142y\u017cki to specjalnie zaprojektowany si\u0142ownik hydrauliczny s\u0142u\u017c\u0105cy do sterowania ruchem \u0142y\u017cki w ci\u0119\u017ckich maszynach, takich jak koparki, koparko-\u0142adowarki i \u0142adowarki czo\u0142owe. Jego g\u0142\u00f3wn\u0105 funkcj\u0105 jest podnoszenie, opuszczanie i przechylanie \u0142y\u017cki, u\u0142atwiaj\u0105c wykonywanie r\u00f3\u017cnych zada\u0144 zwi\u0105zanych z prze\u0142adunkiem materia\u0142\u00f3w. W uk\u0142adzie hydraulicznym si\u0142ownik \u0142y\u017cki zapewnia precyzyjn\u0105 kontrol\u0119 nad \u0142y\u017ck\u0105 poprzez zmiany ci\u015bnienia oleju hydraulicznego, umo\u017cliwiaj\u0105c operatorom wydajne przenoszenie ci\u0119\u017ckich \u0142adunk\u00f3w i dostosowywanie si\u0119 do z\u0142o\u017conych warunk\u00f3w pracy oraz zr\u00f3\u017cnicowanych wymaga\u0144.<\/p>\n<p>    <img decoding=\"async\" src=\"https:\/\/www.hydraulic-cylinders.net\/wp-content\/uploads\/2025\/01\/songte-company-2.webp\" alt=\"Obraz cylindra wiadra\"><\/p>\n<h2>Cechy cylindra kube\u0142kowego<\/h2>\n<ul>\n<li>Wysoka wytrzyma\u0142o\u015b\u0107 i trwa\u0142o\u015b\u0107: Zazwyczaj wykonany z wysokowytrzyma\u0142ej stali lub aluminium, wytrzymuje wysokie ci\u015bnienie i du\u017ce obci\u0105\u017cenia, dostosowuj\u0105c si\u0119 do trudnych warunk\u00f3w pracy. Konstrukcja uwzgl\u0119dnia odporno\u015b\u0107 na zu\u017cycie i korozj\u0119, co wyd\u0142u\u017ca jego \u017cywotno\u015b\u0107.<\/li>\n<li>Wydajna praca uk\u0142adu hydraulicznego: Wykorzystuj\u0105c ci\u015bnienie oleju hydraulicznego do uzyskania p\u0142ynnych ruch\u00f3w wysuwania i wsuwania, urz\u0105dzenie mo\u017ce szybko reagowa\u0107 na polecenia steruj\u0105ce, zapewniaj\u0105c du\u017ce si\u0142y pchania i ci\u0105gni\u0119cia, odpowiednie do obs\u0142ugi ci\u0119\u017ckich \u0142adunk\u00f3w i wykonywania skomplikowanych zada\u0144.<\/li>\n<li>R\u00f3\u017cne typy: Dost\u0119pne w wersji jednostronnego dzia\u0142ania (hydrauliczne w jednym kierunku) lub dwustronnego dzia\u0142ania (hydrauliczne w obu kierunkach), aby sprosta\u0107 r\u00f3\u017cnym potrzebom operacyjnym. Niekt\u00f3re modele s\u0105 teleskopowe, co pozwala na wi\u0119ksze wysuni\u0119cie bez zwi\u0119kszania wymiar\u00f3w zewn\u0119trznych, i nadaje si\u0119 do zastosowa\u0144 w ograniczonej przestrzeni.<\/li>\n<\/ul>\n<p>    <img decoding=\"async\" src=\"https:\/\/www.hydraulic-cylinders.net\/wp-content\/uploads\/2025\/01\/songte-cylinder-head-with-all-kinds-excavator-models.webp\" alt=\"Typy cylindr\u00f3w kube\u0142kowych Obraz\"><\/p>\n<h2>Zastosowania cylindra kube\u0142kowego<\/h2>\n<ul>\n<li>Sprz\u0119t budowlany: Znajduj\u0105 si\u0119 w koparkach i s\u0105 niezb\u0119dne do wykop\u00f3w, za\u0142adunku i przemieszczania gleby lub gruzu. W koparko-\u0142adowarkach cylindry \u0142y\u017cki wspomagaj\u0105 zar\u00f3wno kopanie, jak i podnoszenie.<\/li>\n<li>Maszyny rolnicze: Stosowane w \u0142adowarkach czo\u0142owych do nabierania, podnoszenia i transportu gleby, siana i innych materia\u0142\u00f3w.<\/li>\n<li>Koparki: Cylindry \u0142y\u017cki umo\u017cliwiaj\u0105 kopanie, pozwalaj\u0105c \u0142y\u017cce wnika\u0107 w gleb\u0119.<\/li>\n<li>\u0141adowarki: W \u0142adowarkach czo\u0142owych pomagaj\u0105 w efektywnym podnoszeniu i przechylaniu towar\u00f3w.<\/li>\n<\/ul>\n<h2>Zagadnienia projektowe i kryteria wyboru<\/h2>\n<ul>\n<li>No\u015bno\u015b\u0107: Om\u00f3w no\u015bno\u015b\u0107 cylindra i jej wp\u0142yw na proces doboru.<\/li>\n<li>Uszczelnienie: Dowiedz si\u0119, jak wa\u017cne jest prawid\u0142owe uszczelnienie, aby zapobiec przeciekom i zapewni\u0107 optymaln\u0105 wydajno\u015b\u0107.<\/li>\n<li>Trwa\u0142o\u015b\u0107: Om\u00f3w wymagania dotycz\u0105ce trwa\u0142o\u015bci i wp\u0142yw konstrukcji cylindra na jego \u017cywotno\u015b\u0107.<\/li>\n<li>Bezpiecze\u0144stwo: Podczas projektowania zwr\u00f3\u0107 uwag\u0119 na kwestie bezpiecze\u0144stwa, takie jak parametry ci\u015bnienia i funkcje bezpiecze\u0144stwa.<\/li>\n<li>Konserwacja: Om\u00f3w wymagania dotycz\u0105ce konserwacji oraz w jaki spos\u00f3b konstrukcja u\u0142atwia konserwacj\u0119 i naprawy.<\/li>\n<\/ul>\n<p>    <img decoding=\"async\" src=\"https:\/\/www.hydraulic-cylinders.net\/wp-content\/uploads\/2025\/01\/songte-oil-pipes-and-spare-parts.webp\" alt=\"Obraz cz\u0119\u015bci cylindra hydraulicznego\"><\/p>\n<h2>Uszczelnianie i smarowanie<\/h2>\n<p>W cylindrze czerpakowym zastosowano r\u00f3\u017cnorodne elementy uszczelniaj\u0105ce, takie jak uszczelnienia t\u0142oka i t\u0142oczyska, wykonane z materia\u0142\u00f3w odpornych na zu\u017cycie, takich jak poliuretan i kauczuk nitrylowy. Korpus cylindra i gwintowane ko\u0144c\u00f3wki s\u0105 poddawane precyzyjnej obr\u00f3bce w celu zwi\u0119kszenia odporno\u015bci na zu\u017cycie. Regularne smarowanie odpowiednim olejem hydraulicznym jest niezb\u0119dne dla zapewnienia p\u0142ynnej pracy i d\u0142ugiej \u017cywotno\u015bci.<\/p>\n<h2>Regularne kontrole i konserwacja zapobiegawcza<\/h2>\n<ul>\n<li>Regularnie sprawdzaj cylinder pod k\u0105tem uszkodze\u0144, nieszczelno\u015bci lub nienormalnego zu\u017cycia.<\/li>\n<li>Prawid\u0142owe smarowanie wszystkich ruchomych cz\u0119\u015bci.<\/li>\n<li>Okresowo wymieniaj zu\u017cyte uszczelki i podk\u0142adki.<\/li>\n<\/ul>\n<h2>Prawid\u0142owe wytyczne dotycz\u0105ce instalacji<\/h2>\n<p>Podczas instalacji kluczowe jest prawid\u0142owe ustawienie cylindra. Prosimy o udzielenie wskaz\u00f3wek dotycz\u0105cych ustawienia cylindra i zalecenie u\u017cycia odpowiednich wspornik\u00f3w monta\u017cowych do jego zabezpieczenia. Dodatkowo prosimy o przedstawienie rekomendowanych procedur kontroli, naprawy i wymiany oraz o udzielenie wskaz\u00f3wek dotycz\u0105cych wyd\u0142u\u017cenia \u017cywotno\u015bci cylindra kube\u0142kowego.<\/p>\n<p>    <img decoding=\"async\" src=\"https:\/\/www.hydraulic-cylinders.net\/wp-content\/uploads\/2025\/01\/songte-chushion-collar.webp\" alt=\"Obraz przewodnika instalacji\"><\/p>\n<h2>Zagadnienia bezpiecze\u0144stwa i czynniki \u015brodowiskowe<\/h2>\n<p>Podkre\u015bl znaczenie \u015brodk\u00f3w bezpiecze\u0144stwa podczas pracy z cylindrami czerpakowymi i zwr\u00f3\u0107 uwag\u0119 na wszelkie czynniki \u015brodowiskowe zwi\u0105zane z ich u\u017cytkowaniem.<\/p>\n<h2>Diagnostyka usterek i typowe problemy<\/h2>\n<p>Om\u00f3w mo\u017cliwe usterki i typowe problemy, kt\u00f3re mog\u0105 wyst\u0105pi\u0107 w si\u0142ownikach czerpakowych. Podaj wskaz\u00f3wki i rozwi\u0105zania dotycz\u0105ce rozwi\u0105zywania problem\u00f3w, aby pom\u00f3c czytelnikom skutecznie diagnozowa\u0107 i rozwi\u0105zywa\u0107 problemy. Podkre\u015bl znaczenie \u015brodk\u00f3w zapobiegawczych w celu minimalizacji potencjalnych problem\u00f3w.<\/p>\n<p>    <img decoding=\"async\" src=\"https:\/\/www.hydraulic-cylinders.net\/wp-content\/uploads\/2025\/01\/songte-bushings-with-all-kinds-of-excavator-models.webp\" alt=\"Diagnostyka usterek i rozwi\u0105zywanie problem\u00f3w Obraz\"><\/p>\n<h2>O naszej firmie<\/h2>\n<p>Jeste\u015bmy wiod\u0105cym producentem i hurtowym dystrybutorem zamiennych si\u0142ownik\u00f3w hydraulicznych, oferuj\u0105cym kompleksow\u0105 gam\u0119 produkt\u00f3w. Koncentruj\u0105c si\u0119 na najwy\u017cszej jako\u015bci, stosujemy przemys\u0142owe strategie zarz\u0105dzania produkcj\u0105 w naszych udoskonalonych warsztatach produkcyjnych. Stale udoskonalamy nasz\u0105 platform\u0119 produkcyjn\u0105, inwestuj\u0105c w talenty techniczne, zaawansowany sprz\u0119t do produkcji cyfrowej oraz profesjonalne systemy testowe. Pozwala nam to sprosta\u0107 zr\u00f3\u017cnicowanym wymaganiom klient\u00f3w, zapewniaj\u0105c wysok\u0105 wydajno\u015b\u0107, precyzj\u0119 i jako\u015b\u0107.<\/p>\n<p>    <img decoding=\"async\" src=\"https:\/\/www.hydraulic-cylinders.net\/wp-content\/uploads\/2025\/01\/songte-company-3.webp\" alt=\"Wizerunek firmy\"><\/p>\n<h3>Profesjonalizm<\/h3>\n<p>Jeste\u015bmy dumni z naszego profesjonalizmu i wiedzy specjalistycznej w dziedzinie si\u0142ownik\u00f3w hydraulicznych. Nasz zesp\u00f3\u0142 sk\u0142ada si\u0119 z wykwalifikowanych specjalist\u00f3w, kt\u00f3rzy dbaj\u0105 o dostarczanie produkt\u00f3w i us\u0142ug najwy\u017cszej jako\u015bci.<\/p>\n<h3>Mi\u0119dzynarodowa Certyfikacja<\/h3>\n<p>Uzyskali\u015bmy szereg mi\u0119dzynarodowych certyfikat\u00f3w, kt\u00f3re gwarantuj\u0105, \u017ce nasze produkty spe\u0142niaj\u0105 najwy\u017csze standardy bran\u017cowe.<\/p>\n<h3>Us\u0142ugi personalizacji<\/h3>\n<p>Oferujemy us\u0142ugi dostosowywania do indywidualnych potrzeb klient\u00f3w, dostarczaj\u0105c rozwi\u0105zania dostosowane do r\u00f3\u017cnych zastosowa\u0144.<\/p>\n<h3>Sprz\u0119t produkcyjny<\/h3>\n<p>Dysponujemy najnowocze\u015bniejszym sprz\u0119tem produkcyjnym, kt\u00f3ry pozwala nam na wydajn\u0105 produkcj\u0119 wysokiej jako\u015bci cylindr\u00f3w hydraulicznych.<\/p>\n<h3>Serwis posprzeda\u017cowy<\/h3>\n<p>Nasze zaanga\u017cowanie na rzecz zadowolenia klienta obejmuje r\u00f3wnie\u017c obs\u0142ug\u0119 posprzeda\u017cow\u0105, zapewniaj\u0105c szybk\u0105 pomoc i wsparcie.<\/p>\n<p>    <img decoding=\"async\" src=\"https:\/\/hzpt.com\/wp-content\/uploads\/2024\/11\/songte-company-1.webp\" alt=\"Wizerunek firmy\"><\/p>\n<p>Autor: lyl<\/p>\n<p><\/body><\/p>\n<p><\/html><\/p>","protected":false},"excerpt":{"rendered":"<p>Bucket Cylinder For Lonking Middle Excavator LG6245 Bucket Cylinder For Lonking Middle Excavator LG6245 Definition of Bucket Cylinder A bucket cylinder is a specially designed hydraulic cylinder used to control the movement of the bucket in heavy machinery such as excavators, backhoe loaders, and front-end loaders. Its main function is to allow the bucket to [&hellip;]<\/p>","protected":false},"featured_media":14780,"comment_status":"open","ping_status":"closed","template":"","meta":{"_et_pb_use_builder":"","_et_pb_old_content":"","_et_gb_content_width":""},"product_brand":[],"product_cat":[1494],"product_tag":[1495,1496],"class_list":{"0":"post-15618","1":"product","2":"type-product","3":"status-publish","4":"has-post-thumbnail","6":"product_cat-bucket-cylinders","7":"product_tag-bucket-cylinders","8":"product_tag-hydraulic-cylinders","10":"first","11":"instock","12":"shipping-taxable","13":"product-type-simple"},"amp_enabled":true,"_links":{"self":[{"href":"https:\/\/www.hydraulic-cylinders.net\/pl\/wp-json\/wp\/v2\/product\/15618","targetHints":{"allow":["GET"]}}],"collection":[{"href":"https:\/\/www.hydraulic-cylinders.net\/pl\/wp-json\/wp\/v2\/product"}],"about":[{"href":"https:\/\/www.hydraulic-cylinders.net\/pl\/wp-json\/wp\/v2\/types\/product"}],"replies":[{"embeddable":true,"href":"https:\/\/www.hydraulic-cylinders.net\/pl\/wp-json\/wp\/v2\/comments?post=15618"}],"wp:featuredmedia":[{"embeddable":true,"href":"https:\/\/www.hydraulic-cylinders.net\/pl\/wp-json\/wp\/v2\/media\/14780"}],"wp:attachment":[{"href":"https:\/\/www.hydraulic-cylinders.net\/pl\/wp-json\/wp\/v2\/media?parent=15618"}],"wp:term":[{"taxonomy":"product_brand","embeddable":true,"href":"https:\/\/www.hydraulic-cylinders.net\/pl\/wp-json\/wp\/v2\/product_brand?post=15618"},{"taxonomy":"product_cat","embeddable":true,"href":"https:\/\/www.hydraulic-cylinders.net\/pl\/wp-json\/wp\/v2\/product_cat?post=15618"},{"taxonomy":"product_tag","embeddable":true,"href":"https:\/\/www.hydraulic-cylinders.net\/pl\/wp-json\/wp\/v2\/product_tag?post=15618"}],"curies":[{"name":"wp","href":"https:\/\/api.w.org\/{rel}","templated":true}]}}