{"id":15622,"date":"2025-01-19T14:45:41","date_gmt":"2025-01-19T14:45:41","guid":{"rendered":"https:\/\/www.hydraulic-cylinders.net\/product\/bucket-cylinder-for-jcm-small-excavator-jcm913b\/"},"modified":"2025-01-19T14:45:43","modified_gmt":"2025-01-19T14:45:43","slug":"bucket-cylinder-for-jcm-small-excavator-jcm913b","status":"publish","type":"product","link":"https:\/\/www.hydraulic-cylinders.net\/pl\/produkt\/bucket-cylinder-for-jcm-small-excavator-jcm913b\/","title":{"rendered":"Si\u0142ownik \u0142y\u017cki do ma\u0142ej koparki JCM JCM913B"},"content":{"rendered":"<h1>Si\u0142ownik \u0142y\u017cki do ma\u0142ej koparki JCM JCM913B<\/h1>\n<h2>Wst\u0119p<\/h2>\n<p>Si\u0142ownik \u0142y\u017cki to specjalnie zaprojektowany si\u0142ownik hydrauliczny, u\u017cywany g\u0142\u00f3wnie do sterowania ruchem \u0142y\u017cki w ci\u0119\u017ckich maszynach, takich jak koparki, koparko-\u0142adowarki i \u0142adowarki czo\u0142owe. Jego g\u0142\u00f3wn\u0105 funkcj\u0105 jest podnoszenie, opuszczanie i przechylanie \u0142y\u017cki, u\u0142atwiaj\u0105c wykonywanie r\u00f3\u017cnych zada\u0144 zwi\u0105zanych z prze\u0142adunkiem materia\u0142\u00f3w. W uk\u0142adzie hydraulicznym si\u0142ownik \u0142y\u017cki zapewnia precyzyjn\u0105 kontrol\u0119 ruchu \u0142y\u017cki poprzez zmian\u0119 ci\u015bnienia oleju hydraulicznego, umo\u017cliwiaj\u0105c operatorom wydajne przenoszenie ci\u0119\u017ckich przedmiot\u00f3w i dostosowanie si\u0119 do z\u0142o\u017conych warunk\u00f3w pracy oraz zr\u00f3\u017cnicowanych potrzeb operacyjnych.<\/p>\n<p><img decoding=\"async\" src=\"https:\/\/www.hydraulic-cylinders.net\/wp-content\/uploads\/2025\/01\/songte-company-2.webp\"><\/p>\n<h2>Cechy<\/h2>\n<ul>\n<li>Wysoka wytrzyma\u0142o\u015b\u0107 i trwa\u0142o\u015b\u0107: Zazwyczaj wykonany z wysokowytrzyma\u0142ej stali lub aluminium, wytrzymuje wysokie ci\u015bnienie i du\u017ce obci\u0105\u017cenia, dostosowuj\u0105c si\u0119 do trudnych warunk\u00f3w pracy. Konstrukcja uwzgl\u0119dnia odporno\u015b\u0107 na zu\u017cycie i korozj\u0119, aby wyd\u0142u\u017cy\u0107 \u017cywotno\u015b\u0107.<\/li>\n<li>Wydajna praca uk\u0142adu hydraulicznego: P\u0142ynne dzia\u0142anie teleskopowe uzyskano dzi\u0119ki wykorzystaniu ci\u015bnienia oleju hydraulicznego, co pozwala na szybk\u0105 reakcj\u0119 na polecenia steruj\u0105ce i zapewnia du\u017ce si\u0142y pchania i ci\u0105gni\u0119cia, odpowiednie do podnoszenia ci\u0119\u017ckich przedmiot\u00f3w i wykonywania skomplikowanych zada\u0144.<\/li>\n<li>R\u00f3\u017cne typy: Si\u0142owniki jednostronnego dzia\u0142ania (hydrauliczne w jednym kierunku) lub dwustronnego dzia\u0142ania (hydrauliczne w obu kierunkach) mo\u017cna dobra\u0107 w zale\u017cno\u015bci od potrzeb. Niekt\u00f3re modele s\u0105 teleskopowe, co pozwala na wi\u0119ksze wysuni\u0119cie bez zwi\u0119kszania wymiar\u00f3w zewn\u0119trznych i jest odpowiednie do zastosowa\u0144 w ograniczonej przestrzeni.<\/li>\n<li>\u0141atwa wymiana: Nasz produkt doskonale zast\u0105pi te si\u0142owniki hydrauliczne.<\/li>\n<\/ul>\n<p><img decoding=\"async\" src=\"https:\/\/www.hydraulic-cylinders.net\/wp-content\/uploads\/2025\/01\/songte-cylinder-head-with-all-kinds-excavator-models.webp\"><\/p>\n<h2>Aplikacje<\/h2>\n<p>Cylindry kube\u0142kowe s\u0105 szeroko stosowane w r\u00f3\u017cnych dziedzinach, takich jak:<\/p>\n<ul>\n<li>Sprz\u0119t budowlany: W koparkach s\u0105 one niezb\u0119dne do kopania, za\u0142adunku i przemieszczania gleby lub gruzu. W koparko-\u0142adowarkach si\u0142ownik \u0142y\u017cki u\u0142atwia kopanie i podnoszenie. <\/li>\n<li>Maszyny rolnicze: Stosowane w \u0142adowarkach czo\u0142owych, s\u0142u\u017c\u0105 do nabierania, podnoszenia i transportu gleby, siana i innych materia\u0142\u00f3w. <\/li>\n<li>Koparki: Cylinder \u0142y\u017cki umo\u017cliwia jej zag\u0142\u0119bianie si\u0119 w gleb\u0119 i wykonywanie prac wykopaliskowych. <\/li>\n<li>\u0141adowarki czo\u0142owe: u\u0142atwiaj\u0105 efektywne podnoszenie i roz\u0142adowywanie towar\u00f3w.<\/li>\n<\/ul>\n<h2>Zagadnienia projektowe i kryteria wyboru<\/h2>\n<p>Przy rozwa\u017caniach projektowych i kryteriach wyboru cylindr\u00f3w kube\u0142kowych nale\u017cy wzi\u0105\u0107 pod uwag\u0119 kilka aspekt\u00f3w:<\/p>\n<ul>\n<li>No\u015bno\u015b\u0107: Cylinder musi wytrzyma\u0107 maksymalne obci\u0105\u017cenie, jakiemu b\u0119dzie poddawany.<\/li>\n<li>Uszczelnienie: Aby zagwarantowa\u0107 szczelno\u015b\u0107 cylindra, nale\u017cy dobra\u0107 r\u00f3\u017cne elementy uszczelniaj\u0105ce, takie jak uszczelki t\u0142oka i uszczelki t\u0142oczyska.<\/li>\n<li>Trwa\u0142o\u015b\u0107: Cylinder powinien by\u0107 wykonany z materia\u0142\u00f3w wysokiej jako\u015bci, aby by\u0142 odporny na zu\u017cycie i uszkodzenia, a tak\u017ce aby wyd\u0142u\u017cy\u0107 jego \u017cywotno\u015b\u0107.<\/li>\n<li>Bezpiecze\u0144stwo: Bezpiecze\u0144stwo jest kwesti\u0105 kluczow\u0105, a wszystkie podzespo\u0142y musz\u0105 by\u0107 zaprojektowane tak, aby zapobiega\u0107 wypadkom i gwarantowa\u0107 prawid\u0142owe dzia\u0142anie.<\/li>\n<li>Konserwacja: Cylinder powinien by\u0107 zaprojektowany w spos\u00f3b umo\u017cliwiaj\u0105cy \u0142atw\u0105 konserwacj\u0119, a wszystkie jego podzespo\u0142y musz\u0105 by\u0107 \u0142atwo dost\u0119pne w celu przeprowadzenia kontroli, wymiany lub naprawy.<\/li>\n<\/ul>\n<p><img decoding=\"async\" src=\"https:\/\/www.hydraulic-cylinders.net\/wp-content\/uploads\/2025\/01\/songte-oil-pipes-and-spare-parts.webp\"><\/p>\n<h2>Uszczelnianie i smarowanie<\/h2>\n<p>Si\u0142owniki kube\u0142kowe wykorzystuj\u0105 r\u00f3\u017cne elementy uszczelniaj\u0105ce, takie jak uszczelnienia t\u0142oka i t\u0142oczyska, aby zapewni\u0107 ich szczelno\u015b\u0107. Elementy te wykonane s\u0105 z materia\u0142\u00f3w odpornych na zu\u017cycie, takich jak poliuretan i kauczuk nitrylowy. Korpus cylindra i gwintowana powierzchnia ko\u0144cowa s\u0105 uszlachetnione w celu zwi\u0119kszenia odporno\u015bci na zu\u017cycie, a do smarowania cylindra nale\u017cy regularnie dolewa\u0107 odpowiedni\u0105 ilo\u015b\u0107 oleju hydraulicznego.<\/p>\n<h2>Konserwacja zapobiegawcza i rozwi\u0105zywanie problem\u00f3w<\/h2>\n<p>Konserwacja zapobiegawcza i rozwi\u0105zywanie problem\u00f3w s\u0105 niezb\u0119dne dla zapewnienia prawid\u0142owego dzia\u0142ania cylindra \u0142y\u017cki. Typowe czynno\u015bci konserwacyjne obejmuj\u0105:<\/p>\n<ul>\n<li>Regularna kontrola: Sprawd\u017a, czy nie ma wyciek\u00f3w, uszkodze\u0144 lub \u015blad\u00f3w zu\u017cycia.<\/li>\n<li>Smarowanie: Aby zapobiec uszkodzeniu cylindra, nale\u017cy stosowa\u0107 odpowiednie \u015brodki smaruj\u0105ce.<\/li>\n<li>Wymiana uszczelek: Aby zachowa\u0107 szczelno\u015b\u0107 cylindra, nale\u017cy regularnie wymienia\u0107 elementy uszczelniaj\u0105ce.<\/li>\n<li>Kontrola kalibracji: Aby zapewni\u0107 prawid\u0142owe dzia\u0142anie cylindra, nale\u017cy regularnie sprawdza\u0107 i regulowa\u0107 jego kalibracj\u0119.<\/li>\n<\/ul>\n<p>Prawid\u0142owy monta\u017c i prawid\u0142owe ustawienie cylindra kube\u0142kowego jest niezwykle istotne. W razie potrzeby nale\u017cy u\u017cy\u0107 odpowiednich wspornik\u00f3w, aby pewnie zamocowa\u0107 cylinder. Aby zapewni\u0107 d\u0142ug\u0105 \u017cywotno\u015b\u0107 cylindra, nale\u017cy przestrzega\u0107 zalecanych procedur kontroli, naprawy i wymiany.<\/p>\n<p><img decoding=\"async\" src=\"https:\/\/www.hydraulic-cylinders.net\/wp-content\/uploads\/2025\/01\/songte-chushion-collar.webp\"><\/p>\n<h2>Zagadnienia bezpiecze\u0144stwa i czynniki \u015brodowiskowe<\/h2>\n<p>Bezpiecze\u0144stwo jest kluczowym czynnikiem podczas u\u017cytkowania cylindr\u00f3w kube\u0142kowych. Nale\u017cy podj\u0105\u0107 odpowiednie \u015brodki ostro\u017cno\u015bci, aby zapobiec wypadkom, a ca\u0142y personel musi by\u0107 odpowiednio przeszkolony. Czynniki \u015brodowiskowe, takie jak temperatura i wilgotno\u015b\u0107, r\u00f3wnie\u017c mog\u0105 wp\u0142ywa\u0107 na dzia\u0142anie cylindra i nale\u017cy je bra\u0107 pod uwag\u0119 podczas jego u\u017cytkowania.<\/p>\n<h2>Wniosek<\/h2>\n<p>Jeste\u015bmy producentem cylindr\u00f3w hydraulicznych, kt\u00f3re mog\u0105 zast\u0105pi\u0107 tradycyjne cylindry hydrauliczne. Oferujemy pe\u0142n\u0105 gam\u0119 produkt\u00f3w i stali\u015bmy si\u0119 jednym z wiod\u0105cych producent\u00f3w i hurtownik\u00f3w cylindr\u00f3w hydraulicznych na rynku krajowym i mi\u0119dzynarodowym. Nasza strategia zarz\u0105dzania produkcj\u0105 opiera si\u0119 na doskona\u0142ej jako\u015bci i przemys\u0142owym zarz\u0105dzaniu produkcj\u0105 w precyzyjnych warsztatach produkcyjnych. Nasza zaawansowana technologia, cyfrowy sprz\u0119t produkcyjny wysokiej klasy oraz profesjonalne systemy testowe stale ulepszaj\u0105 nasz\u0105 platform\u0119 produkcyjn\u0105 i poprawiaj\u0105 jako\u015b\u0107 produkt\u00f3w na naszej linii produkcyjnej. Dysponujemy silnym potencja\u0142em kreatywnym i d\u0105\u017cymy do zaspokojenia zr\u00f3\u017cnicowanych potrzeb klient\u00f3w, kieruj\u0105c si\u0119 zasadami wysokiej wydajno\u015bci, precyzji i jako\u015bci.<\/p>\n<p><img decoding=\"async\" src=\"https:\/\/hzpt.com\/wp-content\/uploads\/2024\/11\/songte-company-1.webp\"><\/p>\n<h2>O autorze<\/h2>\n<p>Autor: lyl<\/p>","protected":false},"excerpt":{"rendered":"<p>Bucket Cylinder For JCM Small Excavator JCM913B Introduction A bucket cylinder is a specially designed hydraulic cylinder primarily used to control the movement of the bucket in heavy machinery such as excavators, backhoe excavators, and front-end loaders. Its main function is to enable the bucket to be lifted, lowered, and tilted, making it easier to [&hellip;]<\/p>","protected":false},"featured_media":14771,"comment_status":"open","ping_status":"closed","template":"","meta":{"_et_pb_use_builder":"","_et_pb_old_content":"","_et_gb_content_width":""},"product_brand":[],"product_cat":[1494],"product_tag":[1495,1496],"class_list":{"0":"post-15622","1":"product","2":"type-product","3":"status-publish","4":"has-post-thumbnail","6":"product_cat-bucket-cylinders","7":"product_tag-bucket-cylinders","8":"product_tag-hydraulic-cylinders","10":"first","11":"instock","12":"shipping-taxable","13":"product-type-simple"},"amp_enabled":true,"_links":{"self":[{"href":"https:\/\/www.hydraulic-cylinders.net\/pl\/wp-json\/wp\/v2\/product\/15622","targetHints":{"allow":["GET"]}}],"collection":[{"href":"https:\/\/www.hydraulic-cylinders.net\/pl\/wp-json\/wp\/v2\/product"}],"about":[{"href":"https:\/\/www.hydraulic-cylinders.net\/pl\/wp-json\/wp\/v2\/types\/product"}],"replies":[{"embeddable":true,"href":"https:\/\/www.hydraulic-cylinders.net\/pl\/wp-json\/wp\/v2\/comments?post=15622"}],"wp:featuredmedia":[{"embeddable":true,"href":"https:\/\/www.hydraulic-cylinders.net\/pl\/wp-json\/wp\/v2\/media\/14771"}],"wp:attachment":[{"href":"https:\/\/www.hydraulic-cylinders.net\/pl\/wp-json\/wp\/v2\/media?parent=15622"}],"wp:term":[{"taxonomy":"product_brand","embeddable":true,"href":"https:\/\/www.hydraulic-cylinders.net\/pl\/wp-json\/wp\/v2\/product_brand?post=15622"},{"taxonomy":"product_cat","embeddable":true,"href":"https:\/\/www.hydraulic-cylinders.net\/pl\/wp-json\/wp\/v2\/product_cat?post=15622"},{"taxonomy":"product_tag","embeddable":true,"href":"https:\/\/www.hydraulic-cylinders.net\/pl\/wp-json\/wp\/v2\/product_tag?post=15622"}],"curies":[{"name":"wp","href":"https:\/\/api.w.org\/{rel}","templated":true}]}}