{"id":15624,"date":"2025-01-19T14:45:49","date_gmt":"2025-01-19T14:45:49","guid":{"rendered":"https:\/\/www.hydraulic-cylinders.net\/product\/bucket-cylinder-for-jcm-middle-excavator-jcm921f\/"},"modified":"2025-01-19T14:45:51","modified_gmt":"2025-01-19T14:45:51","slug":"bucket-cylinder-for-jcm-middle-excavator-jcm921f","status":"publish","type":"product","link":"https:\/\/www.hydraulic-cylinders.net\/pl\/produkt\/bucket-cylinder-for-jcm-middle-excavator-jcm921f\/","title":{"rendered":"Si\u0142ownik \u0142y\u017cki do koparki \u015brodkowej JCM JCM921F"},"content":{"rendered":"<h1>Si\u0142ownik \u0142y\u017cki do koparki \u015brodkowej JCM JCM921F<\/h1>\n<h2>Wst\u0119p<\/h2>\n<p>Si\u0142ownik \u0142y\u017cki do koparki JCM Middle Excavator JCM921F to specjalnie zaprojektowany si\u0142ownik hydrauliczny, u\u017cywany g\u0142\u00f3wnie do sterowania ruchem \u0142y\u017cki w ci\u0119\u017ckich maszynach, takich jak koparki, koparko-\u0142adowarki i \u0142adowarki. Jego g\u0142\u00f3wn\u0105 funkcj\u0105 jest podnoszenie, opuszczanie i przechylanie \u0142y\u017cki, u\u0142atwiaj\u0105c r\u00f3\u017cnorodne zadania zwi\u0105zane z prze\u0142adunkiem materia\u0142\u00f3w. W uk\u0142adzie hydraulicznym si\u0142ownik \u0142y\u017cki zapewnia precyzyjn\u0105 kontrol\u0119 nad \u0142y\u017ck\u0105 poprzez zmiany ci\u015bnienia oleju hydraulicznego, umo\u017cliwiaj\u0105c operatorom wydajne przenoszenie ci\u0119\u017ckich \u0142adunk\u00f3w i dostosowywanie si\u0119 do z\u0142o\u017conych warunk\u00f3w pracy oraz zr\u00f3\u017cnicowanych potrzeb operacyjnych.<\/p>\n<p><img decoding=\"async\" src=\"https:\/\/www.hydraulic-cylinders.net\/wp-content\/uploads\/2025\/01\/songte-company-2.webp\" alt=\"Obraz cylindra wiadra\"><\/p>\n<h2>Cechy<\/h2>\n<ul>\n<li><strong>Wysoka wytrzyma\u0142o\u015b\u0107 i trwa\u0142o\u015b\u0107:<\/strong> Zazwyczaj wykonany z wysokowytrzyma\u0142ej stali lub aluminium, wytrzymuje wysokie ci\u015bnienie i du\u017ce obci\u0105\u017cenia, dostosowuj\u0105c si\u0119 do trudnych warunk\u00f3w pracy. Konstrukcja uwzgl\u0119dnia odporno\u015b\u0107 na zu\u017cycie i korozj\u0119, co wyd\u0142u\u017ca jego \u017cywotno\u015b\u0107.<\/li>\n<li><strong>Wydajna praca uk\u0142adu hydraulicznego:<\/strong> Wykorzystuj\u0105c ci\u015bnienie oleju hydraulicznego do p\u0142ynnego wysuwania i wsuwania, podno\u015bnik szybko reaguje na polecenia steruj\u0105ce, zapewniaj\u0105c du\u017ce si\u0142y pchaj\u0105ce i ci\u0105gn\u0105ce, odpowiednie do podnoszenia ci\u0119\u017ckich \u0142adunk\u00f3w i wykonywania skomplikowanych zada\u0144.<\/li>\n<li><strong>Wszechstronne typy:<\/strong> Si\u0142ownik mo\u017cna wybra\u0107 jako jednostronnego dzia\u0142ania (ci\u015bnienie hydrauliczne tylko w jednym kierunku) lub dwustronnego dzia\u0142ania (ci\u015bnienie hydrauliczne w dw\u00f3ch kierunkach), w zale\u017cno\u015bci od wymaga\u0144 i potrzeb operacyjnych. Niekt\u00f3re modele s\u0105 teleskopowe, co pozwala na wi\u0119ksze wysuni\u0119cie bez zwi\u0119kszania wymiar\u00f3w zewn\u0119trznych, dzi\u0119ki czemu nadaj\u0105 si\u0119 do zastosowa\u0144 w ograniczonej przestrzeni.<\/li>\n<li><strong>Idealny zamiennik:<\/strong> Nasz produkt mo\u017ce doskonale zast\u0105pi\u0107 istniej\u0105ce si\u0142owniki hydrauliczne. <\/li>\n<\/ul>\n<p><img decoding=\"async\" src=\"https:\/\/www.hydraulic-cylinders.net\/wp-content\/uploads\/2025\/01\/songte-cylinder-head-with-all-kinds-excavator-models.webp\" alt=\"Wymiana cylindra hydraulicznego\"><\/p>\n<h2>Aplikacje<\/h2>\n<ul>\n<li><strong>Sprz\u0119t budowlany:<\/strong> Znajduj\u0105 si\u0119 w koparkach i s\u0105 niezb\u0119dne do kopania, za\u0142adunku i przemieszczania gleby lub gruzu. W koparko-\u0142adowarkach si\u0142ownik \u0142y\u017cki wspomaga zar\u00f3wno kopanie, jak i podnoszenie.<\/li>\n<li><strong>Maszyny rolnicze:<\/strong> Stosowany w \u0142adowarkach czo\u0142owych do nabierania, podnoszenia i transportu gleby, siana i innych materia\u0142\u00f3w.<\/li>\n<li><strong>Koparki:<\/strong> Cylinder \u0142y\u017cki umo\u017cliwia kopanie poprzez umo\u017cliwienie \u0142y\u017cce wnikania w gleb\u0119.<\/li>\n<li><strong>\u0141adowarki:<\/strong> W \u0142adowarkach czo\u0142owych pomagaj\u0105 w wydajnym podnoszeniu i roz\u0142adowywaniu \u0142adunk\u00f3w.<\/li>\n<\/ul>\n<h2>Zagadnienia projektowe i kryteria wyboru<\/h2>\n<ul>\n<li><strong>No\u015bno\u015b\u0107:<\/strong> Konstrukcja cylindra bierze pod uwag\u0119 jego zdolno\u015b\u0107 do wytrzymania okre\u015blonego obci\u0105\u017cenia bez uszkodzenia.<\/li>\n<li><strong>Opiecz\u0119towanie:<\/strong> Stosowane s\u0105 r\u00f3\u017cne elementy uszczelniaj\u0105ce, takie jak uszczelnienia t\u0142ok\u00f3w i t\u0142oczysk. Do produkcji uszczelnie\u0144 wybierane s\u0105 materia\u0142y odporne na zu\u017cycie, takie jak poliuretan i kauczuk nitrylowy. Korpus cylindra i ko\u0144c\u00f3wki gwintowane poddawane s\u0105 precyzyjnej obr\u00f3bce w celu zwi\u0119kszenia odporno\u015bci na zu\u017cycie.<\/li>\n<li><strong>Trwa\u0142o\u015b\u0107:<\/strong> Konstrukcja gwarantuje, \u017ce cylinder wytrzyma przewidywane warunki pracy i zapewni d\u0142ug\u0105 \u017cywotno\u015b\u0107.<\/li>\n<li><strong>Bezpiecze\u0144stwo:<\/strong> Projektanci uwzgl\u0119dnili w nim kwestie bezpiecze\u0144stwa, aby zapobiec wypadkom podczas pracy.<\/li>\n<li><strong>Utrzymywalno\u015b\u0107:<\/strong> Konstrukcja pozwala na \u0142atw\u0105 konserwacj\u0119 i napraw\u0119, co minimalizuje przestoje.<\/li>\n<\/ul>\n<p><img decoding=\"async\" src=\"https:\/\/www.hydraulic-cylinders.net\/wp-content\/uploads\/2025\/01\/songte-oil-pipes-and-spare-parts.webp\" alt=\"Projekt cylindra hydraulicznego\"><\/p>\n<h2>Uszczelnianie i smarowanie<\/h2>\n<p>Si\u0142ownik czerpakowy wykorzystuje r\u00f3\u017cnorodne elementy uszczelniaj\u0105ce, takie jak uszczelnienia t\u0142oka i t\u0142oczyska, wykonane z materia\u0142\u00f3w odpornych na zu\u017cycie, takich jak poliuretan i kauczuk nitrylowy. Korpus cylindra i gwintowane ko\u0144c\u00f3wki s\u0105 poddawane precyzyjnej obr\u00f3bce w celu zwi\u0119kszenia odporno\u015bci na zu\u017cycie. Regularne smarowanie odpowiedni\u0105 ilo\u015bci\u0105 oleju hydraulicznego jest niezb\u0119dne dla zapewnienia p\u0142ynnej pracy.<\/p>\n<h2>Konserwacja i \u015brodki zapobiegawcze<\/h2>\n<ul>\n<li>Regularne kontrole: Sprawd\u017a, czy nie ma \u015blad\u00f3w zu\u017cycia, wyciek\u00f3w lub uszkodze\u0144.<\/li>\n<li>Prawid\u0142owe smarowanie: Nale\u017cy upewni\u0107 si\u0119, \u017ce cylinder jest prawid\u0142owo smarowany, zgodnie z zaleceniami producenta.<\/li>\n<li>Wymiana uszczelek: Je\u017celi widoczne s\u0105 oznaki zu\u017cycia uszczelek lub nieszczelno\u015bci, nale\u017cy je niezw\u0142ocznie wymieni\u0107.<\/li>\n<li>Kontrole kalibracji: Nale\u017cy okresowo sprawdza\u0107 i kalibrowa\u0107 cylinder, aby mie\u0107 pewno\u015b\u0107, \u017ce dzia\u0142a on w ramach okre\u015blonych parametr\u00f3w.<\/li>\n<\/ul>\n<p><img decoding=\"async\" src=\"https:\/\/www.hydraulic-cylinders.net\/wp-content\/uploads\/2025\/01\/songte-chushion-collar.webp\" alt=\"Konserwacja cylindr\u00f3w hydraulicznych\"><\/p>\n<h2>Zagadnienia bezpiecze\u0144stwa i czynniki \u015brodowiskowe<\/h2>\n<p>Podczas u\u017cytkowania cylindra czerpakowego nale\u017cy przestrzega\u0107 \u015brodk\u00f3w bezpiecze\u0144stwa, aby zapobiec wypadkom. Odpowiednie przeszkolenie i przestrzeganie wytycznych bezpiecze\u0144stwa s\u0105 kluczowe dla zapewnienia bezpiecznej obs\u0142ugi. Nale\u017cy r\u00f3wnie\u017c wzi\u0105\u0107 pod uwag\u0119 czynniki \u015brodowiskowe, takie jak prawid\u0142owa gospodarka odpadami, aby zminimalizowa\u0107 wp\u0142yw na \u015brodowisko.<\/p>\n<h2>Rozwi\u0105zywanie problem\u00f3w i typowe problemy<\/h2>\n<p>Typowe problemy z si\u0142ownikami czerpakowymi mog\u0105 obejmowa\u0107 wycieki, niewystarczaj\u0105c\u0105 moc lub nieprawid\u0142ow\u0105 prac\u0119. Wa\u017cne jest, aby szybko zdiagnozowa\u0107 i rozwi\u0105za\u0107 te problemy. Oto kilka wskaz\u00f3wek i rozwi\u0105za\u0144 dotycz\u0105cych rozwi\u0105zywania problem\u00f3w:<\/p>\n<ul>\n<li>Wyciek: Sprawd\u017a, czy uszczelki nie s\u0105 uszkodzone lub czy po\u0142\u0105czenia nie s\u0105 lu\u017ane. W razie potrzeby wymie\u0144 lub dokr\u0119\u0107.<\/li>\n<li>Niewystarczaj\u0105ca moc: Sprawd\u017a, czy uk\u0142ad hydrauliczny dzia\u0142a prawid\u0142owo, w tym pompa i zawory steruj\u0105ce. Upewnij si\u0119, \u017ce poziomy p\u0142yn\u00f3w i ustawienia ci\u015bnienia s\u0105 prawid\u0142owe.<\/li>\n<li>Nieprawid\u0142owe dzia\u0142anie: Sprawd\u017a, czy nie wyst\u0119puj\u0105 \u017cadne przeszkody mechaniczne lub nie ma niewsp\u00f3\u0142osiowo\u015bci. Sprawd\u017a cylinder pod k\u0105tem uszkodze\u0144 lub zu\u017cycia.<\/li>\n<\/ul>\n<p><img decoding=\"async\" src=\"https:\/\/www.hydraulic-cylinders.net\/wp-content\/uploads\/2025\/01\/songte-bushings-with-all-kinds-of-excavator-models.webp\" alt=\"Rozwi\u0105zywanie problem\u00f3w z si\u0142ownikiem hydraulicznym\"><\/p>\n<p>Przestrzegaj\u0105c prawid\u0142owych procedur monta\u017cu, smarowania i regulacji, mo\u017cna wyd\u0142u\u017cy\u0107 \u017cywotno\u015b\u0107 si\u0142ownika kube\u0142kowego. Podczas monta\u017cu nale\u017cy zapewni\u0107 odpowiednie wyosiowanie si\u0142ownika i zaleci\u0107 u\u017cycie odpowiednich wspornik\u00f3w monta\u017cowych w celu zabezpieczenia si\u0142ownika na miejscu. Nale\u017cy przestrzega\u0107 zalecanych procedur kontroli, naprawy i wymiany, aby zapewni\u0107 optymaln\u0105 wydajno\u015b\u0107 i wyd\u0142u\u017cy\u0107 \u017cywotno\u015b\u0107 si\u0142ownika kube\u0142kowego.<\/p>\n<h2>O naszej firmie<\/h2>\n<p>Jeste\u015bmy wiod\u0105cym producentem i hurtowym dystrybutorem si\u0142ownik\u00f3w hydraulicznych na rynku krajowym i mi\u0119dzynarodowym. Oferujemy szerok\u0105 gam\u0119 produkt\u00f3w i szczycimy si\u0119 doskona\u0142\u0105 jako\u015bci\u0105. Dzi\u0119ki naszym nowoczesnym warsztatom produkcyjnym, zaawansowanemu sprz\u0119towi i profesjonalnym systemom testowym, stale udoskonalamy nasz\u0105 platform\u0119 produkcyjn\u0105, zapewniaj\u0105c wysok\u0105 wydajno\u015b\u0107, precyzj\u0119 i jako\u015b\u0107, aby sprosta\u0107 zr\u00f3\u017cnicowanym potrzebom klient\u00f3w.<\/p>\n<p><img decoding=\"async\" src=\"https:\/\/www.hydraulic-cylinders.net\/wp-content\/uploads\/2025\/01\/songte-company-3.webp\" alt=\"Przegl\u0105d firmy\"><\/p>\n<h3>Najwa\u017cniejsze cechy naszej firmy:<\/h3>\n<ul>\n<li>Ekspertyza w tej dziedzinie<\/li>\n<li>Certyfikaty mi\u0119dzynarodowe<\/li>\n<li>Us\u0142ugi personalizacji<\/li>\n<li>Najnowocze\u015bniejszy sprz\u0119t produkcyjny<\/li>\n<li>Kompleksowa obs\u0142uga posprzeda\u017cowa<\/li>\n<\/ul>\n<p>Dzi\u0119ki logicznej organizacji artyku\u0142u za pomoc\u0105 podtytu\u0142\u00f3w, w\u0142\u0105czeniu odpowiednich obraz\u00f3w lub wykres\u00f3w u\u0142atwiaj\u0105cych zrozumienie oraz zapewnieniu jasnej i zwi\u0119z\u0142ej tre\u015bci, dostosowanej do czytelnik\u00f3w o r\u00f3\u017cnym poziomie wiedzy technicznej, artyku\u0142 ten dostarcza kompleksowych informacji na temat cylindra \u0142y\u017cki do koparki \u015bredniej JCM JCM921F i jego r\u00f3\u017cnych aspekt\u00f3w.<\/p>\n<p>Autor: lyl<\/p>","protected":false},"excerpt":{"rendered":"<p>Bucket Cylinder For JCM Middle Excavator JCM921F Introduction The Bucket Cylinder for JCM Middle Excavator JCM921F is a specially designed hydraulic cylinder primarily used to control the movement of the bucket in heavy machinery such as excavators, backhoes, and loaders. Its main function is to enable the bucket to lift, lower, and tilt, facilitating various [&hellip;]<\/p>","protected":false},"featured_media":14765,"comment_status":"open","ping_status":"closed","template":"","meta":{"_et_pb_use_builder":"","_et_pb_old_content":"","_et_gb_content_width":""},"product_brand":[],"product_cat":[1494],"product_tag":[1495,1496],"class_list":{"0":"post-15624","1":"product","2":"type-product","3":"status-publish","4":"has-post-thumbnail","6":"product_cat-bucket-cylinders","7":"product_tag-bucket-cylinders","8":"product_tag-hydraulic-cylinders","10":"first","11":"instock","12":"shipping-taxable","13":"product-type-simple"},"amp_enabled":true,"_links":{"self":[{"href":"https:\/\/www.hydraulic-cylinders.net\/pl\/wp-json\/wp\/v2\/product\/15624","targetHints":{"allow":["GET"]}}],"collection":[{"href":"https:\/\/www.hydraulic-cylinders.net\/pl\/wp-json\/wp\/v2\/product"}],"about":[{"href":"https:\/\/www.hydraulic-cylinders.net\/pl\/wp-json\/wp\/v2\/types\/product"}],"replies":[{"embeddable":true,"href":"https:\/\/www.hydraulic-cylinders.net\/pl\/wp-json\/wp\/v2\/comments?post=15624"}],"wp:featuredmedia":[{"embeddable":true,"href":"https:\/\/www.hydraulic-cylinders.net\/pl\/wp-json\/wp\/v2\/media\/14765"}],"wp:attachment":[{"href":"https:\/\/www.hydraulic-cylinders.net\/pl\/wp-json\/wp\/v2\/media?parent=15624"}],"wp:term":[{"taxonomy":"product_brand","embeddable":true,"href":"https:\/\/www.hydraulic-cylinders.net\/pl\/wp-json\/wp\/v2\/product_brand?post=15624"},{"taxonomy":"product_cat","embeddable":true,"href":"https:\/\/www.hydraulic-cylinders.net\/pl\/wp-json\/wp\/v2\/product_cat?post=15624"},{"taxonomy":"product_tag","embeddable":true,"href":"https:\/\/www.hydraulic-cylinders.net\/pl\/wp-json\/wp\/v2\/product_tag?post=15624"}],"curies":[{"name":"wp","href":"https:\/\/api.w.org\/{rel}","templated":true}]}}