{"id":15641,"date":"2025-01-19T14:47:08","date_gmt":"2025-01-19T14:47:08","guid":{"rendered":"https:\/\/www.hydraulic-cylinders.net\/product\/bucket-cylinder-for-liebherr-large-excavator-r970s\/"},"modified":"2025-01-19T14:47:10","modified_gmt":"2025-01-19T14:47:10","slug":"bucket-cylinder-for-liebherr-large-excavator-r970s","status":"publish","type":"product","link":"https:\/\/www.hydraulic-cylinders.net\/pl\/produkt\/bucket-cylinder-for-liebherr-large-excavator-r970s\/","title":{"rendered":"Si\u0142ownik \u0142y\u017cki do du\u017cej koparki Liebherr R970S"},"content":{"rendered":"<h1>Si\u0142ownik \u0142y\u017cki do du\u017cej koparki Liebherr R970S<\/h1>\n<h2>Wst\u0119p<\/h2>\n<p>Si\u0142ownik \u0142y\u017cki do du\u017cej koparki Liebherr R970S to specjalnie zaprojektowany si\u0142ownik hydrauliczny s\u0142u\u017c\u0105cy do sterowania ruchem \u0142y\u017cki w ci\u0119\u017ckich maszynach, takich jak koparki, koparko-\u0142adowarki i \u0142adowarki czo\u0142owe. Jego g\u0142\u00f3wn\u0105 funkcj\u0105 jest podnoszenie, opuszczanie i przechylanie \u0142y\u017cki, u\u0142atwiaj\u0105c wykonywanie r\u00f3\u017cnych zada\u0144 zwi\u0105zanych z prze\u0142adunkiem materia\u0142\u00f3w. W uk\u0142adzie hydraulicznym si\u0142ownik \u0142y\u017cki steruje precyzyjnym ruchem \u0142y\u017cki poprzez zmian\u0119 ci\u015bnienia oleju hydraulicznego, umo\u017cliwiaj\u0105c operatorom wydajne przenoszenie du\u017cych \u0142adunk\u00f3w i dostosowywanie si\u0119 do z\u0142o\u017conych warunk\u00f3w pracy oraz zr\u00f3\u017cnicowanych potrzeb operacyjnych.<\/p>\n<p><img decoding=\"async\" src=\"https:\/\/www.hydraulic-cylinders.net\/wp-content\/uploads\/2025\/01\/songte-company-2.webp\" alt=\"Obraz cylindra wiadra\"><\/p>\n<h2>Cechy<\/h2>\n<ul>\n<li>Wysoka wytrzyma\u0142o\u015b\u0107 i trwa\u0142o\u015b\u0107: Zazwyczaj wykonane z wysokowytrzyma\u0142ej stali lub aluminium, wytrzymuj\u0105 du\u017ce ci\u015bnienie i obci\u0105\u017cenia, s\u0105 przystosowane do trudnych warunk\u00f3w pracy, a w procesie projektowania uwzgl\u0119dniono odporno\u015b\u0107 na zu\u017cycie i korozj\u0119, aby wyd\u0142u\u017cy\u0107 \u017cywotno\u015b\u0107 urz\u0105dzenia.<\/li>\n<li>Wydajne dzia\u0142anie uk\u0142adu hydraulicznego: P\u0142ynne rozci\u0105ganie i kurczenie uzyskuje si\u0119 dzi\u0119ki ci\u015bnieniu oleju hydraulicznego. Uk\u0142ad mo\u017ce szybko reagowa\u0107 na polecenia steruj\u0105ce, zapewniaj\u0105c du\u017ce si\u0142y pchaj\u0105ce i ci\u0105gn\u0105ce, odpowiednie do obs\u0142ugi du\u017cych obci\u0105\u017ce\u0144 i skomplikowanych zada\u0144 operacyjnych.<\/li>\n<li>R\u00f3\u017cnorodne typy: Si\u0142owniki jednostronnego dzia\u0142ania (hydrauliczne dzia\u0142aj\u0105ce tylko w jednym kierunku) lub dwustronnego dzia\u0142ania (hydrauliczne dzia\u0142aj\u0105ce w dw\u00f3ch kierunkach) mo\u017cna dobra\u0107 w zale\u017cno\u015bci od potrzeb, aby spe\u0142ni\u0107 r\u00f3\u017cne wymagania operacyjne. Niekt\u00f3re modele s\u0105 teleskopowe, co pozwala na wi\u0119ksze wysuni\u0119cie bez zwi\u0119kszania wymiar\u00f3w zewn\u0119trznych, i nadaje si\u0119 do zastosowa\u0144 w ograniczonej przestrzeni.<\/li>\n<li>Wymienny do cylindra hydraulicznego: Nasz produkt mo\u017ce doskonale zast\u0105pi\u0107 te cylindry hydrauliczne.<\/li>\n<\/ul>\n<p><img decoding=\"async\" src=\"https:\/\/www.hydraulic-cylinders.net\/wp-content\/uploads\/2025\/01\/songte-cylinder-head-with-all-kinds-excavator-models.webp\" alt=\"Obraz wymiany cylindra \u0142y\u017cki\"><\/p>\n<h2>Aplikacje<\/h2>\n<p>Si\u0142ownik \u0142y\u017cki do du\u017cej koparki Liebherr R970S jest powszechnie stosowany w nast\u0119puj\u0105cych zastosowaniach:<\/p>\n<ul>\n<li>Sprz\u0119t budowlany: W koparkach s\u0105 one niezb\u0119dne do kopania, za\u0142adunku i przemieszczania gleby lub gruzu. W koparko-\u0142adowarkach cylindry \u0142y\u017cki pomagaj\u0105 zar\u00f3wno w kopaniu, jak i podnoszeniu. <\/li>\n<li>Maszyny rolnicze: Stosowane w \u0142adowarkach czo\u0142owych do nabierania, podnoszenia i transportu gleby, siana i innych materia\u0142\u00f3w. <\/li>\n<li>Koparki: Cylindry \u0142y\u017cki umo\u017cliwiaj\u0105 kopanie, pozwalaj\u0105c \u0142y\u017cce na zag\u0142\u0119bianie si\u0119 w gleb\u0119.<\/li>\n<li>\u0141adowarki: W \u0142adowarkach czo\u0142owych s\u0142u\u017c\u0105 do wydajnego podnoszenia i roz\u0142adowywania \u0142adunk\u00f3w.<\/li>\n<\/ul>\n<h2>Kryteria projektowania i wyboru<\/h2>\n<p>Przy projektowaniu cylindr\u00f3w czerpakowych do ci\u0119\u017ckich maszyn nale\u017cy wzi\u0105\u0107 pod uwag\u0119 nast\u0119puj\u0105ce kryteria:<\/p>\n<ul>\n<li>No\u015bno\u015b\u0107: Cylinder musi by\u0107 w stanie wytrzyma\u0107 wymagany ci\u0119\u017car, ci\u015bnienie i obci\u0105\u017cenie.<\/li>\n<li>Uszczelnienie: Aby zapobiec wyciekom hydraulicznym, stosuje si\u0119 r\u00f3\u017cne elementy uszczelniaj\u0105ce, takie jak uszczelnienia t\u0142okowe i uszczelnienia t\u0142oczyskowe.<\/li>\n<li>Trwa\u0142o\u015b\u0107: Cylinder musi by\u0107 odporny na trudne warunki, w tym zu\u017cycie i korozj\u0119, aby zapewni\u0107 maksymaln\u0105 \u017cywotno\u015b\u0107.<\/li>\n<li>Bezpiecze\u0144stwo: Butla musi spe\u0142nia\u0107 normy i przepisy bezpiecze\u0144stwa, aby zapobiec wypadkom i obra\u017ceniom.<\/li>\n<li>\u0141atwo\u015b\u0107 konserwacji: \u0141atwa konserwacja i naprawa maj\u0105 kluczowe znaczenie dla zachowania wydajno\u015bci i \u017cywotno\u015bci cylindra.<\/li>\n<\/ul>\n<p><img decoding=\"async\" src=\"https:\/\/www.hydraulic-cylinders.net\/wp-content\/uploads\/2025\/01\/songte-oil-pipes-and-spare-parts.webp\" alt=\"Obraz cz\u0119\u015bci cylindra \u0142y\u017cki\"><\/p>\n<h2>Uszczelnianie i smarowanie<\/h2>\n<p>R\u00f3\u017cne rodzaje uszczelnie\u0144, takie jak uszczelnienia t\u0142okowe i t\u0142oczyskowe, zapobiegaj\u0105 wyciekom hydraulicznym. Korpusy cylindr\u00f3w i powierzchnie gwintowane s\u0105 precyzyjnie obrabiane w celu zwi\u0119kszenia odporno\u015bci na zu\u017cycie. Regularne uzupe\u0142nianie odpowiedniej ilo\u015bci oleju hydraulicznego w celu smarowania jest r\u00f3wnie\u017c niezb\u0119dne do utrzymania wydajno\u015bci cylindra.<\/p>\n<h2>Konserwacja i naprawa<\/h2>\n<p>Regularne przegl\u0105dy, odpowiednie smarowanie, wymiana uszczelek i kontrole kalibracji to typowe czynno\u015bci konserwacyjne si\u0142ownik\u00f3w kube\u0142kowych. Prawid\u0142owy monta\u017c, smarowanie i regulacja s\u0105 kluczowe dla zapewnienia bezpiecznej i wydajnej pracy. Prawid\u0142owe ustawienie si\u0142ownika podczas monta\u017cu, stosowanie odpowiednich uchwyt\u00f3w monta\u017cowych do mocowania si\u0142ownika oraz zalecane procedury kontroli, naprawy i wymiany s\u0105 niezb\u0119dne dla wyd\u0142u\u017cenia \u017cywotno\u015bci produktu. <\/p>\n<p><img decoding=\"async\" src=\"https:\/\/www.hydraulic-cylinders.net\/wp-content\/uploads\/2025\/01\/songte-chushion-collar.webp\" alt=\"Obraz ko\u0142nierza poduszki cylindra wiadra\"><\/p>\n<h2>Zagadnienia bezpiecze\u0144stwa i czynniki \u015brodowiskowe<\/h2>\n<p>Podczas u\u017cytkowania si\u0142ownika \u0142y\u017cki do du\u017cej koparki Liebherr R970S konieczne jest zachowanie \u015brodk\u00f3w bezpiecze\u0144stwa, aby unikn\u0105\u0107 wypadk\u00f3w i obra\u017ce\u0144. Czynniki \u015brodowiskowe, takie jak temperatura, wilgotno\u015b\u0107 i korozja, r\u00f3wnie\u017c wp\u0142ywaj\u0105 na wydajno\u015b\u0107 i \u017cywotno\u015b\u0107 si\u0142ownika. <\/p>\n<h2>Diagnoza i rozwi\u0105zywanie problem\u00f3w<\/h2>\n<p>Do typowych problem\u00f3w z si\u0142ownikami czerpak\u00f3w nale\u017c\u0105 wycieki hydrauliczne, nieregularne ruchy i zu\u017cyte uszczelnienia. Wczesna diagnoza i rozwi\u0105zywanie problem\u00f3w s\u0105 niezb\u0119dne, aby zapobiec dalszym uszkodzeniom i przestojom. \u015arodki zapobiegawcze, takie jak regularne kontrole i odpowiednie smarowanie, mog\u0105 ograniczy\u0107 potencjalne problemy.<\/p>\n<p><img decoding=\"async\" src=\"https:\/\/www.hydraulic-cylinders.net\/wp-content\/uploads\/2025\/01\/songte-bushings-with-all-kinds-of-excavator-models.webp\" alt=\"Obraz tulei cylindra \u0142y\u017cki\"><\/p>\n<h2>O naszej firmie<\/h2>\n<p>Jeste\u015bmy wiod\u0105cym producentem i hurtowym dystrybutorem si\u0142ownik\u00f3w hydraulicznych na rynku krajowym i mi\u0119dzynarodowym, oferuj\u0105c pe\u0142n\u0105 gam\u0119 produkt\u00f3w. Przestrzegamy zasad doskona\u0142ej jako\u015bci, opieramy si\u0119 na zindustrializowanych strategiach zarz\u0105dzania produkcj\u0105 w wyspecjalizowanych warsztatach produkcyjnych i stale ulepszamy platformy produkcyjne, aby doskonali\u0107 jako\u015b\u0107 produkt\u00f3w na liniach produkcyjnych. Posiadamy silne zdolno\u015bci kreatywne, wysok\u0105 wydajno\u015b\u0107, wysok\u0105 precyzj\u0119 i zasady jako\u015bci, aby sprosta\u0107 zr\u00f3\u017cnicowanym potrzebom klient\u00f3w. <\/p>\n<p><img decoding=\"async\" src=\"https:\/\/hzpt.com\/wp-content\/uploads\/2024\/11\/songte-company-1.webp\" alt=\"O naszej firmie Wizerunek\"><\/p>\n<h3>Profesjonalizm<\/h3>\n<p>Nasza firma specjalizuje si\u0119 w produkcji r\u00f3\u017cnego rodzaju si\u0142ownik\u00f3w hydraulicznych do r\u00f3\u017cnych zastosowa\u0144. Posiadamy bogate do\u015bwiadczenie w produkcji wysokiej jako\u015bci i trwa\u0142ych produkt\u00f3w, spe\u0142niaj\u0105cych wymagania klient\u00f3w.<\/p>\n<h3>Mi\u0119dzynarodowa Certyfikacja<\/h3>\n<p>Nasze produkty uzyska\u0142y mi\u0119dzynarodowe certyfikaty, takie jak ISO 9001 i CE, co gwarantuje, \u017ce spe\u0142niaj\u0105 najwy\u017csze standardy jako\u015bci i bezpiecze\u0144stwa.<\/p>\n<h3>Us\u0142ugi personalizacji<\/h3>\n<p>Oferujemy us\u0142ugi dostosowywania do indywidualnych potrzeb naszych klient\u00f3w, od projektu, przez produkcj\u0119, po dostaw\u0119, dzi\u0119ki czemu mamy pewno\u015b\u0107, \u017ce nasze produkty spe\u0142niaj\u0105 dok\u0142adne wymagania klient\u00f3w.<\/p>\n<h3>Sprz\u0119t produkcyjny<\/h3>\n<p>Wykorzystujemy zaawansowany sprz\u0119t do cyfrowej produkcji, aby mie\u0107 pewno\u015b\u0107, \u017ce nasze produkty s\u0105 wytwarzane sprawnie, dok\u0142adnie, a jednocze\u015bnie charakteryzuj\u0105 si\u0119 wysok\u0105 jako\u015bci\u0105 i trwa\u0142o\u015bci\u0105.<\/p>\n<h3>Serwis posprzeda\u017cowy<\/h3>\n<p>Zapewniamy doskona\u0142\u0105 obs\u0142ug\u0119 posprzeda\u017cow\u0105, obejmuj\u0105c\u0105 konserwacj\u0119, naprawy i wymian\u0119 produkt\u00f3w, a tak\u017ce udost\u0119pniamy klientom wsparcie techniczne w celu rozwi\u0105zania wszelkich problem\u00f3w, jakie mog\u0105 wyst\u0105pi\u0107 podczas korzystania z naszych produkt\u00f3w.<\/p>\n<p>Autor: lyl<\/p>","protected":false},"excerpt":{"rendered":"<p>Bucket Cylinder For Liebherr Large Excavator R970S Introduction The bucket cylinder for Liebherr large excavator R970S is a specially designed hydraulic cylinder used to control the movement of the bucket in heavy machinery such as excavators, backhoe excavators, and front-end loaders. Its main function is to enable the bucket to lift, lower, and tilt, making [&hellip;]<\/p>","protected":false},"featured_media":14761,"comment_status":"open","ping_status":"closed","template":"","meta":{"_et_pb_use_builder":"","_et_pb_old_content":"","_et_gb_content_width":""},"product_brand":[],"product_cat":[1494],"product_tag":[1495,1496],"class_list":{"0":"post-15641","1":"product","2":"type-product","3":"status-publish","4":"has-post-thumbnail","6":"product_cat-bucket-cylinders","7":"product_tag-bucket-cylinders","8":"product_tag-hydraulic-cylinders","10":"first","11":"instock","12":"shipping-taxable","13":"product-type-simple"},"amp_enabled":true,"_links":{"self":[{"href":"https:\/\/www.hydraulic-cylinders.net\/pl\/wp-json\/wp\/v2\/product\/15641","targetHints":{"allow":["GET"]}}],"collection":[{"href":"https:\/\/www.hydraulic-cylinders.net\/pl\/wp-json\/wp\/v2\/product"}],"about":[{"href":"https:\/\/www.hydraulic-cylinders.net\/pl\/wp-json\/wp\/v2\/types\/product"}],"replies":[{"embeddable":true,"href":"https:\/\/www.hydraulic-cylinders.net\/pl\/wp-json\/wp\/v2\/comments?post=15641"}],"wp:featuredmedia":[{"embeddable":true,"href":"https:\/\/www.hydraulic-cylinders.net\/pl\/wp-json\/wp\/v2\/media\/14761"}],"wp:attachment":[{"href":"https:\/\/www.hydraulic-cylinders.net\/pl\/wp-json\/wp\/v2\/media?parent=15641"}],"wp:term":[{"taxonomy":"product_brand","embeddable":true,"href":"https:\/\/www.hydraulic-cylinders.net\/pl\/wp-json\/wp\/v2\/product_brand?post=15641"},{"taxonomy":"product_cat","embeddable":true,"href":"https:\/\/www.hydraulic-cylinders.net\/pl\/wp-json\/wp\/v2\/product_cat?post=15641"},{"taxonomy":"product_tag","embeddable":true,"href":"https:\/\/www.hydraulic-cylinders.net\/pl\/wp-json\/wp\/v2\/product_tag?post=15641"}],"curies":[{"name":"wp","href":"https:\/\/api.w.org\/{rel}","templated":true}]}}