{"id":15642,"date":"2025-01-19T14:47:13","date_gmt":"2025-01-19T14:47:13","guid":{"rendered":"https:\/\/www.hydraulic-cylinders.net\/product\/bucket-cylinder-for-liebherr-large-excavator-r976\/"},"modified":"2025-01-19T14:47:15","modified_gmt":"2025-01-19T14:47:15","slug":"bucket-cylinder-for-liebherr-large-excavator-r976","status":"publish","type":"product","link":"https:\/\/www.hydraulic-cylinders.net\/pl\/produkt\/bucket-cylinder-for-liebherr-large-excavator-r976\/","title":{"rendered":"Si\u0142ownik \u0142y\u017cki do du\u017cej koparki Liebherr R976"},"content":{"rendered":"<h1>Si\u0142ownik \u0142y\u017cki do du\u017cej koparki Liebherr R976<\/h1>\n<h2>Wst\u0119p<\/h2>\n<h3>Definicja cylindra kube\u0142kowego<\/h3>\n<p>Si\u0142ownik \u0142y\u017cki, znany r\u00f3wnie\u017c jako si\u0142ownik wysi\u0119gnika, to specjalnie zaprojektowany si\u0142ownik hydrauliczny, u\u017cywany g\u0142\u00f3wnie do sterowania ruchem \u0142y\u017cki w ci\u0119\u017ckich maszynach, takich jak koparki, koparko-\u0142adowarki i \u0142adowarki czo\u0142owe. Jego g\u0142\u00f3wn\u0105 funkcj\u0105 jest podnoszenie, opuszczanie i przechylanie \u0142y\u017cki, u\u0142atwiaj\u0105c tym samym r\u00f3\u017cnorodne zadania zwi\u0105zane z prze\u0142adunkiem materia\u0142\u00f3w. W uk\u0142adzie hydraulicznym si\u0142ownik \u0142y\u017cki zapewnia precyzyjn\u0105 kontrol\u0119 nad \u0142y\u017ck\u0105 poprzez zmiany ci\u015bnienia oleju hydraulicznego, umo\u017cliwiaj\u0105c operatorom wydajne przenoszenie ci\u0119\u017ckich \u0142adunk\u00f3w i dostosowywanie si\u0119 do z\u0142o\u017conych warunk\u00f3w pracy oraz zr\u00f3\u017cnicowanych wymaga\u0144 operacyjnych.<\/p>\n<p><img decoding=\"async\" src=\"https:\/\/www.hydraulic-cylinders.net\/wp-content\/uploads\/2025\/01\/songte-company-2.webp\" alt=\"Obraz cylindra wiadra\"><\/p>\n<h3>Cechy produktu<\/h3>\n<ul>\n<li>Wysoka wytrzyma\u0142o\u015b\u0107 i trwa\u0142o\u015b\u0107: Zazwyczaj wykonane z wysokowytrzyma\u0142ej stali lub aluminium, wytrzymuj\u0105 du\u017ce ci\u015bnienie i du\u017ce obci\u0105\u017cenia, nadaj\u0105 si\u0119 do trudnych warunk\u00f3w pracy, zaprojektowane z my\u015bl\u0105 o odporno\u015bci na zu\u017cycie i korozj\u0119, co wyd\u0142u\u017ca ich \u017cywotno\u015b\u0107.<\/li>\n<li>Wydajna praca uk\u0142adu hydraulicznego: wykorzystuje ci\u015bnienie oleju hydraulicznego w celu uzyskania p\u0142ynnego rozci\u0105gania i wci\u0105gania, umo\u017cliwia szybk\u0105 reakcj\u0119 na polecenia steruj\u0105ce, zapewnia du\u017c\u0105 si\u0142\u0119 pchania i ci\u0105gni\u0119cia, nadaje si\u0119 do obs\u0142ugi ci\u0119\u017ckich \u0142adunk\u00f3w i skomplikowanych zada\u0144 operacyjnych.<\/li>\n<li>R\u00f3\u017cne typy: Mo\u017cna wybra\u0107 cylindry jednostronnego dzia\u0142ania (hydrauliczne dzia\u0142aj\u0105ce tylko w jednym kierunku) lub dwustronnego dzia\u0142ania (hydrauliczne dzia\u0142aj\u0105ce w obu kierunkach) w zale\u017cno\u015bci od potrzeb operacyjnych. Niekt\u00f3re modele s\u0105 teleskopowe, co pozwala na wi\u0119ksze wyd\u0142u\u017cenie bez zwi\u0119kszania wymiar\u00f3w zewn\u0119trznych, odpowiednie do zastosowa\u0144 w ograniczonej przestrzeni.<\/li>\n<li>Kompatybilno\u015b\u0107: Nasze produkty mog\u0105 doskonale zast\u0105pi\u0107 te si\u0142owniki hydrauliczne.<\/li>\n<li>Mo\u017cliwo\u015b\u0107 dostosowania: Oferujemy us\u0142ugi dostosowane do r\u00f3\u017cnych wymaga\u0144 operacyjnych.<\/li>\n<\/ul>\n<p><img decoding=\"async\" src=\"https:\/\/www.hydraulic-cylinders.net\/wp-content\/uploads\/2025\/01\/songte-cylinder-head-with-all-kinds-excavator-models.webp\" alt=\"Obraz produktu\"><\/p>\n<h3>Aplikacje<\/h3>\n<p>Cylinder czerpakowy mo\u017cna stosowa\u0107 w r\u00f3\u017cnych maszynach ci\u0119\u017ckich, w tym:<\/p>\n<ul>\n<li>Sprz\u0119t budowlany: Znajduj\u0105 si\u0119 w koparkach i s\u0105 niezb\u0119dne do wykop\u00f3w, za\u0142adunku i przemieszczania gleby lub gruzu. W koparko-\u0142adowarkach cylindry \u0142y\u017cki pomagaj\u0105 zar\u00f3wno w wykopach, jak i podnoszeniu. <\/li>\n<li>Maszyny rolnicze: Stosowane w \u0142adowarkach czo\u0142owych do nabierania, podnoszenia i transportu gleby, siana i innych materia\u0142\u00f3w. <\/li>\n<li>Koparki: Cylindry \u0142y\u017cki umo\u017cliwiaj\u0105 kopanie poprzez umo\u017cliwienie \u0142y\u017cce wnikania w gleb\u0119. <\/li>\n<li>\u0141adowarki czo\u0142owe: W \u0142adowarkach czo\u0142owych pomagaj\u0105 w podnoszeniu i przechylaniu, co pozwala na wydajne przenoszenie materia\u0142\u00f3w. <\/li>\n<\/ul>\n<h3>Zagadnienia projektowe i kryteria wyboru<\/h3>\n<p>Przy wyborze cylindr\u00f3w kube\u0142kowych nale\u017cy wzi\u0105\u0107 pod uwag\u0119 r\u00f3\u017cne czynniki, w tym:<\/p>\n<ul>\n<li>No\u015bno\u015b\u0107: Nale\u017cy wzi\u0105\u0107 pod uwag\u0119 ci\u0119\u017car \u0142adunku, jaki cylinder b\u0119dzie musia\u0142 ud\u017awign\u0105\u0107, i wybra\u0107 cylinder o odpowiedniej no\u015bno\u015bci. <\/li>\n<li>Uszczelnienie: Zastosowanie r\u00f3\u017cnorodnych element\u00f3w uszczelniaj\u0105cych, takich jak uszczelki t\u0142okowe i t\u0142oczyskowe, wykonanych z materia\u0142\u00f3w odpornych na zu\u017cycie, takich jak poliuretan i kauczuk nitrylowy. Korpus cylindra i gwintowane powierzchnie ko\u0144cowe s\u0105 precyzyjnie obrabiane w celu zwi\u0119kszenia odporno\u015bci na zu\u017cycie. <\/li>\n<li>Trwa\u0142o\u015b\u0107: We\u017a pod uwag\u0119 materia\u0142y u\u017cyte do budowy cylindra i upewnij si\u0119, \u017ce wytrzymaj\u0105 trudne warunki. <\/li>\n<li>Bezpiecze\u0144stwo: Upewnij si\u0119, \u017ce cylinder zosta\u0142 zaprojektowany z my\u015bl\u0105 o bezpiecze\u0144stwie i spe\u0142nia wszystkie odpowiednie normy bezpiecze\u0144stwa. <\/li>\n<li>\u0141atwo\u015b\u0107 konserwacji: Wybierz cylinder, kt\u00f3ry jest \u0142atwy w konserwacji i naprawie oraz ma \u0142atwo dost\u0119pne cz\u0119\u015bci zamienne.<\/li>\n<\/ul>\n<p><img decoding=\"async\" src=\"https:\/\/www.hydraulic-cylinders.net\/wp-content\/uploads\/2025\/01\/songte-oil-pipes-and-spare-parts.webp\" alt=\"Projekt obrazu\"><\/p>\n<h3>Uszczelnianie i smarowanie<\/h3>\n<p>W si\u0142ownikach kube\u0142kowych stosowane s\u0105 r\u00f3\u017cne elementy uszczelniaj\u0105ce, takie jak uszczelnienia t\u0142oka, uszczelnienia t\u0142oczyska i zgarniacze, wykonane z materia\u0142\u00f3w odpornych na zu\u017cycie, takich jak poliuretan i kauczuk nitrylowy. Korpus si\u0142ownika i gwintowane powierzchnie ko\u0144cowe s\u0105 precyzyjnie obrabiane w celu zwi\u0119kszenia odporno\u015bci na zu\u017cycie. Regularne uzupe\u0142nianie odpowiedniego oleju hydraulicznego w si\u0142owniku jest niezb\u0119dne do zapewnienia jego p\u0142ynnej pracy.<\/p>\n<p><img decoding=\"async\" src=\"https:\/\/www.hydraulic-cylinders.net\/wp-content\/uploads\/2025\/01\/songte-chushion-collar.webp\" alt=\"Uszczelnianie i smarowanie Obraz\"><\/p>\n<h3>Konserwacja i naprawa<\/h3>\n<p>Regularna konserwacja i naprawy s\u0105 niezb\u0119dne dla wyd\u0142u\u017cenia \u017cywotno\u015bci cylindr\u00f3w kube\u0142kowych. Typowe czynno\u015bci konserwacyjne obejmuj\u0105:<\/p>\n<ul>\n<li>Regularna kontrola <\/li>\n<li>Prawid\u0142owe smarowanie<\/li>\n<li>Wymiana uszczelki<\/li>\n<li>Kontrola kalibracji<\/li>\n<\/ul>\n<p>Podczas monta\u017cu wa\u017cne jest zapewnienie odpowiedniego wsparcia w celu prawid\u0142owego ustawienia cylindra. Zaleca si\u0119 u\u017cycie odpowiednich wspornik\u00f3w monta\u017cowych do zabezpieczenia cylindra. Oferujemy r\u00f3wnie\u017c zalecane procedury kontroli, naprawy i wymiany, a tak\u017ce cz\u0119\u015bci zamienne i us\u0142ugi regeneracji, aby wyd\u0142u\u017cy\u0107 \u017cywotno\u015b\u0107 cylindr\u00f3w kube\u0142kowych.<\/p>\n<p><img decoding=\"async\" src=\"https:\/\/www.hydraulic-cylinders.net\/wp-content\/uploads\/2025\/01\/songte-bushings-with-all-kinds-of-excavator-models.webp\" alt=\"Obraz konserwacji i napraw\"><\/p>\n<h3>Zagadnienia bezpiecze\u0144stwa i czynniki \u015brodowiskowe<\/h3>\n<p>Podczas u\u017cytkowania cylindr\u00f3w czerpakowych nale\u017cy podj\u0105\u0107 \u015brodki bezpiecze\u0144stwa, aby zapewni\u0107 bezpieczn\u0105 prac\u0119. Nale\u017cy przestrzega\u0107 instrukcji producenta i u\u017cywa\u0107 odpowiedniego sprz\u0119tu ochronnego podczas podnoszenia ci\u0119\u017ckich \u0142adunk\u00f3w. Nale\u017cy r\u00f3wnie\u017c wzi\u0105\u0107 pod uwag\u0119 wzgl\u0119dy \u015brodowiskowe, takie jak w\u0142a\u015bciwa utylizacja oleju hydraulicznego i innych p\u0142yn\u00f3w.<\/p>\n<h3>Rozwi\u0105zywanie problem\u00f3w i typowe problemy<\/h3>\n<p>Typowe problemy z si\u0142ownikami czerpakowymi obejmuj\u0105 nieszczelno\u015bci oraz niewystarczaj\u0105ce wysuwanie lub wsuwanie. Wskaz\u00f3wki dotycz\u0105ce rozwi\u0105zywania problem\u00f3w obejmuj\u0105 sprawdzenie uszkodzonych lub zu\u017cytych uszczelek, uszkodzonych t\u0142oczysk oraz niedostatecznej ilo\u015bci oleju hydraulicznego. Aby zapewni\u0107 bezpieczn\u0105 i skuteczn\u0105 napraw\u0119, wa\u017cne jest przestrzeganie prawid\u0142owych procedur diagnostycznych i naprawczych.<\/p>\n<p><img decoding=\"async\" src=\"https:\/\/hzpt.com\/wp-content\/uploads\/2024\/11\/songte-company-1.webp\" alt=\"Obraz \u015brodowiskowy\"><\/p>\n<h2>O naszej firmie<\/h2>\n<p>Jeste\u015bmy producentem zamiennych cylindr\u00f3w hydraulicznych. Nasza oferta jest kompletna, co czyni nas jednym z wiod\u0105cych producent\u00f3w i hurtowych dystrybutor\u00f3w cylindr\u00f3w hydraulicznych na rynku krajowym i mi\u0119dzynarodowym. Kierujemy si\u0119 zasad\u0105 doskona\u0142ej jako\u015bci, opieramy si\u0119 na zindustrializowanych strategiach zarz\u0105dzania produkcj\u0105 w precyzyjnie dopracowanych warsztatach produkcyjnych i stale ulepszamy platform\u0119 produkcyjn\u0105 naszych warsztat\u00f3w, wykorzystuj\u0105c zaawansowane technologie, cyfrowy sprz\u0119t produkcyjny wysokiej klasy oraz profesjonalne systemy detekcji. Dostarczamy wydajne, precyzyjne i wysokiej jako\u015bci produkty, aby sprosta\u0107 zr\u00f3\u017cnicowanym potrzebom naszych klient\u00f3w.<\/p>\n<p>Nasza firma oferuje profesjonalne, certyfikowane produkty mi\u0119dzynarodowe, us\u0142ugi dostosowane do indywidualnych potrzeb, zaawansowany sprz\u0119t produkcyjny i serwis posprzeda\u017cowy.<\/p>\n<p><img decoding=\"async\" src=\"https:\/\/www.hydraulic-cylinders.net\/wp-content\/uploads\/2025\/01\/songte-company-3.webp\" alt=\"Wizerunek firmy\"><\/p>\n<p>Autor: lyl<\/p>","protected":false},"excerpt":{"rendered":"<p>Bucket Cylinder For Liebherr Large Excavator R976 Introduction Definition of Bucket Cylinder The bucket cylinder, also known as the boom cylinder, is a specially designed hydraulic cylinder primarily used to control the movement of the bucket in heavy machinery such as excavators, backhoe loaders, and front-end loaders. Its main function is to enable the bucket [&hellip;]<\/p>","protected":false},"featured_media":14789,"comment_status":"open","ping_status":"closed","template":"","meta":{"_et_pb_use_builder":"","_et_pb_old_content":"","_et_gb_content_width":""},"product_brand":[],"product_cat":[1494],"product_tag":[1495,1496],"class_list":{"0":"post-15642","1":"product","2":"type-product","3":"status-publish","4":"has-post-thumbnail","6":"product_cat-bucket-cylinders","7":"product_tag-bucket-cylinders","8":"product_tag-hydraulic-cylinders","10":"first","11":"instock","12":"shipping-taxable","13":"product-type-simple"},"amp_enabled":true,"_links":{"self":[{"href":"https:\/\/www.hydraulic-cylinders.net\/pl\/wp-json\/wp\/v2\/product\/15642","targetHints":{"allow":["GET"]}}],"collection":[{"href":"https:\/\/www.hydraulic-cylinders.net\/pl\/wp-json\/wp\/v2\/product"}],"about":[{"href":"https:\/\/www.hydraulic-cylinders.net\/pl\/wp-json\/wp\/v2\/types\/product"}],"replies":[{"embeddable":true,"href":"https:\/\/www.hydraulic-cylinders.net\/pl\/wp-json\/wp\/v2\/comments?post=15642"}],"wp:featuredmedia":[{"embeddable":true,"href":"https:\/\/www.hydraulic-cylinders.net\/pl\/wp-json\/wp\/v2\/media\/14789"}],"wp:attachment":[{"href":"https:\/\/www.hydraulic-cylinders.net\/pl\/wp-json\/wp\/v2\/media?parent=15642"}],"wp:term":[{"taxonomy":"product_brand","embeddable":true,"href":"https:\/\/www.hydraulic-cylinders.net\/pl\/wp-json\/wp\/v2\/product_brand?post=15642"},{"taxonomy":"product_cat","embeddable":true,"href":"https:\/\/www.hydraulic-cylinders.net\/pl\/wp-json\/wp\/v2\/product_cat?post=15642"},{"taxonomy":"product_tag","embeddable":true,"href":"https:\/\/www.hydraulic-cylinders.net\/pl\/wp-json\/wp\/v2\/product_tag?post=15642"}],"curies":[{"name":"wp","href":"https:\/\/api.w.org\/{rel}","templated":true}]}}