{"id":15643,"date":"2025-01-19T14:47:17","date_gmt":"2025-01-19T14:47:17","guid":{"rendered":"https:\/\/www.hydraulic-cylinders.net\/product\/bucket-cylinder-for-sdlg-small-excavator-lg660e\/"},"modified":"2025-01-19T14:47:19","modified_gmt":"2025-01-19T14:47:19","slug":"bucket-cylinder-for-sdlg-small-excavator-lg660e","status":"publish","type":"product","link":"https:\/\/www.hydraulic-cylinders.net\/pl\/produkt\/bucket-cylinder-for-sdlg-small-excavator-lg660e\/","title":{"rendered":"Si\u0142ownik \u0142y\u017cki do ma\u0142ej koparki SDLG LG660E"},"content":{"rendered":"<p><!DOCTYPE html><br \/>\n<html><br \/>\n<head><br \/>\n\t<title>Si\u0142ownik \u0142y\u017cki do ma\u0142ej koparki SDLG LG660E<\/title><br \/>\n<\/head><br \/>\n<body><\/p>\n<h1>Si\u0142ownik \u0142y\u017cki do ma\u0142ej koparki SDLG LG660E<\/h1>\n<h2>Wst\u0119p<\/h2>\n<p>Si\u0142ownik \u0142y\u017cki to specjalnie zaprojektowany si\u0142ownik hydrauliczny s\u0142u\u017c\u0105cy do sterowania ruchem \u0142y\u017cki w ci\u0119\u017ckich maszynach, takich jak koparki, koparko-\u0142adowarki i \u0142adowarki czo\u0142owe. Jego g\u0142\u00f3wn\u0105 funkcj\u0105 jest podnoszenie, opuszczanie i przechylanie \u0142y\u017cki, dzi\u0119ki czemu nadaje si\u0119 do r\u00f3\u017cnych zada\u0144 zwi\u0105zanych z prze\u0142adunkiem materia\u0142\u00f3w. W uk\u0142adzie hydraulicznym si\u0142ownik \u0142y\u017cki zapewnia precyzyjn\u0105 kontrol\u0119 nad \u0142y\u017ck\u0105 poprzez zmian\u0119 ci\u015bnienia oleju hydraulicznego, umo\u017cliwiaj\u0105c operatorom wydajne przenoszenie ci\u0119\u017ckich \u0142adunk\u00f3w i dostosowywanie si\u0119 do z\u0142o\u017conych warunk\u00f3w pracy oraz zr\u00f3\u017cnicowanych potrzeb operacyjnych.<\/p>\n<p>\t<img decoding=\"async\" src=\"https:\/\/www.hydraulic-cylinders.net\/wp-content\/uploads\/2025\/01\/songte-company-2.webp\" alt=\"Obraz produktu\"><\/p>\n<h2>Cechy<\/h2>\n<ul>\n<li>Wysoka wytrzyma\u0142o\u015b\u0107 i trwa\u0142o\u015b\u0107: Zazwyczaj wykonany z wysokowytrzyma\u0142ej stali lub aluminium, wytrzymuje du\u017ce ci\u015bnienie i obci\u0105\u017cenia, jest przystosowany do trudnych warunk\u00f3w pracy, a tak\u017ce jest projektowany z uwzgl\u0119dnieniem odporno\u015bci na zu\u017cycie i korozj\u0119, co wyd\u0142u\u017ca jego \u017cywotno\u015b\u0107.<\/li>\n<li>Wydajna praca uk\u0142adu hydraulicznego: Wykorzystuj\u0105c ci\u015bnienie oleju hydraulicznego do uzyskania p\u0142ynnych ruch\u00f3w wysuwania i wsuwania, uk\u0142ad mo\u017ce szybko reagowa\u0107 na polecenia steruj\u0105ce, zapewniaj\u0105c du\u017ce si\u0142y pchania i ci\u0105gni\u0119cia, dzi\u0119ki czemu uk\u0142ad ten nadaje si\u0119 do obs\u0142ugi ci\u0119\u017ckich \u0142adunk\u00f3w i skomplikowanych zada\u0144 operacyjnych.<\/li>\n<li>R\u00f3\u017cne typy: Si\u0142owniki jednostronnego dzia\u0142ania (ci\u015bnienie hydrauliczne tylko w jednym kierunku) lub dwustronnego dzia\u0142ania (ci\u015bnienie hydrauliczne w obu kierunkach) mo\u017cna dobra\u0107 w zale\u017cno\u015bci od konkretnych potrzeb operacyjnych. Niekt\u00f3re modele s\u0105 teleskopowe, co pozwala na wi\u0119ksze wysuni\u0119cie bez zwi\u0119kszania wymiar\u00f3w zewn\u0119trznych, dzi\u0119ki czemu nadaj\u0105 si\u0119 do zastosowa\u0144 w ograniczonej przestrzeni.<\/li>\n<li>Zamiennik innych cylindr\u00f3w hydraulicznych: Nasz produkt mo\u017ce doskonale zast\u0105pi\u0107 inne cylindry hydrauliczne. <\/li>\n<\/ul>\n<p>\t<img decoding=\"async\" src=\"https:\/\/www.hydraulic-cylinders.net\/wp-content\/uploads\/2025\/01\/songte-cylinder-head-with-all-kinds-excavator-models.webp\" alt=\"Obraz produktu\"><\/p>\n<h2>Aplikacje<\/h2>\n<ul>\n<li>Sprz\u0119t budowlany: Znajduj\u0105 si\u0119 w koparkach i s\u0105 niezb\u0119dne do kopania, za\u0142adunku i przemieszczania gleby lub gruzu. W koparko-\u0142adowarkach si\u0142ownik \u0142y\u017cki wspomaga zar\u00f3wno kopanie, jak i podnoszenie.<\/li>\n<li>Maszyny rolnicze: U\u017cywane w \u0142adowarkach czo\u0142owych do nabierania, podnoszenia i transportu gleby, siana i innych materia\u0142\u00f3w.<\/li>\n<li>Koparki: Cylinder \u0142y\u017cki umo\u017cliwia wykopywanie poprzez umo\u017cliwienie \u0142y\u017cce wnikania w gleb\u0119.<\/li>\n<li>\u0141adowarki czo\u0142owe: W \u0142adowarkach czo\u0142owych pomagaj\u0105 w wydajnym podnoszeniu i przechylaniu towar\u00f3w.<\/li>\n<\/ul>\n<h2>Zagadnienia projektowe i kryteria wyboru<\/h2>\n<p>Przy projektowaniu cylindr\u00f3w kube\u0142kowych bierze si\u0119 pod uwag\u0119 kilka kluczowych czynnik\u00f3w:<\/p>\n<ul>\n<li>No\u015bno\u015b\u0107: Cylinder powinien by\u0107 zaprojektowany tak, aby wytrzyma\u0142 przewidywane obci\u0105\u017cenia i si\u0142y.<\/li>\n<li>Uszczelnienie: Aby zapewni\u0107 odpowiednie uszczelnienie i zapobiec wyciekom oleju, stosuje si\u0119 r\u00f3\u017cne elementy uszczelniaj\u0105ce, takie jak uszczelki t\u0142okowe i uszczelki t\u0142oczyskowe.<\/li>\n<li>Trwa\u0142o\u015b\u0107: Materia\u0142y i obr\u00f3bka powierzchni cylindra zosta\u0142y dobrane tak, aby zwi\u0119kszy\u0107 odporno\u015b\u0107 na zu\u017cycie i wyd\u0142u\u017cy\u0107 jego \u017cywotno\u015b\u0107.<\/li>\n<li>Bezpiecze\u0144stwo: W celu zapobiegania wypadkom i zagwarantowania bezpiecznej pracy zastosowano takie funkcje bezpiecze\u0144stwa, jak zawory bezpiecze\u0144stwa i mechanizmy zabezpieczaj\u0105ce przed przeci\u0105\u017ceniem.<\/li>\n<li>\u0141atwo\u015b\u0107 konserwacji: Konstrukcja powinna umo\u017cliwia\u0107 \u0142atw\u0105 konserwacj\u0119 i naprawy, wygodny dost\u0119p do podzespo\u0142\u00f3w oraz przejrzyste instrukcje dotycz\u0105ce wymiany lub regulacji.<\/li>\n<\/ul>\n<p>\t<img decoding=\"async\" src=\"https:\/\/www.hydraulic-cylinders.net\/wp-content\/uploads\/2025\/01\/songte-oil-pipes-and-spare-parts.webp\" alt=\"Obraz produktu\"><\/p>\n<h2>Uszczelnianie i smarowanie<\/h2>\n<p>W cylindrze kube\u0142kowym zastosowano r\u00f3\u017cnorodne uszczelnienia, takie jak uszczelnienia t\u0142oka i t\u0142oczyska, wykonane z materia\u0142\u00f3w odpornych na zu\u017cycie, takich jak poliuretan i kauczuk nitrylowy. Korpus cylindra i ko\u0144c\u00f3wki gwint\u00f3w s\u0105 precyzyjnie obrobione w celu zwi\u0119kszenia odporno\u015bci na zu\u017cycie. Regularne smarowanie odpowiednim olejem hydraulicznym jest niezb\u0119dne dla zapewnienia p\u0142ynnej pracy i wyd\u0142u\u017cenia \u017cywotno\u015bci cylindra.<\/p>\n<h2>Regularne kontrole i \u015brodki konserwacji zapobiegawczej<\/h2>\n<ul>\n<li>Regularnie sprawdzaj cylinder pod k\u0105tem oznak zu\u017cycia, nieszczelno\u015bci lub uszkodze\u0144.<\/li>\n<li>Nale\u017cy zapewni\u0107 odpowiednie smarowanie i utrzymywa\u0107 zalecany poziom oleju.<\/li>\n<li>W razie konieczno\u015bci wymie\u0144 uszczelki i inne elementy, aby zachowa\u0107 odpowiedni\u0105 szczelno\u015b\u0107 i zapobiec wyciekom oleju.<\/li>\n<li>Przeprowad\u017a kontrol\u0119 kalibracji, aby zapewni\u0107 prawid\u0142owe dzia\u0142anie urz\u0105dzenia.<\/li>\n<li>Aby zapewni\u0107 w\u0142a\u015bciwe ustawienie cylindra, nale\u017cy post\u0119powa\u0107 zgodnie z zalecanymi procedurami instalacji.<\/li>\n<li>Do zabezpieczenia cylindra nale\u017cy u\u017cy\u0107 odpowiednich wspornik\u00f3w monta\u017cowych.<\/li>\n<li>Przedstaw zalecane procedury kontroli, naprawy i wymiany.<\/li>\n<li>Oferujemy cz\u0119\u015bci zamienne i us\u0142ugi regeneracji w celu wyd\u0142u\u017cenia \u017cywotno\u015bci cylindra \u0142y\u017cki.<\/li>\n<\/ul>\n<p>\t<img decoding=\"async\" src=\"https:\/\/www.hydraulic-cylinders.net\/wp-content\/uploads\/2025\/01\/songte-chushion-collar.webp\" alt=\"Obraz produktu\"><\/p>\n<h2>Zagadnienia bezpiecze\u0144stwa i czynniki \u015brodowiskowe<\/h2>\n<p>Podczas u\u017cytkowania cylindra hydraulicznego wa\u017cne jest wdro\u017cenie \u015brodk\u00f3w bezpiecze\u0144stwa, takich jak odpowiednie przeszkolenie, przestrzeganie wytycznych operacyjnych oraz noszenie odpowiedniego sprz\u0119tu ochrony osobistej. Ponadto nale\u017cy wzi\u0105\u0107 pod uwag\u0119 czynniki \u015brodowiskowe, takie jak w\u0142a\u015bciwa utylizacja zu\u017cytego oleju hydraulicznego i przestrzeganie przepis\u00f3w dotycz\u0105cych obs\u0142ugi sprz\u0119tu hydraulicznego.<\/p>\n<h2>Diagnostyka usterek i typowe problemy<\/h2>\n<p>Typowe problemy z si\u0142ownikami czerpakowymi mog\u0105 obejmowa\u0107 nieszczelno\u015bci, niewystarczaj\u0105c\u0105 si\u0142\u0119 lub nieregularne ruchy. Aby rozwi\u0105za\u0107 te problemy, nale\u017cy sprawdzi\u0107 si\u0142ownik pod k\u0105tem uszkodze\u0144 lub zu\u017cycia, sprawdzi\u0107 poziom i jako\u015b\u0107 p\u0142ynu hydraulicznego oraz zapewni\u0107 prawid\u0142owe smarowanie. Je\u015bli problemy nie ust\u0105pi\u0105, nale\u017cy zwr\u00f3ci\u0107 si\u0119 o pomoc do specjalisty.<\/p>\n<p>\t<img decoding=\"async\" src=\"https:\/\/www.hydraulic-cylinders.net\/wp-content\/uploads\/2025\/01\/songte-bushings-with-all-kinds-of-excavator-models.webp\" alt=\"Obraz produktu\"><\/p>\n<h2>Zadania konserwacyjne<\/h2>\n<p>Do typowych zada\u0144 konserwacyjnych cylindr\u00f3w kube\u0142kowych nale\u017c\u0105:<\/p>\n<ol>\n<li>Regularne kontrole maj\u0105ce na celu wykrycie wszelkich \u015blad\u00f3w zu\u017cycia, uszkodze\u0144 lub wyciek\u00f3w.<\/li>\n<li>W\u0142a\u015bciwe smarowanie gwarantuje p\u0142ynn\u0105 prac\u0119.<\/li>\n<li>Wymiana uszczelek w celu zachowania w\u0142a\u015bciwej szczelno\u015bci i zapobiegania wyciekom oleju.<\/li>\n<\/ol>\n<p>Nale\u017cy podkre\u015bli\u0107 wag\u0119 prawid\u0142owej instalacji, smarowania i regulacji. Nale\u017cy zadba\u0107 o prawid\u0142owe ustawienie cylindra podczas instalacji i zaleca si\u0119 stosowanie odpowiednich wspornik\u00f3w monta\u017cowych. W artykule przedstawiono r\u00f3wnie\u017c zalecane procedury kontroli, naprawy i wymiany, a tak\u017ce techniki wyd\u0142u\u017caj\u0105ce \u017cywotno\u015b\u0107 cylindra kube\u0142kowego.<\/p>\n<p>\t<img decoding=\"async\" src=\"https:\/\/hzpt.com\/wp-content\/uploads\/2024\/11\/songte-company-1.webp\" alt=\"Obraz produktu\"><\/p>\n<h2>O naszej firmie<\/h2>\n<p>Jeste\u015bmy producentem zamiennych cylindr\u00f3w hydraulicznych i oferujemy szerok\u0105 gam\u0119 produkt\u00f3w. Stali\u015bmy si\u0119 jednym z wiod\u0105cych producent\u00f3w i hurtowych dystrybutor\u00f3w cylindr\u00f3w hydraulicznych na rynku krajowym i mi\u0119dzynarodowym. Koncentruj\u0105c si\u0119 na doskona\u0142ej jako\u015bci, opieramy si\u0119 na zindustrializowanych strategiach zarz\u0105dzania produkcj\u0105 w naszym zaawansowanym warsztacie produkcyjnym. Nasza firma stale udoskonala platform\u0119 produkcyjn\u0105, doskonal\u0105c proces produkcyjny pod k\u0105tem jako\u015bci produkt\u00f3w poprzez wykorzystanie talent\u00f3w technicznych, zaawansowanego sprz\u0119tu do produkcji cyfrowej oraz profesjonalnych system\u00f3w testowych. Posiadamy silne zdolno\u015bci kreatywne i przestrzegamy zasad wysokiej wydajno\u015bci, precyzji i jako\u015bci, aby sprosta\u0107 zr\u00f3\u017cnicowanym potrzebom klient\u00f3w.<\/p>\n<p>\t<img decoding=\"async\" src=\"https:\/\/www.hydraulic-cylinders.net\/wp-content\/uploads\/2025\/01\/songte-company-3.webp\" alt=\"Obraz produktu\"><\/p>\n<p>Nasz\u0105 firm\u0119 wyr\u00f3\u017cnia profesjonalizm, mi\u0119dzynarodowe certyfikaty, zindywidualizowane us\u0142ugi, sprz\u0119t produkcyjny i obs\u0142uga posprzeda\u017cowa.<\/p>\n<p>Autor: lyl<\/p>\n<p><\/body><br \/>\n<\/html><\/p>","protected":false},"excerpt":{"rendered":"<p>Bucket Cylinder For SDLG Small Excavator LG660E Bucket Cylinder For SDLG Small Excavator LG660E Introduction The bucket cylinder is a specially designed hydraulic cylinder used to control the movement of the bucket in heavy machinery such as excavators, backhoe loaders, and front loaders. Its main function is to enable the bucket to lift, lower, and [&hellip;]<\/p>","protected":false},"featured_media":14788,"comment_status":"open","ping_status":"closed","template":"","meta":{"_et_pb_use_builder":"","_et_pb_old_content":"","_et_gb_content_width":""},"product_brand":[],"product_cat":[1494],"product_tag":[1495,1496],"class_list":{"0":"post-15643","1":"product","2":"type-product","3":"status-publish","4":"has-post-thumbnail","6":"product_cat-bucket-cylinders","7":"product_tag-bucket-cylinders","8":"product_tag-hydraulic-cylinders","10":"first","11":"instock","12":"shipping-taxable","13":"product-type-simple"},"amp_enabled":true,"_links":{"self":[{"href":"https:\/\/www.hydraulic-cylinders.net\/pl\/wp-json\/wp\/v2\/product\/15643","targetHints":{"allow":["GET"]}}],"collection":[{"href":"https:\/\/www.hydraulic-cylinders.net\/pl\/wp-json\/wp\/v2\/product"}],"about":[{"href":"https:\/\/www.hydraulic-cylinders.net\/pl\/wp-json\/wp\/v2\/types\/product"}],"replies":[{"embeddable":true,"href":"https:\/\/www.hydraulic-cylinders.net\/pl\/wp-json\/wp\/v2\/comments?post=15643"}],"wp:featuredmedia":[{"embeddable":true,"href":"https:\/\/www.hydraulic-cylinders.net\/pl\/wp-json\/wp\/v2\/media\/14788"}],"wp:attachment":[{"href":"https:\/\/www.hydraulic-cylinders.net\/pl\/wp-json\/wp\/v2\/media?parent=15643"}],"wp:term":[{"taxonomy":"product_brand","embeddable":true,"href":"https:\/\/www.hydraulic-cylinders.net\/pl\/wp-json\/wp\/v2\/product_brand?post=15643"},{"taxonomy":"product_cat","embeddable":true,"href":"https:\/\/www.hydraulic-cylinders.net\/pl\/wp-json\/wp\/v2\/product_cat?post=15643"},{"taxonomy":"product_tag","embeddable":true,"href":"https:\/\/www.hydraulic-cylinders.net\/pl\/wp-json\/wp\/v2\/product_tag?post=15643"}],"curies":[{"name":"wp","href":"https:\/\/api.w.org\/{rel}","templated":true}]}}