{"id":15644,"date":"2025-01-19T14:47:21","date_gmt":"2025-01-19T14:47:21","guid":{"rendered":"https:\/\/www.hydraulic-cylinders.net\/product\/bucket-cylinder-for-sdlg-small-excavator-lg665\/"},"modified":"2025-01-19T14:47:23","modified_gmt":"2025-01-19T14:47:23","slug":"bucket-cylinder-for-sdlg-small-excavator-lg665","status":"publish","type":"product","link":"https:\/\/www.hydraulic-cylinders.net\/pl\/produkt\/bucket-cylinder-for-sdlg-small-excavator-lg665\/","title":{"rendered":"Si\u0142ownik \u0142y\u017cki do ma\u0142ej koparki SDLG LG665"},"content":{"rendered":"<h1>Si\u0142ownik \u0142y\u017cki do ma\u0142ej koparki SDLG LG665<\/h1>\n<h2>Wst\u0119p<\/h2>\n<p>Si\u0142ownik \u0142y\u017cki do ma\u0142ej koparki SDLG LG665 to specjalnie zaprojektowany si\u0142ownik hydrauliczny, u\u017cywany g\u0142\u00f3wnie do sterowania ruchem \u0142y\u017cki w ci\u0119\u017ckich maszynach, takich jak koparki, koparko-\u0142adowarki i \u0142adowarki czo\u0142owe. Jego g\u0142\u00f3wn\u0105 funkcj\u0105 jest podnoszenie, opuszczanie i przechylanie \u0142y\u017cki, u\u0142atwiaj\u0105c tym samym r\u00f3\u017cnorodne zadania zwi\u0105zane z prze\u0142adunkiem materia\u0142\u00f3w. W uk\u0142adzie hydraulicznym si\u0142ownik \u0142y\u017cki zapewnia precyzyjn\u0105 kontrol\u0119 nad \u0142y\u017ck\u0105 poprzez zmiany ci\u015bnienia oleju hydraulicznego, umo\u017cliwiaj\u0105c operatorowi wydajne przenoszenie ci\u0119\u017ckich \u0142adunk\u00f3w, adaptacj\u0119 do z\u0142o\u017conych warunk\u00f3w pracy i zr\u00f3\u017cnicowanych wymaga\u0144 operacyjnych.<\/p>\n<p><img decoding=\"async\" src=\"https:\/\/www.hydraulic-cylinders.net\/wp-content\/uploads\/2025\/01\/songte-company-2.webp\"><\/p>\n<h2>Cechy<\/h2>\n<ul>\n<li>Wysoka wytrzyma\u0142o\u015b\u0107 i trwa\u0142o\u015b\u0107: zwykle wykonane z wysokowytrzyma\u0142ej stali lub aluminium, wytrzymuj\u0105 du\u017ce ci\u015bnienie i du\u017ce obci\u0105\u017cenia, s\u0105 dostosowane do trudnych warunk\u00f3w pracy, a tak\u017ce zaprojektowane z my\u015bl\u0105 o odporno\u015bci na zu\u017cycie i korozj\u0119, co wyd\u0142u\u017ca ich \u017cywotno\u015b\u0107.<\/li>\n<li>Wydajna praca uk\u0142adu hydraulicznego: wykorzystuje ci\u015bnienie oleju hydraulicznego w celu uzyskania p\u0142ynnego rozci\u0105gania i wci\u0105gania, umo\u017cliwia szybk\u0105 reakcj\u0119 na polecenia operacyjne, zapewnia du\u017c\u0105 si\u0142\u0119 pchania i ci\u0105gni\u0119cia, nadaje si\u0119 do obs\u0142ugi ci\u0119\u017ckich \u0142adunk\u00f3w i skomplikowanych zada\u0144 operacyjnych.<\/li>\n<li>R\u00f3\u017cnorodne typy: cylindry jednostronnego dzia\u0142ania (hydrauliczne dzia\u0142aj\u0105ce tylko w jednym kierunku) lub dwustronnego dzia\u0142ania (hydrauliczne dzia\u0142aj\u0105ce w obu kierunkach) mo\u017cna dobra\u0107 w zale\u017cno\u015bci od potrzeb, aby spe\u0142ni\u0107 zr\u00f3\u017cnicowane potrzeby operacyjne. Niekt\u00f3re modele s\u0105 teleskopowe, co pozwala na wi\u0119ksze wysuni\u0119cie bez zwi\u0119kszania wymiar\u00f3w zewn\u0119trznych, i nadaje si\u0119 do zastosowa\u0144 w ograniczonej przestrzeni.<\/li>\n<li>Mo\u017ce zast\u0105pi\u0107 inne cylindry hydrauliczne: nasz produkt mo\u017ce doskonale zast\u0105pi\u0107 te cylindry hydrauliczne.<\/li>\n<\/ul>\n<p><img decoding=\"async\" src=\"https:\/\/www.hydraulic-cylinders.net\/wp-content\/uploads\/2025\/01\/songte-cylinder-head-with-all-kinds-excavator-models.webp\"><\/p>\n<h2>Aplikacje<\/h2>\n<p>Si\u0142ownik \u0142y\u017cki do ma\u0142ej koparki SDLG LG665 ma szeroki zakres zastosowa\u0144, w tym:<\/p>\n<ul>\n<li>Sprz\u0119t budowlany: w koparkach s\u0105 one niezb\u0119dne do kopania, za\u0142adunku i przemieszczania gleby lub gruzu. W koparko-\u0142adowarkach si\u0142ownik \u0142y\u017cki wspomaga zar\u00f3wno kopanie, jak i podnoszenie. <\/li>\n<li>Maszyny rolnicze: stosowane w \u0142adowarkach czo\u0142owych, do nabierania, podnoszenia i transportu gleby, siana i innych materia\u0142\u00f3w, koparki: cylinder \u0142y\u017cki umo\u017cliwia kopanie, pozwalaj\u0105c \u0142y\u017cce na zag\u0142\u0119bianie si\u0119 w gleb\u0119. <\/li>\n<li>\u0141adowarka: w \u0142adowarkach czo\u0142owych pomagaj\u0105 w efektywnym podnoszeniu i przechylaniu towar\u00f3w.<\/li>\n<\/ul>\n<h2>Zagadnienia projektowe i kryteria wyboru<\/h2>\n<p>Przy wyborze cylindra \u0142y\u017cki do ma\u0142ej koparki SDLG LG665 nale\u017cy wzi\u0105\u0107 pod uwag\u0119 r\u00f3\u017cne aspekty konstrukcyjne i kryteria doboru, w tym:<\/p>\n<ul>\n<li>No\u015bno\u015b\u0107: No\u015bno\u015b\u0107 cylindra musi by\u0107 w stanie wytrzyma\u0107 obci\u0105\u017cenia ci\u015bnieniem hydraulicznym powstaj\u0105cym podczas jego pracy.<\/li>\n<li>Uszczelnienie: Aby zapewni\u0107 utrzymanie w\u0142a\u015bciwego poziomu ci\u015bnienia w uk\u0142adzie hydraulicznym i zapobiec jakimkolwiek wyciekom, konieczne jest zastosowanie r\u00f3\u017cnych element\u00f3w uszczelniaj\u0105cych, takich jak uszczelki t\u0142okowe i t\u0142oczyskowe.<\/li>\n<li>Trwa\u0142o\u015b\u0107: Cylinder musi by\u0107 zaprojektowany tak, aby by\u0142 na tyle trwa\u0142y, by wytrzyma\u0107 trudne warunki pracy i zu\u017cycie wynikaj\u0105ce z normalnego u\u017cytkowania.<\/li>\n<li>Bezpiecze\u0144stwo: Przy projektowaniu i konstruowaniu cylindra nale\u017cy zachowa\u0107 wszelkie \u015brodki bezpiecze\u0144stwa, aby mie\u0107 pewno\u015b\u0107, \u017ce spe\u0142nia on wszystkie normy i przepisy bezpiecze\u0144stwa.<\/li>\n<li>\u0141atwo\u015b\u0107 konserwacji: Cylinder musi by\u0107 zaprojektowany w spos\u00f3b umo\u017cliwiaj\u0105cy \u0142atw\u0105 konserwacj\u0119 i napraw\u0119, a wszystkie jego cz\u0119\u015bci musz\u0105 by\u0107 \u0142atwo dost\u0119pne w celu wymiany lub naprawy.<\/li>\n<\/ul>\n<p><img decoding=\"async\" src=\"https:\/\/www.hydraulic-cylinders.net\/wp-content\/uploads\/2025\/01\/songte-oil-pipes-and-spare-parts.webp\"><\/p>\n<h2>Uszczelnianie i smarowanie<\/h2>\n<p>Si\u0142ownik \u0142y\u017cki do ma\u0142ej koparki SDLG LG665 wymaga r\u00f3\u017cnych metod uszczelniania i smarowania, w tym:<\/p>\n<ul>\n<li>Zastosowanie r\u00f3\u017cnych element\u00f3w uszczelniaj\u0105cych, takich jak uszczelki t\u0142okowe, uszczelki t\u0142oczyskowe i uszczelki wycieraczek, wykonanych z trwa\u0142ych materia\u0142\u00f3w, takich jak poliuretan, kauczuk nitrylowy i inne<\/li>\n<li>Dok\u0142adna obr\u00f3bka korpusu cylindra i powierzchni ko\u0144cowej gwintu w celu zwi\u0119kszenia odporno\u015bci na zu\u017cycie<\/li>\n<li>Okresowe dodawanie odpowiedniej ilo\u015bci oleju hydraulicznego w celu smarowania<\/li>\n<\/ul>\n<h2>Regularne kontrole i \u015brodki konserwacji zapobiegawczej<\/h2>\n<p>Regularne kontrole i czynno\u015bci konserwacyjne si\u0142ownika \u0142y\u017cki ma\u0142ej koparki SDLG LG665 obejmuj\u0105:<\/p>\n<ul>\n<li>Regularne smarowanie<\/li>\n<li>Regularna wymiana uszczelek i kontrola kalibracji<\/li>\n<li>Regularna kontrola wszystkich podzespo\u0142\u00f3w i po\u0142\u0105cze\u0144 hydraulicznych<\/li>\n<\/ul>\n<p>Prawid\u0142owy monta\u017c, smarowanie i regulacja s\u0105 niezb\u0119dne dla zapewnienia optymalnej wydajno\u015bci i d\u0142u\u017cszej \u017cywotno\u015bci. Podczas monta\u017cu zaleca si\u0119 stosowanie odpowiednich uchwyt\u00f3w monta\u017cowych w celu zabezpieczenia cylindra. Zaleca si\u0119, aby procedury kontroli, naprawy i wymiany by\u0142y wykonywane przez przeszkolonych specjalist\u00f3w.<\/p>\n<p><img decoding=\"async\" src=\"https:\/\/www.hydraulic-cylinders.net\/wp-content\/uploads\/2025\/01\/songte-chushion-collar.webp\"><\/p>\n<h2>Zagadnienia bezpiecze\u0144stwa i czynniki \u015brodowiskowe<\/h2>\n<p>Podczas u\u017cywania cylindra \u0142y\u017cki do ma\u0142ej koparki SDLG LG665 nale\u017cy bezwzgl\u0119dnie zachowa\u0107 wszelkie niezb\u0119dne \u015brodki ostro\u017cno\u015bci, takie jak noszenie odpowiedniego sprz\u0119tu ochronnego i post\u0119powanie zgodnie ze wszystkimi instrukcjami obs\u0142ugi.<\/p>\n<h2>Diagnostyka i typowe problemy oraz ich rozwi\u0105zania<\/h2>\n<p>Do typowych problem\u00f3w z cylindrem \u0142y\u017cki ma\u0142ej koparki SDLG LG665 nale\u017c\u0105:<\/p>\n<ul>\n<li>Wyciek lub niewystarczaj\u0105ce ci\u015bnienie w uk\u0142adzie hydraulicznym<\/li>\n<li>S\u0142aba praca cylindra, w tym powolny lub s\u0142aby ruch<\/li>\n<li>Uszkodzone lub zu\u017cyte uszczelki powoduj\u0105ce wyciek p\u0142ynu hydraulicznego<\/li>\n<\/ul>\n<p>Prawid\u0142owa konserwacja i utrzymanie, w tym regularne przegl\u0105dy i konserwacja, zazwyczaj zapobiegaj\u0105 wi\u0119kszo\u015bci problem\u00f3w. Je\u015bli jednak wyst\u0105pi\u0105 problemy, zaleca si\u0119 konsultacj\u0119 z wykwalifikowanym mechanikiem hydraulicznym.<\/p>\n<p><img decoding=\"async\" src=\"https:\/\/www.hydraulic-cylinders.net\/wp-content\/uploads\/2025\/01\/songte-bushings-with-all-kinds-of-excavator-models.webp\"><\/p>\n<h2>O naszej firmie<\/h2>\n<p>Jeste\u015bmy wiod\u0105cym producentem i hurtowym dystrybutorem si\u0142ownik\u00f3w hydraulicznych, oferuj\u0105c szerok\u0105 gam\u0119 produkt\u00f3w, kt\u00f3re mog\u0105 zast\u0105pi\u0107 inne si\u0142owniki hydrauliczne. Zak\u0142ady produkcyjne naszej firmy koncentruj\u0105 si\u0119 na precyzyjnej produkcji i wykorzystuj\u0105 najnowsze technologie, aby tworzy\u0107 produkty wysokiej jako\u015bci, spe\u0142niaj\u0105ce mi\u0119dzynarodowe standardy. Nasz zesp\u00f3\u0142 sk\u0142ada si\u0119 z wysoko wykwalifikowanych specjalist\u00f3w, kt\u00f3rzy dok\u0142adaj\u0105 wszelkich stara\u0144, aby zapewni\u0107 naszym klientom wyj\u0105tkow\u0105 obs\u0142ug\u0119. Oferujemy us\u0142ugi dostosowane do indywidualnych potrzeb oraz pe\u0142en zakres us\u0142ug posprzeda\u017cowych, aby w pe\u0142ni zaspokoi\u0107 potrzeby naszych klient\u00f3w.<\/p>\n<p><img decoding=\"async\" src=\"https:\/\/hzpt.com\/wp-content\/uploads\/2024\/11\/songte-company-1.webp\"><\/p>\n<h3>Profesjonalizm<\/h3>\n<p>Nasza firma szczyci si\u0119 profesjonalizmem, wiedz\u0105 specjalistyczn\u0105 i zaanga\u017cowaniem w obs\u0142ug\u0119 klienta. D\u0105\u017cymy do dostarczania wysokiej jako\u015bci produkt\u00f3w i us\u0142ug, kt\u00f3re spe\u0142niaj\u0105 potrzeby naszych klient\u00f3w i przewy\u017cszaj\u0105 ich oczekiwania. D\u0105\u017cymy do utrzymania najwy\u017cszych standard\u00f3w profesjonalizmu we wszystkim, co robimy.<\/p>\n<h3>Mi\u0119dzynarodowa Certyfikacja<\/h3>\n<p>Uzyskali\u015bmy mi\u0119dzynarodowe certyfikaty, w tym ISO 9001, co gwarantuje, \u017ce nasze produkty spe\u0142niaj\u0105 najwy\u017csze standardy jako\u015bci. Certyfikat ten jest potwierdzeniem naszego zaanga\u017cowania w jako\u015b\u0107, bezpiecze\u0144stwo i ochron\u0119 \u015brodowiska.<\/p>\n<h3>Us\u0142ugi dostosowane do indywidualnych potrzeb<\/h3>\n<p>Specjalizujemy si\u0119 w dostarczaniu niestandardowych rozwi\u0105za\u0144 w zakresie si\u0142ownik\u00f3w hydraulicznych, dostosowanych do indywidualnych potrzeb klient\u00f3w. Nasz zesp\u00f3\u0142 do\u015bwiadczonych specjalist\u00f3w \u015bci\u015ble wsp\u00f3\u0142pracuje z klientami, aby zidentyfikowa\u0107 ich potrzeby i opracowa\u0107 rozwi\u0105zania, kt\u00f3re je spe\u0142ni\u0105.<\/p>\n<h3>Sprz\u0119t produkcyjny<\/h3>\n<p>Wykorzystujemy najnowocze\u015bniejszy sprz\u0119t i technologie produkcyjne, aby zapewni\u0107 naszym produktom najwy\u017csze standardy jako\u015bci. Nasze zak\u0142ady produkcyjne koncentruj\u0105 si\u0119 na precyzyjnej produkcji, wykorzystuj\u0105c najnowsze technologie, aby osi\u0105gn\u0105\u0107 najwy\u017cszy poziom dok\u0142adno\u015bci i jako\u015bci.<\/p>\n<h3>Serwis posprzeda\u017cowy<\/h3>\n<p>Oferujemy pe\u0142en zakres us\u0142ug posprzeda\u017cowych, aby w pe\u0142ni zaspokoi\u0107 potrzeby naszych klient\u00f3w. Nasz zesp\u00f3\u0142 wysoko wykwalifikowanych specjalist\u00f3w dok\u0142ada wszelkich stara\u0144, aby zapewni\u0107 naszym klientom wyj\u0105tkow\u0105 obs\u0142ug\u0119 i wsparcie.<\/p>\n<h4>Autor: lyl<\/h4>","protected":false},"excerpt":{"rendered":"<p>Bucket Cylinder For SDLG Small Excavator LG665 Introduction The bucket cylinder for SDLG small excavator LG665 is a specifically designed hydraulic cylinder mainly used for controlling the motion of the bucket in heavy machinery like excavators, backhoe loaders, and front-end loaders. Its primary function is to enable the bucket to lift, lower, and tilt, thereby [&hellip;]<\/p>","protected":false},"featured_media":14787,"comment_status":"open","ping_status":"closed","template":"","meta":{"_et_pb_use_builder":"","_et_pb_old_content":"","_et_gb_content_width":""},"product_brand":[],"product_cat":[1494],"product_tag":[1495,1496],"class_list":{"0":"post-15644","1":"product","2":"type-product","3":"status-publish","4":"has-post-thumbnail","6":"product_cat-bucket-cylinders","7":"product_tag-bucket-cylinders","8":"product_tag-hydraulic-cylinders","10":"first","11":"instock","12":"shipping-taxable","13":"product-type-simple"},"amp_enabled":true,"_links":{"self":[{"href":"https:\/\/www.hydraulic-cylinders.net\/pl\/wp-json\/wp\/v2\/product\/15644","targetHints":{"allow":["GET"]}}],"collection":[{"href":"https:\/\/www.hydraulic-cylinders.net\/pl\/wp-json\/wp\/v2\/product"}],"about":[{"href":"https:\/\/www.hydraulic-cylinders.net\/pl\/wp-json\/wp\/v2\/types\/product"}],"replies":[{"embeddable":true,"href":"https:\/\/www.hydraulic-cylinders.net\/pl\/wp-json\/wp\/v2\/comments?post=15644"}],"wp:featuredmedia":[{"embeddable":true,"href":"https:\/\/www.hydraulic-cylinders.net\/pl\/wp-json\/wp\/v2\/media\/14787"}],"wp:attachment":[{"href":"https:\/\/www.hydraulic-cylinders.net\/pl\/wp-json\/wp\/v2\/media?parent=15644"}],"wp:term":[{"taxonomy":"product_brand","embeddable":true,"href":"https:\/\/www.hydraulic-cylinders.net\/pl\/wp-json\/wp\/v2\/product_brand?post=15644"},{"taxonomy":"product_cat","embeddable":true,"href":"https:\/\/www.hydraulic-cylinders.net\/pl\/wp-json\/wp\/v2\/product_cat?post=15644"},{"taxonomy":"product_tag","embeddable":true,"href":"https:\/\/www.hydraulic-cylinders.net\/pl\/wp-json\/wp\/v2\/product_tag?post=15644"}],"curies":[{"name":"wp","href":"https:\/\/api.w.org\/{rel}","templated":true}]}}