{"id":15646,"date":"2025-01-19T14:47:29","date_gmt":"2025-01-19T14:47:29","guid":{"rendered":"https:\/\/www.hydraulic-cylinders.net\/product\/bucket-cylinder-for-sdlg-small-excavator-lg6150e\/"},"modified":"2025-01-19T14:47:31","modified_gmt":"2025-01-19T14:47:31","slug":"bucket-cylinder-for-sdlg-small-excavator-lg6150e","status":"publish","type":"product","link":"https:\/\/www.hydraulic-cylinders.net\/pl\/produkt\/bucket-cylinder-for-sdlg-small-excavator-lg6150e\/","title":{"rendered":"Si\u0142ownik \u0142y\u017cki do ma\u0142ej koparki SDLG LG6150E"},"content":{"rendered":"<h1>Si\u0142ownik \u0142y\u017cki do ma\u0142ej koparki SDLG LG6150E<\/h1>\n<h2>Wst\u0119p<\/h2>\n<p>Si\u0142ownik \u0142y\u017cki to specjalnie zaprojektowany si\u0142ownik hydrauliczny s\u0142u\u017c\u0105cy do sterowania ruchem \u0142y\u017cki w ci\u0119\u017ckich maszynach, takich jak koparki, koparko-\u0142adowarki i \u0142adowarki czo\u0142owe. Jego g\u0142\u00f3wn\u0105 funkcj\u0105 jest podnoszenie, opuszczanie i przechylanie \u0142y\u017cki, u\u0142atwiaj\u0105c tym samym r\u00f3\u017cnorodne zadania zwi\u0105zane z prze\u0142adunkiem materia\u0142\u00f3w. W uk\u0142adzie hydraulicznym si\u0142ownik \u0142y\u017cki zapewnia precyzyjn\u0105 kontrol\u0119 nad \u0142y\u017ck\u0105, wykorzystuj\u0105c zmiany ci\u015bnienia oleju hydraulicznego, umo\u017cliwiaj\u0105c operatorom wydajne przenoszenie ci\u0119\u017ckich \u0142adunk\u00f3w i dostosowywanie si\u0119 do z\u0142o\u017conych warunk\u00f3w pracy oraz zr\u00f3\u017cnicowanych wymaga\u0144.<\/p>\n<p><img decoding=\"async\" src=\"https:\/\/www.hydraulic-cylinders.net\/wp-content\/uploads\/2025\/01\/songte-company-2.webp\"><\/p>\n<h2>Cechy<\/h2>\n<ul>\n<li>Wysoka wytrzyma\u0142o\u015b\u0107 i trwa\u0142o\u015b\u0107: Zazwyczaj wykonany z wysokowytrzyma\u0142ej stali lub aluminium, si\u0142ownik \u0142y\u017cki wytrzymuje wysokie ci\u015bnienie i du\u017ce obci\u0105\u017cenia, dostosowuj\u0105c si\u0119 do trudnych warunk\u00f3w pracy. Jego konstrukcja uwzgl\u0119dnia odporno\u015b\u0107 na zu\u017cycie i korozj\u0119, co wyd\u0142u\u017ca jego \u017cywotno\u015b\u0107.<\/li>\n<li>Wydajna praca uk\u0142adu hydraulicznego: Wykorzystuj\u0105c ci\u015bnienie oleju hydraulicznego, si\u0142ownik \u0142y\u017cki wykonuje p\u0142ynne ruchy wysuwania i wsuwania, zapewniaj\u0105c szybk\u0105 reakcj\u0119 na polecenia steruj\u0105ce i generuj\u0105c du\u017ce si\u0142y pchania i ci\u0105gni\u0119cia, odpowiednie do podnoszenia ci\u0119\u017ckich \u0142adunk\u00f3w i wykonywania skomplikowanych zada\u0144.<\/li>\n<li>R\u00f3\u017cne typy: Si\u0142ownik czerpakowy mo\u017cna wybra\u0107 jako jednostronnego dzia\u0142ania (hydraulika dzia\u0142a tylko w jednym kierunku) lub dwustronnego dzia\u0142ania (hydraulika dzia\u0142a w obu kierunkach) w zale\u017cno\u015bci od wymaga\u0144. Niekt\u00f3re modele s\u0105 teleskopowe, co pozwala na wi\u0119ksze wysuni\u0119cie bez zwi\u0119kszania wymiar\u00f3w zewn\u0119trznych, nadaj\u0105c si\u0119 do zastosowa\u0144 w ograniczonej przestrzeni.<\/li>\n<li>Idealna wymiana: Nasze produkty mog\u0105 idealnie zast\u0105pi\u0107 te cylindry hydrauliczne.<\/li>\n<\/ul>\n<p><img decoding=\"async\" src=\"https:\/\/www.hydraulic-cylinders.net\/wp-content\/uploads\/2025\/01\/songte-cylinder-head-with-all-kinds-excavator-models.webp\"><\/p>\n<h2>Aplikacje<\/h2>\n<ul>\n<li>Sprz\u0119t budowlany: Znajduj\u0105 si\u0119 w koparkach i s\u0105 niezb\u0119dne do kopania, za\u0142adunku i przemieszczania gleby lub gruzu. W koparko-\u0142adowarkach si\u0142ownik \u0142y\u017cki wspomaga zar\u00f3wno kopanie, jak i podnoszenie.<\/li>\n<li>Maszyny rolnicze: Stosowane w \u0142adowarkach czo\u0142owych do nabierania, podnoszenia i transportu gleby, siana i innych materia\u0142\u00f3w.<\/li>\n<li>Koparki: Cylinder \u0142y\u017cki umo\u017cliwia kopanie poprzez umo\u017cliwienie \u0142y\u017cce wnikania w gleb\u0119.<\/li>\n<li>\u0141adowarki: W przypadku \u0142adowarek czo\u0142owych u\u0142atwiaj\u0105 one efektywne podnoszenie i wysypywanie towar\u00f3w.<\/li>\n<\/ul>\n<h2>Zagadnienia projektowe i kryteria wyboru<\/h2>\n<ul>\n<li>No\u015bno\u015b\u0107: Cylinder \u0142y\u017cki jest zaprojektowany tak, aby wytrzyma\u0107 okre\u015blone obci\u0105\u017cenie i powinien by\u0107 odpowiednio dobrany.<\/li>\n<li>Uszczelnienie: Aby zapewni\u0107 prawid\u0142owe funkcjonowanie i zapobiec wyciekom, stosuje si\u0119 r\u00f3\u017cne elementy uszczelniaj\u0105ce, takie jak uszczelki t\u0142okowe i uszczelki t\u0142oczyskowe.<\/li>\n<li>Trwa\u0142o\u015b\u0107: Konstrukcja cylindra uwzgl\u0119dnia odporno\u015b\u0107 na zu\u017cycie i korozj\u0119, aby zwi\u0119kszy\u0107 jego \u017cywotno\u015b\u0107.<\/li>\n<li>Bezpiecze\u0144stwo: Aby zapobiec awariom systemu i zapewni\u0107 bezpiecze\u0144stwo operatora, zastosowano funkcje bezpiecze\u0144stwa, takie jak zawory bezpiecze\u0144stwa.<\/li>\n<li>\u0141atwo\u015b\u0107 konserwacji: Ju\u017c w procesie projektowania uwzgl\u0119dniono kwesti\u0119 \u0142atwego dost\u0119pu w celu przeprowadzania konserwacji i napraw.<\/li>\n<\/ul>\n<p><img decoding=\"async\" src=\"https:\/\/www.hydraulic-cylinders.net\/wp-content\/uploads\/2025\/01\/songte-oil-pipes-and-spare-parts.webp\"><\/p>\n<h2>Uszczelnianie i smarowanie<\/h2>\n<p>W si\u0142owniku kube\u0142kowym zastosowano r\u00f3\u017cne elementy uszczelniaj\u0105ce, takie jak uszczelnienia t\u0142oka i t\u0142oczyska, wykonane z materia\u0142\u00f3w odpornych na zu\u017cycie, takich jak poliuretan i kauczuk nitrylowy. Korpus si\u0142ownika i gwintowane powierzchnie ko\u0144cowe s\u0105 poddawane precyzyjnej obr\u00f3bce w celu zwi\u0119kszenia odporno\u015bci na zu\u017cycie. Regularne smarowanie odpowiedni\u0105 ilo\u015bci\u0105 oleju hydraulicznego jest niezb\u0119dne dla zapewnienia p\u0142ynnej pracy.<\/p>\n<h2>Regularne kontrole i konserwacja zapobiegawcza<\/h2>\n<ul>\n<li>Regularnie sprawdzaj, czy cylinder nie nosi \u015blad\u00f3w uszkodze\u0144 lub zu\u017cycia.<\/li>\n<li>Prawid\u0142owe smarowanie wszystkich ruchomych cz\u0119\u015bci jest niezwykle istotne.<\/li>\n<li>Okresowo sprawdzaj i wymieniaj zu\u017cyte uszczelki, aby zachowa\u0107 w\u0142a\u015bciw\u0105 szczelno\u015b\u0107.<\/li>\n<li>Aby zagwarantowa\u0107 prawid\u0142owe dzia\u0142anie urz\u0105dzenia, nale\u017cy przeprowadza\u0107 kontrole kalibracji.<\/li>\n<\/ul>\n<h2>Przewodnik instalacji<\/h2>\n<p>1. Podczas monta\u017cu nale\u017cy prawid\u0142owo ustawi\u0107 cylinder.<\/p>\n<p>2. Zabezpiecz cylinder za pomoc\u0105 odpowiednich wspornik\u00f3w monta\u017cowych.<\/p>\n<h2>Typowe zadania konserwacyjne<\/h2>\n<ul>\n<li>Regularna kontrola<\/li>\n<li>Prawid\u0142owe smarowanie<\/li>\n<li>Wymiana uszczelki<\/li>\n<li>Kontrole kalibracji<\/li>\n<\/ul>\n<p>Nale\u017cy podkre\u015bli\u0107 znaczenie prawid\u0142owej instalacji, smarowania i regulacji. Zaleca si\u0119 zapewnienie odpowiednich wskaz\u00f3wek dotycz\u0105cych ustawienia cylindra podczas instalacji. Przedstawiono zalecane procedury kontroli, naprawy i wymiany, aby wyd\u0142u\u017cy\u0107 \u017cywotno\u015b\u0107 cylindra kube\u0142kowego.<\/p>\n<p><img decoding=\"async\" src=\"https:\/\/www.hydraulic-cylinders.net\/wp-content\/uploads\/2025\/01\/songte-chushion-collar.webp\"><\/p>\n<h2>Zagadnienia bezpiecze\u0144stwa i czynniki \u015brodowiskowe<\/h2>\n<p>Nale\u017cy podkre\u015bli\u0107 znaczenie \u015brodk\u00f3w bezpiecze\u0144stwa podczas u\u017cytkowania cylindra czerpakowego. Nale\u017cy podj\u0105\u0107 odpowiednie \u015brodki ostro\u017cno\u015bci, aby zapewni\u0107 bezpieczn\u0105 obs\u0142ug\u0119 sprz\u0119tu oraz chroni\u0107 operator\u00f3w i \u015brodowisko.<\/p>\n<h2>Rozwi\u0105zywanie problem\u00f3w i typowe problemy<\/h2>\n<p>1. Problem: Wyciek<br \/>Rozwi\u0105zanie: Sprawd\u017a i wymie\u0144 uszkodzone uszczelki.<\/p>\n<p>2. Problem: Niewystarczaj\u0105ca si\u0142a<br \/>Rozwi\u0105zanie: Sprawd\u017a ci\u015bnienie w uk\u0142adzie hydraulicznym i upewnij si\u0119, \u017ce jest on prawid\u0142owo smarowany.<\/p>\n<p>3. Problem: Nieregularny ruch<br \/>Rozwi\u0105zanie: Sprawd\u017a, czy uk\u0142ad hydrauliczny nie jest zanieczyszczony i sprawd\u017a zaw\u00f3r steruj\u0105cy.<\/p>\n<p>Podawanie wskaz\u00f3wek i rozwi\u0105za\u0144 dotycz\u0105cych rozwi\u0105zywania problem\u00f3w pomaga czytelnikom skutecznie diagnozowa\u0107 i rozwi\u0105zywa\u0107 problemy. Nale\u017cy r\u00f3wnie\u017c poda\u0107 sugestie dotycz\u0105ce \u015brodk\u00f3w zapobiegawczych w celu zminimalizowania potencjalnych problem\u00f3w.<\/p>\n<p><img decoding=\"async\" src=\"https:\/\/www.hydraulic-cylinders.net\/wp-content\/uploads\/2025\/01\/songte-bushings-with-all-kinds-of-excavator-models.webp\"><\/p>\n<h2>O naszej firmie<\/h2>\n<p>Jeste\u015bmy producentem zamiennych cylindr\u00f3w hydraulicznych oraz wiod\u0105cym producentem i dystrybutorem hurtowym na rynku krajowym i mi\u0119dzynarodowym. Nasza firma realizuje strategi\u0119 doskona\u0142ej jako\u015bci, opieraj\u0105c si\u0119 na przemys\u0142owym zarz\u0105dzaniu produkcj\u0105 w precyzyjnie wyposa\u017conych warsztatach. Stale udoskonalamy nasz\u0105 platform\u0119 produkcyjn\u0105, wykorzystuj\u0105c talenty techniczne, zaawansowany sprz\u0119t do produkcji cyfrowej oraz profesjonalne systemy testowe. Dzi\u0119ki wysokiej wydajno\u015bci, precyzji i zasadom jako\u015bci, zaspokajamy zr\u00f3\u017cnicowane potrzeby naszych klient\u00f3w.<\/p>\n<p><img decoding=\"async\" src=\"https:\/\/www.hydraulic-cylinders.net\/wp-content\/uploads\/2025\/01\/songte-company-3.webp\"><\/p>\n<h3>Profesjonalizm<\/h3>\n<p>K\u0142adziemy nacisk na profesjonalizm w ka\u017cdym aspekcie naszej dzia\u0142alno\u015bci, od projektowania produkt\u00f3w, przez produkcj\u0119, po obs\u0142ug\u0119 klienta. Nasz zesp\u00f3\u0142 ekspert\u00f3w dba o to, aby nasze cylindry hydrauliczne spe\u0142nia\u0142y najwy\u017csze standardy jako\u015bci.<\/p>\n<h3>Certyfikaty mi\u0119dzynarodowe<\/h3>\n<p>Nasza firma uzyska\u0142a szereg mi\u0119dzynarodowych certyfikat\u00f3w, kt\u00f3re potwierdzaj\u0105 nasze zaanga\u017cowanie w dostarczanie niezawodnych i wysokiej jako\u015bci produkt\u00f3w.<\/p>\n<h3>Us\u0142ugi personalizacji<\/h3>\n<p>Oferujemy us\u0142ugi personalizacji, aby sprosta\u0107 specyficznym wymaganiom naszych klient\u00f3w. Nasz zesp\u00f3\u0142 \u015bci\u015ble wsp\u00f3\u0142pracuje z klientami, aby dostarcza\u0107 im rozwi\u0105zania dostosowane do ich potrzeb w zakresie cylindr\u00f3w hydraulicznych.<\/p>\n<h3>Sprz\u0119t produkcyjny<\/h3>\n<p>Zainwestowali\u015bmy w zaawansowany sprz\u0119t produkcyjny, aby zapewni\u0107 wydajne i precyzyjne procesy produkcyjne. Dzi\u0119ki temu mo\u017cemy dostarcza\u0107 produkty o wyj\u0105tkowej jako\u015bci.<\/p>\n<h3>Serwis posprzeda\u017cowy<\/h3>\n<p>Zapewniamy naszym klientom kompleksow\u0105 obs\u0142ug\u0119 posprzeda\u017cow\u0105, w tym wymian\u0119 cz\u0119\u015bci i us\u0142ugi regeneracji. Naszym celem jest wyd\u0142u\u017cenie \u017cywotno\u015bci i zwi\u0119kszenie wydajno\u015bci naszych si\u0142ownik\u00f3w hydraulicznych.<\/p>\n<p>Pami\u0119taj, aby artyku\u0142 by\u0142 logicznie uporz\u0105dkowany, u\u017cywaj podtytu\u0142\u00f3w u\u0142atwiaj\u0105cych nawigacj\u0119, dodawaj odpowiednie obrazy i wykresy, aby u\u0142atwi\u0107 zrozumienie, a tak\u017ce zadbaj o to, aby tre\u015b\u0107 by\u0142a przejrzysta, zwi\u0119z\u0142a i odpowiednia dla czytelnik\u00f3w o r\u00f3\u017cnym poziomie wiedzy technicznej.<\/p>\n<p>Autor: lyl<\/p>\n<p><img decoding=\"async\" src=\"https:\/\/hzpt.com\/wp-content\/uploads\/2024\/11\/songte-company-1.webp\"><\/p>","protected":false},"excerpt":{"rendered":"<p>Bucket Cylinder For SDLG Small Excavator LG6150E Introduction The bucket cylinder is a specially designed hydraulic cylinder used to control the movement of the bucket in heavy machinery such as excavators, backhoe loaders, and front loaders. Its main function is to enable the lifting, lowering, and tilting of the bucket, making it easier for various [&hellip;]<\/p>","protected":false},"featured_media":14784,"comment_status":"open","ping_status":"closed","template":"","meta":{"_et_pb_use_builder":"","_et_pb_old_content":"","_et_gb_content_width":""},"product_brand":[],"product_cat":[1494],"product_tag":[1495,1496],"class_list":{"0":"post-15646","1":"product","2":"type-product","3":"status-publish","4":"has-post-thumbnail","6":"product_cat-bucket-cylinders","7":"product_tag-bucket-cylinders","8":"product_tag-hydraulic-cylinders","10":"first","11":"instock","12":"shipping-taxable","13":"product-type-simple"},"amp_enabled":true,"_links":{"self":[{"href":"https:\/\/www.hydraulic-cylinders.net\/pl\/wp-json\/wp\/v2\/product\/15646","targetHints":{"allow":["GET"]}}],"collection":[{"href":"https:\/\/www.hydraulic-cylinders.net\/pl\/wp-json\/wp\/v2\/product"}],"about":[{"href":"https:\/\/www.hydraulic-cylinders.net\/pl\/wp-json\/wp\/v2\/types\/product"}],"replies":[{"embeddable":true,"href":"https:\/\/www.hydraulic-cylinders.net\/pl\/wp-json\/wp\/v2\/comments?post=15646"}],"wp:featuredmedia":[{"embeddable":true,"href":"https:\/\/www.hydraulic-cylinders.net\/pl\/wp-json\/wp\/v2\/media\/14784"}],"wp:attachment":[{"href":"https:\/\/www.hydraulic-cylinders.net\/pl\/wp-json\/wp\/v2\/media?parent=15646"}],"wp:term":[{"taxonomy":"product_brand","embeddable":true,"href":"https:\/\/www.hydraulic-cylinders.net\/pl\/wp-json\/wp\/v2\/product_brand?post=15646"},{"taxonomy":"product_cat","embeddable":true,"href":"https:\/\/www.hydraulic-cylinders.net\/pl\/wp-json\/wp\/v2\/product_cat?post=15646"},{"taxonomy":"product_tag","embeddable":true,"href":"https:\/\/www.hydraulic-cylinders.net\/pl\/wp-json\/wp\/v2\/product_tag?post=15646"}],"curies":[{"name":"wp","href":"https:\/\/api.w.org\/{rel}","templated":true}]}}