{"id":15651,"date":"2025-01-19T14:47:50","date_gmt":"2025-01-19T14:47:50","guid":{"rendered":"https:\/\/www.hydraulic-cylinders.net\/product\/bucket-cylinder-for-sdlg-middle-excavator-lg6235\/"},"modified":"2025-01-19T14:47:52","modified_gmt":"2025-01-19T14:47:52","slug":"bucket-cylinder-for-sdlg-middle-excavator-lg6235","status":"publish","type":"product","link":"https:\/\/www.hydraulic-cylinders.net\/pl\/produkt\/bucket-cylinder-for-sdlg-middle-excavator-lg6235\/","title":{"rendered":"Si\u0142ownik \u0142y\u017cki do koparki \u015bredniej SDLG LG6235"},"content":{"rendered":"<h1>Si\u0142ownik \u0142y\u017cki do koparki \u015bredniej SDLG LG6235<\/h1>\n<h2>Wst\u0119p<\/h2>\n<p>Si\u0142ownik \u0142y\u017cki do koparki SDLG Middle Excavator LG6235 to specjalnie zaprojektowany si\u0142ownik hydrauliczny s\u0142u\u017c\u0105cy do sterowania ruchem \u0142y\u017cki w ci\u0119\u017ckich maszynach, takich jak koparki, koparko-\u0142adowarki i \u0142adowarki czo\u0142owe. Jego g\u0142\u00f3wn\u0105 funkcj\u0105 jest podnoszenie, opuszczanie i przechylanie \u0142y\u017cki, u\u0142atwiaj\u0105c wykonywanie r\u00f3\u017cnych zada\u0144 zwi\u0105zanych z prze\u0142adunkiem materia\u0142\u00f3w. W uk\u0142adzie hydraulicznym si\u0142ownik \u0142y\u017cki zapewnia precyzyjn\u0105 kontrol\u0119 nad \u0142y\u017ck\u0105, wykorzystuj\u0105c zmiany ci\u015bnienia oleju hydraulicznego, umo\u017cliwiaj\u0105c operatorom wydajne przenoszenie ci\u0119\u017ckich \u0142adunk\u00f3w i dostosowywanie si\u0119 do z\u0142o\u017conych warunk\u00f3w pracy oraz zr\u00f3\u017cnicowanych wymaga\u0144.<\/p>\n<p><img decoding=\"async\" src=\"https:\/\/www.hydraulic-cylinders.net\/wp-content\/uploads\/2025\/01\/songte-company-2.webp\"><\/p>\n<h2>Cechy<\/h2>\n<ul>\n<li>Wysoka wytrzyma\u0142o\u015b\u0107 i trwa\u0142o\u015b\u0107: Zazwyczaj wykonane z wysokowytrzyma\u0142ej stali lub aluminium, odporne na wysokie ci\u015bnienie i du\u017ce obci\u0105\u017cenia, odpowiednie do pracy w trudnych warunkach. Konstrukcja uwzgl\u0119dnia odporno\u015b\u0107 na zu\u017cycie i korozj\u0119, co wyd\u0142u\u017ca ich \u017cywotno\u015b\u0107.<\/li>\n<li>Wydajna praca uk\u0142adu hydraulicznego: wykorzystuje ci\u015bnienie oleju hydraulicznego w celu uzyskania p\u0142ynnych ruch\u00f3w wysuwania i wsuwania, umo\u017cliwia szybk\u0105 reakcj\u0119 na polecenia steruj\u0105ce, zapewnia du\u017ce si\u0142y pchania i ci\u0105gni\u0119cia, odpowiednie do obs\u0142ugi ci\u0119\u017ckich \u0142adunk\u00f3w i wykonywania skomplikowanych zada\u0144.<\/li>\n<li>R\u00f3\u017cne typy: Dost\u0119pne jako si\u0142owniki jednostronnego dzia\u0142ania (hydrauliczne tylko w jednym kierunku) lub dwustronnego dzia\u0142ania (hydrauliczne w obu kierunkach), w zale\u017cno\u015bci od wymaga\u0144 i potrzeb operacyjnych. Niekt\u00f3re modele s\u0105 teleskopowe, co pozwala na wi\u0119ksze wysuni\u0119cie bez zwi\u0119kszania wymiar\u00f3w zewn\u0119trznych, i nadaje si\u0119 do zastosowa\u0144 w ograniczonej przestrzeni.<\/li>\n<li>Idealna wymiana: Nasz produkt mo\u017ce idealnie zast\u0105pi\u0107 te cylindry hydrauliczne.<\/li>\n<\/ul>\n<p><img decoding=\"async\" src=\"https:\/\/www.hydraulic-cylinders.net\/wp-content\/uploads\/2025\/01\/songte-cylinder-head-with-all-kinds-excavator-models.webp\"><\/p>\n<h2>Aplikacje<\/h2>\n<h3>Sprz\u0119t budowlany:<\/h3>\n<p>W koparkach s\u0105 one niezb\u0119dne do kopania, za\u0142adunku i przemieszczania gleby lub gruzu. W koparko-\u0142adowarkach si\u0142ownik \u0142y\u017cki wspomaga zar\u00f3wno kopanie, jak i podnoszenie.<\/p>\n<h3>Maszyny rolnicze:<\/h3>\n<p>Stosowany w \u0142adowarkach czo\u0142owych do nabierania, podnoszenia i transportu ziemi, siana i innych materia\u0142\u00f3w.<\/p>\n<h3>Koparki:<\/h3>\n<p>Cylinder \u0142y\u017cki umo\u017cliwia kopanie poprzez umo\u017cliwienie \u0142y\u017cce wnikania w gleb\u0119.<\/p>\n<h3>\u0141adowarki:<\/h3>\n<p>W \u0142adowarkach czo\u0142owych pomagaj\u0105 w efektywnym podnoszeniu i przechylaniu \u0142adunk\u00f3w.<\/p>\n<h2>Zagadnienia projektowe i kryteria wyboru<\/h2>\n<p>Projektuj\u0105c si\u0142owniki kube\u0142kowe, nale\u017cy wzi\u0105\u0107 pod uwag\u0119 r\u00f3\u017cne czynniki, takie jak no\u015bno\u015b\u0107, szczelno\u015b\u0107, trwa\u0142o\u015b\u0107, bezpiecze\u0144stwo i \u0142atwo\u015b\u0107 konserwacji. Oto kilka kluczowych punkt\u00f3w:<\/p>\n<p><img decoding=\"async\" src=\"https:\/\/www.hydraulic-cylinders.net\/wp-content\/uploads\/2025\/01\/songte-oil-pipes-and-spare-parts.webp\"><\/p>\n<h2>Uszczelnianie i smarowanie<\/h2>\n<p>W cylindrze czerpakowym zastosowano r\u00f3\u017cnorodne elementy uszczelniaj\u0105ce, takie jak uszczelnienia t\u0142oka i t\u0142oczyska, wykonane z materia\u0142\u00f3w odpornych na zu\u017cycie, takich jak poliuretan i kauczuk nitrylowy. Korpus cylindra i gwintowana powierzchnia ko\u0144cowa s\u0105 poddawane precyzyjnej obr\u00f3bce w celu zwi\u0119kszenia odporno\u015bci na zu\u017cycie. Konieczne jest regularne smarowanie odpowiedni\u0105 ilo\u015bci\u0105 oleju hydraulicznego.<\/p>\n<h2>Regularne kontrole i konserwacja zapobiegawcza<\/h2>\n<p>Aby zapewni\u0107 optymaln\u0105 wydajno\u015b\u0107 i trwa\u0142o\u015b\u0107 si\u0142ownika \u0142y\u017cki, zaleca si\u0119 regularne przegl\u0105dy i dzia\u0142ania konserwacyjne. Oto kilka wskaz\u00f3wek:<\/p>\n<h2>Przewodnik instalacji<\/h2>\n<p>Prawid\u0142owy monta\u017c jest kluczowy dla funkcjonalno\u015bci cylindra kube\u0142kowego. Post\u0119puj zgodnie z poni\u017cszymi wskaz\u00f3wkami:<\/p>\n<p><img decoding=\"async\" src=\"https:\/\/www.hydraulic-cylinders.net\/wp-content\/uploads\/2025\/01\/songte-chushion-collar.webp\"><\/p>\n<h2>Zagadnienia bezpiecze\u0144stwa i czynniki \u015brodowiskowe<\/h2>\n<p>Zachowanie \u015brodk\u00f3w bezpiecze\u0144stwa podczas u\u017cytkowania cylindra czerpakowego jest niezwykle wa\u017cne. Nale\u017cy r\u00f3wnie\u017c wzi\u0105\u0107 pod uwag\u0119 czynniki \u015brodowiskowe.<\/p>\n<h2>Rozwi\u0105zywanie problem\u00f3w i typowe problemy<\/h2>\n<p>Identyfikacja i rozwi\u0105zywanie problem\u00f3w zwi\u0105zanych z cylindrem \u0142y\u017cki wymaga zastosowania odpowiednich technik rozwi\u0105zywania problem\u00f3w. Oto kilka wskaz\u00f3wek i rozwi\u0105za\u0144:<\/p>\n<p><img decoding=\"async\" src=\"https:\/\/www.hydraulic-cylinders.net\/wp-content\/uploads\/2025\/01\/songte-bushings-with-all-kinds-of-excavator-models.webp\"><\/p>\n<h2>O naszej firmie<\/h2>\n<p>Jeste\u015bmy producentem specjalizuj\u0105cym si\u0119 w produkcji zamiennych cylindr\u00f3w hydraulicznych. Dzi\u0119ki szerokiej gamie produkt\u00f3w stali\u015bmy si\u0119 jednym z wiod\u0105cych producent\u00f3w i hurtownik\u00f3w cylindr\u00f3w hydraulicznych na rynku krajowym i mi\u0119dzynarodowym. Nasza firma przestrzega zasad doskona\u0142ej jako\u015bci i strategii zarz\u0105dzania produkcj\u0105 przemys\u0142owej, wykorzystuj\u0105c talenty techniczne, zaawansowany sprz\u0119t produkcyjny i profesjonalne systemy testowe. Stale udoskonalamy nasz\u0105 platform\u0119 produkcyjn\u0105, doskonalimy proces produkcji i dysponujemy du\u017cym potencja\u0142em kreatywnym. Kieruj\u0105c si\u0119 wysok\u0105 wydajno\u015bci\u0105, precyzj\u0105 i jako\u015bci\u0105, zaspokajamy zr\u00f3\u017cnicowane potrzeby naszych klient\u00f3w.<\/p>\n<p><img decoding=\"async\" src=\"https:\/\/www.hydraulic-cylinders.net\/wp-content\/uploads\/2025\/01\/songte-company-3.webp\"><\/p>\n<p>Nasza firma znana jest ze swojego profesjonalizmu, mi\u0119dzynarodowych certyfikat\u00f3w, zindywidualizowanych us\u0142ug, sprz\u0119tu produkcyjnego i obs\u0142ugi posprzeda\u017cowej.<\/p>\n<p>Autor: lyl<\/p>","protected":false},"excerpt":{"rendered":"<p>Bucket Cylinder For SDLG Middle Excavator LG6235 Introduction The Bucket Cylinder for SDLG Middle Excavator LG6235 is a specially designed hydraulic cylinder used to control the movement of the bucket in heavy machinery such as excavators, backhoe loaders, and front-end loaders. Its main function is to enable the bucket to lift, lower, and tilt, making [&hellip;]<\/p>","protected":false},"featured_media":14773,"comment_status":"open","ping_status":"closed","template":"","meta":{"_et_pb_use_builder":"","_et_pb_old_content":"","_et_gb_content_width":""},"product_brand":[],"product_cat":[1494],"product_tag":[1495,1496],"class_list":{"0":"post-15651","1":"product","2":"type-product","3":"status-publish","4":"has-post-thumbnail","6":"product_cat-bucket-cylinders","7":"product_tag-bucket-cylinders","8":"product_tag-hydraulic-cylinders","10":"first","11":"instock","12":"shipping-taxable","13":"product-type-simple"},"amp_enabled":true,"_links":{"self":[{"href":"https:\/\/www.hydraulic-cylinders.net\/pl\/wp-json\/wp\/v2\/product\/15651","targetHints":{"allow":["GET"]}}],"collection":[{"href":"https:\/\/www.hydraulic-cylinders.net\/pl\/wp-json\/wp\/v2\/product"}],"about":[{"href":"https:\/\/www.hydraulic-cylinders.net\/pl\/wp-json\/wp\/v2\/types\/product"}],"replies":[{"embeddable":true,"href":"https:\/\/www.hydraulic-cylinders.net\/pl\/wp-json\/wp\/v2\/comments?post=15651"}],"wp:featuredmedia":[{"embeddable":true,"href":"https:\/\/www.hydraulic-cylinders.net\/pl\/wp-json\/wp\/v2\/media\/14773"}],"wp:attachment":[{"href":"https:\/\/www.hydraulic-cylinders.net\/pl\/wp-json\/wp\/v2\/media?parent=15651"}],"wp:term":[{"taxonomy":"product_brand","embeddable":true,"href":"https:\/\/www.hydraulic-cylinders.net\/pl\/wp-json\/wp\/v2\/product_brand?post=15651"},{"taxonomy":"product_cat","embeddable":true,"href":"https:\/\/www.hydraulic-cylinders.net\/pl\/wp-json\/wp\/v2\/product_cat?post=15651"},{"taxonomy":"product_tag","embeddable":true,"href":"https:\/\/www.hydraulic-cylinders.net\/pl\/wp-json\/wp\/v2\/product_tag?post=15651"}],"curies":[{"name":"wp","href":"https:\/\/api.w.org\/{rel}","templated":true}]}}