{"id":15652,"date":"2025-01-19T14:47:54","date_gmt":"2025-01-19T14:47:54","guid":{"rendered":"https:\/\/www.hydraulic-cylinders.net\/product\/bucket-cylinder-for-sdlg-middle-excavator-lg6270e\/"},"modified":"2025-01-19T14:48:02","modified_gmt":"2025-01-19T14:48:02","slug":"bucket-cylinder-for-sdlg-middle-excavator-lg6270e","status":"publish","type":"product","link":"https:\/\/www.hydraulic-cylinders.net\/pl\/produkt\/bucket-cylinder-for-sdlg-middle-excavator-lg6270e\/","title":{"rendered":"Si\u0142ownik \u0142y\u017cki do koparki \u015bredniej SDLG LG6270E"},"content":{"rendered":"<p><!DOCTYPE html><br \/>\n<html><br \/>\n<head><br \/>\n\t<title>Si\u0142ownik \u0142y\u017cki do koparki \u015bredniej SDLG LG6270E<\/title><br \/>\n<\/head><br \/>\n<body><\/p>\n<h1>Si\u0142ownik \u0142y\u017cki do koparki \u015bredniej SDLG LG6270E<\/h1>\n<h2>Wst\u0119p<\/h2>\n<p>Si\u0142ownik \u0142y\u017cki to specjalnie zaprojektowany si\u0142ownik hydrauliczny s\u0142u\u017c\u0105cy do sterowania ruchem \u0142y\u017cki w ci\u0119\u017ckich maszynach, takich jak koparki, koparko-\u0142adowarki i \u0142adowarki czo\u0142owe. Jego g\u0142\u00f3wn\u0105 funkcj\u0105 jest podnoszenie, opuszczanie i przechylanie \u0142y\u017cki, u\u0142atwiaj\u0105c r\u00f3\u017cnorodne zadania zwi\u0105zane z prze\u0142adunkiem materia\u0142\u00f3w. W uk\u0142adzie hydraulicznym si\u0142ownik \u0142y\u017cki zapewnia precyzyjn\u0105 kontrol\u0119 nad \u0142y\u017ck\u0105, wykorzystuj\u0105c zmiany ci\u015bnienia oleju hydraulicznego, umo\u017cliwiaj\u0105c operatorom wydajne przenoszenie ci\u0119\u017ckich \u0142adunk\u00f3w i dostosowywanie si\u0119 do z\u0142o\u017conych warunk\u00f3w pracy oraz zr\u00f3\u017cnicowanych wymaga\u0144 operacyjnych.<\/p>\n<p>\t<img decoding=\"async\" src=\"https:\/\/www.hydraulic-cylinders.net\/wp-content\/uploads\/2025\/01\/songte-company-2.webp\" alt=\"Obraz cylindra wiadra\"><\/p>\n<h2>Cechy<\/h2>\n<ul>\n<li>Wysoka wytrzyma\u0142o\u015b\u0107 i trwa\u0142o\u015b\u0107: Zazwyczaj wykonane z wysokowytrzyma\u0142ej stali lub aluminium, wytrzymuj\u0105 du\u017ce ci\u015bnienie i du\u017ce obci\u0105\u017cenia, s\u0105 przystosowane do trudnych warunk\u00f3w pracy, a tak\u017ce zaprojektowane z uwzgl\u0119dnieniem odporno\u015bci na zu\u017cycie i korozj\u0119, aby wyd\u0142u\u017cy\u0107 ich \u017cywotno\u015b\u0107.<\/li>\n<li>Wydajne dzia\u0142anie uk\u0142adu hydraulicznego: Wykorzystuje ci\u015bnienie oleju hydraulicznego w celu uzyskania p\u0142ynnych ruch\u00f3w wysuwania i wsuwania, umo\u017cliwiaj\u0105c szybk\u0105 reakcj\u0119 na polecenia steruj\u0105ce, zapewniaj\u0105c du\u017ce si\u0142y pchania i ci\u0105gni\u0119cia. Jest to rozwi\u0105zanie odpowiednie do obs\u0142ugi ci\u0119\u017ckich \u0142adunk\u00f3w i skomplikowanych zada\u0144 operacyjnych.<\/li>\n<li>R\u00f3\u017cne typy: Dost\u0119pne w cylindrach jednostronnego dzia\u0142ania (p\u0142yn hydrauliczny dzia\u0142a tylko w jednym kierunku) lub dwustronnego dzia\u0142ania (p\u0142yn hydrauliczny dzia\u0142a w obu kierunkach), co pozwala na spe\u0142nienie r\u00f3\u017cnych wymaga\u0144 operacyjnych. Niekt\u00f3re modele s\u0105 teleskopowe, co pozwala na wi\u0119ksze wysuni\u0119cie bez zwi\u0119kszania wymiar\u00f3w zewn\u0119trznych, dzi\u0119ki czemu nadaj\u0105 si\u0119 do zastosowa\u0144 w ograniczonej przestrzeni.<\/li>\n<li>Doskona\u0142a wymiana: Nasze produkty doskonale zast\u0119puj\u0105 si\u0142owniki hydrauliczne, oferuj\u0105c niezawodn\u0105 alternatyw\u0119 dla Twojego sprz\u0119tu.<\/li>\n<\/ul>\n<p>\t<img decoding=\"async\" src=\"https:\/\/www.hydraulic-cylinders.net\/wp-content\/uploads\/2025\/01\/songte-cylinder-head-with-all-kinds-excavator-models.webp\" alt=\"Obraz zast\u0119pczy produktu\"><\/p>\n<h2>Aplikacje<\/h2>\n<p>Cylindry kube\u0142kowe znajduj\u0105 zastosowanie w r\u00f3\u017cnorodnych urz\u0105dzeniach:<\/p>\n<ul>\n<li>Sprz\u0119t budowlany: Znajduj\u0105 si\u0119 w koparkach i s\u0105 niezb\u0119dne do wykop\u00f3w, za\u0142adunku i przemieszczania gleby lub gruzu. W koparko-\u0142adowarkach si\u0142ownik \u0142y\u017cki wspomaga zar\u00f3wno wykopy, jak i podnoszenie.<\/li>\n<li>Maszyny rolnicze: Stosowane w \u0142adowarkach czo\u0142owych do nabierania, podnoszenia i transportu gleby, siana i innych materia\u0142\u00f3w.<\/li>\n<li>Koparki: Cylinder \u0142y\u017cki umo\u017cliwia kopanie poprzez umo\u017cliwienie \u0142y\u017cce wnikania w gleb\u0119.<\/li>\n<li>\u0141adowarki: W \u0142adowarkach czo\u0142owych pomagaj\u0105 w wydajnym podnoszeniu i wysypywaniu towar\u00f3w.<\/li>\n<\/ul>\n<h2>Zagadnienia projektowe i kryteria wyboru<\/h2>\n<ul>\n<li>No\u015bno\u015b\u0107: Om\u00f3w zdolno\u015b\u0107 cylindra do wytrzymywania obci\u0105\u017ce\u0144 i ci\u015bnie\u0144.<\/li>\n<li>Uszczelnienie: Poznaj zastosowanie r\u00f3\u017cnych uszczelek, takich jak uszczelnienia t\u0142ok\u00f3w i uszczelnienia t\u0142oczysk wykonanych z materia\u0142\u00f3w odpornych na zu\u017cycie, np. poliuretanu i kauczuku nitrylowego, a tak\u017ce znaczenie prawid\u0142owego uszczelnienia dla trwa\u0142o\u015bci.<\/li>\n<li>Trwa\u0142o\u015b\u0107: Om\u00f3w, w jaki spos\u00f3b korpus cylindra i gwintowane ko\u0144ce s\u0105 poddawane precyzyjnej obr\u00f3bce w celu zwi\u0119kszenia odporno\u015bci na zu\u017cycie.<\/li>\n<li>Bezpiecze\u0144stwo: Podczas projektowania nale\u017cy uwzgl\u0119dni\u0107 kwestie bezpiecze\u0144stwa, podkre\u015blaj\u0105c wag\u0119 przestrzegania zasad bezpiecze\u0144stwa podczas pracy z cylindrem.<\/li>\n<li>\u0141atwo\u015b\u0107 konserwacji: Om\u00f3w \u0142atwo\u015b\u0107 konserwacji i dost\u0119pno\u015b\u0107 cz\u0119\u015bci zamiennych do cylindra.<\/li>\n<\/ul>\n<p>\t<img decoding=\"async\" src=\"https:\/\/www.hydraulic-cylinders.net\/wp-content\/uploads\/2025\/01\/songte-oil-pipes-and-spare-parts.webp\" alt=\"Rozwa\u017cania projektowe Obraz\"><\/p>\n<h2>Uszczelnianie i smarowanie<\/h2>\n<p>W si\u0142owniku kube\u0142kowym zastosowano r\u00f3\u017cnorodne uszczelnienia, takie jak uszczelnienia t\u0142oka i t\u0142oczyska, wykonane z materia\u0142\u00f3w odpornych na zu\u017cycie, takich jak poliuretan i kauczuk nitrylowy. Korpus si\u0142ownika i gwintowane ko\u0144c\u00f3wki poddawane s\u0105 starannej obr\u00f3bce powierzchni w celu zwi\u0119kszenia odporno\u015bci na zu\u017cycie. Regularne smarowanie odpowiedni\u0105 ilo\u015bci\u0105 oleju hydraulicznego jest niezb\u0119dne dla zapewnienia p\u0142ynnej pracy i wyd\u0142u\u017cenia \u017cywotno\u015bci si\u0142ownika.<\/p>\n<h2>Regularne kontrole i konserwacja zapobiegawcza<\/h2>\n<ul>\n<li>Regularne kontrole: Podkre\u015bl znaczenie regularnych kontroli wizualnych w celu wykrycia wszelkich oznak zu\u017cycia, wyciek\u00f3w lub uszkodze\u0144.<\/li>\n<li>W\u0142a\u015bciwe smarowanie: Podkre\u015bl potrzeb\u0119 regularnego smarowania w celu utrzymania optymalnej wydajno\u015bci.<\/li>\n<li>Wymiana uszczelek: Podaj wytyczne dotycz\u0105ce tego, kiedy i jak wymienia\u0107 uszczelki, aby zapobiec przeciekom i zapewni\u0107 prawid\u0142owe funkcjonowanie.<\/li>\n<li>Kontrola kalibracji: Om\u00f3w znaczenie okresowego sprawdzania i kalibracji cylindra w celu zachowania dok\u0142adno\u015bci.<\/li>\n<\/ul>\n<p>\t<img decoding=\"async\" src=\"https:\/\/www.hydraulic-cylinders.net\/wp-content\/uploads\/2025\/01\/songte-chushion-collar.webp\" alt=\"Obraz konserwacji zapobiegawczej\"><\/p>\n<h2>Zagadnienia bezpiecze\u0144stwa i czynniki \u015brodowiskowe<\/h2>\n<p>Podczas u\u017cytkowania cylindra wiadra kluczowe jest przestrzeganie \u015brodk\u00f3w bezpiecze\u0144stwa, aby zapobiec wypadkom i zapewni\u0107 bezpieczne \u015brodowisko pracy. Nale\u017cy zwr\u00f3ci\u0107 uwag\u0119 na znaczenie odpowiedniego przeszkolenia, stosowania \u015brodk\u00f3w ochrony indywidualnej (PPE) i przestrzegania wytycznych bezpiecze\u0144stwa.<\/p>\n<h2>Rozwi\u0105zywanie problem\u00f3w i typowe problemy<\/h2>\n<p>Om\u00f3w typowe procedury rozwi\u0105zywania problem\u00f3w i przedstaw rozwi\u0105zania typowych problem\u00f3w, kt\u00f3re mog\u0105 wyst\u0105pi\u0107 podczas u\u017cytkowania cylindra czerpakowego. Zaproponuj wskaz\u00f3wki dotycz\u0105ce skutecznej diagnostyki i rozwi\u0105zywania problem\u00f3w, a tak\u017ce \u015brodki zapobiegawcze minimalizuj\u0105ce potencjalne problemy.<\/p>\n<p>\t<img decoding=\"async\" src=\"https:\/\/www.hydraulic-cylinders.net\/wp-content\/uploads\/2025\/01\/songte-bushings-with-all-kinds-of-excavator-models.webp\" alt=\"Rozwi\u0105zywanie problem\u00f3w z obrazem\"><\/p>\n<h2>Przegl\u0105d firmy<\/h2>\n<p>Jeste\u015bmy wiod\u0105cym producentem i hurtowym dystrybutorem si\u0142ownik\u00f3w hydraulicznych na rynku krajowym i mi\u0119dzynarodowym. Dzi\u0119ki kompletnej ofercie produkt\u00f3w stali\u015bmy si\u0119 jednym z czo\u0142owych producent\u00f3w i dostawc\u00f3w w bran\u017cy. Przestrzegamy zasad doskona\u0142o\u015bci, wykorzystuj\u0105c zaawansowane zak\u0142ady produkcyjne, profesjonalne systemy testowe i utalentowan\u0105 kadr\u0119, aby zapewni\u0107 najwy\u017csz\u0105 jako\u015b\u0107 produkt\u00f3w. Oferujemy us\u0142ugi dostosowane do indywidualnych potrzeb, mi\u0119dzynarodowe certyfikaty, najnowocze\u015bniejszy sprz\u0119t produkcyjny oraz kompleksowe wsparcie posprzeda\u017cowe.<\/p>\n<p>\t<img decoding=\"async\" src=\"https:\/\/www.hydraulic-cylinders.net\/wp-content\/uploads\/2025\/01\/songte-company-3.webp\" alt=\"Obraz przegl\u0105du firmy\"><\/p>\n<p>Dzi\u0119ki logicznej organizacji artyku\u0142u, zastosowaniu podtytu\u0142\u00f3w u\u0142atwiaj\u0105cych nawigacj\u0119, w\u0142\u0105czeniu odpowiednich obraz\u00f3w lub diagram\u00f3w u\u0142atwiaj\u0105cych zrozumienie tekstu oraz zapewnieniu przejrzystej i zwi\u0119z\u0142ej tre\u015bci, dostosowanej do czytelnik\u00f3w o r\u00f3\u017cnym poziomie wiedzy technicznej, naszym celem jest dostarczenie kompleksowych informacji na temat cylindra \u0142y\u017cki do koparki \u015bredniej SDLG LG6270E.<\/p>\n<p>Autor: lyl<\/p>\n<p>\t<img decoding=\"async\" src=\"https:\/\/hzpt.com\/wp-content\/uploads\/2024\/11\/songte-company-1.webp\" alt=\"Wizerunek firmy\"><br \/>\n<\/body><br \/>\n<\/html><\/p>","protected":false},"excerpt":{"rendered":"<p>Bucket Cylinder For SDLG Middle Excavator LG6270E Bucket Cylinder For SDLG Middle Excavator LG6270E Introduction A bucket cylinder is a specially designed hydraulic cylinder used to control the movement of the bucket in heavy machinery such as excavators, backhoe loaders, and front loaders. Its main function is to enable the lifting, lowering, and tilting of [&hellip;]<\/p>","protected":false},"featured_media":14771,"comment_status":"open","ping_status":"closed","template":"","meta":{"_et_pb_use_builder":"","_et_pb_old_content":"","_et_gb_content_width":""},"product_brand":[],"product_cat":[1494],"product_tag":[1495,1496],"class_list":{"0":"post-15652","1":"product","2":"type-product","3":"status-publish","4":"has-post-thumbnail","6":"product_cat-bucket-cylinders","7":"product_tag-bucket-cylinders","8":"product_tag-hydraulic-cylinders","10":"first","11":"instock","12":"shipping-taxable","13":"product-type-simple"},"amp_enabled":true,"_links":{"self":[{"href":"https:\/\/www.hydraulic-cylinders.net\/pl\/wp-json\/wp\/v2\/product\/15652","targetHints":{"allow":["GET"]}}],"collection":[{"href":"https:\/\/www.hydraulic-cylinders.net\/pl\/wp-json\/wp\/v2\/product"}],"about":[{"href":"https:\/\/www.hydraulic-cylinders.net\/pl\/wp-json\/wp\/v2\/types\/product"}],"replies":[{"embeddable":true,"href":"https:\/\/www.hydraulic-cylinders.net\/pl\/wp-json\/wp\/v2\/comments?post=15652"}],"wp:featuredmedia":[{"embeddable":true,"href":"https:\/\/www.hydraulic-cylinders.net\/pl\/wp-json\/wp\/v2\/media\/14771"}],"wp:attachment":[{"href":"https:\/\/www.hydraulic-cylinders.net\/pl\/wp-json\/wp\/v2\/media?parent=15652"}],"wp:term":[{"taxonomy":"product_brand","embeddable":true,"href":"https:\/\/www.hydraulic-cylinders.net\/pl\/wp-json\/wp\/v2\/product_brand?post=15652"},{"taxonomy":"product_cat","embeddable":true,"href":"https:\/\/www.hydraulic-cylinders.net\/pl\/wp-json\/wp\/v2\/product_cat?post=15652"},{"taxonomy":"product_tag","embeddable":true,"href":"https:\/\/www.hydraulic-cylinders.net\/pl\/wp-json\/wp\/v2\/product_tag?post=15652"}],"curies":[{"name":"wp","href":"https:\/\/api.w.org\/{rel}","templated":true}]}}