{"id":15663,"date":"2025-01-19T14:48:44","date_gmt":"2025-01-19T14:48:44","guid":{"rendered":"https:\/\/www.hydraulic-cylinders.net\/product\/bucket-cylinder-for-jonyang-small-excavator-jy615eld\/"},"modified":"2025-01-19T14:48:46","modified_gmt":"2025-01-19T14:48:46","slug":"bucket-cylinder-for-jonyang-small-excavator-jy615eld","status":"publish","type":"product","link":"https:\/\/www.hydraulic-cylinders.net\/pl\/produkt\/bucket-cylinder-for-jonyang-small-excavator-jy615eld\/","title":{"rendered":"Si\u0142ownik \u0142y\u017cki do ma\u0142ej koparki Jonyang JY615ELD"},"content":{"rendered":"<h1>Si\u0142ownik \u0142y\u017cki do ma\u0142ej koparki Jonyang JY615ELD<\/h1>\n<h2>Wst\u0119p<\/h2>\n<p>Si\u0142ownik \u0142y\u017cki to specjalnie zaprojektowany si\u0142ownik hydrauliczny s\u0142u\u017c\u0105cy do sterowania ruchem \u0142y\u017cki w ci\u0119\u017ckich maszynach, takich jak koparki, koparko-\u0142adowarki i \u0142adowarki czo\u0142owe. Jego g\u0142\u00f3wn\u0105 funkcj\u0105 jest umo\u017cliwienie podnoszenia, opuszczania i przechylania \u0142y\u017cki, u\u0142atwiaj\u0105c wykonywanie r\u00f3\u017cnych zada\u0144 zwi\u0105zanych z prze\u0142adunkiem materia\u0142\u00f3w. W uk\u0142adzie hydraulicznym si\u0142ownik \u0142y\u017cki wykorzystuje zmiany ci\u015bnienia oleju hydraulicznego do sterowania precyzyjnymi ruchami \u0142y\u017cki, umo\u017cliwiaj\u0105c operatorom wydajne przenoszenie du\u017cych \u0142adunk\u00f3w, dostosowuj\u0105c si\u0119 do z\u0142o\u017conych warunk\u00f3w pracy i zr\u00f3\u017cnicowanych wymaga\u0144 operacyjnych.<\/p>\n<p><img decoding=\"async\" src=\"https:\/\/www.hydraulic-cylinders.net\/wp-content\/uploads\/2025\/01\/songte-company-2.webp\" alt=\"Si\u0142ownik \u0142y\u017cki do ma\u0142ej koparki Jonyang JY615ELD\"><\/p>\n<h2>Cechy<\/h2>\n<ul>\n<li>Wysoka wytrzyma\u0142o\u015b\u0107 i trwa\u0142o\u015b\u0107: Zazwyczaj wykonane z wysokowytrzyma\u0142ej stali lub aluminium, wytrzymuj\u0105 du\u017ce ci\u015bnienie i du\u017ce obci\u0105\u017cenia, s\u0105 przystosowane do trudnych warunk\u00f3w pracy. Zaprojektowane z uwzgl\u0119dnieniem odporno\u015bci na zu\u017cycie i korozj\u0119, aby wyd\u0142u\u017cy\u0107 \u017cywotno\u015b\u0107.<\/li>\n<li>Wydajne dzia\u0142anie uk\u0142adu hydraulicznego: Wykorzystuj\u0105c ci\u015bnienie oleju hydraulicznego do uzyskania p\u0142ynnych ruch\u00f3w wysuwania i wsuwania, urz\u0105dzenie mo\u017ce szybko reagowa\u0107 na polecenia steruj\u0105ce, zapewnia\u0107 du\u017ce si\u0142y pchania i ci\u0105gni\u0119cia oraz nadaje si\u0119 do obs\u0142ugi du\u017cych obci\u0105\u017ce\u0144 i skomplikowanych zada\u0144 operacyjnych.<\/li>\n<li>R\u00f3\u017cne typy: Si\u0142owniki jednostronnego dzia\u0142ania (hydrauliczne dzia\u0142aj\u0105ce tylko w jednym kierunku) lub dwustronnego dzia\u0142ania (hydrauliczne dzia\u0142aj\u0105ce w obu kierunkach) mo\u017cna dobra\u0107 w zale\u017cno\u015bci od potrzeb, aby spe\u0142ni\u0107 r\u00f3\u017cne wymagania operacyjne. Niekt\u00f3re modele s\u0105 teleskopowe, co pozwala na wi\u0119ksze wysuni\u0119cie bez zwi\u0119kszania wymiar\u00f3w zewn\u0119trznych, i nadaje si\u0119 do zastosowa\u0144 w ograniczonej przestrzeni.<\/li>\n<li>Wymienne: Nasze produkty doskonale zast\u0119puj\u0105 te si\u0142owniki hydrauliczne.<\/li>\n<\/ul>\n<p><img decoding=\"async\" src=\"https:\/\/www.hydraulic-cylinders.net\/wp-content\/uploads\/2025\/01\/songte-cylinder-head-with-all-kinds-excavator-models.webp\" alt=\"Si\u0142ownik \u0142y\u017cki do ma\u0142ej koparki Jonyang JY615ELD\"><\/p>\n<h2>Aplikacje<\/h2>\n<ul>\n<li>Sprz\u0119t budowlany: W koparkach s\u0105 one niezb\u0119dne do kopania, za\u0142adunku i przemieszczania gleby lub gruzu. W koparko-\u0142adowarkach si\u0142ownik \u0142y\u017cki u\u0142atwia kopanie i podnoszenie. <\/li>\n<li>Maszyny rolnicze: U\u017cywane do \u0142adowarek czo\u0142owych, do zbierania, podnoszenia i transportu gleby, siana i innych materia\u0142\u00f3w. <\/li>\n<li>Koparki: Cylinder \u0142y\u017cki umo\u017cliwia kopanie poprzez umo\u017cliwienie \u0142y\u017cce wnikania w gleb\u0119. <\/li>\n<li>\u0141adowarka: W \u0142adowarkach czo\u0142owych pomagaj\u0105 w efektywnym podnoszeniu i przechylaniu towar\u00f3w. <\/li>\n<\/ul>\n<h2>Kryteria projektowania i wyboru<\/h2>\n<ul>\n<li>No\u015bno\u015b\u0107: Uwzgl\u0119dnienie no\u015bno\u015bci cylindra jest niezwykle wa\u017cne podczas projektowania. Dzi\u0119ki temu cylinder b\u0119dzie m\u00f3g\u0142 wytrzyma\u0107 du\u017ce obci\u0105\u017cenia bez ryzyka uszkodzenia.<\/li>\n<li>Uszczelnienie: W celu zapewnienia odpowiedniego uszczelnienia w konstrukcji cylindr\u00f3w hydraulicznych stosuje si\u0119 r\u00f3\u017cne elementy uszczelniaj\u0105ce, takie jak uszczelnienia t\u0142ok\u00f3w, uszczelnienia t\u0142oczysk itp. <\/li>\n<li>Trwa\u0142o\u015b\u0107: Cylindry hydrauliczne musz\u0105 by\u0107 w stanie wytrzyma\u0107 trudne warunki pracy, takie jak ekstremalne temperatury, wysoka wilgotno\u015b\u0107 i nara\u017cenie na dzia\u0142anie substancji \u017cr\u0105cych. <\/li>\n<li>Bezpiecze\u0144stwo: Konstrukcja si\u0142ownika hydraulicznego musi uwzgl\u0119dnia\u0107 ryzyka zwi\u0105zane z jego u\u017cytkowaniem, takie jak mo\u017cliwe wycieki i inne awarie. <\/li>\n<li>Konserwacja: Cylindry hydrauliczne musz\u0105 by\u0107 zaprojektowane w spos\u00f3b u\u0142atwiaj\u0105cy konserwacj\u0119 i zapewniaj\u0105cy \u0142atw\u0105 obs\u0142ug\u0119 serwisow\u0105 i napraw\u0119.<\/li>\n<\/ul>\n<p><img decoding=\"async\" src=\"https:\/\/www.hydraulic-cylinders.net\/wp-content\/uploads\/2025\/01\/songte-oil-pipes-and-spare-parts.webp\" alt=\"Si\u0142ownik \u0142y\u017cki do ma\u0142ej koparki Jonyang JY615ELD\"><\/p>\n<h2>Uszczelnianie i smarowanie<\/h2>\n<p>W celu zapewnienia prawid\u0142owego uszczelnienia w konstrukcji cylindr\u00f3w hydraulicznych stosuje si\u0119 r\u00f3\u017cne elementy uszczelniaj\u0105ce, takie jak uszczelnienia t\u0142ok\u00f3w, uszczelnienia t\u0142oczysk itp. Uszczelnienia wykonane s\u0105 z materia\u0142\u00f3w odpornych na zu\u017cycie, takich jak poliuretan i kauczuk nitrylowy, co zapobiega ich szybkiemu zu\u017cyciu. Prawid\u0142owe smarowanie jest niezb\u0119dne dla zapewnienia prawid\u0142owej pracy i wyd\u0142u\u017cenia \u017cywotno\u015bci cylindra hydraulicznego. Regularne uzupe\u0142nianie odpowiedniej ilo\u015bci oleju hydraulicznego jest konieczne.<\/p>\n<h2>Konserwacja zapobiegawcza i rozwi\u0105zywanie problem\u00f3w<\/h2>\n<p>Poni\u017cej przedstawiono niekt\u00f3re \u015brodki konserwacji zapobiegawczej, kt\u00f3re nale\u017cy podj\u0105\u0107:<\/p>\n<ul>\n<li>Regularne kontrole: sprawd\u017a, czy cylinder hydrauliczny nie jest przeciekaj\u0105cy, uszkodzony lub zu\u017cyty.<\/li>\n<li>W\u0142a\u015bciwe smarowanie: W\u0142a\u015bciwe smarowanie cylindra i jego podzespo\u0142\u00f3w jest konieczne dla uzyskania optymalnej wydajno\u015bci.<\/li>\n<li>Wymiana uszczelek: Uszczelki nale\u017cy wymieni\u0107, gdy zauwa\u017cone zostan\u0105 \u015blady zu\u017cycia lub uszkodzenia.<\/li>\n<\/ul>\n<p>W przypadku awarii si\u0142ownika hydraulicznego nale\u017cy sprawdzi\u0107 niekt\u00f3re typowe problemy, takie jak niewystarczaj\u0105ca si\u0142a, nieszczelno\u015b\u0107 i uszkodzenie \u015bcianek si\u0142ownika. Aby rozwi\u0105za\u0107 te problemy, nale\u017cy zapozna\u0107 si\u0119 z instrukcj\u0105 producenta. Aby zapobiec wyst\u0105pieniu tych problem\u00f3w, nale\u017cy zawsze przestrzega\u0107 prawid\u0142owych procedur instalacji i konserwacji.<\/p>\n<p><img decoding=\"async\" src=\"https:\/\/www.hydraulic-cylinders.net\/wp-content\/uploads\/2025\/01\/songte-bushings-with-all-kinds-of-excavator-models.webp\" alt=\"Si\u0142ownik \u0142y\u017cki do ma\u0142ej koparki Jonyang JY615ELD\"><\/p>\n<h2>O nas<\/h2>\n<p>Jeste\u015bmy producentem cylindr\u00f3w hydraulicznych, specjalizuj\u0105cym si\u0119 w produkcji i dystrybucji szerokiej gamy cylindr\u00f3w hydraulicznych na rynek krajowy i mi\u0119dzynarodowy. Dbamy o najwy\u017csz\u0105 jako\u015b\u0107, wdra\u017camy industrializacj\u0119 strategii zarz\u0105dzania produkcj\u0105 w naszych starannie wyposa\u017conych warsztatach i stale udoskonalamy nasze platformy produkcyjne, doskonal\u0105c jako\u015b\u0107 produkt\u00f3w. Nasza firma posiada silne zdolno\u015bci do tworzenia zasad wysokiej wydajno\u015bci, precyzji i jako\u015bci, aby sprosta\u0107 szerokiemu spektrum potrzeb klient\u00f3w.<\/p>\n<p>Nasza firma oferuje profesjonalne i certyfikowane us\u0142ugi niestandardowe, zaawansowany sprz\u0119t produkcyjny i us\u0142ugi posprzeda\u017cowe.<\/p>\n<p><img decoding=\"async\" src=\"https:\/\/hzpt.com\/wp-content\/uploads\/2024\/11\/songte-company-1.webp\" alt=\"Si\u0142ownik \u0142y\u017cki do ma\u0142ej koparki Jonyang JY615ELD\"><\/p>\n<p>Autorem tego artyku\u0142u jest lyl.<\/p>","protected":false},"excerpt":{"rendered":"<p>Bucket Cylinder For Jonyang Small Excavator JY615ELD Introduction The bucket cylinder is a specially designed hydraulic cylinder used to control the movement of the bucket in heavy machinery such as excavators, backhoe loaders, and front-end loaders. Its main function is to enable the bucket to lift, lower, and tilt, making it easier to handle various [&hellip;]<\/p>","protected":false},"featured_media":14780,"comment_status":"open","ping_status":"closed","template":"","meta":{"_et_pb_use_builder":"","_et_pb_old_content":"","_et_gb_content_width":""},"product_brand":[],"product_cat":[1494],"product_tag":[1495,1496],"class_list":{"0":"post-15663","1":"product","2":"type-product","3":"status-publish","4":"has-post-thumbnail","6":"product_cat-bucket-cylinders","7":"product_tag-bucket-cylinders","8":"product_tag-hydraulic-cylinders","10":"first","11":"instock","12":"shipping-taxable","13":"product-type-simple"},"amp_enabled":true,"_links":{"self":[{"href":"https:\/\/www.hydraulic-cylinders.net\/pl\/wp-json\/wp\/v2\/product\/15663","targetHints":{"allow":["GET"]}}],"collection":[{"href":"https:\/\/www.hydraulic-cylinders.net\/pl\/wp-json\/wp\/v2\/product"}],"about":[{"href":"https:\/\/www.hydraulic-cylinders.net\/pl\/wp-json\/wp\/v2\/types\/product"}],"replies":[{"embeddable":true,"href":"https:\/\/www.hydraulic-cylinders.net\/pl\/wp-json\/wp\/v2\/comments?post=15663"}],"wp:featuredmedia":[{"embeddable":true,"href":"https:\/\/www.hydraulic-cylinders.net\/pl\/wp-json\/wp\/v2\/media\/14780"}],"wp:attachment":[{"href":"https:\/\/www.hydraulic-cylinders.net\/pl\/wp-json\/wp\/v2\/media?parent=15663"}],"wp:term":[{"taxonomy":"product_brand","embeddable":true,"href":"https:\/\/www.hydraulic-cylinders.net\/pl\/wp-json\/wp\/v2\/product_brand?post=15663"},{"taxonomy":"product_cat","embeddable":true,"href":"https:\/\/www.hydraulic-cylinders.net\/pl\/wp-json\/wp\/v2\/product_cat?post=15663"},{"taxonomy":"product_tag","embeddable":true,"href":"https:\/\/www.hydraulic-cylinders.net\/pl\/wp-json\/wp\/v2\/product_tag?post=15663"}],"curies":[{"name":"wp","href":"https:\/\/api.w.org\/{rel}","templated":true}]}}