{"id":15666,"date":"2025-01-19T14:48:56","date_gmt":"2025-01-19T14:48:56","guid":{"rendered":"https:\/\/www.hydraulic-cylinders.net\/product\/bucket-cylinder-for-jcm-small-excavator-908c\/"},"modified":"2025-01-19T14:49:04","modified_gmt":"2025-01-19T14:49:04","slug":"bucket-cylinder-for-jcm-small-excavator-908c","status":"publish","type":"product","link":"https:\/\/www.hydraulic-cylinders.net\/pl\/produkt\/bucket-cylinder-for-jcm-small-excavator-908c\/","title":{"rendered":"Si\u0142ownik \u0142y\u017cki do ma\u0142ej koparki JCM 908C"},"content":{"rendered":"<p><!DOCTYPE html><br \/>\n<html><br \/>\n<head><br \/>\n<title>Si\u0142ownik \u0142y\u017cki do ma\u0142ej koparki JCM 908C<\/title><br \/>\n<\/head><br \/>\n<body><\/p>\n<h1>Si\u0142ownik \u0142y\u017cki do ma\u0142ej koparki JCM 908C<\/h1>\n<h2>Wst\u0119p<\/h2>\n<p>Si\u0142ownik \u0142y\u017cki do koparki JCM Small Excavator 908C to specjalnie zaprojektowany si\u0142ownik hydrauliczny s\u0142u\u017c\u0105cy do sterowania ruchem \u0142y\u017cki w ci\u0119\u017ckich maszynach, takich jak koparki, koparko-\u0142adowarki i \u0142adowarki czo\u0142owe. Jego g\u0142\u00f3wn\u0105 funkcj\u0105 jest podnoszenie, opuszczanie i przechylanie \u0142y\u017cki, co u\u0142atwia wykonywanie r\u00f3\u017cnych zada\u0144 zwi\u0105zanych z prze\u0142adunkiem materia\u0142\u00f3w. W uk\u0142adzie hydraulicznym si\u0142ownik \u0142y\u017cki zapewnia precyzyjn\u0105 kontrol\u0119 nad \u0142y\u017ck\u0105, wykorzystuj\u0105c zmiany ci\u015bnienia oleju hydraulicznego, umo\u017cliwiaj\u0105c operatorom wydajne przenoszenie ci\u0119\u017ckich \u0142adunk\u00f3w i dostosowywanie si\u0119 do z\u0142o\u017conych warunk\u00f3w pracy oraz zr\u00f3\u017cnicowanych potrzeb operacyjnych.<\/p>\n<p><img decoding=\"async\" src=\"https:\/\/www.hydraulic-cylinders.net\/wp-content\/uploads\/2025\/01\/songte-company-2.webp\" alt=\"Cylinder kube\u0142kowy\" \/><\/p>\n<h2>Cechy<\/h2>\n<ul>\n<li>Wysoka wytrzyma\u0142o\u015b\u0107 i trwa\u0142o\u015b\u0107: Zazwyczaj wykonane z wysokowytrzyma\u0142ej stali lub aluminium, wytrzymuj\u0105 du\u017ce ci\u015bnienie i du\u017ce obci\u0105\u017cenia, s\u0105 przystosowane do trudnych warunk\u00f3w pracy, zaprojektowane z uwzgl\u0119dnieniem odporno\u015bci na zu\u017cycie i korozj\u0119, co wyd\u0142u\u017ca ich \u017cywotno\u015b\u0107.<\/li>\n<li>Wydajna praca uk\u0142adu hydraulicznego: wykorzystanie ci\u015bnienia oleju hydraulicznego w celu uzyskania p\u0142ynnych ruch\u00f3w wysuwania i wsuwania, mo\u017cliwo\u015b\u0107 szybkiej reakcji na polecenia steruj\u0105ce, zapewnienie du\u017cych si\u0142 pchaj\u0105cych i ci\u0105gn\u0105cych, odpowiednich do obs\u0142ugi ci\u0119\u017ckich \u0142adunk\u00f3w i skomplikowanych zada\u0144 operacyjnych.<\/li>\n<li>R\u00f3\u017cne typy: Dost\u0119pne w cylindrach jednostronnego dzia\u0142ania (hydrauliczne dzia\u0142anie tylko w jednym kierunku) lub dwustronnego dzia\u0142ania (hydrauliczne dzia\u0142anie w obu kierunkach), co pozwala na spe\u0142nienie r\u00f3\u017cnych wymaga\u0144 operacyjnych. Niekt\u00f3re modele s\u0105 teleskopowe, co pozwala na wi\u0119ksze wysuni\u0119cie bez zwi\u0119kszania wymiar\u00f3w zewn\u0119trznych, i nadaje si\u0119 do zastosowa\u0144 w ograniczonej przestrzeni.<\/li>\n<li>Idealny zamiennik: Nasz produkt stanowi idealny zamiennik istniej\u0105cych cylindr\u00f3w hydraulicznych. Mo\u017cemy go wyprodukowa\u0107 z precyzj\u0105 i niezawodno\u015bci\u0105.<\/li>\n<\/ul>\n<p><img decoding=\"async\" src=\"https:\/\/www.hydraulic-cylinders.net\/wp-content\/uploads\/2025\/01\/songte-cylinder-head-with-all-kinds-excavator-models.webp\" alt=\"Wymiana cylindra \u0142y\u017cki\" \/><\/p>\n<h2>Aplikacje<\/h2>\n<ul>\n<li>Sprz\u0119t budowlany: Znajduje si\u0119 w koparkach, gdzie odgrywa kluczow\u0105 rol\u0119 w kopaniu, za\u0142adunku i przemieszczaniu gleby lub gruzu. W koparko-\u0142adowarkach si\u0142ownik \u0142y\u017cki wspomaga zar\u00f3wno kopanie, jak i podnoszenie.<\/li>\n<li>Maszyny rolnicze: Stosowane w \u0142adowarkach czo\u0142owych do nabierania, podnoszenia i transportu gleby, siana i innych materia\u0142\u00f3w.<\/li>\n<li>Koparki: Cylinder \u0142y\u017cki umo\u017cliwia kopanie poprzez umo\u017cliwienie \u0142y\u017cce wnikania w gleb\u0119.<\/li>\n<li>\u0141adowarki: W \u0142adowarkach czo\u0142owych pomagaj\u0105 w efektywnym podnoszeniu i wysypywaniu towar\u00f3w.<\/li>\n<\/ul>\n<h2>Zagadnienia projektowe i kryteria wyboru<\/h2>\n<ul>\n<li>No\u015bno\u015b\u0107: Om\u00f3w zdolno\u015b\u0107 cylindra do wytrzymywania r\u00f3\u017cnych obci\u0105\u017ce\u0144.<\/li>\n<li>Uszczelnienie: Wyja\u015bnij znaczenie stosowania r\u00f3\u017cnych uszczelnie\u0144, takich jak uszczelnienia t\u0142ok\u00f3w i t\u0142oczysk, wykonanych z materia\u0142\u00f3w odpornych na zu\u017cycie, takich jak poliuretan i kauczuk nitrylowy. Podkre\u015bl precyzyjn\u0105 obr\u00f3bk\u0119 powierzchni korpusu cylindra i gwintowanego ko\u0144ca, aby zwi\u0119kszy\u0107 odporno\u015b\u0107 na zu\u017cycie.<\/li>\n<li>Trwa\u0142o\u015b\u0107: Om\u00f3w \u015brodki podj\u0119te w celu zapewnienia d\u0142ugowieczno\u015bci cylindra.<\/li>\n<li>Bezpiecze\u0144stwo: Om\u00f3w kwestie bezpiecze\u0144stwa brane pod uwag\u0119 w procesie projektowania.<\/li>\n<li>\u0141atwo\u015b\u0107 konserwacji: Wyja\u015bnij, w jaki spos\u00f3b mo\u017cna \u0142atwo konserwowa\u0107 i naprawia\u0107 cylinder.<\/li>\n<\/ul>\n<p><img decoding=\"async\" src=\"https:\/\/www.hydraulic-cylinders.net\/wp-content\/uploads\/2025\/01\/songte-oil-pipes-and-spare-parts.webp\" alt=\"Elementy cylindra\" \/><\/p>\n<h2>Uszczelnianie i smarowanie<\/h2>\n<p>W si\u0142owniku czerpakowym zastosowano r\u00f3\u017cne elementy uszczelniaj\u0105ce, takie jak uszczelnienia t\u0142oka i t\u0142oczyska. Uszczelnienia te wykonane s\u0105 z materia\u0142\u00f3w odpornych na zu\u017cycie, takich jak poliuretan i kauczuk nitrylowy. Korpus si\u0142ownika i gwintowane powierzchnie ko\u0144cowe s\u0105 precyzyjnie obrobione w celu zwi\u0119kszenia odporno\u015bci na zu\u017cycie. Regularne smarowanie odpowiedni\u0105 ilo\u015bci\u0105 oleju hydraulicznego jest niezb\u0119dne dla zapewnienia p\u0142ynnej pracy.<\/p>\n<h2>Regularne kontrole i \u015brodki konserwacji zapobiegawczej<\/h2>\n<ul>\n<li>Regularnie sprawdzaj cylinder pod k\u0105tem oznak zu\u017cycia lub uszkodze\u0144.<\/li>\n<li>Zapewnij odpowiednie smarowanie wszystkich ruchomych cz\u0119\u015bci.<\/li>\n<li>Aby zachowa\u0107 optymaln\u0105 wydajno\u015b\u0107, nale\u017cy okresowo wymienia\u0107 zu\u017cyte uszczelki.<\/li>\n<li>Przeprowad\u017a kontrol\u0119 kalibracji, aby zapewni\u0107 prawid\u0142owe dzia\u0142anie urz\u0105dzenia.<\/li>\n<\/ul>\n<h2>Prawid\u0142owy przewodnik instalacji produktu<\/h2>\n<p>Prawid\u0142owy monta\u017c ma kluczowe znaczenie dla prawid\u0142owego dzia\u0142ania si\u0142ownika kube\u0142kowego. Prawid\u0142owe ustawienie si\u0142ownika podczas monta\u017cu jest kluczowe. Zaleca si\u0119 u\u017cycie odpowiednich wspornik\u00f3w monta\u017cowych w celu zabezpieczenia si\u0142ownika. Nale\u017cy poda\u0107 instrukcje krok po kroku dotycz\u0105ce monta\u017cu, w tym techniki ustawiania i zabezpieczania. Nale\u017cy r\u00f3wnie\u017c zasugerowa\u0107 u\u017cycie odpowiednich narz\u0119dzi monta\u017cowych, aby zapewni\u0107 prawid\u0142owe dopasowanie i ustawienie.<\/p>\n<p><img decoding=\"async\" src=\"https:\/\/www.hydraulic-cylinders.net\/wp-content\/uploads\/2025\/01\/songte-chushion-collar.webp\" alt=\"Przewodnik instalacji\" \/><\/p>\n<h2>Zadania konserwacyjne<\/h2>\n<ul>\n<li>Regularne kontrole: Podkre\u015bl znaczenie regularnych kontroli w celu identyfikacji potencjalnych problem\u00f3w.<\/li>\n<li>Prawid\u0142owe smarowanie: Om\u00f3w znaczenie prawid\u0142owego smarowania dla zachowania wydajno\u015bci i trwa\u0142o\u015bci cylindra.<\/li>\n<li>Wymiana uszczelek: Wyja\u015bnij potrzeb\u0119 terminowej wymiany uszczelek w celu zapobiegania wyciekom i zapewnienia optymalnej pracy.<\/li>\n<\/ul>\n<h2>Zagadnienia bezpiecze\u0144stwa i czynniki \u015brodowiskowe<\/h2>\n<p>Podkre\u015bl znaczenie przestrzegania \u015brodk\u00f3w ostro\u017cno\u015bci podczas obs\u0142ugi urz\u0105dze\u0144 wykorzystuj\u0105cych si\u0142owniki hydrauliczne. Om\u00f3w wp\u0142yw stosowania przyjaznych dla \u015brodowiska p\u0142yn\u00f3w hydraulicznych oraz korzy\u015bci p\u0142yn\u0105ce z ograniczenia potencjalnych zagro\u017ce\u0144 dla \u015brodowiska.<\/p>\n<h2>Rozwi\u0105zywanie problem\u00f3w i typowe problemy<\/h2>\n<p>Om\u00f3w typowe problemy, kt\u00f3re mog\u0105 wyst\u0105pi\u0107 w cylindrze czerpakowym, i podaj wskaz\u00f3wki dotycz\u0105ce rozwi\u0105zywania problem\u00f3w oraz ich rozwi\u0105zania. Zaproponuj \u015brodki zapobiegawcze, aby zminimalizowa\u0107 potencjalne problemy i zapewni\u0107 p\u0142ynn\u0105 prac\u0119 cylindra.<\/p>\n<p><img decoding=\"async\" src=\"https:\/\/www.hydraulic-cylinders.net\/wp-content\/uploads\/2025\/01\/songte-bushings-with-all-kinds-of-excavator-models.webp\" alt=\"Typowe problemy\" \/><\/p>\n<h2>O naszej firmie<\/h2>\n<p>Jeste\u015bmy wiod\u0105cym producentem i hurtowym dystrybutorem si\u0142ownik\u00f3w hydraulicznych, oferuj\u0105cym szerok\u0105 gam\u0119 produkt\u00f3w na rynek krajowy i mi\u0119dzynarodowy. Nasza firma realizuje strategi\u0119 uprzemys\u0142owionego zarz\u0105dzania produkcj\u0105, opieraj\u0105c si\u0119 na zaawansowanym warsztacie produkcyjnym, utalentowanych pracownikach technicznych, cyfrowym sprz\u0119cie produkcyjnym wysokiej klasy oraz profesjonalnych systemach testowych. Stale udoskonalamy nasz\u0105 platform\u0119 produkcyjn\u0105 i proces produkcji, zapewniaj\u0105c wydajne, precyzyjne i wysokiej jako\u015bci produkty, spe\u0142niaj\u0105ce zr\u00f3\u017cnicowane potrzeby naszych klient\u00f3w.<\/p>\n<p><img decoding=\"async\" src=\"https:\/\/www.hydraulic-cylinders.net\/wp-content\/uploads\/2025\/01\/songte-company-3.webp\" alt=\"Przegl\u0105d firmy\" \/><\/p>\n<p>Nasza firma znana jest ze swojego profesjonalizmu, mi\u0119dzynarodowych certyfikat\u00f3w, zindywidualizowanych us\u0142ug, zaawansowanego sprz\u0119tu produkcyjnego i doskona\u0142ej obs\u0142ugi posprzeda\u017cowej.<\/p>\n<p>Autor: lyl<\/p>\n<p><\/body><br \/>\n<\/html><\/p>","protected":false},"excerpt":{"rendered":"<p>Bucket Cylinder For JCM Small Excavator 908C Bucket Cylinder For JCM Small Excavator 908C Introduction The Bucket Cylinder for JCM Small Excavator 908C is a specially designed hydraulic cylinder used to control the movement of the bucket in heavy machinery such as excavators, backhoe excavators, and front loaders. Its main function is to enable the [&hellip;]<\/p>","protected":false},"featured_media":14773,"comment_status":"open","ping_status":"closed","template":"","meta":{"_et_pb_use_builder":"","_et_pb_old_content":"","_et_gb_content_width":""},"product_brand":[],"product_cat":[1494],"product_tag":[1495,1496],"class_list":{"0":"post-15666","1":"product","2":"type-product","3":"status-publish","4":"has-post-thumbnail","6":"product_cat-bucket-cylinders","7":"product_tag-bucket-cylinders","8":"product_tag-hydraulic-cylinders","10":"first","11":"instock","12":"shipping-taxable","13":"product-type-simple"},"amp_enabled":true,"_links":{"self":[{"href":"https:\/\/www.hydraulic-cylinders.net\/pl\/wp-json\/wp\/v2\/product\/15666","targetHints":{"allow":["GET"]}}],"collection":[{"href":"https:\/\/www.hydraulic-cylinders.net\/pl\/wp-json\/wp\/v2\/product"}],"about":[{"href":"https:\/\/www.hydraulic-cylinders.net\/pl\/wp-json\/wp\/v2\/types\/product"}],"replies":[{"embeddable":true,"href":"https:\/\/www.hydraulic-cylinders.net\/pl\/wp-json\/wp\/v2\/comments?post=15666"}],"wp:featuredmedia":[{"embeddable":true,"href":"https:\/\/www.hydraulic-cylinders.net\/pl\/wp-json\/wp\/v2\/media\/14773"}],"wp:attachment":[{"href":"https:\/\/www.hydraulic-cylinders.net\/pl\/wp-json\/wp\/v2\/media?parent=15666"}],"wp:term":[{"taxonomy":"product_brand","embeddable":true,"href":"https:\/\/www.hydraulic-cylinders.net\/pl\/wp-json\/wp\/v2\/product_brand?post=15666"},{"taxonomy":"product_cat","embeddable":true,"href":"https:\/\/www.hydraulic-cylinders.net\/pl\/wp-json\/wp\/v2\/product_cat?post=15666"},{"taxonomy":"product_tag","embeddable":true,"href":"https:\/\/www.hydraulic-cylinders.net\/pl\/wp-json\/wp\/v2\/product_tag?post=15666"}],"curies":[{"name":"wp","href":"https:\/\/api.w.org\/{rel}","templated":true}]}}