{"id":15667,"date":"2025-01-19T14:49:06","date_gmt":"2025-01-19T14:49:06","guid":{"rendered":"https:\/\/www.hydraulic-cylinders.net\/product\/bucket-cylinder-for-jcm-small-excavator-mc136-9\/"},"modified":"2025-01-19T14:49:08","modified_gmt":"2025-01-19T14:49:08","slug":"bucket-cylinder-for-jcm-small-excavator-mc136-9","status":"publish","type":"product","link":"https:\/\/www.hydraulic-cylinders.net\/pl\/produkt\/bucket-cylinder-for-jcm-small-excavator-mc136-9\/","title":{"rendered":"Si\u0142ownik \u0142y\u017cki do ma\u0142ej koparki JCM MC136-9"},"content":{"rendered":"<h1>Si\u0142ownik \u0142y\u017cki do ma\u0142ej koparki JCM MC136-9<\/h1>\n<h2>Wst\u0119p<\/h2>\n<h3>Definicja cylindra kube\u0142kowego<\/h3>\n<p>Si\u0142ownik \u0142y\u017cki to specjalnie zaprojektowany si\u0142ownik hydrauliczny, u\u017cywany g\u0142\u00f3wnie do sterowania ruchem koparki w ci\u0119\u017ckich maszynach, takich jak koparki, koparko-\u0142adowarki i \u0142adowarki czo\u0142owe. Jego g\u0142\u00f3wn\u0105 funkcj\u0105 jest umo\u017cliwienie podnoszenia, opuszczania i przechylania koparki, u\u0142atwiaj\u0105c wykonywanie r\u00f3\u017cnych zada\u0144 zwi\u0105zanych z prze\u0142adunkiem materia\u0142\u00f3w. W uk\u0142adzie hydraulicznym si\u0142ownik \u0142y\u017cki precyzyjnie steruje prac\u0105 koparki poprzez zmian\u0119 ci\u015bnienia oleju hydraulicznego, umo\u017cliwiaj\u0105c operatorowi sprawne przenoszenie ci\u0119\u017ckich przedmiot\u00f3w i dostosowanie si\u0119 do z\u0142o\u017conych warunk\u00f3w pracy oraz zr\u00f3\u017cnicowanych potrzeb operacyjnych.<\/p>\n<p><img decoding=\"async\" src=\"https:\/\/www.hydraulic-cylinders.net\/wp-content\/uploads\/2025\/01\/songte-company-2.webp\" alt=\"Obraz cylindra wiadra\"><\/p>\n<h3>Cechy cylindra kube\u0142kowego<\/h3>\n<ul>\n<li>Wysoka wytrzyma\u0142o\u015b\u0107 i trwa\u0142o\u015b\u0107: Zazwyczaj wykonane z wysokowytrzyma\u0142ej stali lub aluminium, wytrzymuj\u0105 du\u017ce ci\u015bnienie i du\u017ce obci\u0105\u017cenia, s\u0105 odpowiednie do pracy w trudnych warunkach oraz zaprojektowane z uwzgl\u0119dnieniem odporno\u015bci na zu\u017cycie i korozj\u0119, co wyd\u0142u\u017ca ich \u017cywotno\u015b\u0107.<\/li>\n<li>Wydajne dzia\u0142anie uk\u0142adu hydraulicznego: P\u0142ynne rozszerzanie i kurczenie si\u0119 uzyskuje si\u0119 dzi\u0119ki wykorzystaniu ci\u015bnienia oleju hydraulicznego, co umo\u017cliwia szybk\u0105 reakcj\u0119 na polecenia steruj\u0105ce, zapewnia du\u017ce si\u0142y pchania i ci\u0105gni\u0119cia oraz nadaje si\u0119 do przenoszenia ci\u0119\u017ckich przedmiot\u00f3w i wykonywania skomplikowanych zada\u0144 operacyjnych.<\/li>\n<li>R\u00f3\u017cnorodne typy: Si\u0142owniki jednostronnego dzia\u0142ania (hydrauliczne tylko w jednym kierunku) lub dwustronnego dzia\u0142ania (hydrauliczne w dw\u00f3ch kierunkach) mo\u017cna dobra\u0107 w zale\u017cno\u015bci od potrzeb, aby spe\u0142ni\u0107 r\u00f3\u017cne wymagania operacyjne. Niekt\u00f3re modele s\u0105 teleskopowe, co pozwala na wi\u0119ksz\u0105 rozbudow\u0119 bez zwi\u0119kszania wymiar\u00f3w zewn\u0119trznych, i nadaje si\u0119 do zastosowa\u0144 w ograniczonej przestrzeni.<\/li>\n<li>Dost\u0119pno\u015b\u0107 cz\u0119\u015bci zamiennych: Nasze produkty doskonale nadaj\u0105 si\u0119 do zast\u0105pienia tych cylindr\u00f3w hydraulicznych.<\/li>\n<li>Mo\u017cliwo\u015b\u0107 dostosowania: Nasze cylindry mo\u017cna dostosowa\u0107 do r\u00f3\u017cnych modeli koparek, aby uzyska\u0107 optymaln\u0105 wydajno\u015b\u0107.<\/li>\n<\/ul>\n<p><img decoding=\"async\" src=\"https:\/\/www.hydraulic-cylinders.net\/wp-content\/uploads\/2025\/01\/songte-cylinder-head-with-all-kinds-excavator-models.webp\" alt=\"Obraz cylindra koparki\"><\/p>\n<h3>Zastosowania cylindra kube\u0142kowego<\/h3>\n<p>Si\u0142ownik czerpakowy jest powszechnie stosowany w r\u00f3\u017cnych maszynach przemys\u0142owych i rolniczych, w tym:<\/p>\n<ul>\n<li>Sprz\u0119t budowlany: W koparkach s\u0105 one niezb\u0119dne do kopania, za\u0142adunku i przemieszczania gleby lub gruzu. W koparko-\u0142adowarkach si\u0142ownik \u0142y\u017cki wspomaga kopanie i podnoszenie.<\/li>\n<li>Maszyny rolnicze: Stosowane w \u0142adowarkach czo\u0142owych, s\u0142u\u017c\u0105 do nabierania, podnoszenia i transportu gleby, siana i innych materia\u0142\u00f3w. <\/li>\n<li>Koparki: Cylindry \u0142y\u017cki umo\u017cliwiaj\u0105 wykonywanie prac wykopaliskowych, pozwalaj\u0105c \u0142y\u017cce na penetracj\u0119 gleby. <\/li>\n<li>\u0141adowarki: W \u0142adowarkach czo\u0142owych umo\u017cliwiaj\u0105 wydajne podnoszenie i wysypywanie towar\u00f3w.<\/li>\n<\/ul>\n<h3>Zagadnienia projektowe i kryteria wyboru<\/h3>\n<p>Cylindry kube\u0142kowe wymagaj\u0105 starannego projektowania i doboru kryteri\u00f3w, aby zapewni\u0107 optymaln\u0105 wydajno\u015b\u0107, trwa\u0142o\u015b\u0107 i bezpiecze\u0144stwo. Kluczowe kwestie projektowe obejmuj\u0105:<\/p>\n<h4>No\u015bno\u015b\u0107<\/h4>\n<p>Si\u0142ownik \u0142y\u017cki musi wytrzyma\u0107 maksymalne obci\u0105\u017cenie, co jest kluczowe dla bezpiecznej i wydajnej pracy.<\/p>\n<h4>Opiecz\u0119towanie<\/h4>\n<p>R\u00f3\u017cne elementy uszczelniaj\u0105ce, takie jak uszczelnienia t\u0142oka i t\u0142oczyska, musz\u0105 by\u0107 starannie dobrane, aby zapewni\u0107 optymaln\u0105 wydajno\u015b\u0107 i trwa\u0142o\u015b\u0107. Uszczelnienia te s\u0105 cz\u0119sto wykonane z poliuretanu i kauczuku nitrylowego, kt\u00f3re s\u0105 materia\u0142ami odpornymi na zu\u017cycie. Korpus cylindra i powierzchnia gwintu s\u0105 precyzyjnie obrobione w celu zwi\u0119kszenia odporno\u015bci na zu\u017cycie, a regularne smarowanie jest wymagane.<\/p>\n<h4>Trwa\u0142o\u015b\u0107<\/h4>\n<p>Si\u0142ownik \u0142y\u017cki musi by\u0107 wykonany z materia\u0142\u00f3w o wysokiej wytrzyma\u0142o\u015bci, aby wytrzyma\u0107 trudne warunki pracy i du\u017ce obci\u0105\u017cenia. Powinien by\u0107 r\u00f3wnie\u017c zaprojektowany z uwzgl\u0119dnieniem odporno\u015bci na zu\u017cycie, korozj\u0119 i trwa\u0142o\u015b\u0107.<\/p>\n<h4>Bezpiecze\u0144stwo<\/h4>\n<p>Bezpiecze\u0144stwo jest priorytetem przy wyborze cylindr\u00f3w czerpakowych. Cylindry musz\u0105 by\u0107 zaprojektowane tak, aby zapobiega\u0107 wypadkom i zapewnia\u0107 bezpieczn\u0105 obs\u0142ug\u0119.<\/p>\n<h4>Konserwacja<\/h4>\n<p>Konserwacja ma kluczowe znaczenie dla optymalnej wydajno\u015bci i trwa\u0142o\u015bci. Regularne przegl\u0105dy, smarowanie i wymiana cz\u0119\u015bci s\u0105 niezb\u0119dne, aby utrzyma\u0107 si\u0142owniki \u0142y\u017cki w dobrym stanie. <\/p>\n<p><img decoding=\"async\" src=\"https:\/\/www.hydraulic-cylinders.net\/wp-content\/uploads\/2025\/01\/songte-oil-pipes-and-spare-parts.webp\" alt=\"Rury olejowe i cz\u0119\u015bci zamienne Obraz\"><\/p>\n<h3>Wytyczne dotycz\u0105ce instalacji<\/h3>\n<p>Prawid\u0142owa instalacja ma kluczowe znaczenie dla optymalnej wydajno\u015bci i bezpiecze\u0144stwa. Nale\u017cy przestrzega\u0107 nast\u0119puj\u0105cych wytycznych:<\/p>\n<ul>\n<li>Przed monta\u017cem nale\u017cy dok\u0142adnie wyr\u00f3wna\u0107 cylinder.<\/li>\n<li>Do zabezpieczenia cylindra nale\u017cy u\u017cy\u0107 odpowiednich wspornik\u00f3w monta\u017cowych.<\/li>\n<li>Aby uzyska\u0107 optymaln\u0105 wydajno\u015b\u0107, nale\u017cy stosowa\u0107 odpowiednie \u015brodki smaruj\u0105ce.<\/li>\n<li>Regularnie sprawdzaj i wymieniaj zu\u017cyte uszczelki.<\/li>\n<li>Aby zapewni\u0107 optymaln\u0105 wydajno\u015b\u0107, nale\u017cy regularnie sprawdza\u0107 i kalibrowa\u0107 cylinder.<\/li>\n<\/ul>\n<p><img decoding=\"async\" src=\"https:\/\/www.hydraulic-cylinders.net\/wp-content\/uploads\/2025\/01\/songte-chushion-collar.webp\" alt=\"Obraz ko\u0142nierza Chushion\"><\/p>\n<h3>Zagadnienia bezpiecze\u0144stwa i czynniki \u015brodowiskowe<\/h3>\n<p>Cylindry kube\u0142kowe musz\u0105 by\u0107 u\u017cywane z zachowaniem odpowiednich \u015brodk\u00f3w bezpiecze\u0144stwa, aby zapobiec wypadkom i zapewni\u0107 bezpieczn\u0105 prac\u0119. Aby zapewni\u0107 optymaln\u0105 wydajno\u015b\u0107 i trwa\u0142o\u015b\u0107, nale\u017cy r\u00f3wnie\u017c uwzgl\u0119dni\u0107 czynniki \u015brodowiskowe, takie jak temperatura i wilgotno\u015b\u0107.<\/p>\n<h3>Rozwi\u0105zywanie problem\u00f3w i typowe problemy<\/h3>\n<p>Si\u0142owniki kube\u0142kowe mog\u0105 napotyka\u0107 r\u00f3\u017cne problemy, takie jak nieszczelno\u015bci, niedostateczna moc i d\u0142ugi czas reakcji. Rozwi\u0105zywanie problem\u00f3w i typowe problemy obejmuj\u0105:<\/p>\n<ul>\n<li>Szczeg\u00f3\u0142owe instrukcje mo\u017cna znale\u017a\u0107 w instrukcji producenta.<\/li>\n<li>Regularnie sprawdzaj, czy nie ma przeciek\u00f3w i czy uszczelki nie s\u0105 zu\u017cyte.<\/li>\n<li>Sprawd\u017a uk\u0142ad hydrauliczny pod k\u0105tem ewentualnych usterek.<\/li>\n<li>Sprawd\u017a, czy cylinder nie jest uszkodzony.<\/li>\n<\/ul>\n<p>\u015arodki zapobiegawcze, takie jak regularna konserwacja i kontrole, mog\u0105 pom\u00f3c zminimalizowa\u0107 potencjalne problemy.<\/p>\n<p><img decoding=\"async\" src=\"https:\/\/www.hydraulic-cylinders.net\/wp-content\/uploads\/2025\/01\/songte-bushings-with-all-kinds-of-excavator-models.webp\" alt=\"Obraz tulei\"><\/p>\n<h2>Nasza firma<\/h2>\n<p>Jeste\u015bmy wiod\u0105cym producentem i hurtowym dystrybutorem si\u0142ownik\u00f3w hydraulicznych, specjalizuj\u0105cym si\u0119 w ich wymianie. Nasze produkty s\u0105 projektowane z my\u015bl\u0105 o potrzebach rynku krajowego i mi\u0119dzynarodowego. Kierujemy si\u0119 zasadami wyj\u0105tkowej jako\u015bci, opieraj\u0105c si\u0119 na zindustrializowanych strategiach zarz\u0105dzania produkcj\u0105, w tym na wysoko wyspecjalizowanych warsztatach, utalentowanych pracownikach technicznych, cyfrowym sprz\u0119cie produkcyjnym najwy\u017cszej klasy oraz profesjonalnych systemach testowych. Stale udoskonalamy nasz\u0105 platform\u0119 produkcyjn\u0105, aby podnosi\u0107 jako\u015b\u0107 naszych produkt\u00f3w i posiadamy silne zdolno\u015bci kreatywne, aby zapewni\u0107 wysok\u0105 wydajno\u015b\u0107, precyzj\u0119 i jako\u015b\u0107 us\u0142ug, spe\u0142niaj\u0105c zr\u00f3\u017cnicowane wymagania naszych klient\u00f3w.<\/p>\n<p>Nasza firma oferuje:<\/p>\n<ul>\n<li>Profesjonalizm: Mamy zesp\u00f3\u0142 do\u015bwiadczonych profesjonalist\u00f3w, kt\u00f3rzy s\u0105 zobowi\u0105zani do dostarczania wysokiej jako\u015bci produkt\u00f3w i us\u0142ug.<\/li>\n<li>Certyfikacja mi\u0119dzynarodowa: Nasze produkty posiadaj\u0105 certyfikaty zgodne z normami mi\u0119dzynarodowymi, co gwarantuje ich jako\u015b\u0107 i bezpiecze\u0144stwo.<\/li>\n<li>Personalizacja: Nasze cylindry mo\u017cna dostosowa\u0107 do r\u00f3\u017cnych modeli koparek, aby uzyska\u0107 optymaln\u0105 wydajno\u015b\u0107.<\/li>\n<li>Zaawansowany sprz\u0119t produkcyjny: U\u017cywamy zaawansowanego sprz\u0119tu produkcyjnego, aby wytwarza\u0107 produkty wysokiej jako\u015bci.<\/li>\n<li>Serwis posprzeda\u017cowy: Oferujemy us\u0142ugi konserwacji, napraw i regeneracji, aby pom\u00f3c naszym klientom przed\u0142u\u017cy\u0107 \u017cywotno\u015b\u0107 ich cylindr\u00f3w hydraulicznych. <\/li>\n<\/ul>\n<p><img decoding=\"async\" src=\"https:\/\/hzpt.com\/wp-content\/uploads\/2024\/11\/songte-company-1.webp\" alt=\"Wizerunek firmy\"><\/p>\n<p>Autor: lyl<\/p>","protected":false},"excerpt":{"rendered":"<p>Bucket Cylinder For JCM Small Excavator MC136-9 Introduction Definition of Bucket Cylinder The bucket cylinder is a specially designed hydraulic cylinder mainly used to control the movement of the shovel in heavy machinery, such as excavators, backhoe loaders, and front loaders. Its main function is to enable the shovel to lift, lower, and tilt, making [&hellip;]<\/p>","protected":false},"featured_media":14771,"comment_status":"open","ping_status":"closed","template":"","meta":{"_et_pb_use_builder":"","_et_pb_old_content":"","_et_gb_content_width":""},"product_brand":[],"product_cat":[1494],"product_tag":[1495,1496],"class_list":{"0":"post-15667","1":"product","2":"type-product","3":"status-publish","4":"has-post-thumbnail","6":"product_cat-bucket-cylinders","7":"product_tag-bucket-cylinders","8":"product_tag-hydraulic-cylinders","10":"first","11":"instock","12":"shipping-taxable","13":"product-type-simple"},"amp_enabled":true,"_links":{"self":[{"href":"https:\/\/www.hydraulic-cylinders.net\/pl\/wp-json\/wp\/v2\/product\/15667","targetHints":{"allow":["GET"]}}],"collection":[{"href":"https:\/\/www.hydraulic-cylinders.net\/pl\/wp-json\/wp\/v2\/product"}],"about":[{"href":"https:\/\/www.hydraulic-cylinders.net\/pl\/wp-json\/wp\/v2\/types\/product"}],"replies":[{"embeddable":true,"href":"https:\/\/www.hydraulic-cylinders.net\/pl\/wp-json\/wp\/v2\/comments?post=15667"}],"wp:featuredmedia":[{"embeddable":true,"href":"https:\/\/www.hydraulic-cylinders.net\/pl\/wp-json\/wp\/v2\/media\/14771"}],"wp:attachment":[{"href":"https:\/\/www.hydraulic-cylinders.net\/pl\/wp-json\/wp\/v2\/media?parent=15667"}],"wp:term":[{"taxonomy":"product_brand","embeddable":true,"href":"https:\/\/www.hydraulic-cylinders.net\/pl\/wp-json\/wp\/v2\/product_brand?post=15667"},{"taxonomy":"product_cat","embeddable":true,"href":"https:\/\/www.hydraulic-cylinders.net\/pl\/wp-json\/wp\/v2\/product_cat?post=15667"},{"taxonomy":"product_tag","embeddable":true,"href":"https:\/\/www.hydraulic-cylinders.net\/pl\/wp-json\/wp\/v2\/product_tag?post=15667"}],"curies":[{"name":"wp","href":"https:\/\/api.w.org\/{rel}","templated":true}]}}