{"id":15668,"date":"2025-01-19T14:49:11","date_gmt":"2025-01-19T14:49:11","guid":{"rendered":"https:\/\/www.hydraulic-cylinders.net\/product\/bucket-cylinder-for-jcm-small-excavator-907d\/"},"modified":"2025-01-19T14:49:13","modified_gmt":"2025-01-19T14:49:13","slug":"bucket-cylinder-for-jcm-small-excavator-907d","status":"publish","type":"product","link":"https:\/\/www.hydraulic-cylinders.net\/pl\/produkt\/bucket-cylinder-for-jcm-small-excavator-907d\/","title":{"rendered":"Si\u0142ownik \u0142y\u017cki do ma\u0142ej koparki JCM 907D"},"content":{"rendered":"<h1>Si\u0142ownik \u0142y\u017cki do ma\u0142ej koparki JCM 907D<\/h1>\n<h2>Wst\u0119p<\/h2>\n<p>Si\u0142ownik \u0142y\u017cki to rodzaj si\u0142ownika hydraulicznego specjalnie zaprojektowanego do sterowania ruchem \u0142y\u017cki w ci\u0119\u017ckich maszynach, takich jak koparki, koparko-\u0142adowarki i \u0142adowarki czo\u0142owe. Jego g\u0142\u00f3wn\u0105 funkcj\u0105 jest umo\u017cliwienie podnoszenia, opuszczania i przechylania \u0142y\u017cki, dzi\u0119ki czemu nadaje si\u0119 do r\u00f3\u017cnych zada\u0144 zwi\u0105zanych z prze\u0142adunkiem materia\u0142\u00f3w. W uk\u0142adzie hydraulicznym si\u0142ownik \u0142y\u017cki wykorzystuje zmiany ci\u015bnienia oleju hydraulicznego, aby zapewni\u0107 precyzyjn\u0105 kontrol\u0119 nad \u0142y\u017ck\u0105, umo\u017cliwiaj\u0105c operatorowi wydajne przenoszenie du\u017cych \u0142adunk\u00f3w i dostosowanie si\u0119 do z\u0142o\u017conych warunk\u00f3w pracy oraz zr\u00f3\u017cnicowanych potrzeb operacyjnych.<\/p>\n<p><img decoding=\"async\" src=\"https:\/\/www.hydraulic-cylinders.net\/wp-content\/uploads\/2025\/01\/songte-company-2.webp\"><\/p>\n<h2>Cechy<\/h2>\n<ul>\n<li>Wysoka wytrzyma\u0142o\u015b\u0107 i trwa\u0142o\u015b\u0107: Zwykle wykonany z wytrzyma\u0142ej stali lub aluminium, cylinder \u0142y\u017cki wytrzymuje wysokie ci\u015bnienie i du\u017ce obci\u0105\u017cenia, jest przystosowany do trudnych warunk\u00f3w pracy. Zosta\u0142 zaprojektowany z my\u015bl\u0105 o odporno\u015bci na zu\u017cycie i korozj\u0119, co wyd\u0142u\u017ca jego \u017cywotno\u015b\u0107.<\/li>\n<li>Wydajne dzia\u0142anie uk\u0142adu hydraulicznego: Dzi\u0119ki wykorzystaniu ci\u015bnienia oleju hydraulicznego do p\u0142ynnego rozci\u0105gania i kurczenia, si\u0142ownik \u0142y\u017cki mo\u017ce szybko reagowa\u0107 na polecenia steruj\u0105ce, zapewnia du\u017c\u0105 si\u0142\u0119 pchania i ci\u0105gni\u0119cia oraz nadaje si\u0119 do przenoszenia ci\u0119\u017ckich \u0142adunk\u00f3w i wykonywania skomplikowanych operacji.<\/li>\n<li>R\u00f3\u017cne typy: Si\u0142ownik czerpakowy mo\u017ce by\u0107 wybrany jako si\u0142ownik jednostronnego dzia\u0142ania (hydraulika dzia\u0142a tylko w jednym kierunku) lub dwustronnego dzia\u0142ania (hydraulika dzia\u0142a w dw\u00f3ch kierunkach), w zale\u017cno\u015bci od potrzeb i wymaga\u0144 operacyjnych. Niekt\u00f3re modele s\u0105 teleskopowe, co pozwala na wi\u0119ksze wysuni\u0119cie bez zwi\u0119kszania wymiar\u00f3w zewn\u0119trznych, dzi\u0119ki czemu nadaj\u0105 si\u0119 do zastosowa\u0144 w ograniczonej przestrzeni.<\/li>\n<\/ul>\n<p>Jeste\u015bmy w stanie wyprodukowa\u0107 ten produkt i nasze produkty mog\u0105 doskonale zast\u0105pi\u0107 te cylindry hydrauliczne.<\/p>\n<p><img decoding=\"async\" src=\"https:\/\/www.hydraulic-cylinders.net\/wp-content\/uploads\/2025\/01\/songte-cylinder-head-with-all-kinds-excavator-models.webp\"><\/p>\n<h2>Aplikacje<\/h2>\n<p>Cylinder kube\u0142kowy jest szeroko stosowany w r\u00f3\u017cnych dziedzinach, takich jak:<\/p>\n<ul>\n<li>Sprz\u0119t budowlany: W koparkach s\u0105 one niezb\u0119dne do kopania, za\u0142adunku i przemieszczania gleby lub gruzu. W koparko-\u0142adowarkach si\u0142ownik \u0142y\u017cki pomaga zar\u00f3wno w kopaniu, jak i podnoszeniu. <\/li>\n<li>Maszyny rolnicze: Stosowane w \u0142adowarkach czo\u0142owych, s\u0142u\u017c\u0105 do nabierania, podnoszenia i transportu gleby, siana i innych materia\u0142\u00f3w. <\/li>\n<li>Koparki: Cylinder \u0142y\u017cki umo\u017cliwia kopanie poprzez umo\u017cliwienie \u0142y\u017cce zag\u0142\u0119biania si\u0119 w gleb\u0119. <\/li>\n<li>\u0141adowarki: W \u0142adowarkach czo\u0142owych pomagaj\u0105 w wydajnym podnoszeniu i wysypywaniu \u0142adunk\u00f3w. <\/li>\n<\/ul>\n<h2>Zagadnienia projektowe i kryteria wyboru<\/h2>\n<p>Przy projektowaniu cylindra kube\u0142kowego nale\u017cy wzi\u0105\u0107 pod uwag\u0119 nast\u0119puj\u0105ce kwestie:<\/p>\n<ul>\n<li>No\u015bno\u015b\u0107<\/li>\n<li>Opiecz\u0119towanie<\/li>\n<li>Trwa\u0142o\u015b\u0107<\/li>\n<li>Bezpiecze\u0144stwo<\/li>\n<li>Utrzymywalno\u015b\u0107<\/li>\n<\/ul>\n<p><img decoding=\"async\" src=\"https:\/\/www.hydraulic-cylinders.net\/wp-content\/uploads\/2025\/01\/songte-oil-pipes-and-spare-parts.webp\"><\/p>\n<p>Uszczelnienie i smarowanie si\u0142ownika czerpakowego wymaga zastosowania r\u00f3\u017cnych element\u00f3w uszczelniaj\u0105cych, takich jak pier\u015bcienie uszczelniaj\u0105ce t\u0142oka i t\u0142oczyska. Elementy uszczelniaj\u0105ce wykonane s\u0105 z materia\u0142\u00f3w odpornych na zu\u017cycie, takich jak poliuretan i kauczuk nitrylowy. Korpus si\u0142ownika i powierzchnia gwintu poddawane s\u0105 precyzyjnej obr\u00f3bce w celu zwi\u0119kszenia odporno\u015bci na zu\u017cycie. Konieczne jest r\u00f3wnie\u017c regularne uzupe\u0142nianie odpowiedniej ilo\u015bci oleju hydraulicznego w celu smarowania.<\/p>\n<p>Aby utrzyma\u0107 d\u0142ug\u0105 \u017cywotno\u015b\u0107, konieczne s\u0105 regularne kontrole i dzia\u0142ania konserwacyjne. Obejmuj\u0105 one:<\/p>\n<ul>\n<li>Regularne sprawdzanie cylindra<\/li>\n<li>Zastosowanie odpowiedniego smarowania<\/li>\n<li>Wymiana uszczelek w razie potrzeby<\/li>\n<li>Kontrole kalibracji<\/li>\n<\/ul>\n<p><img decoding=\"async\" src=\"https:\/\/www.hydraulic-cylinders.net\/wp-content\/uploads\/2025\/01\/songte-chushion-collar.webp\"><\/p>\n<h2>Zagadnienia bezpiecze\u0144stwa i czynniki \u015brodowiskowe<\/h2>\n<p>Podczas u\u017cytkowania cylindra kube\u0142kowego niezb\u0119dne s\u0105 \u015brodki bezpiecze\u0144stwa. Zawsze nale\u017cy przestrzega\u0107 odpowiednich wytycznych bezpiecze\u0144stwa, w tym nosi\u0107 odpowiedni sprz\u0119t ochrony osobistej. Czynniki \u015brodowiskowe, takie jak temperatura i wilgotno\u015b\u0107, mog\u0105 wp\u0142ywa\u0107 na wydajno\u015b\u0107 cylindra.<\/p>\n<h2>Rozwi\u0105zywanie problem\u00f3w i typowe problemy<\/h2>\n<p>Si\u0142ownik \u0142y\u017cki mo\u017ce mie\u0107 pewne problemy, takie jak wyciek oleju i nietypowy ha\u0142as spowodowany nieprawid\u0142ow\u0105 instalacj\u0105, obs\u0142ug\u0105 lub konserwacj\u0105. Aby skutecznie diagnozowa\u0107 i rozwi\u0105zywa\u0107 problemy, nale\u017cy przestrzega\u0107 odpowiednich procedur rozwi\u0105zywania problem\u00f3w.<\/p>\n<p><img decoding=\"async\" src=\"https:\/\/www.hydraulic-cylinders.net\/wp-content\/uploads\/2025\/01\/songte-bushings-with-all-kinds-of-excavator-models.webp\"><\/p>\n<h2>O naszej firmie<\/h2>\n<p>Jeste\u015bmy producentem zamiennych cylindr\u00f3w hydraulicznych, oferuj\u0105cym pe\u0142n\u0105 gam\u0119 produkt\u00f3w i stali\u015bmy si\u0119 jednym z wiod\u0105cych producent\u00f3w i hurtowych dystrybutor\u00f3w cylindr\u00f3w hydraulicznych na rynku krajowym i mi\u0119dzynarodowym. Przestrzegamy zasady doskona\u0142ej jako\u015bci i opieramy si\u0119 na strategii zarz\u0105dzania produkcj\u0105 w przemys\u0142owych zak\u0142adach produkcyjnych. Stale udoskonalamy platform\u0119 produkcyjn\u0105 zak\u0142adu, podnosimy jako\u015b\u0107 procesu produkcyjnego i dysponujemy silnym potencja\u0142em kreatywnym. Spe\u0142niamy zr\u00f3\u017cnicowane potrzeby klient\u00f3w, zapewniaj\u0105c wysok\u0105 wydajno\u015b\u0107, precyzj\u0119 i przestrzegaj\u0105c zasad jako\u015bci.<\/p>\n<p><img decoding=\"async\" src=\"https:\/\/hzpt.com\/wp-content\/uploads\/2024\/11\/songte-company-1.webp\"><\/p>\n<p>Oferujemy profesjonalne, certyfikowane na ca\u0142ym \u015bwiecie i dostosowane do indywidualnych potrzeb us\u0142ugi, zaawansowany sprz\u0119t produkcyjny oraz doskona\u0142\u0105 obs\u0142ug\u0119 posprzeda\u017cow\u0105. Oferujemy r\u00f3wnie\u017c us\u0142ugi wymiany i regeneracji cz\u0119\u015bci, aby wyd\u0142u\u017cy\u0107 \u017cywotno\u015b\u0107 produktu.<\/p>\n<h4>Autor: lyl<\/h4>","protected":false},"excerpt":{"rendered":"<p>Bucket Cylinder For JCM Small Excavator 907D Introduction The bucket cylinder is a type of hydraulic cylinder specially designed to control the movement of the bucket in heavy machinery such as excavators, backhoe loaders, and front loaders. Its primary function is to enable the bucket to lift, lower, and tilt, making it suitable for various [&hellip;]<\/p>","protected":false},"featured_media":14769,"comment_status":"open","ping_status":"closed","template":"","meta":{"_et_pb_use_builder":"","_et_pb_old_content":"","_et_gb_content_width":""},"product_brand":[],"product_cat":[1494],"product_tag":[1495,1496],"class_list":{"0":"post-15668","1":"product","2":"type-product","3":"status-publish","4":"has-post-thumbnail","6":"product_cat-bucket-cylinders","7":"product_tag-bucket-cylinders","8":"product_tag-hydraulic-cylinders","10":"first","11":"instock","12":"shipping-taxable","13":"product-type-simple"},"amp_enabled":true,"_links":{"self":[{"href":"https:\/\/www.hydraulic-cylinders.net\/pl\/wp-json\/wp\/v2\/product\/15668","targetHints":{"allow":["GET"]}}],"collection":[{"href":"https:\/\/www.hydraulic-cylinders.net\/pl\/wp-json\/wp\/v2\/product"}],"about":[{"href":"https:\/\/www.hydraulic-cylinders.net\/pl\/wp-json\/wp\/v2\/types\/product"}],"replies":[{"embeddable":true,"href":"https:\/\/www.hydraulic-cylinders.net\/pl\/wp-json\/wp\/v2\/comments?post=15668"}],"wp:featuredmedia":[{"embeddable":true,"href":"https:\/\/www.hydraulic-cylinders.net\/pl\/wp-json\/wp\/v2\/media\/14769"}],"wp:attachment":[{"href":"https:\/\/www.hydraulic-cylinders.net\/pl\/wp-json\/wp\/v2\/media?parent=15668"}],"wp:term":[{"taxonomy":"product_brand","embeddable":true,"href":"https:\/\/www.hydraulic-cylinders.net\/pl\/wp-json\/wp\/v2\/product_brand?post=15668"},{"taxonomy":"product_cat","embeddable":true,"href":"https:\/\/www.hydraulic-cylinders.net\/pl\/wp-json\/wp\/v2\/product_cat?post=15668"},{"taxonomy":"product_tag","embeddable":true,"href":"https:\/\/www.hydraulic-cylinders.net\/pl\/wp-json\/wp\/v2\/product_tag?post=15668"}],"curies":[{"name":"wp","href":"https:\/\/api.w.org\/{rel}","templated":true}]}}