{"id":15672,"date":"2025-01-19T14:49:27","date_gmt":"2025-01-19T14:49:27","guid":{"rendered":"https:\/\/www.hydraulic-cylinders.net\/product\/bucket-cylinder-for-jcm-middle-excavator-922d\/"},"modified":"2025-01-19T14:49:29","modified_gmt":"2025-01-19T14:49:29","slug":"bucket-cylinder-for-jcm-middle-excavator-922d","status":"publish","type":"product","link":"https:\/\/www.hydraulic-cylinders.net\/pl\/produkt\/bucket-cylinder-for-jcm-middle-excavator-922d\/","title":{"rendered":"Si\u0142ownik \u0142y\u017cki do koparki JCM Middle 922D"},"content":{"rendered":"<h1>Si\u0142ownik \u0142y\u017cki do koparki JCM Middle 922D<\/h1>\n<h2>Wst\u0119p<\/h2>\n<p>Si\u0142ownik \u0142y\u017cki do koparki JCM Middle Excavator 922D to specjalnie zaprojektowany si\u0142ownik hydrauliczny s\u0142u\u017c\u0105cy do sterowania ruchem \u0142y\u017cki w ci\u0119\u017ckich maszynach, takich jak koparki, koparko-\u0142adowarki i \u0142adowarki czo\u0142owe. Jego g\u0142\u00f3wn\u0105 funkcj\u0105 jest umo\u017cliwienie podnoszenia, opuszczania i przechylania \u0142y\u017cki, dzi\u0119ki czemu nadaje si\u0119 do r\u00f3\u017cnych zada\u0144 zwi\u0105zanych z prze\u0142adunkiem materia\u0142\u00f3w. W uk\u0142adzie hydraulicznym si\u0142ownik \u0142y\u017cki zapewnia precyzyjn\u0105 kontrol\u0119 nad \u0142y\u017ck\u0105, wykorzystuj\u0105c zmiany ci\u015bnienia w oleju hydraulicznym, umo\u017cliwiaj\u0105c operatorom wydajne przenoszenie ci\u0119\u017ckich \u0142adunk\u00f3w i dostosowywanie si\u0119 do trudnych warunk\u00f3w pracy oraz zr\u00f3\u017cnicowanych wymaga\u0144.<\/p>\n<p><img decoding=\"async\" src=\"https:\/\/www.hydraulic-cylinders.net\/wp-content\/uploads\/2025\/01\/songte-company-2.webp\" alt=\"Si\u0142ownik \u0142y\u017cki do koparki JCM Middle 922D\"><\/p>\n<h2>Cechy<\/h2>\n<ul>\n<li>Wysoka wytrzyma\u0142o\u015b\u0107 i trwa\u0142o\u015b\u0107: Zazwyczaj wykonane z wysokowytrzyma\u0142ej stali lub aluminium, wytrzymuj\u0105 du\u017ce ci\u015bnienie i obci\u0105\u017cenia, s\u0105 przystosowane do trudnych warunk\u00f3w pracy, a tak\u017ce zaprojektowane z uwzgl\u0119dnieniem odporno\u015bci na zu\u017cycie i korozj\u0119, co wyd\u0142u\u017ca ich \u017cywotno\u015b\u0107.<\/li>\n<li>Wydajna praca uk\u0142adu hydraulicznego: Wykorzystuje ci\u015bnienie oleju hydraulicznego w celu uzyskania p\u0142ynnych ruch\u00f3w wysuwania i wsuwania, umo\u017cliwia szybk\u0105 reakcj\u0119 na polecenia steruj\u0105ce, zapewnia du\u017c\u0105 si\u0142\u0119 pchania i ci\u0105gni\u0119cia, odpowiedni\u0105 do przenoszenia ci\u0119\u017ckich \u0142adunk\u00f3w i wykonywania skomplikowanych zada\u0144.<\/li>\n<li>Wszechstronne typy: Dost\u0119pne w cylindrach jednostronnego dzia\u0142ania (zastosowanie hydrauliczne tylko w jednym kierunku) lub dwustronnego dzia\u0142ania (zastosowanie hydrauliczne w obu kierunkach), co pozwala na spe\u0142nienie r\u00f3\u017cnych wymaga\u0144 operacyjnych. Niekt\u00f3re modele s\u0105 teleskopowe, co pozwala na wi\u0119ksze wysuni\u0119cie bez zwi\u0119kszania wymiar\u00f3w zewn\u0119trznych, i nadaje si\u0119 do zastosowa\u0144 w ograniczonej przestrzeni.<\/li>\n<li>Idealna wymiana: Nasze produkty mog\u0105 idealnie zast\u0105pi\u0107 te cylindry hydrauliczne.<\/li>\n<\/ul>\n<p><img decoding=\"async\" src=\"https:\/\/www.hydraulic-cylinders.net\/wp-content\/uploads\/2025\/01\/songte-cylinder-head-with-all-kinds-excavator-models.webp\" alt=\"Si\u0142ownik \u0142y\u017cki do koparki JCM Middle 922D\"><\/p>\n<h2>Aplikacje<\/h2>\n<p>Cylindry kube\u0142kowe s\u0105 powszechnie stosowane w r\u00f3\u017cnych urz\u0105dzeniach i maszynach, w tym:<\/p>\n<ul>\n<li>Sprz\u0119t budowlany: Znajduje si\u0119 w koparkach, gdzie odgrywa kluczow\u0105 rol\u0119 w wykopach, za\u0142adunku i transporcie materia\u0142\u00f3w. W koparko-\u0142adowarkach cylindry \u0142y\u017cki wspomagaj\u0105 zar\u00f3wno kopanie, jak i podnoszenie.<\/li>\n<li>Maszyny rolnicze: Stosowane w \u0142adowarkach czo\u0142owych do nabierania, podnoszenia i transportu gleby, siana i innych materia\u0142\u00f3w.<\/li>\n<li>Koparki: Cylindry \u0142y\u017cki umo\u017cliwiaj\u0105 kopanie, pozwalaj\u0105c \u0142y\u017cce wnika\u0107 w gleb\u0119.<\/li>\n<li>\u0141adowarki czo\u0142owe: W \u0142adowarkach czo\u0142owych pomagaj\u0105 w efektywnym podnoszeniu i przechylaniu towar\u00f3w.<\/li>\n<\/ul>\n<h2>Zagadnienia projektowe i kryteria wyboru<\/h2>\n<p>Przy projektowaniu cylindr\u00f3w kube\u0142kowych bierze si\u0119 pod uwag\u0119 kilka czynnik\u00f3w:<\/p>\n<ul>\n<li>No\u015bno\u015b\u0107: Cylinder musi by\u0107 zaprojektowany tak, aby wytrzyma\u0107 zamierzone obci\u0105\u017cenie bez uszkodzenia.<\/li>\n<li>Uszczelnienie: Aby zapewni\u0107 odpowiednie uszczelnienie i zapobiec wyciekom oleju, stosuje si\u0119 r\u00f3\u017cne elementy uszczelniaj\u0105ce, takie jak uszczelki t\u0142okowe i uszczelki t\u0142oczyskowe.<\/li>\n<li>Trwa\u0142o\u015b\u0107: Cylinder zaprojektowano tak, aby wytrzymywa\u0142 ci\u0105g\u0142e u\u017cytkowanie, w tym by\u0142 odporny na zu\u017cycie i korozj\u0119, co wyd\u0142u\u017ca jego \u017cywotno\u015b\u0107.<\/li>\n<li>Bezpiecze\u0144stwo: Zastosowano funkcje bezpiecze\u0144stwa, aby zapobiec wypadkom i zagwarantowa\u0107 bezpieczn\u0105 obs\u0142ug\u0119 cylindra.<\/li>\n<li>\u0141atwo\u015b\u0107 konserwacji: Zadbano o \u0142atw\u0105 konserwacj\u0119 i napraw\u0119, co pozwala na efektywne serwisowanie cylindra.<\/li>\n<\/ul>\n<p><img decoding=\"async\" src=\"https:\/\/www.hydraulic-cylinders.net\/wp-content\/uploads\/2025\/01\/songte-oil-pipes-and-spare-parts.webp\" alt=\"Si\u0142ownik \u0142y\u017cki do koparki JCM Middle 922D\"><\/p>\n<h2>Uszczelnianie i smarowanie<\/h2>\n<p>Si\u0142ownik czerpakowy wykorzystuje r\u00f3\u017cnorodne elementy uszczelniaj\u0105ce, takie jak uszczelnienia t\u0142oka i t\u0142oczyska, wykonane z materia\u0142\u00f3w odpornych na zu\u017cycie, takich jak poliuretan i kauczuk nitrylowy. Korpus cylindra i gwintowane ko\u0144c\u00f3wki s\u0105 poddawane precyzyjnej obr\u00f3bce w celu zwi\u0119kszenia odporno\u015bci na zu\u017cycie. Wymagane jest regularne smarowanie, a w celu zapewnienia prawid\u0142owego smarowania nale\u017cy doda\u0107 odpowiedni\u0105 ilo\u015b\u0107 oleju hydraulicznego.<\/p>\n<h2>Regularne kontrole i konserwacja zapobiegawcza<\/h2>\n<p>Regularne przegl\u0105dy i konserwacja zapobiegawcza s\u0105 niezb\u0119dne dla optymalnej wydajno\u015bci i d\u0142ugowieczno\u015bci. Nale\u017cy podj\u0105\u0107 nast\u0119puj\u0105ce dzia\u0142ania:<\/p>\n<ul>\n<li>Sprawd\u017a cylinder pod k\u0105tem uszkodze\u0144 i \u015blad\u00f3w zu\u017cycia.<\/li>\n<li>Zapewnij odpowiednie smarowanie.<\/li>\n<li>Regularnie wymieniaj uszczelki, aby zapobiec wyciekom oleju.<\/li>\n<li>Przeprowadzaj kontrole kalibracji w celu utrzymania dok\u0142adnego dzia\u0142ania.<\/li>\n<\/ul>\n<p><img decoding=\"async\" src=\"https:\/\/www.hydraulic-cylinders.net\/wp-content\/uploads\/2025\/01\/songte-chushion-collar.webp\" alt=\"Si\u0142ownik \u0142y\u017cki do koparki JCM Middle 922D\"><\/p>\n<h2>Zagadnienia bezpiecze\u0144stwa i czynniki \u015brodowiskowe<\/h2>\n<p>Podczas korzystania z cylindr\u00f3w kube\u0142kowych, wa\u017cne jest, aby priorytetowo traktowa\u0107 \u015brodki bezpiecze\u0144stwa, aby zapobiega\u0107 wypadkom i chroni\u0107 \u015brodowisko. \u015arodki ostro\u017cno\u015bci powinny obejmowa\u0107:<\/p>\n<ul>\n<li>W\u0142a\u015bciwe szkolenie operator\u00f3w.<\/li>\n<li>Przestrzeganie wytycznych i przepis\u00f3w bezpiecze\u0144stwa.<\/li>\n<li>Regularna kontrola cylindra w celu wykrycia potencjalnych zagro\u017ce\u0144.<\/li>\n<\/ul>\n<h2>Diagnostyka usterek i rozwi\u0105zywanie problem\u00f3w<\/h2>\n<p>W przypadku awarii wa\u017cne jest skuteczne diagnozowanie i rozwi\u0105zywanie problem\u00f3w. Oto kilka typowych problem\u00f3w i ich rozwi\u0105za\u0144:<\/p>\n<ul>\n<li>Wyciek oleju: Sprawd\u017a i wymie\u0144 uszkodzone uszczelki.<\/li>\n<li>Powolna praca: Sprawd\u017a, czy w uk\u0142adzie nie ma zbyt niskiego poziomu oleju hydraulicznego lub czy nie wyst\u0119puj\u0105 ewentualne blokady.<\/li>\n<li>Nietypowe d\u017awi\u0119ki: Sprawd\u017a, czy nie ma lu\u017anych lub zu\u017cytych element\u00f3w i w razie potrzeby dokr\u0119\u0107 je lub wymie\u0144.<\/li>\n<\/ul>\n<p><img decoding=\"async\" src=\"https:\/\/www.hydraulic-cylinders.net\/wp-content\/uploads\/2025\/01\/songte-bushings-with-all-kinds-of-excavator-models.webp\" alt=\"Si\u0142ownik \u0142y\u017cki do koparki JCM Middle 922D\"><\/p>\n<p>Przestrzegaj\u0105c prawid\u0142owych procedur monta\u017cu, smarowania i regulacji, mo\u017cna zmaksymalizowa\u0107 \u017cywotno\u015b\u0107 si\u0142ownika kube\u0142kowego. Podczas monta\u017cu nale\u017cy upewni\u0107 si\u0119, \u017ce si\u0142ownik jest prawid\u0142owo ustawiony i rozwa\u017cy\u0107 zastosowanie odpowiednich wspornik\u00f3w monta\u017cowych w celu zapewnienia bezpiecznego mocowania. Nale\u017cy przestrzega\u0107 zalecanych procedur kontroli, napraw i wymiany oraz stosowa\u0107 si\u0119 do wskaz\u00f3wek dotycz\u0105cych wyd\u0142u\u017cenia \u017cywotno\u015bci si\u0142ownika.<\/p>\n<h2>O naszej firmie<\/h2>\n<p>Jeste\u015bmy producentem zamiennych cylindr\u00f3w hydraulicznych i oferujemy szerok\u0105 gam\u0119 produkt\u00f3w. Stali\u015bmy si\u0119 jednym z wiod\u0105cych producent\u00f3w i hurtowych dystrybutor\u00f3w cylindr\u00f3w hydraulicznych na rynku krajowym i mi\u0119dzynarodowym. Koncentruj\u0105c si\u0119 na doskona\u0142ej jako\u015bci, opieramy si\u0119 na przemys\u0142owych strategiach zarz\u0105dzania produkcj\u0105 w naszych precyzyjnie dopracowanych warsztatach produkcyjnych. Nasza firma stale udoskonala platform\u0119 produkcyjn\u0105, inwestuj\u0105c w talent technologiczny, wysokiej klasy sprz\u0119t do produkcji cyfrowej oraz profesjonalne systemy testowe. Posiadamy znacz\u0105cy potencja\u0142 kreatywny i d\u0105\u017cymy do spe\u0142nienia zr\u00f3\u017cnicowanych wymaga\u0144 klient\u00f3w, kieruj\u0105c si\u0119 zasadami wysokiej wydajno\u015bci, precyzji i jako\u015bci.<\/p>\n<p><img decoding=\"async\" src=\"https:\/\/www.hydraulic-cylinders.net\/wp-content\/uploads\/2025\/01\/songte-company-3.webp\" alt=\"Si\u0142ownik \u0142y\u017cki do koparki JCM Middle 922D\"><\/p>\n<p>Jeste\u015bmy dumni z naszego profesjonalizmu, mi\u0119dzynarodowych certyfikat\u00f3w, dostosowanych us\u0142ug, sprz\u0119tu produkcyjnego i obs\u0142ugi posprzeda\u017cowej.<\/p>\n<p><img decoding=\"async\" src=\"https:\/\/hzpt.com\/wp-content\/uploads\/2024\/11\/songte-company-1.webp\" alt=\"Si\u0142ownik \u0142y\u017cki do koparki JCM Middle 922D\"><\/p>\n<p>Autor: lyl<\/p>","protected":false},"excerpt":{"rendered":"<p>Bucket Cylinder For JCM Middle Excavator 922D Introduction The Bucket Cylinder for JCM Middle Excavator 922D is a specially designed hydraulic cylinder used to control the movement of the bucket in heavy machinery such as excavators, backhoe loaders, and front-end loaders. Its main function is to enable the bucket to perform lifting, lowering, and tilting [&hellip;]<\/p>","protected":false},"featured_media":14789,"comment_status":"open","ping_status":"closed","template":"","meta":{"_et_pb_use_builder":"","_et_pb_old_content":"","_et_gb_content_width":""},"product_brand":[],"product_cat":[1494],"product_tag":[1495,1496],"class_list":{"0":"post-15672","1":"product","2":"type-product","3":"status-publish","4":"has-post-thumbnail","6":"product_cat-bucket-cylinders","7":"product_tag-bucket-cylinders","8":"product_tag-hydraulic-cylinders","10":"first","11":"instock","12":"shipping-taxable","13":"product-type-simple"},"amp_enabled":true,"_links":{"self":[{"href":"https:\/\/www.hydraulic-cylinders.net\/pl\/wp-json\/wp\/v2\/product\/15672","targetHints":{"allow":["GET"]}}],"collection":[{"href":"https:\/\/www.hydraulic-cylinders.net\/pl\/wp-json\/wp\/v2\/product"}],"about":[{"href":"https:\/\/www.hydraulic-cylinders.net\/pl\/wp-json\/wp\/v2\/types\/product"}],"replies":[{"embeddable":true,"href":"https:\/\/www.hydraulic-cylinders.net\/pl\/wp-json\/wp\/v2\/comments?post=15672"}],"wp:featuredmedia":[{"embeddable":true,"href":"https:\/\/www.hydraulic-cylinders.net\/pl\/wp-json\/wp\/v2\/media\/14789"}],"wp:attachment":[{"href":"https:\/\/www.hydraulic-cylinders.net\/pl\/wp-json\/wp\/v2\/media?parent=15672"}],"wp:term":[{"taxonomy":"product_brand","embeddable":true,"href":"https:\/\/www.hydraulic-cylinders.net\/pl\/wp-json\/wp\/v2\/product_brand?post=15672"},{"taxonomy":"product_cat","embeddable":true,"href":"https:\/\/www.hydraulic-cylinders.net\/pl\/wp-json\/wp\/v2\/product_cat?post=15672"},{"taxonomy":"product_tag","embeddable":true,"href":"https:\/\/www.hydraulic-cylinders.net\/pl\/wp-json\/wp\/v2\/product_tag?post=15672"}],"curies":[{"name":"wp","href":"https:\/\/api.w.org\/{rel}","templated":true}]}}