{"id":15678,"date":"2025-01-19T14:49:51","date_gmt":"2025-01-19T14:49:51","guid":{"rendered":"https:\/\/www.hydraulic-cylinders.net\/product\/bucket-cylinder-for-jcm-large-excavator-mc500lc-8\/"},"modified":"2025-01-19T14:49:53","modified_gmt":"2025-01-19T14:49:53","slug":"bucket-cylinder-for-jcm-large-excavator-mc500lc-8","status":"publish","type":"product","link":"https:\/\/www.hydraulic-cylinders.net\/pl\/produkt\/bucket-cylinder-for-jcm-large-excavator-mc500lc-8\/","title":{"rendered":"Si\u0142ownik \u0142y\u017cki do du\u017cej koparki JCM MC500LC-8"},"content":{"rendered":"<p><!DOCTYPE html><br \/>\n<html><br \/>\n<head><br \/>\n<title>Si\u0142ownik \u0142y\u017cki do du\u017cej koparki JCM MC500LC-8<\/title><br \/>\n<\/head><br \/>\n<body><\/p>\n<h1>Si\u0142ownik \u0142y\u017cki do du\u017cej koparki JCM MC500LC-8<\/h1>\n<h2>Wst\u0119p<\/h2>\n<p>Si\u0142ownik \u0142y\u017cki to specjalnie zaprojektowany si\u0142ownik hydrauliczny s\u0142u\u017c\u0105cy do sterowania ruchem \u0142y\u017cki w ci\u0119\u017ckich maszynach, takich jak koparki, koparko-\u0142adowarki i \u0142adowarki czo\u0142owe. Jego g\u0142\u00f3wn\u0105 funkcj\u0105 jest umo\u017cliwienie podnoszenia, opuszczania i przechylania \u0142y\u017cki, u\u0142atwiaj\u0105c wykonywanie r\u00f3\u017cnych zada\u0144 zwi\u0105zanych z prze\u0142adunkiem materia\u0142\u00f3w. W uk\u0142adzie hydraulicznym si\u0142ownik \u0142y\u017cki zapewnia precyzyjn\u0105 kontrol\u0119 nad \u0142y\u017ck\u0105, wykorzystuj\u0105c zmiany ci\u015bnienia oleju hydraulicznego, umo\u017cliwiaj\u0105c operatorom wydajne przenoszenie ci\u0119\u017ckich \u0142adunk\u00f3w i dostosowywanie si\u0119 do z\u0142o\u017conych warunk\u00f3w pracy oraz zr\u00f3\u017cnicowanych wymaga\u0144.<\/p>\n<p><img decoding=\"async\" src=\"https:\/\/www.hydraulic-cylinders.net\/wp-content\/uploads\/2025\/01\/songte-company-2.webp\" alt=\"Obraz cylindra wiadra\"><\/p>\n<h2>Cechy<\/h2>\n<ul>\n<li>Wysoka wytrzyma\u0142o\u015b\u0107 i trwa\u0142o\u015b\u0107: Zazwyczaj wykonane z wysokowytrzyma\u0142ej stali lub aluminium, odporne na wysokie ci\u015bnienie i du\u017ce obci\u0105\u017cenia, odpowiednie do pracy w trudnych warunkach. Zaprojektowane z uwzgl\u0119dnieniem odporno\u015bci na zu\u017cycie i korozj\u0119, aby wyd\u0142u\u017cy\u0107 \u017cywotno\u015b\u0107.<\/li>\n<li>Wydajna praca uk\u0142adu hydraulicznego: Wykorzystuje ci\u015bnienie oleju hydraulicznego w celu uzyskania p\u0142ynnego rozci\u0105gania i wci\u0105gania, zapewniaj\u0105c du\u017c\u0105 si\u0142\u0119 pchania i ci\u0105gni\u0119cia, odpowiedni\u0105 do przenoszenia ci\u0119\u017ckich \u0142adunk\u00f3w i wykonywania skomplikowanych zada\u0144.<\/li>\n<li>R\u00f3\u017cne typy: Mo\u017cna wybiera\u0107 mi\u0119dzy si\u0142ownikami jednostronnego dzia\u0142ania (ci\u015bnienie hydrauliczne stosowane w jednym kierunku) lub dwustronnego dzia\u0142ania (ci\u015bnienie hydrauliczne stosowane w obu kierunkach) w zale\u017cno\u015bci od potrzeb. Niekt\u00f3re modele s\u0105 teleskopowe, co pozwala na wi\u0119ksze wyd\u0142u\u017cenie bez zwi\u0119kszania wymiar\u00f3w zewn\u0119trznych, odpowiednie do zastosowa\u0144 w ograniczonej przestrzeni.<\/li>\n<li>Mo\u017ce zast\u0105pi\u0107 inne cylindry hydrauliczne: Nasz produkt mo\u017ce doskonale zast\u0105pi\u0107 r\u00f3\u017cne cylindry hydrauliczne.<\/li>\n<\/ul>\n<p><img decoding=\"async\" src=\"https:\/\/www.hydraulic-cylinders.net\/wp-content\/uploads\/2025\/01\/songte-cylinder-head-with-all-kinds-excavator-models.webp\" alt=\"Obraz zast\u0119pczy produktu\"><\/p>\n<h2>Aplikacje<\/h2>\n<h3>Sprz\u0119t budowlany<\/h3>\n<p>W koparkach s\u0105 one niezb\u0119dne do kopania, za\u0142adunku i przemieszczania gleby lub gruzu. W koparko-\u0142adowarkach si\u0142ownik \u0142y\u017cki wspomaga zar\u00f3wno kopanie, jak i podnoszenie.<\/p>\n<h3>Maszyny rolnicze<\/h3>\n<p>Stosowany w \u0142adowarkach czo\u0142owych do nabierania, podnoszenia i transportu ziemi, siana i innych materia\u0142\u00f3w.<\/p>\n<h3>Koparki<\/h3>\n<p>Cylinder \u0142y\u017cki umo\u017cliwia kopanie poprzez umo\u017cliwienie \u0142y\u017cce wnikania w gleb\u0119.<\/p>\n<h3>\u0141adowarki<\/h3>\n<p>W \u0142adowarkach czo\u0142owych pomagaj\u0105 w wydajnym podnoszeniu i zrzucaniu materia\u0142\u00f3w.<\/p>\n<p><img decoding=\"async\" src=\"https:\/\/www.hydraulic-cylinders.net\/wp-content\/uploads\/2025\/01\/songte-bushings-with-all-kinds-of-excavator-models.webp\" alt=\"Obraz aplikacji\"><\/p>\n<h2>Zagadnienia projektowe i kryteria wyboru<\/h2>\n<ul>\n<li>No\u015bno\u015b\u0107: Dyskusja na temat zdolno\u015bci cylindra do wytrzymywania obci\u0105\u017ce\u0144.<\/li>\n<li>Uszczelnienie: Znaczenie stosowania r\u00f3\u017cnorodnych element\u00f3w uszczelniaj\u0105cych, takich jak uszczelnienia t\u0142ok\u00f3w i t\u0142oczysk, wykonanych z materia\u0142\u00f3w odpornych na zu\u017cycie, takich jak poliuretan i kauczuk nitrylowy. Precyzyjna obr\u00f3bka powierzchni korpusu cylindra i gwintowanej ko\u0144c\u00f3wki w celu zwi\u0119kszenia odporno\u015bci na zu\u017cycie. Regularne smarowanie odpowiednim olejem hydraulicznym.<\/li>\n<li>Trwa\u0142o\u015b\u0107: Podkre\u015bl trwa\u0142o\u015b\u0107 produktu i fakt, \u017ce zosta\u0142 zaprojektowany tak, aby wytrzymywa\u0107 trudne warunki.<\/li>\n<li>Bezpiecze\u0144stwo: Om\u00f3w zagadnienia bezpiecze\u0144stwa w trakcie procesu projektowania.<\/li>\n<li>Konserwacja: Aby przed\u0142u\u017cy\u0107 \u017cywotno\u015b\u0107 produktu, nale\u017cy przeprowadza\u0107 regularne kontrole i podejmowa\u0107 dzia\u0142ania konserwacyjne.<\/li>\n<\/ul>\n<p><img decoding=\"async\" src=\"https:\/\/www.hydraulic-cylinders.net\/wp-content\/uploads\/2025\/01\/songte-oil-pipes-and-spare-parts.webp\" alt=\"Rozwa\u017cania projektowe Obraz\"><\/p>\n<h2>Przewodnik instalacji<\/h2>\n<p>Prawid\u0142owy monta\u017c ma kluczowe znaczenie dla optymalnej wydajno\u015bci i bezpiecze\u0144stwa. Zaleca si\u0119 przestrzeganie poni\u017cszych wytycznych:<\/p>\n<ul>\n<li>Podczas monta\u017cu nale\u017cy zapewni\u0107 prawid\u0142owe ustawienie cylindra.<\/li>\n<li>Do zabezpieczenia cylindra nale\u017cy u\u017cy\u0107 odpowiednich wspornik\u00f3w monta\u017cowych.<\/li>\n<\/ul>\n<h2>Konserwacja<\/h2>\n<p>Do regularnych zada\u0144 konserwacyjnych cylindra kube\u0142kowego nale\u017c\u0105:<\/p>\n<ul>\n<li>Regularne kontrole<\/li>\n<li>Prawid\u0142owe smarowanie<\/li>\n<li>Wymiana uszczelki<\/li>\n<li>Kontrole kalibracji<\/li>\n<\/ul>\n<p>Podkre\u015bl znaczenie prawid\u0142owej instalacji, smarowania i regulacji. Udziel wskaz\u00f3wek dotycz\u0105cych prawid\u0142owego ustawienia cylindra podczas instalacji. Zalecenia dotycz\u0105ce procedur kontroli, naprawy i wymiany. Oferuj us\u0142ugi wymiany i regeneracji cz\u0119\u015bci, aby wyd\u0142u\u017cy\u0107 \u017cywotno\u015b\u0107 cylindra czerpakowego.<\/p>\n<p><img decoding=\"async\" src=\"https:\/\/www.hydraulic-cylinders.net\/wp-content\/uploads\/2025\/01\/songte-chushion-collar.webp\" alt=\"Obraz konserwacyjny\"><\/p>\n<h2>Zagadnienia bezpiecze\u0144stwa i czynniki \u015brodowiskowe<\/h2>\n<p>Podkre\u015bl znaczenie \u015brodk\u00f3w bezpiecze\u0144stwa podczas u\u017cytkowania cylindra czerpakowego, bior\u0105c pod uwag\u0119 czynniki \u015brodowiskowe.<\/p>\n<h2>Rozwi\u0105zywanie problem\u00f3w i typowe problemy<\/h2>\n<p>Om\u00f3w mo\u017cliwe usterki i podaj wskaz\u00f3wki oraz rozwi\u0105zania, aby pom\u00f3c czytelnikom skutecznie diagnozowa\u0107 i rozwi\u0105zywa\u0107 problemy. Zaproponuj \u015brodki zapobiegawcze w celu zminimalizowania potencjalnych problem\u00f3w.<\/p>\n<p><img decoding=\"async\" src=\"https:\/\/www.hydraulic-cylinders.net\/wp-content\/uploads\/2025\/01\/songte-bushings-with-all-kinds-of-excavator-models.webp\" alt=\"Rozwi\u0105zywanie problem\u00f3w z obrazem\"><\/p>\n<h2>O naszej firmie<\/h2>\n<p>Jeste\u015bmy producentem zamiennych cylindr\u00f3w hydraulicznych i jednym z wiod\u0105cych producent\u00f3w oraz dystrybutor\u00f3w hurtowych na rynku krajowym i mi\u0119dzynarodowym. Nasza firma realizuje strategi\u0119 uprzemys\u0142owionego zarz\u0105dzania produkcj\u0105, opieraj\u0105c si\u0119 na doskona\u0142ej jako\u015bci, nowoczesnych warsztatach produkcyjnych, kompetencjach technologicznych, wysokiej klasy sprz\u0119cie do produkcji cyfrowej oraz profesjonalnych systemach testowych. Stale udoskonalamy nasz\u0105 platform\u0119 produkcyjn\u0105, doskonalimy proces produkcyjny pod k\u0105tem jako\u015bci produkt\u00f3w i dysponujemy du\u017cym potencja\u0142em kreatywnym. Kieruj\u0105c si\u0119 zasadami wysokiej wydajno\u015bci, precyzji i jako\u015bci, zaspokajamy zr\u00f3\u017cnicowane potrzeby naszych klient\u00f3w.<\/p>\n<p><img decoding=\"async\" src=\"https:\/\/www.hydraulic-cylinders.net\/wp-content\/uploads\/2025\/01\/songte-company-3.webp\" alt=\"Wizerunek firmy\"><\/p>\n<p>Nasza firma znana jest z:<\/p>\n<ul>\n<li>Profesjonalizm<\/li>\n<li>Certyfikaty mi\u0119dzynarodowe<\/li>\n<li>Us\u0142ugi personalizacji<\/li>\n<li>Sprz\u0119t produkcyjny<\/li>\n<li>Serwis posprzeda\u017cowy<\/li>\n<\/ul>\n<p>Autor: lyl<\/p>\n<p><\/body><br \/>\n<\/html><\/p>","protected":false},"excerpt":{"rendered":"<p>Bucket Cylinder For JCM Large Excavator MC500LC-8 Bucket Cylinder For JCM Large Excavator MC500LC-8 Introduction A bucket cylinder is a specially designed hydraulic cylinder used to control the movement of the bucket in heavy machinery such as excavators, backhoe loaders, and front-end loaders. Its main function is to enable the bucket to lift, lower, and [&hellip;]<\/p>","protected":false},"featured_media":14780,"comment_status":"open","ping_status":"closed","template":"","meta":{"_et_pb_use_builder":"","_et_pb_old_content":"","_et_gb_content_width":""},"product_brand":[],"product_cat":[1494],"product_tag":[1495,1496],"class_list":{"0":"post-15678","1":"product","2":"type-product","3":"status-publish","4":"has-post-thumbnail","6":"product_cat-bucket-cylinders","7":"product_tag-bucket-cylinders","8":"product_tag-hydraulic-cylinders","10":"first","11":"instock","12":"shipping-taxable","13":"product-type-simple"},"amp_enabled":true,"_links":{"self":[{"href":"https:\/\/www.hydraulic-cylinders.net\/pl\/wp-json\/wp\/v2\/product\/15678","targetHints":{"allow":["GET"]}}],"collection":[{"href":"https:\/\/www.hydraulic-cylinders.net\/pl\/wp-json\/wp\/v2\/product"}],"about":[{"href":"https:\/\/www.hydraulic-cylinders.net\/pl\/wp-json\/wp\/v2\/types\/product"}],"replies":[{"embeddable":true,"href":"https:\/\/www.hydraulic-cylinders.net\/pl\/wp-json\/wp\/v2\/comments?post=15678"}],"wp:featuredmedia":[{"embeddable":true,"href":"https:\/\/www.hydraulic-cylinders.net\/pl\/wp-json\/wp\/v2\/media\/14780"}],"wp:attachment":[{"href":"https:\/\/www.hydraulic-cylinders.net\/pl\/wp-json\/wp\/v2\/media?parent=15678"}],"wp:term":[{"taxonomy":"product_brand","embeddable":true,"href":"https:\/\/www.hydraulic-cylinders.net\/pl\/wp-json\/wp\/v2\/product_brand?post=15678"},{"taxonomy":"product_cat","embeddable":true,"href":"https:\/\/www.hydraulic-cylinders.net\/pl\/wp-json\/wp\/v2\/product_cat?post=15678"},{"taxonomy":"product_tag","embeddable":true,"href":"https:\/\/www.hydraulic-cylinders.net\/pl\/wp-json\/wp\/v2\/product_tag?post=15678"}],"curies":[{"name":"wp","href":"https:\/\/api.w.org\/{rel}","templated":true}]}}