{"id":15679,"date":"2025-01-19T14:49:55","date_gmt":"2025-01-19T14:49:55","guid":{"rendered":"https:\/\/www.hydraulic-cylinders.net\/product\/bucket-cylinder-for-ihi-small-excavator-ihi18v\/"},"modified":"2025-01-19T14:49:57","modified_gmt":"2025-01-19T14:49:57","slug":"bucket-cylinder-for-ihi-small-excavator-ihi18v","status":"publish","type":"product","link":"https:\/\/www.hydraulic-cylinders.net\/pl\/produkt\/bucket-cylinder-for-ihi-small-excavator-ihi18v\/","title":{"rendered":"Si\u0142ownik \u0142y\u017cki do ma\u0142ej koparki IHI IHI18V"},"content":{"rendered":"<h1>Si\u0142ownik \u0142y\u017cki do ma\u0142ej koparki IHI IHI18V<\/h1>\n<h2>Wst\u0119p<\/h2>\n<p>Si\u0142ownik \u0142y\u017cki, znany r\u00f3wnie\u017c jako si\u0142ownik hydrauliczny, to rodzaj si\u0142ownika hydraulicznego zaprojektowanego specjalnie do sterowania ruchem \u0142y\u017cki w ci\u0119\u017ckich maszynach, takich jak koparki, koparko-\u0142adowarki i \u0142adowarki czo\u0142owe. Jego g\u0142\u00f3wn\u0105 funkcj\u0105 jest podnoszenie, opuszczanie i przechylanie \u0142y\u017cki, u\u0142atwiaj\u0105c wykonywanie r\u00f3\u017cnych zada\u0144 zwi\u0105zanych z prze\u0142adunkiem materia\u0142\u00f3w. W uk\u0142adzie hydraulicznym si\u0142ownik \u0142y\u017cki zapewnia precyzyjn\u0105 kontrol\u0119 nad \u0142y\u017ck\u0105 poprzez zmiany ci\u015bnienia oleju hydraulicznego, umo\u017cliwiaj\u0105c operatorom wydajne przenoszenie ci\u0119\u017ckich \u0142adunk\u00f3w i dostosowywanie si\u0119 do z\u0142o\u017conych warunk\u00f3w pracy oraz zr\u00f3\u017cnicowanych wymaga\u0144.<\/p>\n<p><img decoding=\"async\" src=\"https:\/\/www.hydraulic-cylinders.net\/wp-content\/uploads\/2025\/01\/songte-company-2.webp\" alt=\"Cylinder kube\u0142kowy\"><\/p>\n<h2>Cechy produktu<\/h2>\n<ul>\n<li>\n<h3>Wysoka wytrzyma\u0142o\u015b\u0107 i trwa\u0142o\u015b\u0107<\/h3>\n<p>Cylinder czerpakowy jest zazwyczaj wykonany z wytrzyma\u0142ej stali lub aluminium, co zapewnia mu odporno\u015b\u0107 na wysokie ci\u015bnienie i du\u017ce obci\u0105\u017cenia. Zosta\u0142 zaprojektowany z uwzgl\u0119dnieniem odporno\u015bci na zu\u017cycie i korozj\u0119, co wyd\u0142u\u017ca jego \u017cywotno\u015b\u0107.<\/p>\n<\/li>\n<li>\n<h3>Wydajna praca hydrauliczna<\/h3>\n<p>Si\u0142ownik \u0142y\u017cki wykorzystuje ci\u015bnienie oleju hydraulicznego w celu zapewnienia p\u0142ynnego wysuwania i wsuwania, jest w stanie szybko reagowa\u0107 na polecenia steruj\u0105ce, zapewnia du\u017c\u0105 si\u0142\u0119 pchania i ci\u0105gni\u0119cia, jest odpowiedni do podnoszenia ci\u0119\u017ckich \u0142adunk\u00f3w i wykonywania skomplikowanych zada\u0144.<\/p>\n<\/li>\n<li>\n<h3>R\u00f3\u017cne typy<\/h3>\n<p>Si\u0142ownik czerpakowy mo\u017cna dobra\u0107 w zale\u017cno\u015bci od wymaga\u0144 operacyjnych, oferuj\u0105c opcje si\u0142ownik\u00f3w jednostronnego dzia\u0142ania (hydraulika dzia\u0142a tylko w jednym kierunku) lub dwustronnego dzia\u0142ania (hydraulika dzia\u0142a w obu kierunkach), aby sprosta\u0107 r\u00f3\u017cnym potrzebom. Niekt\u00f3re modele s\u0105 teleskopowe, co pozwala na wi\u0119ksze wysuni\u0119cie bez zwi\u0119kszania wymiar\u00f3w zewn\u0119trznych, co jest odpowiednie do zastosowa\u0144 w ograniczonej przestrzeni.<\/p>\n<\/li>\n<li>\n<h3>Wysoce konfigurowalny<\/h3>\n<p>Nasze produkty mog\u0105 z powodzeniem zast\u0105pi\u0107 si\u0142owniki hydrauliczne, a ponadto umo\u017cliwiaj\u0105 produkcj\u0119 si\u0142ownik\u00f3w kube\u0142kowych dostosowanych do konkretnych wymaga\u0144 i zastosowa\u0144. <\/p>\n<\/li>\n<li>\n<h3>Kompatybilny z r\u00f3\u017cnymi maszynami<\/h3>\n<p>Cylinder \u0142y\u017cki jest powszechnie stosowany w sprz\u0119cie budowlanym, takim jak koparki, koparko-\u0142adowarki, \u0142adowarki czo\u0142owe i maszyny rolnicze, gdzie mo\u017cna wykopywa\u0107, \u0142adowa\u0107 i transportowa\u0107 gleb\u0119, siano i inne materia\u0142y.<\/p>\n<\/li>\n<\/ul>\n<p><img decoding=\"async\" src=\"https:\/\/www.hydraulic-cylinders.net\/wp-content\/uploads\/2025\/01\/songte-cylinder-head-with-all-kinds-excavator-models.webp\" alt=\"Modele cylindr\u00f3w kube\u0142kowych\"><\/p>\n<h2>Zagadnienia projektowe i standardy wyboru<\/h2>\n<ul>\n<li>\n<h3>No\u015bno\u015b\u0107<\/h3>\n<p>Cylindry czerpakowe s\u0105 zaprojektowane tak, aby wytrzyma\u0107 obci\u0105\u017cenie robocze maszyny i czerpaka, przy uwzgl\u0119dnieniu si\u0142y uk\u0142adu hydraulicznego i ci\u0119\u017caru transportowanego materia\u0142u.<\/p>\n<\/li>\n<li>\n<h3>Uszczelnienie i trwa\u0142o\u015b\u0107<\/h3>\n<p>Cylinder czerpakowy musi posiada\u0107 niezawodny system uszczelnienia, aby zapobiec wyciekom oleju i zapewni\u0107 prawid\u0142owe smarowanie ruchomych cz\u0119\u015bci. Korpus cylindra i powierzchnia gwintu musz\u0105 by\u0107 precyzyjnie obrobione, aby zwi\u0119kszy\u0107 odporno\u015b\u0107 na zu\u017cycie.<\/p>\n<\/li>\n<li>\n<h3>Bezpiecze\u0144stwo i konserwacja<\/h3>\n<p>Aby zapewni\u0107 niezawodn\u0105 i bezpieczn\u0105 prac\u0119 si\u0142ownika, nale\u017cy regularnie go sprawdza\u0107, odpowiednio smarowa\u0107 i wymienia\u0107 zu\u017cyte lub uszkodzone cz\u0119\u015bci. Zaleca si\u0119 stosowanie odpowiednich uchwyt\u00f3w monta\u017cowych do mocowania si\u0142ownika oraz przestrzeganie zalecanych procedur kontroli, napraw i wymiany.<\/p>\n<\/li>\n<\/ul>\n<p><img decoding=\"async\" src=\"https:\/\/www.hydraulic-cylinders.net\/wp-content\/uploads\/2025\/01\/songte-oil-pipes-and-spare-parts.webp\" alt=\"Cz\u0119\u015bci cylindra \u0142y\u017cki\"><\/p>\n<h2>Bezpiecze\u0144stwo i wzgl\u0119dy \u015brodowiskowe<\/h2>\n<p>Podczas u\u017cytkowania cylindra \u0142y\u017cki nale\u017cy przestrzega\u0107 odpowiednich \u015brodk\u00f3w bezpiecze\u0144stwa, aby zapobiec wypadkom i zapewni\u0107 bezpiecze\u0144stwo operatorom oraz osobom postronnym. Prawid\u0142owe obchodzenie si\u0119 z olejem hydraulicznym i innymi materia\u0142ami oraz ich utylizacja s\u0105 niezb\u0119dne, aby zminimalizowa\u0107 wp\u0142yw na \u015brodowisko.<\/p>\n<h2>Diagnostyka usterek i typowe problemy<\/h2>\n<p>Si\u0142ownik \u0142y\u017cki mo\u017ce ulega\u0107 awariom, takim jak wyciek oleju, niewystarczaj\u0105ca si\u0142a i nieprawid\u0142owa praca. Regularne kontrole i konserwacja mog\u0105 pom\u00f3c zapobiec potencjalnym problemom i wcze\u015bnie je wykry\u0107. W przypadku wyst\u0105pienia awarii wa\u017cne jest podj\u0119cie odpowiednich dzia\u0142a\u0144 w celu zdiagnozowania i usuni\u0119cia problemu.<\/p>\n<p><img decoding=\"async\" src=\"https:\/\/www.hydraulic-cylinders.net\/wp-content\/uploads\/2025\/01\/songte-bushings-with-all-kinds-of-excavator-models.webp\" alt=\"Tuleje cylindra \u0142y\u017cki\"><\/p>\n<h2>Instalacja i konserwacja<\/h2>\n<p>Prawid\u0142owy monta\u017c, smarowanie i regulacja s\u0105 kluczowe dla zapewnienia trwa\u0142o\u015bci i optymalnej wydajno\u015bci si\u0142ownika kube\u0142kowego. Aby zapobiec potencjalnym problemom i utrzyma\u0107 si\u0142ownik w dobrym stanie, nale\u017cy regularnie wykonywa\u0107 czynno\u015bci konserwacyjne, takie jak kontrola, smarowanie i wymiana uszczelnie\u0144.<\/p>\n<h2>O naszej firmie<\/h2>\n<p>Jeste\u015bmy wiod\u0105cym producentem i hurtowym dystrybutorem si\u0142ownik\u00f3w hydraulicznych, oferuj\u0105cym szerok\u0105 gam\u0119 produkt\u00f3w, spe\u0142niaj\u0105cych zr\u00f3\u017cnicowane potrzeby rynku krajowego i mi\u0119dzynarodowego. D\u0105\u017cymy do zapewnienia wyj\u0105tkowej jako\u015bci i obs\u0142ugi, k\u0142ad\u0105c nacisk na precyzyjn\u0105 produkcj\u0119, zaawansowany sprz\u0119t cyfrowy i profesjonalne systemy testowe, aby dostarcza\u0107 naszym klientom wydajne, precyzyjne i wysokiej jako\u015bci produkty.<\/p>\n<ul>\n<li>\n<h3>Ekspertyza<\/h3>\n<p>Nasz zesp\u00f3\u0142 sk\u0142ada si\u0119 z do\u015bwiadczonych i wykwalifikowanych specjalist\u00f3w dysponuj\u0105cych szerok\u0105 wiedz\u0105 i do\u015bwiadczeniem w zakresie projektowania, produkcji i testowania cylindr\u00f3w hydraulicznych.<\/p>\n<\/li>\n<li>\n<h3>Certyfikaty mi\u0119dzynarodowe<\/h3>\n<p>Nasze produkty posiadaj\u0105 certyfikaty ISO9001, SGS i CE, co potwierdza zgodno\u015b\u0107 z normami mi\u0119dzynarodowymi.<\/p>\n<\/li>\n<li>\n<h3>Us\u0142ugi personalizacji<\/h3>\n<p>Oferujemy cylindry hydrauliczne dostosowane do konkretnych wymaga\u0144 i zastosowa\u0144, z mo\u017cliwo\u015bci\u0105 elastycznego projektowania i produkcji.<\/p>\n<\/li>\n<li>\n<h3>Sprz\u0119t produkcyjny<\/h3>\n<p>Wykorzystujemy zaawansowane centra obr\u00f3bcze CNC, sprz\u0119t testowy i inny sprz\u0119t cyfrowy, aby zapewni\u0107 precyzj\u0119 i wydajno\u015b\u0107 procesu produkcyjnego.<\/p>\n<\/li>\n<li>\n<h3>Serwis posprzeda\u017cowy<\/h3>\n<p>Zapewniamy kompleksow\u0105 obs\u0142ug\u0119 posprzeda\u017cow\u0105, obejmuj\u0105c\u0105 przegl\u0105dy, naprawy i wymiany, aby mie\u0107 pewno\u015b\u0107, \u017ce nasi klienci w pe\u0142ni wykorzystuj\u0105 zalety naszych produkt\u00f3w.<\/p>\n<\/li>\n<\/ul>\n<p><img decoding=\"async\" src=\"https:\/\/hzpt.com\/wp-content\/uploads\/2024\/11\/songte-company-1.webp\" alt=\"Nasza firma\"><\/p>\n<h3>Autor: lyl<\/h3>","protected":false},"excerpt":{"rendered":"<p>Bucket Cylinder For IHI Small Excavator IHI18V Introduction The bucket cylinder, also known as the hydraulic cylinder, is a type of hydraulic actuator designed specifically for controlling the movement of the bucket in heavy machinery such as excavators, backhoes, and front-end loaders. Its primary function is to allow the bucket to lift, lower, and tilt, [&hellip;]<\/p>","protected":false},"featured_media":14778,"comment_status":"open","ping_status":"closed","template":"","meta":{"_et_pb_use_builder":"","_et_pb_old_content":"","_et_gb_content_width":""},"product_brand":[],"product_cat":[1494],"product_tag":[1495,1496],"class_list":{"0":"post-15679","1":"product","2":"type-product","3":"status-publish","4":"has-post-thumbnail","6":"product_cat-bucket-cylinders","7":"product_tag-bucket-cylinders","8":"product_tag-hydraulic-cylinders","10":"first","11":"instock","12":"shipping-taxable","13":"product-type-simple"},"amp_enabled":true,"_links":{"self":[{"href":"https:\/\/www.hydraulic-cylinders.net\/pl\/wp-json\/wp\/v2\/product\/15679","targetHints":{"allow":["GET"]}}],"collection":[{"href":"https:\/\/www.hydraulic-cylinders.net\/pl\/wp-json\/wp\/v2\/product"}],"about":[{"href":"https:\/\/www.hydraulic-cylinders.net\/pl\/wp-json\/wp\/v2\/types\/product"}],"replies":[{"embeddable":true,"href":"https:\/\/www.hydraulic-cylinders.net\/pl\/wp-json\/wp\/v2\/comments?post=15679"}],"wp:featuredmedia":[{"embeddable":true,"href":"https:\/\/www.hydraulic-cylinders.net\/pl\/wp-json\/wp\/v2\/media\/14778"}],"wp:attachment":[{"href":"https:\/\/www.hydraulic-cylinders.net\/pl\/wp-json\/wp\/v2\/media?parent=15679"}],"wp:term":[{"taxonomy":"product_brand","embeddable":true,"href":"https:\/\/www.hydraulic-cylinders.net\/pl\/wp-json\/wp\/v2\/product_brand?post=15679"},{"taxonomy":"product_cat","embeddable":true,"href":"https:\/\/www.hydraulic-cylinders.net\/pl\/wp-json\/wp\/v2\/product_cat?post=15679"},{"taxonomy":"product_tag","embeddable":true,"href":"https:\/\/www.hydraulic-cylinders.net\/pl\/wp-json\/wp\/v2\/product_tag?post=15679"}],"curies":[{"name":"wp","href":"https:\/\/api.w.org\/{rel}","templated":true}]}}