{"id":15680,"date":"2025-01-19T14:49:59","date_gmt":"2025-01-19T14:49:59","guid":{"rendered":"https:\/\/www.hydraulic-cylinders.net\/product\/bucket-cylinder-for-ihi-small-excavator-ihi20vxt\/"},"modified":"2025-01-19T14:50:16","modified_gmt":"2025-01-19T14:50:16","slug":"bucket-cylinder-for-ihi-small-excavator-ihi20vxt","status":"publish","type":"product","link":"https:\/\/www.hydraulic-cylinders.net\/pl\/produkt\/bucket-cylinder-for-ihi-small-excavator-ihi20vxt\/","title":{"rendered":"Si\u0142ownik \u0142y\u017cki do ma\u0142ej koparki IHI IHI20VXT"},"content":{"rendered":"<h1>Si\u0142ownik \u0142y\u017cki do ma\u0142ej koparki IHI IHI20VXT<\/h1>\n<h2>Wst\u0119p<\/h2>\n<p>Si\u0142ownik \u0142y\u017cki to specjalnie zaprojektowany si\u0142ownik hydrauliczny, u\u017cywany g\u0142\u00f3wnie do sterowania ruchem \u0142y\u017cki w ci\u0119\u017ckich maszynach, takich jak koparki, koparko-\u0142adowarki i \u0142adowarki czo\u0142owe. Jego g\u0142\u00f3wn\u0105 funkcj\u0105 jest podnoszenie, opuszczanie i przechylanie \u0142y\u017cki, u\u0142atwiaj\u0105c wykonywanie r\u00f3\u017cnych zada\u0144 zwi\u0105zanych z prze\u0142adunkiem materia\u0142\u00f3w. W uk\u0142adzie hydraulicznym si\u0142ownik \u0142y\u017cki zapewnia precyzyjn\u0105 kontrol\u0119 nad \u0142y\u017ck\u0105 poprzez zmiany ci\u015bnienia oleju hydraulicznego, umo\u017cliwiaj\u0105c operatorom wydajne przenoszenie ci\u0119\u017ckich przedmiot\u00f3w i dostosowywanie si\u0119 do z\u0142o\u017conych warunk\u00f3w pracy oraz zr\u00f3\u017cnicowanych wymaga\u0144 operacyjnych.<\/p>\n<p><img decoding=\"async\" src=\"https:\/\/www.hydraulic-cylinders.net\/wp-content\/uploads\/2025\/01\/songte-company-2.webp\" \/><\/p>\n<h2>Cechy<\/h2>\n<ul>\n<li><strong>Wysoka wytrzyma\u0142o\u015b\u0107 i trwa\u0142o\u015b\u0107:<\/strong> Wykonany zazwyczaj z wysokowytrzyma\u0142ej stali lub aluminium, wytrzymuje wysokie ci\u015bnienie i du\u017ce obci\u0105\u017cenia, dostosowuj\u0105c si\u0119 do trudnych warunk\u00f3w pracy. Konstrukcja uwzgl\u0119dnia odporno\u015b\u0107 na zu\u017cycie i korozj\u0119, co wyd\u0142u\u017ca \u017cywotno\u015b\u0107.<\/li>\n<li><strong>Wydajna praca uk\u0142adu hydraulicznego:<\/strong> P\u0142ynne rozci\u0105ganie i wci\u0105ganie odbywa si\u0119 dzi\u0119ki wykorzystaniu ci\u015bnienia oleju hydraulicznego, co zapewnia du\u017c\u0105 si\u0142\u0119 pchania i ci\u0105gni\u0119cia, przydatn\u0105 przy podnoszeniu ci\u0119\u017ckich przedmiot\u00f3w i wykonywaniu skomplikowanych zada\u0144.<\/li>\n<li><strong>R\u00f3\u017cne typy:<\/strong> Si\u0142owniki jednostronnego dzia\u0142ania (hydraulika dzia\u0142a tylko w jednym kierunku) lub dwustronnego dzia\u0142ania (hydraulika dzia\u0142a w obu kierunkach) mo\u017cna dobra\u0107 w zale\u017cno\u015bci od potrzeb, aby spe\u0142ni\u0107 r\u00f3\u017cne potrzeby operacyjne. Niekt\u00f3re modele s\u0105 teleskopowe, co pozwala na wi\u0119ksze wysuni\u0119cie bez zwi\u0119kszania wymiar\u00f3w zewn\u0119trznych, i nadaje si\u0119 do zastosowa\u0144 w ograniczonej przestrzeni.<\/li>\n<li><strong>Wyprodukowane przez nas:<\/strong> Nasz produkt mo\u017ce doskonale zast\u0105pi\u0107 tego typu si\u0142owniki hydrauliczne.<\/li>\n<\/ul>\n<p><img decoding=\"async\" src=\"https:\/\/www.hydraulic-cylinders.net\/wp-content\/uploads\/2025\/01\/songte-cylinder-head-with-all-kinds-excavator-models.webp\" \/><\/p>\n<h2>Aplikacje<\/h2>\n<p>Cylinder czerpakowy jest powszechnie stosowany w r\u00f3\u017cnych maszynach ci\u0119\u017ckich, w tym:<\/p>\n<ul>\n<li><strong>Sprz\u0119t budowlany:<\/strong> W koparkach s\u0105 one niezb\u0119dne do kopania, za\u0142adunku i przemieszczania gleby lub gruzu. W koparko-\u0142adowarkach si\u0142owniki \u0142y\u017cki wspomagaj\u0105 zar\u00f3wno kopanie, jak i podnoszenie. <\/li>\n<li><strong>Maszyny rolnicze:<\/strong> Stosowany w \u0142adowarkach czo\u0142owych do nabierania, podnoszenia i transportu ziemi, siana i innych materia\u0142\u00f3w. <\/li>\n<li><strong>Koparki:<\/strong> Cylinder \u0142y\u017cki umo\u017cliwia kopanie poprzez umo\u017cliwienie \u0142y\u017cce zag\u0142\u0119biania si\u0119 w gleb\u0119. <\/li>\n<li><strong>\u0141adowarki czo\u0142owe:<\/strong> W \u0142adowarkach czo\u0142owych pomagaj\u0105 w efektywnym podnoszeniu i przechylaniu towar\u00f3w. <\/li>\n<\/ul>\n<h2>Zagadnienia projektowe i kryteria wyboru<\/h2>\n<p>Przy projektowaniu cylindra kube\u0142kowego brane s\u0105 pod uwag\u0119 takie czynniki jak no\u015bno\u015b\u0107, szczelno\u015b\u0107, trwa\u0142o\u015b\u0107, bezpiecze\u0144stwo i \u0142atwo\u015b\u0107 konserwacji. <\/p>\n<ul>\n<li><strong>No\u015bno\u015b\u0107:<\/strong> Cylinder musi by\u0107 na tyle wytrzyma\u0142y, aby wytrzyma\u0107 wysokie ci\u015bnienie i du\u017ce obci\u0105\u017cenia. <\/li>\n<li><strong>Skuteczno\u015b\u0107 uszczelnienia:<\/strong> Aby zapobiec wyciekom p\u0142ynu z cylindra, stosuje si\u0119 r\u00f3\u017cne elementy uszczelniaj\u0105ce, takie jak uszczelki t\u0142okowe i uszczelki t\u0142oczyskowe. <\/li>\n<li><strong>Trwa\u0142o\u015b\u0107:<\/strong> Cylinder musi by\u0107 odporny na \u015bcieranie i korozj\u0119, a korpus cylindra i gwintowane powierzchnie ko\u0144cowe s\u0105 precyzyjnie obrabiane w celu zwi\u0119kszenia odporno\u015bci na zu\u017cycie. <\/li>\n<li><strong>Bezpiecze\u0144stwo:<\/strong> Cylinder musi by\u0107 zaprojektowany z uwzgl\u0119dnieniem zabezpiecze\u0144, takich jak zawory bezpiecze\u0144stwa i zabezpieczenia przed przeci\u0105\u017ceniem, aby zapobiec wypadkom. <\/li>\n<li><strong>Utrzymywalno\u015b\u0107:<\/strong> Cylinder musi by\u0107 \u0142atwy w utrzymaniu, z \u0142atwymi do wymiany cz\u0119\u015bciami i prostymi procedurami naprawczymi. <\/li>\n<\/ul>\n<p><img decoding=\"async\" src=\"https:\/\/www.hydraulic-cylinders.net\/wp-content\/uploads\/2025\/01\/songte-oil-pipes-and-spare-parts.webp\" \/><\/p>\n<h2>Uszczelnianie i smarowanie<\/h2>\n<p>W si\u0142owniku kube\u0142kowym zastosowano r\u00f3\u017cne elementy uszczelniaj\u0105ce, takie jak uszczelnienia t\u0142oka i t\u0142oczyska, wykonane z materia\u0142\u00f3w odpornych na \u015bcieranie, takich jak poliuretan i kauczuk nitrylowy. Korpus si\u0142ownika i gwintowane powierzchnie ko\u0144cowe s\u0105 precyzyjnie obrobione, aby zwi\u0119kszy\u0107 odporno\u015b\u0107 na zu\u017cycie. Si\u0142ownik wymaga regularnego smarowania odpowiedni\u0105 ilo\u015bci\u0105 oleju hydraulicznego, aby zapewni\u0107 jego prawid\u0142owe dzia\u0142anie.<\/p>\n<h2>Konserwacja i naprawa<\/h2>\n<p>Si\u0142ownik kube\u0142kowy wymaga regularnej kontroli, odpowiedniego smarowania i szybkiej wymiany zu\u017cytych lub uszkodzonych uszczelek. Prawid\u0142owy monta\u017c ma kluczowe znaczenie dla zapewnienia d\u0142ugotrwa\u0142ej wydajno\u015bci si\u0142ownika. Zaleca si\u0119 stosowanie odpowiednich wspornik\u00f3w monta\u017cowych w celu zabezpieczenia si\u0142ownika i jego prawid\u0142owego wyosiowania. Aby zapewni\u0107 d\u0142ugowieczno\u015b\u0107 si\u0142ownika, nale\u017cy przestrzega\u0107 zalecanej procedury kontroli, naprawy i wymiany.<\/p>\n<p><img decoding=\"async\" src=\"https:\/\/www.hydraulic-cylinders.net\/wp-content\/uploads\/2025\/01\/songte-chushion-collar.webp\" \/><\/p>\n<h2>Bezpiecze\u0144stwo i wzgl\u0119dy \u015brodowiskowe<\/h2>\n<p>Podczas obs\u0142ugi urz\u0105dze\u0144 hydraulicznych konieczne jest przestrzeganie odpowiednich \u015brodk\u00f3w bezpiecze\u0144stwa. W celu zapobiegania wypadkom konstrukcja cylindra musi uwzgl\u0119dnia\u0107 takie zabezpieczenia, jak zawory bezpiecze\u0144stwa i zabezpieczenia przeci\u0105\u017ceniowe. Do smarowania nale\u017cy u\u017cywa\u0107 przyjaznego dla \u015brodowiska oleju hydraulicznego, a zu\u017cyty olej hydrauliczny nale\u017cy odpowiednio utylizowa\u0107.<\/p>\n<h2>Diagnostyka usterek i typowe problemy<\/h2>\n<p>Do typowych usterek, kt\u00f3re mog\u0105 wyst\u0105pi\u0107 w cylindrach kube\u0142kowych, nale\u017c\u0105 wycieki p\u0142ynu, wygi\u0119cia t\u0142oczyska i uszkodzenia uszczelnie\u0144 cylindra. Szybka diagnoza i naprawa tych usterek jest niezb\u0119dna, aby zapewni\u0107 d\u0142ugowieczno\u015b\u0107 i prawid\u0142owe dzia\u0142anie cylindra.<\/p>\n<h2>O naszej firmie<\/h2>\n<p>Nasza firma jest wiod\u0105cym producentem i hurtownikiem si\u0142ownik\u00f3w hydraulicznych na rynku krajowym i mi\u0119dzynarodowym, oferuj\u0105cym pe\u0142n\u0105 gam\u0119 produkt\u00f3w. Przestrzegamy zasad doskona\u0142ej jako\u015bci i opieramy si\u0119 na strategii zarz\u0105dzania produkcj\u0105 przemys\u0142ow\u0105 w zaawansowanych warsztatach produkcyjnych. Dzi\u0119ki wykorzystaniu talent\u00f3w technicznych, cyfrowego, zaawansowanego sprz\u0119tu produkcyjnego i profesjonalnych system\u00f3w testowych, stale udoskonalamy platform\u0119 produkcyjn\u0105 warsztatu, podnosimy jako\u015b\u0107 procesu produkcyjnego i dysponujemy silnym potencja\u0142em innowacyjnym. Naszym celem jest zaspokojenie zr\u00f3\u017cnicowanych potrzeb klient\u00f3w dzi\u0119ki wysokiej wydajno\u015bci, precyzji i wysokiej jako\u015bci produktom.<\/p>\n<p>Nasza firma oferuje profesjonalne, certyfikowane na ca\u0142ym \u015bwiecie, dostosowane do indywidualnych potrzeb us\u0142ugi oraz serwis posprzeda\u017cowy. Dysponujemy zaawansowanym sprz\u0119tem produkcyjnym oraz zapewniamy cz\u0119\u015bci zamienne i us\u0142ugi regeneracji, aby zwi\u0119kszy\u0107 u\u017cyteczno\u015b\u0107 naszych produkt\u00f3w.<\/p>\n<p><img decoding=\"async\" src=\"https:\/\/www.hydraulic-cylinders.net\/wp-content\/uploads\/2025\/01\/songte-company-3.webp\" \/><\/p>\n<p>Autor: lyl<\/p>","protected":false},"excerpt":{"rendered":"<p>Bucket Cylinder For IHI Small Excavator IHI20VXT Introduction The bucket cylinder is a specially designed hydraulic cylinder mainly used for controlling the movement of the bucket in heavy machinery such as excavators, backhoe loaders, and front-end loaders. Its main function is to allow the bucket to lift, lower, and tilt, making it easier to handle [&hellip;]<\/p>","protected":false},"featured_media":14776,"comment_status":"open","ping_status":"closed","template":"","meta":{"_et_pb_use_builder":"","_et_pb_old_content":"","_et_gb_content_width":""},"product_brand":[],"product_cat":[1494],"product_tag":[1495,1496],"class_list":{"0":"post-15680","1":"product","2":"type-product","3":"status-publish","4":"has-post-thumbnail","6":"product_cat-bucket-cylinders","7":"product_tag-bucket-cylinders","8":"product_tag-hydraulic-cylinders","10":"first","11":"instock","12":"shipping-taxable","13":"product-type-simple"},"amp_enabled":true,"_links":{"self":[{"href":"https:\/\/www.hydraulic-cylinders.net\/pl\/wp-json\/wp\/v2\/product\/15680","targetHints":{"allow":["GET"]}}],"collection":[{"href":"https:\/\/www.hydraulic-cylinders.net\/pl\/wp-json\/wp\/v2\/product"}],"about":[{"href":"https:\/\/www.hydraulic-cylinders.net\/pl\/wp-json\/wp\/v2\/types\/product"}],"replies":[{"embeddable":true,"href":"https:\/\/www.hydraulic-cylinders.net\/pl\/wp-json\/wp\/v2\/comments?post=15680"}],"wp:featuredmedia":[{"embeddable":true,"href":"https:\/\/www.hydraulic-cylinders.net\/pl\/wp-json\/wp\/v2\/media\/14776"}],"wp:attachment":[{"href":"https:\/\/www.hydraulic-cylinders.net\/pl\/wp-json\/wp\/v2\/media?parent=15680"}],"wp:term":[{"taxonomy":"product_brand","embeddable":true,"href":"https:\/\/www.hydraulic-cylinders.net\/pl\/wp-json\/wp\/v2\/product_brand?post=15680"},{"taxonomy":"product_cat","embeddable":true,"href":"https:\/\/www.hydraulic-cylinders.net\/pl\/wp-json\/wp\/v2\/product_cat?post=15680"},{"taxonomy":"product_tag","embeddable":true,"href":"https:\/\/www.hydraulic-cylinders.net\/pl\/wp-json\/wp\/v2\/product_tag?post=15680"}],"curies":[{"name":"wp","href":"https:\/\/api.w.org\/{rel}","templated":true}]}}