{"id":15681,"date":"2025-01-19T14:50:19","date_gmt":"2025-01-19T14:50:19","guid":{"rendered":"https:\/\/www.hydraulic-cylinders.net\/product\/bucket-cylinder-for-ihi-small-excavator-ihi40-ys\/"},"modified":"2025-01-19T14:50:21","modified_gmt":"2025-01-19T14:50:21","slug":"bucket-cylinder-for-ihi-small-excavator-ihi40-ys","status":"publish","type":"product","link":"https:\/\/www.hydraulic-cylinders.net\/pl\/produkt\/bucket-cylinder-for-ihi-small-excavator-ihi40-ys\/","title":{"rendered":"Si\u0142ownik \u0142y\u017cki do ma\u0142ej koparki IHI IHI40\/YS"},"content":{"rendered":"<h1>Si\u0142ownik \u0142y\u017cki do ma\u0142ej koparki IHI IHI40\/YS<\/h1>\n<h2>Wst\u0119p<\/h2>\n<p>Si\u0142ownik \u0142y\u017cki to specjalistyczny si\u0142ownik hydrauliczny, u\u017cywany g\u0142\u00f3wnie do sterowania ruchem \u0142y\u017cki w ci\u0119\u017ckich maszynach, takich jak koparki, koparko-\u0142adowarki i \u0142adowarki czo\u0142owe. Jego g\u0142\u00f3wn\u0105 funkcj\u0105 jest podnoszenie, opuszczanie i przechylanie \u0142y\u017cki, u\u0142atwiaj\u0105c wykonywanie r\u00f3\u017cnych zada\u0144 zwi\u0105zanych z prze\u0142adunkiem materia\u0142\u00f3w. W uk\u0142adzie hydraulicznym si\u0142ownik \u0142y\u017cki steruje precyzyjnym ruchem \u0142y\u017cki poprzez zmiany ci\u015bnienia oleju hydraulicznego, umo\u017cliwiaj\u0105c operatorom wydajne przenoszenie ci\u0119\u017ckich \u0142adunk\u00f3w i dostosowywanie si\u0119 do z\u0142o\u017conych warunk\u00f3w pracy oraz zr\u00f3\u017cnicowanych wymaga\u0144.<\/p>\n<p><img decoding=\"async\" src=\"https:\/\/www.hydraulic-cylinders.net\/wp-content\/uploads\/2025\/01\/songte-company-2.webp\"><\/p>\n<h2>Cechy<\/h2>\n<ul>\n<li>Wysoka wytrzyma\u0142o\u015b\u0107 i trwa\u0142o\u015b\u0107: zazwyczaj wykonane z wytrzyma\u0142ej stali lub aluminium, wytrzymuj\u0105 du\u017ce ci\u015bnienie i du\u017ce obci\u0105\u017cenia, nadaj\u0105 si\u0119 do pracy w trudnych warunkach, a tak\u017ce zaprojektowane z my\u015bl\u0105 o odporno\u015bci na zu\u017cycie i korozj\u0119, co wyd\u0142u\u017ca ich \u017cywotno\u015b\u0107.<\/li>\n<li>Wydajna praca uk\u0142adu hydraulicznego: wykorzystuje ci\u015bnienie oleju hydraulicznego w celu uzyskania p\u0142ynnego rozci\u0105gania i wci\u0105gania, umo\u017cliwia szybk\u0105 reakcj\u0119 na polecenia steruj\u0105ce, zapewnia du\u017c\u0105 si\u0142\u0119 pchania i ci\u0105gni\u0119cia, nadaje si\u0119 do obs\u0142ugi ci\u0119\u017ckich \u0142adunk\u00f3w i skomplikowanych zada\u0144 operacyjnych.<\/li>\n<li>R\u00f3\u017cne typy: cylindry jednostronnego dzia\u0142ania (wykorzystuj\u0105ce hydraulik\u0119 tylko w jednym kierunku) lub dwustronnego dzia\u0142ania (wykorzystuj\u0105ce hydraulik\u0119 w dw\u00f3ch kierunkach) mo\u017cna wybiera\u0107 w zale\u017cno\u015bci od potrzeb, aby spe\u0142ni\u0107 r\u00f3\u017cne wymagania robocze. Niekt\u00f3re modele s\u0105 teleskopowe, co pozwala na wi\u0119ksze wyd\u0142u\u017cenie bez zwi\u0119kszania wymiar\u00f3w zewn\u0119trznych, idealne w przypadku zastosowa\u0144 o ograniczonej przestrzeni.<\/li>\n<li>\u0141atwa konserwacja: wyposa\u017cone w wymienne uszczelki i inne komponenty, co pozwala na \u0142atw\u0105 kontrol\u0119 i wymian\u0119 cz\u0119\u015bci w razie potrzeby.<\/li>\n<li>Mo\u017cliwo\u015b\u0107 dostosowania: nasza firma mo\u017ce wyprodukowa\u0107 ten produkt tak, aby idealnie zast\u0105pi\u0142 podobne cylindry hydrauliczne innych marek.<\/li>\n<\/ul>\n<p><img decoding=\"async\" src=\"https:\/\/www.hydraulic-cylinders.net\/wp-content\/uploads\/2025\/01\/songte-cylinder-head-with-all-kinds-excavator-models.webp\"><\/p>\n<h2>Aplikacje<\/h2>\n<p>Si\u0142ownik czerpakowy jest powszechnie stosowany w r\u00f3\u017cnych maszynach przemys\u0142owych i rolniczych, w tym:<\/p>\n<ul>\n<li>Sprz\u0119t budowlany: w przypadku koparek s\u0105 niezb\u0119dne do kopania, za\u0142adunku i przemieszczania ziemi lub gruzu; w przypadku koparko-\u0142adowarek pomagaj\u0105 w wykopach i podnoszeniu; w przypadku \u0142adowarek czo\u0142owych pomagaj\u0105 w efektywnym podnoszeniu i zrzucaniu towar\u00f3w.<\/li>\n<li>Maszyny rolnicze: stosowane w \u0142adowarkach czo\u0142owych do nabierania, podnoszenia i transportu gleby, siana i innych materia\u0142\u00f3w.<\/li>\n<li>Koparki: cylinder \u0142y\u017cki u\u0142atwia kopanie, pozwalaj\u0105c \u0142y\u017cce wnika\u0107 w gleb\u0119.<\/li>\n<li>\u0141adowarki: w \u0142adowarkach czo\u0142owych pomagaj\u0105 w efektywnym podnoszeniu i przechylaniu towar\u00f3w.<\/li>\n<\/ul>\n<h2>Zagadnienia projektowe i kryteria wyboru<\/h2>\n<p>Przy projektowaniu i doborze cylindr\u00f3w kube\u0142kowych nale\u017cy wzi\u0105\u0107 pod uwag\u0119 kilka wa\u017cnych czynnik\u00f3w:<\/p>\n<ul>\n<li>No\u015bno\u015b\u0107: cylinder musi by\u0107 w stanie utrzyma\u0107 ci\u0119\u017car \u0142adunku, kt\u00f3ry jest w stanie ud\u017awign\u0105\u0107.<\/li>\n<li>Uszczelnienie: dob\u00f3r odpowiednich materia\u0142\u00f3w i konstrukcji uszczelnie\u0144 ma kluczowe znaczenie dla zapobiegania wyciekom i utrzymania w\u0142a\u015bciwego ci\u015bnienia hydraulicznego.<\/li>\n<li>Trwa\u0142o\u015b\u0107: cylinder musi by\u0107 wykonany z materia\u0142\u00f3w odpornych na zu\u017cycie i korozj\u0119, aby zapewni\u0107 d\u0142ug\u0105 \u017cywotno\u015b\u0107.<\/li>\n<li>Bezpiecze\u0144stwo: aby unikn\u0105\u0107 wypadk\u00f3w i obra\u017ce\u0144, konstrukcja cylindra musi uwzgl\u0119dnia\u0107 odpowiednie zabezpieczenia.<\/li>\n<li>\u0141atwo\u015b\u0107 konserwacji: cylinder musi by\u0107 zaprojektowany w spos\u00f3b umo\u017cliwiaj\u0105cy \u0142atw\u0105 konserwacj\u0119 i napraw\u0119, a uszczelnienia i inne cz\u0119\u015bci musz\u0105 by\u0107 \u0142atwo wymienne.<\/li>\n<\/ul>\n<p><img decoding=\"async\" src=\"https:\/\/www.hydraulic-cylinders.net\/wp-content\/uploads\/2025\/01\/songte-oil-pipes-and-spare-parts.webp\"><\/p>\n<h2>Uszczelnianie i smarowanie<\/h2>\n<p>W si\u0142ownikach kube\u0142kowych stosuje si\u0119 r\u00f3\u017cnorodne elementy uszczelniaj\u0105ce, takie jak uszczelnienia t\u0142ok\u00f3w, uszczelnienia t\u0142oczysk itp. Uszczelnienia wykonane s\u0105 z materia\u0142\u00f3w takich jak poliuretan, kauczuk nitrylowy itp., kt\u00f3re s\u0105 odporne na zu\u017cycie i trwa\u0142e. Korpus si\u0142ownika i gwintowana powierzchnia ko\u0144cowa s\u0105 precyzyjnie obrabiane w celu zwi\u0119kszenia odporno\u015bci na zu\u017cycie. Regularne uzupe\u0142nianie odpowiedniej ilo\u015bci oleju hydraulicznego jest niezb\u0119dne do utrzymania prawid\u0142owego smarowania.<\/p>\n<h2>Konserwacja i naprawa<\/h2>\n<p>Regularne kontrole i dzia\u0142ania konserwacyjne s\u0105 niezb\u0119dne dla zapewnienia prawid\u0142owego dzia\u0142ania si\u0142ownika \u0142y\u017cki. Typowe czynno\u015bci konserwacyjne obejmuj\u0105:<\/p>\n<ul>\n<li>Regularna konserwacja i smarowanie<\/li>\n<li>Wymiana uszczelki<\/li>\n<li>Kontrola kalibracji<\/li>\n<\/ul>\n<p>Wa\u017cne jest, aby prawid\u0142owo zamontowa\u0107 cylinder, odpowiednio go wyosiowa\u0107, u\u017cy\u0107 odpowiednich wspornik\u00f3w monta\u017cowych oraz zapewni\u0107 w\u0142a\u015bciwe smarowanie i regulacj\u0119. Oferujemy zalecane procedury kontroli, naprawy i wymiany, aby wyd\u0142u\u017cy\u0107 \u017cywotno\u015b\u0107 cylindra. Nasza firma oferuje r\u00f3wnie\u017c cz\u0119\u015bci zamienne i us\u0142ugi regeneracji.<\/p>\n<p><img decoding=\"async\" src=\"https:\/\/www.hydraulic-cylinders.net\/wp-content\/uploads\/2025\/01\/songte-chushion-collar.webp\"><\/p>\n<h2>Bezpiecze\u0144stwo i czynniki \u015brodowiskowe<\/h2>\n<p>Znaczenie \u015brodk\u00f3w bezpiecze\u0144stwa podczas u\u017cytkowania cylindr\u00f3w czerpakowych jest nie do przecenienia. Nale\u017cy zapewni\u0107 odpowiednie szkolenie i sprz\u0119t w zakresie bezpiecze\u0144stwa, aby operatorzy i personel konserwacyjny posiadali odpowiedni\u0105 wiedz\u0119 i byli odpowiednio wyposa\u017ceni do bezpiecznej obs\u0142ugi sprz\u0119tu. Nale\u017cy r\u00f3wnie\u017c uwzgl\u0119dni\u0107 czynniki \u015brodowiskowe, takie jak w\u0142a\u015bciwa utylizacja zu\u017cytego oleju hydraulicznego i innych materia\u0142\u00f3w.<\/p>\n<h2>Rozwi\u0105zywanie problem\u00f3w i typowe problemy<\/h2>\n<p>Do typowych problem\u00f3w, kt\u00f3re mog\u0105 wyst\u0105pi\u0107 w przypadku si\u0142ownik\u00f3w czerpakowych, nale\u017c\u0105 wyciek oleju, niewystarczaj\u0105ca lub nier\u00f3wnomierna si\u0142a oraz powolna praca. Przedstawiono wskaz\u00f3wki i rozwi\u0105zania problem\u00f3w, kt\u00f3re pomog\u0105 czytelnikom skutecznie diagnozowa\u0107 i rozwi\u0105zywa\u0107 problemy, a tak\u017ce zalecane \u015brodki zapobiegawcze w celu zminimalizowania potencjalnych problem\u00f3w.<\/p>\n<p><img decoding=\"async\" src=\"https:\/\/www.hydraulic-cylinders.net\/wp-content\/uploads\/2025\/01\/songte-bushings-with-all-kinds-of-excavator-models.webp\"><\/p>\n<h2>O naszej firmie<\/h2>\n<p>Nasza firma jest producentem zamiennych cylindr\u00f3w hydraulicznych, oferuj\u0105cym pe\u0142n\u0105 gam\u0119 produkt\u00f3w, i sta\u0142a si\u0119 jednym z wiod\u0105cych producent\u00f3w i hurtowych dystrybutor\u00f3w cylindr\u00f3w hydraulicznych na rynku krajowym i mi\u0119dzynarodowym. Przestrzegamy zasady doskona\u0142ej jako\u015bci, opieramy si\u0119 na zindustrializowanych strategiach zarz\u0105dzania produkcj\u0105 w precyzyjnie wyposa\u017conych warsztatach i stale ulepszamy nasz\u0105 platform\u0119 produkcyjn\u0105, wykorzystuj\u0105c talenty technologiczne, cyfrowy sprz\u0119t produkcyjny wysokiej klasy oraz profesjonalne systemy testowe. Nasza firma charakteryzuje si\u0119 du\u017cym potencja\u0142em kreatywnym, wysok\u0105 wydajno\u015bci\u0105, precyzj\u0105 i wysokimi standardami jako\u015bci, aby sprosta\u0107 zr\u00f3\u017cnicowanym potrzebom klient\u00f3w.<\/p>\n<p><img decoding=\"async\" src=\"https:\/\/hzpt.com\/wp-content\/uploads\/2024\/11\/songte-company-1.webp\"><\/p>\n<h3>Profesjonalizm<\/h3>\n<p>Nasza firma dysponuje profesjonaln\u0105 ekip\u0105 techniczn\u0105 i zaawansowanym sprz\u0119tem produkcyjnym, co gwarantuje wysok\u0105 jako\u015b\u0107 naszych produkt\u00f3w.<\/p>\n<h3>Mi\u0119dzynarodowa Certyfikacja<\/h3>\n<p>Nasza firma uzyska\u0142a szereg mi\u0119dzynarodowych certyfikat\u00f3w, w tym ISO9001, CE itp., kt\u00f3re gwarantuj\u0105 jako\u015b\u0107 naszych produkt\u00f3w i wspieraj\u0105 handel mi\u0119dzynarodowy.<\/p>\n<h3>Us\u0142ugi personalizacji<\/h3>\n<p>Nasza firma jest w stanie dostosowa\u0107 produkty do potrzeb klienta, aby spe\u0142ni\u0107 zr\u00f3\u017cnicowane wymagania r\u00f3\u017cnych bran\u017c i zastosowa\u0144.<\/p>\n<h3>Sprz\u0119t produkcyjny<\/h3>\n<p>Nasza firma dysponuje zaawansowanym sprz\u0119tem produkcyjnym i instrumentami testowymi, co gwarantuje jako\u015b\u0107 naszych produkt\u00f3w.<\/p>\n<h3>Serwis posprzeda\u017cowy<\/h3>\n<p>Nasza firma zapewnia kompleksowy system obs\u0142ugi posprzeda\u017cowej, aby zapewni\u0107 p\u0142ynne dzia\u0142anie sprz\u0119tu i zadowolenie naszych klient\u00f3w.<\/p>\n<p>Autor: lyl<\/p>","protected":false},"excerpt":{"rendered":"<p>Bucket Cylinder For IHI Small Excavator IHI40\/YS Introduction A bucket cylinder is a specialized hydraulic cylinder primarily used to control the movement of the bucket in heavy machinery such as excavators, backhoes, and front loaders. Its main function is to allow the bucket to lift, lower, and tilt, making it easier to handle various material [&hellip;]<\/p>","protected":false},"featured_media":14773,"comment_status":"open","ping_status":"closed","template":"","meta":{"_et_pb_use_builder":"","_et_pb_old_content":"","_et_gb_content_width":""},"product_brand":[],"product_cat":[1494],"product_tag":[1495,1496],"class_list":{"0":"post-15681","1":"product","2":"type-product","3":"status-publish","4":"has-post-thumbnail","6":"product_cat-bucket-cylinders","7":"product_tag-bucket-cylinders","8":"product_tag-hydraulic-cylinders","10":"first","11":"instock","12":"shipping-taxable","13":"product-type-simple"},"amp_enabled":true,"_links":{"self":[{"href":"https:\/\/www.hydraulic-cylinders.net\/pl\/wp-json\/wp\/v2\/product\/15681","targetHints":{"allow":["GET"]}}],"collection":[{"href":"https:\/\/www.hydraulic-cylinders.net\/pl\/wp-json\/wp\/v2\/product"}],"about":[{"href":"https:\/\/www.hydraulic-cylinders.net\/pl\/wp-json\/wp\/v2\/types\/product"}],"replies":[{"embeddable":true,"href":"https:\/\/www.hydraulic-cylinders.net\/pl\/wp-json\/wp\/v2\/comments?post=15681"}],"wp:featuredmedia":[{"embeddable":true,"href":"https:\/\/www.hydraulic-cylinders.net\/pl\/wp-json\/wp\/v2\/media\/14773"}],"wp:attachment":[{"href":"https:\/\/www.hydraulic-cylinders.net\/pl\/wp-json\/wp\/v2\/media?parent=15681"}],"wp:term":[{"taxonomy":"product_brand","embeddable":true,"href":"https:\/\/www.hydraulic-cylinders.net\/pl\/wp-json\/wp\/v2\/product_brand?post=15681"},{"taxonomy":"product_cat","embeddable":true,"href":"https:\/\/www.hydraulic-cylinders.net\/pl\/wp-json\/wp\/v2\/product_cat?post=15681"},{"taxonomy":"product_tag","embeddable":true,"href":"https:\/\/www.hydraulic-cylinders.net\/pl\/wp-json\/wp\/v2\/product_tag?post=15681"}],"curies":[{"name":"wp","href":"https:\/\/api.w.org\/{rel}","templated":true}]}}