{"id":15683,"date":"2025-01-19T14:50:27","date_gmt":"2025-01-19T14:50:27","guid":{"rendered":"https:\/\/www.hydraulic-cylinders.net\/product\/bucket-cylinder-for-ihi-small-excavator-ihi8ons\/"},"modified":"2025-01-19T14:50:29","modified_gmt":"2025-01-19T14:50:29","slug":"bucket-cylinder-for-ihi-small-excavator-ihi8ons","status":"publish","type":"product","link":"https:\/\/www.hydraulic-cylinders.net\/pl\/produkt\/bucket-cylinder-for-ihi-small-excavator-ihi8ons\/","title":{"rendered":"Si\u0142ownik \u0142y\u017cki do ma\u0142ej koparki IHI IHI8ONS"},"content":{"rendered":"<p><!--h2-->Si\u0142ownik \u0142y\u017cki do ma\u0142ej koparki IHI IHI8ONS<!--\/h2--><\/p>\n<p><!--p-->W tym artykule przyjrzymy si\u0119 bli\u017cej cechom i zastosowaniom cylindra \u0142y\u017cki do ma\u0142ej koparki IHI IHI8ONS.<!--\/p--><\/p>\n<p><!--h3-->Definicja<!--\/h3--><br \/>\n<!--p-->Si\u0142ownik \u0142y\u017cki to specjalnie zaprojektowany si\u0142ownik hydrauliczny s\u0142u\u017c\u0105cy do sterowania ruchem \u0142y\u017cki w ci\u0119\u017ckich maszynach, takich jak koparki, koparko-\u0142adowarki i \u0142adowarki czo\u0142owe. Jego g\u0142\u00f3wn\u0105 funkcj\u0105 jest u\u0142atwianie podnoszenia, opuszczania i przechylania \u0142y\u017cki, dzi\u0119ki czemu nadaje si\u0119 do r\u00f3\u017cnych zada\u0144 zwi\u0105zanych z prze\u0142adunkiem materia\u0142\u00f3w.<!--\/p--><\/p>\n<p><!--h3-->Cechy<!--\/h3--><\/p>\n<ol>\n<li>Wysoka wytrzyma\u0142o\u015b\u0107 i trwa\u0142o\u015b\u0107: Zazwyczaj wykonany z wysokowytrzyma\u0142ej stali lub aluminium, si\u0142ownik czerpakowy wytrzymuje wysokie ci\u015bnienie i du\u017ce obci\u0105\u017cenia, dostosowuj\u0105c si\u0119 do trudnych warunk\u00f3w pracy. Jego konstrukcja uwzgl\u0119dnia odporno\u015b\u0107 na zu\u017cycie i korozj\u0119, co wyd\u0142u\u017ca jego \u017cywotno\u015b\u0107.<\/li>\n<li>Wydajna praca uk\u0142adu hydraulicznego: Wykorzystuj\u0105c ci\u015bnienie oleju hydraulicznego, si\u0142ownik \u0142y\u017cki zapewnia p\u0142ynne ruchy teleskopowe, umo\u017cliwiaj\u0105c szybk\u0105 reakcj\u0119 na polecenia steruj\u0105ce i zapewniaj\u0105c du\u017c\u0105 si\u0142\u0119 pchania i ci\u0105gni\u0119cia. Dzi\u0119ki temu nadaje si\u0119 do przenoszenia ci\u0119\u017ckich \u0142adunk\u00f3w i wykonywania skomplikowanych zada\u0144.<\/li>\n<li>R\u00f3\u017cne typy: Si\u0142owniki czerpakowe s\u0105 dost\u0119pne w wersji jednostronnego dzia\u0142ania (ci\u015bnienie hydrauliczne tylko w jednym kierunku) i dwustronnego dzia\u0142ania (ci\u015bnienie hydrauliczne w obu kierunkach), aby sprosta\u0107 r\u00f3\u017cnym potrzebom operacyjnym. Niekt\u00f3re modele s\u0105 teleskopowe, co pozwala na wi\u0119ksze wysuni\u0119cie bez zwi\u0119kszania wymiar\u00f3w zewn\u0119trznych, dzi\u0119ki czemu nadaj\u0105 si\u0119 do zastosowa\u0144 w ograniczonej przestrzeni.<\/li>\n<li>Doskona\u0142a wymiana: Nasze produkty mog\u0105 doskonale zast\u0105pi\u0107 istniej\u0105ce si\u0142owniki hydrauliczne.<!--\/li-->\n<\/ol>\n<p><!--p-->![Si\u0142ownik czerpakowy](https:\/\/www.hydraulic-cylinders.net\/wp-content\/uploads\/2025\/01\/songte-company-2.webp)<!--\/p--><\/p>\n<p><!--h3-->Aplikacje<!--\/h3--><br \/>\n<!--p-->Cylinder kube\u0142kowy znajduje zastosowanie w r\u00f3\u017cnych ga\u0142\u0119ziach przemys\u0142u i urz\u0105dzeniach, w tym:<!--\/p--><\/p>\n<ul>\n<li>Sprz\u0119t budowlany: Odgrywa kluczow\u0105 rol\u0119 w koparkach do kopania, za\u0142adunku i przemieszczania gleby lub gruzu. W koparko-\u0142adowarkach si\u0142ownik \u0142y\u017cki wspomaga zar\u00f3wno kopanie, jak i podnoszenie.<\/li>\n<li>Maszyny rolnicze: Stosowane w \u0142adowarkach czo\u0142owych do nabierania, podnoszenia i transportu gleby, siana i innych materia\u0142\u00f3w.<\/li>\n<li>Koparki: Cylinder \u0142y\u017cki umo\u017cliwia wykonywanie prac wykopaliskowych, pozwalaj\u0105c \u0142y\u017cce na penetracj\u0119 gleby.<\/li>\n<li>\u0141adowarki: W \u0142adowarkach czo\u0142owych pomagaj\u0105 w wydajnym podnoszeniu i wysypywaniu towar\u00f3w.<\/li>\n<\/ul>\n<p><!--h3-->Zagadnienia projektowe i kryteria wyboru<!--\/h3--><br \/>\n<!--p-->Przy projektowaniu i wyborze cylindra kube\u0142kowego bierze si\u0119 pod uwag\u0119 kilka czynnik\u00f3w:<!--\/p--><\/p>\n<ol>\n<li>No\u015bno\u015b\u0107: Cylinder musi by\u0107 w stanie wytrzyma\u0107 za\u0142o\u017cone obci\u0105\u017cenie bez uszkodzenia.<\/li>\n<li>Mo\u017cliwo\u015b\u0107 uszczelnienia: Zastosowanie r\u00f3\u017cnorodnych uszczelek, takich jak uszczelnienia t\u0142ok\u00f3w i uszczelnienia t\u0142oczysk wykonane z materia\u0142\u00f3w odpornych na zu\u017cycie, np. poliuretanu lub kauczuku nitrylowego, gwarantuje skuteczne uszczelnienie.<\/li>\n<li>Trwa\u0142o\u015b\u0107: Korpus cylindra i gwintowana powierzchnia ko\u0144cowa s\u0105 poddawane precyzyjnej obr\u00f3bce w celu zwi\u0119kszenia odporno\u015bci na zu\u017cycie. Regularne smarowanie odpowiedni\u0105 ilo\u015bci\u0105 oleju hydraulicznego jest niezb\u0119dne dla zwi\u0119kszenia trwa\u0142o\u015bci.<\/li>\n<\/ol>\n<p><!--p-->![Przewody olejowe i cz\u0119\u015bci zamienne Songte](https:\/\/www.hydraulic-cylinders.net\/wp-content\/uploads\/2025\/01\/songte-oil-pipes-and-spare-parts.webp)<!--\/p--><\/p>\n<p><!--h3-->Uszczelnianie i smarowanie<!--\/h3--><br \/>\n<!--p-->Si\u0142ownik czerpakowy wykorzystuje r\u00f3\u017cnorodne uszczelnienia, w tym uszczelnienia t\u0142oka i t\u0142oczyska, wykonane z materia\u0142\u00f3w odpornych na zu\u017cycie, takich jak poliuretan i kauczuk nitrylowy. Korpus cylindra i gwintowana powierzchnia ko\u0144cowa s\u0105 precyzyjnie obrabiane w celu zwi\u0119kszenia odporno\u015bci na zu\u017cycie. Regularne smarowanie odpowiedni\u0105 ilo\u015bci\u0105 oleju hydraulicznego jest niezb\u0119dne dla zapewnienia p\u0142ynnej pracy.<!--\/p--><\/p>\n<p><!--h3-->Konserwacja i \u015brodki zapobiegawcze<!--\/h3--><br \/>\n<!--p-->Aby zapewni\u0107 optymaln\u0105 wydajno\u015b\u0107 i trwa\u0142o\u015b\u0107 cylindra czerpakowego, nale\u017cy regularnie przeprowadza\u0107 kontrole i podejmowa\u0107 dzia\u0142ania zapobiegawcze, w tym:<!--\/p--><\/p>\n<ul>\n<li>Regularne kontrole maj\u0105ce na celu wykrycie oznak zu\u017cycia lub uszkodze\u0144.<\/li>\n<li>W\u0142a\u015bciwe smarowanie zapobiega tarciu i zapewnia p\u0142ynn\u0105 prac\u0119.<\/li>\n<li>W razie konieczno\u015bci wymiany uszczelek w celu zachowania skuteczno\u015bci uszczelnienia.<\/li>\n<li>Kontrole kalibracji w celu zapewnienia dok\u0142adnego dzia\u0142ania.<\/li>\n<\/ul>\n<p><!--p-->![Ko\u0142nierz Songte Chushion](https:\/\/www.hydraulic-cylinders.net\/wp-content\/uploads\/2025\/01\/songte-chushion-collar.webp)<!--\/p--><\/p>\n<p><!--h3-->Zagadnienia bezpiecze\u0144stwa i czynniki \u015brodowiskowe<!--\/h3--><br \/>\n<!--p-->Podczas pracy z cylindrem czerpakowym, priorytetem jest zapewnienie bezpiecze\u0144stwa, aby zapobiec wypadkom i obra\u017ceniom. Przestrzeganie protoko\u0142\u00f3w bezpiecze\u0144stwa i stosowanie odpowiedniego sprz\u0119tu ochronnego s\u0105 kluczowe. Dodatkowo, uwzgl\u0119dnienie czynnik\u00f3w \u015brodowiskowych mo\u017ce pom\u00f3c zminimalizowa\u0107 wp\u0142yw sprz\u0119tu na otoczenie.<!--\/p--><\/p>\n<p><!--h3-->Diagnostyka usterek i typowe problemy<!--\/h3--><br \/>\n<!--p-->W przypadku jakichkolwiek usterek lub problem\u00f3w z si\u0142ownikiem czerpaka, wa\u017cne jest dok\u0142adne zdiagnozowanie problemu. Do typowych problem\u00f3w, kt\u00f3re mog\u0105 wyst\u0105pi\u0107, nale\u017c\u0105 wycieki, obni\u017cona wydajno\u015b\u0107 lub nietypowy ha\u0142as. Nale\u017cy niezw\u0142ocznie rozpocz\u0105\u0107 rozwi\u0105zywanie problem\u00f3w i wdro\u017cy\u0107 odpowiednie rozwi\u0105zania. Podj\u0119cie \u015brodk\u00f3w zapobiegawczych mo\u017ce r\u00f3wnie\u017c zminimalizowa\u0107 potencjalne problemy.<!--\/p--><\/p>\n<p><!--p-->![Tuleje Songte do wszystkich modeli koparek](https:\/\/www.hydraulic-cylinders.net\/wp-content\/uploads\/2025\/01\/songte-bushings-with-all-kinds-of-excavator-models.webp)<!--\/p--><\/p>\n<p><!--p-->Pami\u0119taj, aby artyku\u0142 by\u0142 logicznie uporz\u0105dkowany, u\u017cywaj podtytu\u0142\u00f3w u\u0142atwiaj\u0105cych nawigacj\u0119, dodawaj odpowiednie obrazy i wykresy, aby u\u0142atwi\u0107 zrozumienie, a tak\u017ce zadbaj o to, aby tre\u015b\u0107 by\u0142a przejrzysta, zwi\u0119z\u0142a i odpowiednia dla czytelnik\u00f3w o r\u00f3\u017cnym poziomie wiedzy technicznej.<!--\/p--><\/p>\n<p><!--h3-->O naszej firmie<!--\/h3--><br \/>\n<!--p-->Jeste\u015bmy wiod\u0105cym producentem i hurtowym dystrybutorem si\u0142ownik\u00f3w hydraulicznych, specjalizuj\u0105cym si\u0119 w produkcji si\u0142ownik\u00f3w zamiennych. Nasza firma oferuje szerok\u0105 gam\u0119 produkt\u00f3w i sta\u0142a si\u0119 uznanym graczem na rynku krajowym i mi\u0119dzynarodowym. Koncentruj\u0105c si\u0119 na doskona\u0142o\u015bci i wykorzystuj\u0105c zindustrializowane strategie zarz\u0105dzania produkcj\u0105 w naszym nowoczesnym zak\u0142adzie produkcyjnym, stale udoskonalamy nasz\u0105 platform\u0119 produkcyjn\u0105, podnosimy jako\u015b\u0107 produkt\u00f3w i dysponujemy du\u017cymi mo\u017cliwo\u015bciami produkcyjnymi. Nasze wydajne, precyzyjne i wysokiej jako\u015bci zasady pozwalaj\u0105 nam sprosta\u0107 zr\u00f3\u017cnicowanym potrzebom naszych klient\u00f3w.<!--\/p--><\/p>\n<p><!--p-->![Firma Songte](https:\/\/www.hydraulic-cylinders.net\/wp-content\/uploads\/2025\/01\/songte-company-3.webp)<!--\/p--><\/p>\n<p><!--p-->Nasz\u0105 firm\u0119 wyr\u00f3\u017cnia profesjonalizm, mi\u0119dzynarodowe certyfikaty, zindywidualizowane us\u0142ugi, sprz\u0119t produkcyjny i serwis posprzeda\u017cowy.<!--\/p--><\/p>\n<p><!--p-->![Firma Songte](https:\/\/hzpt.com\/wp-content\/uploads\/2024\/11\/songte-company-1.webp)<!--\/p--><\/p>\n<p><!--p-->Autor: lyl<!--\/p--><\/p>","protected":false},"excerpt":{"rendered":"<p>Bucket Cylinder For IHI Small Excavator IHI8ONS In this article, we will explore the features and applications of the Bucket Cylinder for IHI Small Excavator IHI8ONS. Definition The Bucket Cylinder is a specially designed hydraulic cylinder used to control the movement of the bucket in heavy machinery such as excavators, backhoe loaders, and front-end loaders. [&hellip;]<\/p>","protected":false},"featured_media":14769,"comment_status":"open","ping_status":"closed","template":"","meta":{"_et_pb_use_builder":"","_et_pb_old_content":"","_et_gb_content_width":""},"product_brand":[],"product_cat":[1494],"product_tag":[1495,1496],"class_list":{"0":"post-15683","1":"product","2":"type-product","3":"status-publish","4":"has-post-thumbnail","6":"product_cat-bucket-cylinders","7":"product_tag-bucket-cylinders","8":"product_tag-hydraulic-cylinders","10":"first","11":"instock","12":"shipping-taxable","13":"product-type-simple"},"amp_enabled":true,"_links":{"self":[{"href":"https:\/\/www.hydraulic-cylinders.net\/pl\/wp-json\/wp\/v2\/product\/15683","targetHints":{"allow":["GET"]}}],"collection":[{"href":"https:\/\/www.hydraulic-cylinders.net\/pl\/wp-json\/wp\/v2\/product"}],"about":[{"href":"https:\/\/www.hydraulic-cylinders.net\/pl\/wp-json\/wp\/v2\/types\/product"}],"replies":[{"embeddable":true,"href":"https:\/\/www.hydraulic-cylinders.net\/pl\/wp-json\/wp\/v2\/comments?post=15683"}],"wp:featuredmedia":[{"embeddable":true,"href":"https:\/\/www.hydraulic-cylinders.net\/pl\/wp-json\/wp\/v2\/media\/14769"}],"wp:attachment":[{"href":"https:\/\/www.hydraulic-cylinders.net\/pl\/wp-json\/wp\/v2\/media?parent=15683"}],"wp:term":[{"taxonomy":"product_brand","embeddable":true,"href":"https:\/\/www.hydraulic-cylinders.net\/pl\/wp-json\/wp\/v2\/product_brand?post=15683"},{"taxonomy":"product_cat","embeddable":true,"href":"https:\/\/www.hydraulic-cylinders.net\/pl\/wp-json\/wp\/v2\/product_cat?post=15683"},{"taxonomy":"product_tag","embeddable":true,"href":"https:\/\/www.hydraulic-cylinders.net\/pl\/wp-json\/wp\/v2\/product_tag?post=15683"}],"curies":[{"name":"wp","href":"https:\/\/api.w.org\/{rel}","templated":true}]}}