{"id":15685,"date":"2025-01-19T14:50:35","date_gmt":"2025-01-19T14:50:35","guid":{"rendered":"https:\/\/www.hydraulic-cylinders.net\/product\/bucket-cylinder-for-bobcat-small-excavator-e26\/"},"modified":"2025-01-19T14:50:37","modified_gmt":"2025-01-19T14:50:37","slug":"bucket-cylinder-for-bobcat-small-excavator-e26","status":"publish","type":"product","link":"https:\/\/www.hydraulic-cylinders.net\/pl\/produkt\/bucket-cylinder-for-bobcat-small-excavator-e26\/","title":{"rendered":"Si\u0142ownik \u0142y\u017cki do ma\u0142ej koparki Bobcat E26"},"content":{"rendered":"<h1>Si\u0142ownik \u0142y\u017cki do ma\u0142ej koparki Bobcat E26<\/h1>\n<h2>Wst\u0119p<\/h2>\n<p>A bucket cylinder for a Bobcat small excavator E26 is a type of specialized hydraulic cylinder primarily utilized to control the movement of the bucket in heavy machinery, such as excavators, backhoe excavators, and front loaders. Its primary function is to allow the bucket to be lifted, lowered, and tilted, making it easier to perform various material handling tasks. In the hydraulic system, the bucket cylinder achieves precise control of the bucket&#8217;s movement through changes in hydraulic oil pressure, allowing operators to efficiently handle heavy loads, adapt to complex working environments and diverse job requirements.<\/p>\n<p><img decoding=\"async\" src=\"https:\/\/www.hydraulic-cylinders.net\/wp-content\/uploads\/2025\/01\/songte-company-2.webp\" alt=\"Obraz cylindra wiadra\"><\/p>\n<h2>Cechy<\/h2>\n<ul>\n<li>Wysoka wytrzyma\u0142o\u015b\u0107 i trwa\u0142o\u015b\u0107: zazwyczaj wykonane z wysokowytrzyma\u0142ej stali lub aluminium, wytrzymuj\u0105 du\u017ce ci\u015bnienie i du\u017ce obci\u0105\u017cenia, nadaj\u0105 si\u0119 do trudnych warunk\u00f3w pracy, zaprojektowane z my\u015bl\u0105 o odporno\u015bci na zu\u017cycie i korozj\u0119, co wyd\u0142u\u017ca ich \u017cywotno\u015b\u0107.<\/li>\n<li>Wydajna praca uk\u0142adu hydraulicznego: wykorzystuje ci\u015bnienie oleju hydraulicznego w celu uzyskania p\u0142ynnych ruch\u00f3w rozci\u0105gania i kurczenia, umo\u017cliwia szybk\u0105 reakcj\u0119 na polecenia steruj\u0105ce, zapewnia du\u017c\u0105 si\u0142\u0119 pchania i ci\u0105gni\u0119cia, nadaje si\u0119 do przenoszenia ci\u0119\u017ckich \u0142adunk\u00f3w i wykonywania skomplikowanych zada\u0144.<\/li>\n<li>R\u00f3\u017cne typy cylindr\u00f3w: jednostronnego dzia\u0142ania (hydrauliczne dzia\u0142anie tylko w jednym kierunku) lub dwustronnego dzia\u0142ania (hydrauliczne dzia\u0142anie w obu kierunkach) mo\u017cna dobra\u0107 w zale\u017cno\u015bci od potrzeb, aby spe\u0142ni\u0107 zr\u00f3\u017cnicowane wymagania operacyjne. Niekt\u00f3re modele s\u0105 teleskopowe, co pozwala na wi\u0119ksze wysuni\u0119cie bez zwi\u0119kszania wymiar\u00f3w zewn\u0119trznych, i nadaje si\u0119 do zastosowa\u0144 w ograniczonej przestrzeni.<\/li>\n<li>Idealny zamiennik: nasz produkt mo\u017ce by\u0107 idealnym zamiennikiem tych cylindr\u00f3w hydraulicznych.<\/li>\n<\/ul>\n<p><img decoding=\"async\" src=\"https:\/\/www.hydraulic-cylinders.net\/wp-content\/uploads\/2025\/01\/songte-cylinder-head-with-all-kinds-excavator-models.webp\" alt=\"Modele cylindr\u00f3w kube\u0142kowych\"><\/p>\n<h2>Aplikacje<\/h2>\n<p><strong>Sprz\u0119t budowlany:<\/strong> W koparkach s\u0105 one niezb\u0119dne do kopania, za\u0142adunku i przemieszczania gleby lub gruzu. W koparko-\u0142adowarkach cylindry \u0142y\u017cki u\u0142atwiaj\u0105 zar\u00f3wno kopanie, jak i podnoszenie. W \u0142adowarkach czo\u0142owych u\u0142atwiaj\u0105 sprawne podnoszenie i wysypywanie \u0142adunku.<\/p>\n<p><strong>Maszyny rolnicze:<\/strong> Stosowane w \u0142adowarkach czo\u0142owych do nabierania, podnoszenia i transportu ziemi, siana i innych materia\u0142\u00f3w. W koparkach si\u0142owniki \u0142y\u017cki umo\u017cliwiaj\u0105 kopanie poprzez zag\u0142\u0119bianie si\u0119 \u0142y\u017cki w gleb\u0119. W \u0142adowarkach czo\u0142owych pomagaj\u0105 w efektywnym podnoszeniu i wysypywaniu materia\u0142\u00f3w.<\/p>\n<p><img decoding=\"async\" src=\"https:\/\/www.hydraulic-cylinders.net\/wp-content\/uploads\/2025\/01\/songte-chushion-collar.webp\" alt=\"Ko\u0142nierz cylindra \u0142y\u017cki\"><\/p>\n<h2>Zagadnienia projektowe i kryteria wyboru<\/h2>\n<ul>\n<li>No\u015bno\u015b\u0107: Cylinder musi by\u0107 zaprojektowany tak, aby wytrzyma\u0107 maksymalne obci\u0105\u017cenie, jakie jest spodziewane.<\/li>\n<li>Uszczelnienie: Aby zapobiec wyciekom oleju hydraulicznego, nale\u017cy stosowa\u0107 r\u00f3\u017cne elementy uszczelniaj\u0105ce, takie jak uszczelki t\u0142okowe, uszczelki t\u0142oczyskowe itp.<\/li>\n<li>Trwa\u0142o\u015b\u0107: Cylinder musi by\u0107 zaprojektowany tak, aby wytrzyma\u0142 trudne warunki pracy, na jakie b\u0119dzie nara\u017cony, a tak\u017ce aby by\u0142 odporny na zu\u017cycie i korozj\u0119, aby przed\u0142u\u017cy\u0107 jego \u017cywotno\u015b\u0107.<\/li>\n<li>Bezpiecze\u0144stwo: W celu zapobiegania wypadkom podczas pracy, w projekt nale\u017cy w\u0142\u0105czy\u0107 mechanizmy bezpiecze\u0144stwa.<\/li>\n<li>\u0141atwo\u015b\u0107 konserwacji: Cylinder musi by\u0107 zaprojektowany w spos\u00f3b umo\u017cliwiaj\u0105cy \u0142atw\u0105 konserwacj\u0119 i napraw\u0119.<\/li>\n<\/ul>\n<p><img decoding=\"async\" src=\"https:\/\/www.hydraulic-cylinders.net\/wp-content\/uploads\/2025\/01\/songte-oil-pipes-and-spare-parts.webp\" alt=\"Cz\u0119\u015bci zamienne do cylindra \u0142y\u017cki\"><\/p>\n<h2>Uszczelnianie i smarowanie<\/h2>\n<p>Aby zapobiec wyciekom oleju hydraulicznego, nale\u017cy stosowa\u0107 r\u00f3\u017cne elementy uszczelniaj\u0105ce. Do uszczelnie\u0144 powszechnie stosuje si\u0119 poliuretan, kauczuk nitrylowy i inne materia\u0142y odporne na zu\u017cycie. Korpus cylindra i gwintowane powierzchnie ko\u0144cowe s\u0105 precyzyjnie obrabiane w celu zwi\u0119kszenia odporno\u015bci na zu\u017cycie. Smarowanie zapewnia regularne dodawanie odpowiedniej ilo\u015bci oleju hydraulicznego.<\/p>\n<h2>Inspekcja, konserwacja zapobiegawcza<\/h2>\n<p>Aby zapewni\u0107 prawid\u0142owe dzia\u0142anie cylindra, nale\u017cy regularnie przeprowadza\u0107 przegl\u0105dy i konserwacj\u0119 zapobiegawcz\u0105. Typowe czynno\u015bci konserwacyjne obejmuj\u0105 smarowanie, wymian\u0119 uszczelek i kontrol\u0119 kalibracji. Prawid\u0142owy monta\u017c, smarowanie i regulacja s\u0105 niezb\u0119dne dla wyd\u0142u\u017cenia \u017cywotno\u015bci cylindra. Zaleca si\u0119 przestrzeganie prawid\u0142owego ustawienia podczas monta\u017cu oraz stosowanie odpowiednich wspornik\u00f3w monta\u017cowych do zabezpieczenia cylindra. Dost\u0119pne s\u0105 zalecane procedury przegl\u0105du, naprawy i wymiany, a tak\u017ce us\u0142ugi regeneracji i wskaz\u00f3wki dotycz\u0105ce wyd\u0142u\u017cenia \u017cywotno\u015bci cylindra.<\/p>\n<p><img decoding=\"async\" src=\"https:\/\/www.hydraulic-cylinders.net\/wp-content\/uploads\/2025\/01\/songte-bushings-with-all-kinds-of-excavator-models.webp\" alt=\"Tuleje cylindra \u0142y\u017cki\"><\/p>\n<h2>Bezpiecze\u0144stwo i wzgl\u0119dy \u015brodowiskowe<\/h2>\n<p>Nie mo\u017cna przeceni\u0107 znaczenia \u015brodk\u00f3w bezpiecze\u0144stwa podczas u\u017cytkowania cylindr\u00f3w hydraulicznych, w tym ich prawid\u0142owego monta\u017cu i u\u017cytkowania. Prawid\u0142owa utylizacja odpad\u00f3w jest niezb\u0119dna dla minimalizacji zagro\u017ce\u0144 dla \u015brodowiska.<\/p>\n<h2>Rozwi\u0105zywanie problem\u00f3w i typowe problemy<\/h2>\n<p>Typowe problemy z si\u0142ownikami hydraulicznymi obejmuj\u0105 nieszczelno\u015bci, zu\u017cyte uszczelki i zanieczyszczenie p\u0142ynu hydraulicznego. Dost\u0119pne s\u0105 porady dotycz\u0105ce rozwi\u0105zywania problem\u00f3w, kt\u00f3re pomog\u0105 w diagnozie i rozwi\u0105zywaniu typowych problem\u00f3w. Regularna konserwacja mo\u017ce pom\u00f3c zapobiec potencjalnym problemom.<\/p>\n<h2>O nas<\/h2>\n<p>Jeste\u015bmy producentem zamiennych cylindr\u00f3w hydraulicznych, oferuj\u0105cym pe\u0142n\u0105 gam\u0119 produkt\u00f3w, i stali\u015bmy si\u0119 jednym z wiod\u0105cych producent\u00f3w i hurtowych dystrybutor\u00f3w cylindr\u00f3w hydraulicznych na rynku krajowym i mi\u0119dzynarodowym. Kierujemy si\u0119 zasad\u0105 doskona\u0142o\u015bci jako\u015bci, opieramy si\u0119 na zindustrializowanych strategiach zarz\u0105dzania produkcj\u0105, opartych na precyzyjnych warsztatach produkcyjnych, a tak\u017ce stale udoskonalamy platform\u0119 produkcyjn\u0105 i proces produkcji, doskonal\u0105c jako\u015b\u0107 produkt\u00f3w dzi\u0119ki wykorzystaniu talent\u00f3w technicznych, cyfrowego, zaawansowanego sprz\u0119tu produkcyjnego oraz profesjonalnych system\u00f3w testowych. Dzi\u0119ki silnemu potencja\u0142owi innowacyjnemu, dostarczamy klientom wydajne, precyzyjne i wysokiej jako\u015bci produkty, spe\u0142niaj\u0105ce zr\u00f3\u017cnicowane potrzeby. <\/p>\n<p><img decoding=\"async\" src=\"https:\/\/hzpt.com\/wp-content\/uploads\/2024\/11\/songte-company-1.webp\" alt=\"Nasza firma\"><\/p>\n<h3>Nasz profesjonalizm:<\/h3>\n<p>Posiadamy zesp\u00f3\u0142 do\u015bwiadczonych fachowc\u00f3w w dziedzinie si\u0142ownik\u00f3w hydraulicznych, kt\u00f3rzy zapewniaj\u0105 naszym klientom wsparcie techniczne i rozwi\u0105zania.<\/p>\n<h3>Certyfikacja mi\u0119dzynarodowa:<\/h3>\n<p>Nasze produkty posiadaj\u0105 certyfikaty mi\u0119dzynarodowych organizacji normalizacyjnych, co gwarantuje ich jako\u015b\u0107 i niezawodno\u015b\u0107.<\/p>\n<h3>Us\u0142ugi dostosowywania:<\/h3>\n<p>Oferujemy us\u0142ugi dostosowywania, aby sprosta\u0107 wyj\u0105tkowym wymaganiom naszych klient\u00f3w.<\/p>\n<h3>Sprz\u0119t produkcyjny:<\/h3>\n<p>Najnowocze\u015bniejszy sprz\u0119t produkcyjny gwarantuje wysok\u0105 jako\u015b\u0107 i wydajno\u015b\u0107 naszych produkt\u00f3w.<\/p>\n<h3>Serwis posprzeda\u017cowy:<\/h3>\n<p>Zapewniamy kompleksowy serwis posprzeda\u017cowy i wsparcie techniczne, gwarantuj\u0105c satysfakcj\u0119 klienta.<\/p>\n<p><img decoding=\"async\" src=\"https:\/\/www.hydraulic-cylinders.net\/wp-content\/uploads\/2025\/01\/songte-company-3.webp\" alt=\"Nasza Firma 2\"><\/p>\n<p><em>Autor: lyl<\/em><\/p>","protected":false},"excerpt":{"rendered":"<p>Bucket Cylinder For Bobcat Small Excavator E26 Introduction A bucket cylinder for a Bobcat small excavator E26 is a type of specialized hydraulic cylinder primarily utilized to control the movement of the bucket in heavy machinery, such as excavators, backhoe excavators, and front loaders. Its primary function is to allow the bucket to be lifted, [&hellip;]<\/p>","protected":false},"featured_media":14762,"comment_status":"open","ping_status":"closed","template":"","meta":{"_et_pb_use_builder":"","_et_pb_old_content":"","_et_gb_content_width":""},"product_brand":[],"product_cat":[1494],"product_tag":[1495,1496],"class_list":{"0":"post-15685","1":"product","2":"type-product","3":"status-publish","4":"has-post-thumbnail","6":"product_cat-bucket-cylinders","7":"product_tag-bucket-cylinders","8":"product_tag-hydraulic-cylinders","10":"first","11":"instock","12":"shipping-taxable","13":"product-type-simple"},"amp_enabled":true,"_links":{"self":[{"href":"https:\/\/www.hydraulic-cylinders.net\/pl\/wp-json\/wp\/v2\/product\/15685","targetHints":{"allow":["GET"]}}],"collection":[{"href":"https:\/\/www.hydraulic-cylinders.net\/pl\/wp-json\/wp\/v2\/product"}],"about":[{"href":"https:\/\/www.hydraulic-cylinders.net\/pl\/wp-json\/wp\/v2\/types\/product"}],"replies":[{"embeddable":true,"href":"https:\/\/www.hydraulic-cylinders.net\/pl\/wp-json\/wp\/v2\/comments?post=15685"}],"wp:featuredmedia":[{"embeddable":true,"href":"https:\/\/www.hydraulic-cylinders.net\/pl\/wp-json\/wp\/v2\/media\/14762"}],"wp:attachment":[{"href":"https:\/\/www.hydraulic-cylinders.net\/pl\/wp-json\/wp\/v2\/media?parent=15685"}],"wp:term":[{"taxonomy":"product_brand","embeddable":true,"href":"https:\/\/www.hydraulic-cylinders.net\/pl\/wp-json\/wp\/v2\/product_brand?post=15685"},{"taxonomy":"product_cat","embeddable":true,"href":"https:\/\/www.hydraulic-cylinders.net\/pl\/wp-json\/wp\/v2\/product_cat?post=15685"},{"taxonomy":"product_tag","embeddable":true,"href":"https:\/\/www.hydraulic-cylinders.net\/pl\/wp-json\/wp\/v2\/product_tag?post=15685"}],"curies":[{"name":"wp","href":"https:\/\/api.w.org\/{rel}","templated":true}]}}