{"id":15689,"date":"2025-01-19T14:50:51","date_gmt":"2025-01-19T14:50:51","guid":{"rendered":"https:\/\/www.hydraulic-cylinders.net\/product\/bucket-cylinder-for-bobcat-small-excavator-e63\/"},"modified":"2025-01-19T14:50:53","modified_gmt":"2025-01-19T14:50:53","slug":"bucket-cylinder-for-bobcat-small-excavator-e63","status":"publish","type":"product","link":"https:\/\/www.hydraulic-cylinders.net\/pl\/produkt\/bucket-cylinder-for-bobcat-small-excavator-e63\/","title":{"rendered":"Si\u0142ownik \u0142y\u017cki do ma\u0142ej koparki Bobcat E63"},"content":{"rendered":"<h1>Si\u0142ownik \u0142y\u017cki do ma\u0142ej koparki Bobcat E63<\/h1>\n<h2>Wst\u0119p<\/h2>\n<p>Si\u0142ownik \u0142y\u017cki do ma\u0142ej koparki Bobcat E63 to specjalistyczny si\u0142ownik hydrauliczny przeznaczony do sterowania ruchem \u0142y\u017cki w ci\u0119\u017ckich maszynach, takich jak koparki, koparko-\u0142adowarki i \u0142adowarki. Jego g\u0142\u00f3wn\u0105 funkcj\u0105 jest podnoszenie, opuszczanie i przechylanie \u0142y\u017cki, u\u0142atwiaj\u0105c wykonywanie r\u00f3\u017cnych zada\u0144 zwi\u0105zanych z prze\u0142adunkiem materia\u0142\u00f3w. W uk\u0142adach hydraulicznych si\u0142ownik \u0142y\u017cki wykorzystuje zmiany ci\u015bnienia oleju hydraulicznego do precyzyjnego sterowania \u0142y\u017ck\u0105, umo\u017cliwiaj\u0105c operatorom wydajne przenoszenie ci\u0119\u017ckich \u0142adunk\u00f3w i dostosowanie si\u0119 do z\u0142o\u017conych warunk\u00f3w pracy oraz zr\u00f3\u017cnicowanych wymaga\u0144.<\/p>\n<p><img decoding=\"async\" src=\"https:\/\/www.hydraulic-cylinders.net\/wp-content\/uploads\/2025\/01\/songte-company-2.webp\" alt=\"Obraz cylindra wiadra\"><\/p>\n<h2>Cechy<\/h2>\n<ul>\n<li>\n<h3>Wysoka wytrzyma\u0142o\u015b\u0107 i trwa\u0142o\u015b\u0107<\/h3>\n<p>Zazwyczaj wykonany z wytrzyma\u0142ej stali lub aluminium, wytrzymuje du\u017ce ci\u015bnienie i obci\u0105\u017cenia, jest przystosowany do trudnych warunk\u00f3w pracy, a jego konstrukcja uwzgl\u0119dnia odporno\u015b\u0107 na zu\u017cycie i korozj\u0119, co wyd\u0142u\u017ca \u017cywotno\u015b\u0107 cylindra \u0142y\u017cki.<\/p>\n<\/li>\n<li>\n<h3>Wydajna praca hydrauliczna<\/h3>\n<p>Wykorzystuj\u0105c ci\u015bnienie oleju hydraulicznego do uzyskania p\u0142ynnego rozci\u0105gania i kurczenia, mo\u017ce szybko reagowa\u0107 na polecenia steruj\u0105ce, zapewnia du\u017c\u0105 si\u0142\u0119 pchania i ci\u0105gni\u0119cia oraz nadaje si\u0119 do przenoszenia ci\u0119\u017ckich \u0142adunk\u00f3w i wykonywania skomplikowanych zada\u0144.<\/p>\n<\/li>\n<li>\n<h3>R\u00f3\u017cne typy<\/h3>\n<p>Si\u0142owniki jednostronnego dzia\u0142ania (hydrauliczne w jednym kierunku) lub dwustronnego dzia\u0142ania (hydrauliczne w dw\u00f3ch kierunkach) mo\u017cna dobra\u0107 w zale\u017cno\u015bci od potrzeb, aby spe\u0142ni\u0107 r\u00f3\u017cne wymagania operacyjne. Niekt\u00f3re modele s\u0105 teleskopowe, co pozwala na wi\u0119ksze wysuni\u0119cie bez zwi\u0119kszania wymiar\u00f3w zewn\u0119trznych, dzi\u0119ki czemu nadaj\u0105 si\u0119 do zastosowa\u0144 w ograniczonej przestrzeni.<\/p>\n<\/li>\n<li>\n<h3>Mo\u017cna wymieni\u0107<\/h3>\n<p>Nasze produkty mog\u0105 doskonale zast\u0105pi\u0107 te si\u0142owniki hydrauliczne. <\/p>\n<\/li>\n<\/ul>\n<p><img decoding=\"async\" src=\"https:\/\/www.hydraulic-cylinders.net\/wp-content\/uploads\/2025\/01\/songte-cylinder-head-with-all-kinds-excavator-models.webp\" alt=\"Obraz wymiany cylindra \u0142y\u017cki\"><\/p>\n<h2>Aplikacje<\/h2>\n<p>Si\u0142ownik \u0142y\u017cki do ma\u0142ej koparki Bobcat E63 jest szeroko stosowany w r\u00f3\u017cnych ga\u0142\u0119ziach przemys\u0142u, w tym:<\/p>\n<ul>\n<li>\n<h3>Sprz\u0119t budowlany<\/h3>\n<p>W koparkach s\u0105 one niezb\u0119dne do wykopywania, za\u0142adunku i przemieszczania gleby lub gruzu. W koparko-\u0142adowarkach cylindry \u0142y\u017cki wspomagaj\u0105 kopanie i podnoszenie.<\/p>\n<\/li>\n<li>\n<h3>Maszyny rolnicze<\/h3>\n<p>Stosowany w \u0142adowarkach czo\u0142owych do podnoszenia, za\u0142adunku i transportu ziemi, siana i innych materia\u0142\u00f3w. W koparkach si\u0142ownik \u0142y\u017cki umo\u017cliwia kopanie, pozwalaj\u0105c \u0142y\u017cce na penetracj\u0119 gleby.<\/p>\n<\/li>\n<li>\n<h3>\u0141adowarka<\/h3>\n<p>W \u0142adowarkach czo\u0142owych pomagaj\u0105 efektywnie podnosi\u0107 i roz\u0142adowywa\u0107 towary.<\/p>\n<\/li>\n<\/ul>\n<h2>Zagadnienia projektowe i standardy wyboru<\/h2>\n<p>Projektuj\u0105c si\u0142ownik \u0142y\u017cki do ma\u0142ej koparki Bobcat E63, brane s\u0105 pod uwag\u0119 r\u00f3\u017cne czynniki, takie jak no\u015bno\u015b\u0107, szczelno\u015b\u0107, trwa\u0142o\u015b\u0107, bezpiecze\u0144stwo i \u0142atwo\u015b\u0107 konserwacji. Poni\u017cej przedstawiono kilka kwestii do om\u00f3wienia:<\/p>\n<ul>\n<li>\n<h3>No\u015bno\u015b\u0107<\/h3>\n<p>Zdolno\u015b\u0107 cylindra czerpakowego do wytrzymywania wysokiego ci\u015bnienia i du\u017cych obci\u0105\u017ce\u0144 ma kluczowe znaczenie dla wydajno\u015bci i trwa\u0142o\u015bci produktu.<\/p>\n<\/li>\n<li>\n<h3>Opiecz\u0119towanie<\/h3>\n<p>System uszczelnienia cylindra czerpakowego ma kluczowe znaczenie dla zapobiegania wyciekom i zapewnienia p\u0142ynnej pracy. Zastosowanie wysokiej jako\u015bci materia\u0142\u00f3w uszczelniaj\u0105cych i precyzyjnych proces\u00f3w obr\u00f3bki mo\u017ce poprawi\u0107 wydajno\u015b\u0107 uszczelnienia i wyd\u0142u\u017cy\u0107 \u017cywotno\u015b\u0107 cylindra.<\/p>\n<\/li>\n<li>\n<h3>Trwa\u0142o\u015b\u0107<\/h3>\n<p>Si\u0142ownik czerpakowy jest nara\u017cony na trudne warunki pracy i mo\u017ce ulega\u0107 znacznemu zu\u017cyciu podczas eksploatacji. Dlatego nale\u017cy wzi\u0105\u0107 pod uwag\u0119 dob\u00f3r materia\u0142u, obr\u00f3bk\u0119 powierzchni i inne czynniki, aby zwi\u0119kszy\u0107 trwa\u0142o\u015b\u0107 si\u0142ownika oraz jego odporno\u015b\u0107 na korozj\u0119 i zu\u017cycie.<\/p>\n<\/li>\n<li>\n<h3>Bezpiecze\u0144stwo<\/h3>\n<p>Funkcje bezpiecze\u0144stwa cylindra \u0142y\u017cki, takie jak zabezpieczenie przed przeci\u0105\u017ceniem i zatrzymanie awaryjne, s\u0105 kluczowe dla zapewnienia bezpiecze\u0144stwa operatora i zapobiegania wypadkom.<\/p>\n<\/li>\n<li>\n<h3>Utrzymywalno\u015b\u0107<\/h3>\n<p>\u0141atwo\u015b\u0107 konserwacji cylindra \u0142y\u017cki, np. \u0142atwy dost\u0119p w celu przeprowadzenia konserwacji i wymiany, mo\u017ce ograniczy\u0107 przestoje i zwi\u0119kszy\u0107 wydajno\u015b\u0107.<\/p>\n<\/li>\n<\/ul>\n<p><img decoding=\"async\" src=\"https:\/\/www.hydraulic-cylinders.net\/wp-content\/uploads\/2025\/01\/songte-oil-pipes-and-spare-parts.webp\" alt=\"Obraz projektu cylindra kube\u0142kowego\"><\/p>\n<h2>Uszczelnianie i smarowanie<\/h2>\n<p>W si\u0142owniku kube\u0142kowym zastosowano r\u00f3\u017cnorodne uszczelnienia, takie jak uszczelnienia t\u0142oka, uszczelnienia t\u0142oczyska itp., aby zapobiec wyciekom i zapewni\u0107 p\u0142ynn\u0105 prac\u0119. Uszczelnienia wykonane s\u0105 z materia\u0142\u00f3w odpornych na zu\u017cycie, takich jak poliuretan i kauczuk nitrylowy, co poprawia szczelno\u015b\u0107 i wyd\u0142u\u017ca \u017cywotno\u015b\u0107 si\u0142ownika. Regularne dodawanie odpowiedniej ilo\u015bci oleju hydraulicznego mo\u017ce smarowa\u0107 si\u0142ownik i zmniejsza\u0107 zu\u017cycie.<\/p>\n<h2>Inspekcja i konserwacja zapobiegawcza<\/h2>\n<p>Regularne przegl\u0105dy i konserwacja zapobiegawcza s\u0105 kluczowe dla zapewnienia optymalnej pracy si\u0142ownika \u0142y\u017cki i wyd\u0142u\u017cenia jego \u017cywotno\u015bci. Poni\u017cej przedstawiono podstawowe czynno\u015bci konserwacyjne:<\/p>\n<ul>\n<li>\n<h3>Regularna kontrola<\/h3>\n<p>Regularne sprawdzanie stanu cylindra, np. czy nie ma p\u0119kni\u0119\u0107 lub \u015blad\u00f3w zu\u017cycia, jest konieczne w celu wykrycia potencjalnych problem\u00f3w i szybkiego rozwi\u0105zania ich.<\/p>\n<\/li>\n<li>\n<h3>Smarowanie<\/h3>\n<p>Regularne smarowanie cylindra mo\u017ce zmniejszy\u0107 zu\u017cycie i zapewni\u0107 p\u0142ynn\u0105 prac\u0119. <\/p>\n<\/li>\n<li>\n<h3>Wymiana uszczelki i kontrola kalibracji<\/h3>\n<p>Wymiana zu\u017cytych uszczelek i sprawdzenie kalibracji cylindra mo\u017ce pom\u00f3c w utrzymaniu wydajno\u015bci cylindra.<\/p>\n<\/li>\n<\/ul>\n<p><img decoding=\"async\" src=\"https:\/\/www.hydraulic-cylinders.net\/wp-content\/uploads\/2025\/01\/songte-chushion-collar.webp\" alt=\"Obraz konserwacji cylindra \u0142y\u017cki\"><\/p>\n<h2>Zagadnienia bezpiecze\u0144stwa i czynniki \u015brodowiskowe<\/h2>\n<p>Podczas u\u017cytkowania si\u0142ownika \u0142y\u017cki do ma\u0142ej koparki Bobcat E63 nale\u017cy bezwzgl\u0119dnie przestrzega\u0107 zasad bezpiecze\u0144stwa, takich jak noszenie odpowiedniego sprz\u0119tu ochronnego i dbanie o to, aby sprz\u0119t by\u0142 w dobrym stanie technicznym. Prawid\u0142owa utylizacja zu\u017cytego oleju hydraulicznego i innych niebezpiecznych odpad\u00f3w ma r\u00f3wnie\u017c kluczowe znaczenie dla ochrony \u015brodowiska.<\/p>\n<h2>Typowe problemy i rozwi\u0105zywanie problem\u00f3w<\/h2>\n<p>Do typowych problem\u00f3w, kt\u00f3re mog\u0105 wyst\u0105pi\u0107 z si\u0142ownikiem \u0142y\u017cki, nale\u017c\u0105 wyciek oleju, awaria uk\u0142adu hydraulicznego i zu\u017cyte uszczelki. Rozwi\u0105zywanie tych problem\u00f3w wymaga prawid\u0142owej diagnozy i naprawy, kt\u00f3ra mo\u017ce obejmowa\u0107 wymian\u0119 zu\u017cytych cz\u0119\u015bci lub ponown\u0105 kalibracj\u0119 si\u0142ownika.<\/p>\n<h2>Informacje o firmie<\/h2>\n<p>Jeste\u015bmy producentem si\u0142ownik\u00f3w hydraulicznych, kt\u00f3re mog\u0105 zast\u0105pi\u0107 r\u00f3\u017cnego rodzaju si\u0142owniki hydrauliczne. Nasza firma oferuje pe\u0142n\u0105 gam\u0119 produkt\u00f3w i sta\u0142a si\u0119 jednym z wiod\u0105cych producent\u00f3w i hurtownik\u00f3w si\u0142ownik\u00f3w hydraulicznych na rynku krajowym i mi\u0119dzynarodowym. Kierujemy si\u0119 zasad\u0105 doskona\u0142ej jako\u015bci, opieramy si\u0119 na strategii zarz\u0105dzania produkcj\u0105 przemys\u0142ow\u0105 w wyspecjalizowanych warsztatach produkcyjnych i stale ulepszamy platform\u0119 produkcyjn\u0105 naszych warsztat\u00f3w, wykorzystuj\u0105c talenty technologiczne, cyfrowy sprz\u0119t produkcyjny wysokiej klasy oraz profesjonalne systemy testowe. Wyr\u00f3\u017cnia nas kreatywno\u015b\u0107 i jeste\u015bmy w stanie sprosta\u0107 zr\u00f3\u017cnicowanym potrzebom naszych klient\u00f3w, zapewniaj\u0105c wysok\u0105 wydajno\u015b\u0107, precyzj\u0119 i wysok\u0105 jako\u015b\u0107 produkt\u00f3w.<\/p>\n<p><img decoding=\"async\" src=\"https:\/\/hzpt.com\/wp-content\/uploads\/2024\/11\/songte-company-1.webp\" alt=\"Wizerunek firmy\"><\/p>\n<h3>Profesjonalizm<\/h3>\n<p>W naszej firmie pracuje zesp\u00f3\u0142 do\u015bwiadczonych i profesjonalnych in\u017cynier\u00f3w, kt\u00f3rzy opracowuj\u0105, projektuj\u0105 i produkuj\u0105 cylindry hydrauliczne w oparciu o potrzeby i specyfikacje klient\u00f3w.<\/p>\n<h3>Mi\u0119dzynarodowa Certyfikacja<\/h3>\n<p>Nasze produkty uzyska\u0142y mi\u0119dzynarodowe certyfikaty, takie jak ISO9001, CE i SGS, co oznacza, \u017ce \u200b\u200bspe\u0142niaj\u0105 bran\u017cowe normy i wymagania.<\/p>\n<h3>Us\u0142ugi personalizacji<\/h3>\n<p>Oferujemy us\u0142ugi dostosowywania, aby spe\u0142ni\u0107 szczeg\u00f3lne potrzeby klient\u00f3w i zagwarantowa\u0107 im pe\u0142n\u0105 satysfakcj\u0119.<\/p>\n<h3>Sprz\u0119t produkcyjny<\/h3>\n<p>W naszej firmie wykorzystujemy najnowocze\u015bniejszy sprz\u0119t produkcyjny, np. centra obr\u00f3bcze CNC, co gwarantuje jako\u015b\u0107 i wydajno\u015b\u0107 produktu.<\/p>\n<h3>Serwis posprzeda\u017cowy<\/h3>\n<p>Zapewniamy naszym klientom doskona\u0142\u0105 obs\u0142ug\u0119 posprzeda\u017cow\u0105, w tym wsparcie techniczne, naprawy i us\u0142ugi konserwacyjne, aby mie\u0107 pewno\u015b\u0107, \u017ce nasze produkty dzia\u0142aj\u0105 bezproblemowo.<\/p>\n<p><img decoding=\"async\" src=\"https:\/\/www.hydraulic-cylinders.net\/wp-content\/uploads\/2025\/01\/songte-company-3.webp\" alt=\"Wizerunek firmy\"><\/p>\n<p>Autor: lyl<\/p>","protected":false},"excerpt":{"rendered":"<p>Bucket Cylinder For Bobcat Small Excavator E63 Introduction The Bucket Cylinder for Bobcat Small Excavator E63 is a specialized hydraulic cylinder designed to control the movement of the bucket in heavy machinery such as excavators, backhoes, and loaders. Its main function is to allow the bucket to lift, lower, and tilt, making it easier to [&hellip;]<\/p>","protected":false},"featured_media":14787,"comment_status":"open","ping_status":"closed","template":"","meta":{"_et_pb_use_builder":"","_et_pb_old_content":"","_et_gb_content_width":""},"product_brand":[],"product_cat":[1494],"product_tag":[1495,1496],"class_list":{"0":"post-15689","1":"product","2":"type-product","3":"status-publish","4":"has-post-thumbnail","6":"product_cat-bucket-cylinders","7":"product_tag-bucket-cylinders","8":"product_tag-hydraulic-cylinders","10":"first","11":"instock","12":"shipping-taxable","13":"product-type-simple"},"amp_enabled":true,"_links":{"self":[{"href":"https:\/\/www.hydraulic-cylinders.net\/pl\/wp-json\/wp\/v2\/product\/15689","targetHints":{"allow":["GET"]}}],"collection":[{"href":"https:\/\/www.hydraulic-cylinders.net\/pl\/wp-json\/wp\/v2\/product"}],"about":[{"href":"https:\/\/www.hydraulic-cylinders.net\/pl\/wp-json\/wp\/v2\/types\/product"}],"replies":[{"embeddable":true,"href":"https:\/\/www.hydraulic-cylinders.net\/pl\/wp-json\/wp\/v2\/comments?post=15689"}],"wp:featuredmedia":[{"embeddable":true,"href":"https:\/\/www.hydraulic-cylinders.net\/pl\/wp-json\/wp\/v2\/media\/14787"}],"wp:attachment":[{"href":"https:\/\/www.hydraulic-cylinders.net\/pl\/wp-json\/wp\/v2\/media?parent=15689"}],"wp:term":[{"taxonomy":"product_brand","embeddable":true,"href":"https:\/\/www.hydraulic-cylinders.net\/pl\/wp-json\/wp\/v2\/product_brand?post=15689"},{"taxonomy":"product_cat","embeddable":true,"href":"https:\/\/www.hydraulic-cylinders.net\/pl\/wp-json\/wp\/v2\/product_cat?post=15689"},{"taxonomy":"product_tag","embeddable":true,"href":"https:\/\/www.hydraulic-cylinders.net\/pl\/wp-json\/wp\/v2\/product_tag?post=15689"}],"curies":[{"name":"wp","href":"https:\/\/api.w.org\/{rel}","templated":true}]}}