{"id":1570,"date":"2023-10-07T02:18:33","date_gmt":"2023-10-07T02:18:33","guid":{"rendered":"https:\/\/hydraulic-cylinders.net\/?post_type=product&#038;p=1570"},"modified":"2025-03-28T06:38:01","modified_gmt":"2025-03-28T06:38:01","slug":"crane-cylinder-for-mobile-crane-outrigger-expansion","status":"publish","type":"product","link":"https:\/\/www.hydraulic-cylinders.net\/pl\/produkt\/crane-cylinder-for-mobile-crane-outrigger-expansion\/","title":{"rendered":"Si\u0142ownik d\u017awigowy do rozbudowy wysi\u0119gnika d\u017awigu mobilnego"},"content":{"rendered":"<h1 style=\"text-align: center;\"><strong> Si\u0142ownik d\u017awigowy do rozbudowy wysi\u0119gnika d\u017awigu mobilnego<\/strong><\/h1>\n<p><img loading=\"lazy\" decoding=\"async\" class=\"aligncenter wp-image-1571\" src=\"https:\/\/hydraulic-cylinders.net\/wp-content\/uploads\/2023\/10\/outrigger-expansion-cylinder-1-300x300.webp\" alt=\"Si\u0142ownik d\u017awigowy do rozszerzenia wysi\u0119gnika d\u017awigu mobilnego-1\" width=\"400\" height=\"400\" \/><\/p>\n<p>Ten <strong>si\u0142ownik d\u017awigowy do rozszerzania podp\u00f3r \u017curawia mobilnego<\/strong> to kluczowy element zwi\u0119kszaj\u0105cy stabilno\u015b\u0107 i zasi\u0119g \u017curawi mobilnych podczas operacji podnoszenia. Zaprojektowany do wysuwania i wsuwania belek podporowych, ten si\u0142ownik hydrauliczny odgrywa kluczow\u0105 rol\u0119 w zapewnieniu solidnego fundamentu i zwi\u0119kszonych mo\u017cliwo\u015bci operacyjnych.<\/p>\n<p>Ten niezb\u0119dny si\u0142ownik d\u017awigowy znacz\u0105co poprawia stabilno\u015b\u0107, ud\u017awig i zasi\u0119g \u017curawi mobilnych podczas podnoszenia. Jego solidna konstrukcja i precyzyjne sterowanie hydrauliczne zapewniaj\u0105 bezpieczne i wydajne podnoszenie w r\u00f3\u017cnych zastosowaniach budowlanych i przemys\u0142owych. Przestrzegaj\u0105c prawid\u0142owych metod u\u017cytkowania i zalecanych praktyk konserwacyjnych, operatorzy mog\u0105 zmaksymalizowa\u0107 \u017cywotno\u015b\u0107 i niezawodno\u015b\u0107 si\u0142ownika d\u017awigowego do wysuwania podp\u00f3r, zapewniaj\u0105c tym samym skuteczne podnoszenie. Wybierz ten niezb\u0119dny element hydrauliczny, aby zwi\u0119kszy\u0107 stabilno\u015b\u0107, zasi\u0119g i wydajno\u015b\u0107 swojego systemu d\u017awigu mobilnego.<\/p>\n<p><strong>G\u0142\u00f3wne cechy cylindra d\u017awigowego do rozbudowy wysi\u0119gnika d\u017awigu mobilnego:<\/strong><\/p>\n<p><strong>Solidna konstrukcja i trwa\u0142o\u015b\u0107:<\/strong> Si\u0142ownik d\u017awigowy do rozsuwania wysi\u0119gnik\u00f3w \u017curawia mobilnego jest wykonany z wysokiej jako\u015bci materia\u0142\u00f3w, co zapewnia wyj\u0105tkow\u0105 wytrzyma\u0142o\u015b\u0107 i trwa\u0142o\u015b\u0107. Zosta\u0142 zaprojektowany tak, aby wytrzyma\u0107 du\u017ce obci\u0105\u017cenia, wstrz\u0105sy i trudne warunki \u015brodowiskowe, zapewniaj\u0105c niezawodn\u0105 wydajno\u015b\u0107 w wymagaj\u0105cych warunkach pracy.<\/p>\n<p><strong>Sterowanie hydrauliczne i precyzja:<\/strong> Ten si\u0142ownik wykorzystuje moc hydrauliczn\u0105 do wysuwania i wsuwania belek podp\u00f3r. Hydrauliczny uk\u0142ad sterowania umo\u017cliwia precyzyjn\u0105 regulacj\u0119, pozwalaj\u0105c operatorom na dok\u0142adne uzyskanie po\u017c\u0105danej d\u0142ugo\u015bci wysuwania podp\u00f3r.<\/p>\n<p><strong>Zwi\u0119kszona stabilno\u015b\u0107 i no\u015bno\u015b\u0107:<\/strong> Si\u0142ownik d\u017awigowy do wysuwania podp\u00f3r \u017curawia mobilnego znacz\u0105co poprawia stabilno\u015b\u0107 \u017curawia poprzez wyd\u0142u\u017cenie belek podp\u00f3r. Efektywnie rozk\u0142ada obci\u0105\u017cenie na szerszym obszarze, minimalizuj\u0105c ryzyko wywr\u00f3cenia i zapewniaj\u0105c bezpieczne podnoszenie, nawet przy du\u017cych obci\u0105\u017ceniach.<\/p>\n<p><strong>Wi\u0119kszy zasi\u0119g i elastyczno\u015b\u0107:<\/strong> Mo\u017cliwo\u015b\u0107 wysuwania podp\u00f3r tego si\u0142ownika pozwala \u017curawiom mobilnym osi\u0105ga\u0107 wi\u0119ksze wysoko\u015bci i zwi\u0119ksza\u0107 zasi\u0119g roboczy. Funkcja ta jest szczeg\u00f3lnie przydatna podczas pracy w ciasnych przestrzeniach lub gdy potrzebny jest dodatkowy zasi\u0119g poziomy.<\/p>\n<h1><strong>Si\u0142ownik d\u017awigowy do rozbudowy wysi\u0119gnika d\u017awigu mobilnego <\/strong><strong style=\"font-size: 26px;\">Parametr:<\/strong><\/h1>\n<table border=\"1\" cellspacing=\"0\" cellpadding=\"0\">\n<tbody>\n<tr>\n<td>Nazwa produktu<\/td>\n<td>Si\u0142ownik rozszerzaj\u0105cy wysi\u0119gnika \u017curawia mobilnego<\/td>\n<\/tr>\n<tr>\n<td>Cechy:<\/td>\n<td>Wysu\u0144 cylinder wysi\u0119gnika poziomo<\/td>\n<\/tr>\n<tr>\n<td>\u015arednica otworu:<\/td>\n<td>50mm\uff5e75mm<\/td>\n<\/tr>\n<tr>\n<td>\u015arednica pr\u0119ta:<\/td>\n<td>25 mm\uff5e55 mm<br \/>\nSkok \u22642500 mm<\/td>\n<\/tr>\n<tr>\n<td>Ci\u015bnienie:<\/td>\n<td>Maksymalnie 35 MPa<\/td>\n<\/tr>\n<tr>\n<td>Zastosowania cylindr\u00f3w teleskopowych:<\/td>\n<td>D\u017awig mobilny<\/td>\n<\/tr>\n<\/tbody>\n<\/table>\n<h1><strong>Si\u0142ownik d\u017awigowy do rozbudowy wysi\u0119gnika d\u017awigu mobilnego <\/strong><strong style=\"font-size: 26px;\">Schemat identyfikacyjny:<\/strong><\/h1>\n<p><img loading=\"lazy\" decoding=\"async\" class=\"alignnone wp-image-1551 size-full\" src=\"https:\/\/www.hydraulic-cylinders.net\/wp-content\/uploads\/2023\/09\/mobile-crane-cylinder-construction-1.webp\" alt=\"Si\u0142ownik d\u017awigowy do rozszerzenia wysi\u0119gnika d\u017awigu mobilnego-2\" width=\"1418\" height=\"946\" srcset=\"https:\/\/www.hydraulic-cylinders.net\/wp-content\/uploads\/2023\/09\/mobile-crane-cylinder-construction-1.webp 1418w, https:\/\/www.hydraulic-cylinders.net\/wp-content\/uploads\/2023\/09\/mobile-crane-cylinder-construction-1-1280x854.webp 1280w, https:\/\/www.hydraulic-cylinders.net\/wp-content\/uploads\/2023\/09\/mobile-crane-cylinder-construction-1-980x654.webp 980w, https:\/\/www.hydraulic-cylinders.net\/wp-content\/uploads\/2023\/09\/mobile-crane-cylinder-construction-1-480x320.webp 480w\" sizes=\"(min-width: 0px) and (max-width: 480px) 480px, (min-width: 481px) and (max-width: 980px) 980px, (min-width: 981px) and (max-width: 1280px) 1280px, (min-width: 1281px) 1418px, 100vw\" \/><\/p>\n<h2><strong>Metoda u\u017cycia <\/strong><strong>Si\u0142ownik d\u017awigowy do rozbudowy wysi\u0119gnika d\u017awigu mobilnego<\/strong><strong>:<\/strong><\/h2>\n<ol>\n<li><strong>Zapoznaj si\u0119 z wytycznymi dotycz\u0105cymi sterowania i bezpiecze\u0144stwa:<\/strong><\/li>\n<\/ol>\n<ul>\n<li>Przed przyst\u0105pieniem do obs\u0142ugi si\u0142ownika rozpr\u0119\u017cnego wysi\u0119gnika d\u017awigu mobilnego operatorzy musz\u0105 zapozna\u0107 si\u0119 z elementami sterowania i wytycznymi bezpiecze\u0144stwa w\u0142a\u015bciwymi dla danego modelu d\u017awigu.<\/li>\n<li>Nale\u017cy upewni\u0107 si\u0119, \u017ce wszystkie procedury bezpiecze\u0144stwa, \u0142\u0105cznie z prawid\u0142owym rozk\u0142adaniem i chowaniem podp\u00f3r, s\u0105 przestrzegane, aby zapobiec wypadkom.<\/li>\n<\/ul>\n<ol start=\"2\">\n<li><strong>Rozsu\u0144 wysi\u0119gniki:<\/strong><\/li>\n<\/ol>\n<ul>\n<li>Aktywuj sterowanie hydrauliczne, aby wysun\u0105\u0107 belki wysi\u0119gnikowe.<\/li>\n<li>Stopniowo wyd\u0142u\u017caj podpory do po\u017c\u0105danej d\u0142ugo\u015bci, ca\u0142y czas monitoruj\u0105c proces wyd\u0142u\u017cania.<\/li>\n<\/ul>\n<ol start=\"3\">\n<li><strong>Stabilizacja d\u017awigu:<\/strong><\/li>\n<\/ol>\n<ul>\n<li>Po ca\u0142kowitym wysuni\u0119ciu podp\u00f3r nale\u017cy ustabilizowa\u0107 d\u017awig, reguluj\u0105c podk\u0142adki podp\u00f3r, aby uzyska\u0107 r\u00f3wny i solidny fundament.<\/li>\n<li>Upewnij si\u0119, \u017ce podk\u0142adki podporowe umieszczone s\u0105 na stabilnym pod\u0142o\u017cu lub odpowiedniej powierzchni no\u015bnej.<\/li>\n<\/ul>\n<ol start=\"4\">\n<li><strong>Wsu\u0144 podpory:<\/strong><\/li>\n<\/ol>\n<ul>\n<li>Po zako\u0144czeniu operacji podnoszenia nale\u017cy schowa\u0107 belki wysi\u0119gnikowe za pomoc\u0105 sterowania hydraulicznego.<\/li>\n<li>Stopniowo wci\u0105gaj podpory, aby zapewni\u0107 p\u0142ynny i kontrolowany proces.<\/li>\n<\/ul>\n<h2><strong>Jak usun\u0105\u0107 powietrze z uk\u0142adu hydraulicznego ci\u0105gnika?<\/strong><\/h2>\n<p>Aby odpowietrzy\u0107 uk\u0142ad hydrauliczny ci\u0105gnika, nale\u017cy wykona\u0107 nast\u0119puj\u0105ce czynno\u015bci:<\/p>\n<ol>\n<li><strong>Rozpoznaj objawy zwi\u0105zane z powietrzem:<\/strong>\n<ul>\n<li>Je\u015bli podejrzewasz obecno\u015b\u0107 powietrza w uk\u0142adzie hydraulicznym, sprawd\u017a typowe objawy, takie jak nier\u00f3wna lub niestabilna praca podzespo\u0142\u00f3w hydraulicznych, zmniejszony ud\u017awig lub nietypowe odg\u0142osy.<\/li>\n<li>Potwierdzenie obecno\u015bci powietrza pomo\u017ce Ci okre\u015bli\u0107 odpowiednie dzia\u0142ania.<\/li>\n<\/ul>\n<\/li>\n<li><strong>Sprawd\u017a poziom p\u0142ynu:<\/strong>\n<ul>\n<li>Upewnij si\u0119, \u017ce poziom p\u0142ynu hydraulicznego w zbiorniku jest na zalecanym poziomie.<\/li>\n<li>Je\u015bli poziom jest niski, mo\u017ce to doprowadzi\u0107 do zapowietrzenia uk\u0142adu. Dolej odpowiedniego p\u0142ynu hydraulicznego, aby osi\u0105gn\u0105\u0107 zalecany poziom.<\/li>\n<\/ul>\n<\/li>\n<li><strong>Odpowietrzenie uk\u0142adu:<\/strong>\n<ul>\n<li>Znajd\u017a zawory odpowietrzaj\u0105ce lub korki w uk\u0142adzie hydraulicznym.<\/li>\n<li>Zacznij od podzespo\u0142u znajduj\u0105cego si\u0119 najdalej od pompy hydraulicznej i stopniowo przesuwaj si\u0119 bli\u017cej.<\/li>\n<li>Otw\u00f3rz zaw\u00f3r odpowietrzaj\u0105cy lub korek powoli, aby uwolni\u0107 uwi\u0119zione powietrze.<\/li>\n<li>Nale\u017cy pozwoli\u0107 na uj\u015bcie powietrza, a\u017c do momentu zaobserwowania sta\u0142ego strumienia p\u0142ynu hydraulicznego, co b\u0119dzie oznacza\u0142o, \u017ce powietrze zosta\u0142o usuni\u0119te.<\/li>\n<li>Zamknij zaw\u00f3r odpowietrzaj\u0105cy lub zatkaj go szczelnie.<\/li>\n<\/ul>\n<\/li>\n<li><strong>Odpowietrzanie pompy hydraulicznej:<\/strong>\n<ul>\n<li>Je\u017celi pompa hydrauliczna jest wyposa\u017cona w zaw\u00f3r odpowietrzaj\u0105cy, nale\u017cy go znale\u017a\u0107 i powoli otworzy\u0107.<\/li>\n<li>Uruchom uk\u0142ad hydrauliczny, w\u0142\u0105czaj\u0105c podno\u015bnik hydrauliczny lub przesuwaj\u0105c elementy steruj\u0105ce uk\u0142adu hydraulicznego, aby umo\u017cliwi\u0107 cyrkulacj\u0119 p\u0142ynu i wycisn\u0105\u0107 uwi\u0119zione powietrze przez otwarty zaw\u00f3r odpowietrzaj\u0105cy.<\/li>\n<li>Zamknij zaw\u00f3r odpowietrzaj\u0105cy, gdy uk\u0142ad hydrauliczny zostanie odpowietrzony i podzespo\u0142y hydrauliczne b\u0119d\u0105 dzia\u0142a\u0107 p\u0142ynnie.<\/li>\n<\/ul>\n<\/li>\n<li><strong>Powt\u00f3rz proces:<\/strong>\n<ul>\n<li>Je\u017celi nadal odczuwasz objawy zwi\u0105zane z zapowietrzeniem uk\u0142adu hydraulicznego, powt\u00f3rz proces odpowietrzania ka\u017cdego podzespo\u0142u, zaczynaj\u0105c od najdalszego punktu i kieruj\u0105c si\u0119 w stron\u0119 pompy hydraulicznej.<\/li>\n<li>Upewnij si\u0119, \u017ce ca\u0142e powietrze zosta\u0142o usuni\u0119te z uk\u0142adu, otwieraj\u0105c zawory odpowietrzaj\u0105ce lub korki i pozwalaj\u0105c powietrzu ulotni\u0107 si\u0119.<\/li>\n<\/ul>\n<\/li>\n<li><strong>Sprawd\u017a, czy nie ma wyciek\u00f3w:<\/strong>\n<ul>\n<li>Sprawd\u017a wszystkie po\u0142\u0105czenia, w\u0119\u017ce i uszczelki uk\u0142adu hydraulicznego pod k\u0105tem ewentualnych wyciek\u00f3w.<\/li>\n<li>Niezw\u0142ocznie napraw wszelkie nieszczelno\u015bci poprzez dokr\u0119cenie po\u0142\u0105cze\u0144 lub wymian\u0119 uszkodzonych podzespo\u0142\u00f3w.<\/li>\n<li>Nieszczelno\u015bci mog\u0105 powodowa\u0107 przedostanie si\u0119 powietrza do uk\u0142adu, dlatego do prawid\u0142owego dzia\u0142ania uk\u0142adu hydraulicznego niezb\u0119dne jest zapewnienie szczelno\u015bci uk\u0142adu.<\/li>\n<\/ul>\n<\/li>\n<li><strong>Wydajno\u015b\u0107 systemu testowego:<\/strong>\n<ul>\n<li>Po odpowietrzeniu i usuni\u0119ciu nieszczelno\u015bci nale\u017cy sprawdzi\u0107 dzia\u0142anie uk\u0142adu hydraulicznego, aby upewni\u0107 si\u0119, \u017ce dzia\u0142a on prawid\u0142owo.<\/li>\n<li>W\u0142\u0105cz funkcje hydrauliczne, takie jak podnoszenie i opuszczanie osprz\u0119tu, i sprawd\u017a, czy dzia\u0142aj\u0105 p\u0142ynnie i sp\u00f3jnie.<\/li>\n<\/ul>\n<\/li>\n<\/ol>\n<h2><strong>Mo\u017cliwo\u015bci i pojemno\u015b\u0107 fabryki:<\/strong><\/h2>\n<h3><strong>(1) Monta\u017c<\/strong><\/h3>\n<p>Nasz zak\u0142ad dysponuje niezale\u017cn\u0105 platform\u0105 monta\u017cow\u0105 najwy\u017cszej klasy, specjalizuj\u0105c\u0105 si\u0119 w badaniach i rozwoju, dedykowan\u0105 produkcji cylindr\u00f3w hydraulicznych. Dysponujemy czterema p\u00f3\u0142automatycznymi liniami monta\u017cowymi cylindr\u00f3w podnosz\u0105cych oraz jedn\u0105 w pe\u0142ni automatyczn\u0105 lini\u0105 monta\u017cow\u0105 cylindr\u00f3w przechylnych, o imponuj\u0105cej rocznej zdolno\u015bci produkcyjnej na poziomie 1 miliona cylindr\u00f3w.<img loading=\"lazy\" decoding=\"async\" class=\"aligncenter wp-image-626\" src=\"https:\/\/hydraulic-cylinders.net\/wp-content\/uploads\/2023\/08\/hydraulic-cylinder-product-1-300x158.webp\" alt=\"\" width=\"500\" height=\"263\" srcset=\"https:\/\/hydraulic-cylinders.net\/wp-content\/uploads\/2023\/08\/hydraulic-cylinder-product-1-300x158.webp 500w, https:\/\/hydraulic-cylinders.net\/wp-content\/uploads\/2023\/08\/hydraulic-cylinder-product-1-480x252.webp 480w\" sizes=\"(min-width: 0px) and (max-width: 480px) 480px, (min-width: 481px) 500px, 100vw\" \/><\/p>\n<p>W naszym specjalistycznym warsztacie produkuj\u0105cym cylindry wykorzystujemy p\u00f3\u0142automatyczny system monta\u017cu czyszcz\u0105cego, zaprojektowany dla r\u00f3\u017cnych specyfikacji, zdolny do produkcji 200 000 cylindr\u00f3w rocznie. Nasz warsztat wyposa\u017cony jest w zaawansowany sprz\u0119t do obr\u00f3bki CNC, centrum obr\u00f3bcze, precyzyjne narz\u0119dzia do obr\u00f3bki cylindr\u00f3w, roboty spawalnicze, automatyczne systemy czyszcz\u0105ce oraz zautomatyzowan\u0105 lini\u0119 monta\u017cow\u0105 cylindr\u00f3w. Dodatkowo, posiadamy w pe\u0142ni zautomatyzowan\u0105 lini\u0119 produkcyjn\u0105 do lakierowania.<\/p>\n<p>Dysponuj\u0105c ponad 300 urz\u0105dzeniami o kluczowym znaczeniu, nasza optymalna alokacja zasob\u00f3w gwarantuje spe\u0142nienie rygorystycznych standard\u00f3w dok\u0142adno\u015bci i jako\u015bci wymaganych przez naszych klient\u00f3w. To zaanga\u017cowanie w wydajno\u015b\u0107 i precyzj\u0119 plasuje nas jako lidera w bran\u017cy si\u0142ownik\u00f3w hydraulicznych.<\/p>\n<p><img loading=\"lazy\" decoding=\"async\" class=\"aligncenter wp-image-627\" src=\"https:\/\/hydraulic-cylinders.net\/wp-content\/uploads\/2023\/08\/hydraulic-cylinder-product-2-300x189.webp\" alt=\"\" width=\"500\" height=\"315\" srcset=\"https:\/\/hydraulic-cylinders.net\/wp-content\/uploads\/2023\/08\/hydraulic-cylinder-product-2-300x189.webp 500w, https:\/\/hydraulic-cylinders.net\/wp-content\/uploads\/2023\/08\/hydraulic-cylinder-product-2-480x302.webp 480w\" sizes=\"(min-width: 0px) and (max-width: 480px) 480px, (min-width: 481px) 500px, 100vw\" \/><\/p>\n<h3><strong>(2) Obr\u00f3bka<\/strong><\/h3>\n<p>Nasz zak\u0142ad obr\u00f3bki mechanicznej dysponuje najnowocze\u015bniejszym sprz\u0119tem, w tym specjalnie zaprojektowanym centrum tokarskim z pochylon\u0105 szyn\u0105, precyzyjnym centrum obr\u00f3bczym, szybkoobrotow\u0105 honownic\u0105 oraz zaawansowanymi robotami spawalniczymi. Ta zaawansowana technologia umo\u017cliwia nam efektywn\u0105 obr\u00f3bk\u0119 rur cylindrycznych o maksymalnej \u015brednicy wewn\u0119trznej 400 mm i d\u0142ugo\u015bci do 6 metr\u00f3w.<\/p>\n<p><img loading=\"lazy\" decoding=\"async\" class=\"wp-image-628 size-large aligncenter\" src=\"https:\/\/hydraulic-cylinders.net\/wp-content\/uploads\/2023\/08\/hydraulic-cylinder-product-3-1024x391.webp\" alt=\"\" width=\"1024\" height=\"391\" srcset=\"https:\/\/hydraulic-cylinders.net\/wp-content\/uploads\/2023\/08\/hydraulic-cylinder-product-3-980x374.webp 980w, https:\/\/hydraulic-cylinders.net\/wp-content\/uploads\/2023\/08\/hydraulic-cylinder-product-3-480x183.webp 480w\" sizes=\"(min-width: 0px) and (max-width: 480px) 480px, (min-width: 481px) and (max-width: 980px) 980px, (min-width: 981px) 1024px, 100vw\" \/><\/p>\n<p>Dzi\u0119ki naszej najnowocze\u015bniejszej technologii zapewniamy wysok\u0105 jako\u015b\u0107 obr\u00f3bki, kt\u00f3ra spe\u0142nia zr\u00f3\u017cnicowane wymagania w zakresie produkcji cylindr\u00f3w hydraulicznych.<\/p>\n<h3><strong>(3) Spawanie<\/strong><\/h3>\n<p><img loading=\"lazy\" decoding=\"async\" class=\"wp-image-629 size-large aligncenter\" src=\"https:\/\/hydraulic-cylinders.net\/wp-content\/uploads\/2023\/08\/hydraulic-cylinder-product-4-1024x510.webp\" alt=\"\" width=\"1024\" height=\"510\" srcset=\"https:\/\/hydraulic-cylinders.net\/wp-content\/uploads\/2023\/08\/hydraulic-cylinder-product-4-980x488.webp 980w, https:\/\/hydraulic-cylinders.net\/wp-content\/uploads\/2023\/08\/hydraulic-cylinder-product-4-480x239.webp 480w\" sizes=\"(min-width: 0px) and (max-width: 480px) 480px, (min-width: 481px) and (max-width: 980px) 980px, (min-width: 981px) 1024px, 100vw\" \/><\/p>\n<h3><strong>(4) Malowanie i powlekanie<\/strong><\/h3>\n<p><img loading=\"lazy\" decoding=\"async\" class=\"wp-image-630 aligncenter\" src=\"https:\/\/hydraulic-cylinders.net\/wp-content\/uploads\/2023\/08\/hydraulic-cylinder-product-5-300x213.webp\" alt=\"\" width=\"500\" height=\"355\" \/><\/p>\n<p>Nasz zak\u0142ad dysponuje zaawansowanymi, automatycznymi liniami do powlekania farbami na bazie wody, zaprojektowanymi specjalnie do ma\u0142ych i \u015brednich cylindr\u00f3w. Linie te wykorzystuj\u0105 technologi\u0119 robotyczn\u0105 do wydajnego za\u0142adunku, roz\u0142adunku i natrysku, osi\u0105gaj\u0105c imponuj\u0105c\u0105 wydajno\u015b\u0107 produkcyjn\u0105 4000 sztuk na zmian\u0119.<\/p>\n<p><img loading=\"lazy\" decoding=\"async\" class=\"wp-image-631 aligncenter\" src=\"https:\/\/hydraulic-cylinders.net\/wp-content\/uploads\/2023\/08\/hydraulic-cylinder-product-6-300x225.webp\" alt=\"\" width=\"500\" height=\"375\" srcset=\"https:\/\/hydraulic-cylinders.net\/wp-content\/uploads\/2023\/08\/hydraulic-cylinder-product-6-300x225.webp 500w, https:\/\/hydraulic-cylinders.net\/wp-content\/uploads\/2023\/08\/hydraulic-cylinder-product-6-480x360.webp 480w\" sizes=\"(min-width: 0px) and (max-width: 480px) 480px, (min-width: 481px) 500px, 100vw\" \/><\/p>\n<p>Ponadto, posiadamy p\u00f3\u0142automatyczn\u0105 lini\u0119 produkcyjn\u0105 do lakierowania du\u017cych cylindr\u00f3w, zasilan\u0105 solidnym \u0142a\u0144cuchem nap\u0119dowym, o projektowanej wydajno\u015bci 60 skrzy\u0144 na zmian\u0119. To po\u0142\u0105czenie automatyzacji i wydajno\u015bci gwarantuje wysok\u0105 jako\u015b\u0107 wyko\u0144czenia wszystkich naszych cylindr\u00f3w hydraulicznych.<\/p>\n<h3><strong>(5) Testowanie<\/strong><\/h3>\n<p>Dysponujemy najwy\u017cszej klasy urz\u0105dzeniami kontrolnymi i stanowiskami testowymi, aby zapewni\u0107, \u017ce wydajno\u015b\u0107 cylindra spe\u0142nia wymagania.<\/p>\n<p><img loading=\"lazy\" decoding=\"async\" class=\"wp-image-632 aligncenter\" src=\"https:\/\/hydraulic-cylinders.net\/wp-content\/uploads\/2023\/08\/hydraulic-cylinder-product-8-300x200.webp\" alt=\"\" width=\"389\" height=\"260\" \/><\/p>\n<p>Jeste\u015bmy renomowanym producentem <a href=\"https:\/\/hzpt.com\/mobile-machinery-hydraulic-cylinder\/\" target=\"_blank\" rel=\"noopener\">si\u0142owniki hydrauliczne<\/a>, uznawana za jedn\u0105 z najlepszych w bran\u017cy. Nasza bogata oferta produkt\u00f3w obejmuje szeroki wyb\u00f3r si\u0142ownik\u00f3w hydraulicznych dostosowanych do r\u00f3\u017cnorodnych zastosowa\u0144. Opr\u00f3cz si\u0142ownik\u00f3w hydraulicznych, oferujemy r\u00f3wnie\u017c wysokiej jako\u015bci przek\u0142adnie rolnicze, zapewniaj\u0105c naszym klientom dost\u0119p do kompleksowych rozwi\u0105za\u0144 dostosowanych do ich potrzeb w zakresie maszyn.<\/p>\n<p>Dzi\u0119ki d\u0105\u017ceniu do doskona\u0142o\u015bci, z powodzeniem eksportujemy nasze produkty do klient\u00f3w na ca\u0142ym \u015bwiecie, zyskuj\u0105c ugruntowan\u0105 reputacj\u0119 dzi\u0119ki doskona\u0142ej jako\u015bci produkt\u00f3w i wyj\u0105tkowej obs\u0142udze posprzeda\u017cowej. Nasze zaanga\u017cowanie w zadowolenie klienta uczyni\u0142o nas zaufanym partnerem zar\u00f3wno na rynku krajowym, jak i mi\u0119dzynarodowym.<\/p>","protected":false},"excerpt":{"rendered":"<p>Crane Cylinder for Mobile Crane Outrigger Expansion The crane cylinder for mobile crane outrigger expansion is a crucial component that enhances the stability and reach of mobile cranes during lifting operations. Designed to extend and retract the outrigger beams, this hydraulic cylinder plays a vital role in providing a solid foundation and increased operational capabilities. [&hellip;]<\/p>","protected":false},"featured_media":1572,"comment_status":"open","ping_status":"closed","template":"","meta":{"_et_pb_use_builder":"","_et_pb_old_content":"","_et_gb_content_width":""},"product_brand":[],"product_cat":[1514],"product_tag":[1477,1478,1380],"class_list":{"0":"post-1570","1":"product","2":"type-product","3":"status-publish","4":"has-post-thumbnail","6":"product_cat-mobile-crane-hydraulic-cylinders","7":"product_tag-crane-cylinder","8":"product_tag-crane-hydraulic-cylinder","9":"product_tag-hydraulic-cylinder","11":"first","12":"instock","13":"shipping-taxable","14":"product-type-simple"},"amp_enabled":true,"_links":{"self":[{"href":"https:\/\/www.hydraulic-cylinders.net\/pl\/wp-json\/wp\/v2\/product\/1570","targetHints":{"allow":["GET"]}}],"collection":[{"href":"https:\/\/www.hydraulic-cylinders.net\/pl\/wp-json\/wp\/v2\/product"}],"about":[{"href":"https:\/\/www.hydraulic-cylinders.net\/pl\/wp-json\/wp\/v2\/types\/product"}],"replies":[{"embeddable":true,"href":"https:\/\/www.hydraulic-cylinders.net\/pl\/wp-json\/wp\/v2\/comments?post=1570"}],"wp:featuredmedia":[{"embeddable":true,"href":"https:\/\/www.hydraulic-cylinders.net\/pl\/wp-json\/wp\/v2\/media\/1572"}],"wp:attachment":[{"href":"https:\/\/www.hydraulic-cylinders.net\/pl\/wp-json\/wp\/v2\/media?parent=1570"}],"wp:term":[{"taxonomy":"product_brand","embeddable":true,"href":"https:\/\/www.hydraulic-cylinders.net\/pl\/wp-json\/wp\/v2\/product_brand?post=1570"},{"taxonomy":"product_cat","embeddable":true,"href":"https:\/\/www.hydraulic-cylinders.net\/pl\/wp-json\/wp\/v2\/product_cat?post=1570"},{"taxonomy":"product_tag","embeddable":true,"href":"https:\/\/www.hydraulic-cylinders.net\/pl\/wp-json\/wp\/v2\/product_tag?post=1570"}],"curies":[{"name":"wp","href":"https:\/\/api.w.org\/{rel}","templated":true}]}}