{"id":15705,"date":"2025-01-19T14:52:01","date_gmt":"2025-01-19T14:52:01","guid":{"rendered":"https:\/\/www.hydraulic-cylinders.net\/product\/bucket-cylinder-for-kubota-small-excavator-u-165\/"},"modified":"2025-01-19T14:52:05","modified_gmt":"2025-01-19T14:52:05","slug":"bucket-cylinder-for-kubota-small-excavator-u-165","status":"publish","type":"product","link":"https:\/\/www.hydraulic-cylinders.net\/pl\/produkt\/bucket-cylinder-for-kubota-small-excavator-u-165\/","title":{"rendered":"Si\u0142ownik \u0142y\u017cki do ma\u0142ej koparki Kubota U-165"},"content":{"rendered":"<h1>Si\u0142ownik \u0142y\u017cki do ma\u0142ej koparki Kubota U-165<\/h1>\n<h2>Wst\u0119p<\/h2>\n<p>Si\u0142ownik \u0142y\u017cki do ma\u0142ej koparki Kubota U-165 to specjalnie zaprojektowany si\u0142ownik hydrauliczny s\u0142u\u017c\u0105cy do sterowania ruchem \u0142y\u017cki w ci\u0119\u017ckich maszynach, takich jak koparki, koparko-\u0142adowarki i \u0142adowarki czo\u0142owe. Jego g\u0142\u00f3wn\u0105 funkcj\u0105 jest podnoszenie, opuszczanie i przechylanie \u0142y\u017cki, co u\u0142atwia wykonywanie r\u00f3\u017cnych zada\u0144 zwi\u0105zanych z prze\u0142adunkiem materia\u0142\u00f3w. W uk\u0142adzie hydraulicznym si\u0142ownik \u0142y\u017cki zapewnia precyzyjn\u0105 kontrol\u0119 nad \u0142y\u017ck\u0105 poprzez zmiany ci\u015bnienia oleju hydraulicznego, umo\u017cliwiaj\u0105c operatorom wydajne przenoszenie ci\u0119\u017ckich \u0142adunk\u00f3w i dostosowywanie si\u0119 do z\u0142o\u017conych warunk\u00f3w pracy oraz zr\u00f3\u017cnicowanych wymaga\u0144.<\/p>\n<p><img decoding=\"async\" src=\"https:\/\/www.hydraulic-cylinders.net\/wp-content\/uploads\/2025\/01\/songte-company-2.webp\" alt=\"Obraz cylindra wiadra\"><\/p>\n<h2>Cechy<\/h2>\n<ul>\n<li>Wysoka wytrzyma\u0142o\u015b\u0107 i trwa\u0142o\u015b\u0107: Zazwyczaj wykonany z wysokowytrzyma\u0142ej stali lub aluminium, wytrzymuje wysokie ci\u015bnienie i du\u017ce obci\u0105\u017cenia, dostosowuj\u0105c si\u0119 do trudnych warunk\u00f3w pracy. Konstrukcja uwzgl\u0119dnia r\u00f3wnie\u017c odporno\u015b\u0107 na zu\u017cycie i korozj\u0119, aby wyd\u0142u\u017cy\u0107 jego \u017cywotno\u015b\u0107.<\/li>\n<li>Wydajna praca uk\u0142adu hydraulicznego: Wykorzystuj\u0105c ci\u015bnienie oleju hydraulicznego, urz\u0105dzenie zapewnia p\u0142ynne rozci\u0105ganie i wci\u0105ganie, szybko reaguje na polecenia steruj\u0105ce, wytwarza du\u017ce si\u0142y pchania i ci\u0105gni\u0119cia oraz nadaje si\u0119 do przenoszenia ci\u0119\u017ckich \u0142adunk\u00f3w i wykonywania skomplikowanych zada\u0144.<\/li>\n<li>Wszechstronne typy: Si\u0142owniki czerpakowe mo\u017cna wybra\u0107 jako si\u0142owniki jednostronnego dzia\u0142ania (hydrauliczne dzia\u0142aj\u0105ce tylko w jednym kierunku) lub dwustronnego dzia\u0142ania (hydrauliczne dzia\u0142aj\u0105ce w obu kierunkach), w zale\u017cno\u015bci od konkretnych potrzeb operacyjnych. Niekt\u00f3re modele s\u0105 teleskopowe, co pozwala na wi\u0119ksz\u0105 rozbudow\u0119 bez zwi\u0119kszania wymiar\u00f3w zewn\u0119trznych, dzi\u0119ki czemu nadaj\u0105 si\u0119 do zastosowa\u0144 w ograniczonej przestrzeni.<\/li>\n<li>Idealna wymiana: Nasz produkt mo\u017ce idealnie zast\u0105pi\u0107 te cylindry hydrauliczne.<\/li>\n<\/ul>\n<p><img decoding=\"async\" src=\"https:\/\/www.hydraulic-cylinders.net\/wp-content\/uploads\/2025\/01\/songte-cylinder-head-with-all-kinds-excavator-models.webp\" alt=\"Obraz cylindra zamiennego\"><\/p>\n<h2>Aplikacje<\/h2>\n<p>Si\u0142ownik \u0142y\u017cki do ma\u0142ej koparki Kubota U-165 znajduje zastosowanie w r\u00f3\u017cnych ga\u0142\u0119ziach przemys\u0142u:<\/p>\n<h3>Sprz\u0119t budowlany:<\/h3>\n<p>W koparkach s\u0105 one niezb\u0119dne do kopania, za\u0142adunku i przemieszczania gleby lub gruzu. W koparko-\u0142adowarkach si\u0142ownik \u0142y\u017cki wspomaga zar\u00f3wno kopanie, jak i podnoszenie.<\/p>\n<h3>Maszyny rolnicze:<\/h3>\n<p>Stosowany w \u0142adowarkach czo\u0142owych do nabierania, podnoszenia i transportu ziemi, siana i innych materia\u0142\u00f3w.<\/p>\n<h3>Koparki:<\/h3>\n<p>Si\u0142ownik \u0142y\u017cki umo\u017cliwia kopanie poprzez umo\u017cliwienie \u0142y\u017cce zag\u0142\u0119biania si\u0119 w gleb\u0119.<\/p>\n<h3>\u0141adowarki:<\/h3>\n<p>W \u0142adowarkach czo\u0142owych pomagaj\u0105 w efektywnym podnoszeniu i przechylaniu \u0142adunk\u00f3w.<\/p>\n<p><img decoding=\"async\" src=\"https:\/\/www.hydraulic-cylinders.net\/wp-content\/uploads\/2025\/01\/songte-chushion-collar.webp\" alt=\"Obraz aplikacji\"><\/p>\n<h2>Zagadnienia projektowe i kryteria wyboru<\/h2>\n<p>Przy projektowaniu cylindra czerpakowego nale\u017cy wzi\u0105\u0107 pod uwag\u0119 kilka czynnik\u00f3w:<\/p>\n<ul>\n<li>No\u015bno\u015b\u0107: Cylinder powinien by\u0107 zaprojektowany tak, aby wytrzyma\u0107 maksymalne przewidywane obci\u0105\u017cenie.<\/li>\n<li>Uszczelnienie: Nale\u017cy stosowa\u0107 r\u00f3\u017cne uszczelnienia, takie jak uszczelnienia t\u0142okowe i t\u0142oczyskowe, wykonane z materia\u0142\u00f3w odpornych na zu\u017cycie, takich jak poliuretan lub kauczuk nitrylowy. Korpus cylindra i gwintowane ko\u0144c\u00f3wki powinny zosta\u0107 poddane precyzyjnej obr\u00f3bce w celu zwi\u0119kszenia odporno\u015bci na zu\u017cycie.<\/li>\n<li>Trwa\u0142o\u015b\u0107: Projekt powinien uwzgl\u0119dnia\u0107 trwa\u0142o\u015b\u0107 cylindra, aby m\u00f3g\u0142 wytrzyma\u0107 cz\u0119ste i intensywne u\u017cytkowanie.<\/li>\n<li>Bezpiecze\u0144stwo: Aby zapobiec wypadkom podczas pracy, nale\u017cy zastosowa\u0107 odpowiednie \u015brodki bezpiecze\u0144stwa.<\/li>\n<li>\u0141atwo\u015b\u0107 konserwacji: Konstrukcja powinna umo\u017cliwia\u0107 \u0142atw\u0105 konserwacj\u0119 i napraw\u0119, minimalizuj\u0105c przestoje.<\/li>\n<\/ul>\n<p><img decoding=\"async\" src=\"https:\/\/www.hydraulic-cylinders.net\/wp-content\/uploads\/2025\/01\/songte-oil-pipes-and-spare-parts.webp\" alt=\"Rozwa\u017cania projektowe Obraz\"><\/p>\n<h2>Uszczelnianie i smarowanie<\/h2>\n<p>Si\u0142ownik czerpakowy wykorzystuje r\u00f3\u017cnorodne elementy uszczelniaj\u0105ce, takie jak uszczelnienia t\u0142oka i t\u0142oczyska, wykonane z materia\u0142\u00f3w odpornych na zu\u017cycie, takich jak poliuretan lub kauczuk nitrylowy. Korpus cylindra i gwintowane ko\u0144c\u00f3wki s\u0105 precyzyjnie obrobione w celu zwi\u0119kszenia odporno\u015bci na zu\u017cycie. Regularne smarowanie odpowiedni\u0105 ilo\u015bci\u0105 oleju hydraulicznego jest niezb\u0119dne dla zapewnienia p\u0142ynnej pracy.<\/p>\n<h2>Regularne kontrole i konserwacja zapobiegawcza<\/h2>\n<ul>\n<li>Regularnie sprawdzaj cylinder pod k\u0105tem uszkodze\u0144 i \u015blad\u00f3w zu\u017cycia.<\/li>\n<li>Zapewnij odpowiednie smarowanie wszystkich ruchomych cz\u0119\u015bci.<\/li>\n<li>Aby zachowa\u0107 optymaln\u0105 wydajno\u015b\u0107, nale\u017cy okresowo wymienia\u0107 uszczelki.<\/li>\n<li>Przeprowad\u017a kontrol\u0119 kalibracji, aby zapewni\u0107 prawid\u0142owe dzia\u0142anie urz\u0105dzenia.<\/li>\n<\/ul>\n<p><img decoding=\"async\" src=\"https:\/\/www.hydraulic-cylinders.net\/wp-content\/uploads\/2025\/01\/songte-bushings-with-all-kinds-of-excavator-models.webp\" alt=\"Obraz konserwacyjny\"><\/p>\n<h2>Zagadnienia bezpiecze\u0144stwa i czynniki \u015brodowiskowe<\/h2>\n<p>Podczas u\u017cytkowania cylindra wiadra nale\u017cy bezwzgl\u0119dnie przestrzega\u0107 \u015brodk\u00f3w bezpiecze\u0144stwa, aby zapobiec wypadkom i zapewni\u0107 bezpieczne \u015brodowisko pracy. \u015arodki bezpiecze\u0144stwa, takie jak noszenie odpowiedniego sprz\u0119tu ochronnego i przestrzeganie prawid\u0142owych procedur obs\u0142ugi, maj\u0105 kluczowe znaczenie.<\/p>\n<h2>Rozwi\u0105zywanie problem\u00f3w i typowe problemy<\/h2>\n<p>W przypadku jakichkolwiek usterek lub problem\u00f3w, wa\u017cne jest, aby poprawnie je zdiagnozowa\u0107. Poni\u017cej znajduje si\u0119 kilka wskaz\u00f3wek i rozwi\u0105za\u0144, kt\u00f3re pomog\u0105 czytelnikom skutecznie zidentyfikowa\u0107 i rozwi\u0105za\u0107 problemy. Dodatkowo, mo\u017cna podj\u0105\u0107 \u015brodki zapobiegawcze w celu zminimalizowania potencjalnych problem\u00f3w.<\/p>\n<p><img decoding=\"async\" src=\"https:\/\/www.hydraulic-cylinders.net\/wp-content\/uploads\/2025\/01\/songte-company-1.webp\" alt=\"Rozwi\u0105zywanie problem\u00f3w z obrazem\"><\/p>\n<h2>O naszej firmie<\/h2>\n<p>Jeste\u015bmy producentem zamiennych cylindr\u00f3w hydraulicznych, oferuj\u0105cym szerok\u0105 gam\u0119 produkt\u00f3w. Jako jeden z wiod\u0105cych producent\u00f3w i hurtowych dystrybutor\u00f3w cylindr\u00f3w hydraulicznych na rynku krajowym i mi\u0119dzynarodowym, priorytetowo traktujemy doskona\u0142o\u015b\u0107 jako\u015bci. Nasza strategia zarz\u0105dzania produkcj\u0105 przemys\u0142ow\u0105 opiera si\u0119 na wykorzystaniu talent\u00f3w technicznych, cyfrowego, zaawansowanego sprz\u0119tu produkcyjnego oraz profesjonalnych system\u00f3w testowych. Stale udoskonalamy nasz\u0105 platform\u0119 produkcyjn\u0105, podnosimy jako\u015b\u0107 procesu produkcyjnego i dysponujemy du\u017cym potencja\u0142em kreatywnym. Kieruj\u0105c si\u0119 zasadami wysokiej wydajno\u015bci, precyzji i jako\u015bci, zaspokajamy zr\u00f3\u017cnicowane potrzeby naszych klient\u00f3w.<\/p>\n<p><img decoding=\"async\" src=\"https:\/\/www.hydraulic-cylinders.net\/wp-content\/uploads\/2025\/01\/songte-company-3.webp\" alt=\"Wizerunek firmy\"><\/p>\n<p>D\u0105\u017cymy do zapewnienia naszym klientom kompleksowych rozwi\u0105za\u0144 pod wzgl\u0119dem profesjonalizmu, mi\u0119dzynarodowych certyfikat\u00f3w, zindywidualizowanych us\u0142ug, sprz\u0119tu produkcyjnego i obs\u0142ugi posprzeda\u017cowej.<\/p>\n<p>Autor: lyl.<\/p>","protected":false},"excerpt":{"rendered":"<p>Bucket Cylinder For Kubota Small Excavator U-165 Introduction The bucket cylinder for Kubota small excavator U-165 is a specially designed hydraulic cylinder used to control the movement of the bucket in heavy machinery such as excavators, backhoe loaders, and front-end loaders. Its main function is to enable the bucket to lift, lower, and tilt, making [&hellip;]<\/p>","protected":false},"featured_media":14785,"comment_status":"open","ping_status":"closed","template":"","meta":{"_et_pb_use_builder":"","_et_pb_old_content":"","_et_gb_content_width":""},"product_brand":[],"product_cat":[1494],"product_tag":[1495,1496],"class_list":{"0":"post-15705","1":"product","2":"type-product","3":"status-publish","4":"has-post-thumbnail","6":"product_cat-bucket-cylinders","7":"product_tag-bucket-cylinders","8":"product_tag-hydraulic-cylinders","10":"first","11":"instock","12":"shipping-taxable","13":"product-type-simple"},"amp_enabled":true,"_links":{"self":[{"href":"https:\/\/www.hydraulic-cylinders.net\/pl\/wp-json\/wp\/v2\/product\/15705","targetHints":{"allow":["GET"]}}],"collection":[{"href":"https:\/\/www.hydraulic-cylinders.net\/pl\/wp-json\/wp\/v2\/product"}],"about":[{"href":"https:\/\/www.hydraulic-cylinders.net\/pl\/wp-json\/wp\/v2\/types\/product"}],"replies":[{"embeddable":true,"href":"https:\/\/www.hydraulic-cylinders.net\/pl\/wp-json\/wp\/v2\/comments?post=15705"}],"wp:featuredmedia":[{"embeddable":true,"href":"https:\/\/www.hydraulic-cylinders.net\/pl\/wp-json\/wp\/v2\/media\/14785"}],"wp:attachment":[{"href":"https:\/\/www.hydraulic-cylinders.net\/pl\/wp-json\/wp\/v2\/media?parent=15705"}],"wp:term":[{"taxonomy":"product_brand","embeddable":true,"href":"https:\/\/www.hydraulic-cylinders.net\/pl\/wp-json\/wp\/v2\/product_brand?post=15705"},{"taxonomy":"product_cat","embeddable":true,"href":"https:\/\/www.hydraulic-cylinders.net\/pl\/wp-json\/wp\/v2\/product_cat?post=15705"},{"taxonomy":"product_tag","embeddable":true,"href":"https:\/\/www.hydraulic-cylinders.net\/pl\/wp-json\/wp\/v2\/product_tag?post=15705"}],"curies":[{"name":"wp","href":"https:\/\/api.w.org\/{rel}","templated":true}]}}