{"id":15710,"date":"2025-01-19T14:52:38","date_gmt":"2025-01-19T14:52:38","guid":{"rendered":"https:\/\/www.hydraulic-cylinders.net\/product\/bucket-cylinder-for-takeuchi-small-excavator-tb153fr\/"},"modified":"2025-01-19T14:52:40","modified_gmt":"2025-01-19T14:52:40","slug":"bucket-cylinder-for-takeuchi-small-excavator-tb153fr","status":"publish","type":"product","link":"https:\/\/www.hydraulic-cylinders.net\/pl\/produkt\/bucket-cylinder-for-takeuchi-small-excavator-tb153fr\/","title":{"rendered":"Si\u0142ownik \u0142y\u017cki do ma\u0142ej koparki Takeuchi TB153FR"},"content":{"rendered":"<h2>Si\u0142ownik \u0142y\u017cki do ma\u0142ej koparki Takeuchi TB153FR<\/h2>\n<h3>Wst\u0119p<\/h3>\n<p>Si\u0142ownik \u0142y\u017cki to specjalnie zaprojektowany si\u0142ownik hydrauliczny, u\u017cywany g\u0142\u00f3wnie do sterowania ruchem \u0142y\u017cki w ci\u0119\u017ckich maszynach, takich jak koparki, koparko-\u0142adowarki i \u0142adowarki czo\u0142owe. Jego g\u0142\u00f3wn\u0105 funkcj\u0105 jest umo\u017cliwienie podnoszenia, opuszczania i przechylania \u0142y\u017cki, u\u0142atwiaj\u0105c wykonywanie r\u00f3\u017cnych zada\u0144 zwi\u0105zanych z prze\u0142adunkiem materia\u0142\u00f3w. W uk\u0142adzie hydraulicznym si\u0142ownik \u0142y\u017cki precyzyjnie steruje ruchami \u0142y\u017cki poprzez zmiany ci\u015bnienia oleju hydraulicznego, umo\u017cliwiaj\u0105c operatorom wydajne przenoszenie ci\u0119\u017ckich \u0142adunk\u00f3w i dostosowywanie si\u0119 do z\u0142o\u017conych warunk\u00f3w pracy oraz zr\u00f3\u017cnicowanych wymaga\u0144.<\/p>\n<p><img decoding=\"async\" src=\"https:\/\/www.hydraulic-cylinders.net\/wp-content\/uploads\/2025\/01\/songte-company-2.webp\"><\/p>\n<h3>Cechy produktu<\/h3>\n<ul>\n<li>Wysoka wytrzyma\u0142o\u015b\u0107 i trwa\u0142o\u015b\u0107: Zazwyczaj wykonane z wytrzyma\u0142ej stali lub aluminium, wytrzymuj\u0105 du\u017ce ci\u015bnienie i obci\u0105\u017cenia, s\u0105 przystosowane do trudnych warunk\u00f3w pracy oraz zaprojektowane z my\u015bl\u0105 o odporno\u015bci na zu\u017cycie i korozj\u0119, co wyd\u0142u\u017ca ich \u017cywotno\u015b\u0107.<\/li>\n<li>Wydajne dzia\u0142anie uk\u0142adu hydraulicznego: P\u0142ynne ruchy teleskopowe s\u0105 osi\u0105gane dzi\u0119ki ci\u015bnieniu oleju hydraulicznego, co umo\u017cliwia szybk\u0105 reakcj\u0119 na polecenia steruj\u0105ce, zapewnia du\u017c\u0105 si\u0142\u0119 pchania i ci\u0105gni\u0119cia, a tak\u017ce jest przydatne przy podnoszeniu ci\u0119\u017ckich \u0142adunk\u00f3w i wykonywaniu skomplikowanych zada\u0144.<\/li>\n<li>R\u00f3\u017cne typy: Si\u0142owniki jednostronnego dzia\u0142ania (hydraulika dzia\u0142a tylko w jednym kierunku) lub dwustronnego dzia\u0142ania (hydraulika dzia\u0142a w obu kierunkach) mo\u017cna dobra\u0107 w zale\u017cno\u015bci od wymaga\u0144, aby spe\u0142ni\u0107 r\u00f3\u017cne potrzeby operacyjne. Niekt\u00f3re modele s\u0105 teleskopowe, co pozwala na wi\u0119ksze wysuni\u0119cie bez zwi\u0119kszania wymiar\u00f3w zewn\u0119trznych, i nadaje si\u0119 do zastosowa\u0144 w ograniczonej przestrzeni.<\/li>\n<li>Produkt wymienny: Nasze produkty mog\u0105 doskonale zast\u0105pi\u0107 te si\u0142owniki hydrauliczne.<\/li>\n<\/ul>\n<p><img decoding=\"async\" src=\"https:\/\/www.hydraulic-cylinders.net\/wp-content\/uploads\/2025\/01\/songte-cylinder-head-with-all-kinds-excavator-models.webp\"><\/p>\n<h3>Zastosowanie cylindra kube\u0142kowego<\/h3>\n<p>Cylindry kube\u0142kowe s\u0105 powszechnie stosowane w r\u00f3\u017cnych maszynach ci\u0119\u017ckich, w tym:<\/p>\n<ul>\n<li>Sprz\u0119t budowlany: W koparkach s\u0105 one niezb\u0119dne do kopania, za\u0142adunku i przemieszczania gleby lub gruzu. W koparko-\u0142adowarkach cylindry \u0142y\u017cki wspomagaj\u0105 zar\u00f3wno kopanie, jak i podnoszenie. <\/li>\n<li>Maszyny rolnicze: Stosowane na \u0142adowarkach czo\u0142owych do nabierania, podnoszenia i transportu gleby, siana i innych materia\u0142\u00f3w. <\/li>\n<li>Koparki: Cylindry \u0142y\u017cki umo\u017cliwiaj\u0105 kopanie, pozwalaj\u0105c \u0142y\u017cce wnika\u0107 w gleb\u0119.<\/li>\n<li>\u0141adowarki: W \u0142adowarkach czo\u0142owych pomagaj\u0105 w efektywnym podnoszeniu i przechylaniu towar\u00f3w. <\/li>\n<\/ul>\n<p>Przyjrzyjmy si\u0119 bli\u017cej ka\u017cdej aplikacji:<\/p>\n<h4>Sprz\u0119t budowlany<\/h4>\n<p>W koparkach cylindry \u0142y\u017cki s\u0105 jednym z najwa\u017cniejszych element\u00f3w. Odgrywaj\u0105 kluczow\u0105 rol\u0119 w kopaniu, \u0142adowaniu i przemieszczaniu gleby lub gruzu. <\/p>\n<h4>Maszyny rolnicze<\/h4>\n<p>Si\u0142owniki czerpakowe s\u0105 powszechnie stosowane w maszynach rolniczych do wspomagania r\u00f3\u017cnych zada\u0144 zwi\u0105zanych z prze\u0142adunkiem materia\u0142\u00f3w. S\u0142u\u017c\u0105 do nabierania, podnoszenia i transportu gleby, siana i innych materia\u0142\u00f3w w \u0142adowarkach czo\u0142owych. <\/p>\n<h4>Koparki<\/h4>\n<p>Cylindry \u0142y\u017cki umo\u017cliwiaj\u0105 kopanie poprzez umo\u017cliwienie jej penetracji w g\u0142\u0105b gruntu. S\u0105 niezb\u0119dnym elementem ka\u017cdej koparki. <\/p>\n<h4>\u0141adowarki<\/h4>\n<p>Si\u0142owniki \u0142y\u017cki odgrywaj\u0105 kluczow\u0105 rol\u0119 w \u0142adowarkach czo\u0142owych. Pomagaj\u0105 w efektywnym podnoszeniu i przechylaniu \u0142adunk\u00f3w.<\/p>\n<h3>Zagadnienia projektowe i kryteria wyboru<\/h3>\n<p>Przy projektowaniu cylindr\u00f3w kube\u0142kowych nale\u017cy wzi\u0105\u0107 pod uwag\u0119 kilka istotnych czynnik\u00f3w:<\/p>\n<ul>\n<li>No\u015bno\u015b\u0107: Cylindry czerpakowe musz\u0105 by\u0107 w stanie wytrzyma\u0107 du\u017ce obci\u0105\u017cenia i ci\u015bnienie. <\/li>\n<li>Uszczelnienie: Cylindry kube\u0142kowe wymagaj\u0105 doskona\u0142ych uszczelnie\u0144, aby zapobiec wyciekom i zagwarantowa\u0107 niezawodn\u0105 prac\u0119.<\/li>\n<li>Trwa\u0142o\u015b\u0107: Cylindry kube\u0142kowe s\u0105 przeznaczone do pracy w trudnych warunkach i powinny by\u0107 trwa\u0142e i wytrzyma\u0142e. <\/li>\n<li>Bezpiecze\u0144stwo: Cylindry \u0142y\u017cki musz\u0105 by\u0107 projektowane z uwzgl\u0119dnieniem kwestii bezpiecze\u0144stwa, tak aby nie stwarza\u0142y \u017cadnego ryzyka dla operator\u00f3w ani otoczenia.<\/li>\n<li>Konserwacja: Cylindry czerpakowe powinny by\u0107 \u0142atwe w konserwacji i naprawie, co pozwoli ograniczy\u0107 przestoje i koszty konserwacji.<\/li>\n<\/ul>\n<p><img decoding=\"async\" src=\"https:\/\/www.hydraulic-cylinders.net\/wp-content\/uploads\/2025\/01\/songte-oil-pipes-and-spare-parts.webp\"><\/p>\n<h3>Uszczelnianie i smarowanie<\/h3>\n<p>W si\u0142ownikach kube\u0142kowych stosuje si\u0119 r\u00f3\u017cne elementy uszczelniaj\u0105ce, takie jak uszczelnienia t\u0142oka i t\u0142oczyska, dobierane w zale\u017cno\u015bci od ich odporno\u015bci na zu\u017cycie i wysok\u0105 temperatur\u0119. Elementy uszczelniaj\u0105ce s\u0105 zazwyczaj wykonane z materia\u0142\u00f3w takich jak poliuretan i kauczuk nitrylowy. Korpus si\u0142ownika i gwintowane powierzchnie ko\u0144cowe s\u0105 precyzyjnie obrabiane w celu zwi\u0119kszenia odporno\u015bci na zu\u017cycie. Regularne smarowanie olejem hydraulicznym jest niezb\u0119dne dla prawid\u0142owego dzia\u0142ania si\u0142ownika kube\u0142kowego i wyd\u0142u\u017cenia jego \u017cywotno\u015bci.<\/p>\n<h3>Konserwacja i naprawa<\/h3>\n<p>Aby konserwowa\u0107 cylindry czerpakowe, zaleca si\u0119 regularne wykonywanie nast\u0119puj\u0105cych czynno\u015bci:<\/p>\n<ul>\n<li>Sprawd\u017a, czy nie ma wyciek\u00f3w i uszkodzonych uszczelek<\/li>\n<li>Upewnij si\u0119, \u017ce punkty mocowania cylindra wiadra s\u0105 bezpieczne<\/li>\n<li>Sprawd\u017a przewody hydrauliczne pod k\u0105tem uszkodze\u0144 lub zu\u017cycia<\/li>\n<\/ul>\n<p>Prawid\u0142owy monta\u017c, smarowanie i regulacja s\u0105 niezb\u0119dne dla zapewnienia prawid\u0142owego dzia\u0142ania si\u0142ownika \u0142y\u017cki i wyd\u0142u\u017cenia jego \u017cywotno\u015bci. Do zabezpieczenia si\u0142ownika nale\u017cy u\u017cywa\u0107 prawid\u0142owego ustawienia i odpowiednich wspornik\u00f3w monta\u017cowych.<\/p>\n<p><img decoding=\"async\" src=\"https:\/\/www.hydraulic-cylinders.net\/wp-content\/uploads\/2025\/01\/songte-chushion-collar.webp\"><\/p>\n<h3>Zagadnienia bezpiecze\u0144stwa i czynniki \u015brodowiskowe<\/h3>\n<p>Bezpiecze\u0144stwo jest kluczowe podczas pracy z cylindrami czerpakowymi. Operatorzy powinni przestrzega\u0107 wytycznych bezpiecze\u0144stwa i nosi\u0107 odpowiedni sprz\u0119t ochrony osobistej podczas pracy z cylindrami czerpakowymi. <\/p>\n<p>Cylindry kube\u0142kowe s\u0105 projektowane z my\u015bl\u0105 o \u015brodowisku i musz\u0105 spe\u0142nia\u0107 wymogi i normy \u015brodowiskowe. <\/p>\n<h3>Diagnostyka awarii i rozwi\u0105zywanie problem\u00f3w<\/h3>\n<p>W przypadku awarii cylindra \u0142y\u017cki, mo\u017cna podj\u0105\u0107 nast\u0119puj\u0105ce kroki rozwi\u0105zywania problem\u00f3w:<\/p>\n<ul>\n<li>Sprawd\u017a, czy nie ma wyciek\u00f3w i \u015blad\u00f3w uszkodze\u0144 lub zu\u017cycia element\u00f3w uszczelniaj\u0105cych.<\/li>\n<li>Sprawd\u017a przewody hydrauliczne pod k\u0105tem uszkodze\u0144 lub zu\u017cycia<\/li>\n<li>Sprawd\u017a punkty mocowania pod k\u0105tem uszkodze\u0144 lub luz\u00f3w<\/li>\n<\/ul>\n<p>\u015arodki zapobiegawcze, takie jak regularna konserwacja i prawid\u0142owa instalacja, mog\u0105 pom\u00f3c zminimalizowa\u0107 potencjalne problemy.<\/p>\n<p><img decoding=\"async\" src=\"https:\/\/www.hydraulic-cylinders.net\/wp-content\/uploads\/2025\/01\/songte-bushings-with-all-kinds-of-excavator-models.webp\"><\/p>\n<h3>O naszej firmie<\/h3>\n<p>Jeste\u015bmy producentem cylindr\u00f3w hydraulicznych, kt\u00f3re mog\u0105 zast\u0105pi\u0107 tradycyjne cylindry hydrauliczne. Nasza firma oferuje szerok\u0105 gam\u0119 produkt\u00f3w i sta\u0142a si\u0119 jednym z wiod\u0105cych producent\u00f3w i hurtowych dystrybutor\u00f3w cylindr\u00f3w hydraulicznych na rynku krajowym i mi\u0119dzynarodowym. Przestrzegamy zasady doskona\u0142ej jako\u015bci, opieramy si\u0119 na strategii zarz\u0105dzania produkcj\u0105 przemys\u0142ow\u0105 w dopracowanym warsztacie produkcyjnym, stale ulepszamy platform\u0119 produkcyjn\u0105, podnosimy jako\u015b\u0107 produkcji i dysponujemy du\u017cym potencja\u0142em produkcyjnym. Dostarczamy klientom wydajne, precyzyjne i wysokiej jako\u015bci produkty, aby sprosta\u0107 zr\u00f3\u017cnicowanym potrzebom.<\/p>\n<p>Nasz\u0105 firm\u0119 charakteryzuje profesjonalizm, mi\u0119dzynarodowe certyfikaty, us\u0142uga dostosowywania, sprz\u0119t produkcyjny i obs\u0142uga posprzeda\u017cowa. <\/p>\n<p><img decoding=\"async\" src=\"https:\/\/hzpt.com\/wp-content\/uploads\/2024\/11\/songte-company-1.webp\"><\/p>\n<p>Autor: lyl.<\/p>","protected":false},"excerpt":{"rendered":"<p>Bucket Cylinder For Takeuchi Small Excavator TB153FR Introduction A bucket cylinder is a specifically designed hydraulic cylinder primarily used to control the movement of the bucket in heavy machinery such as excavators, backhoes, and front-end loaders. Its main function is to enable the bucket to lift, lower, and tilt, making it easier to handle various [&hellip;]<\/p>","protected":false},"featured_media":14776,"comment_status":"open","ping_status":"closed","template":"","meta":{"_et_pb_use_builder":"","_et_pb_old_content":"","_et_gb_content_width":""},"product_brand":[],"product_cat":[1494],"product_tag":[1495,1496],"class_list":{"0":"post-15710","1":"product","2":"type-product","3":"status-publish","4":"has-post-thumbnail","6":"product_cat-bucket-cylinders","7":"product_tag-bucket-cylinders","8":"product_tag-hydraulic-cylinders","10":"first","11":"instock","12":"shipping-taxable","13":"product-type-simple"},"amp_enabled":true,"_links":{"self":[{"href":"https:\/\/www.hydraulic-cylinders.net\/pl\/wp-json\/wp\/v2\/product\/15710","targetHints":{"allow":["GET"]}}],"collection":[{"href":"https:\/\/www.hydraulic-cylinders.net\/pl\/wp-json\/wp\/v2\/product"}],"about":[{"href":"https:\/\/www.hydraulic-cylinders.net\/pl\/wp-json\/wp\/v2\/types\/product"}],"replies":[{"embeddable":true,"href":"https:\/\/www.hydraulic-cylinders.net\/pl\/wp-json\/wp\/v2\/comments?post=15710"}],"wp:featuredmedia":[{"embeddable":true,"href":"https:\/\/www.hydraulic-cylinders.net\/pl\/wp-json\/wp\/v2\/media\/14776"}],"wp:attachment":[{"href":"https:\/\/www.hydraulic-cylinders.net\/pl\/wp-json\/wp\/v2\/media?parent=15710"}],"wp:term":[{"taxonomy":"product_brand","embeddable":true,"href":"https:\/\/www.hydraulic-cylinders.net\/pl\/wp-json\/wp\/v2\/product_brand?post=15710"},{"taxonomy":"product_cat","embeddable":true,"href":"https:\/\/www.hydraulic-cylinders.net\/pl\/wp-json\/wp\/v2\/product_cat?post=15710"},{"taxonomy":"product_tag","embeddable":true,"href":"https:\/\/www.hydraulic-cylinders.net\/pl\/wp-json\/wp\/v2\/product_tag?post=15710"}],"curies":[{"name":"wp","href":"https:\/\/api.w.org\/{rel}","templated":true}]}}