{"id":15718,"date":"2025-01-19T14:53:13","date_gmt":"2025-01-19T14:53:13","guid":{"rendered":"https:\/\/www.hydraulic-cylinders.net\/product\/bucket-cylinder-for-case-small-excavator-cx58c\/"},"modified":"2025-01-19T14:53:15","modified_gmt":"2025-01-19T14:53:15","slug":"bucket-cylinder-for-case-small-excavator-cx58c","status":"publish","type":"product","link":"https:\/\/www.hydraulic-cylinders.net\/pl\/produkt\/bucket-cylinder-for-case-small-excavator-cx58c\/","title":{"rendered":"Si\u0142ownik \u0142y\u017cki do ma\u0142ej koparki Case CX58C"},"content":{"rendered":"<h2>Si\u0142ownik \u0142y\u017cki do ma\u0142ej koparki Case CX58C<\/h2>\n<p>Wst\u0119p:<\/p>\n<p>Si\u0142ownik \u0142y\u017cki do koparki Case Small Excavator CX58C to specjalistyczny si\u0142ownik hydrauliczny zaprojektowany do sterowania ruchem \u0142y\u017cki w ci\u0119\u017ckich maszynach, takich jak koparki, koparko-\u0142adowarki i \u0142adowarki czo\u0142owe. Jego g\u0142\u00f3wn\u0105 funkcj\u0105 jest podnoszenie, opuszczanie i przechylanie \u0142y\u017cki, u\u0142atwiaj\u0105c wykonywanie r\u00f3\u017cnych zada\u0144 zwi\u0105zanych z prze\u0142adunkiem materia\u0142\u00f3w. W uk\u0142adach hydraulicznych si\u0142ownik \u0142y\u017cki wykorzystuje zmiany ci\u015bnienia oleju hydraulicznego, aby zapewni\u0107 precyzyjn\u0105 kontrol\u0119 nad \u0142y\u017ck\u0105, umo\u017cliwiaj\u0105c operatorom wydajne przenoszenie ci\u0119\u017ckich \u0142adunk\u00f3w i dostosowywanie si\u0119 do z\u0142o\u017conych warunk\u00f3w pracy oraz zr\u00f3\u017cnicowanych wymaga\u0144. <\/p>\n<p><img decoding=\"async\" src=\"https:\/\/www.hydraulic-cylinders.net\/wp-content\/uploads\/2025\/01\/songte-company-2.webp\" alt=\"Obraz cylindra wiadra\"><\/p>\n<h2>Cechy:<\/h2>\n<ul>\n<li>Wysoka wytrzyma\u0142o\u015b\u0107 i trwa\u0142o\u015b\u0107: Zazwyczaj wykonany z wysokowytrzyma\u0142ej stali lub aluminium, si\u0142ownik \u0142y\u017cki wytrzymuje wysokie ci\u015bnienie i du\u017ce obci\u0105\u017cenia, dostosowuj\u0105c si\u0119 do trudnych warunk\u00f3w pracy. Konstrukcja uwzgl\u0119dnia odporno\u015b\u0107 na zu\u017cycie i korozj\u0119, co wyd\u0142u\u017ca jego \u017cywotno\u015b\u0107.<\/li>\n<li>Wydajna praca hydrauliczna: Wykorzystuj\u0105c ci\u015bnienie oleju hydraulicznego, si\u0142ownik \u0142y\u017cki umo\u017cliwia p\u0142ynne ruchy wysuwania i wsuwania, zapewniaj\u0105c szybk\u0105 reakcj\u0119 na polecenia steruj\u0105ce i zapewniaj\u0105c du\u017c\u0105 si\u0142\u0119 pchania i ci\u0105gni\u0119cia. Nadaje si\u0119 do podnoszenia ci\u0119\u017ckich \u0142adunk\u00f3w i wykonywania skomplikowanych zada\u0144.<\/li>\n<li>R\u00f3\u017cne typy: Si\u0142ownik czerpakowy mo\u017ce by\u0107 jednostronnego dzia\u0142ania (ci\u015bnienie hydrauliczne dzia\u0142a tylko w jednym kierunku) lub dwustronnego dzia\u0142ania (ci\u015bnienie hydrauliczne dzia\u0142a w obu kierunkach) w zale\u017cno\u015bci od konkretnych wymaga\u0144 operacyjnych. Niekt\u00f3re modele s\u0105 teleskopowe, co pozwala na wi\u0119ksze wysuni\u0119cie bez zwi\u0119kszania wymiar\u00f3w zewn\u0119trznych, dzi\u0119ki czemu nadaj\u0105 si\u0119 do zastosowa\u0144 w ograniczonej przestrzeni.<\/li>\n<li>Idealny zamiennik: Nasze produkty mog\u0105 doskonale zast\u0105pi\u0107 te si\u0142owniki hydrauliczne, zapewniaj\u0105c kompatybilno\u015b\u0107 i niezawodn\u0105 prac\u0119.<\/li>\n<\/ul>\n<p><img decoding=\"async\" src=\"https:\/\/www.hydraulic-cylinders.net\/wp-content\/uploads\/2025\/01\/songte-cylinder-head-with-all-kinds-excavator-models.webp\" alt=\"Obraz produktu\"><\/p>\n<h2>Zastosowania:<\/h2>\n<p>Cylindry kube\u0142kowe s\u0105 szeroko stosowane w r\u00f3\u017cnych ga\u0142\u0119ziach przemys\u0142u i urz\u0105dzeniach, w tym:<\/p>\n<ul>\n<li>Sprz\u0119t budowlany: Odgrywa kluczow\u0105 rol\u0119 w koparkach do kopania, za\u0142adunku i przemieszczania gleby lub gruzu. W koparko-\u0142adowarkach si\u0142ownik \u0142y\u017cki wspomaga zar\u00f3wno kopanie, jak i podnoszenie.<\/li>\n<li>Maszyny rolnicze: Stosowane w \u0142adowarkach czo\u0142owych do nabierania, podnoszenia i transportu gleby, siana i innych materia\u0142\u00f3w.<\/li>\n<li>Koparki: Cylinder \u0142y\u017cki umo\u017cliwia wykonywanie prac wykopaliskowych, pozwalaj\u0105c \u0142y\u017cce na penetracj\u0119 gleby.<\/li>\n<li>\u0141adowarki: W \u0142adowarkach czo\u0142owych pomagaj\u0105 w efektywnym podnoszeniu i wysypywaniu towar\u00f3w.<\/li>\n<\/ul>\n<h2>Zagadnienia projektowe i kryteria wyboru:<\/h2>\n<p>Zagadnienia projektowe:<\/p>\n<ul>\n<li>No\u015bno\u015b\u0107<\/li>\n<li>Opiecz\u0119towanie<\/li>\n<li>Trwa\u0142o\u015b\u0107<\/li>\n<li>Bezpiecze\u0144stwo<\/li>\n<li>Utrzymywalno\u015b\u0107<\/li>\n<\/ul>\n<p><img decoding=\"async\" src=\"https:\/\/www.hydraulic-cylinders.net\/wp-content\/uploads\/2025\/01\/songte-oil-pipes-and-spare-parts.webp\" alt=\"Rozwa\u017cania projektowe Obraz\"><\/p>\n<p>Uszczelnianie i smarowanie:<\/p>\n<p>W cylindrze kube\u0142kowym zastosowano r\u00f3\u017cnorodne uszczelnienia, takie jak uszczelnienia t\u0142oka i t\u0142oczyska, wykonane z materia\u0142\u00f3w odpornych na zu\u017cycie, takich jak poliuretan i kauczuk nitrylowy. Korpus cylindra i gwintowane ko\u0144c\u00f3wki s\u0105 precyzyjnie obrabiane w celu zwi\u0119kszenia odporno\u015bci na zu\u017cycie. Wymagane jest regularne smarowanie odpowiednim olejem hydraulicznym.<\/p>\n<p>Regularne kontrole i \u015brodki konserwacji zapobiegawczej:<\/p>\n<ul>\n<li>Sprawd\u017a cylinder i uszczelki pod k\u0105tem zu\u017cycia lub uszkodze\u0144<\/li>\n<li>Prawid\u0142owe smarowanie wszystkich ruchomych cz\u0119\u015bci<\/li>\n<li>Okresowo wymieniaj uszczelki i wykonuj kontrole kalibracji<\/li>\n<\/ul>\n<h2>Zagadnienia bezpiecze\u0144stwa i czynniki \u015brodowiskowe:<\/h2>\n<p>Zapewnienie bezpiecze\u0144stwa podczas u\u017cytkowania cylindr\u00f3w hydraulicznych jest niezwykle wa\u017cne. Nale\u017cy podj\u0105\u0107 \u015brodki ostro\u017cno\u015bci, aby zapobiec wypadkom i chroni\u0107 \u015brodowisko.<\/p>\n<h2>Diagnostyka usterek i typowe problemy:<\/h2>\n<p>Diagnostyka usterek i typowe problemy, kt\u00f3re mog\u0105 wyst\u0105pi\u0107 w cylindrach kube\u0142kowych, obejmuj\u0105:<\/p>\n<ul>\n<li>Wyciek oleju hydraulicznego<\/li>\n<li>Powolny lub niereaguj\u0105cy ruch<\/li>\n<li>Nadmierny ha\u0142as lub wibracje<\/li>\n<li>Nier\u00f3wny lub szarpany ruch<\/li>\n<\/ul>\n<p>Nale\u017cy udziela\u0107 porad i wskaz\u00f3wek dotycz\u0105cych rozwi\u0105zywania problem\u00f3w, aby skutecznie diagnozowa\u0107 i rozwi\u0105zywa\u0107 problemy, a tak\u017ce informowa\u0107 o \u015brodkach zapobiegawczych maj\u0105cych na celu minimalizacj\u0119 potencjalnych problem\u00f3w.<\/p>\n<p><img decoding=\"async\" src=\"https:\/\/www.hydraulic-cylinders.net\/wp-content\/uploads\/2025\/01\/songte-bushings-with-all-kinds-of-excavator-models.webp\" alt=\"Obraz diagnostyki usterek\"><\/p>\n<p>Instrukcja instalacji:<\/p>\n<p>Prawid\u0142owy monta\u017c ma kluczowe znaczenie dla optymalnej wydajno\u015bci i trwa\u0142o\u015bci si\u0142ownika kube\u0142kowego. Nale\u017cy przestrzega\u0107 nast\u0119puj\u0105cych wytycznych:<\/p>\n<ul>\n<li>Zapewnij prawid\u0142owe ustawienie cylindra<\/li>\n<li>Zastosuj odpowiednie wsporniki monta\u017cowe, aby zabezpieczy\u0107 cylinder<\/li>\n<li>Zalecane procedury kontroli, naprawy i wymiany<\/li>\n<li>Podaj wskaz\u00f3wki, jak wyd\u0142u\u017cy\u0107 \u017cywotno\u015b\u0107 cylindra \u0142y\u017cki<\/li>\n<\/ul>\n<h2>O naszej firmie:<\/h2>\n<p>Jeste\u015bmy wiod\u0105cym producentem i hurtowym dystrybutorem zamiennych si\u0142ownik\u00f3w hydraulicznych na rynku krajowym i mi\u0119dzynarodowym. Oferuj\u0105c szerok\u0105 gam\u0119 produkt\u00f3w, nasza firma realizuje strategi\u0119 uprzemys\u0142owionego zarz\u0105dzania produkcj\u0105, opieraj\u0105c si\u0119 na wykwalifikowanym personelu, zaawansowanym sprz\u0119cie produkcyjnym i profesjonalnych systemach testowych. Stale udoskonalamy nasz\u0105 platform\u0119 produkcyjn\u0105 i proces produkcji, d\u0105\u017c\u0105c do zaspokojenia zr\u00f3\u017cnicowanych potrzeb klient\u00f3w poprzez wysok\u0105 wydajno\u015b\u0107, precyzj\u0119 i jako\u015b\u0107.<\/p>\n<p><img decoding=\"async\" src=\"https:\/\/www.hydraulic-cylinders.net\/wp-content\/uploads\/2025\/01\/songte-company-3.webp\" alt=\"Wizerunek firmy\"><\/p>\n<p>Nasza firma znana jest z:<\/p>\n<ul>\n<li>Profesjonalizm<\/li>\n<li>Certyfikaty mi\u0119dzynarodowe<\/li>\n<li>Us\u0142ugi personalizacji<\/li>\n<li>Zaawansowany sprz\u0119t produkcyjny<\/li>\n<li>Serwis posprzeda\u017cowy<\/li>\n<\/ul>\n<p>Autor: lyl<\/p>","protected":false},"excerpt":{"rendered":"<p>Bucket Cylinder For Case Small Excavator CX58C Introduction: The bucket cylinder for the Case Small Excavator CX58C is a specialized hydraulic cylinder designed to control the movement of the bucket in heavy machinery such as excavators, backhoe loaders, and front-end loaders. Its main function is to enable the lifting, lowering, and tilting of the bucket, [&hellip;]<\/p>","protected":false},"featured_media":14788,"comment_status":"open","ping_status":"closed","template":"","meta":{"_et_pb_use_builder":"","_et_pb_old_content":"","_et_gb_content_width":""},"product_brand":[],"product_cat":[1494],"product_tag":[1495,1496],"class_list":{"0":"post-15718","1":"product","2":"type-product","3":"status-publish","4":"has-post-thumbnail","6":"product_cat-bucket-cylinders","7":"product_tag-bucket-cylinders","8":"product_tag-hydraulic-cylinders","10":"first","11":"instock","12":"shipping-taxable","13":"product-type-simple"},"amp_enabled":true,"_links":{"self":[{"href":"https:\/\/www.hydraulic-cylinders.net\/pl\/wp-json\/wp\/v2\/product\/15718","targetHints":{"allow":["GET"]}}],"collection":[{"href":"https:\/\/www.hydraulic-cylinders.net\/pl\/wp-json\/wp\/v2\/product"}],"about":[{"href":"https:\/\/www.hydraulic-cylinders.net\/pl\/wp-json\/wp\/v2\/types\/product"}],"replies":[{"embeddable":true,"href":"https:\/\/www.hydraulic-cylinders.net\/pl\/wp-json\/wp\/v2\/comments?post=15718"}],"wp:featuredmedia":[{"embeddable":true,"href":"https:\/\/www.hydraulic-cylinders.net\/pl\/wp-json\/wp\/v2\/media\/14788"}],"wp:attachment":[{"href":"https:\/\/www.hydraulic-cylinders.net\/pl\/wp-json\/wp\/v2\/media?parent=15718"}],"wp:term":[{"taxonomy":"product_brand","embeddable":true,"href":"https:\/\/www.hydraulic-cylinders.net\/pl\/wp-json\/wp\/v2\/product_brand?post=15718"},{"taxonomy":"product_cat","embeddable":true,"href":"https:\/\/www.hydraulic-cylinders.net\/pl\/wp-json\/wp\/v2\/product_cat?post=15718"},{"taxonomy":"product_tag","embeddable":true,"href":"https:\/\/www.hydraulic-cylinders.net\/pl\/wp-json\/wp\/v2\/product_tag?post=15718"}],"curies":[{"name":"wp","href":"https:\/\/api.w.org\/{rel}","templated":true}]}}