{"id":15722,"date":"2025-01-19T14:53:32","date_gmt":"2025-01-19T14:53:32","guid":{"rendered":"https:\/\/www.hydraulic-cylinders.net\/product\/bucket-cylinder-for-case-middle-excavator-cx21b-em\/"},"modified":"2025-01-19T14:53:34","modified_gmt":"2025-01-19T14:53:34","slug":"bucket-cylinder-for-case-middle-excavator-cx21b-em","status":"publish","type":"product","link":"https:\/\/www.hydraulic-cylinders.net\/pl\/produkt\/bucket-cylinder-for-case-middle-excavator-cx21b-em\/","title":{"rendered":"Si\u0142ownik \u0142y\u017cki do koparki Case Middle Excavator CX21B-EM"},"content":{"rendered":"<h1>Si\u0142ownik \u0142y\u017cki do koparki Case Middle Excavator CX21B-EM<\/h1>\n<h2>Wst\u0119p<\/h2>\n<p>Si\u0142ownik \u0142y\u017cki do koparki Case CX21B-EM to specjalnie zaprojektowany si\u0142ownik hydrauliczny, u\u017cywany g\u0142\u00f3wnie do sterowania ruchem \u0142y\u017cki w ci\u0119\u017ckich maszynach, takich jak koparki, koparko-\u0142adowarki i \u0142adowarki czo\u0142owe. Jego g\u0142\u00f3wn\u0105 funkcj\u0105 jest podnoszenie, opuszczanie i przechylanie \u0142y\u017cki, co czyni go idealnym do r\u00f3\u017cnych zada\u0144 zwi\u0105zanych z prze\u0142adunkiem materia\u0142\u00f3w. W uk\u0142adzie hydraulicznym si\u0142ownik \u0142y\u017cki zapewnia precyzyjn\u0105 kontrol\u0119 ruchu \u0142y\u017cki poprzez zmiany ci\u015bnienia oleju hydraulicznego, umo\u017cliwiaj\u0105c operatorom wydajne przenoszenie du\u017cych \u0142adunk\u00f3w i dostosowywanie si\u0119 do z\u0142o\u017conych warunk\u00f3w pracy oraz zr\u00f3\u017cnicowanych wymaga\u0144 eksploatacyjnych.<\/p>\n<p><img decoding=\"async\" src=\"https:\/\/www.hydraulic-cylinders.net\/wp-content\/uploads\/2025\/01\/songte-company-2.webp\" alt=\"Si\u0142ownik \u0142y\u017cki do koparki Case Middle Excavator CX21B-EM\"><\/p>\n<h2>Cechy<\/h2>\n<ul>\n<li>Wysoka wytrzyma\u0142o\u015b\u0107 i trwa\u0142o\u015b\u0107: zazwyczaj wykonane z wysokowytrzyma\u0142ej stali lub aluminium, wytrzymuj\u0105 wysokie ci\u015bnienia i du\u017ce obci\u0105\u017cenia, nadaj\u0105 si\u0119 do trudnych warunk\u00f3w pracy, zaprojektowane z my\u015bl\u0105 o odporno\u015bci na zu\u017cycie i korozj\u0119, co wyd\u0142u\u017ca ich \u017cywotno\u015b\u0107.<\/li>\n<li>Wydajna praca uk\u0142adu hydraulicznego: wykorzystuje ci\u015bnienie oleju hydraulicznego w celu uzyskania p\u0142ynnych ruch\u00f3w wysuwania i wsuwania, umo\u017cliwia szybk\u0105 reakcj\u0119 na polecenia steruj\u0105ce, zapewnia du\u017ce si\u0142y pchania i ci\u0105gni\u0119cia, nadaje si\u0119 do obs\u0142ugi ci\u0119\u017ckich \u0142adunk\u00f3w i skomplikowanych zada\u0144 operacyjnych.<\/li>\n<li>Wiele typ\u00f3w: cylindry jednostronnego dzia\u0142ania (hydrauliczne dzia\u0142aj\u0105ce tylko w jednym kierunku) lub dwustronnego dzia\u0142ania (hydrauliczne dzia\u0142aj\u0105ce w obu kierunkach) mo\u017cna dobra\u0107 w zale\u017cno\u015bci od potrzeb, aby spe\u0142ni\u0107 r\u00f3\u017cne wymagania operacyjne. Niekt\u00f3re modele s\u0105 teleskopowe, co pozwala na wi\u0119ksze wysuni\u0119cie bez zwi\u0119kszania wymiar\u00f3w zewn\u0119trznych, dzi\u0119ki czemu nadaj\u0105 si\u0119 do zastosowa\u0144 w ograniczonej przestrzeni.<\/li>\n<li>Wymienne: nasz produkt doskonale zast\u0119puje te si\u0142owniki hydrauliczne.<\/li>\n<\/ul>\n<p><img decoding=\"async\" src=\"https:\/\/www.hydraulic-cylinders.net\/wp-content\/uploads\/2025\/01\/songte-cylinder-head-with-all-kinds-excavator-models.webp\" alt=\"Si\u0142ownik \u0142y\u017cki do koparki Case Middle Excavator CX21B-EM\"><\/p>\n<h2>Aplikacje<\/h2>\n<h3>Sprz\u0119t budowlany<\/h3>\n<p>W koparkach s\u0105 one niezb\u0119dne do kopania, za\u0142adunku i przemieszczania gleby lub gruzu. W koparko-\u0142adowarkach cylindry \u0142y\u017cki pomagaj\u0105 zar\u00f3wno w kopaniu, jak i podnoszeniu. W \u0142adowarkach czo\u0142owych wspomagaj\u0105 efektywne podnoszenie i przechylanie \u0142adunk\u00f3w.<\/p>\n<h3>Maszyny rolnicze<\/h3>\n<p>Stosowane w \u0142adowarkach czo\u0142owych do nabierania, podnoszenia i transportu gleby, siana i innych materia\u0142\u00f3w; w koparkach si\u0142owniki \u0142y\u017cki umo\u017cliwiaj\u0105 kopanie, pozwalaj\u0105c \u0142y\u017cce na zag\u0142\u0119bianie si\u0119 w gleb\u0119.<\/p>\n<h2>Zagadnienia projektowe i kryteria wyboru<\/h2>\n<h3>Kluczowe zagadnienia<\/h3>\n<ul>\n<li>No\u015bno\u015b\u0107<\/li>\n<li>Opiecz\u0119towanie<\/li>\n<li>Trwa\u0142o\u015b\u0107<\/li>\n<li>Bezpiecze\u0144stwo<\/li>\n<li>Konserwacja<\/li>\n<\/ul>\n<p><img decoding=\"async\" src=\"https:\/\/www.hydraulic-cylinders.net\/wp-content\/uploads\/2025\/01\/songte-oil-pipes-and-spare-parts.webp\" alt=\"Si\u0142ownik \u0142y\u017cki do koparki Case Middle Excavator CX21B-EM\"><\/p>\n<h3>Uszczelnianie i smarowanie<\/h3>\n<p>Stosowane s\u0105 r\u00f3\u017cne elementy uszczelniaj\u0105ce, takie jak uszczelnienia t\u0142oczysk i t\u0142oczysk, wykonane z materia\u0142\u00f3w odpornych na zu\u017cycie, takich jak poliuretan i kauczuk nitrylowy. Korpus cylindra i gwintowane powierzchnie ko\u0144cowe s\u0105 precyzyjnie obrabiane w celu zwi\u0119kszenia odporno\u015bci na zu\u017cycie. Do smarowania wymagane jest regularne dodawanie odpowiedniego oleju hydraulicznego.<\/p>\n<h3>Konserwacja i naprawa<\/h3>\n<p>Regularne przegl\u0105dy, odpowiednie smarowanie, wymiana uszczelek i kalibracja to typowe czynno\u015bci konserwacyjne. Prawid\u0142owy monta\u017c, smarowanie i regulacja s\u0105 kluczowe dla zapewnienia d\u0142ugotrwa\u0142ej \u017cywotno\u015bci cylindra. Konieczne jest prawid\u0142owe ustawienie cylindra podczas monta\u017cu, a zaleca si\u0119 stosowanie odpowiednich wspornik\u00f3w monta\u017cowych do zabezpieczenia cylindra. Oferujemy zalecane procedury kontroli, naprawy i wymiany, a tak\u017ce us\u0142ugi wymiany cz\u0119\u015bci i regeneracji, aby wyd\u0142u\u017cy\u0107 \u017cywotno\u015b\u0107 cylindra kube\u0142kowego.<\/p>\n<p><img decoding=\"async\" src=\"https:\/\/www.hydraulic-cylinders.net\/wp-content\/uploads\/2025\/01\/songte-chushion-collar.webp\" alt=\"Si\u0142ownik \u0142y\u017cki do koparki Case Middle Excavator CX21B-EM\"><\/p>\n<h2>Zagadnienia bezpiecze\u0144stwa i czynniki \u015brodowiskowe<\/h2>\n<p>Podczas u\u017cytkowania si\u0142ownika czerpakowego kluczowe znaczenie maj\u0105 \u015brodki bezpiecze\u0144stwa, w tym prawid\u0142owa instalacja, konserwacja i naprawy. Regularne przegl\u0105dy, odpowiednie smarowanie, wymiana uszczelek i kontrole kalibracji s\u0105 przeprowadzane w celu zminimalizowania potencjalnego wp\u0142ywu na \u015brodowisko.<\/p>\n<h2>Typowa diagnostyka usterek i rozwi\u0105zywanie problem\u00f3w<\/h2>\n<p>Do typowych problem\u00f3w z si\u0142ownikami czerpakowymi nale\u017c\u0105 nieszczelno\u015bci, niewystarczaj\u0105ca lub powolna praca oraz nietypowe odg\u0142osy. Przedstawiono wskaz\u00f3wki i rozwi\u0105zania dotycz\u0105ce rozwi\u0105zywania problem\u00f3w, aby pom\u00f3c czytelnikom w diagnozowaniu i skutecznym rozwi\u0105zywaniu problem\u00f3w. Sugerowane s\u0105 \u015brodki zapobiegawcze w celu zminimalizowania potencjalnych problem\u00f3w.<\/p>\n<p><img decoding=\"async\" src=\"https:\/\/www.hydraulic-cylinders.net\/wp-content\/uploads\/2025\/01\/songte-bushings-with-all-kinds-of-excavator-models.webp\" alt=\"Si\u0142ownik \u0142y\u017cki do koparki Case Middle Excavator CX21B-EM\"><\/p>\n<h2>O nas<\/h2>\n<p>Jeste\u015bmy producentem zamiennych cylindr\u00f3w hydraulicznych, oferuj\u0105cym pe\u0142n\u0105 gam\u0119 produkt\u00f3w, i stali\u015bmy si\u0119 jednym z wiod\u0105cych producent\u00f3w i hurtowych dystrybutor\u00f3w cylindr\u00f3w hydraulicznych na rynku krajowym i mi\u0119dzynarodowym. Kierujemy si\u0119 zasad\u0105 doskona\u0142o\u015bci jako\u015bci i opieramy si\u0119 na przemys\u0142owych strategiach zarz\u0105dzania produkcj\u0105 w naszych precyzyjnie wyposa\u017conych warsztatach, stale ulepszaj\u0105c nasz\u0105 platform\u0119 produkcyjn\u0105 i doskonal\u0105c jako\u015b\u0107 produkcji dzi\u0119ki wykorzystaniu talent\u00f3w technicznych, zdigitalizowanego, wysokiej klasy sprz\u0119tu produkcyjnego oraz profesjonalnych system\u00f3w testowych. Dysponujemy solidnym potencja\u0142em kreatywnym i jeste\u015bmy w stanie sprosta\u0107 zr\u00f3\u017cnicowanym wymaganiom klient\u00f3w, kieruj\u0105c si\u0119 zasadami wysokiej wydajno\u015bci, precyzji i jako\u015bci.<\/p>\n<p><img decoding=\"async\" src=\"https:\/\/hzpt.com\/wp-content\/uploads\/2024\/11\/songte-company-1.webp\" alt=\"Si\u0142ownik \u0142y\u017cki do koparki Case Middle Excavator CX21B-EM\"><\/p>\n<h3>Profesjonalizm<\/h3>\n<p>Dostarczamy naszym klientom profesjonalne rozwi\u0105zania w zakresie si\u0142ownik\u00f3w hydraulicznych.<\/p>\n<h3>Mi\u0119dzynarodowa Certyfikacja<\/h3>\n<p>Nasze produkty posiadaj\u0105 certyfikaty mi\u0119dzynarodowe, takie jak ISO9001 i CE.<\/p>\n<h3>Us\u0142ugi personalizacji<\/h3>\n<p>Oferujemy us\u0142ugi dostosowywania do indywidualnych potrzeb naszych klient\u00f3w.<\/p>\n<h3>Sprz\u0119t produkcyjny<\/h3>\n<p>W celu zapewnienia jako\u015bci naszych produkt\u00f3w wykorzystujemy najnowocze\u015bniejszy sprz\u0119t produkcyjny.<\/p>\n<h3>Serwis posprzeda\u017cowy<\/h3>\n<p>Zapewniamy naszym klientom kompleksowy serwis posprzeda\u017cowy i wsparcie techniczne.<\/p>\n<p>Autor: lyl<\/p>","protected":false},"excerpt":{"rendered":"<p>Bucket Cylinder For Case Middle Excavator CX21B-EM Introduction The bucket cylinder for Case middle excavator CX21B-EM is a specially designed hydraulic cylinder used primarily to control the movement of the bucket in heavy machinery such as excavators, backhoe excavators, and front-end loaders. Its primary function is to allow the bucket to lift, lower, and tilt, [&hellip;]<\/p>","protected":false},"featured_media":14782,"comment_status":"open","ping_status":"closed","template":"","meta":{"_et_pb_use_builder":"","_et_pb_old_content":"","_et_gb_content_width":""},"product_brand":[],"product_cat":[1494],"product_tag":[1495,1496],"class_list":{"0":"post-15722","1":"product","2":"type-product","3":"status-publish","4":"has-post-thumbnail","6":"product_cat-bucket-cylinders","7":"product_tag-bucket-cylinders","8":"product_tag-hydraulic-cylinders","10":"first","11":"instock","12":"shipping-taxable","13":"product-type-simple"},"amp_enabled":true,"_links":{"self":[{"href":"https:\/\/www.hydraulic-cylinders.net\/pl\/wp-json\/wp\/v2\/product\/15722","targetHints":{"allow":["GET"]}}],"collection":[{"href":"https:\/\/www.hydraulic-cylinders.net\/pl\/wp-json\/wp\/v2\/product"}],"about":[{"href":"https:\/\/www.hydraulic-cylinders.net\/pl\/wp-json\/wp\/v2\/types\/product"}],"replies":[{"embeddable":true,"href":"https:\/\/www.hydraulic-cylinders.net\/pl\/wp-json\/wp\/v2\/comments?post=15722"}],"wp:featuredmedia":[{"embeddable":true,"href":"https:\/\/www.hydraulic-cylinders.net\/pl\/wp-json\/wp\/v2\/media\/14782"}],"wp:attachment":[{"href":"https:\/\/www.hydraulic-cylinders.net\/pl\/wp-json\/wp\/v2\/media?parent=15722"}],"wp:term":[{"taxonomy":"product_brand","embeddable":true,"href":"https:\/\/www.hydraulic-cylinders.net\/pl\/wp-json\/wp\/v2\/product_brand?post=15722"},{"taxonomy":"product_cat","embeddable":true,"href":"https:\/\/www.hydraulic-cylinders.net\/pl\/wp-json\/wp\/v2\/product_cat?post=15722"},{"taxonomy":"product_tag","embeddable":true,"href":"https:\/\/www.hydraulic-cylinders.net\/pl\/wp-json\/wp\/v2\/product_tag?post=15722"}],"curies":[{"name":"wp","href":"https:\/\/api.w.org\/{rel}","templated":true}]}}