{"id":15735,"date":"2025-01-19T14:54:37","date_gmt":"2025-01-19T14:54:37","guid":{"rendered":"https:\/\/www.hydraulic-cylinders.net\/product\/bucket-cylinder-for-zhenyu-small-excavator-zy260\/"},"modified":"2025-01-19T14:54:39","modified_gmt":"2025-01-19T14:54:39","slug":"bucket-cylinder-for-zhenyu-small-excavator-zy260","status":"publish","type":"product","link":"https:\/\/www.hydraulic-cylinders.net\/pl\/produkt\/bucket-cylinder-for-zhenyu-small-excavator-zy260\/","title":{"rendered":"Cylinder \u0142y\u017cki do ma\u0142ej koparki Zhenyu ZY260"},"content":{"rendered":"<h1>Cylinder \u0142y\u017cki do ma\u0142ej koparki Zhenyu ZY260<\/h1>\n<h2>Wst\u0119p<\/h2>\n<p>Si\u0142ownik \u0142y\u017cki do ma\u0142ej koparki Zhenyu ZY260 to rodzaj si\u0142ownika hydraulicznego specjalnie zaprojektowanego do sterowania ruchem \u0142y\u017cki w ci\u0119\u017ckich maszynach, takich jak koparki, koparko-\u0142adowarki i \u0142adowarki czo\u0142owe. Jego g\u0142\u00f3wn\u0105 funkcj\u0105 jest podnoszenie, opuszczanie i przechylanie \u0142y\u017cki, u\u0142atwiaj\u0105c prze\u0142adunek r\u00f3\u017cnorodnych materia\u0142\u00f3w podczas wykonywania r\u00f3\u017cnorodnych zada\u0144. W uk\u0142adzie hydraulicznym si\u0142ownik \u0142y\u017cki wykorzystuje zmiany ci\u015bnienia oleju hydraulicznego, aby zapewni\u0107 precyzyjn\u0105 kontrol\u0119 nad \u0142y\u017ck\u0105, umo\u017cliwiaj\u0105c operatorom wydajne przenoszenie ci\u0119\u017ckich przedmiot\u00f3w, adaptacj\u0119 do z\u0142o\u017conych warunk\u00f3w pracy i zr\u00f3\u017cnicowanych wymaga\u0144.<\/p>\n<p><img decoding=\"async\" src=\"https:\/\/www.hydraulic-cylinders.net\/wp-content\/uploads\/2025\/01\/songte-company-2.webp\" alt=\"Cylinder \u0142y\u017cki do ma\u0142ej koparki Zhenyu ZY260\" \/><\/p>\n<h2>Cechy<\/h2>\n<ul>\n<li>\n<h3>Wysoka wytrzyma\u0142o\u015b\u0107 i trwa\u0142o\u015b\u0107<\/h3>\n<p>Cylinder czerpakowy jest zwykle wykonany z wysokowytrzyma\u0142ej stali lub aluminium, co pozwala na wytrzymywanie du\u017cego ci\u015bnienia i du\u017cych obci\u0105\u017ce\u0144, przystosowanie do trudnych warunk\u00f3w pracy oraz uwzgl\u0119dnienie w konstrukcji odporno\u015bci na zu\u017cycie i korozj\u0119, co wyd\u0142u\u017ca jego \u017cywotno\u015b\u0107.<\/p>\n<\/li>\n<li>\n<h3>Wydajna praca hydrauliczna<\/h3>\n<p>Si\u0142ownik czerpakowy wykorzystuje ci\u015bnienie oleju hydraulicznego, aby zapewni\u0107 p\u0142ynny ruch rozszerzania i kurczenia, mo\u017ce szybko reagowa\u0107 na polecenia steruj\u0105ce, zapewnia du\u017c\u0105 si\u0142\u0119 pchania i ci\u0105gni\u0119cia oraz nadaje si\u0119 do przenoszenia ci\u0119\u017ckich przedmiot\u00f3w i wykonywania skomplikowanych zada\u0144.<\/p>\n<\/li>\n<li>\n<h3>R\u00f3\u017cne typy<\/h3>\n<p>Si\u0142ownik czerpakowy mo\u017ce by\u0107 wybrany jako si\u0142ownik jednostronnego dzia\u0142ania (hydrauliczny dzia\u0142aj\u0105cy tylko w jednym kierunku) lub dwustronnego dzia\u0142ania (hydrauliczny dzia\u0142aj\u0105cy w dw\u00f3ch kierunkach), w zale\u017cno\u015bci od wymaga\u0144 i potrzeb eksploatacyjnych. Niekt\u00f3re modele s\u0105 teleskopowe, co pozwala na wi\u0119ksze wysuni\u0119cie bez zwi\u0119kszania wymiar\u00f3w zewn\u0119trznych i nadaje si\u0119 do zastosowa\u0144 w ograniczonej przestrzeni.<\/p>\n<\/li>\n<li>\n<h3>Wyprodukowano przez nasz\u0105 firm\u0119<\/h3>\n<p>Nasz produkt mo\u017ce doskonale zast\u0105pi\u0107 tego typu si\u0142owniki hydrauliczne.<\/p>\n<\/li>\n<li>\n<h3>Aplikacje<\/h3>\n<p>Cylinder czerpakowy jest powszechnie stosowany w r\u00f3\u017cnych maszynach ci\u0119\u017ckich, w tym m.in.:<\/p>\n<ul>\n<li>Sprz\u0119t budowlany: koparki, koparko-\u0142adowarki, \u0142adowarki czo\u0142owe<\/li>\n<li>Maszyny rolnicze: \u0142adowarki czo\u0142owe, koparki<\/li>\n<\/ul>\n<\/li>\n<\/ul>\n<h2>Zagadnienia projektowe i kryteria wyboru<\/h2>\n<ul>\n<li>\n<h3>No\u015bno\u015b\u0107<\/h3>\n<p>No\u015bno\u015b\u0107 cylindra czerpakowego jest jednym z najwa\u017cniejszych parametr\u00f3w konstrukcyjnych, jakie nale\u017cy bra\u0107 pod uwag\u0119, aby mie\u0107 pewno\u015b\u0107, \u017ce cylinder b\u0119dzie dzia\u0142a\u0142 p\u0142ynnie i bezpiecznie przy r\u00f3\u017cnych obci\u0105\u017ceniach i ci\u015bnieniach.<\/p>\n<\/li>\n<li>\n<h3>Opiecz\u0119towanie<\/h3>\n<p>W cylindrze kube\u0142kowym zastosowano r\u00f3\u017cne elementy uszczelniaj\u0105ce, takie jak uszczelki t\u0142oka i t\u0142oczyska. Uszczelnienia wykonane s\u0105 z materia\u0142\u00f3w odpornych na zu\u017cycie, takich jak poliuretan i kauczuk nitrylowy, co zapewnia trwa\u0142o\u015b\u0107 cylindra i zapobiega wyciekom.<\/p>\n<\/li>\n<li>\n<h3>Trwa\u0142o\u015b\u0107<\/h3>\n<p>Trwa\u0142o\u015b\u0107 cylindra \u0142y\u017cki ma zasadnicze znaczenie w jego projektowaniu, aby mie\u0107 pewno\u015b\u0107, \u017ce wytrzyma on r\u00f3\u017cne warunki pracy i obci\u0105\u017cenia bez uszkodze\u0144, wyd\u0142u\u017caj\u0105c tym samym jego \u017cywotno\u015b\u0107.<\/p>\n<\/li>\n<li>\n<h3>Bezpiecze\u0144stwo<\/h3>\n<p>Bezpiecze\u0144stwo cylindra \u0142y\u017cki jest kluczowym czynnikiem branym pod uwag\u0119 podczas projektowania, aby mie\u0107 pewno\u015b\u0107, \u017ce b\u0119dzie on dzia\u0142a\u0142 bezpiecznie, wydajnie i bez wypadk\u00f3w.<\/p>\n<\/li>\n<li>\n<h3>Konserwacja<\/h3>\n<p>Konserwacja cylindra czerpakowego powinna by\u0107 \u0142atwa i wygodna. Cylinder powinien by\u0107 \u0142atwy w demonta\u017cu, czyszczeniu i wymianie cz\u0119\u015bci, w tym uszczelnie\u0144 i \u0142o\u017cysk, aby zachowa\u0107 jego doskona\u0142\u0105 wydajno\u015b\u0107.<\/p>\n<\/li>\n<\/ul>\n<p><img decoding=\"async\" src=\"https:\/\/www.hydraulic-cylinders.net\/wp-content\/uploads\/2025\/01\/songte-oil-pipes-and-spare-parts.webp\" alt=\"Konserwacja i naprawa cylindra \u0142y\u017cki\" \/><\/p>\n<h2>Uszczelnianie i smarowanie<\/h2>\n<p>W si\u0142owniku kube\u0142kowym zastosowano r\u00f3\u017cne elementy uszczelniaj\u0105ce, takie jak uszczelnienia t\u0142oka i t\u0142oczyska. Uszczelnienia wykonane s\u0105 z materia\u0142\u00f3w odpornych na zu\u017cycie, takich jak poliuretan i kauczuk nitrylowy, co zapewnia trwa\u0142o\u015b\u0107 si\u0142ownika i zapobiega wyciekom. Korpus si\u0142ownika i powierzchnia gwintu zosta\u0142y poddane starannej obr\u00f3bce w celu zwi\u0119kszenia odporno\u015bci na zu\u017cycie. Si\u0142ownik kube\u0142kowy wymaga regularnego nape\u0142niania odpowiedni\u0105 ilo\u015bci\u0105 oleju hydraulicznego w celu smarowania, aby zapewni\u0107 jego wydajn\u0105 prac\u0119.<\/p>\n<h2>Inspekcja i konserwacja zapobiegawcza<\/h2>\n<ul>\n<li>\n<h3>Regularna kontrola<\/h3>\n<p>W przypadku cylindra czerpakowego konieczna jest regularna kontrola cz\u0119\u015bci hydraulicznych, uszczelnie\u0144 i \u0142o\u017cysk, aby mie\u0107 pewno\u015b\u0107, \u017ce s\u0105 w dobrym stanie i zapobiec potencjalnym problemom.<\/p>\n<\/li>\n<li>\n<h3>Smarowanie<\/h3>\n<p>Aby zapewni\u0107 wydajn\u0105 i p\u0142ynn\u0105 prac\u0119 si\u0142ownika czerpaka nale\u017cy go regularnie smarowa\u0107.<\/p>\n<\/li>\n<li>\n<h3>Wymiana uszczelki i kontrola kalibracji<\/h3>\n<p>Uszczelki cylindra wiadra nale\u017cy regularnie wymienia\u0107, aby zapobiec wyciekom, a cylinder nale\u017cy kalibrowa\u0107, aby zapewni\u0107 jego dok\u0142adno\u015b\u0107.<\/p>\n<\/li>\n<\/ul>\n<p><img decoding=\"async\" src=\"https:\/\/www.hydraulic-cylinders.net\/wp-content\/uploads\/2025\/01\/songte-chushion-collar.webp\" alt=\"Monta\u017c cylindra kube\u0142kowego\" \/><\/p>\n<h2>Instalacja<\/h2>\n<p>Podczas instalacji nale\u017cy prawid\u0142owo ustawi\u0107 cylinder i zapewni\u0107 jego bezpieczne zamocowanie. Zalecamy u\u017cycie odpowiednich wspornik\u00f3w monta\u017cowych do zamocowania cylindra oraz przestrzeganie zalecanych procedur kontroli, naprawy i wymiany, aby utrzyma\u0107 doskona\u0142\u0105 wydajno\u015b\u0107 cylindra.<\/p>\n<h2>Zagadnienia bezpiecze\u0144stwa i czynniki \u015brodowiskowe<\/h2>\n<p>Bezpieczne u\u017cytkowanie cylindra kube\u0142kowego wymaga \u015bcis\u0142ego przestrzegania przepis\u00f3w bezpiecze\u0144stwa i stosowania odpowiednich \u015brodk\u00f3w ostro\u017cno\u015bci, takich jak noszenie odzie\u017cy ochronnej i unikanie przeci\u0105\u017ce\u0144. Czynniki \u015brodowiskowe, takie jak temperatura, wilgotno\u015b\u0107 i kurz, mog\u0105 wp\u0142ywa\u0107 na wydajno\u015b\u0107 i \u017cywotno\u015b\u0107 cylindra, dlatego nale\u017cy podj\u0105\u0107 odpowiednie \u015brodki ochrony \u015brodowiska.<\/p>\n<h2>Rozwi\u0105zywanie problem\u00f3w i typowe problemy<\/h2>\n<p>Si\u0142ownik czerpakowy mo\u017ce napotyka\u0107 r\u00f3\u017cne problemy podczas u\u017cytkowania, takie jak wycieki, powolny ruch i niewystarczaj\u0105ca si\u0142a. Rozwi\u0105zywanie problem\u00f3w i typowe problemy z si\u0142ownikiem mo\u017cna rozwi\u0105za\u0107 poprzez regularne kontrole, konserwacj\u0119 i naprawy, takie jak wymiana uszczelnie\u0144 i \u0142o\u017cysk, regulacja si\u0142y pchania i ci\u0105gni\u0119cia oraz wymiana zu\u017cytych cz\u0119\u015bci.<\/p>\n<p><img decoding=\"async\" src=\"https:\/\/www.hydraulic-cylinders.net\/wp-content\/uploads\/2025\/01\/songte-bushings-with-all-kinds-of-excavator-models.webp\" alt=\"Rozwi\u0105zywanie problem\u00f3w z cylindrem \u0142y\u017cki\" \/><\/p>\n<h2>O naszej firmie<\/h2>\n<p>Jeste\u015bmy producentem cylindr\u00f3w hydraulicznych, oferuj\u0105cym szerok\u0105 gam\u0119 produkt\u00f3w, w tym cylindry kube\u0142kowe, i stali\u015bmy si\u0119 jednym z wiod\u0105cych producent\u00f3w i hurtowych dystrybutor\u00f3w cylindr\u00f3w hydraulicznych na rynku krajowym i mi\u0119dzynarodowym. Przestrzegamy zasady doskona\u0142ej jako\u015bci, opieramy si\u0119 na strategii zarz\u0105dzania produkcj\u0105 przemys\u0142ow\u0105 w naszych warsztatach produkcyjnych i stale ulepszamy platform\u0119 produkcyjn\u0105, wykorzystuj\u0105c talenty techniczne, cyfrowy sprz\u0119t produkcyjny wysokiej klasy oraz profesjonalne systemy testowe. Posiadamy bogate do\u015bwiadczenie w produkcji i zaspokajamy zr\u00f3\u017cnicowane potrzeby klient\u00f3w, oferuj\u0105c wysok\u0105 wydajno\u015b\u0107, precyzj\u0119 i wysok\u0105 jako\u015b\u0107 produkt\u00f3w. Oferujemy profesjonalne us\u0142ugi, mi\u0119dzynarodowe certyfikaty i us\u0142ugi dostosowane do indywidualnych potrzeb, a tak\u017ce zaawansowany sprz\u0119t produkcyjny i serwis posprzeda\u017cowy.<\/p>\n<p><img decoding=\"async\" src=\"https:\/\/hzpt.com\/wp-content\/uploads\/2024\/11\/songte-company-1.webp\" alt=\"Nasza firma\" \/><\/p>\n<p>Autor: lyl.<\/p>","protected":false},"excerpt":{"rendered":"<p>Bucket Cylinder For Zhenyu Small Excavator ZY260 Introduction The bucket cylinder for Zhenyu small excavator ZY260 is a type of hydraulic cylinder specially designed to control the movement of the bucket in heavy machinery such as excavators, backhoe loaders, and front-end loaders. Its main function is to lift, lower, and tilt the bucket, making it [&hellip;]<\/p>","protected":false},"featured_media":14785,"comment_status":"open","ping_status":"closed","template":"","meta":{"_et_pb_use_builder":"","_et_pb_old_content":"","_et_gb_content_width":""},"product_brand":[],"product_cat":[1494],"product_tag":[1495,1496],"class_list":{"0":"post-15735","1":"product","2":"type-product","3":"status-publish","4":"has-post-thumbnail","6":"product_cat-bucket-cylinders","7":"product_tag-bucket-cylinders","8":"product_tag-hydraulic-cylinders","10":"first","11":"instock","12":"shipping-taxable","13":"product-type-simple"},"amp_enabled":true,"_links":{"self":[{"href":"https:\/\/www.hydraulic-cylinders.net\/pl\/wp-json\/wp\/v2\/product\/15735","targetHints":{"allow":["GET"]}}],"collection":[{"href":"https:\/\/www.hydraulic-cylinders.net\/pl\/wp-json\/wp\/v2\/product"}],"about":[{"href":"https:\/\/www.hydraulic-cylinders.net\/pl\/wp-json\/wp\/v2\/types\/product"}],"replies":[{"embeddable":true,"href":"https:\/\/www.hydraulic-cylinders.net\/pl\/wp-json\/wp\/v2\/comments?post=15735"}],"wp:featuredmedia":[{"embeddable":true,"href":"https:\/\/www.hydraulic-cylinders.net\/pl\/wp-json\/wp\/v2\/media\/14785"}],"wp:attachment":[{"href":"https:\/\/www.hydraulic-cylinders.net\/pl\/wp-json\/wp\/v2\/media?parent=15735"}],"wp:term":[{"taxonomy":"product_brand","embeddable":true,"href":"https:\/\/www.hydraulic-cylinders.net\/pl\/wp-json\/wp\/v2\/product_brand?post=15735"},{"taxonomy":"product_cat","embeddable":true,"href":"https:\/\/www.hydraulic-cylinders.net\/pl\/wp-json\/wp\/v2\/product_cat?post=15735"},{"taxonomy":"product_tag","embeddable":true,"href":"https:\/\/www.hydraulic-cylinders.net\/pl\/wp-json\/wp\/v2\/product_tag?post=15735"}],"curies":[{"name":"wp","href":"https:\/\/api.w.org\/{rel}","templated":true}]}}