{"id":15743,"date":"2025-01-19T14:55:09","date_gmt":"2025-01-19T14:55:09","guid":{"rendered":"https:\/\/www.hydraulic-cylinders.net\/product\/bucket-cylinder-for-world-middle-excavator-w2225lc-8\/"},"modified":"2025-01-19T14:55:14","modified_gmt":"2025-01-19T14:55:14","slug":"bucket-cylinder-for-world-middle-excavator-w2225lc-8","status":"publish","type":"product","link":"https:\/\/www.hydraulic-cylinders.net\/pl\/produkt\/bucket-cylinder-for-world-middle-excavator-w2225lc-8\/","title":{"rendered":"Si\u0142ownik \u0142y\u017cki do koparki World Middle W2225LC-8"},"content":{"rendered":"<h1>Si\u0142ownik \u0142y\u017cki do koparki World Middle W2225LC-8<\/h1>\n<h2>Wst\u0119p<\/h2>\n<p>Si\u0142ownik \u0142y\u017cki do koparki World Middle Excavator W2225LC-8 to specjalnie zaprojektowany si\u0142ownik hydrauliczny s\u0142u\u017c\u0105cy do sterowania ruchem \u0142y\u017cek w ci\u0119\u017ckich maszynach, takich jak koparki, koparko-\u0142adowarki i \u0142adowarki czo\u0142owe. Jego g\u0142\u00f3wn\u0105 funkcj\u0105 jest podnoszenie, opuszczanie i przechylanie \u0142y\u017cki, u\u0142atwiaj\u0105c wykonywanie r\u00f3\u017cnych zada\u0144 zwi\u0105zanych z prze\u0142adunkiem materia\u0142\u00f3w. W uk\u0142adzie hydraulicznym si\u0142ownik \u0142y\u017cki zapewnia precyzyjn\u0105 kontrol\u0119 nad \u0142y\u017ck\u0105 poprzez zmiany ci\u015bnienia oleju hydraulicznego, umo\u017cliwiaj\u0105c operatorom wydajne przenoszenie ci\u0119\u017ckich \u0142adunk\u00f3w i dostosowywanie si\u0119 do z\u0142o\u017conych warunk\u00f3w pracy oraz zr\u00f3\u017cnicowanych wymaga\u0144.<\/p>\n<p><img decoding=\"async\" src=\"https:\/\/www.hydraulic-cylinders.net\/wp-content\/uploads\/2025\/01\/songte-company-2.webp\"><\/p>\n<h2>Cechy<\/h2>\n<ul>\n<li>Wysoka wytrzyma\u0142o\u015b\u0107 i trwa\u0142o\u015b\u0107: Zazwyczaj wykonane z wytrzyma\u0142ej stali lub aluminium, wytrzymuj\u0105 du\u017ce ci\u015bnienie i du\u017ce obci\u0105\u017cenia, a tak\u017ce s\u0105 projektowane z uwzgl\u0119dnieniem odporno\u015bci na zu\u017cycie i korozj\u0119, aby wyd\u0142u\u017cy\u0107 okres eksploatacji.<\/li>\n<li>Wydajne dzia\u0142anie uk\u0142adu hydraulicznego: p\u0142ynne rozci\u0105ganie i kurczenie uzyskiwane dzi\u0119ki ci\u015bnieniu oleju hydraulicznego, szybka reakcja na polecenia steruj\u0105ce, du\u017ca si\u0142a pchania i ci\u0105gni\u0119cia, odpowiednie do obs\u0142ugi ci\u0119\u017ckich \u0142adunk\u00f3w i wykonywania skomplikowanych zada\u0144.<\/li>\n<li>R\u00f3\u017cne typy: Si\u0142owniki jednostronnego dzia\u0142ania (wykorzystuj\u0105ce hydraulik\u0119 tylko w jednym kierunku) lub dwustronnego dzia\u0142ania (wykorzystuj\u0105ce hydraulik\u0119 w obu kierunkach) mo\u017cna dobra\u0107 w zale\u017cno\u015bci od potrzeb, aby spe\u0142ni\u0107 r\u00f3\u017cne wymagania operacyjne. Niekt\u00f3re modele s\u0105 teleskopowe, co pozwala na wi\u0119ksze wysuni\u0119cie bez zwi\u0119kszania wymiar\u00f3w zewn\u0119trznych, i nadaje si\u0119 do zastosowa\u0144 w ograniczonej przestrzeni.<\/li>\n<li>\u0141atwa wymiana: Nasz produkt doskonale zast\u0119puje te si\u0142owniki hydrauliczne.<\/li>\n<\/ul>\n<p><img decoding=\"async\" src=\"https:\/\/www.hydraulic-cylinders.net\/wp-content\/uploads\/2025\/01\/songte-cylinder-head-with-all-kinds-excavator-models.webp\"><\/p>\n<h2>Aplikacje<\/h2>\n<p>Si\u0142ownik \u0142y\u017cki jest powszechnie stosowany w sprz\u0119cie budowlanym, takim jak koparki, koparko-\u0142adowarki i \u0142adowarki czo\u0142owe. Oto kilka przyk\u0142ad\u00f3w:<\/p>\n<h3>Sprz\u0119t budowlany<\/h3>\n<ul>\n<li><strong>Koparki:<\/strong> Cylindry \u0142y\u017cki pomagaj\u0105 w kopaniu, umo\u017cliwiaj\u0105c \u0142y\u017cce zag\u0142\u0119bianie si\u0119 w gleb\u0119.<\/li>\n<li><strong>Koparki koparkowe:<\/strong> Si\u0142ownik \u0142y\u017cki u\u0142atwia kopanie i podnoszenie.<\/li>\n<li><strong>\u0141adowarki czo\u0142owe:<\/strong> Cylindry czerpakowe pomagaj\u0105 w efektywnym podnoszeniu i zrzucaniu materia\u0142\u00f3w.<\/li>\n<\/ul>\n<h3>Maszyny rolnicze<\/h3>\n<ul>\n<li><strong>\u0141adowarki czo\u0142owe:<\/strong> S\u0142u\u017cy do za\u0142adunku, podnoszenia i transportu ziemi, siana i innych materia\u0142\u00f3w.<\/li>\n<\/ul>\n<h2>Zagadnienia projektowe i kryteria wyboru<\/h2>\n<p>Konstrukcja cylindra kube\u0142kowego uwzgl\u0119dnia kilka czynnik\u00f3w, kt\u00f3re zapewniaj\u0105 optymaln\u0105 wydajno\u015b\u0107. Oto kilka istotnych kwestii projektowych i kryteri\u00f3w wyboru:<\/p>\n<h3>No\u015bno\u015b\u0107<\/h3>\n<p>Cylinder musi by\u0107 w stanie wytrzyma\u0107 wysokie ci\u015bnienie i du\u017ce obci\u0105\u017cenia.<\/p>\n<h3>Opiecz\u0119towanie<\/h3>\n<p>Cylinder musi by\u0107 wyposa\u017cony w wysokiej jako\u015bci uszczelki, kt\u00f3re zapobiegn\u0105 wyciekom oleju i zagwarantuj\u0105 p\u0142ynn\u0105 prac\u0119 cylindra.<\/p>\n<h3>Trwa\u0142o\u015b\u0107<\/h3>\n<p>Cylinder musi by\u0107 odporny na zu\u017cycie i korozj\u0119 oraz wytrzymywa\u0107 trudne warunki pracy.<\/p>\n<h3>Bezpiecze\u0144stwo<\/h3>\n<p>Cylinder powinien by\u0107 zaprojektowany w taki spos\u00f3b, aby zminimalizowa\u0107 ryzyko wypadk\u00f3w spowodowanych awari\u0105 cylindra.<\/p>\n<h3>Konserwacja<\/h3>\n<p>Cylinder powinien by\u0107 zaprojektowany w spos\u00f3b umo\u017cliwiaj\u0105cy jak naj\u0142atwiejsz\u0105 konserwacj\u0119 i napraw\u0119.<\/p>\n<p><img decoding=\"async\" src=\"https:\/\/www.hydraulic-cylinders.net\/wp-content\/uploads\/2025\/01\/songte-oil-pipes-and-spare-parts.webp\"><\/p>\n<h2>Uszczelnianie i smarowanie<\/h2>\n<p>W cylindrze kube\u0142kowym zastosowano r\u00f3\u017cnorodne uszczelnienia, takie jak uszczelnienia t\u0142oka, uszczelnienia t\u0142oczyska i inne, wykonane z materia\u0142\u00f3w odpornych na zu\u017cycie, takich jak poliuretan i kauczuk nitrylowy. Powierzchnia cylindra i gwintowane ko\u0144c\u00f3wki s\u0105 precyzyjnie obrobione, aby zwi\u0119kszy\u0107 odporno\u015b\u0107 na zu\u017cycie. Aby zapewni\u0107 p\u0142ynn\u0105 prac\u0119, wymagane jest regularne smarowanie olejem hydraulicznym.<\/p>\n<h2>Konserwacja i \u015brodki zapobiegawcze<\/h2>\n<p>Regularne przegl\u0105dy, prawid\u0142owe smarowanie, wymiana uszczelek i kalibracja to typowe czynno\u015bci konserwacyjne, kt\u00f3re mog\u0105 pom\u00f3c wyd\u0142u\u017cy\u0107 \u017cywotno\u015b\u0107 cylindra. Prawid\u0142owy monta\u017c, smarowanie i regulacja maj\u0105 kluczowe znaczenie, a podczas instalacji nale\u017cy zapewni\u0107 odpowiednie wyosiowanie. Zaleca si\u0119 stosowanie odpowiednich wspornik\u00f3w monta\u017cowych do zabezpieczenia cylindra oraz wdro\u017cenie program\u00f3w kontroli, napraw i wymiany cz\u0119\u015bci w celu wyd\u0142u\u017cenia \u017cywotno\u015bci produktu. <\/p>\n<p><img decoding=\"async\" src=\"https:\/\/www.hydraulic-cylinders.net\/wp-content\/uploads\/2025\/01\/songte-chushion-collar.webp\"><\/p>\n<h2>Bezpiecze\u0144stwo i wzgl\u0119dy \u015brodowiskowe<\/h2>\n<p>Aby zapobiec wypadkom, si\u0142ownik \u0142y\u017cki musi by\u0107 zainstalowany i u\u017cytkowany zgodnie z przepisami bezpiecze\u0144stwa. Nale\u017cy zadba\u0107 o prawid\u0142ow\u0105 utylizacj\u0119 oleju hydraulicznego i innych podzespo\u0142\u00f3w.<\/p>\n<h2>Rozwi\u0105zywanie problem\u00f3w i typowe problemy<\/h2>\n<p>Do typowych problem\u00f3w z si\u0142ownikami czerpakowymi nale\u017c\u0105 nieszczelno\u015bci, nieprawid\u0142owe ustawienie i zu\u017cyte uszczelki. Prawid\u0142owa konserwacja i przegl\u0105dy mog\u0105 zapobiec wyst\u0105pieniu tych problem\u00f3w.<\/p>\n<h2>Wprowadzenie do firmy<\/h2>\n<p>Jeste\u015bmy producentem zamiennych cylindr\u00f3w hydraulicznych, oferuj\u0105cym pe\u0142n\u0105 gam\u0119 produkt\u00f3w i us\u0142ug, staj\u0105c si\u0119 jednym z wiod\u0105cych producent\u00f3w i hurtownik\u00f3w cylindr\u00f3w hydraulicznych na rynku krajowym i mi\u0119dzynarodowym. Przestrzegamy zasady doskona\u0142ej jako\u015bci, bazuj\u0105c na bran\u017cowej strategii zarz\u0105dzania produkcj\u0105, obejmuj\u0105cej precyzyjne warsztaty produkcyjne, stale udoskonalamy platform\u0119 produkcyjn\u0105, podnosimy jako\u015b\u0107 produkt\u00f3w na liniach produkcyjnych oraz dysponujemy du\u017cymi mocami produkcyjnymi, aby sprosta\u0107 zr\u00f3\u017cnicowanym potrzebom klient\u00f3w, zapewniaj\u0105c wysok\u0105 wydajno\u015b\u0107, precyzj\u0119 i jako\u015b\u0107. <\/p>\n<p>Oferujemy profesjonalne, certyfikowane us\u0142ugi dostosowane do indywidualnych potrzeb klient\u00f3w oraz dysponujemy zaawansowanym sprz\u0119tem produkcyjnym i profesjonalnymi systemami testowymi, a tak\u017ce solidnym zespo\u0142em obs\u0142ugi posprzeda\u017cowej, aby zagwarantowa\u0107 satysfakcj\u0119 klienta.<\/p>\n<p><img decoding=\"async\" src=\"https:\/\/hzpt.com\/wp-content\/uploads\/2024\/11\/songte-company-1.webp\"><\/p>\n<p>Autor: lyl.<\/p>","protected":false},"excerpt":{"rendered":"<p>Bucket Cylinder For World Middle Excavator W2225LC-8 Introduction The Bucket Cylinder for World Middle Excavator W2225LC-8 is a specially designed hydraulic cylinder used to control the movement of buckets in heavy machinery such as excavators, backhoe excavators, and front-end loaders. Its main function is to enable the bucket to lift, lower, and tilt, making it [&hellip;]<\/p>","protected":false},"featured_media":14769,"comment_status":"open","ping_status":"closed","template":"","meta":{"_et_pb_use_builder":"","_et_pb_old_content":"","_et_gb_content_width":""},"product_brand":[],"product_cat":[1494],"product_tag":[1495,1496],"class_list":{"0":"post-15743","1":"product","2":"type-product","3":"status-publish","4":"has-post-thumbnail","6":"product_cat-bucket-cylinders","7":"product_tag-bucket-cylinders","8":"product_tag-hydraulic-cylinders","10":"first","11":"instock","12":"shipping-taxable","13":"product-type-simple"},"amp_enabled":true,"_links":{"self":[{"href":"https:\/\/www.hydraulic-cylinders.net\/pl\/wp-json\/wp\/v2\/product\/15743","targetHints":{"allow":["GET"]}}],"collection":[{"href":"https:\/\/www.hydraulic-cylinders.net\/pl\/wp-json\/wp\/v2\/product"}],"about":[{"href":"https:\/\/www.hydraulic-cylinders.net\/pl\/wp-json\/wp\/v2\/types\/product"}],"replies":[{"embeddable":true,"href":"https:\/\/www.hydraulic-cylinders.net\/pl\/wp-json\/wp\/v2\/comments?post=15743"}],"wp:featuredmedia":[{"embeddable":true,"href":"https:\/\/www.hydraulic-cylinders.net\/pl\/wp-json\/wp\/v2\/media\/14769"}],"wp:attachment":[{"href":"https:\/\/www.hydraulic-cylinders.net\/pl\/wp-json\/wp\/v2\/media?parent=15743"}],"wp:term":[{"taxonomy":"product_brand","embeddable":true,"href":"https:\/\/www.hydraulic-cylinders.net\/pl\/wp-json\/wp\/v2\/product_brand?post=15743"},{"taxonomy":"product_cat","embeddable":true,"href":"https:\/\/www.hydraulic-cylinders.net\/pl\/wp-json\/wp\/v2\/product_cat?post=15743"},{"taxonomy":"product_tag","embeddable":true,"href":"https:\/\/www.hydraulic-cylinders.net\/pl\/wp-json\/wp\/v2\/product_tag?post=15743"}],"curies":[{"name":"wp","href":"https:\/\/api.w.org\/{rel}","templated":true}]}}