{"id":15744,"date":"2025-01-19T14:55:16","date_gmt":"2025-01-19T14:55:16","guid":{"rendered":"https:\/\/www.hydraulic-cylinders.net\/product\/bucket-cylinder-for-world-middle-excavator-w2245dlc-8\/"},"modified":"2025-01-19T14:55:18","modified_gmt":"2025-01-19T14:55:18","slug":"bucket-cylinder-for-world-middle-excavator-w2245dlc-8","status":"publish","type":"product","link":"https:\/\/www.hydraulic-cylinders.net\/pl\/produkt\/bucket-cylinder-for-world-middle-excavator-w2245dlc-8\/","title":{"rendered":"Si\u0142ownik \u0142y\u017cki do koparki World Middle W2245DLC-8"},"content":{"rendered":"<h1>Si\u0142ownik \u0142y\u017cki do koparki World Middle W2245DLC-8<\/h1>\n<h2>Wst\u0119p<\/h2>\n<h3>Definicja<\/h3>\n<p>Si\u0142ownik \u0142y\u017cki, znany r\u00f3wnie\u017c jako si\u0142ownik hydrauliczny, to specjalnie zaprojektowany si\u0142ownik hydrauliczny s\u0142u\u017c\u0105cy do sterowania ruchem \u0142y\u017cki w ci\u0119\u017ckich maszynach, takich jak koparki, koparko-\u0142adowarki i \u0142adowarki czo\u0142owe. Jego g\u0142\u00f3wn\u0105 funkcj\u0105 jest podnoszenie, opuszczanie i przechylanie \u0142y\u017cki, dzi\u0119ki czemu nadaje si\u0119 do r\u00f3\u017cnych zada\u0144 zwi\u0105zanych z prze\u0142adunkiem materia\u0142\u00f3w. W uk\u0142adzie hydraulicznym si\u0142ownik \u0142y\u017cki steruje precyzyjnym ruchem \u0142y\u017cki poprzez zmiany ci\u015bnienia oleju hydraulicznego, umo\u017cliwiaj\u0105c operatorom wydajne przenoszenie ci\u0119\u017ckich \u0142adunk\u00f3w i dostosowywanie si\u0119 do z\u0142o\u017conych warunk\u00f3w pracy oraz zr\u00f3\u017cnicowanych wymaga\u0144.<\/p>\n<p><img decoding=\"async\" src=\"https:\/\/www.hydraulic-cylinders.net\/wp-content\/uploads\/2025\/01\/songte-company-2.webp\"><\/p>\n<h3>Cechy<\/h3>\n<ul>\n<li>Wysoka wytrzyma\u0142o\u015b\u0107 i trwa\u0142o\u015b\u0107: Zazwyczaj wykonane z wysokowytrzyma\u0142ej stali lub aluminium, wytrzymuj\u0105 du\u017ce ci\u015bnienie i du\u017ce obci\u0105\u017cenia, s\u0105 przystosowane do trudnych warunk\u00f3w pracy, zaprojektowane z my\u015bl\u0105 o odporno\u015bci na zu\u017cycie i korozj\u0119, co wyd\u0142u\u017ca ich \u017cywotno\u015b\u0107.<\/li>\n<li>Wydajna praca uk\u0142adu hydraulicznego: Wykorzystanie ci\u015bnienia oleju hydraulicznego w celu uzyskania p\u0142ynnego dzia\u0142ania teleskopowego, mo\u017cliwo\u015b\u0107 szybkiej reakcji na polecenia steruj\u0105ce, zapewnienie du\u017cej si\u0142y pchania i ci\u0105gni\u0119cia, odpowiednia do obs\u0142ugi ci\u0119\u017ckich \u0142adunk\u00f3w i skomplikowanych zada\u0144 roboczych.<\/li>\n<li>R\u00f3\u017cne typy: Si\u0142owniki jednostronnego dzia\u0142ania (hydraulika dzia\u0142a tylko w jednym kierunku) lub dwustronnego dzia\u0142ania (hydraulika dzia\u0142a w obu kierunkach) mo\u017cna dobra\u0107 w zale\u017cno\u015bci od potrzeb, aby spe\u0142ni\u0107 r\u00f3\u017cne wymagania operacyjne. Niekt\u00f3re modele s\u0105 teleskopowe, co pozwala na wi\u0119ksze wysuni\u0119cie bez zwi\u0119kszania wymiar\u00f3w zewn\u0119trznych, i nadaje si\u0119 do zastosowa\u0144 w ograniczonej przestrzeni.<\/li>\n<li>Mo\u017cliwo\u015b\u0107 dostosowania: Mo\u017cemy wyprodukowa\u0107 ten produkt i nasz produkt mo\u017ce doskonale zast\u0105pi\u0107 te cylindry hydrauliczne.<\/li>\n<\/ul>\n<p><img decoding=\"async\" src=\"https:\/\/www.hydraulic-cylinders.net\/wp-content\/uploads\/2025\/01\/songte-cylinder-head-with-all-kinds-excavator-models.webp\"><\/p>\n<h2>Aplikacje<\/h2>\n<h3>Sprz\u0119t budowlany<\/h3>\n<p>W koparkach s\u0105 one niezb\u0119dne do kopania, za\u0142adunku i przemieszczania gleby lub gruzu. W koparko-\u0142adowarkach si\u0142owniki \u0142y\u017cki u\u0142atwiaj\u0105 kopanie i podnoszenie. W \u0142adowarkach czo\u0142owych wspomagaj\u0105 efektywne podnoszenie i przechylanie \u0142adunk\u00f3w.<\/p>\n<h3>Maszyny rolnicze<\/h3>\n<p>Stosowany w \u0142adowarkach czo\u0142owych do nabierania, podnoszenia i transportu ziemi, siana i innych materia\u0142\u00f3w.<\/p>\n<h3>Koparki<\/h3>\n<p>Cylinder \u0142y\u017cki umo\u017cliwia jej zag\u0142\u0119bianie si\u0119 w gleb\u0119 w celu wykonania czynno\u015bci kopania.<\/p>\n<h3>\u0141adowarki<\/h3>\n<p>W \u0142adowarkach czo\u0142owych si\u0142owniki \u0142y\u017cki umo\u017cliwiaj\u0105 efektywne podnoszenie i przechylanie towar\u00f3w.<\/p>\n<h2>Zagadnienia projektowe i kryteria wyboru<\/h2>\n<ul>\n<li>No\u015bno\u015b\u0107: Nale\u017cy wzi\u0105\u0107 pod uwag\u0119 no\u015bno\u015b\u0107 cylindra, aby mie\u0107 pewno\u015b\u0107, \u017ce wytrzyma obci\u0105\u017cenie, kt\u00f3remu b\u0119dzie poddawany.<\/li>\n<li>Uszczelnienie: Uszczelnienia cylindr\u00f3w musz\u0105 by\u0107 skuteczne, aby zapobiega\u0107 wyciekom oleju i zapewnia\u0107 prawid\u0142owe dzia\u0142anie. Mo\u017cna stosowa\u0107 r\u00f3\u017cne materia\u0142y uszczelniaj\u0105ce, takie jak poliuretan i kauczuk nitrylowy.<\/li>\n<li>Trwa\u0142o\u015b\u0107: Cylinder musi by\u0107 trwa\u0142y, aby wytrzyma\u0107 trudne warunki pracy i d\u0142ugotrwa\u0142e u\u017cytkowanie.<\/li>\n<li>Bezpiecze\u0144stwo: Podczas projektowania i obs\u0142ugi cylindra nale\u017cy wzi\u0105\u0107 pod uwag\u0119 \u015brodki bezpiecze\u0144stwa, np. zabezpieczenie t\u0142oczyska w celu zapobiegania wypadkom.<\/li>\n<li>Konserwacja: Cylinder powinien by\u0107 zaprojektowany w spos\u00f3b umo\u017cliwiaj\u0105cy \u0142atw\u0105 konserwacj\u0119 i \u0142atwy dost\u0119p do podzespo\u0142\u00f3w w celu przeprowadzenia kontroli i wymiany.<\/li>\n<\/ul>\n<p><img decoding=\"async\" src=\"https:\/\/www.hydraulic-cylinders.net\/wp-content\/uploads\/2025\/01\/songte-oil-pipes-and-spare-parts.webp\"><\/p>\n<h2>Uszczelnianie i smarowanie<\/h2>\n<p>W celu zapewnienia prawid\u0142owego uszczelnienia mo\u017cna zastosowa\u0107 r\u00f3\u017cne uszczelnienia, takie jak pier\u015bcienie uszczelniaj\u0105ce t\u0142oka i t\u0142oczyska. Uszczelnienia mog\u0105 by\u0107 wykonane z materia\u0142\u00f3w odpornych na zu\u017cycie, takich jak poliuretan i kauczuk nitrylowy. Korpus cylindra i gwintowana powierzchnia ko\u0144cowa s\u0105 precyzyjnie obrobione, aby zwi\u0119kszy\u0107 odporno\u015b\u0107 na zu\u017cycie. Do smarowania wymagane jest regularne uzupe\u0142nianie odpowiedniego oleju hydraulicznego.<\/p>\n<h2>Konserwacja i naprawa<\/h2>\n<ul>\n<li>Regularne kontrole: Regularne kontrole s\u0105 konieczne, aby mie\u0107 pewno\u015b\u0107, \u017ce cylinder dzia\u0142a prawid\u0142owo i zidentyfikowa\u0107 wszelkie potencjalne problemy.<\/li>\n<li>Smarowanie: Prawid\u0142owe smarowanie jest istotne dla uzyskania optymalnej wydajno\u015bci i wyd\u0142u\u017cenia \u017cywotno\u015bci cylindra.<\/li>\n<li>Wymiana uszczelek: Uszczelki nale\u017cy okresowo wymienia\u0107, aby zapobiec wyciekom oleju i zapewni\u0107 prawid\u0142owe dzia\u0142anie urz\u0105dzenia.<\/li>\n<li>Wyr\u00f3wnanie: Podczas monta\u017cu wa\u017cne jest prawid\u0142owe wyr\u00f3wnanie cylindra, aby zapobiec przedwczesnemu zu\u017cyciu i uszkodzeniom.<\/li>\n<li>Us\u0142ugi regeneracji: W przypadku uszkodzenia lub zu\u017cycia mo\u017ce okaza\u0107 si\u0119 konieczne skorzystanie z us\u0142ug regeneracji lub wymiany cz\u0119\u015bci, aby mie\u0107 pewno\u015b\u0107, \u017ce cylinder b\u0119dzie dzia\u0142a\u0142 prawid\u0142owo.<\/li>\n<\/ul>\n<p><img decoding=\"async\" src=\"https:\/\/www.hydraulic-cylinders.net\/wp-content\/uploads\/2025\/01\/songte-chushion-collar.webp\"><\/p>\n<h2>Zagadnienia bezpiecze\u0144stwa i czynniki \u015brodowiskowe<\/h2>\n<p>Podczas obs\u0142ugi butli nale\u017cy zachowa\u0107 odpowiednie \u015brodki bezpiecze\u0144stwa, aby zapobiec wypadkom. Aby zapewni\u0107 optymaln\u0105 wydajno\u015b\u0107, nale\u017cy r\u00f3wnie\u017c uwzgl\u0119dni\u0107 czynniki \u015brodowiskowe, takie jak temperatura i wilgotno\u015b\u0107.<\/p>\n<h2>Rozwi\u0105zywanie problem\u00f3w i typowe problemy<\/h2>\n<p>Do typowych problem\u00f3w z si\u0142ownikami czerpakowymi nale\u017c\u0105 wycieki oleju, niewystarczaj\u0105ca wytrzyma\u0142o\u015b\u0107 si\u0142ownika i brak smarowania. Wskaz\u00f3wki i rozwi\u0105zania dotycz\u0105ce rozwi\u0105zywania problem\u00f3w obejmuj\u0105 kontrol\u0119 uszczelnie\u0144, poziomu p\u0142ynu hydraulicznego i wymian\u0119 zu\u017cytych cz\u0119\u015bci.<\/p>\n<p><img decoding=\"async\" src=\"https:\/\/www.hydraulic-cylinders.net\/wp-content\/uploads\/2025\/01\/songte-bushings-with-all-kinds-of-excavator-models.webp\"><\/p>\n<h2>O naszej firmie<\/h2>\n<p>Jeste\u015bmy producentem zamiennych cylindr\u00f3w hydraulicznych, oferuj\u0105cym pe\u0142n\u0105 gam\u0119 produkt\u00f3w. Stali\u015bmy si\u0119 jednym z wiod\u0105cych producent\u00f3w i hurtownik\u00f3w cylindr\u00f3w hydraulicznych na rynku krajowym i mi\u0119dzynarodowym, dzi\u0119ki dba\u0142o\u015bci o doskona\u0142\u0105 jako\u015b\u0107 i stosowaniu zindustrializowanych strategii zarz\u0105dzania produkcj\u0105 w specjalistycznych warsztatach produkcyjnych. Dzi\u0119ki wykorzystaniu talent\u00f3w technicznych, zaawansowanego cyfrowego sprz\u0119tu produkcyjnego i profesjonalnych system\u00f3w testowych, stale udoskonalamy platform\u0119 produkcyjn\u0105 warsztatu, podnosimy jako\u015b\u0107 procesu produkcyjnego i dysponujemy silnym potencja\u0142em kreatywnym. Spe\u0142niamy zr\u00f3\u017cnicowane potrzeby klient\u00f3w, kieruj\u0105c si\u0119 zasadami wysokiej wydajno\u015bci, precyzji i jako\u015bci.<\/p>\n<p>Ponadto oferujemy profesjonalne certyfikaty mi\u0119dzynarodowe, us\u0142ugi dostosowane do indywidualnych potrzeb, sprz\u0119t produkcyjny i serwis posprzeda\u017cowy.<\/p>\n<p><img decoding=\"async\" src=\"https:\/\/hzpt.com\/wp-content\/uploads\/2024\/11\/songte-company-1.webp\"><\/p>\n<p>Autor: lyl<\/p>","protected":false},"excerpt":{"rendered":"<p>Bucket Cylinder For World Middle Excavator W2245DLC-8 Introduction Definition The bucket cylinder, also known as a hydraulic cylinder, is a specifically designed hydraulic actuator used to control the movement of the bucket in heavy machinery such as excavators, backhoes, and front loaders. Its main function is to enable the bucket to lift, lower, and tilt, [&hellip;]<\/p>","protected":false},"featured_media":14765,"comment_status":"open","ping_status":"closed","template":"","meta":{"_et_pb_use_builder":"","_et_pb_old_content":"","_et_gb_content_width":""},"product_brand":[],"product_cat":[1494],"product_tag":[1495,1496],"class_list":{"0":"post-15744","1":"product","2":"type-product","3":"status-publish","4":"has-post-thumbnail","6":"product_cat-bucket-cylinders","7":"product_tag-bucket-cylinders","8":"product_tag-hydraulic-cylinders","10":"first","11":"instock","12":"shipping-taxable","13":"product-type-simple"},"amp_enabled":true,"_links":{"self":[{"href":"https:\/\/www.hydraulic-cylinders.net\/pl\/wp-json\/wp\/v2\/product\/15744","targetHints":{"allow":["GET"]}}],"collection":[{"href":"https:\/\/www.hydraulic-cylinders.net\/pl\/wp-json\/wp\/v2\/product"}],"about":[{"href":"https:\/\/www.hydraulic-cylinders.net\/pl\/wp-json\/wp\/v2\/types\/product"}],"replies":[{"embeddable":true,"href":"https:\/\/www.hydraulic-cylinders.net\/pl\/wp-json\/wp\/v2\/comments?post=15744"}],"wp:featuredmedia":[{"embeddable":true,"href":"https:\/\/www.hydraulic-cylinders.net\/pl\/wp-json\/wp\/v2\/media\/14765"}],"wp:attachment":[{"href":"https:\/\/www.hydraulic-cylinders.net\/pl\/wp-json\/wp\/v2\/media?parent=15744"}],"wp:term":[{"taxonomy":"product_brand","embeddable":true,"href":"https:\/\/www.hydraulic-cylinders.net\/pl\/wp-json\/wp\/v2\/product_brand?post=15744"},{"taxonomy":"product_cat","embeddable":true,"href":"https:\/\/www.hydraulic-cylinders.net\/pl\/wp-json\/wp\/v2\/product_cat?post=15744"},{"taxonomy":"product_tag","embeddable":true,"href":"https:\/\/www.hydraulic-cylinders.net\/pl\/wp-json\/wp\/v2\/product_tag?post=15744"}],"curies":[{"name":"wp","href":"https:\/\/api.w.org\/{rel}","templated":true}]}}