{"id":15748,"date":"2025-01-19T14:55:47","date_gmt":"2025-01-19T14:55:47","guid":{"rendered":"https:\/\/www.hydraulic-cylinders.net\/product\/bucket-cylinder-for-world-large-excavator-w2330lc-8\/"},"modified":"2025-01-19T14:55:49","modified_gmt":"2025-01-19T14:55:49","slug":"bucket-cylinder-for-world-large-excavator-w2330lc-8","status":"publish","type":"product","link":"https:\/\/www.hydraulic-cylinders.net\/pl\/produkt\/bucket-cylinder-for-world-large-excavator-w2330lc-8\/","title":{"rendered":"Si\u0142ownik \u0142y\u017cki do koparki World Large W2330LC-8"},"content":{"rendered":"<h1>Si\u0142ownik \u0142y\u017cki do koparki World Large W2330LC-8<\/h1>\n<h2>Wst\u0119p<\/h2>\n<h3>Definiowanie cylindra wiadra<\/h3>\n<p>Si\u0142ownik \u0142y\u017cki to specjalnie zaprojektowany si\u0142ownik hydrauliczny, kt\u00f3ry s\u0142u\u017cy g\u0142\u00f3wnie do sterowania ruchem \u0142y\u017cki w ci\u0119\u017ckich maszynach, takich jak koparki, koparko-\u0142adowarki i \u0142adowarki czo\u0142owe. Jego g\u0142\u00f3wn\u0105 funkcj\u0105 jest umo\u017cliwienie podnoszenia, opuszczania i przechylania \u0142y\u017cki, u\u0142atwiaj\u0105c wykonywanie r\u00f3\u017cnych zada\u0144 zwi\u0105zanych z prze\u0142adunkiem materia\u0142\u00f3w.<\/p>\n<p>W uk\u0142adzie hydraulicznym si\u0142ownik \u0142y\u017cki umo\u017cliwia precyzyjn\u0105 kontrol\u0119 \u0142y\u017cki poprzez zmiany ci\u015bnienia oleju hydraulicznego, umo\u017cliwiaj\u0105c operatorom wydajne radzenie sobie z ci\u0119\u017ckimi \u0142adunkami i dostosowywanie si\u0119 do z\u0142o\u017conych warunk\u00f3w pracy oraz zr\u00f3\u017cnicowanych wymaga\u0144.<\/p>\n<p><img decoding=\"async\" src=\"https:\/\/www.hydraulic-cylinders.net\/wp-content\/uploads\/2025\/01\/songte-company-2.webp\" alt=\"Obraz cylindra wiadra\"><\/p>\n<h3>Cechy cylindra kube\u0142kowego<\/h3>\n<ul>\n<li><strong>Wysoka wytrzyma\u0142o\u015b\u0107 i trwa\u0142o\u015b\u0107:<\/strong> Zazwyczaj wykonane s\u0105 z wytrzyma\u0142ej stali lub aluminium, wytrzymuj\u0105 du\u017ce ci\u015bnienie i obci\u0105\u017cenia, s\u0105 przystosowane do trudnych warunk\u00f3w pracy, a ich konstrukcja jest odporna na zu\u017cycie i korozj\u0119, co wyd\u0142u\u017ca ich \u017cywotno\u015b\u0107.<\/li>\n<li><strong>Wydajna praca uk\u0142adu hydraulicznego:<\/strong> Wykorzystuj\u0105c ci\u015bnienie oleju hydraulicznego do uzyskania p\u0142ynnych ruch\u00f3w rozci\u0105gania i kurczenia, urz\u0105dzenie mo\u017ce szybko reagowa\u0107 na polecenia operacyjne, zapewnia du\u017c\u0105 si\u0142\u0119 pchania i ci\u0105gni\u0119cia oraz nadaje si\u0119 do przenoszenia ci\u0119\u017ckich \u0142adunk\u00f3w i wykonywania skomplikowanych zada\u0144.<\/li>\n<li><strong>R\u00f3\u017cne typy:<\/strong> W zale\u017cno\u015bci od potrzeb mo\u017cna wybra\u0107 si\u0142owniki jednostronnego dzia\u0142ania (hydraulika dzia\u0142a tylko w jednym kierunku) lub dwustronnego dzia\u0142ania (hydraulika dzia\u0142a w obu kierunkach). Niekt\u00f3re modele s\u0105 teleskopowe, co pozwala na wi\u0119ksz\u0105 d\u0142ugo\u015b\u0107 bez zwi\u0119kszania wymiar\u00f3w zewn\u0119trznych i sprawdza si\u0119 w zastosowaniach o ograniczonej przestrzeni.<\/li>\n<li><strong>Wymienny:<\/strong> Nasz produkt mo\u017ce doskonale zast\u0105pi\u0107 tego typu si\u0142owniki hydrauliczne. <\/li>\n<\/ul>\n<p><img decoding=\"async\" src=\"https:\/\/www.hydraulic-cylinders.net\/wp-content\/uploads\/2025\/01\/songte-cylinder-head-with-all-kinds-excavator-models.webp\" alt=\"Wymiana cylindra \u0142y\u017cki\"><\/p>\n<h3>Zastosowania cylindra kube\u0142kowego<\/h3>\n<p>Si\u0142ownik czerpakowy jest powszechnie stosowany w r\u00f3\u017cnych maszynach ci\u0119\u017ckich, w tym:<\/p>\n<ul>\n<li><strong>Sprz\u0119t budowlany:<\/strong> W koparkach s\u0105 one niezb\u0119dne do kopania, za\u0142adunku i przemieszczania gleby lub gruzu. W koparko-\u0142adowarkach si\u0142ownik \u0142y\u017cki pomaga zar\u00f3wno w kopaniu, jak i podnoszeniu. <\/li>\n<li><strong>Maszyny rolnicze:<\/strong> Stosowany w \u0142adowarkach czo\u0142owych do podnoszenia, zbierania i transportu ziemi, siana i innych materia\u0142\u00f3w. <\/li>\n<li><strong>Koparki:<\/strong> Si\u0142ownik \u0142y\u017cki umo\u017cliwia kopanie poprzez umo\u017cliwienie \u0142y\u017cce zag\u0142\u0119biania si\u0119 w gleb\u0119. <\/li>\n<li><strong>\u0141adowarki:<\/strong> W \u0142adowarkach czo\u0142owych u\u0142atwiaj\u0105 podnoszenie i wysypywanie towar\u00f3w. <\/li>\n<\/ul>\n<h3>Zagadnienia projektowe i kryteria wyboru<\/h3>\n<p>Przy projektowaniu cylindr\u00f3w kube\u0142kowych nale\u017cy wzi\u0105\u0107 pod uwag\u0119 szereg czynnik\u00f3w, w tym:<\/p>\n<ul>\n<li><strong>No\u015bno\u015b\u0107:<\/strong> Cylinder powinien by\u0107 zaprojektowany w taki spos\u00f3b, aby wytrzyma\u0142 obci\u0105\u017cenia zwi\u0105zane ze sprz\u0119tem i zastosowaniem.<\/li>\n<li><strong>Opiecz\u0119towanie:<\/strong> Aby zapobiec wyciekaniu p\u0142ynu, cylinder powinien by\u0107 uszczelniony.<\/li>\n<li><strong>Trwa\u0142o\u015b\u0107:<\/strong> Cylinder powinien by\u0107 wykonany z materia\u0142\u00f3w odpornych na trudne warunki pracy oraz zu\u017cycie i korozj\u0119.<\/li>\n<li><strong>Bezpiecze\u0144stwo:<\/strong> Cylinder powinien by\u0107 zaprojektowany z uwzgl\u0119dnieniem zasad bezpiecze\u0144stwa, aby zapobiec obra\u017ceniom personelu i uszkodzeniom sprz\u0119tu.<\/li>\n<li><strong>Utrzymywalno\u015b\u0107:<\/strong> Cylinder powinien by\u0107 zaprojektowany w spos\u00f3b umo\u017cliwiaj\u0105cy \u0142atw\u0105 konserwacj\u0119 i napraw\u0119.<\/li>\n<\/ul>\n<p><img decoding=\"async\" src=\"https:\/\/www.hydraulic-cylinders.net\/wp-content\/uploads\/2025\/01\/songte-oil-pipes-and-spare-parts.webp\" alt=\"Konstrukcja cylindra kube\u0142kowego\"><\/p>\n<h3>Uszczelnianie i smarowanie<\/h3>\n<p>Si\u0142ownik czerpakowy jest wyposa\u017cony w r\u00f3\u017cnorodne uszczelnienia, takie jak pier\u015bcie\u0144 uszczelniaj\u0105cy t\u0142oka i pier\u015bcie\u0144 uszczelniaj\u0105cy t\u0142oczyska, wykonane z materia\u0142\u00f3w odpornych na zu\u017cycie, takich jak poliuretan i kauczuk nitrylowy. Korpus cylindra i gwintowana powierzchnia ko\u0144cowa s\u0105 precyzyjnie obrobione, aby zwi\u0119kszy\u0107 odporno\u015b\u0107 na zu\u017cycie. Konieczne jest regularne dodawanie odpowiedniej ilo\u015bci oleju hydraulicznego w celu smarowania.<\/p>\n<h3>Inspekcja i konserwacja zapobiegawcza<\/h3>\n<p>Regularne kontrole i konserwacja zapobiegawcza s\u0105 kluczowe dla zapewnienia prawid\u0142owego dzia\u0142ania si\u0142ownik\u00f3w kube\u0142kowych. Poni\u017cej przedstawiono typowe czynno\u015bci konserwacyjne:<\/p>\n<ul>\n<li>Regularne kontrole<\/li>\n<li>Prawid\u0142owe smarowanie<\/li>\n<li>Wymiana uszczelki<\/li>\n<li>Kontrola kalibracji<\/li>\n<\/ul>\n<p><img decoding=\"async\" src=\"https:\/\/www.hydraulic-cylinders.net\/wp-content\/uploads\/2025\/01\/songte-chushion-collar.webp\" alt=\"Konserwacja cylindra \u0142y\u017cki\"><\/p>\n<h3>Zagadnienia bezpiecze\u0144stwa i czynniki \u015brodowiskowe<\/h3>\n<p>Podczas u\u017cytkowania cylindra czerpakowego nale\u017cy zachowa\u0107 \u015brodki bezpiecze\u0144stwa, aby zapobiec obra\u017ceniom personelu lub uszkodzeniu sprz\u0119tu. Nale\u017cy przestrzega\u0107 instrukcji producenta dotycz\u0105cych prawid\u0142owej instalacji i u\u017cytkowania. Czynniki \u015brodowiskowe, takie jak temperatura i wilgotno\u015b\u0107, r\u00f3wnie\u017c mog\u0105 wp\u0142ywa\u0107 na dzia\u0142anie cylindra i nale\u017cy je uwzgl\u0119dni\u0107.<\/p>\n<h3>Rozwi\u0105zywanie problem\u00f3w i typowe problemy<\/h3>\n<p>Podczas rozwi\u0105zywania problem\u00f3w z cylindrem czerpakowym, typowe problemy mog\u0105 obejmowa\u0107 wyciek p\u0142ynu, spadek ci\u015bnienia i dryft cylindra. Poni\u017cej przedstawiono kilka rozwi\u0105za\u0144 tych problem\u00f3w:<\/p>\n<ul>\n<li>Wyciek p\u0142ynu: Sprawd\u017a uszczelki i w razie potrzeby wymie\u0144 je.<\/li>\n<li>Utrata ci\u015bnienia: Sprawd\u017a uk\u0142ad hydrauliczny i usu\u0144 wszelkie nieszczelno\u015bci.<\/li>\n<li>Dryft cylindra: Sprawd\u017a zawory i uszczelki, napraw lub wymie\u0144, je\u015bli to konieczne.<\/li>\n<\/ul>\n<p><img decoding=\"async\" src=\"https:\/\/www.hydraulic-cylinders.net\/wp-content\/uploads\/2025\/01\/songte-bushings-with-all-kinds-of-excavator-models.webp\" alt=\"Rozwi\u0105zywanie problem\u00f3w z cylindrem \u0142y\u017cki\"><\/p>\n<h2>Wprowadzenie do firmy<\/h2>\n<p>Jeste\u015bmy producentem cz\u0119\u015bci zamiennych do si\u0142ownik\u00f3w hydraulicznych. Oferujemy pe\u0142n\u0105 gam\u0119 produkt\u00f3w i stali\u015bmy si\u0119 jednym z wiod\u0105cych producent\u00f3w i hurtowych dystrybutor\u00f3w si\u0142ownik\u00f3w hydraulicznych na rynku krajowym i mi\u0119dzynarodowym. Przestrzegamy zasady doskona\u0142ej jako\u015bci, opieramy si\u0119 na strategii zarz\u0105dzania produkcj\u0105 przemys\u0142ow\u0105 zaawansowanych warsztat\u00f3w produkcyjnych i stale ulepszamy platform\u0119 produkcyjn\u0105 warsztatu. Posiadamy silne zdolno\u015bci kreatywne i jeste\u015bmy w stanie sprosta\u0107 zr\u00f3\u017cnicowanym potrzebom klient\u00f3w, zapewniaj\u0105c wysok\u0105 wydajno\u015b\u0107, precyzj\u0119 i przestrzegaj\u0105c rygorystycznych zasad jako\u015bci.<\/p>\n<p>Nasza firma oferuje profesjonalne, certyfikowane mi\u0119dzynarodowo, dostosowane do potrzeb klienta us\u0142ugi, dysponuje zaawansowanym sprz\u0119tem produkcyjnym i doskona\u0142\u0105 obs\u0142ug\u0105 posprzeda\u017cow\u0105.<\/p>\n<p><img decoding=\"async\" src=\"https:\/\/hzpt.com\/wp-content\/uploads\/2024\/11\/songte-company-1.webp\" alt=\"Wizerunek firmy\"><\/p>\n<p>Nasze produkty maj\u0105 szeroki zakres zastosowa\u0144 i nadaj\u0105 si\u0119 do r\u00f3\u017cnych bran\u017c, w tym budownictwa, rolnictwa, g\u00f3rnictwa i innych. Zale\u017cy nam na dostarczaniu naszym klientom wysokiej jako\u015bci produkt\u00f3w i us\u0142ug oraz dbaniu o ich satysfakcj\u0119.<\/p>\n<p>Autor: lyl<\/p>","protected":false},"excerpt":{"rendered":"<p>Bucket Cylinder For World Large Excavator W2330LC-8 Introduction Defining the Bucket Cylinder The Bucket Cylinder is a specially designed hydraulic cylinder that is primarily used to control the movement of the bucket in heavy machinery such as excavators, backhoes, and front loaders. Its main function is to enable the bucket to be lifted, lowered, and [&hellip;]<\/p>","protected":false},"featured_media":14788,"comment_status":"open","ping_status":"closed","template":"","meta":{"_et_pb_use_builder":"","_et_pb_old_content":"","_et_gb_content_width":""},"product_brand":[],"product_cat":[1494],"product_tag":[1495,1496],"class_list":{"0":"post-15748","1":"product","2":"type-product","3":"status-publish","4":"has-post-thumbnail","6":"product_cat-bucket-cylinders","7":"product_tag-bucket-cylinders","8":"product_tag-hydraulic-cylinders","10":"first","11":"instock","12":"shipping-taxable","13":"product-type-simple"},"amp_enabled":true,"_links":{"self":[{"href":"https:\/\/www.hydraulic-cylinders.net\/pl\/wp-json\/wp\/v2\/product\/15748","targetHints":{"allow":["GET"]}}],"collection":[{"href":"https:\/\/www.hydraulic-cylinders.net\/pl\/wp-json\/wp\/v2\/product"}],"about":[{"href":"https:\/\/www.hydraulic-cylinders.net\/pl\/wp-json\/wp\/v2\/types\/product"}],"replies":[{"embeddable":true,"href":"https:\/\/www.hydraulic-cylinders.net\/pl\/wp-json\/wp\/v2\/comments?post=15748"}],"wp:featuredmedia":[{"embeddable":true,"href":"https:\/\/www.hydraulic-cylinders.net\/pl\/wp-json\/wp\/v2\/media\/14788"}],"wp:attachment":[{"href":"https:\/\/www.hydraulic-cylinders.net\/pl\/wp-json\/wp\/v2\/media?parent=15748"}],"wp:term":[{"taxonomy":"product_brand","embeddable":true,"href":"https:\/\/www.hydraulic-cylinders.net\/pl\/wp-json\/wp\/v2\/product_brand?post=15748"},{"taxonomy":"product_cat","embeddable":true,"href":"https:\/\/www.hydraulic-cylinders.net\/pl\/wp-json\/wp\/v2\/product_cat?post=15748"},{"taxonomy":"product_tag","embeddable":true,"href":"https:\/\/www.hydraulic-cylinders.net\/pl\/wp-json\/wp\/v2\/product_tag?post=15748"}],"curies":[{"name":"wp","href":"https:\/\/api.w.org\/{rel}","templated":true}]}}