{"id":15750,"date":"2025-01-19T14:55:56","date_gmt":"2025-01-19T14:55:56","guid":{"rendered":"https:\/\/www.hydraulic-cylinders.net\/product\/bucket-cylinder-for-world-large-excavator-w2700-8\/"},"modified":"2025-01-19T14:55:58","modified_gmt":"2025-01-19T14:55:58","slug":"bucket-cylinder-for-world-large-excavator-w2700-8","status":"publish","type":"product","link":"https:\/\/www.hydraulic-cylinders.net\/pl\/produkt\/bucket-cylinder-for-world-large-excavator-w2700-8\/","title":{"rendered":"Si\u0142ownik \u0142y\u017cki do koparki World Large W2700-8"},"content":{"rendered":"<h2>Si\u0142ownik \u0142y\u017cki do koparki World Large W2700-8<\/h2>\n<h3>Wst\u0119p<\/h3>\n<p>Si\u0142ownik \u0142y\u017cki, specjalistyczny si\u0142ownik hydrauliczny, s\u0142u\u017cy g\u0142\u00f3wnie do sterowania ruchem \u0142y\u017cki w ci\u0119\u017ckich maszynach, takich jak koparki, koparko-\u0142adowarki i \u0142adowarki czo\u0142owe. Jego g\u0142\u00f3wn\u0105 funkcj\u0105 jest podnoszenie, opuszczanie i przechylanie \u0142y\u017cki, u\u0142atwiaj\u0105c r\u00f3\u017cnorodne zadania zwi\u0105zane z prze\u0142adunkiem materia\u0142\u00f3w. W uk\u0142adzie hydraulicznym si\u0142ownik \u0142y\u017cki zapewnia precyzyjn\u0105 kontrol\u0119 nad \u0142y\u017ck\u0105 poprzez zmiany ci\u015bnienia oleju hydraulicznego, umo\u017cliwiaj\u0105c operatorom wydajne przenoszenie du\u017cych \u0142adunk\u00f3w i dostosowywanie si\u0119 do z\u0142o\u017conych warunk\u00f3w pracy oraz zr\u00f3\u017cnicowanych wymaga\u0144.<\/p>\n<p><img decoding=\"async\" src=\"https:\/\/www.hydraulic-cylinders.net\/wp-content\/uploads\/2025\/01\/songte-company-2.webp\" alt=\"Obraz cylindra wiadra\"><\/p>\n<h3>Cechy<\/h3>\n<ul>\n<li>Wysoka wytrzyma\u0142o\u015b\u0107 i trwa\u0142o\u015b\u0107: Zazwyczaj wykonane z wysokowytrzyma\u0142ej stali lub aluminium, wytrzymuj\u0105 du\u017ce ci\u015bnienie i du\u017ce obci\u0105\u017cenia, s\u0105 dostosowane do trudnych warunk\u00f3w pracy, zaprojektowane z uwzgl\u0119dnieniem odporno\u015bci na zu\u017cycie i korozj\u0119, co wyd\u0142u\u017ca ich \u017cywotno\u015b\u0107.<\/li>\n<li>Wydajna praca uk\u0142adu hydraulicznego: Wykorzystuje ci\u015bnienie oleju hydraulicznego w celu uzyskania p\u0142ynnych ruch\u00f3w teleskopowych, umo\u017cliwia szybk\u0105 reakcj\u0119 na polecenia steruj\u0105ce, zapewnia du\u017c\u0105 si\u0142\u0119 pchania i ci\u0105gni\u0119cia, nadaje si\u0119 do przenoszenia ci\u0119\u017ckich \u0142adunk\u00f3w i wykonywania skomplikowanych zada\u0144.<\/li>\n<li>R\u00f3\u017cne typy: W zale\u017cno\u015bci od potrzeb mo\u017cna wybiera\u0107 si\u0142owniki jednostronnego dzia\u0142ania (wykorzystuj\u0105ce hydraulik\u0119 tylko w jednym kierunku) lub dwustronnego dzia\u0142ania (wykorzystuj\u0105ce hydraulik\u0119 w obu kierunkach). Niekt\u00f3re modele s\u0105 teleskopowe, co pozwala na wi\u0119ksze wysuni\u0119cie bez zwi\u0119kszania wymiar\u00f3w zewn\u0119trznych, odpowiednie do zastosowa\u0144 w ograniczonej przestrzeni.<\/li>\n<li>Mo\u017ce zast\u0105pi\u0107 inne cylindry hydrauliczne.<\/li>\n<\/ul>\n<p><img decoding=\"async\" src=\"https:\/\/www.hydraulic-cylinders.net\/wp-content\/uploads\/2025\/01\/songte-cylinder-head-with-all-kinds-excavator-models.webp\" alt=\"Obraz wymiany cylindra \u0142y\u017cki\"><\/p>\n<h3>Aplikacje<\/h3>\n<p>Si\u0142ownik czerpakowy jest powszechnie stosowany w r\u00f3\u017cnych maszynach ci\u0119\u017ckich, takich jak:<\/p>\n<ul>\n<li>Sprz\u0119t budowlany: Znajduj\u0105 si\u0119 w koparkach i s\u0105 niezb\u0119dne do kopania, za\u0142adunku i przemieszczania gleby lub gruzu. W koparko-\u0142adowarkach si\u0142ownik \u0142y\u017cki pomaga zar\u00f3wno w kopaniu, jak i podnoszeniu. <\/li>\n<li>Maszyny rolnicze: Stosowane w \u0142adowarkach czo\u0142owych do nabierania, podnoszenia i transportu gleby, siana i innych materia\u0142\u00f3w. <\/li>\n<li>Koparki: Cylinder \u0142y\u017cki umo\u017cliwia kopanie poprzez umo\u017cliwienie \u0142y\u017cce wnikania w gleb\u0119. <\/li>\n<li>\u0141adowarki czo\u0142owe: u\u0142atwiaj\u0105 wydajne podnoszenie i przechylanie towar\u00f3w.<\/li>\n<\/ul>\n<h3>Zagadnienia projektowe i kryteria wyboru<\/h3>\n<p>Przy projektowaniu cylindra czerpakowego bierze si\u0119 pod uwag\u0119 szereg czynnik\u00f3w, takich jak no\u015bno\u015b\u0107, uszczelnienie, trwa\u0142o\u015b\u0107, bezpiecze\u0144stwo i \u0142atwo\u015b\u0107 konserwacji. <\/p>\n<ul>\n<li>No\u015bno\u015b\u0107: Cylinder musi by\u0107 zaprojektowany tak, aby wytrzymywa\u0142 du\u017ce obci\u0105\u017cenia i wahania ci\u015bnienia.<\/li>\n<li>Uszczelnienie: R\u00f3\u017cnego rodzaju elementy uszczelniaj\u0105ce, takie jak uszczelnienia t\u0142ok\u00f3w i uszczelnienia t\u0142oczysk, wykonane s\u0105 z materia\u0142\u00f3w odpornych na zu\u017cycie, takich jak poliuretan i kauczuk nitrylowy, co zapewnia im wi\u0119ksz\u0105 trwa\u0142o\u015b\u0107.<\/li>\n<li>Trwa\u0142o\u015b\u0107: Korpus cylindra i powierzchnia ko\u0144cowa gwintu zosta\u0142y poddane precyzyjnej obr\u00f3bce w celu zwi\u0119kszenia odporno\u015bci na zu\u017cycie.<\/li>\n<li>Bezpiecze\u0144stwo: Aby zagwarantowa\u0107 bezpiecze\u0144stwo operatora, nale\u017cy zastosowa\u0107 odpowiednie \u015brodki bezpiecze\u0144stwa, takie jak zawory bezpiecze\u0144stwa i wy\u0142\u0105czniki awaryjne.<\/li>\n<li>\u0141atwo\u015b\u0107 konserwacji: Cylinder powinien by\u0107 zaprojektowany w spos\u00f3b umo\u017cliwiaj\u0105cy \u0142atw\u0105 konserwacj\u0119 i napraw\u0119. <\/li>\n<\/ul>\n<p><img decoding=\"async\" src=\"https:\/\/www.hydraulic-cylinders.net\/wp-content\/uploads\/2025\/01\/songte-oil-pipes-and-spare-parts.webp\" alt=\"Obraz cz\u0119\u015bci cylindra \u0142y\u017cki\"><\/p>\n<h3>Uszczelnianie i smarowanie<\/h3>\n<p>R\u00f3\u017cne elementy uszczelniaj\u0105ce, takie jak uszczelki t\u0142oka, uszczelki t\u0142oczyska i uszczelki zgarniaj\u0105ce, zapobiegaj\u0105 wyciekom i zapewniaj\u0105 p\u0142ynn\u0105 prac\u0119 cylindra. Dla zapewnienia lepszej trwa\u0142o\u015bci preferowane s\u0105 materia\u0142y odporne na zu\u017cycie, takie jak poliuretan i kauczuk nitrylowy. Korpus cylindra i powierzchnia gwintu s\u0105 precyzyjnie obrabiane, aby zwi\u0119kszy\u0107 ich odporno\u015b\u0107 na zu\u017cycie. Regularne smarowanie cylindra w celu zapewnienia p\u0142ynnej pracy wymaga regularnego stosowania oleju hydraulicznego.<\/p>\n<h3>Konserwacja i naprawa<\/h3>\n<p>Prawid\u0142owa konserwacja jest niezb\u0119dna dla zapewnienia trwa\u0142o\u015bci i sprawno\u015bci si\u0142ownika czerpakowego. Zaleca si\u0119 regularne kontrole i dzia\u0142ania zapobiegawcze, takie jak smarowanie, wymiana uszczelnie\u0144 i kalibracja. W przypadku jakichkolwiek usterek nale\u017cy niezw\u0142ocznie przeprowadzi\u0107 diagnostyk\u0119 i zastosowa\u0107 skuteczne metody rozwi\u0105zywania problem\u00f3w. Podczas monta\u017cu nale\u017cy zadba\u0107 o prawid\u0142owe ustawienie si\u0142ownika i u\u017cy\u0107 odpowiednich wspornik\u00f3w monta\u017cowych, aby go zabezpieczy\u0107. Regularna wymiana podzespo\u0142\u00f3w i regeneracja s\u0105 zalecane w celu wyd\u0142u\u017cenia \u017cywotno\u015bci si\u0142ownika czerpakowego.<\/p>\n<p><img decoding=\"async\" src=\"https:\/\/www.hydraulic-cylinders.net\/wp-content\/uploads\/2025\/01\/songte-chushion-collar.webp\" alt=\"Obraz ko\u0142nierza cylindra \u0142y\u017cki\"><\/p>\n<h3>Bezpiecze\u0144stwo i wzgl\u0119dy \u015brodowiskowe<\/h3>\n<p>Podczas korzystania z cylindra czerpakowego nale\u017cy przestrzega\u0107 \u015brodk\u00f3w bezpiecze\u0144stwa, takich jak zawory bezpiecze\u0144stwa i wy\u0142\u0105czniki awaryjne, aby zapewni\u0107 bezpiecze\u0144stwo operatora. Przestrzeganie przepis\u00f3w ochrony \u015brodowiska i norm bezpiecze\u0144stwa jest niezb\u0119dne, aby unikn\u0105\u0107 potencjalnych zagro\u017ce\u0144 lub szk\u00f3d \u015brodowiskowych.<\/p>\n<h3>Diagnostyka usterek i rozwi\u0105zywanie problem\u00f3w<\/h3>\n<p>Do typowych problem\u00f3w zwi\u0105zanych z si\u0142ownikiem \u0142y\u017cki nale\u017c\u0105 wycieki, nag\u0142e zatrzymania i powolny ruch. Aby rozwi\u0105za\u0107 te problemy, nale\u017cy zastosowa\u0107 w\u0142a\u015bciw\u0105 diagnoz\u0119 i skuteczne metody rozwi\u0105zywania problem\u00f3w. Zaleca si\u0119 regularn\u0105 konserwacj\u0119 i dzia\u0142ania zapobiegawcze, takie jak smarowanie i wymiana uszczelnie\u0144, aby unikn\u0105\u0107 potencjalnych problem\u00f3w.<\/p>\n<p><img decoding=\"async\" src=\"https:\/\/www.hydraulic-cylinders.net\/wp-content\/uploads\/2025\/01\/songte-bushings-with-all-kinds-of-excavator-models.webp\" alt=\"Obraz tulei cylindra \u0142y\u017cki\"><\/p>\n<h3>O naszej firmie<\/h3>\n<p>Jeste\u015bmy wiod\u0105cym producentem i hurtowym dystrybutorem si\u0142ownik\u00f3w hydraulicznych na rynku krajowym i mi\u0119dzynarodowym. Specjalizujemy si\u0119 w produkcji r\u00f3\u017cnego rodzaju si\u0142ownik\u00f3w hydraulicznych i oferujemy us\u0142ugi dostosowane do indywidualnych potrzeb. Przestrzegamy zasad doskona\u0142o\u015bci w zakresie jako\u015bci i zarz\u0105dzania produkcj\u0105, opieraj\u0105c si\u0119 na wysoko wykwalifikowanym zespole, zdigitalizowanym, zaawansowanym sprz\u0119cie produkcyjnym oraz profesjonalnych systemach testowych, aby stale ulepsza\u0107 nasz\u0105 platform\u0119 produkcyjn\u0105, doskonali\u0107 jako\u015b\u0107 produkt\u00f3w na naszej linii produkcyjnej oraz posiadamy zaawansowane mo\u017cliwo\u015bci produkcyjne, wysok\u0105 wydajno\u015b\u0107, dok\u0142adno\u015b\u0107 i zasady jako\u015bci, aby sprosta\u0107 zr\u00f3\u017cnicowanym wymaganiom klient\u00f3w.<\/p>\n<ul>\n<li>Profesjonalizm<\/li>\n<li>Mi\u0119dzynarodowa Certyfikacja<\/li>\n<li>Us\u0142ugi dostosowane do indywidualnych potrzeb<\/li>\n<li>Sprz\u0119t produkcyjny<\/li>\n<li>Serwis posprzeda\u017cowy<\/li>\n<\/ul>\n<p><img decoding=\"async\" src=\"https:\/\/hzpt.com\/wp-content\/uploads\/2024\/11\/songte-company-1.webp\" alt=\"Wizerunek firmy\"><\/p>\n<p>Autor: lyl<\/p>","protected":false},"excerpt":{"rendered":"<p>Bucket Cylinder For World Large Excavator W2700-8 Introduction The bucket cylinder, a specialized hydraulic cylinder, is primarily used to control the movement of the bucket in heavy machinery such as excavators, backhoe loaders, and front-end loaders. Its main function is to enable the bucket to lift, lower, and tilt, facilitating various material handling tasks. In [&hellip;]<\/p>","protected":false},"featured_media":14785,"comment_status":"open","ping_status":"closed","template":"","meta":{"_et_pb_use_builder":"","_et_pb_old_content":"","_et_gb_content_width":""},"product_brand":[],"product_cat":[1494],"product_tag":[1495,1496],"class_list":{"0":"post-15750","1":"product","2":"type-product","3":"status-publish","4":"has-post-thumbnail","6":"product_cat-bucket-cylinders","7":"product_tag-bucket-cylinders","8":"product_tag-hydraulic-cylinders","10":"first","11":"instock","12":"shipping-taxable","13":"product-type-simple"},"amp_enabled":true,"_links":{"self":[{"href":"https:\/\/www.hydraulic-cylinders.net\/pl\/wp-json\/wp\/v2\/product\/15750","targetHints":{"allow":["GET"]}}],"collection":[{"href":"https:\/\/www.hydraulic-cylinders.net\/pl\/wp-json\/wp\/v2\/product"}],"about":[{"href":"https:\/\/www.hydraulic-cylinders.net\/pl\/wp-json\/wp\/v2\/types\/product"}],"replies":[{"embeddable":true,"href":"https:\/\/www.hydraulic-cylinders.net\/pl\/wp-json\/wp\/v2\/comments?post=15750"}],"wp:featuredmedia":[{"embeddable":true,"href":"https:\/\/www.hydraulic-cylinders.net\/pl\/wp-json\/wp\/v2\/media\/14785"}],"wp:attachment":[{"href":"https:\/\/www.hydraulic-cylinders.net\/pl\/wp-json\/wp\/v2\/media?parent=15750"}],"wp:term":[{"taxonomy":"product_brand","embeddable":true,"href":"https:\/\/www.hydraulic-cylinders.net\/pl\/wp-json\/wp\/v2\/product_brand?post=15750"},{"taxonomy":"product_cat","embeddable":true,"href":"https:\/\/www.hydraulic-cylinders.net\/pl\/wp-json\/wp\/v2\/product_cat?post=15750"},{"taxonomy":"product_tag","embeddable":true,"href":"https:\/\/www.hydraulic-cylinders.net\/pl\/wp-json\/wp\/v2\/product_tag?post=15750"}],"curies":[{"name":"wp","href":"https:\/\/api.w.org\/{rel}","templated":true}]}}