{"id":15755,"date":"2025-01-19T14:56:20","date_gmt":"2025-01-19T14:56:20","guid":{"rendered":"https:\/\/www.hydraulic-cylinders.net\/product\/bucket-cylinder-for-jingong-crawler-excavator-jcm937\/"},"modified":"2025-01-19T14:56:22","modified_gmt":"2025-01-19T14:56:22","slug":"bucket-cylinder-for-jingong-crawler-excavator-jcm937","status":"publish","type":"product","link":"https:\/\/www.hydraulic-cylinders.net\/pl\/produkt\/bucket-cylinder-for-jingong-crawler-excavator-jcm937\/","title":{"rendered":"Cylinder \u0142y\u017cki do koparki g\u0105sienicowej Jingong JCM937"},"content":{"rendered":"<p><h2>Cylinder \u0142y\u017cki do koparki g\u0105sienicowej Jingong JCM937<\/h2><\/p>\n<p><h3>Wst\u0119p<\/h3><\/p>\n<p>Si\u0142ownik \u0142y\u017cki to specjalnie zaprojektowany si\u0142ownik hydrauliczny, u\u017cywany g\u0142\u00f3wnie do sterowania ruchem \u0142y\u017cek w ci\u0119\u017ckich maszynach, takich jak koparki, koparko-\u0142adowarki i \u0142adowarki czo\u0142owe. Jego g\u0142\u00f3wn\u0105 funkcj\u0105 jest u\u0142atwianie zada\u0144 zwi\u0105zanych z prze\u0142adunkiem materia\u0142\u00f3w poprzez umo\u017cliwienie podnoszenia, opuszczania i przechylania \u0142y\u017cki w zale\u017cno\u015bci od potrzeb. W uk\u0142adach hydraulicznych si\u0142ownik \u0142y\u017cki zapewnia precyzyjn\u0105 kontrol\u0119 nad \u0142y\u017ck\u0105 poprzez zmiany ci\u015bnienia oleju hydraulicznego, umo\u017cliwiaj\u0105c operatorom wydajne przenoszenie du\u017cych \u0142adunk\u00f3w, adaptacj\u0119 do z\u0142o\u017conych warunk\u00f3w pracy i zr\u00f3\u017cnicowanych potrzeb operacyjnych.<\/p>\n<p><img decoding=\"async\" src=\"https:\/\/www.hydraulic-cylinders.net\/wp-content\/uploads\/2025\/01\/songte-company-2.webp\" alt=\"Cylinder \u0142y\u017cki do koparki g\u0105sienicowej Jingong JCM937 Zdj\u0119cie\"><\/p>\n<p><h3>Cechy<\/h3><\/p>\n<ul>\n<li>Wysoka wytrzyma\u0142o\u015b\u0107 i trwa\u0142o\u015b\u0107: Zazwyczaj wykonane z wytrzyma\u0142ej stali lub aluminium, wytrzymuj\u0105 du\u017ce ci\u015bnienie i du\u017ce obci\u0105\u017cenia, s\u0105 przystosowane do trudnych warunk\u00f3w pracy oraz zaprojektowane z my\u015bl\u0105 o odporno\u015bci na zu\u017cycie i korozj\u0119, co wyd\u0142u\u017ca ich \u017cywotno\u015b\u0107.<\/li>\n<li>Wydajne dzia\u0142anie uk\u0142adu hydraulicznego: Wykorzystuje ci\u015bnienie oleju hydraulicznego w celu uzyskania p\u0142ynnego ruchu wysuwania i wsuwania, szybko reaguje na polecenia steruj\u0105ce, wytwarza du\u017ce si\u0142y pchania i ci\u0105gni\u0119cia, kt\u00f3re s\u0105 odpowiednie do obs\u0142ugi du\u017cych obci\u0105\u017ce\u0144 i skomplikowanych zada\u0144 operacyjnych.<\/li>\n<li>R\u00f3\u017cnorodne typy: Mo\u017cna wybiera\u0107 cylindry jednostronnego dzia\u0142ania (hydrauliczne tylko w jednym kierunku) lub dwustronnego dzia\u0142ania (hydrauliczne w obu kierunkach) w zale\u017cno\u015bci od potrzeb, aby spe\u0142ni\u0107 r\u00f3\u017cne wymagania operacyjne. Niekt\u00f3re modele s\u0105 teleskopowe, co pozwala na wi\u0119ksze wyd\u0142u\u017cenie bez zwi\u0119kszania wymiar\u00f3w zewn\u0119trznych, odpowiednie do zastosowa\u0144 w ograniczonej przestrzeni.<\/li>\n<li>Mo\u017cliwo\u015b\u0107 dostosowania: Mo\u017cemy wyprodukowa\u0107 ten produkt, kt\u00f3ry doskonale zast\u0105pi te cylindry hydrauliczne.<\/li>\n<\/ul>\n<p><img decoding=\"async\" src=\"https:\/\/www.hydraulic-cylinders.net\/wp-content\/uploads\/2025\/01\/songte-cylinder-head-with-all-kinds-excavator-models.webp\" alt=\"Cylinder \u0142y\u017cki do koparki g\u0105sienicowej Jingong JCM937 Zdj\u0119cie\"><\/p>\n<p><h3>Aplikacje<\/h3><\/p>\n<p>Cylindry kube\u0142kowe s\u0105 szeroko stosowane w r\u00f3\u017cnych dziedzinach, w tym:<\/p>\n<ul>\n<li>Sprz\u0119t budowlany: W koparkach s\u0105 one niezb\u0119dne do wykopywania, za\u0142adunku i przemieszczania gleby lub gruzu. W koparko-\u0142adowarkach cylindry \u0142y\u017cki wspomagaj\u0105 zar\u00f3wno kopanie, jak i podnoszenie. \u0141adowarki czo\u0142owe wykorzystuj\u0105 cylindry \u0142y\u017cki, aby u\u0142atwi\u0107 efektywne podnoszenie i wysypywanie materia\u0142\u00f3w.<\/li>\n<li>Maszyny rolnicze: U\u017cywane w \u0142adowarkach czo\u0142owych do nabierania, podnoszenia i transportu gleby, siana i innych materia\u0142\u00f3w. W koparkach si\u0142owniki \u0142y\u017cki umo\u017cliwiaj\u0105 kopanie, pozwalaj\u0105c \u0142y\u017cce na penetracj\u0119 gleby.<\/li>\n<\/ul>\n<p><h3>Zagadnienia projektowe i kryteria wyboru<\/h3><\/p>\n<p>Z punktu widzenia projektowania, przy wyborze cylindr\u00f3w kube\u0142kowych nale\u017cy wzi\u0105\u0107 pod uwag\u0119 nast\u0119puj\u0105ce kluczowe czynniki: no\u015bno\u015b\u0107, szczelno\u015b\u0107, trwa\u0142o\u015b\u0107, bezpiecze\u0144stwo i mo\u017cliwo\u015b\u0107 naprawy. <\/p>\n<ul>\n<li>No\u015bno\u015b\u0107: Cylindry \u0142y\u017cki musz\u0105 by\u0107 w stanie ud\u017awign\u0105\u0107 ci\u0119\u017car i si\u0142\u0119 przenoszonych materia\u0142\u00f3w.<\/li>\n<li>Skuteczno\u015b\u0107 uszczelnienia: Aby zagwarantowa\u0107 dobr\u0105 skuteczno\u015b\u0107 uszczelnienia, konieczne jest stosowanie r\u00f3\u017cnych element\u00f3w uszczelniaj\u0105cych, takich jak uszczelnienia t\u0142ok\u00f3w, uszczelnienia t\u0142oczysk itp., wykonanych z materia\u0142\u00f3w odpornych na zu\u017cycie, takich jak poliuretan, kauczuk nitrylowy itp.<\/li>\n<li>Trwa\u0142o\u015b\u0107: Korpus cylindra i gwintowane powierzchnie ko\u0144cowe musz\u0105 zosta\u0107 poddane precyzyjnej obr\u00f3bce w celu zwi\u0119kszenia odporno\u015bci na zu\u017cycie. Aby zapewni\u0107 d\u0142ugowieczno\u015b\u0107, konieczne jest regularne smarowanie odpowiednim olejem hydraulicznym.<\/li>\n<li>Bezpiecze\u0144stwo: Cylinder musi by\u0107 prawid\u0142owo zainstalowany i zaprojektowany w spos\u00f3b zapobiegaj\u0105cy niezamierzonemu ruchowi lub wypadkom<\/li>\n<li>Mo\u017cliwo\u015b\u0107 naprawy: Produkty musz\u0105 by\u0107 projektowane z my\u015bl\u0105 o \u0142atwo\u015bci konserwacji, aby mo\u017cna je by\u0142o szybko naprawi\u0107.<\/li>\n<\/ul>\n<p><img decoding=\"async\" src=\"https:\/\/www.hydraulic-cylinders.net\/wp-content\/uploads\/2025\/01\/songte-oil-pipes-and-spare-parts.webp\" alt=\"Cylinder \u0142y\u017cki do koparki g\u0105sienicowej Jingong JCM937 Zdj\u0119cie\"><\/p>\n<p><h3>Uszczelnianie i smarowanie<\/h3><\/p>\n<p>Aby zapewni\u0107 dobr\u0105 szczelno\u015b\u0107, konieczne jest stosowanie r\u00f3\u017cnych element\u00f3w uszczelniaj\u0105cych, takich jak uszczelnienia t\u0142ok\u00f3w, uszczelnienia t\u0142oczysk itp., wykonanych z materia\u0142\u00f3w odpornych na zu\u017cycie, takich jak poliuretan, kauczuk nitrylowy itp. Korpus cylindra i gwintowane powierzchnie ko\u0144cowe musz\u0105 zosta\u0107 poddane precyzyjnej obr\u00f3bce w celu zwi\u0119kszenia odporno\u015bci na zu\u017cycie. Regularne smarowanie odpowiednim olejem hydraulicznym jest niezb\u0119dne dla zapewnienia d\u0142ugiej \u017cywotno\u015bci.<\/p>\n<p><h3>Konserwacja i naprawa<\/h3><\/p>\n<p>Aby utrzyma\u0107 cylinder \u0142y\u017cki w dobrym stanie, konieczne s\u0105 regularne kontrole, odpowiednie smarowanie, wymiana uszczelek i kontrole kalibracji.<\/p>\n<ul>\n<li>Kontrola: Nale\u017cy regularnie sprawdza\u0107 korpus cylindra i jego gwintowane ko\u0144ce, aby mie\u0107 pewno\u015b\u0107, \u017ce s\u0105 w dobrym stanie technicznym.<\/li>\n<li>Smarowanie: Prawid\u0142owe smarowanie jest konieczne, aby zapewni\u0107 d\u0142ug\u0105 \u017cywotno\u015b\u0107 cylindra i zapobiec uszkodzeniom spowodowanym brakiem smarowania.<\/li>\n<li>Wymiana uszczelek: Wymiana uszczelek jest niezb\u0119dna, aby zapewni\u0107 szczelno\u015b\u0107 cylindra, kt\u00f3ra z czasem mo\u017ce ulec pogorszeniu.<\/li>\n<\/ul>\n<p><img decoding=\"async\" src=\"https:\/\/www.hydraulic-cylinders.net\/wp-content\/uploads\/2025\/01\/songte-chushion-collar.webp\" alt=\"Cylinder \u0142y\u017cki do koparki g\u0105sienicowej Jingong JCM937 Zdj\u0119cie\"><\/p>\n<p><h3>Bezpiecze\u0144stwo i wzgl\u0119dy \u015brodowiskowe<\/h3><\/p>\n<p>Podczas u\u017cytkowania cylindr\u00f3w czerpakowych nale\u017cy zachowa\u0107 \u015brodki bezpiecze\u0144stwa, aby zapobiec wypadkom. Nale\u017cy r\u00f3wnie\u017c upewni\u0107 si\u0119, \u017ce utylizacja zu\u017cytego oleju lub p\u0142yn\u00f3w hydraulicznych odbywa si\u0119 zgodnie z przepisami ochrony \u015brodowiska.<\/p>\n<p><h3>Rozwi\u0105zywanie problem\u00f3w i typowe problemy<\/h3><\/p>\n<p>Poni\u017cej przedstawiono kilka typowych problem\u00f3w i rozwi\u0105za\u0144 dotycz\u0105cych cylindr\u00f3w kube\u0142kowych:<\/p>\n<ul>\n<li>Wyciek oleju: Sprawd\u017a elementy uszczelniaj\u0105ce, w razie potrzeby wymie\u0144 je, a tak\u017ce upewnij si\u0119, \u017ce s\u0105 prawid\u0142owo zamontowane i dobrze dokr\u0119cone.<\/li>\n<li>Powolne wysuwanie lub wsuwanie: Sprawd\u017a dop\u0142yw oleju hydraulicznego, filtry i zawory, upewniaj\u0105c si\u0119, \u017ce s\u0105 czyste, nieuszkodzone ani nie s\u0105 zatkane.<\/li>\n<li>Nadmierny ha\u0142as lub wibracje: Sprawd\u017a korpus cylindra, pr\u0119t i t\u0142ok pod k\u0105tem uszkodze\u0144 lub zu\u017cycia i wymie\u0144 je w razie potrzeby.<\/li>\n<\/ul>\n<p><img decoding=\"async\" src=\"https:\/\/www.hydraulic-cylinders.net\/wp-content\/uploads\/2025\/01\/songte-bushings-with-all-kinds-of-excavator-models.webp\" alt=\"Cylinder \u0142y\u017cki do koparki g\u0105sienicowej Jingong JCM937 Zdj\u0119cie\"><\/p>\n<p><h3>O naszej firmie<\/h3><\/p>\n<p>Jeste\u015bmy producentem zamiennych cylindr\u00f3w hydraulicznych oferuj\u0105cym pe\u0142n\u0105 gam\u0119 produkt\u00f3w. Stali\u015bmy si\u0119 jednym z wiod\u0105cych producent\u00f3w i hurtowych dystrybutor\u00f3w cylindr\u00f3w hydraulicznych na rynku krajowym i mi\u0119dzynarodowym. Przestrzegamy zasad doskona\u0142ej jako\u015bci i opieramy si\u0119 na zindustrializowanych strategiach zarz\u0105dzania produkcj\u0105 w wyspecjalizowanych warsztatach produkcyjnych. Wykorzystuj\u0105c talent techniczny, cyfrowy sprz\u0119t produkcyjny wysokiej klasy oraz profesjonalne systemy testowe, stale ulepszamy platform\u0119 produkcyjn\u0105 warsztatu, doskonalimy proces produkcji i dysponujemy silnym potencja\u0142em kreatywnym. Przestrzegamy zasad wysokiej wydajno\u015bci, precyzji i jako\u015bci, aby sprosta\u0107 zr\u00f3\u017cnicowanym potrzebom naszych klient\u00f3w.<\/p>\n<p><img decoding=\"async\" src=\"https:\/\/hzpt.com\/wp-content\/uploads\/2024\/11\/songte-company-1.webp\" alt=\"Cylinder \u0142y\u017cki do koparki g\u0105sienicowej Jingong JCM937 Zdj\u0119cie\"><\/p>\n<p>Oferujemy profesjonalne, certyfikowane us\u0142ugi dostosowane do indywidualnych potrzeb, dysponujemy zaawansowanym sprz\u0119tem produkcyjnym i doskona\u0142\u0105 obs\u0142ug\u0105 posprzeda\u017cow\u0105.<\/p>\n<ul>\n<li>Profesjonalizm: Dzi\u0119ki wieloletniemu do\u015bwiadczeniu stali\u015bmy si\u0119 ekspertami w dziedzinie si\u0142ownik\u00f3w hydraulicznych.<\/li>\n<li>Certyfikaty mi\u0119dzynarodowe: Nasze produkty uzyska\u0142y szereg certyfikat\u00f3w mi\u0119dzynarodowych, co gwarantuje ich najwy\u017csz\u0105 jako\u015b\u0107.<\/li>\n<li>Us\u0142ugi dostosowane do indywidualnych potrzeb: Oferujemy us\u0142ugi dostosowane do indywidualnych potrzeb naszych klient\u00f3w.<\/li>\n<li>Sprz\u0119t produkcyjny: U\u017cywamy najnowocze\u015bniejszego sprz\u0119tu produkcyjnego, aby zapewni\u0107 najwy\u017csz\u0105 jako\u015b\u0107 naszych produkt\u00f3w.<\/li>\n<li>Obs\u0142uga posprzeda\u017cowa: Zapewniamy doskona\u0142\u0105 obs\u0142ug\u0119 posprzeda\u017cow\u0105, aby mie\u0107 pewno\u015b\u0107, \u017ce nasi klienci s\u0105 zadowoleni z naszych produkt\u00f3w.<\/li>\n<\/ul>\n<p><img decoding=\"async\" src=\"https:\/\/www.hydraulic-cylinders.net\/wp-content\/uploads\/2025\/01\/songte-company-3.webp\" alt=\"Cylinder \u0142y\u017cki do koparki g\u0105sienicowej Jingong JCM937 Zdj\u0119cie\"><\/p>\n<p>Autor: lyl<\/p>","protected":false},"excerpt":{"rendered":"<p>Bucket Cylinder For Jingong Crawler Excavator JCM937 Introduction A bucket cylinder is a specially designed hydraulic cylinder primarily used to control the movement of buckets in heavy machinery such as excavators, backhoe excavators, and front-end loaders. Its main function is to facilitate material handling tasks by allowing the bucket to be lifted, lowered, and tilted [&hellip;]<\/p>","protected":false},"featured_media":14776,"comment_status":"open","ping_status":"closed","template":"","meta":{"_et_pb_use_builder":"","_et_pb_old_content":"","_et_gb_content_width":""},"product_brand":[],"product_cat":[1494],"product_tag":[1495,1496],"class_list":{"0":"post-15755","1":"product","2":"type-product","3":"status-publish","4":"has-post-thumbnail","6":"product_cat-bucket-cylinders","7":"product_tag-bucket-cylinders","8":"product_tag-hydraulic-cylinders","10":"first","11":"instock","12":"shipping-taxable","13":"product-type-simple"},"amp_enabled":true,"_links":{"self":[{"href":"https:\/\/www.hydraulic-cylinders.net\/pl\/wp-json\/wp\/v2\/product\/15755","targetHints":{"allow":["GET"]}}],"collection":[{"href":"https:\/\/www.hydraulic-cylinders.net\/pl\/wp-json\/wp\/v2\/product"}],"about":[{"href":"https:\/\/www.hydraulic-cylinders.net\/pl\/wp-json\/wp\/v2\/types\/product"}],"replies":[{"embeddable":true,"href":"https:\/\/www.hydraulic-cylinders.net\/pl\/wp-json\/wp\/v2\/comments?post=15755"}],"wp:featuredmedia":[{"embeddable":true,"href":"https:\/\/www.hydraulic-cylinders.net\/pl\/wp-json\/wp\/v2\/media\/14776"}],"wp:attachment":[{"href":"https:\/\/www.hydraulic-cylinders.net\/pl\/wp-json\/wp\/v2\/media?parent=15755"}],"wp:term":[{"taxonomy":"product_brand","embeddable":true,"href":"https:\/\/www.hydraulic-cylinders.net\/pl\/wp-json\/wp\/v2\/product_brand?post=15755"},{"taxonomy":"product_cat","embeddable":true,"href":"https:\/\/www.hydraulic-cylinders.net\/pl\/wp-json\/wp\/v2\/product_cat?post=15755"},{"taxonomy":"product_tag","embeddable":true,"href":"https:\/\/www.hydraulic-cylinders.net\/pl\/wp-json\/wp\/v2\/product_tag?post=15755"}],"curies":[{"name":"wp","href":"https:\/\/api.w.org\/{rel}","templated":true}]}}