{"id":15777,"date":"2025-01-19T14:58:01","date_gmt":"2025-01-19T14:58:01","guid":{"rendered":"https:\/\/www.hydraulic-cylinders.net\/product\/bucket-cylinder-for-tck-hd1023lc-8h\/"},"modified":"2025-01-19T14:58:03","modified_gmt":"2025-01-19T14:58:03","slug":"bucket-cylinder-for-tck-hd1023lc-8h","status":"publish","type":"product","link":"https:\/\/www.hydraulic-cylinders.net\/pl\/produkt\/bucket-cylinder-for-tck-hd1023lc-8h\/","title":{"rendered":"Si\u0142ownik kube\u0142kowy do TCK HD1023LC-8H"},"content":{"rendered":"<h1>Si\u0142ownik kube\u0142kowy do TCK HD1023LC-8H<\/h1>\n<h2>Wst\u0119p<\/h2>\n<p>Si\u0142ownik \u0142y\u017cki to specjalnie zaprojektowany si\u0142ownik hydrauliczny, u\u017cywany g\u0142\u00f3wnie do sterowania ruchem \u0142y\u017cki w ci\u0119\u017ckich maszynach, takich jak koparki, koparko-\u0142adowarki i \u0142adowarki czo\u0142owe. Jego g\u0142\u00f3wn\u0105 funkcj\u0105 jest podnoszenie, opuszczanie i przechylanie \u0142y\u017cki podczas r\u00f3\u017cnych zada\u0144 zwi\u0105zanych z prze\u0142adunkiem materia\u0142\u00f3w. W uk\u0142adzie hydraulicznym si\u0142ownik \u0142y\u017cki steruje precyzyjnym ruchem \u0142y\u017cki poprzez zmiany ci\u015bnienia oleju hydraulicznego, umo\u017cliwiaj\u0105c operatorom wydajne przenoszenie ci\u0119\u017ckich \u0142adunk\u00f3w i dostosowywanie si\u0119 do z\u0142o\u017conych warunk\u00f3w pracy oraz zr\u00f3\u017cnicowanych wymaga\u0144.<\/p>\n<p><img decoding=\"async\" src=\"https:\/\/www.hydraulic-cylinders.net\/wp-content\/uploads\/2025\/01\/songte-company-2.webp\" alt=\"Obraz cylindra wiadra\"><\/p>\n<h2>Cechy<\/h2>\n<ul>\n<li>Wysoka wytrzyma\u0142o\u015b\u0107 i trwa\u0142o\u015b\u0107: Zazwyczaj wykonane z wysokowytrzyma\u0142ej stali lub aluminium, wytrzymuj\u0105 du\u017ce ci\u015bnienie i du\u017ce obci\u0105\u017cenia, nadaj\u0105 si\u0119 do trudnych warunk\u00f3w pracy, zaprojektowane z uwzgl\u0119dnieniem odporno\u015bci na zu\u017cycie i korozj\u0119 oraz wyd\u0142u\u017conej \u017cywotno\u015bci.<\/li>\n<li>Wydajna praca uk\u0142adu hydraulicznego: p\u0142ynne dzia\u0142anie teleskopowe wykorzystuj\u0105ce ci\u015bnienie oleju hydraulicznego, mo\u017cliwo\u015b\u0107 szybkiej reakcji na polecenia steruj\u0105ce, wytwarzanie du\u017cych si\u0142 pchania i ci\u0105gni\u0119cia, odpowiednie do obs\u0142ugi ci\u0119\u017ckich \u0142adunk\u00f3w i wykonywania skomplikowanych zada\u0144.<\/li>\n<li>R\u00f3\u017cne typy: Typy cylindr\u00f3w obejmuj\u0105 cylindry jednostronnego dzia\u0142ania (pracuj\u0105ce hydraulicznie tylko w jednym kierunku) i dwustronnego dzia\u0142ania (pracuj\u0105ce hydraulicznie w obu kierunkach), aby spe\u0142ni\u0107 r\u00f3\u017cne wymagania operacyjne. Niekt\u00f3re modele s\u0105 teleskopowe, co pozwala na wi\u0119ksze wyd\u0142u\u017cenie bez zwi\u0119kszania wymiar\u00f3w zewn\u0119trznych, nadaj\u0105c si\u0119 do zastosowa\u0144 w ograniczonej przestrzeni.<\/li>\n<li>Doskona\u0142a opcja wymiany: Nasz produkt mo\u017ce by\u0107 z \u0142atwo\u015bci\u0105 u\u017cyty do wymiany podobnych cylindr\u00f3w hydraulicznych.<\/li>\n<\/ul>\n<p><img decoding=\"async\" src=\"https:\/\/www.hydraulic-cylinders.net\/wp-content\/uploads\/2025\/01\/songte-cylinder-head-with-all-kinds-excavator-models.webp\" alt=\"Obraz cylindra wiadra\"><\/p>\n<h2>Zastosowanie<\/h2>\n<p>Si\u0142ownik kube\u0142kowy ma szerokie zastosowanie w ci\u0119\u017ckim sprz\u0119cie:<\/p>\n<ul>\n<li>Sprz\u0119t budowlany: W koparkach s\u0105 one niezb\u0119dne do kopania, za\u0142adunku i przemieszczania gleby lub gruzu. W koparko-\u0142adowarkach cylindry \u0142y\u017cki u\u0142atwiaj\u0105 kopanie i podnoszenie. W \u0142adowarkach czo\u0142owych u\u0142atwiaj\u0105 efektywne podnoszenie i przechylanie \u0142adunku.<\/li>\n<li>Maszyny rolnicze: U\u017cywane do \u0142adowarek czo\u0142owych, do zbierania, podnoszenia i transportu gleby, siana i innych materia\u0142\u00f3w. W koparkach cylindry \u0142y\u017cki dzia\u0142aj\u0105 poprzez umo\u017cliwienie jej penetracji gleby w celu wykopania.<\/li>\n<\/ul>\n<h2>Zagadnienia projektowe i standardy wyboru<\/h2>\n<p>Przy projektowaniu cylindr\u00f3w kube\u0142kowych nale\u017cy wzi\u0105\u0107 pod uwag\u0119 kilka kluczowych czynnik\u00f3w:<\/p>\n<ul>\n<li>No\u015bno\u015b\u0107: Cylinder musi by\u0107 w stanie ud\u017awign\u0105\u0107 ci\u0119\u017car sprz\u0119tu i materia\u0142\u00f3w, kt\u00f3re transportuje.<\/li>\n<li>Uszczelnienie: Aby zapobiec wyciekom p\u0142ynu hydraulicznego i zanieczyszczeniom, stosuje si\u0119 r\u00f3\u017cne rodzaje uszczelnie\u0144, takie jak uszczelnienia t\u0142okowe i uszczelnienia t\u0142oczyskowe.<\/li>\n<li>Trwa\u0142o\u015b\u0107: Cylindry s\u0105 projektowane tak, aby wytrzymywa\u0142y trudne warunki i wysokie ci\u015bnienia, a materia\u0142y dobierane s\u0105 pod k\u0105tem odporno\u015bci na zu\u017cycie i korozj\u0119.<\/li>\n<li>Bezpiecze\u0144stwo: W celu zapobie\u017cenia przeci\u0105\u017ceniu i uszkodzeniu cylindra zastosowano takie elementy bezpiecze\u0144stwa jak zawory bezpiecze\u0144stwa.<\/li>\n<li>Konserwacja: Dost\u0119pno\u015b\u0107 i \u0142atwo\u015b\u0107 konserwacji maj\u0105 na celu skr\u00f3cenie przestoj\u00f3w i wyd\u0142u\u017cenie okresu eksploatacji.<\/li>\n<\/ul>\n<p><img decoding=\"async\" src=\"https:\/\/www.hydraulic-cylinders.net\/wp-content\/uploads\/2025\/01\/songte-oil-pipes-and-spare-parts.webp\" alt=\"Obraz cylindra wiadra\"><\/p>\n<h2>Uszczelnianie i smarowanie<\/h2>\n<p>W si\u0142ownikach kube\u0142kowych stosowane s\u0105 r\u00f3\u017cnego rodzaju uszczelnienia, takie jak uszczelnienia t\u0142oka i t\u0142oczyska, wykonane z materia\u0142\u00f3w odpornych na zu\u017cycie, takich jak poliuretan lub kauczuk nitrylowy, aby zapobiec wyciekom i zanieczyszczeniom. Korpus si\u0142ownika i gwintowane powierzchnie ko\u0144cowe s\u0105 precyzyjnie obrabiane w celu zwi\u0119kszenia odporno\u015bci na zu\u017cycie. Regularne uzupe\u0142nianie odpowiedniego oleju hydraulicznego jest niezb\u0119dne do smarowania si\u0142ownika i zapewnienia p\u0142ynnej pracy.<\/p>\n<p><img decoding=\"async\" src=\"https:\/\/www.hydraulic-cylinders.net\/wp-content\/uploads\/2025\/01\/songte-chushion-collar.webp\" alt=\"Obraz cylindra wiadra\"><\/p>\n<h2>Konserwacja zapobiegawcza<\/h2>\n<p>Regularne przegl\u0105dy i konserwacja s\u0105 niezb\u0119dne dla zapewnienia bezpiecznej i wydajnej pracy si\u0142ownik\u00f3w kube\u0142kowych. Typowe czynno\u015bci konserwacyjne obejmuj\u0105:<\/p>\n<ul>\n<li>Regularna kontrola cylindra pod k\u0105tem wyciek\u00f3w, uszkodze\u0144 i zu\u017cycia.<\/li>\n<li>Regularne smarowanie cylindra zapewnia p\u0142ynn\u0105 prac\u0119.<\/li>\n<li>Wymiana uszczelek i ponowna kalibracja cylindra, je\u015bli zachodzi taka potrzeba.<\/li>\n<\/ul>\n<h2>Zagadnienia bezpiecze\u0144stwa i czynniki \u015brodowiskowe<\/h2>\n<p>Podczas u\u017cytkowania cylindra czerpakowego niezb\u0119dne s\u0105 \u015brodki bezpiecze\u0144stwa, aby zapobiec wypadkom. Nale\u017cy przestrzega\u0107 wszystkich wytycznych bezpiecze\u0144stwa i stosowa\u0107 odpowiedni sprz\u0119t ochrony osobistej, taki jak r\u0119kawice, okulary ochronne i kaski. Podczas obs\u0142ugi ci\u0119\u017ckiego sprz\u0119tu nale\u017cy r\u00f3wnie\u017c uwzgl\u0119dni\u0107 czynniki \u015brodowiskowe, takie jak pogoda i ukszta\u0142towanie terenu.<\/p>\n<p><img decoding=\"async\" src=\"https:\/\/www.hydraulic-cylinders.net\/wp-content\/uploads\/2025\/01\/songte-bushings-with-all-kinds-of-excavator-models.webp\" alt=\"Obraz cylindra wiadra\"><\/p>\n<h2>Typowe problemy i rozwi\u0105zywanie problem\u00f3w<\/h2>\n<p>Typowe problemy z si\u0142ownikami czerpakowymi obejmuj\u0105 nieszczelno\u015bci, uszkodzenia i zu\u017cycie. Aby rozwi\u0105za\u0107 te problemy:<\/p>\n<ul>\n<li>Sprawd\u017a cylinder pod k\u0105tem nieszczelno\u015bci i uszkodze\u0144.<\/li>\n<li>Wymie\u0144 wszystkie zu\u017cyte lub uszkodzone cz\u0119\u015bci, takie jak uszczelki i \u0142o\u017cyska.<\/li>\n<li>W razie potrzeby nale\u017cy ponownie skalibrowa\u0107 cylinder.<\/li>\n<\/ul>\n<h2>O naszej firmie<\/h2>\n<p>Jeste\u015bmy producentem cylindr\u00f3w hydraulicznych, a nasze produkty ciesz\u0105 si\u0119 uznaniem jako jeden z wiod\u0105cych producent\u00f3w i dystrybutor\u00f3w hurtowych cylindr\u00f3w hydraulicznych na rynku krajowym i mi\u0119dzynarodowym. Nasza firma przestrzega zasad doskona\u0142ej jako\u015bci, opiera si\u0119 na zindustrializowanych strategiach zarz\u0105dzania produkcj\u0105 w zaawansowanych warsztatach produkcyjnych i stale udoskonala platform\u0119 produkcyjn\u0105 naszych warsztat\u00f3w, wykorzystuj\u0105c personel techniczny, cyfrowy sprz\u0119t produkcyjny wysokiej klasy oraz profesjonalne systemy testowe. Dysponujemy du\u017cym potencja\u0142em kreatywnym i oferujemy produkty o wysokiej wydajno\u015bci, precyzji i jako\u015bci, aby sprosta\u0107 zr\u00f3\u017cnicowanym potrzebom naszych klient\u00f3w.<\/p>\n<p><img decoding=\"async\" src=\"https:\/\/hzpt.com\/wp-content\/uploads\/2024\/11\/songte-company-1.webp\" alt=\"Obraz cylindra wiadra\"><\/p>\n<h2>Zalety naszej firmy<\/h2>\n<ul>\n<li>Profesjonalizm: Posiadamy du\u017ce do\u015bwiadczenie w bran\u017cy si\u0142ownik\u00f3w hydraulicznych i zgromadzili\u015bmy ogromn\u0105 wiedz\u0119 i kompetencje w tej dziedzinie.<\/li>\n<li>Certyfikaty mi\u0119dzynarodowe: Nasze produkty posiadaj\u0105 certyfikaty mi\u0119dzynarodowe i s\u0105 najwy\u017cszej jako\u015bci.<\/li>\n<li>Us\u0142ugi dostosowywania: Oferujemy us\u0142ugi projektowania cylindr\u00f3w dostosowanych do indywidualnych potrzeb naszych klient\u00f3w.<\/li>\n<li>Sprz\u0119t produkcyjny: Nasz sprz\u0119t produkcyjny jest najnowocze\u015bniejszy i pozwala nam wydajnie wytwarza\u0107 wysokiej jako\u015bci cylindry.<\/li>\n<li>Serwis posprzeda\u017cowy: Zapewniamy doskona\u0142\u0105 obs\u0142ug\u0119 posprzeda\u017cow\u0105, obejmuj\u0105c\u0105 wymian\u0119 cz\u0119\u015bci i us\u0142ugi regeneracji, co pozwala wyd\u0142u\u017cy\u0107 \u017cywotno\u015b\u0107 naszych cylindr\u00f3w.<\/li>\n<\/ul>\n<p>Autor: lyl<\/p>","protected":false},"excerpt":{"rendered":"<p>Bucket Cylinder for TCK HD1023LC-8H Introduction Bucket cylinder is a specially designed hydraulic cylinder used primarily for controlling the movement of buckets in heavy machinery such as excavators, backhoe excavators, and front loaders. Its main function is to allow the bucket to be lifted, lowered, and tilted for various material handling tasks. In the hydraulic [&hellip;]<\/p>","protected":false},"featured_media":14789,"comment_status":"open","ping_status":"closed","template":"","meta":{"_et_pb_use_builder":"","_et_pb_old_content":"","_et_gb_content_width":""},"product_brand":[],"product_cat":[1494],"product_tag":[1495,1496],"class_list":{"0":"post-15777","1":"product","2":"type-product","3":"status-publish","4":"has-post-thumbnail","6":"product_cat-bucket-cylinders","7":"product_tag-bucket-cylinders","8":"product_tag-hydraulic-cylinders","10":"first","11":"instock","12":"shipping-taxable","13":"product-type-simple"},"amp_enabled":true,"_links":{"self":[{"href":"https:\/\/www.hydraulic-cylinders.net\/pl\/wp-json\/wp\/v2\/product\/15777","targetHints":{"allow":["GET"]}}],"collection":[{"href":"https:\/\/www.hydraulic-cylinders.net\/pl\/wp-json\/wp\/v2\/product"}],"about":[{"href":"https:\/\/www.hydraulic-cylinders.net\/pl\/wp-json\/wp\/v2\/types\/product"}],"replies":[{"embeddable":true,"href":"https:\/\/www.hydraulic-cylinders.net\/pl\/wp-json\/wp\/v2\/comments?post=15777"}],"wp:featuredmedia":[{"embeddable":true,"href":"https:\/\/www.hydraulic-cylinders.net\/pl\/wp-json\/wp\/v2\/media\/14789"}],"wp:attachment":[{"href":"https:\/\/www.hydraulic-cylinders.net\/pl\/wp-json\/wp\/v2\/media?parent=15777"}],"wp:term":[{"taxonomy":"product_brand","embeddable":true,"href":"https:\/\/www.hydraulic-cylinders.net\/pl\/wp-json\/wp\/v2\/product_brand?post=15777"},{"taxonomy":"product_cat","embeddable":true,"href":"https:\/\/www.hydraulic-cylinders.net\/pl\/wp-json\/wp\/v2\/product_cat?post=15777"},{"taxonomy":"product_tag","embeddable":true,"href":"https:\/\/www.hydraulic-cylinders.net\/pl\/wp-json\/wp\/v2\/product_tag?post=15777"}],"curies":[{"name":"wp","href":"https:\/\/api.w.org\/{rel}","templated":true}]}}