{"id":15785,"date":"2025-01-19T14:58:59","date_gmt":"2025-01-19T14:58:59","guid":{"rendered":"https:\/\/www.hydraulic-cylinders.net\/product\/bucket-cylinder-for-sgzg-sd18b\/"},"modified":"2025-01-19T14:59:01","modified_gmt":"2025-01-19T14:59:01","slug":"bucket-cylinder-for-sgzg-sd18b","status":"publish","type":"product","link":"https:\/\/www.hydraulic-cylinders.net\/pl\/produkt\/bucket-cylinder-for-sgzg-sd18b\/","title":{"rendered":"Si\u0142ownik kube\u0142kowy do SGZG SD18B"},"content":{"rendered":"<h1>Si\u0142ownik kube\u0142kowy do SGZG SD18B<\/h1>\n<h2>Wst\u0119p<\/h2>\n<p>Si\u0142ownik \u0142y\u017cki to specjalnie zaprojektowany si\u0142ownik hydrauliczny, kt\u00f3ry s\u0142u\u017cy g\u0142\u00f3wnie do sterowania ruchem \u0142y\u017cki w ci\u0119\u017ckich maszynach, takich jak koparki, koparko-\u0142adowarki i \u0142adowarki czo\u0142owe. Jego g\u0142\u00f3wn\u0105 funkcj\u0105 jest umo\u017cliwienie podnoszenia, opuszczania i przechylania \u0142y\u017cki, u\u0142atwiaj\u0105c tym samym r\u00f3\u017cnorodne zadania zwi\u0105zane z prze\u0142adunkiem materia\u0142\u00f3w. W uk\u0142adzie hydraulicznym si\u0142ownik \u0142y\u017cki zapewnia precyzyjn\u0105 kontrol\u0119 ruchu \u0142y\u017cki poprzez zmian\u0119 ci\u015bnienia oleju hydraulicznego, umo\u017cliwiaj\u0105c operatorom wydajne przenoszenie ci\u0119\u017ckich \u0142adunk\u00f3w, dostosowywanie si\u0119 do z\u0142o\u017conych warunk\u00f3w pracy i zr\u00f3\u017cnicowanych wymaga\u0144.<\/p>\n<div>\n  <img decoding=\"async\" src=\"https:\/\/www.hydraulic-cylinders.net\/wp-content\/uploads\/2025\/01\/songte-company-2.webp\" alt=\"Cylinder kube\u0142kowy\">\n<\/div>\n<h2>Cechy<\/h2>\n<ul>\n<li>\n<h3>Wysoka wytrzyma\u0142o\u015b\u0107 i trwa\u0142o\u015b\u0107<\/h3>\n<p>Cylindry czerpakowe s\u0105 zazwyczaj wykonane z wysokowytrzyma\u0142ej stali lub aluminium, co pozwala im wytrzyma\u0107 wysokie ci\u015bnienie i du\u017ce obci\u0105\u017cenia oraz przystosowa\u0107 si\u0119 do trudnych warunk\u00f3w pracy. Konstrukcja uwzgl\u0119dnia odporno\u015b\u0107 na zu\u017cycie i korozj\u0119, aby wyd\u0142u\u017cy\u0107 \u017cywotno\u015b\u0107.<\/p>\n<\/li>\n<li>\n<h3>Wydajna praca hydrauliczna<\/h3>\n<p>Cylindry czerpakowe wykorzystuj\u0105 ci\u015bnienie oleju hydraulicznego, aby zapewni\u0107 p\u0142ynne ruchy rozci\u0105gania i kurczenia, szybko reaguj\u0105 na polecenia steruj\u0105ce, zapewniaj\u0105 du\u017c\u0105 si\u0142\u0119 pchania i ci\u0105gni\u0119cia oraz s\u0105 odpowiednie do przenoszenia ci\u0119\u017ckich \u0142adunk\u00f3w i wykonywania skomplikowanych zada\u0144.<\/p>\n<\/li>\n<li>\n<h3>R\u00f3\u017cne typy<\/h3>\n<p>Si\u0142owniki jednostronnego dzia\u0142ania (olej hydrauliczny dzia\u0142a tylko w jednym kierunku) lub dwustronnego dzia\u0142ania (olej hydrauliczny dzia\u0142a w obu kierunkach) mo\u017cna dobra\u0107 w zale\u017cno\u015bci od potrzeb, aby spe\u0142ni\u0107 r\u00f3\u017cne wymagania operacyjne. Niekt\u00f3re modele s\u0105 teleskopowe, co pozwala na wi\u0119ksze wysuni\u0119cie bez zwi\u0119kszania wymiar\u00f3w zewn\u0119trznych, i nadaje si\u0119 do zastosowa\u0144 w ograniczonej przestrzeni.<\/p>\n<\/li>\n<li>\n<h3>Mo\u017ce zast\u0105pi\u0107 inne cylindry hydrauliczne<\/h3>\n<p>Nasz produkt mo\u017ce doskonale zast\u0105pi\u0107 inne si\u0142owniki hydrauliczne o tym samym przeznaczeniu, zapewniaj\u0105c kompatybilno\u015b\u0107 i wygod\u0119.<\/p>\n<\/li>\n<\/ul>\n<div>\n  <img decoding=\"async\" src=\"https:\/\/www.hydraulic-cylinders.net\/wp-content\/uploads\/2025\/01\/songte-cylinder-head-with-all-kinds-excavator-models.webp\" alt=\"Wymiana produktu\">\n<\/div>\n<h2>Aplikacje<\/h2>\n<h3>Sprz\u0119t budowlany<\/h3>\n<p>W koparkach s\u0105 one niezb\u0119dne do kopania, za\u0142adunku i przemieszczania gleby lub gruzu. W koparko-\u0142adowarkach si\u0142owniki \u0142y\u017cki s\u0142u\u017c\u0105 zar\u00f3wno do kopania, jak i podnoszenia. W \u0142adowarkach czo\u0142owych pomagaj\u0105 w efektywnym podnoszeniu i wysypywaniu materia\u0142\u00f3w.<\/p>\n<h3>Maszyny rolnicze<\/h3>\n<p>Stosowane w \u0142adowarkach czo\u0142owych do nabierania, podnoszenia i transportu ziemi, siana i innych materia\u0142\u00f3w. W koparkach cylindry \u0142y\u017cki u\u0142atwiaj\u0105 kopanie, umo\u017cliwiaj\u0105c \u0142y\u017cce penetracj\u0119 gleby.<\/p>\n<h3>Inne aplikacje<\/h3>\n<p>Cylindry czerpakowe mo\u017cna r\u00f3wnie\u017c stosowa\u0107 w sprz\u0119cie g\u00f3rniczym, le\u015bnym i maszynach przemys\u0142owych.<\/p>\n<h2>Zagadnienia projektowe i kryteria wyboru<\/h2>\n<h3>No\u015bno\u015b\u0107<\/h3>\n<p>Cylindry kube\u0142kowe musz\u0105 mie\u0107 odpowiedni\u0105 no\u015bno\u015b\u0107, aby wytrzyma\u0107 du\u017ce obci\u0105\u017cenia bez odkszta\u0142ce\u0144 lub uszkodze\u0144, co gwarantuje bezpiecze\u0144stwo i stabiln\u0105 prac\u0119.<\/p>\n<h3>Opiecz\u0119towanie<\/h3>\n<p>R\u00f3\u017cne elementy uszczelniaj\u0105ce, takie jak uszczelnienia t\u0142ok\u00f3w i uszczelnienia t\u0142oczysk, nale\u017cy dobiera\u0107 na podstawie warunk\u00f3w pracy, aby zapobiec wyciekom oleju i zanieczyszczeniom, zapewniaj\u0105c d\u0142ug\u0105 \u017cywotno\u015b\u0107 i p\u0142ynn\u0105 prac\u0119.<\/p>\n<h3>Trwa\u0142o\u015b\u0107<\/h3>\n<p>Cylinder \u0142y\u017cki powinien by\u0107 wykonany z materia\u0142\u00f3w najwy\u017cszej jako\u015bci i podlega\u0107 rygorystycznym procesom produkcyjnym, aby zapewni\u0107 wytrzyma\u0142o\u015b\u0107 i trwa\u0142o\u015b\u0107, zmniejszy\u0107 zu\u017cycie i odporno\u015b\u0107 na korozj\u0119 i uszkodzenia spowodowane trudnymi warunkami pracy.<\/p>\n<h3>Bezpiecze\u0144stwo<\/h3>\n<p>Cylindry czerpakowe powinny by\u0107 zaprojektowane z uwzgl\u0119dnieniem funkcji bezpiecze\u0144stwa, takich jak zabezpieczenie przed przeci\u0105\u017ceniem i zatrzymanie awaryjne, aby zapobiega\u0107 wypadkom i chroni\u0107 operator\u00f3w oraz sprz\u0119t.<\/p>\n<h3>Konserwacja<\/h3>\n<p>Si\u0142ownik czerpakowy powinien by\u0107 \u0142atwy w konserwacji, z \u0142atwo dost\u0119pnymi cz\u0119\u015bciami, szybk\u0105 wymian\u0105 i prostymi procedurami naprawy. Aby zapewni\u0107 prawid\u0142owe dzia\u0142anie i wyd\u0142u\u017cy\u0107 \u017cywotno\u015b\u0107, nale\u017cy regularnie przeprowadza\u0107 przegl\u0105dy, smarowanie i wymian\u0119 uszkodzonych cz\u0119\u015bci.<\/p>\n<div>\n  <img decoding=\"async\" src=\"https:\/\/www.hydraulic-cylinders.net\/wp-content\/uploads\/2025\/01\/songte-oil-pipes-and-spare-parts.webp\" alt=\"Cz\u0119\u015bci zamienne do cylindra \u0142y\u017cki\">\n<\/div>\n<h2>Uszczelnianie i smarowanie<\/h2>\n<p>Nale\u017cy stosowa\u0107 r\u00f3\u017cnorodne elementy uszczelniaj\u0105ce, takie jak uszczelnienia t\u0142oka i t\u0142oczyska, wykonane z materia\u0142\u00f3w odpornych na zu\u017cycie, takich jak poliuretan lub kauczuk nitrylowy. Korpus cylindra i powierzchnia gwintu powinny zosta\u0107 poddane precyzyjnej obr\u00f3bce w celu zwi\u0119kszenia odporno\u015bci na zu\u017cycie. Regularne smarowanie odpowiednim olejem hydraulicznym jest niezb\u0119dne, aby zapewni\u0107 p\u0142ynn\u0105 prac\u0119 i zapobiec uszkodzeniom spowodowanym tarciem i wysok\u0105 temperatur\u0105.<\/p>\n<h2>Inspekcja i konserwacja zapobiegawcza<\/h2>\n<p>Nale\u017cy regularnie sprawdza\u0107 stan cylindra, pod k\u0105tem wyciek\u00f3w oleju, odkszta\u0142ce\u0144 i uszkodze\u0144, aby wcze\u015bnie wykry\u0107 potencjalne problemy i zapobiec nieoczekiwanym przestojom oraz wypadkom. Nale\u017cy r\u00f3wnie\u017c zapewni\u0107 odpowiednie smarowanie i wymian\u0119 zu\u017cytych lub uszkodzonych cz\u0119\u015bci. Nale\u017cy r\u00f3wnie\u017c przeprowadzi\u0107 kontrol\u0119 kalibracji, aby upewni\u0107 si\u0119, \u017ce cylinder dzia\u0142a w okre\u015blonym zakresie.<\/p>\n<h2>Przewodnik instalacji<\/h2>\n<p>Prawid\u0142owy monta\u017c jest niezb\u0119dny dla prawid\u0142owego dzia\u0142ania i bezpiecze\u0144stwa butli. Nale\u017cy prawid\u0142owo ustawi\u0107 butl\u0119, u\u017cy\u0107 odpowiednich uchwyt\u00f3w monta\u017cowych do jej zabezpieczenia oraz post\u0119powa\u0107 zgodnie z zalecanymi procedurami instalacji, naprawy i wymiany. Stosowanie naszych produkt\u00f3w mo\u017ce poprawi\u0107 wydajno\u015b\u0107 i zapewni\u0107 bezpiecze\u0144stwo.<\/p>\n<h2>Typowe zadania konserwacyjne<\/h2>\n<ul>\n<li>Regularna kontrola<\/li>\n<li>Prawid\u0142owe smarowanie<\/li>\n<li>Wymiana uszczelki<\/li>\n<li>Kontrola kalibracji<\/li>\n<\/ul>\n<p>Prawid\u0142owy monta\u017c, smarowanie i regulacja s\u0105 niezb\u0119dne dla zapewnienia d\u0142ugiej \u017cywotno\u015bci cylindra i optymalnej wydajno\u015bci. Prawid\u0142owe wyosiowanie podczas monta\u017cu, zalecane procedury kontroli, naprawy i wymiany oraz us\u0142ugi regeneracji mog\u0105 pom\u00f3c w zwi\u0119kszeniu trwa\u0142o\u015bci cylindra i poprawie komfortu u\u017cytkowania.<\/p>\n<div>\n  <img decoding=\"async\" src=\"https:\/\/www.hydraulic-cylinders.net\/wp-content\/uploads\/2025\/01\/songte-chushion-collar.webp\" alt=\"Ko\u0142nierz poduszki cylindra wiadra\">\n<\/div>\n<h2>Bezpiecze\u0144stwo i ochrona \u015brodowiska<\/h2>\n<p>Cylindry kube\u0142kowe nale\u017cy stosowa\u0107 zgodnie z wytycznymi bezpiecze\u0144stwa, stosuj\u0105c odpowiednie \u015brodki bezpiecze\u0144stwa, takie jak wy\u0142\u0105cznik awaryjny i zabezpieczenie przed przeci\u0105\u017ceniem, aby zapobiec wypadkom. Nale\u017cy r\u00f3wnie\u017c uwzgl\u0119dni\u0107 wp\u0142yw u\u017cytkowania cylindra na \u015brodowisko, na przyk\u0142ad poprzez odpowiedni\u0105 utylizacj\u0119 zu\u017cytego oleju hydraulicznego i innych odpad\u00f3w.<\/p>\n<h2>Diagnostyka usterek i rozwi\u0105zywanie problem\u00f3w<\/h2>\n<p>Typowe problemy z si\u0142ownikami czerpakowymi mog\u0105 obejmowa\u0107 wycieki oleju, odkszta\u0142cenia i uszkodzenia. Prawid\u0142owe rozwi\u0105zywanie problem\u00f3w i szybka wymiana uszkodzonych cz\u0119\u015bci mog\u0105 pom\u00f3c zapobiec dalszym uszkodzeniom i przestojom. Regularne przegl\u0105dy i konserwacja zapobiegawcza pozwalaj\u0105 r\u00f3wnie\u017c wykry\u0107 potencjalne problemy, zanim stan\u0105 si\u0119 one powa\u017cne.<\/p>\n<h2>O naszej firmie<\/h2>\n<p>Nasza firma jest producentem zamiennych cylindr\u00f3w hydraulicznych, oferuj\u0105cym pe\u0142n\u0105 gam\u0119 produkt\u00f3w, staj\u0105c si\u0119 jednym z wiod\u0105cych producent\u00f3w i hurtowych dystrybutor\u00f3w cylindr\u00f3w hydraulicznych na rynku krajowym i mi\u0119dzynarodowym. Przestrzegamy zasady doskona\u0142ej jako\u015bci, opieramy si\u0119 na strategii zarz\u0105dzania produkcj\u0105 przemys\u0142ow\u0105 w dopracowanym warsztacie produkcyjnym, stale ulepszamy platform\u0119 produkcyjn\u0105 i doskonalimy proces produkcji, wykorzystuj\u0105c talenty techniczne, cyfrowy sprz\u0119t produkcyjny wysokiej klasy oraz profesjonalne systemy testowe.<\/p>\n<div>\n  <img decoding=\"async\" src=\"https:\/\/hzpt.com\/wp-content\/uploads\/2024\/11\/songte-company-1.webp\" alt=\"Wizerunek firmy\">\n<\/div>\n<h3>Profesjonalizm<\/h3>\n<p>Nasz zesp\u00f3\u0142 sk\u0142ada si\u0119 z do\u015bwiadczonych specjalist\u00f3w, kt\u00f3rych celem jest dostarczanie wysokiej jako\u015bci produkt\u00f3w i us\u0142ug, spe\u0142niaj\u0105cych zr\u00f3\u017cnicowane potrzeby naszych klient\u00f3w.<\/p>\n<h3>Mi\u0119dzynarodowa Certyfikacja<\/h3>\n<p>Nasze produkty uzyska\u0142y mi\u0119dzynarodowe certyfikaty, takie jak ISO9001 i CE, co gwarantuje, \u017ce spe\u0142niaj\u0105 najwy\u017csze standardy jako\u015bci i wymogi bezpiecze\u0144stwa.<\/p>\n<h3>Us\u0142uga personalizacji<\/h3>\n<p>Oferujemy rozwi\u0105zania dostosowane do indywidualnych potrzeb klient\u00f3w, zapewniaj\u0105c spersonalizowane projekty, materia\u0142y i procesy produkcyjne.<\/p>\n<h3>Sprz\u0119t produkcyjny<\/h3>\n<p>Nasz warsztat produkcyjny jest wyposa\u017cony w zaawansowany cyfrowy sprz\u0119t produkcyjny i specjalistyczne systemy testowe, co gwarantuje wysok\u0105 wydajno\u015b\u0107, precyzj\u0119 i jako\u015b\u0107.<\/p>\n<h3>Serwis posprzeda\u017cowy<\/h3>\n<p>Oferujemy kompleksowy serwis posprzeda\u017cowy, taki jak naprawy, wymiany i odbudowy, aby zapewni\u0107 satysfakcj\u0119 klienta i trwa\u0142o\u015b\u0107 produktu.<\/p>\n<h6>Autor: lyl<\/h6>","protected":false},"excerpt":{"rendered":"<p>Bucket Cylinder For SGZG SD18B Introduction A bucket cylinder is a specially designed hydraulic cylinder that is primarily used to control the movement of the bucket in heavy machinery such as excavators, backhoe loaders, and front-end loaders. Its main function is to enable the bucket to lift, lower, and tilt, making it easier for various [&hellip;]<\/p>","protected":false},"featured_media":14776,"comment_status":"open","ping_status":"closed","template":"","meta":{"_et_pb_use_builder":"","_et_pb_old_content":"","_et_gb_content_width":""},"product_brand":[],"product_cat":[1494],"product_tag":[1495,1496],"class_list":{"0":"post-15785","1":"product","2":"type-product","3":"status-publish","4":"has-post-thumbnail","6":"product_cat-bucket-cylinders","7":"product_tag-bucket-cylinders","8":"product_tag-hydraulic-cylinders","10":"first","11":"instock","12":"shipping-taxable","13":"product-type-simple"},"amp_enabled":true,"_links":{"self":[{"href":"https:\/\/www.hydraulic-cylinders.net\/pl\/wp-json\/wp\/v2\/product\/15785","targetHints":{"allow":["GET"]}}],"collection":[{"href":"https:\/\/www.hydraulic-cylinders.net\/pl\/wp-json\/wp\/v2\/product"}],"about":[{"href":"https:\/\/www.hydraulic-cylinders.net\/pl\/wp-json\/wp\/v2\/types\/product"}],"replies":[{"embeddable":true,"href":"https:\/\/www.hydraulic-cylinders.net\/pl\/wp-json\/wp\/v2\/comments?post=15785"}],"wp:featuredmedia":[{"embeddable":true,"href":"https:\/\/www.hydraulic-cylinders.net\/pl\/wp-json\/wp\/v2\/media\/14776"}],"wp:attachment":[{"href":"https:\/\/www.hydraulic-cylinders.net\/pl\/wp-json\/wp\/v2\/media?parent=15785"}],"wp:term":[{"taxonomy":"product_brand","embeddable":true,"href":"https:\/\/www.hydraulic-cylinders.net\/pl\/wp-json\/wp\/v2\/product_brand?post=15785"},{"taxonomy":"product_cat","embeddable":true,"href":"https:\/\/www.hydraulic-cylinders.net\/pl\/wp-json\/wp\/v2\/product_cat?post=15785"},{"taxonomy":"product_tag","embeddable":true,"href":"https:\/\/www.hydraulic-cylinders.net\/pl\/wp-json\/wp\/v2\/product_tag?post=15785"}],"curies":[{"name":"wp","href":"https:\/\/api.w.org\/{rel}","templated":true}]}}