{"id":15791,"date":"2025-01-19T14:59:30","date_gmt":"2025-01-19T14:59:30","guid":{"rendered":"https:\/\/www.hydraulic-cylinders.net\/product\/bucket-cylinder-for-tls-hde18\/"},"modified":"2025-01-19T14:59:32","modified_gmt":"2025-01-19T14:59:32","slug":"bucket-cylinder-for-tls-hde18","status":"publish","type":"product","link":"https:\/\/www.hydraulic-cylinders.net\/pl\/produkt\/bucket-cylinder-for-tls-hde18\/","title":{"rendered":"Si\u0142ownik kube\u0142kowy do TLS HDE18"},"content":{"rendered":"<h1>Si\u0142ownik kube\u0142kowy do TLS HDE18<\/h1>\n<h2>Wst\u0119p<\/h2>\n<p>Si\u0142ownik \u0142y\u017cki to specjalnie zaprojektowany si\u0142ownik hydrauliczny, u\u017cywany g\u0142\u00f3wnie do sterowania ruchem \u0142y\u017cki w ci\u0119\u017ckich maszynach, takich jak koparki, koparko-\u0142adowarki i \u0142adowarki czo\u0142owe. Jego g\u0142\u00f3wn\u0105 funkcj\u0105 jest podnoszenie, opuszczanie i przechylanie \u0142y\u017cki, u\u0142atwiaj\u0105c wykonywanie r\u00f3\u017cnych zada\u0144 zwi\u0105zanych z prze\u0142adunkiem materia\u0142\u00f3w. W uk\u0142adzie hydraulicznym si\u0142ownik \u0142y\u017cki precyzyjnie steruje ruchami \u0142y\u017cki poprzez zmiany ci\u015bnienia oleju hydraulicznego, umo\u017cliwiaj\u0105c operatorowi wydajne przenoszenie du\u017cych \u0142adunk\u00f3w i dostosowanie si\u0119 do z\u0142o\u017conych warunk\u00f3w pracy oraz zr\u00f3\u017cnicowanych potrzeb operacyjnych.<\/p>\n<p><img decoding=\"async\" src=\"https:\/\/www.hydraulic-cylinders.net\/wp-content\/uploads\/2025\/01\/songte-company-2.webp\" alt=\"Obraz cylindra wiadra\"><\/p>\n<h2>Cechy<\/h2>\n<ul>\n<li>Wysoka wytrzyma\u0142o\u015b\u0107 i trwa\u0142o\u015b\u0107: Zazwyczaj wykonany z wysokowytrzyma\u0142ej stali lub aluminium, wytrzymuje wysokie ci\u015bnienie i du\u017ce obci\u0105\u017cenia, dostosowuj\u0105c si\u0119 do trudnych warunk\u00f3w pracy. Konstrukcja uwzgl\u0119dnia odporno\u015b\u0107 na zu\u017cycie i korozj\u0119, co wyd\u0142u\u017ca jego \u017cywotno\u015b\u0107.<\/li>\n<li>Wydajne dzia\u0142anie uk\u0142adu hydraulicznego: P\u0142ynne ruchy rozci\u0105gania i kurczenia s\u0105 osi\u0105gane dzi\u0119ki wykorzystaniu ci\u015bnienia oleju hydraulicznego, kt\u00f3ry mo\u017ce szybko reagowa\u0107 na polecenia operacyjne, zapewniaj\u0105c du\u017ce si\u0142y pchaj\u0105ce i ci\u0105gn\u0105ce, odpowiednie do podnoszenia ci\u0119\u017ckich \u0142adunk\u00f3w i wykonywania skomplikowanych zada\u0144 roboczych.<\/li>\n<li>R\u00f3\u017cnorodne typy: Si\u0142owniki jednostronnego dzia\u0142ania (hydrauliczne dzia\u0142aj\u0105ce tylko w jednym kierunku) lub dwustronnego dzia\u0142ania (hydrauliczne dzia\u0142aj\u0105ce w dw\u00f3ch kierunkach) mo\u017cna dobra\u0107 w zale\u017cno\u015bci od wymaga\u0144 operacyjnych. Niekt\u00f3re modele s\u0105 teleskopowe, co pozwala na wi\u0119ksze wysuni\u0119cie bez zwi\u0119kszania wymiar\u00f3w zewn\u0119trznych, dzi\u0119ki czemu nadaj\u0105 si\u0119 do zastosowa\u0144 w ograniczonej przestrzeni.<\/li>\n<li>Doskona\u0142a opcja wymiany: Nasze produkty mog\u0105 doskonale zast\u0105pi\u0107 te cylindry hydrauliczne.<\/li>\n<\/ul>\n<p><img decoding=\"async\" src=\"https:\/\/www.hydraulic-cylinders.net\/wp-content\/uploads\/2025\/01\/songte-cylinder-head-with-all-kinds-excavator-models.webp\" alt=\"Obraz cylindra wiadra\"><\/p>\n<h2>Aplikacje<\/h2>\n<p>Cylinder kube\u0142kowy jest stosowany w r\u00f3\u017cnych zastosowaniach, takich jak:<\/p>\n<ul>\n<li>Sprz\u0119t budowlany: W koparkach s\u0105 one niezb\u0119dne do kopania, za\u0142adunku i przemieszczania gleby lub gruzu. W koparko-\u0142adowarkach si\u0142ownik \u0142y\u017cki wspomaga zar\u00f3wno kopanie, jak i podnoszenie. W \u0142adowarkach czo\u0142owych wspomagaj\u0105 one wydajne podnoszenie i wysypywanie materia\u0142\u00f3w.<\/li>\n<li>Maszyny rolnicze: Stosowane w \u0142adowarkach czo\u0142owych do nabierania, podnoszenia i transportu gleby, siana i innych materia\u0142\u00f3w. W koparkach si\u0142ownik \u0142y\u017cki umo\u017cliwia kopanie, pozwalaj\u0105c \u0142y\u017cce na zag\u0142\u0119bianie si\u0119 w gleb\u0119. <\/li>\n<\/ul>\n<p>Ka\u017cde zastosowanie s\u0142owa kluczowego powinno zosta\u0107 szczeg\u00f3\u0142owo opisane, przy u\u017cyciu co najmniej 200 s\u0142\u00f3w.<\/p>\n<h2>Zagadnienia projektowe i kryteria wyboru<\/h2>\n<p>Z punktu widzenia projektowania, no\u015bno\u015b\u0107 cylindra kube\u0142kowego, jego zdolno\u015b\u0107 uszczelniania, trwa\u0142o\u015b\u0107, bezpiecze\u0144stwo i \u0142atwo\u015b\u0107 konserwacji s\u0105 kluczowymi czynnikami, kt\u00f3re nale\u017cy wzi\u0105\u0107 pod uwag\u0119. <\/p>\n<ul>\n<li>No\u015bno\u015b\u0107: Cylinder \u0142y\u017cki musi by\u0107 zaprojektowany tak, aby wytrzyma\u0107 maksymalne obci\u0105\u017cenie, jakie mo\u017ce wyst\u0105pi\u0107 podczas pracy, nie powoduj\u0105c przy tym \u017cadnych uszkodze\u0144 sprz\u0119tu ani nie stwarzaj\u0105c zagro\u017cenia dla operatora.<\/li>\n<li>Zdolno\u015b\u0107 do uszczelniania: R\u00f3\u017cne elementy uszczelniaj\u0105ce, takie jak pier\u015bcienie uszczelniaj\u0105ce t\u0142oka i t\u0142oczyska, zapobiegaj\u0105 wyciekom p\u0142ynu mi\u0119dzy cylindrem a t\u0142oczyskiem. Uszczelnienia te s\u0105 starannie dobierane w oparciu o w\u0142a\u015bciwo\u015bci p\u0142ynu hydraulicznego i warunki pracy.<\/li>\n<li>Trwa\u0142o\u015b\u0107: Korpus cylindra i t\u0142oczysko musz\u0105 by\u0107 wykonane z materia\u0142\u00f3w o wysokiej wytrzyma\u0142o\u015bci, odpornych na trudne warunki pracy oraz zu\u017cycie i korozj\u0119.<\/li>\n<li>Bezpiecze\u0144stwo: Konstrukcja cylindra powinna uwzgl\u0119dnia\u0107 takie elementy bezpiecze\u0144stwa, jak zawory bezpiecze\u0144stwa zapobiegaj\u0105ce przeci\u0105\u017ceniu i gwarantuj\u0105ce bezpieczn\u0105 prac\u0119.<\/li>\n<li>\u0141atwo\u015b\u0107 konserwacji: Cylinder czerpaka powinien by\u0107 zaprojektowany w spos\u00f3b umo\u017cliwiaj\u0105cy \u0142atw\u0105 konserwacj\u0119 i napraw\u0119. <\/li>\n<\/ul>\n<p><img decoding=\"async\" src=\"https:\/\/www.hydraulic-cylinders.net\/wp-content\/uploads\/2025\/01\/songte-oil-pipes-and-spare-parts.webp\" alt=\"Obraz cylindra wiadra\"><\/p>\n<h2>Uszczelnianie i smarowanie<\/h2>\n<p>R\u00f3\u017cne elementy uszczelniaj\u0105ce, takie jak pier\u015bcienie uszczelniaj\u0105ce t\u0142oka i t\u0142oczyska, zapobiegaj\u0105 wyciekom p\u0142ynu mi\u0119dzy cylindrem a t\u0142oczyskiem. Uszczelnienia te s\u0105 starannie dobierane w zale\u017cno\u015bci od w\u0142a\u015bciwo\u015bci p\u0142ynu hydraulicznego i warunk\u00f3w pracy. Korpus cylindra i powierzchnia t\u0142oczyska s\u0105 precyzyjnie obrabiane w celu zwi\u0119kszenia odporno\u015bci na zu\u017cycie. Regularne uzupe\u0142nianie odpowiedniego oleju hydraulicznego jest niezb\u0119dne do prawid\u0142owego smarowania.<\/p>\n<h2>Konserwacja i naprawa<\/h2>\n<p>Regularne przegl\u0105dy, prawid\u0142owe smarowanie, wymiana uszczelek i kalibracja to typowe czynno\u015bci konserwacyjne si\u0142ownik\u00f3w kube\u0142kowych. Podczas monta\u017cu niezb\u0119dne jest zapewnienie prawid\u0142owego wyosiowania si\u0142ownika oraz u\u017cycie odpowiednich wspornik\u00f3w monta\u017cowych do jego zabezpieczenia. Przedstawiono zalecane procedury kontroli, naprawy i wymiany, kt\u00f3re maj\u0105 na celu wyd\u0142u\u017cenie \u017cywotno\u015bci si\u0142ownika. <\/p>\n<p><img decoding=\"async\" src=\"https:\/\/www.hydraulic-cylinders.net\/wp-content\/uploads\/2025\/01\/songte-chushion-collar.webp\" alt=\"Obraz cylindra wiadra\"><\/p>\n<h2>Zagadnienia bezpiecze\u0144stwa i czynniki \u015brodowiskowe<\/h2>\n<p>Podczas u\u017cytkowania cylindra czerpakowego kluczowe s\u0105 \u015brodki bezpiecze\u0144stwa, takie jak stosowanie sprz\u0119tu ochronnego i przestrzeganie instrukcji obs\u0142ugi. Konstrukcja cylindra powinna obejmowa\u0107 zabezpieczenia, takie jak zawory bezpiecze\u0144stwa, zapobiegaj\u0105ce przeci\u0105\u017ceniu i zapewniaj\u0105ce bezpieczn\u0105 obs\u0142ug\u0119. Dodatkowo, aby zapewni\u0107 prawid\u0142owe dzia\u0142anie cylindra, nale\u017cy uwzgl\u0119dni\u0107 czynniki \u015brodowiskowe, takie jak temperatura i wilgotno\u015b\u0107.<\/p>\n<h2>Diagnostyka usterek i typowe problemy<\/h2>\n<p>Do typowych problem\u00f3w z si\u0142ownikami czerpakowymi nale\u017c\u0105 wycieki, niedostateczna moc i uszkodzone uszczelnienia. Niezb\u0119dne jest podanie wskaz\u00f3wek diagnostycznych i rozwi\u0105za\u0144, aby pom\u00f3c czytelnikom w skutecznym diagnozowaniu i rozwi\u0105zywaniu problem\u00f3w. Nale\u017cy r\u00f3wnie\u017c zasugerowa\u0107 \u015brodki zapobiegawcze w celu zminimalizowania potencjalnych problem\u00f3w.<\/p>\n<p><img decoding=\"async\" src=\"https:\/\/www.hydraulic-cylinders.net\/wp-content\/uploads\/2025\/01\/songte-bushings-with-all-kinds-of-excavator-models.webp\" alt=\"Obraz cylindra wiadra\"><\/p>\n<h2>O naszej firmie<\/h2>\n<p>Jeste\u015bmy producentem zamiennych cylindr\u00f3w hydraulicznych. Nasza oferta produkt\u00f3w uczyni\u0142a nas jednym z wiod\u0105cych producent\u00f3w i hurtowych dystrybutor\u00f3w cylindr\u00f3w hydraulicznych na rynku krajowym i mi\u0119dzynarodowym. Dbamy o najwy\u017csz\u0105 jako\u015b\u0107 i opieramy si\u0119 na strategii zarz\u0105dzania produkcj\u0105 przemys\u0142ow\u0105 w wyspecjalizowanych warsztatach. Nasza firma stale udoskonala platform\u0119 produkcyjn\u0105, doskonali jako\u015b\u0107 linii produkcyjnej i posiada silne zdolno\u015bci kreatywne, zaspokajaj\u0105c zr\u00f3\u017cnicowane potrzeby klient\u00f3w, zapewniaj\u0105c wysok\u0105 wydajno\u015b\u0107, precyzj\u0119 i przestrzegaj\u0105c rygorystycznych zasad jako\u015bci.<\/p>\n<p><img decoding=\"async\" src=\"https:\/\/hzpt.com\/wp-content\/uploads\/2024\/11\/songte-company-1.webp\" alt=\"Obraz cylindra wiadra\"><\/p>\n<p>Rozwijamy nasz\u0105 firm\u0119 m.in. pod k\u0105tem profesjonalizmu, mi\u0119dzynarodowych certyfikat\u00f3w, us\u0142ug niestandardowych, sprz\u0119tu produkcyjnego i serwisu posprzeda\u017cowego. <\/p>\n<p>Autor: lyl<\/p>","protected":false},"excerpt":{"rendered":"<p>Bucket Cylinder For TLS HDE18 Introduction A bucket cylinder is a specially designed hydraulic cylinder primarily used to control the movement of the bucket in heavy machinery such as excavators, backhoe excavators, and front loaders. Its main function is to enable the bucket to lift, lower, and tilt, making it easier to handle various material [&hellip;]<\/p>","protected":false},"featured_media":14761,"comment_status":"open","ping_status":"closed","template":"","meta":{"_et_pb_use_builder":"","_et_pb_old_content":"","_et_gb_content_width":""},"product_brand":[],"product_cat":[1494],"product_tag":[1495,1496],"class_list":{"0":"post-15791","1":"product","2":"type-product","3":"status-publish","4":"has-post-thumbnail","6":"product_cat-bucket-cylinders","7":"product_tag-bucket-cylinders","8":"product_tag-hydraulic-cylinders","10":"first","11":"instock","12":"shipping-taxable","13":"product-type-simple"},"amp_enabled":true,"_links":{"self":[{"href":"https:\/\/www.hydraulic-cylinders.net\/pl\/wp-json\/wp\/v2\/product\/15791","targetHints":{"allow":["GET"]}}],"collection":[{"href":"https:\/\/www.hydraulic-cylinders.net\/pl\/wp-json\/wp\/v2\/product"}],"about":[{"href":"https:\/\/www.hydraulic-cylinders.net\/pl\/wp-json\/wp\/v2\/types\/product"}],"replies":[{"embeddable":true,"href":"https:\/\/www.hydraulic-cylinders.net\/pl\/wp-json\/wp\/v2\/comments?post=15791"}],"wp:featuredmedia":[{"embeddable":true,"href":"https:\/\/www.hydraulic-cylinders.net\/pl\/wp-json\/wp\/v2\/media\/14761"}],"wp:attachment":[{"href":"https:\/\/www.hydraulic-cylinders.net\/pl\/wp-json\/wp\/v2\/media?parent=15791"}],"wp:term":[{"taxonomy":"product_brand","embeddable":true,"href":"https:\/\/www.hydraulic-cylinders.net\/pl\/wp-json\/wp\/v2\/product_brand?post=15791"},{"taxonomy":"product_cat","embeddable":true,"href":"https:\/\/www.hydraulic-cylinders.net\/pl\/wp-json\/wp\/v2\/product_cat?post=15791"},{"taxonomy":"product_tag","embeddable":true,"href":"https:\/\/www.hydraulic-cylinders.net\/pl\/wp-json\/wp\/v2\/product_tag?post=15791"}],"curies":[{"name":"wp","href":"https:\/\/api.w.org\/{rel}","templated":true}]}}