{"id":15793,"date":"2025-01-19T14:59:38","date_gmt":"2025-01-19T14:59:38","guid":{"rendered":"https:\/\/www.hydraulic-cylinders.net\/product\/bucket-cylinder-for-carter-ct60-8a-8b\/"},"modified":"2025-01-19T14:59:40","modified_gmt":"2025-01-19T14:59:40","slug":"bucket-cylinder-for-carter-ct60-8a-8b","status":"publish","type":"product","link":"https:\/\/www.hydraulic-cylinders.net\/pl\/produkt\/bucket-cylinder-for-carter-ct60-8a-8b\/","title":{"rendered":"Si\u0142ownik czerpakowy do Carter CT60-8A-8B"},"content":{"rendered":"<p><!DOCTYPE html><br \/>\n<html><\/p>\n<p><head><br \/>\n  <title>Si\u0142ownik czerpakowy do Carter CT60-8A-8B<\/title><br \/>\n<\/head><\/p>\n<p><body><\/p>\n<h1>Si\u0142ownik czerpakowy do Carter CT60-8A-8B<\/h1>\n<h2>Definicja i wyja\u015bnienie produktu<\/h2>\n<p>Si\u0142ownik \u0142y\u017cki do koparki Carter CT60-8A-8B to specjalnie zaprojektowany si\u0142ownik hydrauliczny s\u0142u\u017c\u0105cy do sterowania ruchem \u0142y\u017cki w ci\u0119\u017ckich maszynach, takich jak koparki, koparko-\u0142adowarki i \u0142adowarki czo\u0142owe. Jego g\u0142\u00f3wn\u0105 funkcj\u0105 jest podnoszenie, opuszczanie i przechylanie \u0142y\u017cki, u\u0142atwiaj\u0105c r\u00f3\u017cnorodne zadania zwi\u0105zane z prze\u0142adunkiem materia\u0142\u00f3w. W uk\u0142adzie hydraulicznym si\u0142ownik \u0142y\u017cki zapewnia precyzyjn\u0105 kontrol\u0119 nad \u0142y\u017ck\u0105, wykorzystuj\u0105c zmiany ci\u015bnienia oleju hydraulicznego, umo\u017cliwiaj\u0105c operatorom wydajne podnoszenie ci\u0119\u017ckich \u0142adunk\u00f3w i dostosowywanie si\u0119 do z\u0142o\u017conych warunk\u00f3w pracy oraz zr\u00f3\u017cnicowanych wymaga\u0144.<\/p>\n<p>  <img decoding=\"async\" src=\"https:\/\/www.hydraulic-cylinders.net\/wp-content\/uploads\/2025\/01\/songte-company-2.webp\" alt=\"Obraz produktu\"><\/p>\n<h2>Cechy produktu<\/h2>\n<ul>\n<li>Wysoka wytrzyma\u0142o\u015b\u0107 i trwa\u0142o\u015b\u0107: Zazwyczaj wykonany z wysokowytrzyma\u0142ej stali lub aluminium, si\u0142ownik \u0142y\u017cki wytrzymuje wysokie ci\u015bnienia i du\u017ce obci\u0105\u017cenia, dostosowuj\u0105c si\u0119 do trudnych warunk\u00f3w pracy. Jego konstrukcja uwzgl\u0119dnia odporno\u015b\u0107 na zu\u017cycie i korozj\u0119, co wyd\u0142u\u017ca jego \u017cywotno\u015b\u0107.<\/li>\n<li>Wydajna praca uk\u0142adu hydraulicznego: Dzi\u0119ki wykorzystaniu ci\u015bnienia oleju hydraulicznego, si\u0142ownik \u0142y\u017cki zapewnia p\u0142ynne wysuwanie i wsuwanie, umo\u017cliwiaj\u0105c szybk\u0105 reakcj\u0119 na polecenia steruj\u0105ce. Zapewnia du\u017c\u0105 si\u0142\u0119 pchania i ci\u0105gni\u0119cia, odpowiedni\u0105 do przenoszenia ci\u0119\u017ckich \u0142adunk\u00f3w i wykonywania skomplikowanych zada\u0144.<\/li>\n<li>R\u00f3\u017cne typy: Si\u0142owniki kube\u0142kowe mo\u017cna wybra\u0107 jako si\u0142owniki jednostronnego dzia\u0142ania (hydraulika dzia\u0142a tylko w jednym kierunku) lub dwustronnego dzia\u0142ania (hydraulika dzia\u0142a w obu kierunkach), w zale\u017cno\u015bci od konkretnych wymaga\u0144 operacyjnych. Niekt\u00f3re modele s\u0105 teleskopowe, co pozwala na wi\u0119ksze wysuni\u0119cie bez zwi\u0119kszania wymiar\u00f3w zewn\u0119trznych, dzi\u0119ki czemu nadaj\u0105 si\u0119 do zastosowa\u0144 w ograniczonej przestrzeni.<\/li>\n<p>    <img decoding=\"async\" src=\"https:\/\/www.hydraulic-cylinders.net\/wp-content\/uploads\/2025\/01\/songte-cylinder-head-with-all-kinds-excavator-models.webp\" alt=\"Typy produkt\u00f3w Obraz\"><\/p>\n<li>Scenariusze zastosowa\u0144<\/li>\n<ul>\n<li>Sprz\u0119t budowlany: Znajduj\u0105 si\u0119 w koparkach i s\u0105 niezb\u0119dne do wykop\u00f3w, za\u0142adunku i przemieszczania gleby lub gruzu. W koparko-\u0142adowarkach si\u0142ownik \u0142y\u017cki wspomaga zar\u00f3wno kopanie, jak i podnoszenie.<\/li>\n<li>Maszyny rolnicze: Stosowane w \u0142adowarkach czo\u0142owych do nabierania, podnoszenia i transportu gleby, siana i innych materia\u0142\u00f3w.<\/li>\n<li>Koparki: Cylinder \u0142y\u017cki umo\u017cliwia kopanie poprzez umo\u017cliwienie \u0142y\u017cce wnikania w gleb\u0119.<\/li>\n<li>\u0141adowarki czo\u0142owe: W \u0142adowarkach czo\u0142owych pomagaj\u0105 w wydajnym podnoszeniu i wysypywaniu towar\u00f3w.<\/li>\n<\/ul>\n<\/ul>\n<h2>Zagadnienia projektowe i kryteria wyboru<\/h2>\n<ul>\n<li>No\u015bno\u015b\u0107: Cylinder \u0142y\u017cki jest zaprojektowany tak, aby wytrzyma\u0107 okre\u015blone wymagania dotycz\u0105ce obci\u0105\u017cenia, co gwarantuje bezpieczn\u0105 i niezawodn\u0105 prac\u0119.<\/li>\n<li>Uszczelnienie: R\u00f3\u017cne elementy uszczelniaj\u0105ce, takie jak uszczelki t\u0142okowe i uszczelki t\u0142oczyskowe, s\u0142u\u017c\u0105 do zapobiegania wyciekom p\u0142ynu hydraulicznego i utrzymywania wydajno\u015bci cylindra.<\/li>\n<li>Trwa\u0142o\u015b\u0107: Korpus cylindra i gwintowane ko\u0144c\u00f3wki poddawane s\u0105 precyzyjnej obr\u00f3bce w celu zwi\u0119kszenia odporno\u015bci na zu\u017cycie i wyd\u0142u\u017cenia jego \u017cywotno\u015bci.<\/li>\n<li>Bezpiecze\u0144stwo: Konstrukcja maszyny zosta\u0142a wyposa\u017cona w funkcje bezpiecze\u0144stwa, kt\u00f3re zapobiegaj\u0105 wypadkom i zapewniaj\u0105 ochron\u0119 operatora.<\/li>\n<li>\u0141atwo\u015b\u0107 konserwacji: Cylinder \u0142y\u017cki zaprojektowano tak, aby by\u0142 \u0142atwy w konserwacji i naprawie, co pozwala na wydajne serwisowanie i minimalizowanie przestoj\u00f3w.<\/li>\n<p>    <img decoding=\"async\" src=\"https:\/\/www.hydraulic-cylinders.net\/wp-content\/uploads\/2025\/01\/songte-oil-pipes-and-spare-parts.webp\" alt=\"Rozwa\u017cania projektowe Obraz\">\n  <\/ul>\n<h2>Uszczelnianie i smarowanie<\/h2>\n<p>W cylindrze kube\u0142kowym zastosowano r\u00f3\u017cnorodne uszczelnienia, takie jak uszczelnienia t\u0142oka i t\u0142oczyska, wykonane z materia\u0142\u00f3w odpornych na zu\u017cycie, takich jak poliuretan i kauczuk nitrylowy. Korpus cylindra i gwintowane ko\u0144c\u00f3wki poddawane s\u0105 precyzyjnej obr\u00f3bce w celu zwi\u0119kszenia odporno\u015bci na zu\u017cycie. Aby zapewni\u0107 p\u0142ynn\u0105 prac\u0119, wymagane jest regularne smarowanie odpowiednim olejem hydraulicznym.<\/p>\n<h2>Regularne kontrole i \u015brodki konserwacji zapobiegawczej<\/h2>\n<ul>\n<li>Regularnie sprawdzaj cylinder \u0142y\u017cki pod k\u0105tem oznak zu\u017cycia, nieszczelno\u015bci lub uszkodze\u0144.<\/li>\n<li>Zapewnij odpowiednie smarowanie wszystkich ruchomych cz\u0119\u015bci.<\/li>\n<li>W celu utrzymania optymalnej wydajno\u015bci nale\u017cy w razie konieczno\u015bci wymieni\u0107 uszczelki i podk\u0142adki.<\/li>\n<li>Przeprowad\u017a kontrol\u0119 kalibracji, aby zapewni\u0107 prawid\u0142owe dzia\u0142anie urz\u0105dzenia.<\/li>\n<\/ul>\n<h2>Prawid\u0142owy przewodnik instalacji produktu<\/h2>\n<p>1. Podczas monta\u017cu nale\u017cy prawid\u0142owo wyr\u00f3wna\u0107 cylinder pojemnika, post\u0119puj\u0105c zgodnie z podanymi wskaz\u00f3wkami dotycz\u0105cymi wyr\u00f3wnania.<\/p>\n<p>2. Za pomoc\u0105 odpowiednich uchwyt\u00f3w monta\u017cowych zabezpiecz cylinder na miejscu.<\/p>\n<p>3. Aby zachowa\u0107 d\u0142ug\u0105 \u017cywotno\u015b\u0107 cylindra, nale\u017cy przestrzega\u0107 zalecanych procedur kontroli, napraw i wymiany.<\/p>\n<p>4. Zapewnij us\u0142ugi regeneracji i cz\u0119\u015bci zamienne, aby wyd\u0142u\u017cy\u0107 \u017cywotno\u015b\u0107 cylindra \u0142y\u017cki.<\/p>\n<p>  <img decoding=\"async\" src=\"https:\/\/www.hydraulic-cylinders.net\/wp-content\/uploads\/2025\/01\/songte-chushion-collar.webp\" alt=\"Obraz przewodnika instalacji\"><\/p>\n<h2>Zagadnienia bezpiecze\u0144stwa i czynniki \u015brodowiskowe<\/h2>\n<p>Podczas korzystania z si\u0142ownika \u0142y\u017cki, priorytetem jest zapewnienie \u015brodk\u00f3w bezpiecze\u0144stwa, aby zapobiec wypadkom i zapewni\u0107 bezpiecze\u0144stwo operatora. Przestrzeganie wytycznych i przepis\u00f3w bezpiecze\u0144stwa ma kluczowe znaczenie dla utrzymania bezpiecznego \u015brodowiska pracy.<\/p>\n<h2>Rozwi\u0105zywanie problem\u00f3w i typowe problemy<\/h2>\n<p>1. Problem: Wyciek z cylindra<\/p>\n<p>Rozwi\u0105zanie: Sprawd\u017a i wymie\u0144 uszkodzone uszczelki, aby zapewni\u0107 w\u0142a\u015bciw\u0105 szczelno\u015b\u0107.<\/p>\n<p>2. Problem: Niewystarczaj\u0105ca si\u0142a pchania lub ci\u0105gni\u0119cia<\/p>\n<p>Rozwi\u0105zanie: Sprawd\u017a uk\u0142ad hydrauliczny pod k\u0105tem ewentualnych blokad lub usterek i zajmij si\u0119 nimi.<\/p>\n<p>3. Problem: Nieregularny ruch cylindra<\/p>\n<p>Rozwi\u0105zanie: Sprawd\u017a, czy kt\u00f3rykolwiek z podzespo\u0142\u00f3w, np. zawory lub t\u0142oki, nie jest uszkodzony lub zu\u017cyty. W razie konieczno\u015bci wymie\u0144 je.<\/p>\n<p>  <img decoding=\"async\" src=\"https:\/\/www.hydraulic-cylinders.net\/wp-content\/uploads\/2025\/01\/songte-bushings-with-all-kinds-of-excavator-models.webp\" alt=\"Rozwi\u0105zywanie problem\u00f3w i typowe problemy Obraz\"><\/p>\n<h2>Wskaz\u00f3wki dotycz\u0105ce konserwacji i \u015brodki zapobiegawcze<\/h2>\n<ul>\n<li>Regularnie sprawdzaj i smaruj cylinder \u0142y\u017cki, aby zapobiec przedwczesnemu zu\u017cyciu i zapewni\u0107 optymaln\u0105 wydajno\u015b\u0107.<\/li>\n<li>Aby zachowa\u0107 odpowiedni\u0105 szczelno\u015b\u0107 i zapobiec przeciekom, okresowo wymieniaj uszczelki i podk\u0142adki.<\/li>\n<li>Przeprowad\u017a kontrol\u0119 kalibracji, aby zapewni\u0107 prawid\u0142ow\u0105 prac\u0119 cylindra.<\/li>\n<\/ul>\n<h2>O naszej firmie<\/h2>\n<p>Nasza firma jest producentem zamiennych cylindr\u00f3w hydraulicznych, oferuj\u0105c szerok\u0105 gam\u0119 produkt\u00f3w. Stali\u015bmy si\u0119 jednym z wiod\u0105cych producent\u00f3w i hurtowych dystrybutor\u00f3w cylindr\u00f3w hydraulicznych na rynku krajowym i mi\u0119dzynarodowym. Przestrzegamy zasad doskona\u0142ej jako\u015bci i opieramy si\u0119 na zindustrializowanych strategiach zarz\u0105dzania produkcj\u0105 w naszych udoskonalonych warsztatach produkcyjnych. K\u0142ad\u0105c nacisk na talent technologiczny, zaawansowany sprz\u0119t do produkcji cyfrowej oraz profesjonalne systemy testowe, stale ulepszamy nasz\u0105 platform\u0119 produkcyjn\u0105 i doskonalimy proces produkcyjny, aby zapewni\u0107 wysok\u0105 jako\u015b\u0107 produkt\u00f3w. Posiadamy silne, innowacyjne mo\u017cliwo\u015bci, d\u0105\u017c\u0105c do zaspokojenia zr\u00f3\u017cnicowanych potrzeb klient\u00f3w, zapewniaj\u0105c wysok\u0105 wydajno\u015b\u0107, precyzj\u0119 i jako\u015b\u0107.<\/p>\n<p>  <img decoding=\"async\" src=\"https:\/\/www.hydraulic-cylinders.net\/wp-content\/uploads\/2025\/01\/songte-company-3.webp\" alt=\"Wizerunek firmy\"><\/p>\n<h2>Przegl\u0105d firmy<\/h2>\n<ul>\n<li>Profesjonalizm: D\u0105\u017cymy do doskona\u0142o\u015bci w ka\u017cdym aspekcie naszych dzia\u0142a\u0144, dostarczaj\u0105c wysokiej jako\u015bci cylindry hydrauliczne, kt\u00f3re spe\u0142niaj\u0105 standardy bran\u017cowe.<\/li>\n<li>Certyfikaty mi\u0119dzynarodowe: Nasze produkty spe\u0142niaj\u0105 mi\u0119dzynarodowe certyfikaty, co gwarantuje ich niezawodno\u015b\u0107 i wydajno\u015b\u0107.<\/li>\n<li>Us\u0142ugi dostosowywania: Oferujemy rozwi\u0105zania dostosowane do indywidualnych potrzeb klient\u00f3w.<\/li>\n<li>Sprz\u0119t produkcyjny: Wykorzystujemy zaawansowany sprz\u0119t produkcyjny, aby zagwarantowa\u0107 precyzj\u0119 i jako\u015b\u0107 naszych cylindr\u00f3w hydraulicznych.<\/li>\n<li>Serwis posprzeda\u017cowy: Zapewniamy kompleksowy serwis posprzeda\u017cowy, obejmuj\u0105cy konserwacj\u0119, napraw\u0119 i wymian\u0119.<br \/>","protected":false},"excerpt":{"rendered":"<p>Bucket Cylinder For Carter CT60-8A-8B Bucket Cylinder For Carter CT60-8A-8B Product Definition and Explanation The bucket cylinder for Carter CT60-8A-8B is a specially designed hydraulic cylinder used to control the movement of the bucket in heavy machinery such as excavators, backhoe loaders, and front loaders. Its main function is to enable the bucket to lift, [&hellip;]<\/p>","protected":false},"featured_media":14788,"comment_status":"open","ping_status":"closed","template":"","meta":{"_et_pb_use_builder":"","_et_pb_old_content":"","_et_gb_content_width":""},"product_brand":[],"product_cat":[1494],"product_tag":[1495,1496],"class_list":{"0":"post-15793","1":"product","2":"type-product","3":"status-publish","4":"has-post-thumbnail","6":"product_cat-bucket-cylinders","7":"product_tag-bucket-cylinders","8":"product_tag-hydraulic-cylinders","10":"first","11":"instock","12":"shipping-taxable","13":"product-type-simple"},"amp_enabled":true,"_links":{"self":[{"href":"https:\/\/www.hydraulic-cylinders.net\/pl\/wp-json\/wp\/v2\/product\/15793","targetHints":{"allow":["GET"]}}],"collection":[{"href":"https:\/\/www.hydraulic-cylinders.net\/pl\/wp-json\/wp\/v2\/product"}],"about":[{"href":"https:\/\/www.hydraulic-cylinders.net\/pl\/wp-json\/wp\/v2\/types\/product"}],"replies":[{"embeddable":true,"href":"https:\/\/www.hydraulic-cylinders.net\/pl\/wp-json\/wp\/v2\/comments?post=15793"}],"wp:featuredmedia":[{"embeddable":true,"href":"https:\/\/www.hydraulic-cylinders.net\/pl\/wp-json\/wp\/v2\/media\/14788"}],"wp:attachment":[{"href":"https:\/\/www.hydraulic-cylinders.net\/pl\/wp-json\/wp\/v2\/media?parent=15793"}],"wp:term":[{"taxonomy":"product_brand","embeddable":true,"href":"https:\/\/www.hydraulic-cylinders.net\/pl\/wp-json\/wp\/v2\/product_brand?post=15793"},{"taxonomy":"product_cat","embeddable":true,"href":"https:\/\/www.hydraulic-cylinders.net\/pl\/wp-json\/wp\/v2\/product_cat?post=15793"},{"taxonomy":"product_tag","embeddable":true,"href":"https:\/\/www.hydraulic-cylinders.net\/pl\/wp-json\/wp\/v2\/product_tag?post=15793"}],"curies":[{"name":"wp","href":"https:\/\/api.w.org\/{rel}","templated":true}]}}