{"id":15794,"date":"2025-01-19T14:59:43","date_gmt":"2025-01-19T14:59:43","guid":{"rendered":"https:\/\/www.hydraulic-cylinders.net\/product\/bucket-cylinder-for-carter-ct65-8b\/"},"modified":"2025-01-19T14:59:49","modified_gmt":"2025-01-19T14:59:49","slug":"bucket-cylinder-for-carter-ct65-8b","status":"publish","type":"product","link":"https:\/\/www.hydraulic-cylinders.net\/pl\/produkt\/bucket-cylinder-for-carter-ct65-8b\/","title":{"rendered":"Si\u0142ownik \u0142y\u017cki do Carter CT65-8B"},"content":{"rendered":"<p><!DOCTYPE html><br \/>\n<html><\/p>\n<p><head><br \/>\n    <title>Si\u0142ownik \u0142y\u017cki do Carter CT65-8B<\/title><br \/>\n<\/head><\/p>\n<p><body><\/p>\n<h1>Si\u0142ownik \u0142y\u017cki do Carter CT65-8B<\/h1>\n<h2>Wst\u0119p<\/h2>\n<p>Si\u0142ownik \u0142y\u017cki do Carter CT65-8B to specjalnie zaprojektowany si\u0142ownik hydrauliczny s\u0142u\u017c\u0105cy do sterowania ruchem \u0142y\u017cki w ci\u0119\u017ckich maszynach, takich jak koparki, koparko-\u0142adowarki i \u0142adowarki czo\u0142owe. Jego g\u0142\u00f3wn\u0105 funkcj\u0105 jest podnoszenie, opuszczanie i przechylanie \u0142y\u017cki, u\u0142atwiaj\u0105c r\u00f3\u017cnorodne zadania zwi\u0105zane z prze\u0142adunkiem materia\u0142\u00f3w. W uk\u0142adzie hydraulicznym si\u0142ownik \u0142y\u017cki zapewnia precyzyjn\u0105 kontrol\u0119 nad \u0142y\u017ck\u0105, wykorzystuj\u0105c zmiany ci\u015bnienia oleju hydraulicznego, umo\u017cliwiaj\u0105c operatorom wydajne podnoszenie ci\u0119\u017ckich \u0142adunk\u00f3w i dostosowywanie si\u0119 do z\u0142o\u017conych warunk\u00f3w pracy oraz zr\u00f3\u017cnicowanych wymaga\u0144.<\/p>\n<p>    <img decoding=\"async\" src=\"https:\/\/www.hydraulic-cylinders.net\/wp-content\/uploads\/2025\/01\/songte-company-2.webp\" alt=\"Obraz cylindra wiadra\"><\/p>\n<h2>Cechy<\/h2>\n<ul>\n<li>Wysoka wytrzyma\u0142o\u015b\u0107 i trwa\u0142o\u015b\u0107: Zazwyczaj wykonane z wysokowytrzyma\u0142ej stali lub aluminium, odporne na wysokie ci\u015bnienie i du\u017ce obci\u0105\u017cenia, przystosowane do trudnych warunk\u00f3w pracy. Zaprojektowane z uwzgl\u0119dnieniem odporno\u015bci na zu\u017cycie i korozj\u0119, aby wyd\u0142u\u017cy\u0107 ich \u017cywotno\u015b\u0107.<\/li>\n<li>Wydajne dzia\u0142anie uk\u0142adu hydraulicznego: Wykorzystuje ci\u015bnienie oleju hydraulicznego w celu uzyskania p\u0142ynnych ruch\u00f3w wysuwania i wsuwania, umo\u017cliwiaj\u0105c szybk\u0105 reakcj\u0119 na polecenia steruj\u0105ce i zapewniaj\u0105c du\u017ce si\u0142y pchania i ci\u0105gni\u0119cia, odpowiednie do obs\u0142ugi ci\u0119\u017ckich \u0142adunk\u00f3w i wykonywania skomplikowanych zada\u0144.<\/li>\n<li>R\u00f3\u017cne typy: Dost\u0119pne w cylindrach jednostronnego dzia\u0142ania (hydrauliczne dzia\u0142anie tylko w jednym kierunku) lub dwustronnego dzia\u0142ania (hydrauliczne dzia\u0142anie w obu kierunkach), co pozwala na spe\u0142nienie r\u00f3\u017cnych wymaga\u0144 operacyjnych. Niekt\u00f3re modele s\u0105 teleskopowe, co pozwala na wi\u0119ksze wysuni\u0119cie bez zwi\u0119kszania wymiar\u00f3w zewn\u0119trznych, dzi\u0119ki czemu nadaj\u0105 si\u0119 do zastosowa\u0144 w ograniczonej przestrzeni.<\/li>\n<li>Idealna wymiana: Nasze produkty mog\u0105 idealnie zast\u0105pi\u0107 istniej\u0105ce cylindry hydrauliczne. <\/li>\n<\/ul>\n<p>    <img decoding=\"async\" src=\"https:\/\/www.hydraulic-cylinders.net\/wp-content\/uploads\/2025\/01\/songte-cylinder-head-with-all-kinds-excavator-models.webp\" alt=\"Obraz zast\u0119pczy produktu\"><\/p>\n<h2>Aplikacje<\/h2>\n<ul>\n<li>Sprz\u0119t budowlany: Znajduj\u0105 si\u0119 w koparkach i s\u0105 niezb\u0119dne do kopania, za\u0142adunku i przemieszczania gleby lub gruzu. W koparko-\u0142adowarkach si\u0142ownik \u0142y\u017cki wspomaga zar\u00f3wno kopanie, jak i podnoszenie.<\/li>\n<li>Maszyny rolnicze: Stosowane w \u0142adowarkach czo\u0142owych do nabierania, podnoszenia i transportu gleby, siana i innych materia\u0142\u00f3w.<\/li>\n<li>Koparki: Cylinder \u0142y\u017cki umo\u017cliwia wykonywanie prac wykopaliskowych, pozwalaj\u0105c \u0142y\u017cce na penetracj\u0119 gleby.<\/li>\n<li>\u0141adowarki czo\u0142owe: W \u0142adowarkach czo\u0142owych pomagaj\u0105 w wydajnym podnoszeniu i przechylaniu towar\u00f3w.<\/li>\n<\/ul>\n<h2>Zagadnienia projektowe i kryteria wyboru<\/h2>\n<ul>\n<li>No\u015bno\u015b\u0107: zdolno\u015b\u0107 cylindra do wytrzymywania du\u017cych obci\u0105\u017ce\u0144 i ci\u015bnienia.<\/li>\n<li>Uszczelnienie: Skuteczne uszczelnienie zapobiegaj\u0105ce przeciekom i zapewniaj\u0105ce p\u0142ynn\u0105 prac\u0119.<\/li>\n<li>Trwa\u0142o\u015b\u0107: Zaprojektowane tak, aby wytrzyma\u0107 zu\u017cycie i korozj\u0119, co wyd\u0142u\u017ca \u017cywotno\u015b\u0107 cylindra.<\/li>\n<li>Bezpiecze\u0144stwo: Wdra\u017canie \u015brodk\u00f3w bezpiecze\u0144stwa zapobiegaj\u0105cych wypadkom podczas pracy.<\/li>\n<li>\u0141atwo\u015b\u0107 konserwacji: \u0141atwa konserwacja i naprawa zapewniaj\u0105ca d\u0142u\u017csze u\u017cytkowanie.<\/li>\n<\/ul>\n<p>    <img decoding=\"async\" src=\"https:\/\/www.hydraulic-cylinders.net\/wp-content\/uploads\/2025\/01\/songte-oil-pipes-and-spare-parts.webp\" alt=\"Obraz projektu produktu\"><\/p>\n<h2>Uszczelnianie i smarowanie<\/h2>\n<p>W si\u0142owniku kube\u0142kowym zastosowano r\u00f3\u017cnorodne elementy uszczelniaj\u0105ce, takie jak uszczelnienia t\u0142oka i t\u0142oczyska, wykonane z materia\u0142\u00f3w odpornych na zu\u017cycie, takich jak poliuretan i kauczuk nitrylowy. Korpus si\u0142ownika i gwintowane powierzchnie ko\u0144cowe s\u0105 precyzyjnie obrobione, aby zwi\u0119kszy\u0107 odporno\u015b\u0107 na zu\u017cycie. Aby zapewni\u0107 p\u0142ynn\u0105 prac\u0119, wymagane jest regularne smarowanie odpowiedni\u0105 ilo\u015bci\u0105 oleju hydraulicznego.<\/p>\n<h2>Regularne kontrole i konserwacja zapobiegawcza<\/h2>\n<ul>\n<li>Regularna kontrola stanu cylindra, w tym uszczelek, po\u0142\u0105cze\u0144 i og\u00f3lnej wydajno\u015bci.<\/li>\n<li>W\u0142a\u015bciwe smarowanie zapewnia optymalne dzia\u0142anie i zapobiega przedwczesnemu zu\u017cyciu.<\/li>\n<li>Wymiana uszczelek i kontrola kalibracji w celu zapewnienia wydajnej i bezpiecznej pracy.<\/li>\n<\/ul>\n<h2>Wytyczne dotycz\u0105ce instalacji produktu<\/h2>\n<p>Prawid\u0142owy monta\u017c ma kluczowe znaczenie dla wydajno\u015bci si\u0142ownika kube\u0142kowego. Post\u0119puj zgodnie z poni\u017cszymi wskaz\u00f3wkami:<\/p>\n<ul>\n<li>Podczas monta\u017cu nale\u017cy zapewni\u0107 prawid\u0142owe ustawienie cylindra.<\/li>\n<li>Za pomoc\u0105 odpowiednich uchwyt\u00f3w monta\u017cowych nale\u017cy zamocowa\u0107 cylinder na miejscu.<\/li>\n<li>Aby zachowa\u0107 d\u0142ug\u0105 \u017cywotno\u015b\u0107 cylindra, nale\u017cy przestrzega\u0107 zalecanych procedur kontroli, napraw i wymiany.<\/li>\n<\/ul>\n<p>    <img decoding=\"async\" src=\"https:\/\/www.hydraulic-cylinders.net\/wp-content\/uploads\/2025\/01\/songte-chushion-collar.webp\" alt=\"Wytyczne dotycz\u0105ce instalacji Obraz\"><\/p>\n<h2>Zagadnienia bezpiecze\u0144stwa i czynniki \u015brodowiskowe<\/h2>\n<p>Podczas korzystania z cylindra czerpakowego nale\u017cy przestrzega\u0107 \u015brodk\u00f3w bezpiecze\u0144stwa, aby zapobiec wypadkom i zapewni\u0107 bezpieczne \u015brodowisko pracy.<\/p>\n<h2>Diagnostyka usterek i typowe problemy<\/h2>\n<p>Oto kilka typowych problem\u00f3w z cylindrem \u0142y\u017cki:<\/p>\n<ul>\n<li>Wyciek: Sprawd\u017a, czy uszczelki nie s\u0105 uszkodzone lub po\u0142\u0105czenia lu\u017ane i podejmij odpowiednie dzia\u0142ania.<\/li>\n<li>Powolna praca: Sprawd\u017a uk\u0142ad hydrauliczny pod k\u0105tem zator\u00f3w lub ogranicze\u0144, kt\u00f3re mog\u0105 mie\u0107 wp\u0142yw na wydajno\u015b\u0107 cylindra.<\/li>\n<li>Nietypowe d\u017awi\u0119ki: Zbadaj wszelkie nietypowe d\u017awi\u0119ki i zidentyfikuj ich \u017ar\u00f3d\u0142o, aby podj\u0105\u0107 odpowiednie kroki rozwi\u0105zywania problem\u00f3w.<\/li>\n<\/ul>\n<h2>Wskaz\u00f3wki i rozwi\u0105zania dotycz\u0105ce rozwi\u0105zywania problem\u00f3w<\/h2>\n<ul>\n<li>Podaj wskaz\u00f3wki i rozwi\u0105zania, kt\u00f3re pomog\u0105 czytelnikom skutecznie diagnozowa\u0107 i rozwi\u0105zywa\u0107 problemy.<\/li>\n<li>Zaproponuj \u015brodki zapobiegawcze w celu zminimalizowania potencjalnych problem\u00f3w.<\/li>\n<\/ul>\n<p>    <img decoding=\"async\" src=\"https:\/\/www.hydraulic-cylinders.net\/wp-content\/uploads\/2025\/01\/songte-bushings-with-all-kinds-of-excavator-models.webp\" alt=\"Porady dotycz\u0105ce rozwi\u0105zywania problem\u00f3w Obraz\"><\/p>\n<h2>Wniosek<\/h2>\n<p>Podsumowuj\u0105c, si\u0142ownik \u0142y\u017cki do Carter CT65-8B to niezb\u0119dny element hydrauliczny stosowany w r\u00f3\u017cnych zastosowaniach ci\u0119\u017ckiego sprz\u0119tu. Jego wysoka wytrzyma\u0142o\u015b\u0107, wydajno\u015b\u0107 i wszechstronno\u015b\u0107 sprawiaj\u0105, \u017ce jest to niezawodny wyb\u00f3r do zada\u0144 zwi\u0105zanych z transportem materia\u0142\u00f3w. Regularna konserwacja i prawid\u0142owy monta\u017c s\u0105 kluczem do maksymalizacji jego wydajno\u015bci i trwa\u0142o\u015bci. Jako wiod\u0105cy producent i hurtowy dystrybutor si\u0142ownik\u00f3w hydraulicznych, nasza firma dok\u0142ada wszelkich stara\u0144, aby dostarcza\u0107 wysokiej jako\u015bci produkty i us\u0142ugi, spe\u0142niaj\u0105c zr\u00f3\u017cnicowane potrzeby klient\u00f3w dzi\u0119ki naszemu do\u015bwiadczeniu, mi\u0119dzynarodowym certyfikatom, dostosowaniom, zaawansowanemu sprz\u0119towi produkcyjnemu i kompleksowemu wsparciu posprzeda\u017cowemu.<\/p>\n<p>    <img decoding=\"async\" src=\"https:\/\/www.hydraulic-cylinders.net\/wp-content\/uploads\/2025\/01\/songte-company-3.webp\" alt=\"Obraz przegl\u0105du firmy\"><\/p>\n<p>Autor: lyl<\/p>\n<p><\/body><\/p>\n<p><\/html><\/p>","protected":false},"excerpt":{"rendered":"<p>Bucket Cylinder For Carter CT65-8B Bucket Cylinder For Carter CT65-8B Introduction The bucket cylinder for Carter CT65-8B is a specially designed hydraulic cylinder used to control the movement of the bucket in heavy machinery such as excavators, backhoe loaders, and front loaders. Its main function is to enable the lifting, lowering, and tilting of the [&hellip;]<\/p>","protected":false},"featured_media":14787,"comment_status":"open","ping_status":"closed","template":"","meta":{"_et_pb_use_builder":"","_et_pb_old_content":"","_et_gb_content_width":""},"product_brand":[],"product_cat":[1494],"product_tag":[1495,1496],"class_list":{"0":"post-15794","1":"product","2":"type-product","3":"status-publish","4":"has-post-thumbnail","6":"product_cat-bucket-cylinders","7":"product_tag-bucket-cylinders","8":"product_tag-hydraulic-cylinders","10":"first","11":"instock","12":"shipping-taxable","13":"product-type-simple"},"amp_enabled":true,"_links":{"self":[{"href":"https:\/\/www.hydraulic-cylinders.net\/pl\/wp-json\/wp\/v2\/product\/15794","targetHints":{"allow":["GET"]}}],"collection":[{"href":"https:\/\/www.hydraulic-cylinders.net\/pl\/wp-json\/wp\/v2\/product"}],"about":[{"href":"https:\/\/www.hydraulic-cylinders.net\/pl\/wp-json\/wp\/v2\/types\/product"}],"replies":[{"embeddable":true,"href":"https:\/\/www.hydraulic-cylinders.net\/pl\/wp-json\/wp\/v2\/comments?post=15794"}],"wp:featuredmedia":[{"embeddable":true,"href":"https:\/\/www.hydraulic-cylinders.net\/pl\/wp-json\/wp\/v2\/media\/14787"}],"wp:attachment":[{"href":"https:\/\/www.hydraulic-cylinders.net\/pl\/wp-json\/wp\/v2\/media?parent=15794"}],"wp:term":[{"taxonomy":"product_brand","embeddable":true,"href":"https:\/\/www.hydraulic-cylinders.net\/pl\/wp-json\/wp\/v2\/product_brand?post=15794"},{"taxonomy":"product_cat","embeddable":true,"href":"https:\/\/www.hydraulic-cylinders.net\/pl\/wp-json\/wp\/v2\/product_cat?post=15794"},{"taxonomy":"product_tag","embeddable":true,"href":"https:\/\/www.hydraulic-cylinders.net\/pl\/wp-json\/wp\/v2\/product_tag?post=15794"}],"curies":[{"name":"wp","href":"https:\/\/api.w.org\/{rel}","templated":true}]}}