{"id":15801,"date":"2025-01-19T15:00:19","date_gmt":"2025-01-19T15:00:19","guid":{"rendered":"https:\/\/www.hydraulic-cylinders.net\/product\/bucket-cylinder-for-carter-ct330-8c\/"},"modified":"2025-01-19T15:00:21","modified_gmt":"2025-01-19T15:00:21","slug":"bucket-cylinder-for-carter-ct330-8c","status":"publish","type":"product","link":"https:\/\/www.hydraulic-cylinders.net\/pl\/produkt\/bucket-cylinder-for-carter-ct330-8c\/","title":{"rendered":"Si\u0142ownik \u0142y\u017cki do Carter CT330-8C"},"content":{"rendered":"<h1>Si\u0142ownik \u0142y\u017cki do Carter CT330-8C<\/h1>\n<h2>Wst\u0119p<\/h2>\n<p>Si\u0142ownik \u0142y\u017cki do Carter CT330-8C to specjalistyczny si\u0142ownik hydrauliczny zaprojektowany specjalnie do sterowania ruchem \u0142y\u017cki w ci\u0119\u017ckich maszynach, takich jak koparki, koparko-\u0142adowarki i \u0142adowarki czo\u0142owe. Jego g\u0142\u00f3wn\u0105 funkcj\u0105 jest podnoszenie, opuszczanie i przechylanie \u0142y\u017cki, u\u0142atwiaj\u0105c tym samym r\u00f3\u017cnorodne zadania zwi\u0105zane z prze\u0142adunkiem materia\u0142\u00f3w. W uk\u0142adach hydraulicznych si\u0142ownik \u0142y\u017cki zapewnia precyzyjn\u0105 kontrol\u0119 ruchu \u0142y\u017cki poprzez zmiany ci\u015bnienia oleju hydraulicznego, umo\u017cliwiaj\u0105c operatorom wydajne przenoszenie du\u017cych \u0142adunk\u00f3w i dostosowywanie si\u0119 do z\u0142o\u017conych warunk\u00f3w pracy oraz zr\u00f3\u017cnicowanych wymaga\u0144.<\/p>\n<p><img decoding=\"async\" src=\"https:\/\/www.hydraulic-cylinders.net\/wp-content\/uploads\/2025\/01\/songte-company-2.webp\"><\/p>\n<h2>Cechy<\/h2>\n<ul>\n<li>\n<h3>Wysoka wytrzyma\u0142o\u015b\u0107 i trwa\u0142o\u015b\u0107<\/h3>\n<p>Cylindry czerpakowe s\u0105 zazwyczaj wykonane z wysokowytrzyma\u0142ej stali lub aluminium, co pozwala im wytrzyma\u0107 wysokie ci\u015bnienie i du\u017ce obci\u0105\u017cenia oraz przystosowa\u0107 si\u0119 do trudnych warunk\u00f3w pracy. Ich konstrukcja uwzgl\u0119dnia odporno\u015b\u0107 na zu\u017cycie i korozj\u0119, aby wyd\u0142u\u017cy\u0107 \u017cywotno\u015b\u0107.<\/p>\n<\/li>\n<li>\n<h3>Wydajna praca hydrauliczna<\/h3>\n<p>Si\u0142owniki czerpakowe wykorzystuj\u0105 ci\u015bnienie oleju hydraulicznego, aby zapewni\u0107 p\u0142ynne wysuwanie i wsuwanie, szybko reaguj\u0105 na polecenia steruj\u0105ce, wytwarzaj\u0105 du\u017ce si\u0142y pchaj\u0105ce i ci\u0105gn\u0105ce oraz nadaj\u0105 si\u0119 do przenoszenia ci\u0119\u017ckich \u0142adunk\u00f3w i wykonywania skomplikowanych zada\u0144 operacyjnych.<\/p>\n<\/li>\n<li>\n<h3>Wiele typ\u00f3w<\/h3>\n<p>Si\u0142owniki kube\u0142kowe mog\u0105 by\u0107 jednostronnego dzia\u0142ania (hydrauliczne, dzia\u0142aj\u0105ce tylko w jednym kierunku) lub dwustronnego dzia\u0142ania (hydrauliczne, dzia\u0142aj\u0105ce w obu kierunkach), w zale\u017cno\u015bci od potrzeb eksploatacyjnych. Niekt\u00f3re modele s\u0105 teleskopowe, co pozwala na wi\u0119ksze wysuni\u0119cie bez zwi\u0119kszania wymiar\u00f3w zewn\u0119trznych i nadaje si\u0119 do zastosowa\u0144 w ograniczonej przestrzeni.<\/p>\n<\/li>\n<li>\n<h3>Zgodno\u015b\u0107<\/h3>\n<p>Nasz produkt mo\u017ce doskonale zast\u0105pi\u0107 te si\u0142owniki hydrauliczne i oferujemy szerok\u0105 gam\u0119 opcji dla r\u00f3\u017cnych modeli urz\u0105dze\u0144.<\/p>\n<\/li>\n<li>\n<h3>Personalizacja<\/h3>\n<p>Oferujemy us\u0142ugi dostosowywania, kt\u00f3re spe\u0142niaj\u0105 okre\u015blone wymagania klient\u00f3w, zapewniaj\u0105c kompatybilno\u015b\u0107 i zoptymalizowan\u0105 wydajno\u015b\u0107.<\/p>\n<\/li>\n<\/ul>\n<p><img decoding=\"async\" src=\"https:\/\/www.hydraulic-cylinders.net\/wp-content\/uploads\/2025\/01\/songte-cylinder-head-with-all-kinds-excavator-models.webp\"><\/p>\n<h2>Aplikacje<\/h2>\n<p>Cylindry kube\u0142kowe s\u0105 stosowane w wielu ga\u0142\u0119ziach przemys\u0142u i maszynach, takich jak:<\/p>\n<ul>\n<li>Sprz\u0119t budowlany: W koparkach s\u0105 niezb\u0119dne do kopania, za\u0142adunku i przemieszczania ziemi lub gruzu. W koparko-\u0142adowarkach cylindry \u0142y\u017cki wspomagaj\u0105 zar\u00f3wno kopanie, jak i podnoszenie. <\/li>\n<li>Maszyny rolnicze: Stosowane w \u0142adowarkach czo\u0142owych do nabierania, podnoszenia i transportu gleby, siana i innych materia\u0142\u00f3w. <\/li>\n<li>Koparki: Cylindry \u0142y\u017cki pozwalaj\u0105 \u0142y\u017cce na penetracj\u0119 gruntu w celu wykonania czynno\u015bci kopania. <\/li>\n<li>\u0141adowarki: W \u0142adowarkach czo\u0142owych pomagaj\u0105 w wydajnym podnoszeniu i wysypywaniu \u0142adunk\u00f3w.<\/li>\n<\/ul>\n<p>Poni\u017cej wyja\u015bniono ka\u017cd\u0105 aplikacj\u0119:<\/p>\n<h3>Sprz\u0119t budowlany<\/h3>\n<p>Si\u0142owniki \u0142y\u017cki odgrywaj\u0105 kluczow\u0105 rol\u0119 w koparkach, poniewa\u017c wspomagaj\u0105 kopanie, za\u0142adunek i przemieszczanie ziemi lub gruzu. W koparko-\u0142adowarkach cylindry \u0142y\u017cki nie tylko pomagaj\u0105 w kopaniu, ale tak\u017ce w podnoszeniu \u0142y\u017cki. Maszyny te s\u0105 szeroko stosowane na placach budowy, w robotach drogowych i w g\u00f3rnictwie. Si\u0142owniki \u0142y\u017cki s\u0105 niezb\u0119dne do prawid\u0142owego dzia\u0142ania tych maszyn i zapewniaj\u0105 sprawne i efektywne wykonywanie pracy.<\/p>\n<h3>Maszyny rolnicze<\/h3>\n<p>Si\u0142owniki \u0142y\u017cki s\u0105 stosowane w \u0142adowarkach czo\u0142owych do nabierania, podnoszenia i transportu gleby, siana i innych materia\u0142\u00f3w. Maszyny te s\u0105 szeroko stosowane w rolnictwie, le\u015bnictwie i kszta\u0142towaniu krajobrazu. Si\u0142owniki \u0142y\u017cki s\u0105 niezb\u0119dne do prawid\u0142owego dzia\u0142ania tych maszyn i zapewniaj\u0105 wydajn\u0105 i efektywn\u0105 prac\u0119.<\/p>\n<h3>Koparki<\/h3>\n<p>Cylindry \u0142y\u017cki umo\u017cliwiaj\u0105 jej penetracj\u0119 w g\u0142\u0105b gruntu w celu wykonania prac kopania. Maszyny te s\u0105 szeroko stosowane na placach budowy, w robotach drogowych i w g\u00f3rnictwie. Cylindry \u0142y\u017cki s\u0105 niezb\u0119dne do prawid\u0142owego dzia\u0142ania tych maszyn i zapewniaj\u0105 sprawne i efektywne wykonywanie prac.<\/p>\n<h3>\u0141adowarki<\/h3>\n<p>W \u0142adowarkach czo\u0142owych si\u0142owniki \u0142y\u017cki wspomagaj\u0105 wydajne podnoszenie i wysypywanie \u0142adunku. Maszyny te s\u0105 szeroko stosowane na placach budowy, w robotach drogowych i g\u00f3rnictwie. Si\u0142owniki \u0142y\u017cki s\u0105 niezb\u0119dne do prawid\u0142owego dzia\u0142ania tych maszyn i zapewniaj\u0105 sprawne i efektywne wykonywanie pracy.<\/p>\n<p><img decoding=\"async\" src=\"https:\/\/www.hydraulic-cylinders.net\/wp-content\/uploads\/2025\/01\/songte-bushings-with-all-kinds-of-excavator-models.webp\"><\/p>\n<h2>Zagadnienia projektowe i kryteria wyboru<\/h2>\n<p>Przy wyborze cylindra kube\u0142kowego nale\u017cy wzi\u0105\u0107 pod uwag\u0119 kilka kwestii projektowych i kryteri\u00f3w wyboru:<\/p>\n<ul>\n<li>\n<h3>No\u015bno\u015b\u0107<\/h3>\n<p>Cylinder czerpaka musi by\u0107 w stanie wytrzyma\u0107 obci\u0105\u017cenie, jakiemu b\u0119dzie poddawany.<\/p>\n<\/li>\n<li>\n<h3>Opiecz\u0119towanie<\/h3>\n<p>Cylinder musi by\u0107 dobrze uszczelniony, aby mie\u0107 pewno\u015b\u0107, \u017ce nie wycieknie olej hydrauliczny, co mo\u017ce spowodowa\u0107 awari\u0119 lub uszkodzenie cylindra.<\/p>\n<\/li>\n<li>\n<h3>Trwa\u0142o\u015b\u0107<\/h3>\n<p>Cylinder musi by\u0107 na tyle trwa\u0142y, aby wytrzyma\u0107 trudne warunki, w jakich jest u\u017cywany.<\/p>\n<\/li>\n<li>\n<h3>Bezpiecze\u0144stwo<\/h3>\n<p>Cylinder musi by\u0107 zaprojektowany z uwzgl\u0119dnieniem wymog\u00f3w bezpiecze\u0144stwa i spe\u0142nia\u0107 wszystkie stosowne normy bezpiecze\u0144stwa.<\/p>\n<\/li>\n<li>\n<h3>Utrzymywalno\u015b\u0107<\/h3>\n<p>Cylinder musi by\u0107 zaprojektowany w spos\u00f3b umo\u017cliwiaj\u0105cy \u0142atw\u0105 konserwacj\u0119, z wymiennymi cz\u0119\u015bciami i prostymi procedurami naprawy.<\/p>\n<\/li>\n<\/ul>\n<p><img decoding=\"async\" src=\"https:\/\/www.hydraulic-cylinders.net\/wp-content\/uploads\/2025\/01\/songte-oil-pipes-and-spare-parts.webp\"><\/p>\n<h2>Uszczelnianie i smarowanie<\/h2>\n<p>Si\u0142owniki kube\u0142kowe wykorzystuj\u0105 r\u00f3\u017cne elementy uszczelniaj\u0105ce, takie jak uszczelnienia t\u0142oka, uszczelnienia t\u0142oczyska i zgarniacze, aby zapobiec wyciekom oleju hydraulicznego. Uszczelnienia te wykonane s\u0105 z materia\u0142\u00f3w odpornych na zu\u017cycie, takich jak poliuretan i kauczuk nitrylowy. Korpus cylindra i powierzchnia gwintu zosta\u0142y poddane starannej obr\u00f3bce w celu zwi\u0119kszenia ich odporno\u015bci na zu\u017cycie i zmniejszenia cz\u0119stotliwo\u015bci wymiany. Regularne smarowanie olejem hydraulicznym jest niezb\u0119dne do utrzymania sprawno\u015bci i wydajno\u015bci si\u0142ownik\u00f3w kube\u0142kowych.<\/p>\n<h2>Inspekcja i konserwacja zapobiegawcza<\/h2>\n<p>Regularne przegl\u0105dy i konserwacja zapobiegawcza cylindr\u00f3w kube\u0142kowych s\u0105 niezb\u0119dne dla zapewnienia ich prawid\u0142owego dzia\u0142ania i maksymalizacji \u017cywotno\u015bci. Zadania te obejmuj\u0105:<\/p>\n<ul>\n<li>\n<h3>Regularna kontrola<\/h3>\n<p>Regularna kontrola cylindra i jego podzespo\u0142\u00f3w pod k\u0105tem zu\u017cycia, uszkodze\u0144 lub innych problem\u00f3w, kt\u00f3re mog\u0105 mie\u0107 wp\u0142yw na jego wydajno\u015b\u0107.<\/p>\n<\/li>\n<li>\n<h3>Smarowanie<\/h3>\n<p>Regularne smarowanie olejem hydraulicznym zapewnia p\u0142ynn\u0105 i wydajn\u0105 prac\u0119 cylindra.<\/p>\n<\/li>\n<li>\n<h3>Wymiana uszczelki<\/h3>\n<p>Regularna wymiana uszczelek i innych cz\u0119\u015bci eksploatacyjnych zapobiega wyciekom oleju hydraulicznego i zapewnia prawid\u0142owe dzia\u0142anie cylindra.<\/p>\n<\/li>\n<li>\n<h3>Kontrola kalibracji<\/h3>\n<p>Regularna kontrola kalibracji w celu zapewnienia, \u017ce \u200b\u200bcylinder dzia\u0142a w ramach wymaganych parametr\u00f3w.<\/p>\n<\/li>\n<\/ul>\n<p>Prawid\u0142owy monta\u017c ma kluczowe znaczenie dla prawid\u0142owego dzia\u0142ania si\u0142ownik\u00f3w kube\u0142kowych. Zaleca si\u0119 prawid\u0142owe ustawienie i zastosowanie odpowiednich wspornik\u00f3w monta\u017cowych. W przypadku wyst\u0105pienia problem\u00f3w, trafna diagnoza i szybka naprawa mog\u0105 zapobiec dalszym uszkodzeniom i wyd\u0142u\u017cy\u0107 \u017cywotno\u015b\u0107 si\u0142ownika.<\/p>\n<p><img decoding=\"async\" src=\"https:\/\/www.hydraulic-cylinders.net\/wp-content\/uploads\/2025\/01\/songte-chushion-collar.webp\"><\/p>\n<h2>Zagadnienia bezpiecze\u0144stwa i czynniki \u015brodowiskowe<\/h2>\n<p>Bezpiecze\u0144stwo cylindra \u0142y\u017cki i wzgl\u0119dy \u015brodowiskowe maj\u0105 kluczowe znaczenie dla prawid\u0142owego funkcjonowania maszyny. \u015arodki bezpiecze\u0144stwa, takie jak prawid\u0142owa instalacja i regularne przegl\u0105dy, mog\u0105 zapobiec wypadkom. Prawid\u0142owa utylizacja oleju hydraulicznego i innych odpad\u00f3w mo\u017ce zapobiec zanieczyszczeniu \u015brodowiska.<\/p>\n<h2>Rozwi\u0105zywanie problem\u00f3w i typowe problemy<\/h2>\n<p>Do typowych problem\u00f3w z si\u0142ownikiem czerpakowym nale\u017c\u0105 wycieki oleju, wygi\u0119cie t\u0142oczyska, uszkodzenie uszczelnienia i niedostateczne ci\u015bnienie. Szybka diagnoza i rozwi\u0105zywanie problem\u00f3w s\u0105 kluczowe dla zapobiegania dalszym uszkodzeniom i zapewnienia prawid\u0142owego dzia\u0142ania si\u0142ownika. Regularne przegl\u0105dy i konserwacja zapobiegawcza mog\u0105 pom\u00f3c w zapobieganiu tym problemom.<\/p>\n<p><img decoding=\"async\" src=\"https:\/\/hzpt.com\/wp-content\/uploads\/2024\/11\/songte-company-1.webp\"><\/p>\n<h2>O nas<\/h2>\n<p>Jeste\u015bmy producentem cylindr\u00f3w hydraulicznych, specjalizuj\u0105cym si\u0119 w wymianie cylindr\u00f3w. Oferujemy szerok\u0105 gam\u0119 produkt\u00f3w i stali\u015bmy si\u0119 jednym z wiod\u0105cych producent\u00f3w i hurtowych dystrybutor\u00f3w cylindr\u00f3w hydraulicznych na rynku krajowym i mi\u0119dzynarodowym. D\u0105\u017cymy do zapewnienia najwy\u017cszej jako\u015bci, opieraj\u0105c si\u0119 na przemys\u0142owych strategiach zarz\u0105dzania produkcj\u0105 w precyzyjnie dopracowanych warsztatach produkcyjnych. Stale ulepszamy nasze platformy produkcyjne, wykorzystuj\u0105c talenty technologiczne, cyfrowy sprz\u0119t produkcyjny wysokiej klasy oraz profesjonalne systemy testowe. Wyr\u00f3\u017cnia nas kreatywno\u015b\u0107, dzi\u0119ki kt\u00f3rej mo\u017cemy sprosta\u0107 zr\u00f3\u017cnicowanym potrzebom klient\u00f3w, oferuj\u0105c wysok\u0105 wydajno\u015b\u0107, precyzj\u0119 i wysok\u0105 jako\u015b\u0107.<\/p>\n<h3>Ekspertyza<\/h3>\n<p>Posiadamy du\u017ce do\u015bwiadczenie w bran\u017cy produkcji cylindr\u00f3w hydraulicznych, k\u0142ad\u0105c nacisk na optymalizacj\u0119 jako\u015bci i wydajno\u015bci.<\/p>\n<h3>Mi\u0119dzynarodowa Certyfikacja<\/h3>\n<p>Posiadamy mi\u0119dzynarodowe certyfikaty jako\u015bci, takie jak ISO9001, CE i SGS, kt\u00f3re potwierdzaj\u0105 nasze zaanga\u017cowanie w jako\u015b\u0107 i doskona\u0142o\u015b\u0107.<\/p>\n<h3>Us\u0142ugi personalizacji<\/h3>\n<p>Oferujemy us\u0142ugi dostosowywania, kt\u00f3re spe\u0142niaj\u0105 okre\u015blone wymagania klient\u00f3w, zapewniaj\u0105c kompatybilno\u015b\u0107 i zoptymalizowan\u0105 wydajno\u015b\u0107.<\/p>\n<h3>Sprz\u0119t produkcyjny<\/h3>\n<p>W celu zapewnienia jako\u015bci i wydajno\u015bci naszych produkt\u00f3w wykorzystujemy najnowocze\u015bniejszy sprz\u0119t produkcyjny, taki jak maszyny CNC i zautomatyzowane systemy testowe.<\/p>\n<h3>Serwis posprzeda\u017cowy<\/h3>\n<p>Naszym celem jest zapewnienie doskona\u0142ej obs\u0142ugi posprzeda\u017cowej i wsparcia, obejmuj\u0105cego m.in. konserwacj\u0119, naprawy i wymian\u0119.<\/p>\n<p><img decoding=\"async\" src=\"https:\/\/www.hydraulic-cylinders.net\/wp-content\/uploads\/2025\/01\/songte-company-3.webp\"><\/p>\n<p>Autor: lyl<\/p>","protected":false},"excerpt":{"rendered":"<p>Bucket Cylinder For Carter CT330-8C Introduction The Bucket Cylinder for Carter CT330-8C is a type of specialized hydraulic cylinder designed specifically to control the movement of the bucket in heavy machinery, such as excavators, backhoes, and front loaders. Its primary function is to enable the bucket to be lifted, lowered, and tilted, thereby facilitating various [&hellip;]<\/p>","protected":false},"featured_media":14773,"comment_status":"open","ping_status":"closed","template":"","meta":{"_et_pb_use_builder":"","_et_pb_old_content":"","_et_gb_content_width":""},"product_brand":[],"product_cat":[1494],"product_tag":[1495,1496],"class_list":{"0":"post-15801","1":"product","2":"type-product","3":"status-publish","4":"has-post-thumbnail","6":"product_cat-bucket-cylinders","7":"product_tag-bucket-cylinders","8":"product_tag-hydraulic-cylinders","10":"first","11":"instock","12":"shipping-taxable","13":"product-type-simple"},"amp_enabled":true,"_links":{"self":[{"href":"https:\/\/www.hydraulic-cylinders.net\/pl\/wp-json\/wp\/v2\/product\/15801","targetHints":{"allow":["GET"]}}],"collection":[{"href":"https:\/\/www.hydraulic-cylinders.net\/pl\/wp-json\/wp\/v2\/product"}],"about":[{"href":"https:\/\/www.hydraulic-cylinders.net\/pl\/wp-json\/wp\/v2\/types\/product"}],"replies":[{"embeddable":true,"href":"https:\/\/www.hydraulic-cylinders.net\/pl\/wp-json\/wp\/v2\/comments?post=15801"}],"wp:featuredmedia":[{"embeddable":true,"href":"https:\/\/www.hydraulic-cylinders.net\/pl\/wp-json\/wp\/v2\/media\/14773"}],"wp:attachment":[{"href":"https:\/\/www.hydraulic-cylinders.net\/pl\/wp-json\/wp\/v2\/media?parent=15801"}],"wp:term":[{"taxonomy":"product_brand","embeddable":true,"href":"https:\/\/www.hydraulic-cylinders.net\/pl\/wp-json\/wp\/v2\/product_brand?post=15801"},{"taxonomy":"product_cat","embeddable":true,"href":"https:\/\/www.hydraulic-cylinders.net\/pl\/wp-json\/wp\/v2\/product_cat?post=15801"},{"taxonomy":"product_tag","embeddable":true,"href":"https:\/\/www.hydraulic-cylinders.net\/pl\/wp-json\/wp\/v2\/product_tag?post=15801"}],"curies":[{"name":"wp","href":"https:\/\/api.w.org\/{rel}","templated":true}]}}