{"id":15813,"date":"2025-01-19T15:01:18","date_gmt":"2025-01-19T15:01:18","guid":{"rendered":"https:\/\/www.hydraulic-cylinders.net\/product\/bucket-cylinder-for-pengpu-sw210e\/"},"modified":"2025-01-19T15:01:20","modified_gmt":"2025-01-19T15:01:20","slug":"bucket-cylinder-for-pengpu-sw210e","status":"publish","type":"product","link":"https:\/\/www.hydraulic-cylinders.net\/pl\/produkt\/bucket-cylinder-for-pengpu-sw210e\/","title":{"rendered":"Si\u0142ownik kube\u0142kowy do Pengpu SW210E"},"content":{"rendered":"<h1>Si\u0142ownik kube\u0142kowy do Pengpu SW210E<\/h1>\n<h2>Wst\u0119p<\/h2>\n<p>Si\u0142ownik \u0142y\u017cki to rodzaj si\u0142ownika hydraulicznego zaprojektowanego specjalnie do sterowania ruchem \u0142y\u017cki w ci\u0119\u017ckich maszynach, takich jak koparki, koparko-\u0142adowarki i \u0142adowarki czo\u0142owe. Jego g\u0142\u00f3wn\u0105 funkcj\u0105 jest umo\u017cliwienie podnoszenia, opuszczania i przechylania \u0142y\u017cki podczas r\u00f3\u017cnych zada\u0144 zwi\u0105zanych z prze\u0142adunkiem materia\u0142\u00f3w. W uk\u0142adach hydraulicznych si\u0142ownik \u0142y\u017cki zapewnia precyzyjn\u0105 kontrol\u0119 nad \u0142y\u017ck\u0105 poprzez zmiany ci\u015bnienia oleju hydraulicznego, umo\u017cliwiaj\u0105c operatorom wydajne przenoszenie du\u017cych \u0142adunk\u00f3w i dostosowywanie si\u0119 do z\u0142o\u017conych warunk\u00f3w pracy oraz zr\u00f3\u017cnicowanych wymaga\u0144 operacyjnych.<\/p>\n<p><img decoding=\"async\" src=\"https:\/\/www.hydraulic-cylinders.net\/wp-content\/uploads\/2025\/01\/songte-company-2.webp\" alt=\"Obraz cylindra wiadra\"><\/p>\n<h2>Cechy<\/h2>\n<ul>\n<li>\n<h3>Wysoka wytrzyma\u0142o\u015b\u0107 i trwa\u0142o\u015b\u0107<\/h3>\n<p>Si\u0142ownik czerpaka jest zazwyczaj wykonany z wysokowytrzyma\u0142ej stali lub aluminium, co pozwala na wytrzymywanie wysokich ci\u015bnie\u0144 i du\u017cych obci\u0105\u017ce\u0144, dostosowuj\u0105c si\u0119 do trudnych warunk\u00f3w pracy. Zosta\u0142 zaprojektowany z my\u015bl\u0105 o odporno\u015bci na zu\u017cycie i korozj\u0119, co wyd\u0142u\u017ca jego \u017cywotno\u015b\u0107.<\/p>\n<\/li>\n<li>\n<h3>Wydajna praca hydrauliczna<\/h3>\n<p>Si\u0142ownik \u0142y\u017cki p\u0142ynnie si\u0119 wysuwa i kurczy pod wp\u0142ywem ci\u015bnienia oleju hydraulicznego, szybko reaguj\u0105c na polecenia steruj\u0105ce i zapewniaj\u0105c du\u017c\u0105 si\u0142\u0119 pchania i ci\u0105gni\u0119cia, odpowiedni\u0105 do przenoszenia ci\u0119\u017ckich \u0142adunk\u00f3w i skomplikowanych zada\u0144 operacyjnych.<\/p>\n<\/li>\n<li>\n<h3>R\u00f3\u017cne typy<\/h3>\n<p>Si\u0142ownik czerpakowy mo\u017ce by\u0107 si\u0142ownikiem jednostronnego dzia\u0142ania (hydrauliczny dzia\u0142aj\u0105cy tylko w jednym kierunku) lub dwustronnego dzia\u0142ania (hydrauliczny dzia\u0142aj\u0105cy w obu kierunkach), dobieranym w zale\u017cno\u015bci od wymaga\u0144 operacyjnych. Niekt\u00f3re modele s\u0105 teleskopowe, co pozwala na wi\u0119ksze wysuni\u0119cie bez zwi\u0119kszania wymiar\u00f3w zewn\u0119trznych, i nadaje si\u0119 do zastosowa\u0144 w ograniczonej przestrzeni.<\/p>\n<\/li>\n<li>\n<h3>Dobra kompatybilno\u015b\u0107<\/h3>\n<p>Nasz produkt mo\u017ce doskonale zast\u0105pi\u0107 tego typu si\u0142owniki hydrauliczne.<\/p>\n<\/li>\n<li>\n<h3>Mo\u017cliwo\u015b\u0107 dostosowania<\/h3>\n<p>Mo\u017cemy wyprodukowa\u0107 ten produkt zgodnie z wymaganiami klienta.<\/p>\n<\/li>\n<\/ul>\n<p><img decoding=\"async\" src=\"https:\/\/www.hydraulic-cylinders.net\/wp-content\/uploads\/2025\/01\/songte-cylinder-head-with-all-kinds-excavator-models.webp\" alt=\"Obraz cylindra wiadra\"><\/p>\n<h2>Aplikacje<\/h2>\n<p>Si\u0142ownik kube\u0142kowy jest szeroko stosowany w r\u00f3\u017cnych zastosowaniach ci\u0119\u017ckiego sprz\u0119tu, takich jak:<\/p>\n<ul>\n<li>\n<h3>Sprz\u0119t budowlany<\/h3>\n<p>W koparkach s\u0105 one niezb\u0119dne do wykopywania, za\u0142adunku i przemieszczania gleby lub gruzu. W koparko-\u0142adowarkach si\u0142ownik \u0142y\u017cki u\u0142atwia zar\u00f3wno kopanie, jak i podnoszenie. <\/p>\n<\/li>\n<li>\n<h3>Maszyny rolnicze<\/h3>\n<p>Stosowany w \u0142adowarkach czo\u0142owych do kopania, podnoszenia i transportu ziemi, siana i innych materia\u0142\u00f3w. <\/p>\n<\/li>\n<li>\n<h3>Koparki<\/h3>\n<p>Cylinder \u0142y\u017cki umo\u017cliwia kopanie poprzez umo\u017cliwienie \u0142y\u017cce zag\u0142\u0119biania si\u0119 w gleb\u0119. <\/p>\n<\/li>\n<li>\n<h3>\u0141adowarki<\/h3>\n<p>W \u0142adowarkach czo\u0142owych u\u0142atwiaj\u0105 podnoszenie i przechylanie \u0142adunk\u00f3w. <\/p>\n<\/li>\n<\/ul>\n<h2>Zagadnienia projektowe i kryteria wyboru<\/h2>\n<ul>\n<li>\n<h3>No\u015bno\u015b\u0107<\/h3>\n<p>Si\u0142ownik czerpakowy jest zaprojektowany tak, aby wytrzymywa\u0142 du\u017ce obci\u0105\u017cenia, a jego no\u015bno\u015b\u0107 powinna spe\u0142nia\u0107 wymagania eksploatacyjne. <\/p>\n<\/li>\n<li>\n<h3>Opiecz\u0119towanie<\/h3>\n<p>Zastosowanie r\u00f3\u017cnorodnych uszczelnie\u0144, takich jak uszczelnienia t\u0142oczysk i t\u0142oczysk, wykonanych z materia\u0142\u00f3w odpornych na zu\u017cycie, takich jak poliuretan i kauczuk nitrylowy, zapewnia dobr\u0105 szczelno\u015b\u0107. Korpus cylindra i gwintowane powierzchnie ko\u0144cowe s\u0105 precyzyjnie obrobione w celu zwi\u0119kszenia odporno\u015bci na zu\u017cycie, a do smarowania nale\u017cy regularnie dolewa\u0107 odpowiedniego oleju hydraulicznego. <\/p>\n<\/li>\n<li>\n<h3>Trwa\u0142o\u015b\u0107<\/h3>\n<p>Cylinder \u0142y\u017cki wykonany jest z materia\u0142\u00f3w o wysokiej wytrzyma\u0142o\u015bci i zaprojektowany tak, aby by\u0142 odporny na zu\u017cycie i korozj\u0119, co wyd\u0142u\u017ca jego \u017cywotno\u015b\u0107. <\/p>\n<\/li>\n<li>\n<h3>Bezpiecze\u0144stwo<\/h3>\n<p>Aby zapewni\u0107 bezpieczn\u0105 eksploatacj\u0119, konieczna jest prawid\u0142owa instalacja, regularne kontrole i konserwacja, a tak\u017ce stosowanie odpowiednich akcesori\u00f3w i sprz\u0119tu. <\/p>\n<\/li>\n<li>\n<h3>Utrzymywalno\u015b\u0107<\/h3>\n<p>Cylinder czerpaka powinien by\u0107 \u0142atwy w naprawie i konserwacji, a wymiana cz\u0119\u015bci i inne us\u0142ugi zwi\u0105zane z odbudow\u0105 powinny by\u0107 dost\u0119pne. <\/p>\n<\/li>\n<\/ul>\n<p><img decoding=\"async\" src=\"https:\/\/www.hydraulic-cylinders.net\/wp-content\/uploads\/2025\/01\/songte-oil-pipes-and-spare-parts.webp\" alt=\"Obraz cylindra wiadra\"><\/p>\n<h2>Przewodnik instalacji<\/h2>\n<p>Aby zapewni\u0107 prawid\u0142ow\u0105 instalacj\u0119 i dzia\u0142anie cylindra kube\u0142kowego, nale\u017cy wykona\u0107 nast\u0119puj\u0105ce czynno\u015bci:<\/p>\n<ul>\n<li>\n<h3>Prawid\u0142owe wyr\u00f3wnanie cylindra<\/h3>\n<p>Cylinder powinien by\u0107 prawid\u0142owo wyr\u00f3wnany, aby unikn\u0105\u0107 konieczno\u015bci bocznego obci\u0105\u017cania, kt\u00f3re mog\u0142oby spowodowa\u0107 uszkodzenie cylindra.<\/p>\n<\/li>\n<li>\n<h3>U\u017cyj odpowiednich uchwyt\u00f3w monta\u017cowych<\/h3>\n<p>Aby zapewni\u0107 stabilno\u015b\u0107 i bezpiecze\u0144stwo cylindra, konieczne jest zastosowanie odpowiednich wspornik\u00f3w monta\u017cowych i element\u00f3w monta\u017cowych. <\/p>\n<\/li>\n<li>\n<h3>Regularna kontrola i smarowanie<\/h3>\n<p>Regularne kontrole, odpowiednie smarowanie i kalibracja po instalacji s\u0105 niezb\u0119dne dla zapewnienia prawid\u0142owej pracy i wyd\u0142u\u017cenia \u017cywotno\u015bci cylindra. <\/p>\n<\/li>\n<\/ul>\n<p><img decoding=\"async\" src=\"https:\/\/www.hydraulic-cylinders.net\/wp-content\/uploads\/2025\/01\/songte-chushion-collar.webp\" alt=\"Obraz cylindra wiadra\"><\/p>\n<h2>Zadania konserwacyjne<\/h2>\n<p>Do regularnych zada\u0144 konserwacyjnych cylindra kube\u0142kowego nale\u017c\u0105:<\/p>\n<ul>\n<li>\n<h3>Kontrola<\/h3>\n<p>Regularna kontrola korpusu cylindra, pr\u0119ta i uszczelnie\u0144 jest konieczna w celu zapewnienia prawid\u0142owej pracy urz\u0105dzenia i wykrycia wszelkich uszkodze\u0144 lub zu\u017cycia. <\/p>\n<\/li>\n<li>\n<h3>Smarowanie<\/h3>\n<p>Aby zapewni\u0107 p\u0142ynn\u0105 prac\u0119 i wyd\u0142u\u017cy\u0107 \u017cywotno\u015b\u0107 cylindra, nale\u017cy regularnie go smarowa\u0107. <\/p>\n<\/li>\n<li>\n<h3>Wymiana uszczelki<\/h3>\n<p>Aby zapewni\u0107 w\u0142a\u015bciw\u0105 szczelno\u015b\u0107, nale\u017cy wymieni\u0107 uszczelki w przypadku stwierdzenia jakichkolwiek uszkodze\u0144 lub zu\u017cycia. <\/p>\n<\/li>\n<li>\n<h3>Kontrole kalibracji<\/h3>\n<p>Okresowe kontrole kalibracji s\u0105 niezb\u0119dne w celu zapewnienia prawid\u0142owego dzia\u0142ania urz\u0105dzenia i wykrycia wszelkich problem\u00f3w zwi\u0105zanych z brakiem wsp\u00f3\u0142osiowo\u015bci.<\/p>\n<\/li>\n<\/ul>\n<h2>Bezpiecze\u0144stwo i wzgl\u0119dy \u015brodowiskowe<\/h2>\n<p>Stosowanie odpowiednich \u015brodk\u00f3w bezpiecze\u0144stwa i sprz\u0119tu ochronnego podczas obs\u0142ugi cylindra \u0142y\u017cki jest niezb\u0119dne dla zapewnienia bezpiecznej pracy i zapobiegania wypadkom. Wa\u017cne jest, aby zadba\u0107 o bezpiecze\u0144stwo \u015brodowiska poprzez odpowiedni\u0105 utylizacj\u0119 oleju hydraulicznego i innych materia\u0142\u00f3w.<\/p>\n<p><img decoding=\"async\" src=\"https:\/\/www.hydraulic-cylinders.net\/wp-content\/uploads\/2025\/01\/songte-bushings-with-all-kinds-of-excavator-models.webp\" alt=\"Obraz cylindra wiadra\"><\/p>\n<h2>Typowa diagnostyka usterek i rozwi\u0105zywanie problem\u00f3w<\/h2>\n<p>Do typowych usterek, jakie mog\u0105 wyst\u0105pi\u0107 w cylindrze \u0142y\u017cki, nale\u017c\u0105:<\/p>\n<ul>\n<li>\n<h3>Nieszczelne uszczelki<\/h3>\n<p>Je\u015bli uszczelki ulegn\u0105 zu\u017cyciu lub uszkodzeniu, p\u0142yn hydrauliczny mo\u017ce wycieka\u0107 z cylindra, co skutkuje obni\u017ceniem wydajno\u015bci i zwi\u0119kszonym zu\u017cyciem. <\/p>\n<\/li>\n<li>\n<h3>Napad<\/h3>\n<p>Je\u015bli cylinder nie jest odpowiednio smarowany, t\u0142ok mo\u017ce si\u0119 zatrze\u0107, co skutkuje obni\u017ceniem wydajno\u015bci i zwi\u0119kszonym zu\u017cyciem. <\/p>\n<\/li>\n<li>\n<h3>Niew\u0142a\u015bciwe wyr\u00f3wnanie<\/h3>\n<p>Je\u015bli cylinder nie jest prawid\u0142owo wyr\u00f3wnany, mo\u017ce to spowodowa\u0107 obci\u0105\u017cenie boczne cylindra, co skutkuje uszkodzeniem i s\u0142ab\u0105 wydajno\u015bci\u0105. <\/p>\n<\/li>\n<\/ul>\n<p>W\u0142a\u015bciwe metody rozwi\u0105zywania problem\u00f3w obejmuj\u0105 wymian\u0119 uszczelek, odpowiednie smarowanie i kontrole kalibracji.<\/p>\n<p><img decoding=\"async\" src=\"https:\/\/hzpt.com\/wp-content\/uploads\/2024\/11\/songte-company-1.webp\" alt=\"Obraz cylindra wiadra\"><\/p>\n<h2>O naszej firmie<\/h2>\n<p>Jeste\u015bmy wiod\u0105cym producentem i hurtownikiem si\u0142ownik\u00f3w hydraulicznych na rynku krajowym i mi\u0119dzynarodowym, oferuj\u0105cym pe\u0142n\u0105 gam\u0119 produkt\u00f3w. Kierujemy si\u0119 zasad\u0105 wysokiej wydajno\u015bci, precyzji i jako\u015bci, aby sprosta\u0107 zr\u00f3\u017cnicowanym potrzebom klient\u00f3w. Nasza firma stale udoskonala platform\u0119 produkcyjn\u0105, doskonali proces produkcji i dysponuje silnym potencja\u0142em kreatywnym.<\/p>\n<ul>\n<li>\n<h3>Profesjonalizm<\/h3>\n<p>W naszej firmie pracuje zesp\u00f3\u0142 profesjonalist\u00f3w, kt\u00f3rzy maj\u0105 bogate do\u015bwiadczenie w bran\u017cy hydraulicznej, co pozwala im dostarcza\u0107 klientom wysokiej jako\u015bci produkty i us\u0142ugi. <\/p>\n<\/li>\n<li>\n<h3>Mi\u0119dzynarodowa Certyfikacja<\/h3>\n<p>Nasze produkty uzyska\u0142y mi\u0119dzynarodowe certyfikaty, gwarantuj\u0105ce ich wysok\u0105 jako\u015b\u0107 i niezawodno\u015b\u0107. <\/p>\n<\/li>\n<li>\n<h3>Us\u0142ugi personalizacji<\/h3>\n<p>Oferujemy us\u0142ugi dostosowywania do konkretnych potrzeb naszych klient\u00f3w. <\/p>\n<\/li>\n<li>\n<h3>Zaawansowany sprz\u0119t produkcyjny<\/h3>\n<p>Nasza firma wykorzystuje najnowocze\u015bniejszy sprz\u0119t i technologi\u0119 produkcji, aby zagwarantowa\u0107 precyzj\u0119 i jako\u015b\u0107 produkt\u00f3w. <\/p>\n<\/li>\n<li>\n<h3>Serwis posprzeda\u017cowy<\/h3>\n<p>Zapewniamy kompleksow\u0105 obs\u0142ug\u0119 posprzeda\u017cow\u0105, aby zagwarantowa\u0107 satysfakcj\u0119 naszych klient\u00f3w. <\/p>\n<\/li>\n<\/ul>\n<p><img decoding=\"async\" src=\"https:\/\/www.hydraulic-cylinders.net\/wp-content\/uploads\/2025\/01\/songte-company-3.webp\" alt=\"Obraz cylindra wiadra\"><\/p>\n<p>Autor: lyl<\/p>","protected":false},"excerpt":{"rendered":"<p>Bucket Cylinder For Pengpu SW210E Introduction The bucket cylinder is a type of hydraulic cylinder specifically designed for controlling the movement of buckets in heavy machinery such as excavators, backhoes, and front loaders. Its main function is to enable the bucket to lift, lower, and tilt for various material handling tasks. In hydraulic systems, the [&hellip;]<\/p>","protected":false},"featured_media":14780,"comment_status":"open","ping_status":"closed","template":"","meta":{"_et_pb_use_builder":"","_et_pb_old_content":"","_et_gb_content_width":""},"product_brand":[],"product_cat":[1494],"product_tag":[1495,1496],"class_list":{"0":"post-15813","1":"product","2":"type-product","3":"status-publish","4":"has-post-thumbnail","6":"product_cat-bucket-cylinders","7":"product_tag-bucket-cylinders","8":"product_tag-hydraulic-cylinders","10":"first","11":"instock","12":"shipping-taxable","13":"product-type-simple"},"amp_enabled":true,"_links":{"self":[{"href":"https:\/\/www.hydraulic-cylinders.net\/pl\/wp-json\/wp\/v2\/product\/15813","targetHints":{"allow":["GET"]}}],"collection":[{"href":"https:\/\/www.hydraulic-cylinders.net\/pl\/wp-json\/wp\/v2\/product"}],"about":[{"href":"https:\/\/www.hydraulic-cylinders.net\/pl\/wp-json\/wp\/v2\/types\/product"}],"replies":[{"embeddable":true,"href":"https:\/\/www.hydraulic-cylinders.net\/pl\/wp-json\/wp\/v2\/comments?post=15813"}],"wp:featuredmedia":[{"embeddable":true,"href":"https:\/\/www.hydraulic-cylinders.net\/pl\/wp-json\/wp\/v2\/media\/14780"}],"wp:attachment":[{"href":"https:\/\/www.hydraulic-cylinders.net\/pl\/wp-json\/wp\/v2\/media?parent=15813"}],"wp:term":[{"taxonomy":"product_brand","embeddable":true,"href":"https:\/\/www.hydraulic-cylinders.net\/pl\/wp-json\/wp\/v2\/product_brand?post=15813"},{"taxonomy":"product_cat","embeddable":true,"href":"https:\/\/www.hydraulic-cylinders.net\/pl\/wp-json\/wp\/v2\/product_cat?post=15813"},{"taxonomy":"product_tag","embeddable":true,"href":"https:\/\/www.hydraulic-cylinders.net\/pl\/wp-json\/wp\/v2\/product_tag?post=15813"}],"curies":[{"name":"wp","href":"https:\/\/api.w.org\/{rel}","templated":true}]}}