{"id":15823,"date":"2025-01-19T15:02:07","date_gmt":"2025-01-19T15:02:07","guid":{"rendered":"https:\/\/www.hydraulic-cylinders.net\/product\/bucket-cylinder-for-pushhm-pz330-8\/"},"modified":"2025-01-19T15:02:09","modified_gmt":"2025-01-19T15:02:09","slug":"bucket-cylinder-for-pushhm-pz330-8","status":"publish","type":"product","link":"https:\/\/www.hydraulic-cylinders.net\/pl\/produkt\/bucket-cylinder-for-pushhm-pz330-8\/","title":{"rendered":"Si\u0142ownik \u0142y\u017cki do pchacza PZ330-8"},"content":{"rendered":"<h1>Si\u0142ownik \u0142y\u017cki do pchacza PZ330-8<\/h1>\n<h2>Wst\u0119p<\/h2>\n<p>The bucket cylinder for Pushhm PZ330-8 is a specially designed hydraulic cylinder used to control the movement of the bucket in heavy machinery like excavators, backhoe excavators, and front-end loaders. Its main function is to allow the bucket to lift, lower, and tilt for easier material handling tasks. In hydraulic systems, the bucket cylinder precisely controls the bucket&#8217;s movement using changes in hydraulic oil pressure, allowing operators to efficiently handle heavy loads while adapting to complex work environments and diverse operational needs.<\/p>\n<p><img decoding=\"async\" src=\"https:\/\/www.hydraulic-cylinders.net\/wp-content\/uploads\/2025\/01\/songte-company-2.webp\"><\/p>\n<h2>Cechy<\/h2>\n<ul>\n<li>Wysoka wytrzyma\u0142o\u015b\u0107 i trwa\u0142o\u015b\u0107: Cylinder \u0142y\u017cki, zazwyczaj wykonany z wytrzyma\u0142ej stali lub aluminium, wytrzymuje wysokie ci\u015bnienie i du\u017ce obci\u0105\u017cenia, jest przystosowany do trudnych warunk\u00f3w pracy. Zosta\u0142 zaprojektowany z my\u015bl\u0105 o odporno\u015bci na zu\u017cycie i korozj\u0119, co wyd\u0142u\u017ca jego \u017cywotno\u015b\u0107.<\/li>\n<li>Wydajne dzia\u0142anie uk\u0142adu hydraulicznego: Dzi\u0119ki wykorzystaniu ci\u015bnienia oleju hydraulicznego do uzyskania p\u0142ynnego rozci\u0105gania i kurczenia, si\u0142ownik mo\u017ce szybko reagowa\u0107 na polecenia steruj\u0105ce, zapewnia\u0107 du\u017ce si\u0142y pchania i ci\u0105gni\u0119cia oraz by\u0107 odpowiedni do obs\u0142ugi du\u017cych obci\u0105\u017ce\u0144 i skomplikowanych zada\u0144.<\/li>\n<li>Wiele typ\u00f3w: Si\u0142owniki jednostronnego dzia\u0142ania (p\u0142yn hydrauliczny dzia\u0142a tylko w jednym kierunku) lub dwustronnego dzia\u0142ania (p\u0142yn hydrauliczny dzia\u0142a w obu kierunkach) mo\u017cna dobra\u0107 w zale\u017cno\u015bci od potrzeb operacyjnych. Niekt\u00f3re modele s\u0105 teleskopowe, co pozwala na wi\u0119ksze wysuni\u0119cie bez zwi\u0119kszania wymiar\u00f3w zewn\u0119trznych, i nadaje si\u0119 do zastosowa\u0144 w ograniczonej przestrzeni.<\/li>\n<li>\u0141atwa wymiana innych cylindr\u00f3w hydraulicznych: Nasz produkt jest kompatybilny z innymi cylindrami hydraulicznymi i mo\u017ce je doskonale zast\u0105pi\u0107.<\/li>\n<li>Mo\u017cliwo\u015b\u0107 dostosowania: Dost\u0119pne w r\u00f3\u017cnych rozmiarach i mog\u0105 by\u0107 dostosowywane do konkretnych potrzeb operacyjnych.<\/li>\n<\/ul>\n<p><img decoding=\"async\" src=\"https:\/\/www.hydraulic-cylinders.net\/wp-content\/uploads\/2025\/01\/songte-cylinder-head-with-all-kinds-excavator-models.webp\"><\/p>\n<h2>Aplikacje<\/h2>\n<p>Si\u0142ownik czerpakowy ma szerokie zastosowanie w r\u00f3\u017cnych ga\u0142\u0119ziach przemys\u0142u, np. w sprz\u0119cie budowlanym, maszynach rolniczych, koparkach i \u0142adowarkach czo\u0142owych. <\/p>\n<h3>Sprz\u0119t budowlany<\/h3>\n<p>Sprz\u0119t budowlany, taki jak koparki i koparko-\u0142adowarki, wykorzystuje si\u0142owniki \u0142y\u017cki do kopania, za\u0142adunku i przemieszczania gleby lub gruzu. W koparko-\u0142adowarkach si\u0142ownik \u0142y\u017cki wspomaga kopanie i podnoszenie. <\/p>\n<h3>Maszyny rolnicze<\/h3>\n<p>W maszynach rolniczych cylindry \u0142y\u017cki s\u0105 stosowane w \u0142adowarkach czo\u0142owych do podnoszenia, podnoszenia i transportu gleby, siana i innych materia\u0142\u00f3w. <\/p>\n<h3>Koparki<\/h3>\n<p>Cylindry \u0142y\u017cki w koparkach umo\u017cliwiaj\u0105 \u0142y\u017cce zag\u0142\u0119bianie si\u0119 w gleb\u0119 podczas kopania.<\/p>\n<h3>\u0141adowarki czo\u0142owe<\/h3>\n<p>W \u0142adowarkach czo\u0142owych si\u0142ownik \u0142y\u017cki pomaga w podnoszeniu i przechylaniu, aby skutecznie roz\u0142adowa\u0107 materia\u0142.<\/p>\n<p><img decoding=\"async\" src=\"https:\/\/www.hydraulic-cylinders.net\/wp-content\/uploads\/2025\/01\/songte-bushings-with-all-kinds-of-excavator-models.webp\"><\/p>\n<h2>Standardy projektowania i wyboru<\/h2>\n<ul>\n<li>No\u015bno\u015b\u0107: Cylinder czerpakowy zaprojektowano tak, aby wytrzymywa\u0142 wysokie ci\u015bnienie i du\u017ce obci\u0105\u017cenia, co gwarantuje jego bezpieczn\u0105 prac\u0119.<\/li>\n<li>Uszczelnienie: W cylindrze zastosowano r\u00f3\u017cnorodne elementy uszczelniaj\u0105ce, takie jak uszczelki t\u0142okowe i uszczelki t\u0142oczyskowe wykonane z odpornego na zu\u017cycie poliuretanu lub gumy nitrylowej, co poprawia jego w\u0142a\u015bciwo\u015bci uszczelniaj\u0105ce.<\/li>\n<li>Durability: The cylinder&#8217;s surface undergoes fine processing to enhance its wear resistance, extend its service life, and reduce the frequency of maintenance.<\/li>\n<li>Bezpiecze\u0144stwo: Cylinder zaprojektowano tak, aby spe\u0142nia\u0142 normy bezpiecze\u0144stwa. Posiada on takie zabezpieczenia, jak ko\u0142nierze amortyzuj\u0105ce, kt\u00f3re zapobiegaj\u0105 przypadkowym uderzeniom.<\/li>\n<li>\u0141atwo\u015b\u0107 konserwacji: Cylinder zaprojektowano w spos\u00f3b umo\u017cliwiaj\u0105cy \u0142atwy demonta\u017c, napraw\u0119 i konserwacj\u0119, co pozwala na szybkie wykrywanie i rozwi\u0105zywanie usterek.<\/li>\n<\/ul>\n<p><img decoding=\"async\" src=\"https:\/\/www.hydraulic-cylinders.net\/wp-content\/uploads\/2025\/01\/songte-oil-pipes-and-spare-parts.webp\"><\/p>\n<h2>Uszczelnianie i smarowanie<\/h2>\n<p>The cylinder uses a variety of sealing components like piston seals and rod seals made of wear-resistant polyurethane or nitrile rubber to improve its sealing performance. The cylinder&#8217;s surface undergoes fine processing to enhance its wear resistance, extend its service life, and reduce the frequency of maintenance. Regularly apply an appropriate amount of hydraulic oil for lubrication.<\/p>\n<h2>Konserwacja i naprawa<\/h2>\n<p>Regularne przegl\u0105dy, odpowiednie smarowanie, wymiana uszczelnie\u0144, kontrola kalibracji i inne czynno\u015bci konserwacyjne s\u0105 niezb\u0119dne dla wyd\u0142u\u017cenia \u017cywotno\u015bci cylindra. Podczas monta\u017cu nale\u017cy prawid\u0142owo ustawi\u0107 cylinder i u\u017cy\u0107 odpowiednich uchwyt\u00f3w monta\u017cowych, aby go zamocowa\u0107. Przedstawiono r\u00f3wnie\u017c zalecane procedury kontroli, naprawy i wymiany.<\/p>\n<p><img decoding=\"async\" src=\"https:\/\/www.hydraulic-cylinders.net\/wp-content\/uploads\/2025\/01\/songte-chushion-collar.webp\"><\/p>\n<h2>Bezpiecze\u0144stwo i \u015brodowisko<\/h2>\n<p>Podczas u\u017cytkowania cylindra wiadrowego nale\u017cy bezwzgl\u0119dnie przestrzega\u0107 \u015brodk\u00f3w bezpiecze\u0144stwa, takich jak noszenie odzie\u017cy ochronnej, przestrzeganie instrukcji obs\u0142ugi oraz regularne przeprowadzanie konserwacji i przegl\u0105d\u00f3w, aby zapewni\u0107 bezpieczn\u0105 prac\u0119. Ponadto, cylinder zosta\u0142 zaprojektowany z my\u015bl\u0105 o ochronie \u015brodowiska, wykorzystuj\u0105c materia\u0142y nadaj\u0105ce si\u0119 do recyklingu i redukuj\u0105ce emisj\u0119 dwutlenku w\u0119gla podczas produkcji.<\/p>\n<h2>Rozwi\u0105zywanie problem\u00f3w i typowe problemy<\/h2>\n<ul>\n<li>Nieszczelno\u015b\u0107 uszczelnienia: Mo\u017ce by\u0107 spowodowana uszkodzeniem pier\u015bcienia uszczelniaj\u0105cego lub s\u0142abym uszczelnieniem. Nale\u017cy wymieni\u0107 pier\u015bcie\u0144 uszczelniaj\u0105cy na czas lub naprawi\u0107 uszczelnienie.<\/li>\n<li>Wyciek oleju: Mo\u017ce by\u0107 spowodowany uszkodzeniem t\u0142oczyska lub cylindra. Nale\u017cy wymieni\u0107 uszkodzon\u0105 cz\u0119\u015b\u0107 lub naprawi\u0107 uszczelk\u0119 olejow\u0105 na czas.<\/li>\n<li>Nietypowy ha\u0142as: Mo\u017ce by\u0107 spowodowany uszkodzeniem ko\u0142nierza amortyzatora lub nieprawid\u0142owym monta\u017cem. Wymie\u0144 ko\u0142nierz amortyzatora lub ponownie zamontuj cylinder.<\/li>\n<\/ul>\n<p>Regularne kontrole i konserwacja mog\u0105 zapobiec tego typu problemom i zapewni\u0107 p\u0142ynn\u0105 prac\u0119 cylindra.<\/p>\n<p><img decoding=\"async\" src=\"https:\/\/hzpt.com\/wp-content\/uploads\/2024\/11\/songte-company-1.webp\"><\/p>\n<h2>O naszej firmie<\/h2>\n<p>We are a hydraulic cylinder manufacturer specializing in producing replacement hydraulic cylinders. Our products are available in various types and are one of the leading manufacturers and wholesale distributors of hydraulic cylinders in the domestic and international markets. We adhere to the principle of excellent quality, relying on industrial production management strategies that rely on fine manufacturing workshops, technical personnel, digital high-end manufacturing equipment, and professional testing systems to continually improve our manufacturing platform and improve our production quality lines. We have strong creativity with high efficiency, high precision, and high-quality principles that fully satisfy our customers&#8217; diverse needs.<\/p>\n<h3>Profesjonalizm<\/h3>\n<p>Nasza firma zatrudnia zesp\u00f3\u0142 specjalist\u00f3w, kt\u00f3rzy potrafi\u0105 dostosowa\u0107 cylindry hydrauliczne do r\u00f3\u017cnych potrzeb. Oferujemy r\u00f3wnie\u017c us\u0142ugi konsultacyjne klientom potrzebuj\u0105cym fachowej porady.<\/p>\n<h3>Mi\u0119dzynarodowa Certyfikacja<\/h3>\n<p>Nasze produkty posiadaj\u0105 certyfikaty mi\u0119dzynarodowych instytucji, kt\u00f3re gwarantuj\u0105 spe\u0142nienie norm jako\u015bciowych i wymog\u00f3w bezpiecze\u0144stwa. <\/p>\n<h3>Us\u0142ugi personalizacji<\/h3>\n<p>We offer custom design, testing, production, and other services to meet customers&#8217; unique needs.<\/p>\n<h3>Sprz\u0119t produkcyjny<\/h3>\n<p>U\u017cywamy najwy\u017cszej klasy sprz\u0119tu produkcyjnego, aby zagwarantowa\u0107 precyzj\u0119 i jako\u015b\u0107 naszych produkt\u00f3w.<\/p>\n<h3>Serwis posprzeda\u017cowy<\/h3>\n<p>Zapewniamy obs\u0142ug\u0119 posprzeda\u017cow\u0105, aby zagwarantowa\u0107 zadowolenie klienta i rozwi\u0105za\u0107 wszelkie problemy, kt\u00f3re mog\u0105 pojawi\u0107 si\u0119 po zakupie.<\/p>\n<p><img decoding=\"async\" src=\"https:\/\/www.hydraulic-cylinders.net\/wp-content\/uploads\/2025\/01\/songte-company-3.webp\"><\/p>\n<p>Autor: lyl<\/p>","protected":false},"excerpt":{"rendered":"<p>Bucket Cylinder For Pushhm PZ330-8 Introduction The bucket cylinder for Pushhm PZ330-8 is a specially designed hydraulic cylinder used to control the movement of the bucket in heavy machinery like excavators, backhoe excavators, and front-end loaders. Its main function is to allow the bucket to lift, lower, and tilt for easier material handling tasks. In [&hellip;]<\/p>","protected":false},"featured_media":14788,"comment_status":"open","ping_status":"closed","template":"","meta":{"_et_pb_use_builder":"","_et_pb_old_content":"","_et_gb_content_width":""},"product_brand":[],"product_cat":[1494],"product_tag":[1495,1496],"class_list":{"0":"post-15823","1":"product","2":"type-product","3":"status-publish","4":"has-post-thumbnail","6":"product_cat-bucket-cylinders","7":"product_tag-bucket-cylinders","8":"product_tag-hydraulic-cylinders","10":"first","11":"instock","12":"shipping-taxable","13":"product-type-simple"},"amp_enabled":true,"_links":{"self":[{"href":"https:\/\/www.hydraulic-cylinders.net\/pl\/wp-json\/wp\/v2\/product\/15823","targetHints":{"allow":["GET"]}}],"collection":[{"href":"https:\/\/www.hydraulic-cylinders.net\/pl\/wp-json\/wp\/v2\/product"}],"about":[{"href":"https:\/\/www.hydraulic-cylinders.net\/pl\/wp-json\/wp\/v2\/types\/product"}],"replies":[{"embeddable":true,"href":"https:\/\/www.hydraulic-cylinders.net\/pl\/wp-json\/wp\/v2\/comments?post=15823"}],"wp:featuredmedia":[{"embeddable":true,"href":"https:\/\/www.hydraulic-cylinders.net\/pl\/wp-json\/wp\/v2\/media\/14788"}],"wp:attachment":[{"href":"https:\/\/www.hydraulic-cylinders.net\/pl\/wp-json\/wp\/v2\/media?parent=15823"}],"wp:term":[{"taxonomy":"product_brand","embeddable":true,"href":"https:\/\/www.hydraulic-cylinders.net\/pl\/wp-json\/wp\/v2\/product_brand?post=15823"},{"taxonomy":"product_cat","embeddable":true,"href":"https:\/\/www.hydraulic-cylinders.net\/pl\/wp-json\/wp\/v2\/product_cat?post=15823"},{"taxonomy":"product_tag","embeddable":true,"href":"https:\/\/www.hydraulic-cylinders.net\/pl\/wp-json\/wp\/v2\/product_tag?post=15823"}],"curies":[{"name":"wp","href":"https:\/\/api.w.org\/{rel}","templated":true}]}}