{"id":15833,"date":"2025-01-19T15:02:51","date_gmt":"2025-01-19T15:02:51","guid":{"rendered":"https:\/\/www.hydraulic-cylinders.net\/product\/bucket-cylinder-for-yanmar-vi030-6b\/"},"modified":"2025-01-19T15:02:57","modified_gmt":"2025-01-19T15:02:57","slug":"bucket-cylinder-for-yanmar-vi030-6b","status":"publish","type":"product","link":"https:\/\/www.hydraulic-cylinders.net\/pl\/produkt\/bucket-cylinder-for-yanmar-vi030-6b\/","title":{"rendered":"Si\u0142ownik \u0142y\u017cki do Yanmar VI030-6B"},"content":{"rendered":"<h1>Si\u0142ownik \u0142y\u017cki do Yanmar VI030-6B<\/h1>\n<h2>Wst\u0119p<\/h2>\n<p>Si\u0142ownik \u0142y\u017cki to specjalnie zaprojektowany si\u0142ownik hydrauliczny, u\u017cywany g\u0142\u00f3wnie do sterowania ruchem \u0142y\u017cki w ci\u0119\u017ckich maszynach, takich jak koparki, koparko-\u0142adowarki i \u0142adowarki czo\u0142owe. Jego g\u0142\u00f3wn\u0105 funkcj\u0105 jest podnoszenie, opuszczanie i przechylanie \u0142y\u017cki, u\u0142atwiaj\u0105c r\u00f3\u017cnorodne zadania zwi\u0105zane z prze\u0142adunkiem materia\u0142\u00f3w. W uk\u0142adzie hydraulicznym si\u0142ownik \u0142y\u017cki steruje precyzyjnym ruchem \u0142y\u017cki poprzez zmiany ci\u015bnienia oleju hydraulicznego, umo\u017cliwiaj\u0105c operatorom wydajne przenoszenie ci\u0119\u017ckich przedmiot\u00f3w i dostosowywanie si\u0119 do z\u0142o\u017conych warunk\u00f3w pracy oraz zr\u00f3\u017cnicowanych wymaga\u0144 operacyjnych.<\/p>\n<p><img decoding=\"async\" src=\"https:\/\/www.hydraulic-cylinders.net\/wp-content\/uploads\/2025\/01\/songte-company-2.webp\" \/><\/p>\n<h2>Cechy<\/h2>\n<ul>\n<li>Wysoka wytrzyma\u0142o\u015b\u0107 i trwa\u0142o\u015b\u0107: Zazwyczaj wykonane z wytrzyma\u0142ej stali lub aluminium, wytrzymuj\u0105 du\u017ce ci\u015bnienie i du\u017ce obci\u0105\u017cenia, s\u0105 przystosowane do trudnych warunk\u00f3w pracy, a ich konstrukcja jest odporna na zu\u017cycie i korozj\u0119, co zapewnia d\u0142u\u017csz\u0105 \u017cywotno\u015b\u0107.<\/li>\n<li>Wydajne dzia\u0142anie uk\u0142adu hydraulicznego: p\u0142ynne ruchy wysuwania i wsuwania uzyskane dzi\u0119ki ci\u015bnieniu oleju hydraulicznego, szybka reakcja na polecenia operacyjne oraz du\u017ce si\u0142y pchania i ci\u0105gni\u0119cia, przydatne przy obs\u0142udze ci\u0119\u017ckich \u0142adunk\u00f3w i skomplikowanych zadaniach operacyjnych.<\/li>\n<li>R\u00f3\u017cnorodne typy: Si\u0142owniki jednostronnego dzia\u0142ania (hydrauliczne dzia\u0142aj\u0105ce tylko w jednym kierunku) lub dwustronnego dzia\u0142ania (hydrauliczne dzia\u0142aj\u0105ce w obu kierunkach) mo\u017cna dobra\u0107 w zale\u017cno\u015bci od wymaga\u0144 operacyjnych. Niekt\u00f3re modele s\u0105 teleskopowe, co pozwala na wi\u0119ksze wysuni\u0119cie bez zwi\u0119kszania wymiar\u00f3w zewn\u0119trznych, i nadaje si\u0119 do zastosowa\u0144 w ograniczonej przestrzeni.<\/li>\n<li>Bezpo\u015brednia wymiana: Nasze produkty doskonale zast\u0119puj\u0105 te si\u0142owniki hydrauliczne.<\/li>\n<\/ul>\n<p><img decoding=\"async\" src=\"https:\/\/www.hydraulic-cylinders.net\/wp-content\/uploads\/2025\/01\/songte-cylinder-head-with-all-kinds-excavator-models.webp\" \/><\/p>\n<h2>Aplikacje<\/h2>\n<p>Cylinder czerpakowy jest powszechnie stosowany w r\u00f3\u017cnych maszynach ci\u0119\u017ckich, w tym:<\/p>\n<h3>Sprz\u0119t budowlany<\/h3>\n<ul>\n<li>Koparki: Cylindry \u0142y\u017cki umo\u017cliwiaj\u0105 kopanie poprzez umo\u017cliwienie \u0142y\u017cce wnikania w gleb\u0119.<\/li>\n<li>Koparki g\u0105sienicowe: Cylinder \u0142y\u017cki przydaje si\u0119 zar\u00f3wno do kopania, jak i podnoszenia.<\/li>\n<li>\u0141adowarka: W \u0142adowarkach czo\u0142owych s\u0142u\u017c\u0105 do wydajnego podnoszenia i roz\u0142adowywania \u0142adunk\u00f3w.<\/li>\n<\/ul>\n<h3>Maszyny rolnicze<\/h3>\n<ul>\n<li>\u0141adowarki czo\u0142owe: s\u0142u\u017c\u0105 do nabierania, podnoszenia i transportu ziemi, siana i innych materia\u0142\u00f3w.<\/li>\n<\/ul>\n<p>Poni\u017cej szczeg\u00f3\u0142owo opisano ka\u017cd\u0105 aplikacj\u0119:<\/p>\n<h3>Sprz\u0119t budowlany<\/h3>\n<p><strong>Koparki:<\/strong> Si\u0142owniki \u0142y\u017cki umo\u017cliwiaj\u0105 koparkom kopanie i przemieszczanie gleby lub gruzu. Si\u0142ownik \u0142y\u017cki jest zazwyczaj zamontowany na wysi\u0119gniku i steruje ruchem \u0142y\u017cki.<\/p>\n<p><strong>Koparki koparkowe:<\/strong> Si\u0142ownik \u0142y\u017cki u\u0142atwia kopanie i podnoszenie. Jest on zamontowany na wysi\u0119gniku i steruje ruchem \u0142y\u017cki.<\/p>\n<p><strong>\u0141adowarka:<\/strong> W \u0142adowarkach czo\u0142owych si\u0142owniki \u0142y\u017cki wspomagaj\u0105 efektywne podnoszenie i wysypywanie \u0142adunku. Si\u0142owniki s\u0105 zamontowane na ramieniu \u0142adowarki i steruj\u0105 ruchem \u0142y\u017cki.<\/p>\n<h3>Maszyny rolnicze<\/h3>\n<p><strong>\u0141adowarki czo\u0142owe:<\/strong> Si\u0142owniki \u0142y\u017cki s\u0142u\u017c\u0105 do nabierania, podnoszenia i transportu ziemi, siana i innych materia\u0142\u00f3w. S\u0105 one montowane na ramieniu \u0142adowarki i steruj\u0105 ruchem \u0142y\u017cki.<\/p>\n<h2>Rozwa\u017cania projektowe i standardy wyboru<\/h2>\n<p>Przy projektowaniu cylindra czerpakowego nale\u017cy wzi\u0105\u0107 pod uwag\u0119 nast\u0119puj\u0105ce kluczowe kwestie:<\/p>\n<ul>\n<li>No\u015bno\u015b\u0107<\/li>\n<li>Wydajno\u015b\u0107 uszczelnienia<\/li>\n<li>Trwa\u0142o\u015b\u0107<\/li>\n<li>Bezpiecze\u0144stwo<\/li>\n<li>Utrzymywalno\u015b\u0107<\/li>\n<\/ul>\n<p><img decoding=\"async\" src=\"https:\/\/www.hydraulic-cylinders.net\/wp-content\/uploads\/2025\/01\/songte-oil-pipes-and-spare-parts.webp\" \/><\/p>\n<p>Standardy selekcji s\u0105 nast\u0119puj\u0105ce:<\/p>\n<ul>\n<li>\u015arednica otworu<\/li>\n<li>D\u0142ugo\u015b\u0107 skoku<\/li>\n<li>Ci\u015bnienie robocze<\/li>\n<li>Typ monta\u017cu<\/li>\n<li>Amortyzacja<\/li>\n<\/ul>\n<p>No\u015bno\u015b\u0107 cylindra odnosi si\u0119 do maksymalnej si\u0142y, jak\u0105 mo\u017ce on wytrzyma\u0107 bez odkszta\u0142cenia lub uszkodzenia. Kluczowe znaczenie ma szczelno\u015b\u0107. Cylinder musi utrzymywa\u0107 stabilne ci\u015bnienie hydrauliczne, umo\u017cliwiaj\u0105c jednocze\u015bnie p\u0142ynny i szybki ruch.<\/p>\n<p>Cylinder musi by\u0107 r\u00f3wnie\u017c trwa\u0142y, odporny na napr\u0119\u017cenia, korozj\u0119, zu\u017cycie i zm\u0119czenie materia\u0142u przez d\u0142u\u017cszy czas. Bezpiecze\u0144stwo jest wa\u017cnym czynnikiem, kt\u00f3ry gwarantuje, \u017ce cylinder nie stanie si\u0119 niebezpieczny ani nie spowoduje szk\u00f3d dla operatora lub otoczenia. Wreszcie, wa\u017cna jest \u0142atwo\u015b\u0107 konserwacji, kt\u00f3ra gwarantuje, \u017ce cylinder mo\u017cna \u0142atwo i szybko zdemontowa\u0107, naprawi\u0107 i konserwowa\u0107.<\/p>\n<h2>Uszczelnianie i smarowanie<\/h2>\n<p>W cylindrze czerpakowym zastosowano r\u00f3\u017cnorodne elementy uszczelniaj\u0105ce, takie jak uszczelnienia t\u0142oka i t\u0142oczyska, wykonane z materia\u0142\u00f3w odpornych na zu\u017cycie, takich jak poliuretan i kauczuk nitrylowy. Korpus cylindra i gwintowane powierzchnie ko\u0144cowe s\u0105 precyzyjnie obrobione w celu zwi\u0119kszenia odporno\u015bci na zu\u017cycie. Regularne uzupe\u0142nianie odpowiedniej ilo\u015bci oleju hydraulicznego jest niezb\u0119dne do utrzymania prawid\u0142owego smarowania.<\/p>\n<h2>Konserwacja i naprawa<\/h2>\n<p>Regularna konserwacja i naprawy s\u0105 kluczowe dla zapewnienia prawid\u0142owego dzia\u0142ania si\u0142ownika czerpakowego. Typowe czynno\u015bci konserwacyjne obejmuj\u0105 regularne przegl\u0105dy, odpowiednie smarowanie, wymian\u0119 uszczelnie\u0144 i kontrole kalibracji. Prawid\u0142owy monta\u017c, smarowanie i regulacja s\u0105 niezb\u0119dne dla zapewnienia d\u0142ugowieczno\u015bci si\u0142ownika. Podczas monta\u017cu nale\u017cy zapewni\u0107 prawid\u0142owe ustawienie i u\u017cycie odpowiednich wspornik\u00f3w monta\u017cowych. Zalecane procedury kontroli, naprawy i wymiany, a tak\u017ce wymiana cz\u0119\u015bci i us\u0142ugi regeneracji, s\u0105 niezb\u0119dne dla wyd\u0142u\u017cenia \u017cywotno\u015bci si\u0142ownika.<\/p>\n<p><img decoding=\"async\" src=\"https:\/\/www.hydraulic-cylinders.net\/wp-content\/uploads\/2025\/01\/songte-chushion-collar.webp\" \/><\/p>\n<h2>Bezpiecze\u0144stwo i wzgl\u0119dy \u015brodowiskowe<\/h2>\n<p>Podczas u\u017cytkowania cylindra czerpakowego nale\u017cy podj\u0105\u0107 \u015brodki bezpiecze\u0144stwa, aby zapewni\u0107 bezpieczne i efektywne u\u017cytkowanie sprz\u0119tu. Cylinder nale\u017cy u\u017cywa\u0107 wy\u0142\u0105cznie w ramach okre\u015blonego zakresu ud\u017awigu i przestrzega\u0107 wszystkich instrukcji bezpiecze\u0144stwa. Prawid\u0142owa utylizacja p\u0142ynu hydraulicznego i innych materia\u0142\u00f3w jest niezb\u0119dna dla ochrony \u015brodowiska. Nale\u017cy zapobiega\u0107 wyciekom i rozlaniom oraz przestrzega\u0107 odpowiednich procedur czyszczenia.<\/p>\n<h2>Rozwi\u0105zywanie problem\u00f3w i typowe problemy<\/h2>\n<p>Do typowych problem\u00f3w z si\u0142ownikami kube\u0142kowymi nale\u017c\u0105 awarie uszczelnie\u0144, wycieki i uszkodzenia si\u0142ownik\u00f3w. Wskaz\u00f3wki i rozwi\u0105zania dotycz\u0105ce rozwi\u0105zywania problem\u00f3w s\u0105 kluczowe, aby pom\u00f3c czytelnikom w diagnozowaniu i skutecznym rozwi\u0105zywaniu problem\u00f3w. Nale\u017cy wdro\u017cy\u0107 \u015brodki zapobiegawcze, aby zminimalizowa\u0107 potencjalne problemy.<\/p>\n<p><img decoding=\"async\" src=\"https:\/\/www.hydraulic-cylinders.net\/wp-content\/uploads\/2025\/01\/songte-bushings-with-all-kinds-of-excavator-models.webp\" \/><\/p>\n<h2>O naszej firmie<\/h2>\n<p>Jeste\u015bmy producentem zamiennych cylindr\u00f3w hydraulicznych, oferuj\u0105cym pe\u0142n\u0105 gam\u0119 produkt\u00f3w i staj\u0105c si\u0119 jednym z wiod\u0105cych producent\u00f3w i hurtowych dystrybutor\u00f3w cylindr\u00f3w hydraulicznych na rynku krajowym i mi\u0119dzynarodowym. Kierujemy si\u0119 zasadami doskona\u0142o\u015bci i opieramy si\u0119 na zindustrializowanej strategii zarz\u0105dzania produkcj\u0105 w precyzyjnych warsztatach produkcyjnych. Firma stale udoskonala platform\u0119 produkcyjn\u0105 warsztatu, doskonali proces produkcji i posiada bogate mo\u017cliwo\u015bci produkcyjne, aby sprosta\u0107 zr\u00f3\u017cnicowanym potrzebom klient\u00f3w, zapewniaj\u0105c wysok\u0105 wydajno\u015b\u0107, precyzj\u0119 i przestrzegaj\u0105c rygorystycznych zasad jako\u015bci.<\/p>\n<p>Oferujemy wysoki poziom profesjonalizmu, mi\u0119dzynarodowe certyfikaty, us\u0142ugi dostosowane do indywidualnych potrzeb, sprz\u0119t produkcyjny oraz serwis posprzeda\u017cowy. Nasza firma posiada r\u00f3wnie\u017c kompleksowy system zapewnienia jako\u015bci, profesjonalny zesp\u00f3\u0142 techniczny, cyfrowy sprz\u0119t produkcyjny najwy\u017cszej klasy oraz dedykowany system kontroli.<\/p>\n<p><img decoding=\"async\" src=\"https:\/\/hzpt.com\/wp-content\/uploads\/2024\/11\/songte-company-1.webp\" \/><\/p>\n<p>Autor: lyl<\/p>","protected":false},"excerpt":{"rendered":"<p>Bucket Cylinder For Yanmar VI030-6B Introduction The bucket cylinder is a specially designed hydraulic cylinder used primarily to control the movement of the bucket in heavy machinery such as excavators, backhoe excavators, and front-end loaders. Its main function is to enable the bucket to lift, lower, and tilt, facilitating various material handling tasks. In the [&hellip;]<\/p>","protected":false},"featured_media":14769,"comment_status":"open","ping_status":"closed","template":"","meta":{"_et_pb_use_builder":"","_et_pb_old_content":"","_et_gb_content_width":""},"product_brand":[],"product_cat":[1494],"product_tag":[1495,1496],"class_list":{"0":"post-15833","1":"product","2":"type-product","3":"status-publish","4":"has-post-thumbnail","6":"product_cat-bucket-cylinders","7":"product_tag-bucket-cylinders","8":"product_tag-hydraulic-cylinders","10":"first","11":"instock","12":"shipping-taxable","13":"product-type-simple"},"amp_enabled":true,"_links":{"self":[{"href":"https:\/\/www.hydraulic-cylinders.net\/pl\/wp-json\/wp\/v2\/product\/15833","targetHints":{"allow":["GET"]}}],"collection":[{"href":"https:\/\/www.hydraulic-cylinders.net\/pl\/wp-json\/wp\/v2\/product"}],"about":[{"href":"https:\/\/www.hydraulic-cylinders.net\/pl\/wp-json\/wp\/v2\/types\/product"}],"replies":[{"embeddable":true,"href":"https:\/\/www.hydraulic-cylinders.net\/pl\/wp-json\/wp\/v2\/comments?post=15833"}],"wp:featuredmedia":[{"embeddable":true,"href":"https:\/\/www.hydraulic-cylinders.net\/pl\/wp-json\/wp\/v2\/media\/14769"}],"wp:attachment":[{"href":"https:\/\/www.hydraulic-cylinders.net\/pl\/wp-json\/wp\/v2\/media?parent=15833"}],"wp:term":[{"taxonomy":"product_brand","embeddable":true,"href":"https:\/\/www.hydraulic-cylinders.net\/pl\/wp-json\/wp\/v2\/product_brand?post=15833"},{"taxonomy":"product_cat","embeddable":true,"href":"https:\/\/www.hydraulic-cylinders.net\/pl\/wp-json\/wp\/v2\/product_cat?post=15833"},{"taxonomy":"product_tag","embeddable":true,"href":"https:\/\/www.hydraulic-cylinders.net\/pl\/wp-json\/wp\/v2\/product_tag?post=15833"}],"curies":[{"name":"wp","href":"https:\/\/api.w.org\/{rel}","templated":true}]}}