{"id":15834,"date":"2025-01-19T15:02:59","date_gmt":"2025-01-19T15:02:59","guid":{"rendered":"https:\/\/www.hydraulic-cylinders.net\/product\/bucket-cylinder-for-yanmar-vi35-6b\/"},"modified":"2025-01-19T15:03:01","modified_gmt":"2025-01-19T15:03:01","slug":"bucket-cylinder-for-yanmar-vi35-6b","status":"publish","type":"product","link":"https:\/\/www.hydraulic-cylinders.net\/pl\/produkt\/bucket-cylinder-for-yanmar-vi35-6b\/","title":{"rendered":"Si\u0142ownik \u0142y\u017cki do Yanmar VI35-6B"},"content":{"rendered":"<h1>Si\u0142ownik \u0142y\u017cki do Yanmar VI35-6B<\/h1>\n<h2>Wst\u0119p<\/h2>\n<p>Si\u0142ownik \u0142y\u017cki do Yanmar VI35-6B to specjalistyczny si\u0142ownik hydrauliczny, u\u017cywany g\u0142\u00f3wnie do sterowania ruchem \u0142y\u017cki w ci\u0119\u017ckich maszynach, takich jak koparki, koparko-\u0142adowarki i \u0142adowarki czo\u0142owe. Jego g\u0142\u00f3wn\u0105 funkcj\u0105 jest podnoszenie, opuszczanie i przechylanie \u0142y\u017cki, u\u0142atwiaj\u0105c wykonywanie r\u00f3\u017cnych zada\u0144 zwi\u0105zanych z prze\u0142adunkiem materia\u0142\u00f3w. W uk\u0142adzie hydraulicznym si\u0142ownik \u0142y\u017cki zapewnia precyzyjn\u0105 kontrol\u0119 ruchu \u0142y\u017cki poprzez zmiany ci\u015bnienia oleju hydraulicznego, umo\u017cliwiaj\u0105c operatorom wydajne przenoszenie ci\u0119\u017ckich przedmiot\u00f3w, dostosowuj\u0105c si\u0119 do z\u0142o\u017conych warunk\u00f3w pracy i zr\u00f3\u017cnicowanych potrzeb operacyjnych.<\/p>\n<p><img decoding=\"async\" src=\"https:\/\/www.hydraulic-cylinders.net\/wp-content\/uploads\/2025\/01\/songte-company-2.webp\" alt=\"Cylinder kube\u0142kowy\"><\/p>\n<h2>Cechy<\/h2>\n<ul>\n<li>\n<h3>Wysoka wytrzyma\u0142o\u015b\u0107 i trwa\u0142o\u015b\u0107<\/h3>\n<p>Zazwyczaj wykonany z wytrzyma\u0142ej stali lub aluminium, wytrzymuje du\u017ce ci\u015bnienie i obci\u0105\u017cenia, jest przystosowany do trudnych warunk\u00f3w pracy, a tak\u017ce jest zaprojektowany z my\u015bl\u0105 o odporno\u015bci na zu\u017cycie i korozj\u0119, co wyd\u0142u\u017ca jego \u017cywotno\u015b\u0107.<\/p>\n<\/li>\n<li>\n<h3>Wydajna praca hydrauliczna<\/h3>\n<p>Wykorzystuj\u0105c ci\u015bnienie oleju hydraulicznego do uzyskania p\u0142ynnego rozci\u0105gania i kurczenia, mo\u017ce szybko reagowa\u0107 na polecenia operacyjne, zapewniaj\u0105c du\u017c\u0105 si\u0142\u0119 pchania i ci\u0105gni\u0119cia, odpowiedni\u0105 do przenoszenia ci\u0119\u017ckich przedmiot\u00f3w i skomplikowanych zada\u0144 operacyjnych.<\/p>\n<\/li>\n<li>\n<h3>R\u00f3\u017cne typy<\/h3>\n<p>W zale\u017cno\u015bci od potrzeb operacyjnych mo\u017cna dobra\u0107 si\u0142owniki jednostronnego dzia\u0142ania (hydrauliczne tylko w jednym kierunku) lub dwustronnego dzia\u0142ania (hydrauliczne w dw\u00f3ch kierunkach). Niekt\u00f3re modele s\u0105 teleskopowe, co pozwala na wi\u0119ksze wysuni\u0119cie si\u0142ownika bez zwi\u0119kszania wymiar\u00f3w zewn\u0119trznych, co sprawdza si\u0119 w zastosowaniach o ograniczonej przestrzeni.<\/p>\n<\/li>\n<li>\n<h3>Idealny zamiennik<\/h3>\n<p>Nasz produkt jest idealnym zamiennikiem tych cylindr\u00f3w hydraulicznych i jeste\u015bmy w stanie produkowa\u0107 je wydajnie.<\/p>\n<\/li>\n<li>\n<h3>Zastosowanie<\/h3>\n<p>Si\u0142ownik \u0142y\u017cki jest powszechnie stosowany w r\u00f3\u017cnych maszynach, takich jak sprz\u0119t budowlany, sprz\u0119t rolniczy, koparki i \u0142adowarki. <\/p>\n<\/li>\n<\/ul>\n<h2>Aplikacje<\/h2>\n<h3>Sprz\u0119t budowlany<\/h3>\n<p>W koparkach si\u0142ownik \u0142y\u017cki jest niezb\u0119dny do kopania, za\u0142adunku i przemieszczania gleby lub gruzu. W koparko-\u0142adowarkach si\u0142ownik \u0142y\u017cki u\u0142atwia kopanie i podnoszenie. W \u0142adowarkach czo\u0142owych u\u0142atwia efektywne podnoszenie i przechylanie \u0142adunk\u00f3w.<\/p>\n<h3>Maszyny rolnicze<\/h3>\n<p>Cylinder \u0142y\u017cki stosowany jest w \u0142adowarkach czo\u0142owych; s\u0142u\u017cy do nabierania, podnoszenia i transportu gleby, siana i innych materia\u0142\u00f3w.<\/p>\n<h3>Koparki<\/h3>\n<p>Cylinder \u0142y\u017cki umo\u017cliwia zag\u0142\u0119bianie si\u0119 \u0142y\u017cki w gleb\u0119 i wykonywanie prac wykopaliskowych.<\/p>\n<h3>\u0141adowarki<\/h3>\n<p>W \u0142adowarkach czo\u0142owych si\u0142ownik \u0142y\u017cki pomaga w efektywnym podnoszeniu i przechylaniu \u0142adunk\u00f3w.<\/p>\n<h2>Zagadnienia projektowe i kryteria wyboru<\/h2>\n<ul>\n<li>\n<h3>No\u015bno\u015b\u0107<\/h3>\n<p>Si\u0142ownik czerpakowy powinien wytrzymywa\u0107 wysokie ci\u015bnienie i du\u017ce obci\u0105\u017cenia, co zapewni jego p\u0142ynn\u0105 i bezpieczn\u0105 prac\u0119.<\/p>\n<\/li>\n<li>\n<h3>W\u0142a\u015bciwo\u015bci uszczelniaj\u0105ce<\/h3>\n<p>Cylinder czerpaka musi mie\u0107 doskona\u0142e w\u0142a\u015bciwo\u015bci uszczelniaj\u0105ce, aby zapobiec wyciekom oleju i zagwarantowa\u0107 jego prawid\u0142owe dzia\u0142anie.<\/p>\n<\/li>\n<li>\n<h3>Trwa\u0142o\u015b\u0107<\/h3>\n<p>Cylinder \u0142y\u017cki powinien by\u0107 trwa\u0142y i odporny na zu\u017cycie i korozj\u0119, co zapewni jego d\u0142ug\u0105 \u017cywotno\u015b\u0107.<\/p>\n<\/li>\n<li>\n<h3>Funkcje bezpiecze\u0144stwa<\/h3>\n<p>Si\u0142ownik \u0142y\u017cki powinien by\u0107 wyposa\u017cony w zabezpieczenia gwarantuj\u0105ce bezpiecze\u0144stwo operatora i sprz\u0119tu.<\/p>\n<\/li>\n<li>\n<h3>Konserwacja<\/h3>\n<p>Cylinder czerpakowy powinien by\u0107 \u0142atwy w konserwacji, z prostymi procedurami demonta\u017cu i monta\u017cu oraz \u0142atwym dost\u0119pem do cz\u0119\u015bci zamiennych.<\/p>\n<\/li>\n<\/ul>\n<p><img decoding=\"async\" src=\"https:\/\/www.hydraulic-cylinders.net\/wp-content\/uploads\/2025\/01\/songte-oil-pipes-and-spare-parts.webp\" alt=\"Cz\u0119\u015bci zamienne do cylindra \u0142y\u017cki\"><\/p>\n<h2>Uszczelnianie i smarowanie<\/h2>\n<p>W cylindrze kube\u0142kowym zastosowano r\u00f3\u017cnorodne elementy uszczelniaj\u0105ce, takie jak uszczelnienia t\u0142oka i t\u0142oczyska, wykonane z materia\u0142\u00f3w odpornych na zu\u017cycie, takich jak poliuretan i kauczuk nitrylowy. Korpus cylindra i gwintowane powierzchnie ko\u0144cowe s\u0105 precyzyjnie obrobione, aby zwi\u0119kszy\u0107 odporno\u015b\u0107 na zu\u017cycie. Regularne smarowanie jest r\u00f3wnie\u017c wymagane dla zapewnienia prawid\u0142owej pracy cylindra.<\/p>\n<h2>Konserwacja i naprawa<\/h2>\n<p>Cylinder czerpakowy wymaga regularnej kontroli i konserwacji zapobiegawczej, kt\u00f3ra obejmuje:<\/p>\n<ul>\n<li>Regularne kontrole pod k\u0105tem wyciek\u00f3w lub uszkodze\u0144 korpusu cylindra lub t\u0142oczyska<\/li>\n<li>Prawid\u0142owe smarowanie wszystkich ruchomych cz\u0119\u015bci<\/li>\n<li>Wymiana zu\u017cytych lub uszkodzonych uszczelek<\/li>\n<li>Kontrole kalibracji w celu zapewnienia prawid\u0142owego dzia\u0142ania<\/li>\n<\/ul>\n<p><img decoding=\"async\" src=\"https:\/\/www.hydraulic-cylinders.net\/wp-content\/uploads\/2025\/01\/songte-chushion-collar.webp\" alt=\"Cz\u0119\u015bci cylindra \u0142y\u017cki\"><\/p>\n<h2>Zagadnienia bezpiecze\u0144stwa i czynniki \u015brodowiskowe<\/h2>\n<p>Podczas u\u017cytkowania cylindra \u0142y\u017cki nale\u017cy bezwzgl\u0119dnie przestrzega\u0107 wszelkich \u015brodk\u00f3w ostro\u017cno\u015bci, aby zapewni\u0107 bezpiecze\u0144stwo operatora i sprz\u0119tu. Prawid\u0142owa utylizacja oleju hydraulicznego jest r\u00f3wnie\u017c konieczna, aby zapobiec zanieczyszczeniu \u015brodowiska.<\/p>\n<h2>Typowe problemy i rozwi\u0105zywanie problem\u00f3w<\/h2>\n<p>Do typowych problem\u00f3w z si\u0142ownikiem \u0142y\u017cki nale\u017c\u0105 wycieki oleju, niewystarczaj\u0105ca si\u0142a i nietypowe d\u017awi\u0119ki. Rozwi\u0105zywanie problem\u00f3w polega na zidentyfikowaniu \u017ar\u00f3d\u0142a problemu i ustaleniu odpowiednich procedur naprawy lub wymiany.<\/p>\n<h2>O naszej firmie<\/h2>\n<p>Jeste\u015bmy producentem zamiennych cylindr\u00f3w hydraulicznych, oferuj\u0105cym pe\u0142n\u0105 gam\u0119 produkt\u00f3w i stali\u015bmy si\u0119 jednym z wiod\u0105cych producent\u00f3w i hurtownik\u00f3w cylindr\u00f3w hydraulicznych na rynku krajowym i mi\u0119dzynarodowym. Przestrzegamy zasady doskona\u0142ej jako\u015bci i opieramy si\u0119 na strategii zarz\u0105dzania produkcj\u0105 przemys\u0142ow\u0105 w wyspecjalizowanych warsztatach produkcyjnych. Stale udoskonalamy platform\u0119 produkcyjn\u0105 warsztatu, doskonalimy proces produkcji i posiadamy silne zdolno\u015bci kreatywne, aby sprosta\u0107 zr\u00f3\u017cnicowanym potrzebom klient\u00f3w, zapewniaj\u0105c wysok\u0105 wydajno\u015b\u0107, precyzj\u0119 i przestrzegaj\u0105c rygorystycznych zasad jako\u015bci.<\/p>\n<h3>Nasze mocne strony<\/h3>\n<ul>\n<li>\n<h4>Profesjonalizm<\/h4>\n<p>Posiadamy zesp\u00f3\u0142 profesjonalist\u00f3w, kt\u00f3rzy maj\u0105 do\u015bwiadczenie w produkcji i sprzeda\u017cy cylindr\u00f3w hydraulicznych.<\/p>\n<\/li>\n<li>\n<h4>Mi\u0119dzynarodowa Certyfikacja<\/h4>\n<p>Nasze produkty posiadaj\u0105 mi\u0119dzynarodowe certyfikaty, takie jak ISO9001, CE i ROHS.<\/p>\n<\/li>\n<li>\n<h4>Us\u0142ugi personalizacji<\/h4>\n<p>Oferujemy us\u0142ugi dostosowane do indywidualnych potrzeb naszych klient\u00f3w.<\/p>\n<\/li>\n<li>\n<h4>Sprz\u0119t produkcyjny<\/h4>\n<p>Aby zagwarantowa\u0107 wysok\u0105 jako\u015b\u0107 naszych produkt\u00f3w, u\u017cywamy najnowocze\u015bniejszego sprz\u0119tu produkcyjnego.<\/p>\n<\/li>\n<li>\n<h4>Us\u0142ugi posprzeda\u017cowe<\/h4>\n<p>Zapewniamy kompleksow\u0105 obs\u0142ug\u0119 posprzeda\u017cow\u0105, obejmuj\u0105c\u0105 konserwacj\u0119, naprawy i wymian\u0119 produkt\u00f3w.<\/p>\n<\/li>\n<\/ul>\n<p><img decoding=\"async\" src=\"https:\/\/hzpt.com\/wp-content\/uploads\/2024\/11\/songte-company-1.webp\" alt=\"Firma\"><\/p>\n<p>Autor: lyl<\/p>","protected":false},"excerpt":{"rendered":"<p>Bucket Cylinder For Yanmar VI35-6B Introduction The bucket cylinder for Yanmar VI35-6B is a specialized hydraulic cylinder primarily used to control the movement of the bucket in heavy machinery such as excavators, backhoe excavators, and front-end loaders. Its main function is to enable the bucket to lift, lower, and tilt, making it easier to handle [&hellip;]<\/p>","protected":false},"featured_media":14765,"comment_status":"open","ping_status":"closed","template":"","meta":{"_et_pb_use_builder":"","_et_pb_old_content":"","_et_gb_content_width":""},"product_brand":[],"product_cat":[1494],"product_tag":[1495,1496],"class_list":{"0":"post-15834","1":"product","2":"type-product","3":"status-publish","4":"has-post-thumbnail","6":"product_cat-bucket-cylinders","7":"product_tag-bucket-cylinders","8":"product_tag-hydraulic-cylinders","10":"first","11":"instock","12":"shipping-taxable","13":"product-type-simple"},"amp_enabled":true,"_links":{"self":[{"href":"https:\/\/www.hydraulic-cylinders.net\/pl\/wp-json\/wp\/v2\/product\/15834","targetHints":{"allow":["GET"]}}],"collection":[{"href":"https:\/\/www.hydraulic-cylinders.net\/pl\/wp-json\/wp\/v2\/product"}],"about":[{"href":"https:\/\/www.hydraulic-cylinders.net\/pl\/wp-json\/wp\/v2\/types\/product"}],"replies":[{"embeddable":true,"href":"https:\/\/www.hydraulic-cylinders.net\/pl\/wp-json\/wp\/v2\/comments?post=15834"}],"wp:featuredmedia":[{"embeddable":true,"href":"https:\/\/www.hydraulic-cylinders.net\/pl\/wp-json\/wp\/v2\/media\/14765"}],"wp:attachment":[{"href":"https:\/\/www.hydraulic-cylinders.net\/pl\/wp-json\/wp\/v2\/media?parent=15834"}],"wp:term":[{"taxonomy":"product_brand","embeddable":true,"href":"https:\/\/www.hydraulic-cylinders.net\/pl\/wp-json\/wp\/v2\/product_brand?post=15834"},{"taxonomy":"product_cat","embeddable":true,"href":"https:\/\/www.hydraulic-cylinders.net\/pl\/wp-json\/wp\/v2\/product_cat?post=15834"},{"taxonomy":"product_tag","embeddable":true,"href":"https:\/\/www.hydraulic-cylinders.net\/pl\/wp-json\/wp\/v2\/product_tag?post=15834"}],"curies":[{"name":"wp","href":"https:\/\/api.w.org\/{rel}","templated":true}]}}