{"id":15836,"date":"2025-01-19T15:03:08","date_gmt":"2025-01-19T15:03:08","guid":{"rendered":"https:\/\/www.hydraulic-cylinders.net\/product\/bucket-cylinder-for-yanmar-sv025-6\/"},"modified":"2025-01-19T15:03:10","modified_gmt":"2025-01-19T15:03:10","slug":"bucket-cylinder-for-yanmar-sv025-6","status":"publish","type":"product","link":"https:\/\/www.hydraulic-cylinders.net\/pl\/produkt\/bucket-cylinder-for-yanmar-sv025-6\/","title":{"rendered":"Si\u0142ownik \u0142y\u017cki do Yanmar SV025-6"},"content":{"rendered":"<h1>Si\u0142ownik \u0142y\u017cki do Yanmar SV025-6<\/h1>\n<h2>Wst\u0119p<\/h2>\n<p>Si\u0142ownik \u0142y\u017cki do Yanmar SV025-6 to specjalnie zaprojektowany si\u0142ownik hydrauliczny s\u0142u\u017c\u0105cy do sterowania ruchem \u0142y\u017cki w ci\u0119\u017ckich maszynach, takich jak koparki, koparko-\u0142adowarki i \u0142adowarki czo\u0142owe. Jego g\u0142\u00f3wn\u0105 funkcj\u0105 jest podnoszenie, opuszczanie i przechylanie \u0142y\u017cki, u\u0142atwiaj\u0105c wykonywanie r\u00f3\u017cnych zada\u0144 zwi\u0105zanych z prze\u0142adunkiem materia\u0142\u00f3w. W uk\u0142adzie hydraulicznym si\u0142ownik \u0142y\u017cki zapewnia precyzyjn\u0105 kontrol\u0119 nad \u0142y\u017ck\u0105 poprzez zmiany ci\u015bnienia oleju hydraulicznego, umo\u017cliwiaj\u0105c operatorom wydajne przenoszenie ci\u0119\u017ckich \u0142adunk\u00f3w i dostosowywanie si\u0119 do z\u0142o\u017conych warunk\u00f3w pracy oraz zr\u00f3\u017cnicowanych wymaga\u0144 operacyjnych.<\/p>\n<p><img decoding=\"async\" src=\"https:\/\/www.hydraulic-cylinders.net\/wp-content\/uploads\/2025\/01\/songte-company-2.webp\"><\/p>\n<h2>Cechy produktu<\/h2>\n<ul>\n<li>\n<h3>Wysoka wytrzyma\u0142o\u015b\u0107 i trwa\u0142o\u015b\u0107<\/h3>\n<p>Cylinder czerpakowy jest zazwyczaj wykonany z wysokowytrzyma\u0142ej stali lub aluminium, co pozwala na wytrzymywanie wysokich ci\u015bnie\u0144 i du\u017cych obci\u0105\u017ce\u0144. Zosta\u0142 zaprojektowany z my\u015bl\u0105 o odporno\u015bci na zu\u017cycie i korozj\u0119, co wyd\u0142u\u017ca jego \u017cywotno\u015b\u0107.<\/p>\n<\/li>\n<li>\n<h3>Wydajna praca hydrauliczna<\/h3>\n<p>Si\u0142ownik czerpakowy wykorzystuje ci\u015bnienie oleju hydraulicznego, aby zapewni\u0107 p\u0142ynne rozszerzanie i kurczenie, mo\u017ce szybko reagowa\u0107 na polecenia steruj\u0105ce i zapewnia\u0107 du\u017ce si\u0142y pchaj\u0105ce i ci\u0105gn\u0105ce, odpowiednie do przenoszenia ci\u0119\u017ckich \u0142adunk\u00f3w i skomplikowanych zada\u0144 operacyjnych.<\/p>\n<\/li>\n<li>\n<h3>R\u00f3\u017cne typy<\/h3>\n<p>Si\u0142ownik czerpakowy mo\u017ce by\u0107 jednostronnego dzia\u0142ania (hydraulika dzia\u0142a tylko w jednym kierunku) lub dwustronnego dzia\u0142ania (hydraulika dzia\u0142a w obu kierunkach), w zale\u017cno\u015bci od potrzeb i wymaga\u0144 operacyjnych. Niekt\u00f3re modele s\u0105 teleskopowe, co pozwala na wi\u0119ksze wysuni\u0119cie bez zwi\u0119kszania wymiar\u00f3w zewn\u0119trznych, co jest przydatne w zastosowaniach o ograniczonej przestrzeni.<\/p>\n<\/li>\n<li>\n<h3>Idealny zamiennik<\/h3>\n<p>Nasz produkt mo\u017ce doskonale zast\u0105pi\u0107 tego typu si\u0142owniki hydrauliczne. <\/p>\n<\/li>\n<\/ul>\n<p><img decoding=\"async\" src=\"https:\/\/www.hydraulic-cylinders.net\/wp-content\/uploads\/2025\/01\/songte-cylinder-head-with-all-kinds-excavator-models.webp\"><\/p>\n<h2>Zastosowanie<\/h2>\n<p>Si\u0142ownik czerpakowy jest szeroko stosowany w r\u00f3\u017cnych maszynach ci\u0119\u017ckich, takich jak:<\/p>\n<ul>\n<li>\n<h3>Sprz\u0119t budowlany<\/h3>\n<p>W koparkach s\u0105 one niezb\u0119dne do kopania, za\u0142adunku i przemieszczania gleby lub gruzu. W koparko-\u0142adowarkach si\u0142ownik \u0142y\u017cki pomaga zar\u00f3wno w kopaniu, jak i podnoszeniu. <\/p>\n<\/li>\n<li>\n<h3>Maszyny rolnicze<\/h3>\n<p>Stosowany w \u0142adowarkach czo\u0142owych do nabierania, podnoszenia i transportu gleby, siana i innych materia\u0142\u00f3w. W koparkach si\u0142ownik \u0142y\u017cki umo\u017cliwia kopanie, umo\u017cliwiaj\u0105c \u0142y\u017cce zag\u0142\u0119bianie si\u0119 w gleb\u0119. W \u0142adowarkach czo\u0142owych si\u0142ownik ten pomaga w efektywnym podnoszeniu i przechylaniu \u0142adunk\u00f3w.<\/p>\n<\/li>\n<\/ul>\n<h2>Zagadnienia projektowe i kryteria wyboru<\/h2>\n<p>Przy wyborze cylindra kube\u0142kowego nale\u017cy wzi\u0105\u0107 pod uwag\u0119 nast\u0119puj\u0105ce kwestie konstrukcyjne i kryteria wyboru:<\/p>\n<ul>\n<li>\n<h3>No\u015bno\u015b\u0107<\/h3>\n<p>Si\u0142ownik \u0142y\u017cki musi by\u0107 w stanie wytrzyma\u0107 ci\u0119\u017car przenoszonego materia\u0142u i ci\u015bnienie uk\u0142adu hydraulicznego.<\/p>\n<\/li>\n<li>\n<h3>Uszczelnienie i trwa\u0142o\u015b\u0107<\/h3>\n<p>Cylinder \u0142y\u017cki musi by\u0107 szczelnie zamkni\u0119ty, aby zapobiec wyciekom p\u0142ynu hydraulicznego. Korpus cylindra, t\u0142ok i powierzchnia t\u0142oczyska powinny by\u0107 precyzyjnie obrobione, aby zwi\u0119kszy\u0107 odporno\u015b\u0107 na zu\u017cycie. <\/p>\n<\/li>\n<li>\n<h3>Bezpiecze\u0144stwo i konserwacja<\/h3>\n<p>Aby zapewni\u0107 bezpieczne i wydajne dzia\u0142anie si\u0142ownika \u0142y\u017cki, nale\u017cy go prawid\u0142owo zamontowa\u0107. Regularna konserwacja jest niezb\u0119dna, aby utrzyma\u0107 go w dobrym stanie, a wszelkie zu\u017cyte lub uszkodzone cz\u0119\u015bci nale\u017cy terminowo wymienia\u0107.<\/p>\n<\/li>\n<\/ul>\n<p><img decoding=\"async\" src=\"https:\/\/www.hydraulic-cylinders.net\/wp-content\/uploads\/2025\/01\/songte-oil-pipes-and-spare-parts.webp\"><\/p>\n<h2>Uszczelnianie i smarowanie<\/h2>\n<p>W si\u0142owniku czerpakowym zastosowano r\u00f3\u017cnorodne uszczelnienia, takie jak uszczelnienia t\u0142oka, uszczelnienia t\u0142oczyska itp., wykonane z materia\u0142\u00f3w odpornych na zu\u017cycie, takich jak poliuretan i kauczuk nitrylowy, aby zapewni\u0107 szczelno\u015b\u0107. Korpus si\u0142ownika i powierzchnia t\u0142oczyska s\u0105 precyzyjnie obrabiane w celu zwi\u0119kszenia odporno\u015bci na zu\u017cycie. Regularne smarowanie odpowiedni\u0105 ilo\u015bci\u0105 oleju hydraulicznego pomaga utrzyma\u0107 wydajno\u015b\u0107 si\u0142ownika czerpakowego.<\/p>\n<h2>Inspekcja i konserwacja zapobiegawcza<\/h2>\n<p>Regularne przegl\u0105dy i konserwacja zapobiegawcza mog\u0105 pom\u00f3c wyd\u0142u\u017cy\u0107 \u017cywotno\u015b\u0107 cylindra \u0142y\u017cki. Poni\u017cej przedstawiono typowe czynno\u015bci konserwacyjne:<\/p>\n<ul>\n<li>\n<h3>Regularna kontrola<\/h3>\n<p>Kontrola korpusu cylindra, t\u0142oka i pr\u0119ta pod k\u0105tem zu\u017cycia i uszkodze\u0144.<\/p>\n<\/li>\n<li>\n<h3>Smarowanie<\/h3>\n<p>Dodanie odpowiedniej ilo\u015bci oleju hydraulicznego w celu nasmarowania cylindra.<\/p>\n<\/li>\n<li>\n<h3>Wymiana uszczelki<\/h3>\n<p>Wymiana zu\u017cytych lub uszkodzonych uszczelek w celu zapewnienia szczelno\u015bci.<\/p>\n<\/li>\n<li>\n<h3>Kontrola kalibracji<\/h3>\n<p>Sprawdzanie kalibracji ci\u015bnienia w celu zapewnienia dok\u0142adnej kontroli ci\u015bnienia.<\/p>\n<\/li>\n<\/ul>\n<p>Prawid\u0142owy monta\u017c, smarowanie i regulacja maj\u0105 kluczowe znaczenie dla wydajno\u015bci si\u0142ownika czerpakowego. Podczas monta\u017cu nale\u017cy upewni\u0107 si\u0119, \u017ce si\u0142ownik jest prawid\u0142owo ustawiony i zabezpieczony za pomoc\u0105 odpowiednich wspornik\u00f3w monta\u017cowych. Zalecamy sprawdzenie, napraw\u0119 i wymian\u0119 cz\u0119\u015bci oraz skorzystanie z us\u0142ug regeneracji w celu wyd\u0142u\u017cenia \u017cywotno\u015bci si\u0142ownika czerpakowego.<\/p>\n<p><img decoding=\"async\" src=\"https:\/\/www.hydraulic-cylinders.net\/wp-content\/uploads\/2025\/01\/songte-chushion-collar.webp\"><\/p>\n<h2>Bezpiecze\u0144stwo i wzgl\u0119dy \u015brodowiskowe<\/h2>\n<p>Podczas u\u017cytkowania cylindra czerpakowego nale\u017cy podj\u0105\u0107 odpowiednie \u015brodki bezpiecze\u0144stwa, aby unikn\u0105\u0107 obra\u017ce\u0144 personelu lub uszkodzenia sprz\u0119tu. Prawid\u0142owa utylizacja p\u0142yn\u00f3w hydraulicznych i innych materia\u0142\u00f3w jest niezb\u0119dna dla ochrony \u015brodowiska.<\/p>\n<h2>Typowa diagnostyka usterek i ich rozwi\u0105zania<\/h2>\n<p>Do typowych usterek si\u0142ownika \u0142y\u017cki nale\u017c\u0105 wycieki p\u0142ynu hydraulicznego, niewystarczaj\u0105ca si\u0142a wyj\u015bciowa i niestabilna praca. Poni\u017cej znajduje si\u0119 kilka wskaz\u00f3wek i rozwi\u0105za\u0144:<\/p>\n<ul>\n<li>\n<h3>Wyciek p\u0142ynu hydraulicznego<\/h3>\n<p>Sprawd\u017a uszczelk\u0119 i wymie\u0144 j\u0105 w razie potrzeby. Sprawd\u017a, czy nie ma zarysowa\u0144 ani innych uszkodze\u0144 korpusu cylindra lub t\u0142oka i t\u0142oczyska. W razie potrzeby wyreguluj kalibracj\u0119. <\/p>\n<\/li>\n<li>\n<h3>Niewystarczaj\u0105ca si\u0142a wyj\u015bciowa<\/h3>\n<p>Sprawd\u017a, czy ci\u015bnienie w uk\u0142adzie hydraulicznym jest prawid\u0142owe. Sprawd\u017a no\u015bno\u015b\u0107 cylindra i w razie potrzeby wyreguluj j\u0105 lub wymie\u0144. <\/p>\n<\/li>\n<li>\n<h3>Niestabilna praca<\/h3>\n<p>Sprawd\u017a kalibracj\u0119 i w razie potrzeby wyreguluj j\u0105. Sprawd\u017a ci\u015bnienie w uk\u0142adzie hydraulicznym i w razie potrzeby wyreguluj je.<\/p>\n<\/li>\n<\/ul>\n<p>\u015arodki zapobiegawcze, takie jak regularne kontrole, mog\u0105 pom\u00f3c unikn\u0105\u0107 tych problem\u00f3w i zagwarantowa\u0107 niezawodn\u0105 prac\u0119 cylindra \u0142y\u017cki.<\/p>\n<p><img decoding=\"async\" src=\"https:\/\/www.hydraulic-cylinders.net\/wp-content\/uploads\/2025\/01\/songte-bushings-with-all-kinds-of-excavator-models.webp\"><\/p>\n<h2>O naszej firmie<\/h2>\n<p>Jeste\u015bmy producentem zamiennik\u00f3w si\u0142ownik\u00f3w hydraulicznych, oferuj\u0105cym pe\u0142n\u0105 gam\u0119 produkt\u00f3w, staj\u0105c si\u0119 jednym z wiod\u0105cych producent\u00f3w i hurtowych dystrybutor\u00f3w si\u0142ownik\u00f3w hydraulicznych na rynku krajowym i zagranicznym. Kierujemy si\u0119 zasad\u0105 doskona\u0142o\u015bci jako\u015bci i opieramy si\u0119 na zindustrializowanych strategiach zarz\u0105dzania produkcj\u0105 w zaawansowanych warsztatach produkcyjnych. Nasza firma stale udoskonala platform\u0119 produkcyjn\u0105, doskonali proces produkcji i posiada silne zdolno\u015bci kreatywne, aby sprosta\u0107 zr\u00f3\u017cnicowanym potrzebom klient\u00f3w, zapewniaj\u0105c wysok\u0105 wydajno\u015b\u0107, precyzj\u0119 i jako\u015b\u0107.<\/p>\n<h3>Profesjonalizm<\/h3>\n<p>Nasz zesp\u00f3\u0142 sk\u0142ada si\u0119 z do\u015bwiadczonych specjalist\u00f3w w bran\u017cy cylindr\u00f3w hydraulicznych, od projektowania, przez produkcj\u0119, po testowanie i serwis posprzeda\u017cowy. Posiadamy dog\u0142\u0119bn\u0105 wiedz\u0119 na temat dzia\u0142ania cylindr\u00f3w hydraulicznych i zapewniamy klientom profesjonaln\u0105 i sprawn\u0105 obs\u0142ug\u0119.<\/p>\n<h3>Mi\u0119dzynarodowa Certyfikacja<\/h3>\n<p>Nasze produkty uzyska\u0142y mi\u0119dzynarodowe certyfikaty jako\u015bci, w tym ISO 9001 i CE, co gwarantuje, \u017ce jako\u015b\u0107 naszych produkt\u00f3w spe\u0142nia mi\u0119dzynarodowe standardy.<\/p>\n<h3>Us\u0142ugi dostosowane do indywidualnych potrzeb<\/h3>\n<p>Oferujemy us\u0142ugi dostosowane do indywidualnych potrzeb klient\u00f3w, np. niestandardowe typy i rozmiary cylindr\u00f3w, aby sprosta\u0107 ich wyj\u0105tkowym wymaganiom.<\/p>\n<h3>Zaawansowany sprz\u0119t produkcyjny<\/h3>\n<p>Nasza firma dysponuje zaawansowanym sprz\u0119tem produkcyjnym, obejmuj\u0105cym centrum obr\u00f3bcze CNC, tokark\u0119 CNC i inny cyfrowy sprz\u0119t produkcyjny najwy\u017cszej klasy, co gwarantuje dok\u0142adno\u015b\u0107 i precyzj\u0119 ka\u017cdego cylindra hydraulicznego.<\/p>\n<h3>Serwis posprzeda\u017cowy<\/h3>\n<p>Zapewniamy kompleksowy serwis posprzeda\u017cowy, obejmuj\u0105cy instalacj\u0119 produktu, wsparcie techniczne i us\u0142ugi konserwacyjne, dzi\u0119ki czemu nasze si\u0142owniki hydrauliczne dzia\u0142aj\u0105 wydajnie i niezawodnie przez jak najd\u0142u\u017cszy czas.<\/p>\n<p><img decoding=\"async\" src=\"https:\/\/hzpt.com\/wp-content\/uploads\/2024\/11\/songte-company-1.webp\"><\/p>\n<p>Autor: lyl<\/p>","protected":false},"excerpt":{"rendered":"<p>Bucket Cylinder For Yanmar SV025-6 Introduction The bucket cylinder for Yanmar SV025-6 is a specially designed hydraulic cylinder used to control the movement of the bucket in heavy machinery such as excavators, backhoe excavators, and front-end loaders. Its main function is to allow the bucket to lift, lower, and tilt, making it easier to handle [&hellip;]<\/p>","protected":false},"featured_media":14761,"comment_status":"open","ping_status":"closed","template":"","meta":{"_et_pb_use_builder":"","_et_pb_old_content":"","_et_gb_content_width":""},"product_brand":[],"product_cat":[1494],"product_tag":[1495,1496],"class_list":{"0":"post-15836","1":"product","2":"type-product","3":"status-publish","4":"has-post-thumbnail","6":"product_cat-bucket-cylinders","7":"product_tag-bucket-cylinders","8":"product_tag-hydraulic-cylinders","10":"first","11":"instock","12":"shipping-taxable","13":"product-type-simple"},"amp_enabled":true,"_links":{"self":[{"href":"https:\/\/www.hydraulic-cylinders.net\/pl\/wp-json\/wp\/v2\/product\/15836","targetHints":{"allow":["GET"]}}],"collection":[{"href":"https:\/\/www.hydraulic-cylinders.net\/pl\/wp-json\/wp\/v2\/product"}],"about":[{"href":"https:\/\/www.hydraulic-cylinders.net\/pl\/wp-json\/wp\/v2\/types\/product"}],"replies":[{"embeddable":true,"href":"https:\/\/www.hydraulic-cylinders.net\/pl\/wp-json\/wp\/v2\/comments?post=15836"}],"wp:featuredmedia":[{"embeddable":true,"href":"https:\/\/www.hydraulic-cylinders.net\/pl\/wp-json\/wp\/v2\/media\/14761"}],"wp:attachment":[{"href":"https:\/\/www.hydraulic-cylinders.net\/pl\/wp-json\/wp\/v2\/media?parent=15836"}],"wp:term":[{"taxonomy":"product_brand","embeddable":true,"href":"https:\/\/www.hydraulic-cylinders.net\/pl\/wp-json\/wp\/v2\/product_brand?post=15836"},{"taxonomy":"product_cat","embeddable":true,"href":"https:\/\/www.hydraulic-cylinders.net\/pl\/wp-json\/wp\/v2\/product_cat?post=15836"},{"taxonomy":"product_tag","embeddable":true,"href":"https:\/\/www.hydraulic-cylinders.net\/pl\/wp-json\/wp\/v2\/product_tag?post=15836"}],"curies":[{"name":"wp","href":"https:\/\/api.w.org\/{rel}","templated":true}]}}